{"id":7070,"date":"2024-05-07T00:58:38","date_gmt":"2024-05-07T00:58:38","guid":{"rendered":"https:\/\/glassbottlesmanufacturer.com\/?page_id=7070"},"modified":"2025-02-18T08:31:33","modified_gmt":"2025-02-18T08:31:33","slug":"masgeschneiderte-dienstleistungen","status":"publish","type":"page","link":"https:\/\/glassbottlesmanufacturer.com\/de\/masgeschneiderte-dienstleistungen\/","title":{"rendered":"Dienstleistungen"},"content":{"rendered":"<div class=\"wpb-content-wrapper\"><div class=\"vc_row wpb_row vc_row-fluid vc_custom_1633380719894 vc_row-o-equal-height vc_row-o-content-middle vc_row-flex\"><div class=\"wpb_column vc_column_container vc_col-sm-8\"><div class=\"vc_column-inner\"><div class=\"wpb_wrapper\"><style>.vcex-heading.vcex_69d299dac84a7{color:#546181;font-size:42px;font-family:system-ui, -apple-system, BlinkMacSystemFont, \"Segoe UI\", Roboto, \"Helvetica Neue\", Arial, \"Noto Sans\", sans-serif, \"Apple Color Emoji\", \"Segoe UI Emoji\", \"Segoe UI Symbol\", \"Noto Color Emoji\";font-weight:800;}<\/style><div class=\"vcex-heading vcex-heading-plain vcex-module wpex-heading wpex-text-2xl vcex_69d299dac84a7\"><span class=\"vcex-heading-inner wpex-inline-block\">Ma\u00dfgeschneiderte L\u00f6sungen f\u00fcr Ihr Unternehmen<\/span><\/div><div class=\"vcex-spacing wpex-w-100 wpex-clear\" style=\"height:25px;\"><\/div>\n\t<div style=\"color:#3f4a67;font-size:16px;\" class=\"wpb_text_column has-custom-color wpex-child-inherit-color wpb_content_element\" >\n\t\t<div class=\"wpb_wrapper\">\n\t\t\t<p>Mit einem robusten Forschungs- und Entwicklungsteam von \u00fcber 80 qualifizierten Fachleuten decken wir ein breites Spektrum an Spezialisierungen in den Bereichen Materialwissenschaft und Technik ab. Wir sind bestrebt, nur die vorbildlichsten Produkte und Dienstleistungen zu liefern, die genau auf die unterschiedlichen Anforderungen unserer Kunden zugeschnitten sind. Durch diesen engagierten, integrierten Ansatz erreichen wir Spitzenleistungen und steigern die Kundenzufriedenheit.<\/p>\n\n\t\t<\/div>\n\t<\/div>\n<div class=\"vcex-spacing wpex-w-100 wpex-clear\" style=\"height:40px;\"><\/div><style>.vcex-button.vcex_69d299daca34d{background:#01b2a8;padding-block:15px;padding-inline:30px;font-size:16px;font-weight:400;}.vcex-button.vcex_69d299daca34d:hover{background:#4eb331!important;}<\/style><a href=\"https:\/\/glassbottlesmanufacturer.com\/de\/kontakt\/\" class=\"vcex-button theme-button inline vcex_69d299daca34d\"><span class=\"vcex-button-inner theme-button-inner wpex-flex wpex-flex-wrap wpex-items-center wpex-justify-center\">Angebot anfordern<span class=\"vcex-button-icon vcex-icon-wrap theme-button-icon-right\"><span aria-hidden=\"true\" class=\"fas fa-angle-double-right\"><\/span><\/span><\/span><\/a> <div class=\"vcex-spacing wpex-w-100 wpex-clear\" style=\"height:45px;\"><\/div><style>.vcex-list_item.vcex_69d299dacb021{color:#3f4a67;font-size:15px;}.vcex-list_item.vcex_69d299dacb021 .vcex-list-item-icon-inner{color:#8599cd;font-size:1.2em;}<\/style><div class=\"vcex-list_item vcex-module wpex-m-0 wpex-max-w-100 wpex-mb-15 vcex_69d299dacb021\"><div class=\"vcex-list-item-inner wpex-inline-flex wpex-flex-no-wrap wpex-items-center\"><div class=\"vcex-list-item-icon wpex-mr-10\"><div class=\"vcex-list-item-icon-inner vcex-icon-wrap wpex-inline-flex wpex-justify-center wpex-items-center wpex-leading-none wpex-child-inherit-color\"><span class=\"wpex-icon--w far fa-check-circle\" aria-hidden=\"true\"><\/span><\/div><\/div><div class=\"vcex-list-item-text vcex-content wpex-flex-grow\">5-Sterne-Kundenbewertung<\/div><\/div><\/div><style>.vcex-list_item.vcex_69d299dacb99c{color:#3f4a67;font-size:15px;}.vcex-list_item.vcex_69d299dacb99c .vcex-list-item-icon-inner{color:#8599cd;font-size:1.2em;}<\/style><div class=\"vcex-list_item vcex-module wpex-m-0 wpex-max-w-100 wpex-mb-15 vcex_69d299dacb99c\"><div class=\"vcex-list-item-inner wpex-inline-flex wpex-flex-no-wrap wpex-items-center\"><div class=\"vcex-list-item-icon wpex-mr-10\"><div class=\"vcex-list-item-icon-inner vcex-icon-wrap wpex-inline-flex wpex-justify-center wpex-items-center wpex-leading-none wpex-child-inherit-color\"><span class=\"wpex-icon--w far fa-check-circle\" aria-hidden=\"true\"><\/span><\/div><\/div><div class=\"vcex-list-item-text vcex-content wpex-flex-grow\">24 Stunden Verf\u00fcgbarkeit an Wochentagen<\/div><\/div><\/div><style>.vcex-list_item.vcex_69d299dacc379{color:#3f4a67;font-size:15px;}.vcex-list_item.vcex_69d299dacc379 .vcex-list-item-icon-inner{color:#8599cd;font-size:1.2em;}<\/style><div class=\"vcex-list_item vcex-module wpex-m-0 wpex-max-w-100 wpex-mb-15 vcex_69d299dacc379\"><div class=\"vcex-list-item-inner wpex-inline-flex wpex-flex-no-wrap wpex-items-center\"><div class=\"vcex-list-item-icon wpex-mr-10\"><div class=\"vcex-list-item-icon-inner vcex-icon-wrap wpex-inline-flex wpex-justify-center wpex-items-center wpex-leading-none wpex-child-inherit-color\"><span class=\"wpex-icon--w far fa-check-circle\" aria-hidden=\"true\"><\/span><\/div><\/div><div class=\"vcex-list-item-text vcex-content wpex-flex-grow\">100% Zufriedenheitsgarantie<\/div><\/div><\/div><\/div><\/div><\/div><div class=\"wpb_column vc_column_container vc_col-sm-4\"><div class=\"vc_column-inner\"><div class=\"wpb_wrapper\"><figure class=\"vcex-image vcex-module wpex-text-center\"><div class=\"vcex-image-inner wpex-relative wpex-inline-block\"><img width=\"2560\" height=\"2560\" src=\"https:\/\/glassbottlesmanufacturer.com\/wp-content\/uploads\/2024\/05\/IMG_26291-scaled.webp\" class=\"vcex-image-img wpex-align-middle\" alt=\"\" loading=\"lazy\" decoding=\"async\" srcset=\"https:\/\/glassbottlesmanufacturer.com\/wp-content\/uploads\/2024\/05\/IMG_26291-scaled.webp 2560w, https:\/\/glassbottlesmanufacturer.com\/wp-content\/uploads\/2024\/05\/IMG_26291-300x300.webp 300w, https:\/\/glassbottlesmanufacturer.com\/wp-content\/uploads\/2024\/05\/IMG_26291-1024x1024.webp 1024w, https:\/\/glassbottlesmanufacturer.com\/wp-content\/uploads\/2024\/05\/IMG_26291-scaled-150x150.webp 150w, https:\/\/glassbottlesmanufacturer.com\/wp-content\/uploads\/2024\/05\/IMG_26291-768x768.webp 768w, https:\/\/glassbottlesmanufacturer.com\/wp-content\/uploads\/2024\/05\/IMG_26291-1536x1536.webp 1536w, https:\/\/glassbottlesmanufacturer.com\/wp-content\/uploads\/2024\/05\/IMG_26291-2048x2048.webp 2048w, https:\/\/glassbottlesmanufacturer.com\/wp-content\/uploads\/2024\/05\/IMG_26291-600x600.webp 600w, https:\/\/glassbottlesmanufacturer.com\/wp-content\/uploads\/2024\/05\/IMG_26291-100x100.webp 100w\" sizes=\"auto, (max-width: 2560px) 100vw, 2560px\" \/><\/div><\/figure><\/div><\/div><\/div><\/div><div class=\"vc_row wpb_row vc_row-fluid vc_custom_1715587426345 wpex-vc_row-has-fill no-bottom-margins wpex-vc-reset-negative-margin\"><div class=\"wpb_column vc_column_container vc_col-sm-12\"><div class=\"vc_column-inner\"><div class=\"wpb_wrapper\"><style>.vcex-heading.vcex_69d299dacdf00{color:#4c4c4c;font-size:40px;font-family:system-ui, -apple-system, BlinkMacSystemFont, \"Segoe UI\", Roboto, \"Helvetica Neue\", Arial, \"Noto Sans\", sans-serif, \"Apple Color Emoji\", \"Segoe UI Emoji\", \"Segoe UI Symbol\", \"Noto Color Emoji\";font-weight:800;}<\/style><div class=\"vcex-heading vcex-heading-plain vcex-module wpex-heading wpex-text-2xl wpex-text-center vcex_69d299dacdf00\"><span class=\"vcex-heading-inner wpex-inline-block\">Unsere Dienstleistungen &amp; Merkmale<\/span><\/div><div class=\"vcex-spacing wpex-w-100 wpex-clear\" style=\"height:20px;\"><\/div>\n\t<div style=\"text-align:center;width:1100px;\" class=\"wpb_text_column wpex-max-w-100 wpex-mx-auto wpb_content_element\" >\n\t\t<div class=\"wpb_wrapper\">\n\t\t\t<p><a href=\"https:\/\/glassbottlesmanufacturer.com\/de\/kontakt\/\" target=\"_blank\" rel=\"noopener\"><span class=\"wpex-text-lg\">Full-Spectrum Support Vom Konzept bis zur Auslieferung bieten wir Full-Service-L\u00f6sungen. Unsere Experten begleiten Sie durch Design, Prototyping, Produktion und Logistik. Kontaktieren Sie uns f\u00fcr ein Beratungsgespr\u00e4ch und beginnen Sie Ihre Reise zu einem unvergleichlichen Abf\u00fcllerlebnis.<\/span><\/a><\/p>\n\n\t\t<\/div>\n\t<\/div>\n<\/div><\/div><\/div><\/div><div class=\"vc_row wpb_row vc_row-fluid vc_custom_1715587453164 wpex-vc_row-has-fill wpex-vc-reset-negative-margin\"><div class=\"wpb_column vc_column_container vc_col-sm-12\"><div class=\"vc_column-inner\"><div class=\"wpb_wrapper\"><div class=\"vcex-spacing wpex-w-100 wpex-clear\" style=\"height:50px;\"><\/div><style>.vcex-heading.vcex_69d299dacf0c7{color:#4c4c4c;font-size:30px;font-family:system-ui, -apple-system, BlinkMacSystemFont, \"Segoe UI\", Roboto, \"Helvetica Neue\", Arial, \"Noto Sans\", sans-serif, \"Apple Color Emoji\", \"Segoe UI Emoji\", \"Segoe UI Symbol\", \"Noto Color Emoji\";font-weight:800;}.vcex-heading.vcex_69d299dacf0c7:hover{color:#01b2a8;}<\/style><div class=\"vcex-heading vcex-heading-plain vcex-module wpex-heading wpex-text-2xl wpex-text-center vcex_69d299dacf0c7\"><span class=\"vcex-heading-inner wpex-inline-block\">Verpackungsdesign<\/span><\/div><figure class=\"vcex-image vcex-module wpex-text-center\"><div class=\"vcex-image-inner wpex-relative wpex-inline-block hvr hvr-shadow vc_custom_1739867487430\"><a href=\"https:\/\/glassbottlesmanufacturer.com\/de\/about-us\/\"><img width=\"1422\" height=\"774\" src=\"https:\/\/glassbottlesmanufacturer.com\/wp-content\/uploads\/2024\/05\/design.webp\" class=\"vcex-image-img wpex-align-middle\" alt=\"\" loading=\"lazy\" decoding=\"async\" srcset=\"https:\/\/glassbottlesmanufacturer.com\/wp-content\/uploads\/2024\/05\/design.webp 1422w, https:\/\/glassbottlesmanufacturer.com\/wp-content\/uploads\/2024\/05\/design-300x163.webp 300w, https:\/\/glassbottlesmanufacturer.com\/wp-content\/uploads\/2024\/05\/design-1024x557.webp 1024w, https:\/\/glassbottlesmanufacturer.com\/wp-content\/uploads\/2024\/05\/design-768x418.webp 768w, https:\/\/glassbottlesmanufacturer.com\/wp-content\/uploads\/2024\/05\/design-600x327.webp 600w\" sizes=\"auto, (max-width: 1422px) 100vw, 1422px\" \/><\/a><\/div><\/figure><style>.vcex-teaser.vcex_69d299dad0853 .vcex-teaser-heading{font-size:2em;font-family:system-ui, -apple-system, BlinkMacSystemFont, \"Segoe UI\", Roboto, \"Helvetica Neue\", Arial, \"Noto Sans\", sans-serif, \"Apple Color Emoji\", \"Segoe UI Emoji\", \"Segoe UI Symbol\", \"Noto Color Emoji\";color:#4c4c4c;font-weight:800;}<\/style><div class=\"vcex-module vcex-teaser wpex-flex wpex-flex-col wpex-shadow-lg wpex-text-center vc_custom_1717569582447 vcex_69d299dad0853\"><div class=\"vcex-teaser-content wpex-p-20\"><div class=\"vcex-teaser-text wpex-mt-10 wpex-last-mb-0 wpex-clr\"><p><span class=\"wpex-text-xl\">\u00a0 \u00a0 Wir setzen Entw\u00fcrfe in konkrete Produkte um und testen und bewerten sie. Wir fertigen 3D-Druckmuster nach Zeichnungen an. Schlie\u00dflich stellen wir Formen und Glasflaschenmuster nach den Zeichnungen her.<\/span><\/p>\n<p>&nbsp;<\/p>\n<p><a class=\"theme-button\" href=\"https:\/\/glassbottlesmanufacturer.com\/de\/kontakt\/\">Mehr erfahren<\/a><\/p>\n<\/div><\/div><\/div><div class=\"vcex-spacing wpex-w-100 wpex-clear\" style=\"height:50px;\"><\/div><\/div><\/div><\/div><\/div><div class=\"vc_row wpb_row vc_row-fluid\"><div class=\"wpb_column vc_column_container vc_col-sm-3\"><div class=\"vc_column-inner\"><div class=\"wpb_wrapper\"><div class=\"vcex-spacing wpex-w-100 wpex-clear\" style=\"height:50px;\"><\/div>\n\t<div class=\"wpb_video_widget wpb_content_element vc_clearfix   vc_video-aspect-ratio-169 vc_video-el-width-100 vc_video-align-left\" >\n\t\t<div class=\"wpb_wrapper\">\n\t\t\t\n\t\t\t<div class=\"wpb_video_wrapper\"><span class=\"wpex-responsive-media\"><iframe title=\"Oliven\u00f6l Glasflasche-Beh\u00e4lter-Verpackung-Wanderglas-Verpackung\" width=\"500\" height=\"281\" src=\"https:\/\/www.youtube.com\/embed\/mWntl5rZFoA?feature=oembed\"  allow=\"accelerometer; autoplay; clipboard-write; encrypted-media; gyroscope; picture-in-picture; web-share\" referrerpolicy=\"strict-origin-when-cross-origin\" allowfullscreen><\/iframe><\/span><\/div>\n\t\t<\/div>\n\t<\/div>\n<\/div><\/div><\/div><div class=\"wpb_column vc_column_container vc_col-sm-3\"><div class=\"vc_column-inner\"><div class=\"wpb_wrapper\"><div class=\"vcex-spacing wpex-w-100 wpex-clear\" style=\"height:50px;\"><\/div>\n\t<div class=\"wpb_video_widget wpb_content_element vc_clearfix   vc_video-aspect-ratio-169 vc_video-el-width-100 vc_video-align-left\" >\n\t\t<div class=\"wpb_wrapper\">\n\t\t\t\n\t\t\t<div class=\"wpb_video_wrapper\"><span class=\"wpex-responsive-media\"><iframe title=\"Gin-Glasflasche-Lik\u00f6rverpackung-Gin-Verpackung-Wanderglas-Verpackung\" width=\"500\" height=\"281\" src=\"https:\/\/www.youtube.com\/embed\/nDcTHpRsKxU?feature=oembed\"  allow=\"accelerometer; autoplay; clipboard-write; encrypted-media; gyroscope; picture-in-picture; web-share\" referrerpolicy=\"strict-origin-when-cross-origin\" allowfullscreen><\/iframe><\/span><\/div>\n\t\t<\/div>\n\t<\/div>\n<\/div><\/div><\/div><div class=\"wpb_column vc_column_container vc_col-sm-3\"><div class=\"vc_column-inner\"><div class=\"wpb_wrapper\"><div class=\"vcex-spacing wpex-w-100 wpex-clear\" style=\"height:50px;\"><\/div>\n\t<div class=\"wpb_video_widget wpb_content_element vc_clearfix   vc_video-aspect-ratio-169 vc_video-el-width-100 vc_video-align-left\" >\n\t\t<div class=\"wpb_wrapper\">\n\t\t\t\n\t\t\t<div class=\"wpb_video_wrapper\"><span class=\"wpex-responsive-media\"><iframe title=\"Doppelseitiges Etikett - Siebdruck - Metalletikett - Verpackung\" width=\"500\" height=\"281\" src=\"https:\/\/www.youtube.com\/embed\/-JW9qaDEHW0?feature=oembed\"  allow=\"accelerometer; autoplay; clipboard-write; encrypted-media; gyroscope; picture-in-picture; web-share\" referrerpolicy=\"strict-origin-when-cross-origin\" allowfullscreen><\/iframe><\/span><\/div>\n\t\t<\/div>\n\t<\/div>\n<\/div><\/div><\/div><div class=\"wpb_column vc_column_container vc_col-sm-3\"><div class=\"vc_column-inner\"><div class=\"wpb_wrapper\"><div class=\"vcex-spacing wpex-w-100 wpex-clear\" style=\"height:50px;\"><\/div>\n\t<div class=\"wpb_video_widget wpb_content_element vc_clearfix   vc_video-aspect-ratio-169 vc_video-el-width-100 vc_video-align-left\" >\n\t\t<div class=\"wpb_wrapper\">\n\t\t\t\n\t\t\t<div class=\"wpb_video_wrapper\"><span class=\"wpex-responsive-media\"><iframe title=\"Familie Wodka Glasflasche - Spirituosenverpackung Wandern Glas\" width=\"500\" height=\"281\" src=\"https:\/\/www.youtube.com\/embed\/ein-5M_vioc?feature=oembed\"  allow=\"accelerometer; autoplay; clipboard-write; encrypted-media; gyroscope; picture-in-picture; web-share\" referrerpolicy=\"strict-origin-when-cross-origin\" allowfullscreen><\/iframe><\/span><\/div>\n\t\t<\/div>\n\t<\/div>\n<\/div><\/div><\/div><\/div>\n<\/div>","protected":false},"excerpt":{"rendered":"Customized Solutions For Your Business Boasting a robust Research and Development team of over 80 skilled professionals, we span a gamut of specializations within material science and engineering. We are unwavering in our commitment to delivering only the most exemplary products and services, designed precisely to fulfill our clients' diverse requirements. It is through this&hellip;","protected":false},"author":1,"featured_media":0,"parent":0,"menu_order":0,"comment_status":"closed","ping_status":"closed","template":"","meta":{"footnotes":""},"class_list":["post-7070","page","type-page","status-publish","hentry","entry","no-media"],"_links":{"self":[{"href":"https:\/\/glassbottlesmanufacturer.com\/de\/wp-json\/wp\/v2\/pages\/7070","targetHints":{"allow":["GET"]}}],"collection":[{"href":"https:\/\/glassbottlesmanufacturer.com\/de\/wp-json\/wp\/v2\/pages"}],"about":[{"href":"https:\/\/glassbottlesmanufacturer.com\/de\/wp-json\/wp\/v2\/types\/page"}],"author":[{"embeddable":true,"href":"https:\/\/glassbottlesmanufacturer.com\/de\/wp-json\/wp\/v2\/users\/1"}],"replies":[{"embeddable":true,"href":"https:\/\/glassbottlesmanufacturer.com\/de\/wp-json\/wp\/v2\/comments?post=7070"}],"version-history":[{"count":19,"href":"https:\/\/glassbottlesmanufacturer.com\/de\/wp-json\/wp\/v2\/pages\/7070\/revisions"}],"predecessor-version":[{"id":8274,"href":"https:\/\/glassbottlesmanufacturer.com\/de\/wp-json\/wp\/v2\/pages\/7070\/revisions\/8274"}],"wp:attachment":[{"href":"https:\/\/glassbottlesmanufacturer.com\/de\/wp-json\/wp\/v2\/media?parent=7070"}],"curies":[{"name":"wp","href":"https:\/\/api.w.org\/{rel}","templated":true}]}}