{"id":7351,"date":"2024-05-29T06:41:26","date_gmt":"2024-05-29T06:41:26","guid":{"rendered":"https:\/\/glassbottlesmanufacturer.com\/?page_id=7351"},"modified":"2026-01-29T09:11:02","modified_gmt":"2026-01-29T09:11:02","slug":"individuelles-flaschendesign","status":"publish","type":"page","link":"https:\/\/glassbottlesmanufacturer.com\/de\/individuelles-flaschendesign\/","title":{"rendered":"Individuelles Flaschendesign"},"content":{"rendered":"<div class=\"wpb-content-wrapper\"><div class=\"vc_row wpb_row vc_row-fluid vc_custom_1633802734629 vc_row-o-equal-height vc_row-flex wpex-vc-has-custom-column-spacing wpex-vc-column-spacing-50\"><div class=\"wpb_column vc_column_container vc_col-sm-6\"><div class=\"vc_column-inner\"><div class=\"wpb_wrapper\"><figure class=\"vcex-image vcex-module\"><div class=\"vcex-image-inner wpex-relative wpex-inline-block vc_custom_1716966043674\"><img width=\"664\" height=\"664\" src=\"https:\/\/glassbottlesmanufacturer.com\/wp-content\/uploads\/2024\/05\/\u5fae\u4fe1\u622a\u56fe_202405291458071.webp\" class=\"vcex-image-img wpex-align-middle\" alt=\"Individuelles Flaschendesign\" loading=\"lazy\" decoding=\"async\" srcset=\"https:\/\/glassbottlesmanufacturer.com\/wp-content\/uploads\/2024\/05\/\u5fae\u4fe1\u622a\u56fe_202405291458071.webp 664w, https:\/\/glassbottlesmanufacturer.com\/wp-content\/uploads\/2024\/05\/\u5fae\u4fe1\u622a\u56fe_202405291458071-300x300.webp 300w, https:\/\/glassbottlesmanufacturer.com\/wp-content\/uploads\/2024\/05\/\u5fae\u4fe1\u622a\u56fe_202405291458071-150x150.webp 150w, https:\/\/glassbottlesmanufacturer.com\/wp-content\/uploads\/2024\/05\/\u5fae\u4fe1\u622a\u56fe_202405291458071-600x600.webp 600w, https:\/\/glassbottlesmanufacturer.com\/wp-content\/uploads\/2024\/05\/\u5fae\u4fe1\u622a\u56fe_202405291458071-100x100.webp 100w\" sizes=\"auto, (max-width: 664px) 100vw, 664px\" \/><\/div><\/figure><\/div><\/div><\/div><div class=\"wpb_column vc_column_container vc_col-sm-6\"><div class=\"vc_column-inner\"><div class=\"wpb_wrapper\"><style>.vcex-list_item.vcex_69e44fff166a7{color:#777777;font-weight:400;}.vcex-list_item.vcex_69e44fff166a7 .vcex-list-item-icon-inner{color:#4eb331;}<\/style><div class=\"vcex-list_item vcex-module wpex-m-0 wpex-max-w-100 wpex-mb-15 vcex_69e44fff166a7\"><div class=\"vcex-list-item-inner wpex-inline-flex wpex-flex-no-wrap\"><div class=\"vcex-list-item-icon wpex-mr-10\"><div class=\"vcex-list-item-icon-inner vcex-icon-wrap wpex-inline-flex wpex-justify-center wpex-items-center wpex-leading-none wpex-child-inherit-color\"><\/div><\/div><div class=\"vcex-list-item-text vcex-content wpex-flex-grow\">Unsere Dienstleistungen<\/div><\/div><\/div><style>.vcex-heading.vcex_69e44fff17547{color:#4c4c4c;font-size:40px;font-family:system-ui, -apple-system, BlinkMacSystemFont, \"Segoe UI\", Roboto, \"Helvetica Neue\", Arial, \"Noto Sans\", sans-serif, \"Apple Color Emoji\", \"Segoe UI Emoji\", \"Segoe UI Symbol\", \"Noto Color Emoji\";font-weight:800;}.vcex-heading.vcex_69e44fff17547:hover{color:#01b2a8;}<\/style><h2 class=\"vcex-heading vcex-heading-plain vcex-module wpex-heading wpex-text-2xl vcex_69e44fff17547\"><span class=\"vcex-heading-inner wpex-inline-block\">Individuelles Flaschendesign<\/span><\/h2><div class=\"vcex-module vcex-divider vcex-divider-solid vcex-divider-center wpex-mx-auto wpex-block wpex-h-0 wpex-border-b wpex-border-solid wpex-border-main\" style=\"margin-block:50px;border-color:#e0e0e0;\"><\/div>\n\t<div style=\"font-family:system-ui, -apple-system, BlinkMacSystemFont, \"segoe ui\", roboto, \"helvetica neue\", arial, \"noto sans\", sans-serif, \"apple color emoji\", \"segoe ui symbol\", emoji\";font-size:1.2em;font-weight:700;\" class =\"wpb_text_column wpb_content_element\" >\n\t\t<div class=\"wpb_wrapper\">\n\t\t\t<p>Wir verf\u00fcgen \u00fcber ein professionelles Team von Produktentwicklern. Jede Flasche beginnt als Idee, die von der Essenz des Luxus gepr\u00e4gt ist. Akribie ist unser Mantra, das die Expertenh\u00e4nde bei der Gestaltung, die anspruchsvollen Augen bei der Inspektion und die leidenschaftlichen Herzen beim Streben nach dem Au\u00dfergew\u00f6hnlichen leitet.<\/p>\n<p>Im Mittelpunkt unseres Ethos steht eine unerbittliche Qualit\u00e4tskontrolle. Wir glauben, dass der Weg zur Perfektion mit Pr\u00e4zision gepflastert ist. Daher wird jede Kurve, jede Kontur und jeder Verschluss einer strengen Pr\u00fcfung unterzogen, um sicherzustellen, dass Ihr Wein nur das Beste erh\u00e4lt, wenn er auf unsere Flasche trifft.<\/p>\n\n\t\t<\/div>\n\t<\/div>\n<div class=\"vcex-spacing wpex-w-100 wpex-clear\" style=\"height:50px;\"><\/div><style>.vcex-button.vcex_69e44fff19241{background:#01b2a8;}.vcex-button.vcex_69e44fff19241:hover{background:#4eb331!important;}<\/style><a href=\"https:\/\/glassbottlesmanufacturer.com\/de\/kontakt\/\" class=\"vcex-button theme-button inline vcex_69e44fff19241\"><span class=\"vcex-button-inner theme-button-inner wpex-flex wpex-flex-wrap wpex-items-center wpex-justify-center\">Angebot einholen<\/span><\/a> <\/div><\/div><\/div><\/div><div class=\"vc_row wpb_row vc_row-fluid vc_custom_1627253976873 no-bottom-margins\"><div class=\"wpb_column vc_column_container vc_col-sm-12\"><div class=\"vc_column-inner\"><div class=\"wpb_wrapper\"><style>.vcex-heading.vcex_69e44fff1a135{color:#4c4c4c;font-size:40px;font-family:system-ui, -apple-system, BlinkMacSystemFont, \"Segoe UI\", Roboto, \"Helvetica Neue\", Arial, \"Noto Sans\", sans-serif, \"Apple Color Emoji\", \"Segoe UI Emoji\", \"Segoe UI Symbol\", \"Noto Color Emoji\";font-weight:800;}.vcex-heading.vcex_69e44fff1a135:hover{color:#01b2a8;}<\/style><h2 class=\"vcex-heading vcex-heading-plain vcex-module wpex-heading wpex-text-2xl wpex-text-center vcex_69e44fff1a135\"><span class=\"vcex-heading-inner wpex-inline-block\">Die Flasche unterst\u00fctzt verschiedene Anpassungen<\/span><\/h2><div class=\"vcex-spacing wpex-w-100 wpex-clear\" style=\"height:40px;\"><\/div>\n\t<div style=\"text-align:center;width:1200px;\" class=\"wpb_text_column wpex-max-w-100 wpex-mx-auto wpb_content_element\" >\n\t\t<div class=\"wpb_wrapper\">\n\t\t\t<p><span class=\"wpex-text-lg\">Veredeln Sie Ihr Produkt mit unseren zahlreichen Optionen zur individuellen Gestaltung. W\u00e4hlen Sie aus einer Reihe von hochwertigen Veredelungen, wie z. B. Zuckerguss, Farbabt\u00f6nung und speziellen Texturen. Verleihen Sie Ihrer Flasche mit individuellen Logos und Etiketten eine unverwechselbare Note, die in jedem Regal auff\u00e4llt.<\/span><\/p>\n\n\t\t<\/div>\n\t<\/div>\n<div class=\"vcex-spacing wpex-w-100 wpex-clear\" style=\"height:40px;\"><\/div><style>.vcex-grid-container.vcex_69e44fff1acbd{gap:35px;}<\/style><div class=\"vcex-grid-container vcex-module wpex-grid wpex-gap-20 wpex-grid-cols-1 wpex-lg-grid-cols-3 vcex_69e44fff1acbd\"><style>.vcex-teaser.vcex_69e44fff1b40f .vcex-teaser-heading{font-size:2em;font-family:system-ui, -apple-system, BlinkMacSystemFont, \"Segoe UI\", Roboto, \"Helvetica Neue\", Arial, \"Noto Sans\", sans-serif, \"Apple Color Emoji\", \"Segoe UI Emoji\", \"Segoe UI Symbol\", \"Noto Color Emoji\";color:#4c4c4c;}<\/style><div class=\"vcex-module vcex-teaser vcex-teaser-four wpex-flex wpex-flex-col wpex-text-center wpex-border wpex-border-solid wpex-border-main vc_custom_1716968916076 vcex_69e44fff1b40f\"><div class=\"vcex-teaser-media\"><img width=\"1000\" height=\"1000\" src=\"https:\/\/glassbottlesmanufacturer.com\/wp-content\/uploads\/2024\/05\/engraving.webp\" class=\"wpex-align-middle\" alt=\"Gravur\" loading=\"lazy\" decoding=\"async\" srcset=\"https:\/\/glassbottlesmanufacturer.com\/wp-content\/uploads\/2024\/05\/engraving.webp 1000w, https:\/\/glassbottlesmanufacturer.com\/wp-content\/uploads\/2024\/05\/engraving-300x300.webp 300w, https:\/\/glassbottlesmanufacturer.com\/wp-content\/uploads\/2024\/05\/engraving-150x150.webp 150w, https:\/\/glassbottlesmanufacturer.com\/wp-content\/uploads\/2024\/05\/engraving-768x768.webp 768w, https:\/\/glassbottlesmanufacturer.com\/wp-content\/uploads\/2024\/05\/engraving-600x600.webp 600w, https:\/\/glassbottlesmanufacturer.com\/wp-content\/uploads\/2024\/05\/engraving-100x100.webp 100w\" sizes=\"auto, (max-width: 1000px) 100vw, 1000px\" \/><\/div><div class=\"vcex-teaser-content wpex-p-20\"><h2 class=\"vcex-teaser-heading wpex-heading wpex-text-xl\">Gravur<\/h2><\/div><\/div><style>.vcex-teaser.vcex_69e44fff1c2ac .vcex-teaser-heading{font-size:2em;font-family:system-ui, -apple-system, BlinkMacSystemFont, \"Segoe UI\", Roboto, \"Helvetica Neue\", Arial, \"Noto Sans\", sans-serif, \"Apple Color Emoji\", \"Segoe UI Emoji\", \"Segoe UI Symbol\", \"Noto Color Emoji\";color:#4c4c4c;}<\/style><div class=\"vcex-module vcex-teaser vcex-teaser-four wpex-flex wpex-flex-col wpex-text-center wpex-border wpex-border-solid wpex-border-main vc_custom_1716968867669 vcex_69e44fff1c2ac\"><div class=\"vcex-teaser-media\"><img width=\"1000\" height=\"1000\" src=\"https:\/\/glassbottlesmanufacturer.com\/wp-content\/uploads\/2024\/05\/printing.webp\" class=\"wpex-align-middle\" alt=\"Drucken\" loading=\"lazy\" decoding=\"async\" srcset=\"https:\/\/glassbottlesmanufacturer.com\/wp-content\/uploads\/2024\/05\/printing.webp 1000w, https:\/\/glassbottlesmanufacturer.com\/wp-content\/uploads\/2024\/05\/printing-300x300.webp 300w, https:\/\/glassbottlesmanufacturer.com\/wp-content\/uploads\/2024\/05\/printing-150x150.webp 150w, https:\/\/glassbottlesmanufacturer.com\/wp-content\/uploads\/2024\/05\/printing-768x768.webp 768w, https:\/\/glassbottlesmanufacturer.com\/wp-content\/uploads\/2024\/05\/printing-600x600.webp 600w, https:\/\/glassbottlesmanufacturer.com\/wp-content\/uploads\/2024\/05\/printing-100x100.webp 100w\" sizes=\"auto, (max-width: 1000px) 100vw, 1000px\" \/><\/div><div class=\"vcex-teaser-content wpex-p-20\"><h2 class=\"vcex-teaser-heading wpex-heading wpex-text-xl\">Drucken<\/h2><\/div><\/div><style>.vcex-teaser.vcex_69e44fff1cfab .vcex-teaser-heading{font-size:2em;font-family:system-ui, -apple-system, BlinkMacSystemFont, \"Segoe UI\", Roboto, \"Helvetica Neue\", Arial, \"Noto Sans\", sans-serif, \"Apple Color Emoji\", \"Segoe UI Emoji\", \"Segoe UI Symbol\", \"Noto Color Emoji\";color:#4c4c4c;}<\/style><div class=\"vcex-module vcex-teaser vcex-teaser-four wpex-flex wpex-flex-col wpex-text-center wpex-border wpex-border-solid wpex-border-main vc_custom_1716968881677 vcex_69e44fff1cfab\"><div class=\"vcex-teaser-media\"><img width=\"1000\" height=\"1000\" src=\"https:\/\/glassbottlesmanufacturer.com\/wp-content\/uploads\/2024\/05\/real-gold-printing.webp\" class=\"wpex-align-middle\" alt=\"Echtes Gold drucken\" loading=\"lazy\" decoding=\"async\" srcset=\"https:\/\/glassbottlesmanufacturer.com\/wp-content\/uploads\/2024\/05\/real-gold-printing.webp 1000w, https:\/\/glassbottlesmanufacturer.com\/wp-content\/uploads\/2024\/05\/real-gold-printing-300x300.webp 300w, https:\/\/glassbottlesmanufacturer.com\/wp-content\/uploads\/2024\/05\/real-gold-printing-150x150.webp 150w, https:\/\/glassbottlesmanufacturer.com\/wp-content\/uploads\/2024\/05\/real-gold-printing-768x768.webp 768w, https:\/\/glassbottlesmanufacturer.com\/wp-content\/uploads\/2024\/05\/real-gold-printing-600x600.webp 600w, https:\/\/glassbottlesmanufacturer.com\/wp-content\/uploads\/2024\/05\/real-gold-printing-100x100.webp 100w\" sizes=\"auto, (max-width: 1000px) 100vw, 1000px\" \/><\/div><div class=\"vcex-teaser-content wpex-p-20\"><h2 class=\"vcex-teaser-heading wpex-heading wpex-text-xl\">Echtes Gold drucken<\/h2><\/div><\/div><\/div><style>.vcex-grid-container.vcex_69e44fff1d8e2{gap:35px;}<\/style><div class=\"vcex-grid-container vcex-module wpex-grid wpex-gap-20 wpex-grid-cols-1 wpex-lg-grid-cols-3 vcex_69e44fff1d8e2\"><style>.vcex-teaser.vcex_69e44fff1df6d .vcex-teaser-heading{font-size:2em;font-family:system-ui, -apple-system, BlinkMacSystemFont, \"Segoe UI\", Roboto, \"Helvetica Neue\", Arial, \"Noto Sans\", sans-serif, \"Apple Color Emoji\", \"Segoe UI Emoji\", \"Segoe UI Symbol\", \"Noto Color Emoji\";color:#4c4c4c;}<\/style><div class=\"vcex-module vcex-teaser vcex-teaser-four wpex-flex wpex-flex-col wpex-text-center wpex-border wpex-border-solid wpex-border-main vc_custom_1716968948380 vcex_69e44fff1df6d\"><div class=\"vcex-teaser-media\"><img width=\"1000\" height=\"1000\" src=\"https:\/\/glassbottlesmanufacturer.com\/wp-content\/uploads\/2024\/05\/Electroplating.webp\" class=\"wpex-align-middle\" alt=\"Galvanik\" loading=\"lazy\" decoding=\"async\" srcset=\"https:\/\/glassbottlesmanufacturer.com\/wp-content\/uploads\/2024\/05\/Electroplating.webp 1000w, https:\/\/glassbottlesmanufacturer.com\/wp-content\/uploads\/2024\/05\/Electroplating-300x300.webp 300w, https:\/\/glassbottlesmanufacturer.com\/wp-content\/uploads\/2024\/05\/Electroplating-150x150.webp 150w, https:\/\/glassbottlesmanufacturer.com\/wp-content\/uploads\/2024\/05\/Electroplating-768x768.webp 768w, https:\/\/glassbottlesmanufacturer.com\/wp-content\/uploads\/2024\/05\/Electroplating-600x600.webp 600w, https:\/\/glassbottlesmanufacturer.com\/wp-content\/uploads\/2024\/05\/Electroplating-100x100.webp 100w\" sizes=\"auto, (max-width: 1000px) 100vw, 1000px\" \/><\/div><div class=\"vcex-teaser-content wpex-p-20\"><h2 class=\"vcex-teaser-heading wpex-heading wpex-text-xl\">Galvanik<\/h2><\/div><\/div><style>.vcex-teaser.vcex_69e44fff1ebec .vcex-teaser-heading{font-size:2em;font-family:system-ui, -apple-system, BlinkMacSystemFont, \"Segoe UI\", Roboto, \"Helvetica Neue\", Arial, \"Noto Sans\", sans-serif, \"Apple Color Emoji\", \"Segoe UI Emoji\", \"Segoe UI Symbol\", \"Noto Color Emoji\";color:#4c4c4c;}<\/style><div class=\"vcex-module vcex-teaser vcex-teaser-four wpex-flex wpex-flex-col wpex-text-center wpex-border wpex-border-solid wpex-border-main vc_custom_1716968796490 vcex_69e44fff1ebec\"><div class=\"vcex-teaser-media\"><img width=\"1000\" height=\"1000\" src=\"https:\/\/glassbottlesmanufacturer.com\/wp-content\/uploads\/2024\/05\/spraying.webp\" class=\"wpex-align-middle\" alt=\"Spr\u00fchen\" loading=\"lazy\" decoding=\"async\" srcset=\"https:\/\/glassbottlesmanufacturer.com\/wp-content\/uploads\/2024\/05\/spraying.webp 1000w, https:\/\/glassbottlesmanufacturer.com\/wp-content\/uploads\/2024\/05\/spraying-300x300.webp 300w, https:\/\/glassbottlesmanufacturer.com\/wp-content\/uploads\/2024\/05\/spraying-150x150.webp 150w, https:\/\/glassbottlesmanufacturer.com\/wp-content\/uploads\/2024\/05\/spraying-768x768.webp 768w, https:\/\/glassbottlesmanufacturer.com\/wp-content\/uploads\/2024\/05\/spraying-600x600.webp 600w, https:\/\/glassbottlesmanufacturer.com\/wp-content\/uploads\/2024\/05\/spraying-100x100.webp 100w\" sizes=\"auto, (max-width: 1000px) 100vw, 1000px\" \/><\/div><div class=\"vcex-teaser-content wpex-p-20\"><h2 class=\"vcex-teaser-heading wpex-heading wpex-text-xl\">Spr\u00fchen<\/h2><\/div><\/div><style>.vcex-teaser.vcex_69e44fff1f8ac .vcex-teaser-heading{font-size:2em;font-family:system-ui, -apple-system, BlinkMacSystemFont, \"Segoe UI\", Roboto, \"Helvetica Neue\", Arial, \"Noto Sans\", sans-serif, \"Apple Color Emoji\", \"Segoe UI Emoji\", \"Segoe UI Symbol\", \"Noto Color Emoji\";color:#4c4c4c;}<\/style><div class=\"vcex-module vcex-teaser vcex-teaser-four wpex-flex wpex-flex-col wpex-text-center wpex-border wpex-border-solid wpex-border-main vc_custom_1716968747197 vcex_69e44fff1f8ac\"><div class=\"vcex-teaser-media\"><img width=\"1000\" height=\"1000\" src=\"https:\/\/glassbottlesmanufacturer.com\/wp-content\/uploads\/2024\/05\/real-silver-printing.webp\" class=\"wpex-align-middle\" alt=\"Echter Silberdruck\" loading=\"lazy\" decoding=\"async\" srcset=\"https:\/\/glassbottlesmanufacturer.com\/wp-content\/uploads\/2024\/05\/real-silver-printing.webp 1000w, https:\/\/glassbottlesmanufacturer.com\/wp-content\/uploads\/2024\/05\/real-silver-printing-300x300.webp 300w, https:\/\/glassbottlesmanufacturer.com\/wp-content\/uploads\/2024\/05\/real-silver-printing-150x150.webp 150w, https:\/\/glassbottlesmanufacturer.com\/wp-content\/uploads\/2024\/05\/real-silver-printing-768x768.webp 768w, https:\/\/glassbottlesmanufacturer.com\/wp-content\/uploads\/2024\/05\/real-silver-printing-600x600.webp 600w, https:\/\/glassbottlesmanufacturer.com\/wp-content\/uploads\/2024\/05\/real-silver-printing-100x100.webp 100w\" sizes=\"auto, (max-width: 1000px) 100vw, 1000px\" \/><\/div><div class=\"vcex-teaser-content wpex-p-20\"><h2 class=\"vcex-teaser-heading wpex-heading wpex-text-xl\">Echter Silberdruck<\/h2><\/div><\/div><\/div><\/div><\/div><\/div><\/div><div data-vc-full-width=\"true\" data-vc-full-width-init=\"false\" class=\"vc_row wpb_row vc_row-fluid vc_custom_1626757548607 vc_row-o-content-middle vc_row-flex wpex-vc_row-has-fill wpex-vc-row-stretched no-bottom-margins\"><div class=\"wpb_column vc_column_container vc_col-sm-12\"><div class=\"vc_column-inner\"><div class=\"wpb_wrapper\"><div class=\"vcex-spacing wpex-w-100 wpex-clear\" style=\"height:5px;\"><\/div><style>.vcex-heading.vcex_69e44fff20b8b{width:700px;color:#4c4c4c;font-size:40px;font-family:system-ui, -apple-system, BlinkMacSystemFont, \"Segoe UI\", Roboto, \"Helvetica Neue\", Arial, \"Noto Sans\", sans-serif, \"Apple Color Emoji\", \"Segoe UI Emoji\", \"Segoe UI Symbol\", \"Noto Color Emoji\";font-weight:800;line-height:125%;}.vcex-heading.vcex_69e44fff20b8b:hover{color:#01b2a8;}@media (max-width:767px){.vcex-heading.vcex_69e44fff20b8b{font-size:35px;}}<\/style><h2 class=\"vcex-heading vcex-heading-plain vcex-module wpex-heading wpex-text-2xl wpex-text-center wpex-max-w-100 wpex-mx-auto vcex_69e44fff20b8b\"><span class=\"vcex-heading-inner wpex-inline-block\">Kostenloser Design-Support<\/span><\/h2><div class=\"vcex-spacing wpex-w-100 wpex-clear\" style=\"height:35px;\"><\/div>\n\t<div style=\"text-align:center;\" class=\"wpb_text_column wpb_content_element\" >\n\t\t<div class=\"wpb_wrapper\">\n\t\t\t<p><span class=\"wpex-text-3xl\">Wenn Sie das Fassungsverm\u00f6gen und die Anzahl der Flaschen und die Idee der Flaschen bestimmen, <\/span><\/p>\n<p><span class=\"wpex-text-3xl\">wir k\u00f6nnen Ihnen eine Zeichnung zur Verf\u00fcgung stellen, dieser Schritt ist f\u00fcr Sie kostenlos!<\/span><\/p>\n\n\t\t<\/div>\n\t<\/div>\n<div class=\"vcex-spacing wpex-w-100 wpex-clear\" style=\"height:50px;\"><\/div><style>.vcex-button.vcex_69e44fff21abf{border-radius:9999px;padding-block:14px;padding-inline:24px;border:2px solid currentColor;font-size:12px;font-weight:700;text-transform:uppercase;letter-spacing:1px;}.vcex-button.vcex_69e44fff21abf .theme-button-icon-right{--wpex-btn-icon-animate-h:5px;}<\/style><div class=\"theme-button-wrap textcenter wpex-clr\"><a href=\"https:\/\/glassbottlesmanufacturer.com\/de\/kontakt\/\" class=\"vcex-button theme-button outline align-center inline vcex_69e44fff21abf\"><span class=\"vcex-button-inner theme-button-inner wpex-flex wpex-flex-wrap wpex-items-center wpex-justify-center\">Kontakt<\/span><\/a><\/div> <\/div><\/div><\/div><\/div><div class=\"vc_row-full-width vc_clearfix\"><\/div><div data-vc-full-width=\"true\" data-vc-full-width-init=\"false\" class=\"vc_section vc_custom_1716969872115 wpex-vc_section-has-fill wpex-vc-row-stretched\"><div class=\"vc_row wpb_row vc_row-fluid\"><div class=\"wpb_column vc_column_container vc_col-sm-12\"><div class=\"vc_column-inner\"><div class=\"wpb_wrapper\"><style>.vcex-heading.vcex_69e44fff22a4e{color:#4c4c4c;font-size:40px;font-family:system-ui, -apple-system, BlinkMacSystemFont, \"Segoe UI\", Roboto, \"Helvetica Neue\", Arial, \"Noto Sans\", sans-serif, \"Apple Color Emoji\", \"Segoe UI Emoji\", \"Segoe UI Symbol\", \"Noto Color Emoji\";font-weight:800;}.vcex-heading.vcex_69e44fff22a4e:hover{color:#01b2a8;}<\/style><div class=\"vcex-heading vcex-heading-plain vcex-module wpex-heading wpex-text-2xl wpex-text-center vcex_69e44fff22a4e\"><span class=\"vcex-heading-inner wpex-inline-block\">Glasflaschen-Katalog<\/span><\/div><div class=\"vcex-spacing wpex-w-100 wpex-clear\" style=\"height:20px;\"><\/div><\/div><\/div><\/div><\/div><div class=\"vc_row wpb_row vc_row-fluid vc_column-gap-35\"><div class=\"wpb_column vc_column_container vc_col-sm-4 wpex-vc_col-has-fill\"><div class=\"vc_column-inner wpex-shadow-lg vc_custom_1631742011400\"><div class=\"wpb_wrapper\"><style>.vcex-heading.vcex_69e44fff23ab6{color:#4c4c4c;font-size:2em;font-family:system-ui, -apple-system, BlinkMacSystemFont, \"Segoe UI\", Roboto, \"Helvetica Neue\", Arial, \"Noto Sans\", sans-serif, \"Apple Color Emoji\", \"Segoe UI Emoji\", \"Segoe UI Symbol\", \"Noto Color Emoji\";font-weight:800;}<\/style><div class=\"vcex-heading vcex-heading-plain vcex-module wpex-heading wpex-text-2xl wpex-text-center vcex_69e44fff23ab6\"><span class=\"vcex-heading-inner wpex-inline-block\">Hiking Glass 500ml Catalog 2026<\/span><\/div><div class=\"vcex-module vcex-divider vcex-divider-solid vcex-divider-center wpex-mx-auto wpex-block wpex-h-0 wpex-border-b wpex-border-solid wpex-border-main\" style=\"margin-block:30px;border-color:#ededed;\"><\/div><div class=\"vcex-spacing wpex-w-100 wpex-clear\"><\/div><style>.vcex-button.vcex_69e44fff24e0c{border-radius:9999px;color:#4e5cf5!important;padding-block:15px;padding-inline:30px;border:2px solid currentColor;font-weight:700;}.vcex-button.vcex_69e44fff24e0c:hover{background:#4e5cf5!important;color:#ffffff!important;}<\/style><div class=\"theme-button-wrap theme-button-expanded-wrap\"><a href=\"https:\/\/glassbottlesmanufacturer.com\/wp-content\/uploads\/2024\/05\/Hiking-Glass-500ml-catalog-2024.pdf\" class=\"vcex-button theme-button outline expanded expanded vcex_69e44fff24e0c\"><span class=\"vcex-button-inner theme-button-inner wpex-flex wpex-flex-wrap wpex-items-center wpex-justify-center\">Siehe<\/span><\/a><\/div> <\/div><\/div><\/div><div class=\"wpb_column vc_column_container vc_col-sm-4 wpex-vc_col-has-fill\"><div class=\"vc_column-inner wpex-shadow-lg vc_custom_1631742018352\"><div class=\"wpb_wrapper\"><style>.vcex-heading.vcex_69e44fff25cb1{color:#4c4c4c;font-size:2em;font-family:system-ui, -apple-system, BlinkMacSystemFont, \"Segoe UI\", Roboto, \"Helvetica Neue\", Arial, \"Noto Sans\", sans-serif, \"Apple Color Emoji\", \"Segoe UI Emoji\", \"Segoe UI Symbol\", \"Noto Color Emoji\";font-weight:800;}<\/style><span class=\"vcex-heading vcex-heading-plain vcex-module wpex-heading wpex-text-2xl wpex-text-center vcex_69e44fff25cb1\"><span class=\"vcex-heading-inner wpex-inline-block\">Hiking Glass 700ml Catalog 2026<\/span><\/span><div class=\"vcex-module vcex-divider vcex-divider-solid vcex-divider-center wpex-mx-auto wpex-block wpex-h-0 wpex-border-b wpex-border-solid wpex-border-main\" style=\"margin-block:30px;border-color:#ededed;\"><\/div><div class=\"vcex-spacing wpex-w-100 wpex-clear\"><\/div><style>.vcex-button.vcex_69e44fff2700e{border-radius:9999px;background:#4e5cf5;color:#ffffff!important;padding-block:15px;padding-inline:30px;font-weight:700;}.vcex-button.vcex_69e44fff2700e:hover{background:rgba(78,92,245,0.9)!important;}<\/style><div class=\"theme-button-wrap theme-button-expanded-wrap\"><a href=\"https:\/\/glassbottlesmanufacturer.com\/wp-content\/uploads\/2024\/05\/Hiking-Glass-700ml-catalog-2024.pdf\" class=\"vcex-button theme-button flat expanded expanded vcex_69e44fff2700e\"><span class=\"vcex-button-inner theme-button-inner wpex-flex wpex-flex-wrap wpex-items-center wpex-justify-center\">Siehe<\/span><\/a><\/div> <\/div><\/div><\/div><div class=\"wpb_column vc_column_container vc_col-sm-4 wpex-vc_col-has-fill\"><div class=\"vc_column-inner wpex-shadow-lg vc_custom_1631742024786\"><div class=\"wpb_wrapper\"><style>.vcex-heading.vcex_69e44fff27dea{color:#4c4c4c;font-size:2em;font-family:system-ui, -apple-system, BlinkMacSystemFont, \"Segoe UI\", Roboto, \"Helvetica Neue\", Arial, \"Noto Sans\", sans-serif, \"Apple Color Emoji\", \"Segoe UI Emoji\", \"Segoe UI Symbol\", \"Noto Color Emoji\";font-weight:800;}<\/style><span class=\"vcex-heading vcex-heading-plain vcex-module wpex-heading wpex-text-2xl wpex-text-center vcex_69e44fff27dea\"><span class=\"vcex-heading-inner wpex-inline-block\">Hiking Glass 750ml Catalog 2026<\/span><\/span><div class=\"vcex-module vcex-divider vcex-divider-solid vcex-divider-center wpex-mx-auto wpex-block wpex-h-0 wpex-border-b wpex-border-solid wpex-border-main\" style=\"margin-block:30px;border-color:#ededed;\"><\/div><div class=\"vcex-spacing wpex-w-100 wpex-clear\"><\/div><style>.vcex-button.vcex_69e44fff291b4{border-radius:9999px;color:#4e5cf5!important;padding-block:15px;padding-inline:30px;border:2px solid currentColor;font-weight:700;}.vcex-button.vcex_69e44fff291b4:hover{background:#4e5cf5!important;color:#ffffff!important;}<\/style><div class=\"theme-button-wrap theme-button-expanded-wrap\"><a href=\"https:\/\/glassbottlesmanufacturer.com\/wp-content\/uploads\/2024\/05\/Hiking-Glass-750ml-catalog-2024.pdf\" class=\"vcex-button theme-button outline expanded expanded vcex_69e44fff291b4\"><span class=\"vcex-button-inner theme-button-inner wpex-flex wpex-flex-wrap wpex-items-center wpex-justify-center\">Siehe<\/span><\/a><\/div> <\/div><\/div><\/div><\/div><\/div><div class=\"vc_row-full-width vc_clearfix\"><\/div>\n<\/div>","protected":false},"excerpt":{"rendered":"Our ServicesCustom Bottle Design We have a professional team of product developers, each bottle begins as an idea shaped by the essence of luxury. Meticulousness is our mantra, guiding the expert hands that sculpt, the discerning eyes that inspect, and the passionate hearts that aspire to the extraordinary. At the core of our ethos is&hellip;","protected":false},"author":1,"featured_media":0,"parent":0,"menu_order":0,"comment_status":"closed","ping_status":"closed","template":"","meta":{"footnotes":""},"class_list":["post-7351","page","type-page","status-publish","hentry","entry","no-media"],"_links":{"self":[{"href":"https:\/\/glassbottlesmanufacturer.com\/de\/wp-json\/wp\/v2\/pages\/7351","targetHints":{"allow":["GET"]}}],"collection":[{"href":"https:\/\/glassbottlesmanufacturer.com\/de\/wp-json\/wp\/v2\/pages"}],"about":[{"href":"https:\/\/glassbottlesmanufacturer.com\/de\/wp-json\/wp\/v2\/types\/page"}],"author":[{"embeddable":true,"href":"https:\/\/glassbottlesmanufacturer.com\/de\/wp-json\/wp\/v2\/users\/1"}],"replies":[{"embeddable":true,"href":"https:\/\/glassbottlesmanufacturer.com\/de\/wp-json\/wp\/v2\/comments?post=7351"}],"version-history":[{"count":5,"href":"https:\/\/glassbottlesmanufacturer.com\/de\/wp-json\/wp\/v2\/pages\/7351\/revisions"}],"predecessor-version":[{"id":8917,"href":"https:\/\/glassbottlesmanufacturer.com\/de\/wp-json\/wp\/v2\/pages\/7351\/revisions\/8917"}],"wp:attachment":[{"href":"https:\/\/glassbottlesmanufacturer.com\/de\/wp-json\/wp\/v2\/media?parent=7351"}],"curies":[{"name":"wp","href":"https:\/\/api.w.org\/{rel}","templated":true}]}}