{"id":7354,"date":"2024-05-29T06:41:26","date_gmt":"2024-05-29T06:41:26","guid":{"rendered":"https:\/\/glassbottlesmanufacturer.com\/?page_id=7354"},"modified":"2024-06-05T10:00:38","modified_gmt":"2024-06-05T10:00:38","slug":"lagerhaltung-versand","status":"publish","type":"page","link":"https:\/\/glassbottlesmanufacturer.com\/de\/lagerhaltung-versand\/","title":{"rendered":"Lagerhaltung und Versand"},"content":{"rendered":"<div class=\"wpb-content-wrapper\"><div class=\"vc_row wpb_row vc_row-fluid vc_custom_1633802866801 vc_row-o-equal-height vc_row-o-content-middle vc_row-flex wpex-vc-has-custom-column-spacing wpex-vc-column-spacing-50\"><div class=\"wpb_column vc_column_container vc_col-sm-6\"><div class=\"vc_column-inner\"><div class=\"wpb_wrapper\"><style>.vcex-heading.vcex_69d299da5e7b3{color:#4c4c4c;font-size:40px;font-family:system-ui, -apple-system, BlinkMacSystemFont, \"Segoe UI\", Roboto, \"Helvetica Neue\", Arial, \"Noto Sans\", sans-serif, \"Apple Color Emoji\", \"Segoe UI Emoji\", \"Segoe UI Symbol\", \"Noto Color Emoji\";font-weight:700;}.vcex-heading.vcex_69d299da5e7b3:hover{color:#01b2a8;}<\/style><h2 class=\"vcex-heading vcex-heading-plain vcex-module wpex-heading wpex-text-2xl vcex_69d299da5e7b3\"><span class=\"vcex-heading-inner wpex-inline-block\">Lagerhaltung<\/span><\/h2><div class=\"vcex-spacing wpex-w-100 wpex-clear\" style=\"height:50px;\"><\/div>\n\t<div style=\"color:#222222;font-size:14px;\" class=\"wpb_text_column has-custom-color wpex-child-inherit-color wpb_content_element\" >\n\t\t<div class=\"wpb_wrapper\">\n\t\t\t<p><span class=\"wpex-text-lg\">Auf einer Fl\u00e4che von mehr als 2.600.000 m\u00b2 k\u00f6nnen wir mehr als 2000 Artikel lagern und gleichzeitig viel Platz f\u00fcr Kundeneigentum reservieren. Wir wissen, dass viele unserer Kunden nicht gen\u00fcgend Platz haben, um ihr Inventar zu lagern. Wir k\u00f6nnen mit Ihnen zusammenarbeiten, um einen Lagerplan zu entwickeln, der den Bed\u00fcrfnissen Ihres Unternehmens entspricht. <\/span><\/p>\n\n\t\t<\/div>\n\t<\/div>\n<div class=\"vcex-spacing wpex-w-100 wpex-clear\" style=\"height:70px;\"><\/div><style>.vcex-list_item.vcex_69d299da60650{color:#222222;font-size:16px;}.vcex-list_item.vcex_69d299da60650 .vcex-list-item-icon-inner{color:#0145ff;}<\/style><div class=\"vcex-list_item vcex-module wpex-m-0 wpex-max-w-100 wpex-mb-15 vcex_69d299da60650\"><div class=\"vcex-list-item-inner wpex-inline-flex wpex-flex-no-wrap\"><div class=\"vcex-list-item-icon wpex-mr-10\"><div class=\"vcex-list-item-icon-inner vcex-icon-wrap wpex-inline-flex wpex-justify-center wpex-items-center wpex-leading-none wpex-child-inherit-color\"><span class=\"wpex-icon--w far fa-check-circle\" aria-hidden=\"true\"><\/span><\/div><\/div><div class=\"vcex-list-item-text vcex-content wpex-flex-grow\">Sicherheitsvorrat<\/div><\/div><\/div><style>.vcex-list_item.vcex_69d299da60f9a{color:#222222;font-size:16px;}.vcex-list_item.vcex_69d299da60f9a .vcex-list-item-icon-inner{color:#0145ff;}<\/style><div class=\"vcex-list_item vcex-module wpex-m-0 wpex-max-w-100 wpex-mb-15 vcex_69d299da60f9a\"><div class=\"vcex-list-item-inner wpex-inline-flex wpex-flex-no-wrap\"><div class=\"vcex-list-item-icon wpex-mr-10\"><div class=\"vcex-list-item-icon-inner vcex-icon-wrap wpex-inline-flex wpex-justify-center wpex-items-center wpex-leading-none wpex-child-inherit-color\"><span class=\"wpex-icon--w far fa-check-circle\" aria-hidden=\"true\"><\/span><\/div><\/div><div class=\"vcex-list-item-text vcex-content wpex-flex-grow\">Effizienz der Bestellung<\/div><\/div><\/div><style>.vcex-list_item.vcex_69d299da61925{color:#222222;font-size:16px;}.vcex-list_item.vcex_69d299da61925 .vcex-list-item-icon-inner{color:#0145ff;}<\/style><div class=\"vcex-list_item vcex-module wpex-m-0 wpex-max-w-100 wpex-mb-15 vcex_69d299da61925\"><div class=\"vcex-list-item-inner wpex-inline-flex wpex-flex-no-wrap\"><div class=\"vcex-list-item-icon wpex-mr-10\"><div class=\"vcex-list-item-icon-inner vcex-icon-wrap wpex-inline-flex wpex-justify-center wpex-items-center wpex-leading-none wpex-child-inherit-color\"><span class=\"wpex-icon--w far fa-check-circle\" aria-hidden=\"true\"><\/span><\/div><\/div><div class=\"vcex-list-item-text vcex-content wpex-flex-grow\">Perfekte technische Unterst\u00fctzung<\/div><\/div><\/div><\/div><\/div><\/div><div class=\"wpb_column vc_column_container vc_col-sm-6\"><div class=\"vc_column-inner\"><div class=\"wpb_wrapper\"><figure class=\"vcex-image vcex-module\"><div class=\"vcex-image-inner wpex-relative wpex-inline-block\"><img width=\"1485\" height=\"1262\" src=\"https:\/\/glassbottlesmanufacturer.com\/wp-content\/uploads\/2024\/05\/\u4ed3\u5e93.webp\" class=\"vcex-image-img wpex-align-middle\" alt=\"\" loading=\"lazy\" decoding=\"async\" srcset=\"https:\/\/glassbottlesmanufacturer.com\/wp-content\/uploads\/2024\/05\/\u4ed3\u5e93.webp 1485w, https:\/\/glassbottlesmanufacturer.com\/wp-content\/uploads\/2024\/05\/\u4ed3\u5e93-300x255.webp 300w, https:\/\/glassbottlesmanufacturer.com\/wp-content\/uploads\/2024\/05\/\u4ed3\u5e93-1024x870.webp 1024w, https:\/\/glassbottlesmanufacturer.com\/wp-content\/uploads\/2024\/05\/\u4ed3\u5e93-768x653.webp 768w, https:\/\/glassbottlesmanufacturer.com\/wp-content\/uploads\/2024\/05\/\u4ed3\u5e93-600x510.webp 600w\" sizes=\"auto, (max-width: 1485px) 100vw, 1485px\" \/><\/div><\/figure><\/div><\/div><\/div><\/div><div class=\"vc_row wpb_row vc_row-fluid vc_custom_1717577248449\"><div class=\"wpb_column vc_column_container vc_col-sm-4\"><div class=\"vc_column-inner\"><div class=\"wpb_wrapper\"><figure class=\"vcex-image vcex-module\"><div class=\"vcex-image-inner wpex-relative wpex-inline-block\"><img width=\"2560\" height=\"2560\" src=\"https:\/\/glassbottlesmanufacturer.com\/wp-content\/uploads\/2024\/06\/\u4ed3\u5e931-scaled.webp\" class=\"vcex-image-img wpex-align-middle\" alt=\"\" loading=\"lazy\" decoding=\"async\" srcset=\"https:\/\/glassbottlesmanufacturer.com\/wp-content\/uploads\/2024\/06\/\u4ed3\u5e931-scaled.webp 2560w, https:\/\/glassbottlesmanufacturer.com\/wp-content\/uploads\/2024\/06\/\u4ed3\u5e931-300x300.webp 300w, https:\/\/glassbottlesmanufacturer.com\/wp-content\/uploads\/2024\/06\/\u4ed3\u5e931-1024x1024.webp 1024w, https:\/\/glassbottlesmanufacturer.com\/wp-content\/uploads\/2024\/06\/\u4ed3\u5e931-150x150.webp 150w, https:\/\/glassbottlesmanufacturer.com\/wp-content\/uploads\/2024\/06\/\u4ed3\u5e931-768x768.webp 768w, https:\/\/glassbottlesmanufacturer.com\/wp-content\/uploads\/2024\/06\/\u4ed3\u5e931-1536x1536.webp 1536w, https:\/\/glassbottlesmanufacturer.com\/wp-content\/uploads\/2024\/06\/\u4ed3\u5e931-2048x2048.webp 2048w, https:\/\/glassbottlesmanufacturer.com\/wp-content\/uploads\/2024\/06\/\u4ed3\u5e931-600x600.webp 600w, https:\/\/glassbottlesmanufacturer.com\/wp-content\/uploads\/2024\/06\/\u4ed3\u5e931-100x100.webp 100w\" sizes=\"auto, (max-width: 2560px) 100vw, 2560px\" \/><\/div><\/figure><\/div><\/div><\/div><div class=\"wpb_column vc_column_container vc_col-sm-4\"><div class=\"vc_column-inner\"><div class=\"wpb_wrapper\"><figure class=\"vcex-image vcex-module\"><div class=\"vcex-image-inner wpex-relative wpex-inline-block\"><img width=\"2560\" height=\"2560\" src=\"https:\/\/glassbottlesmanufacturer.com\/wp-content\/uploads\/2024\/06\/\u5fae\u4fe1\u56fe\u7247_20240429092443-scaled.webp\" class=\"vcex-image-img wpex-align-middle\" alt=\"\" loading=\"lazy\" decoding=\"async\" srcset=\"https:\/\/glassbottlesmanufacturer.com\/wp-content\/uploads\/2024\/06\/\u5fae\u4fe1\u56fe\u7247_20240429092443-scaled.webp 2560w, https:\/\/glassbottlesmanufacturer.com\/wp-content\/uploads\/2024\/06\/\u5fae\u4fe1\u56fe\u7247_20240429092443-300x300.webp 300w, https:\/\/glassbottlesmanufacturer.com\/wp-content\/uploads\/2024\/06\/\u5fae\u4fe1\u56fe\u7247_20240429092443-1024x1024.webp 1024w, https:\/\/glassbottlesmanufacturer.com\/wp-content\/uploads\/2024\/06\/\u5fae\u4fe1\u56fe\u7247_20240429092443-150x150.webp 150w, https:\/\/glassbottlesmanufacturer.com\/wp-content\/uploads\/2024\/06\/\u5fae\u4fe1\u56fe\u7247_20240429092443-768x768.webp 768w, https:\/\/glassbottlesmanufacturer.com\/wp-content\/uploads\/2024\/06\/\u5fae\u4fe1\u56fe\u7247_20240429092443-1536x1536.webp 1536w, https:\/\/glassbottlesmanufacturer.com\/wp-content\/uploads\/2024\/06\/\u5fae\u4fe1\u56fe\u7247_20240429092443-2048x2048.webp 2048w, https:\/\/glassbottlesmanufacturer.com\/wp-content\/uploads\/2024\/06\/\u5fae\u4fe1\u56fe\u7247_20240429092443-600x600.webp 600w, https:\/\/glassbottlesmanufacturer.com\/wp-content\/uploads\/2024\/06\/\u5fae\u4fe1\u56fe\u7247_20240429092443-100x100.webp 100w\" sizes=\"auto, (max-width: 2560px) 100vw, 2560px\" \/><\/div><\/figure><\/div><\/div><\/div><div class=\"wpb_column vc_column_container vc_col-sm-4\"><div class=\"vc_column-inner\"><div class=\"wpb_wrapper\"><figure class=\"vcex-image vcex-module\"><div class=\"vcex-image-inner wpex-relative wpex-inline-block\"><img width=\"480\" height=\"480\" src=\"https:\/\/glassbottlesmanufacturer.com\/wp-content\/uploads\/2024\/06\/\u5fae\u4fe1\u56fe\u7247_202112140914301.webp\" class=\"vcex-image-img wpex-align-middle\" alt=\"\" loading=\"lazy\" decoding=\"async\" srcset=\"https:\/\/glassbottlesmanufacturer.com\/wp-content\/uploads\/2024\/06\/\u5fae\u4fe1\u56fe\u7247_202112140914301.webp 480w, https:\/\/glassbottlesmanufacturer.com\/wp-content\/uploads\/2024\/06\/\u5fae\u4fe1\u56fe\u7247_202112140914301-300x300.webp 300w, https:\/\/glassbottlesmanufacturer.com\/wp-content\/uploads\/2024\/06\/\u5fae\u4fe1\u56fe\u7247_202112140914301-150x150.webp 150w, https:\/\/glassbottlesmanufacturer.com\/wp-content\/uploads\/2024\/06\/\u5fae\u4fe1\u56fe\u7247_202112140914301-100x100.webp 100w\" sizes=\"auto, (max-width: 480px) 100vw, 480px\" \/><\/div><\/figure><\/div><\/div><\/div><\/div><div class=\"vc_row wpb_row vc_row-fluid vc_custom_1717577329690\"><div class=\"wpb_column vc_column_container vc_col-sm-4\"><div class=\"vc_column-inner\"><div class=\"wpb_wrapper\"><figure class=\"vcex-image vcex-module\"><div class=\"vcex-image-inner wpex-relative wpex-inline-block\"><img width=\"1080\" height=\"1440\" src=\"https:\/\/glassbottlesmanufacturer.com\/wp-content\/uploads\/2024\/06\/\u5fae\u4fe1\u56fe\u7247_202111011025086.jpg\" class=\"vcex-image-img wpex-align-middle\" alt=\"\" loading=\"lazy\" decoding=\"async\" srcset=\"https:\/\/glassbottlesmanufacturer.com\/wp-content\/uploads\/2024\/06\/\u5fae\u4fe1\u56fe\u7247_202111011025086.jpg 1080w, https:\/\/glassbottlesmanufacturer.com\/wp-content\/uploads\/2024\/06\/\u5fae\u4fe1\u56fe\u7247_202111011025086-225x300.jpg 225w, https:\/\/glassbottlesmanufacturer.com\/wp-content\/uploads\/2024\/06\/\u5fae\u4fe1\u56fe\u7247_202111011025086-768x1024.jpg 768w, https:\/\/glassbottlesmanufacturer.com\/wp-content\/uploads\/2024\/06\/\u5fae\u4fe1\u56fe\u7247_202111011025086-600x800.jpg 600w\" sizes=\"auto, (max-width: 1080px) 100vw, 1080px\" \/><\/div><\/figure><\/div><\/div><\/div><div class=\"wpb_column vc_column_container vc_col-sm-4\"><div class=\"vc_column-inner\"><div class=\"wpb_wrapper\"><figure class=\"vcex-image vcex-module\"><div class=\"vcex-image-inner wpex-relative wpex-inline-block\"><img width=\"1280\" height=\"1707\" src=\"https:\/\/glassbottlesmanufacturer.com\/wp-content\/uploads\/2024\/06\/\u5fae\u4fe1\u56fe\u7247_20240605161941.webp\" class=\"vcex-image-img wpex-align-middle\" alt=\"\" loading=\"lazy\" decoding=\"async\" srcset=\"https:\/\/glassbottlesmanufacturer.com\/wp-content\/uploads\/2024\/06\/\u5fae\u4fe1\u56fe\u7247_20240605161941.webp 1280w, https:\/\/glassbottlesmanufacturer.com\/wp-content\/uploads\/2024\/06\/\u5fae\u4fe1\u56fe\u7247_20240605161941-225x300.webp 225w, https:\/\/glassbottlesmanufacturer.com\/wp-content\/uploads\/2024\/06\/\u5fae\u4fe1\u56fe\u7247_20240605161941-768x1024.webp 768w, https:\/\/glassbottlesmanufacturer.com\/wp-content\/uploads\/2024\/06\/\u5fae\u4fe1\u56fe\u7247_20240605161941-1152x1536.webp 1152w, https:\/\/glassbottlesmanufacturer.com\/wp-content\/uploads\/2024\/06\/\u5fae\u4fe1\u56fe\u7247_20240605161941-600x800.webp 600w\" sizes=\"auto, (max-width: 1280px) 100vw, 1280px\" \/><\/div><\/figure><\/div><\/div><\/div><div class=\"wpb_column vc_column_container vc_col-sm-4\"><div class=\"vc_column-inner\"><div class=\"wpb_wrapper\"><figure class=\"vcex-image vcex-module\"><div class=\"vcex-image-inner wpex-relative wpex-inline-block\"><img width=\"1080\" height=\"1440\" src=\"https:\/\/glassbottlesmanufacturer.com\/wp-content\/uploads\/2024\/06\/\u5fae\u4fe1\u56fe\u7247_202111011025085-1.webp\" class=\"vcex-image-img wpex-align-middle\" alt=\"\" loading=\"lazy\" decoding=\"async\" srcset=\"https:\/\/glassbottlesmanufacturer.com\/wp-content\/uploads\/2024\/06\/\u5fae\u4fe1\u56fe\u7247_202111011025085-1.webp 1080w, https:\/\/glassbottlesmanufacturer.com\/wp-content\/uploads\/2024\/06\/\u5fae\u4fe1\u56fe\u7247_202111011025085-1-225x300.webp 225w, https:\/\/glassbottlesmanufacturer.com\/wp-content\/uploads\/2024\/06\/\u5fae\u4fe1\u56fe\u7247_202111011025085-1-768x1024.webp 768w, https:\/\/glassbottlesmanufacturer.com\/wp-content\/uploads\/2024\/06\/\u5fae\u4fe1\u56fe\u7247_202111011025085-1-600x800.webp 600w\" sizes=\"auto, (max-width: 1080px) 100vw, 1080px\" \/><\/div><\/figure><\/div><\/div><\/div><\/div><div class=\"vc_row wpb_row vc_row-fluid\"><div class=\"wpb_column vc_column_container vc_col-sm-12\"><div class=\"vc_column-inner\"><div class=\"wpb_wrapper\">\n\t<div class=\"wpb_text_column wpb_content_element\" >\n\t\t<div class=\"wpb_wrapper\">\n\t\t\t<p style=\"text-align: left;\"><strong><span class=\"wpex-text-lg\">Anspruchsvolle Lagerhaltung f\u00fcr Ihre Premium-Glasflaschen<\/span><\/strong><\/p>\n<p style=\"text-align: left;\"><span class=\"wpex-text-lg\">Wir bei Hiking Glass wissen, dass die perfekte Flasche die Essenz ihres Inhalts bewahrt und zur Geltung bringt. Deshalb sind unsere Lagereinrichtungen speziell auf die besonderen Bed\u00fcrfnisse von Weinflaschen aus Glas zugeschnitten. Mit klimatisierter Lagerung und hochmodernen Handhabungssystemen stellen wir sicher, dass jede Flasche ihre Unversehrtheit auf dem Weg von unserer Fabrik zu Ihrem Unternehmen bewahrt.<\/span><\/p>\n<p style=\"text-align: left;\"><strong><span class=\"wpex-text-lg\">Kompetenter Versand, sorgf\u00e4ltig abgewickelt<\/span><\/strong><\/p>\n<p style=\"text-align: left;\"><span class=\"wpex-text-lg\">Ihre exquisiten Flaschen verdienen einen Versandservice, der so raffiniert ist wie die Produkte, die Sie herstellen. Wir haben die Kunst der Verpackung und des Transports empfindlicher Glaswaren perfektioniert und bieten sichere, zuverl\u00e4ssige und effiziente Versandl\u00f6sungen, die Ihre Flaschen in jeder Phase des Transports sch\u00fctzen. Unsere ausgefeilten Polster- und Verpackungstechniken sind darauf zugeschnitten, die Eleganz Ihrer Flaschen zu sch\u00fctzen und sie jedes Mal in makellosem Zustand zu liefern.<\/span><\/p>\n<p><strong><span class=\"wpex-text-lg\">Optimierter Vertrieb f\u00fcr Weinkellereien weltweit<\/span><\/strong><\/p>\n<p><span class=\"wpex-text-lg\">Als Winzer und Weingutbesitzer legen Sie Wert auf Pr\u00e4zision und Sorgfalt. Unsere speziellen Lager- und Versanddienstleistungen sind so konzipiert, dass Sie diese Sorgfalt auch auf Ihre Gesch\u00e4ftsabl\u00e4ufe anwenden k\u00f6nnen. Eine Partnerschaft mit uns bedeutet, dass Sie Zugang zu einem nahtlosen Logistiknetzwerk haben, das sicherstellt, dass Ihre sch\u00f6nen Glasflaschen in jedem Regal pr\u00e4sentiert werden, ohne dass Sie sich Sorgen um Bruch oder Verz\u00f6gerungen machen m\u00fcssen.<\/span><\/p>\n<p><strong><span class=\"wpex-text-lg\">Intelligente Logistik f\u00fcr die Weinindustrie<\/span><\/strong><\/p>\n<p><span class=\"wpex-text-lg\">Verbessern Sie Ihre Logistik mit unseren intelligenten Nachverfolgungssystemen, die Ihnen rund um die Uhr volle Transparenz \u00fcber Ihren Bestand bieten. Ganz gleich, ob Sie sich auf die n\u00e4chste Hochsaison vorbereiten oder eine neue Weinflaschenlinie auf den Markt bringen - mit unserer Logistikplattform sind Sie stets informiert und haben die Kontrolle. Mit Echtzeit-Updates und pr\u00e4diktiver Analytik helfen wir Ihnen, die Nachfrage zu antizipieren und das Angebot zu steuern - denn beim Wein ist Timing alles.<\/span><\/p>\n<p><strong><span class=\"wpex-text-lg\">Ein Toast auf die makellose Verwirklichung<\/span><\/strong><\/p>\n<p><span class=\"wpex-text-lg\">Von unserem Lager bis zur T\u00fcrschwelle Ihres Kunden z\u00e4hlt jeder Schritt. Unser Engagement f\u00fcr hervorragende Leistungen bei Lagerung und Versand spiegelt die hohen Standards Ihres Unternehmens wider. Denn wenn Sie uns Ihre Flaschen anvertrauen, behandeln wir sie nicht nur als Produkte, sondern als Gef\u00e4\u00dfe der Kunst und Tradition.\u00a0<\/span><\/p>\n<p><span class=\"wpex-text-lg\">Jeder Absatz soll die Sorgfalt und die Liebe zum Detail vermitteln, die bei der Handhabung, der Lagerung und dem Versand von Glasflaschen eine Rolle spielen und die Qualit\u00e4t und Sorgfalt widerspiegeln, die Ihre Kunden von Ihren Produkten erwarten.<\/span><\/p>\n\n\t\t<\/div>\n\t<\/div>\n<\/div><\/div><\/div><\/div>\n<\/div>","protected":false},"excerpt":{"rendered":"Warehousing With more than 2,600,000 sq ft available, it allows us to stock over 2000+ items, while reserving plenty of space for customer property. We understand that many of our customers do not have enough space to store their inventory. We can work with you to develop a warehousing plan to meet your company\u2019s needs.&hellip;","protected":false},"author":1,"featured_media":0,"parent":0,"menu_order":0,"comment_status":"closed","ping_status":"closed","template":"","meta":{"footnotes":""},"class_list":["post-7354","page","type-page","status-publish","hentry","entry","no-media"],"_links":{"self":[{"href":"https:\/\/glassbottlesmanufacturer.com\/de\/wp-json\/wp\/v2\/pages\/7354","targetHints":{"allow":["GET"]}}],"collection":[{"href":"https:\/\/glassbottlesmanufacturer.com\/de\/wp-json\/wp\/v2\/pages"}],"about":[{"href":"https:\/\/glassbottlesmanufacturer.com\/de\/wp-json\/wp\/v2\/types\/page"}],"author":[{"embeddable":true,"href":"https:\/\/glassbottlesmanufacturer.com\/de\/wp-json\/wp\/v2\/users\/1"}],"replies":[{"embeddable":true,"href":"https:\/\/glassbottlesmanufacturer.com\/de\/wp-json\/wp\/v2\/comments?post=7354"}],"version-history":[{"count":4,"href":"https:\/\/glassbottlesmanufacturer.com\/de\/wp-json\/wp\/v2\/pages\/7354\/revisions"}],"predecessor-version":[{"id":7434,"href":"https:\/\/glassbottlesmanufacturer.com\/de\/wp-json\/wp\/v2\/pages\/7354\/revisions\/7434"}],"wp:attachment":[{"href":"https:\/\/glassbottlesmanufacturer.com\/de\/wp-json\/wp\/v2\/media?parent=7354"}],"curies":[{"name":"wp","href":"https:\/\/api.w.org\/{rel}","templated":true}]}}