{"id":7355,"date":"2024-05-29T06:41:26","date_gmt":"2024-05-29T06:41:26","guid":{"rendered":"https:\/\/glassbottlesmanufacturer.com\/?page_id=7355"},"modified":"2024-05-29T09:18:34","modified_gmt":"2024-05-29T09:18:34","slug":"datenschutzbestimmungen","status":"publish","type":"page","link":"https:\/\/glassbottlesmanufacturer.com\/de\/datenschutzbestimmungen\/","title":{"rendered":"Datenschutzbestimmungen"},"content":{"rendered":"<div class=\"wpb-content-wrapper\"><div class=\"vc_row wpb_row vc_row-fluid\"><div class=\"wpb_column vc_column_container vc_col-sm-12\"><div class=\"vc_column-inner\"><div class=\"wpb_wrapper\">\n\t<div style=\"font-family:system-ui, -apple-system, BlinkMacSystemFont, \"segoe ui\", roboto, \"helvetica neue\", arial, \"noto sans\", sans-serif, \"apple color emoji\", \"segoe ui symbol\", emoji\";\" class =\"wpb_text_column wpb_content_element\" >\n\t\t<div class=\"wpb_wrapper\">\n\t\t\t<h1><span class=\"wpex-text-2xl\">Datenschutzbestimmungen<\/span><\/h1>\n<p><span class=\"wpex-text-xl\">Sehr geehrte Nutzerinnen und Nutzer, im Folgenden finden Sie einen \u00dcberblick \u00fcber die vom Unternehmen angewandte Datenschutzpolitik:<\/span><\/p>\n<p><span class=\"wpex-text-xl\">1. personenbezogene Datenerhebung: Das Unternehmen sammelt die von den Nutzern bereitgestellten pers\u00f6nlichen Daten wie Name, Kontaktinformationen, Adresse usw. haupts\u00e4chlich zum Zweck der Auftragsabwicklung, Lieferung und des Kundendienstes. Die Daten werden in der Regel erhoben, wenn ein Nutzer freiwillig ein Registrierungsformular ausf\u00fcllt, eine Bestellung aufgibt oder mit einem Unternehmen Kontakt aufnimmt.<\/span><\/p>\n<p><span class=\"wpex-text-xl\">2. Verwendung von pers\u00f6nlichen Informationen: Das Unternehmen wird die vom Nutzer zur Verf\u00fcgung gestellten pers\u00f6nlichen Daten in angemessener Weise f\u00fcr die Bearbeitung von Bestellungen, die Bereitstellung von Kundensupport, den Versand von relevanten Mitteilungen und Werbeinformationen verwenden. Die Unternehmen halten sich im Allgemeinen an die einschl\u00e4gigen Gesetze und Vorschriften und verwenden personenbezogene Daten nicht ohne die Zustimmung der Nutzer f\u00fcr andere Zwecke.<\/span><\/p>\n<p><span class=\"wpex-text-xl\">3. Schutz pers\u00f6nlicher Informationen: Das Unternehmen ergreift geeignete Sicherheitsma\u00dfnahmen, um die pers\u00f6nlichen Daten der Nutzer zu sch\u00fctzen und unbefugten Zugriff, Offenlegung oder Missbrauch zu verhindern. Dies kann Ma\u00dfnahmen wie Datenverschl\u00fcsselung, Zugangskontrolle und Schulungen zur Informationssicherheit umfassen.<\/span><\/p>\n<p><span class=\"wpex-text-xl\">4. Weitergabe von pers\u00f6nlichen Informationen: Das Unternehmen gibt personenbezogene Daten nicht ohne die Zustimmung der Nutzer an Dritte weiter, es sei denn, dies ist aufgrund von Gesetzen und Vorschriften erforderlich oder mit den Nutzern vereinbart. Wenn Sie mit Dritten zusammenarbeiten, um Dienstleistungen zu erbringen, werden Sie eine Vertraulichkeitsvereinbarung mit ihnen unterzeichnen und alle Anstrengungen unternehmen, um die Sicherheit der Nutzerdaten zu gew\u00e4hrleisten.<\/span><\/p>\n<p><span class=\"wpex-text-xl\">5. die Wahl des Datenschutzes: Die Unternehmen respektieren in der Regel die Wahlm\u00f6glichkeiten der Nutzer in Bezug auf die Privatsph\u00e4re. Die Nutzer k\u00f6nnen w\u00e4hlen, ob sie Marketing-Informationen erhalten wollen oder nicht, und haben das Recht, pers\u00f6nliche Daten einzusehen, zu korrigieren und zu l\u00f6schen, indem sie sich an das Unternehmen wenden.<\/span><\/p>\n<p><span class=\"wpex-text-xl\">6. Aktualisierung der Datenschutzrichtlinie: Glasflaschenunternehmen k\u00f6nnen die Datenschutzrichtlinie nach Bedarf aktualisieren. Im Falle einer wesentlichen \u00c4nderung der Politik werden die Unternehmen die Nutzer in der Regel durch eine Ank\u00fcndigung auf der Website oder durch andere geeignete Mittel deutlich darauf hinweisen.<\/span><\/p>\n<p><span class=\"wpex-text-xl\">Wenn Sie Fragen haben oder weitere Informationen ben\u00f6tigen, k\u00f6nnen Sie sich direkt an das Unternehmen wenden.<\/span><\/p>\n\n\t\t<\/div>\n\t<\/div>\n<\/div><\/div><\/div><\/div>\n<\/div>","protected":false},"excerpt":{"rendered":"Privacy Policy Dear users, the following is an overview of the privacy policy adopted by the company: 1.Personal Information Collection: The Company will collect personal information provided by users, such as name, contact information, address, etc., mainly for the purpose of order processing, delivery and after-sales service. Information is usually collected when a user voluntarily&hellip;","protected":false},"author":1,"featured_media":0,"parent":0,"menu_order":0,"comment_status":"closed","ping_status":"closed","template":"","meta":{"footnotes":""},"class_list":["post-7355","page","type-page","status-publish","hentry","entry","no-media"],"_links":{"self":[{"href":"https:\/\/glassbottlesmanufacturer.com\/de\/wp-json\/wp\/v2\/pages\/7355","targetHints":{"allow":["GET"]}}],"collection":[{"href":"https:\/\/glassbottlesmanufacturer.com\/de\/wp-json\/wp\/v2\/pages"}],"about":[{"href":"https:\/\/glassbottlesmanufacturer.com\/de\/wp-json\/wp\/v2\/types\/page"}],"author":[{"embeddable":true,"href":"https:\/\/glassbottlesmanufacturer.com\/de\/wp-json\/wp\/v2\/users\/1"}],"replies":[{"embeddable":true,"href":"https:\/\/glassbottlesmanufacturer.com\/de\/wp-json\/wp\/v2\/comments?post=7355"}],"version-history":[{"count":2,"href":"https:\/\/glassbottlesmanufacturer.com\/de\/wp-json\/wp\/v2\/pages\/7355\/revisions"}],"predecessor-version":[{"id":7399,"href":"https:\/\/glassbottlesmanufacturer.com\/de\/wp-json\/wp\/v2\/pages\/7355\/revisions\/7399"}],"wp:attachment":[{"href":"https:\/\/glassbottlesmanufacturer.com\/de\/wp-json\/wp\/v2\/media?parent=7355"}],"curies":[{"name":"wp","href":"https:\/\/api.w.org\/{rel}","templated":true}]}}