{"id":7368,"date":"2024-05-29T06:43:20","date_gmt":"2024-05-29T06:43:20","guid":{"rendered":"https:\/\/glassbottlesmanufacturer.com\/?page_id=7368"},"modified":"2024-06-05T07:57:54","modified_gmt":"2024-06-05T07:57:54","slug":"kundenspezifische-verpackung","status":"publish","type":"page","link":"https:\/\/glassbottlesmanufacturer.com\/de\/kundenspezifische-verpackung\/","title":{"rendered":"Kundenspezifische Verpackung"},"content":{"rendered":"<div class=\"wpb-content-wrapper\"><div data-vc-full-width=\"true\" data-vc-full-width-init=\"false\" class=\"vc_row wpb_row vc_row-fluid vc_custom_1716974820765 vc_row-o-content-middle vc_row-flex wpex-vc-has-custom-column-spacing wpex-vc-column-spacing-60 wpex-vc_row-has-fill wpex-vc-row-stretched\"><div class=\"wpb_column vc_column_container vc_col-sm-6\"><div class=\"vc_column-inner\"><div class=\"wpb_wrapper\"><style>.vcex-heading.vcex_69e43aabb1a84{color:#4c4c4c;font-size:30px;font-family:system-ui, -apple-system, BlinkMacSystemFont, \"Segoe UI\", Roboto, \"Helvetica Neue\", Arial, \"Noto Sans\", sans-serif, \"Apple Color Emoji\", \"Segoe UI Emoji\", \"Segoe UI Symbol\", \"Noto Color Emoji\";font-weight:600;}.vcex-heading.vcex_69e43aabb1a84:hover{color:#01b2a8;}<\/style><h2 class=\"vcex-heading vcex-heading-plain vcex-module wpex-heading wpex-text-2xl vcex_69e43aabb1a84\"><span class=\"vcex-heading-inner wpex-inline-block\">Flaschenverpackungen<\/span><\/h2><div class=\"vcex-spacing wpex-w-100 wpex-clear\"><\/div>\n\t<div style=\"color:#6b7280;font-size:14px;font-weight:500;\" class=\"wpb_text_column has-custom-color wpex-child-inherit-color wpb_content_element wpex-antialiased\" >\n\t\t<div class=\"wpb_wrapper\">\n\t\t\t<p><span class=\"wpex-text-lg\">Flaschenverpackungsmaterialien werden zur Verzierung und zum Schutz der Flasche des \u00e4u\u00dferen Verpackungsmaterials verwendet. Sie sollen die visuelle Attraktivit\u00e4t des Produkts erh\u00f6hen, Markeninformationen liefern und die Flasche vor Besch\u00e4digungen sch\u00fctzen.<\/span><\/p>\n\n\t\t<\/div>\n\t<\/div>\n<div class=\"vcex-spacing wpex-w-100 wpex-clear\" style=\"height:40px;\"><\/div><style>.vcex-flex-container_69e43aabb3519{gap:15px;}.vcex-button.vcex_69e43aabb3c87{border-radius:4px;background:#01b2a8;color:#ffffff!important;padding-block:15px;padding-inline:25px;font-size:.9em;font-weight:600;text-transform:uppercase;letter-spacing:1px;}.vcex-button.vcex_69e43aabb3c87:hover{background:#4eb331!important;}<\/style><div class=\"vcex-flex-container vcex-module wpex-flex wpex-gap-20 wpex-flex-wrap vcex-flex-container_69e43aabb3519\"><a href=\"https:\/\/glassbottlesmanufacturer.com\/de\/kontakt\/\" class=\"vcex-button theme-button inline vcex_69e43aabb3c87\"><span class=\"vcex-button-inner theme-button-inner wpex-flex wpex-flex-wrap wpex-items-center wpex-justify-center\">Los geht's<\/span><\/a> <\/div><div class=\"vcex-module vcex-divider vcex-divider-solid vcex-divider-center wpex-mx-auto wpex-block wpex-h-0 wpex-border-b wpex-border-solid wpex-border-main\" style=\"margin-block-start:60px;margin-block-end:40px;border-color:#cfd4e0;\"><\/div>\n\t<div style=\"color:#111827;\" class=\"wpb_text_column has-custom-color wpex-child-inherit-color wpb_content_element\" >\n\t\t<div class=\"wpb_wrapper\">\n\t\t\t<p>Wenn Sie Fragen haben, k\u00f6nnen Sie jederzeit <a href=\"#\">Kontakt<\/a> unser Support-Team, das 24\/7 erreichbar ist und so schnell wie m\u00f6glich antworten wird.<\/p>\n\n\t\t<\/div>\n\t<\/div>\n<\/div><\/div><\/div><div class=\"wpb_column vc_column_container vc_col-sm-6\"><div class=\"vc_column-inner\"><div class=\"wpb_wrapper\"><figure class=\"vcex-image vcex-module\"><div class=\"vcex-image-inner wpex-relative wpex-inline-block\"><img width=\"1000\" height=\"850\" src=\"https:\/\/glassbottlesmanufacturer.com\/wp-content\/uploads\/2024\/05\/MG_6394.webp\" class=\"vcex-image-img wpex-align-middle\" alt=\"Verpackungsbox\" loading=\"lazy\" decoding=\"async\" srcset=\"https:\/\/glassbottlesmanufacturer.com\/wp-content\/uploads\/2024\/05\/MG_6394.webp 1000w, https:\/\/glassbottlesmanufacturer.com\/wp-content\/uploads\/2024\/05\/MG_6394-300x255.webp 300w, https:\/\/glassbottlesmanufacturer.com\/wp-content\/uploads\/2024\/05\/MG_6394-768x653.webp 768w, https:\/\/glassbottlesmanufacturer.com\/wp-content\/uploads\/2024\/05\/MG_6394-600x510.webp 600w\" sizes=\"auto, (max-width: 1000px) 100vw, 1000px\" \/><\/div><\/figure><\/div><\/div><\/div><\/div><div class=\"vc_row-full-width vc_clearfix\"><\/div><div class=\"vc_row wpb_row vc_row-fluid vc_custom_1632872357000\"><div class=\"wpb_column vc_column_container vc_col-sm-4\"><div class=\"vc_column-inner\"><div class=\"wpb_wrapper\"><figure class=\"vcex-image vcex-module\"><div class=\"vcex-image-inner wpex-relative wpex-inline-block\"><img width=\"1000\" height=\"1000\" src=\"https:\/\/glassbottlesmanufacturer.com\/wp-content\/uploads\/2024\/06\/44.webp\" class=\"vcex-image-img wpex-align-middle\" alt=\"\" loading=\"lazy\" decoding=\"async\" srcset=\"https:\/\/glassbottlesmanufacturer.com\/wp-content\/uploads\/2024\/06\/44.webp 1000w, https:\/\/glassbottlesmanufacturer.com\/wp-content\/uploads\/2024\/06\/44-300x300.webp 300w, https:\/\/glassbottlesmanufacturer.com\/wp-content\/uploads\/2024\/06\/44-150x150.webp 150w, https:\/\/glassbottlesmanufacturer.com\/wp-content\/uploads\/2024\/06\/44-768x768.webp 768w, https:\/\/glassbottlesmanufacturer.com\/wp-content\/uploads\/2024\/06\/44-600x600.webp 600w, https:\/\/glassbottlesmanufacturer.com\/wp-content\/uploads\/2024\/06\/44-100x100.webp 100w\" sizes=\"auto, (max-width: 1000px) 100vw, 1000px\" \/><\/div><\/figure><\/div><\/div><\/div><div class=\"wpb_column vc_column_container vc_col-sm-4\"><div class=\"vc_column-inner\"><div class=\"wpb_wrapper\"><figure class=\"vcex-image vcex-module\"><div class=\"vcex-image-inner wpex-relative wpex-inline-block\"><img width=\"2560\" height=\"2560\" src=\"https:\/\/glassbottlesmanufacturer.com\/wp-content\/uploads\/2024\/06\/MG_6389-scaled.webp\" class=\"vcex-image-img wpex-align-middle\" alt=\"\" loading=\"lazy\" decoding=\"async\" srcset=\"https:\/\/glassbottlesmanufacturer.com\/wp-content\/uploads\/2024\/06\/MG_6389-scaled.webp 2560w, https:\/\/glassbottlesmanufacturer.com\/wp-content\/uploads\/2024\/06\/MG_6389-300x300.webp 300w, https:\/\/glassbottlesmanufacturer.com\/wp-content\/uploads\/2024\/06\/MG_6389-1024x1024.webp 1024w, https:\/\/glassbottlesmanufacturer.com\/wp-content\/uploads\/2024\/06\/MG_6389-150x150.webp 150w, https:\/\/glassbottlesmanufacturer.com\/wp-content\/uploads\/2024\/06\/MG_6389-768x768.webp 768w, https:\/\/glassbottlesmanufacturer.com\/wp-content\/uploads\/2024\/06\/MG_6389-1536x1536.webp 1536w, https:\/\/glassbottlesmanufacturer.com\/wp-content\/uploads\/2024\/06\/MG_6389-2048x2048.webp 2048w, https:\/\/glassbottlesmanufacturer.com\/wp-content\/uploads\/2024\/06\/MG_6389-600x600.webp 600w, https:\/\/glassbottlesmanufacturer.com\/wp-content\/uploads\/2024\/06\/MG_6389-100x100.webp 100w\" sizes=\"auto, (max-width: 2560px) 100vw, 2560px\" \/><\/div><\/figure><\/div><\/div><\/div><div class=\"wpb_column vc_column_container vc_col-sm-4\"><div class=\"vc_column-inner\"><div class=\"wpb_wrapper\"><figure class=\"vcex-image vcex-module\"><div class=\"vcex-image-inner wpex-relative wpex-inline-block\"><img width=\"1000\" height=\"1000\" src=\"https:\/\/glassbottlesmanufacturer.com\/wp-content\/uploads\/2024\/06\/33.webp\" class=\"vcex-image-img wpex-align-middle\" alt=\"Verpackungsschachtel\" loading=\"lazy\" decoding=\"async\" srcset=\"https:\/\/glassbottlesmanufacturer.com\/wp-content\/uploads\/2024\/06\/33.webp 1000w, https:\/\/glassbottlesmanufacturer.com\/wp-content\/uploads\/2024\/06\/33-300x300.webp 300w, https:\/\/glassbottlesmanufacturer.com\/wp-content\/uploads\/2024\/06\/33-150x150.webp 150w, https:\/\/glassbottlesmanufacturer.com\/wp-content\/uploads\/2024\/06\/33-768x768.webp 768w, https:\/\/glassbottlesmanufacturer.com\/wp-content\/uploads\/2024\/06\/33-600x600.webp 600w, https:\/\/glassbottlesmanufacturer.com\/wp-content\/uploads\/2024\/06\/33-100x100.webp 100w\" sizes=\"auto, (max-width: 1000px) 100vw, 1000px\" \/><\/div><\/figure><\/div><\/div><\/div><\/div><div class=\"vc_row wpb_row vc_row-fluid\"><div class=\"wpb_column vc_column_container vc_col-sm-4\"><div class=\"vc_column-inner\"><div class=\"wpb_wrapper\"><figure class=\"vcex-image vcex-module\"><div class=\"vcex-image-inner wpex-relative wpex-inline-block\"><img width=\"1000\" height=\"1000\" src=\"https:\/\/glassbottlesmanufacturer.com\/wp-content\/uploads\/2024\/06\/2.webp\" class=\"vcex-image-img wpex-align-middle\" alt=\"Verpackungsschachtel\" loading=\"lazy\" decoding=\"async\" srcset=\"https:\/\/glassbottlesmanufacturer.com\/wp-content\/uploads\/2024\/06\/2.webp 1000w, https:\/\/glassbottlesmanufacturer.com\/wp-content\/uploads\/2024\/06\/2-300x300.webp 300w, https:\/\/glassbottlesmanufacturer.com\/wp-content\/uploads\/2024\/06\/2-150x150.webp 150w, https:\/\/glassbottlesmanufacturer.com\/wp-content\/uploads\/2024\/06\/2-768x768.webp 768w, https:\/\/glassbottlesmanufacturer.com\/wp-content\/uploads\/2024\/06\/2-600x600.webp 600w, https:\/\/glassbottlesmanufacturer.com\/wp-content\/uploads\/2024\/06\/2-100x100.webp 100w\" sizes=\"auto, (max-width: 1000px) 100vw, 1000px\" \/><\/div><\/figure><\/div><\/div><\/div><div class=\"wpb_column vc_column_container vc_col-sm-4\"><div class=\"vc_column-inner\"><div class=\"wpb_wrapper\"><figure class=\"vcex-image vcex-module\"><div class=\"vcex-image-inner wpex-relative wpex-inline-block\"><img width=\"1000\" height=\"1000\" src=\"https:\/\/glassbottlesmanufacturer.com\/wp-content\/uploads\/2024\/06\/55.webp\" class=\"vcex-image-img wpex-align-middle\" alt=\"Verpackungsschachtel\" loading=\"lazy\" decoding=\"async\" srcset=\"https:\/\/glassbottlesmanufacturer.com\/wp-content\/uploads\/2024\/06\/55.webp 1000w, https:\/\/glassbottlesmanufacturer.com\/wp-content\/uploads\/2024\/06\/55-300x300.webp 300w, https:\/\/glassbottlesmanufacturer.com\/wp-content\/uploads\/2024\/06\/55-150x150.webp 150w, https:\/\/glassbottlesmanufacturer.com\/wp-content\/uploads\/2024\/06\/55-768x768.webp 768w, https:\/\/glassbottlesmanufacturer.com\/wp-content\/uploads\/2024\/06\/55-600x600.webp 600w, https:\/\/glassbottlesmanufacturer.com\/wp-content\/uploads\/2024\/06\/55-100x100.webp 100w\" sizes=\"auto, (max-width: 1000px) 100vw, 1000px\" \/><\/div><\/figure><\/div><\/div><\/div><div class=\"wpb_column vc_column_container vc_col-sm-4\"><div class=\"vc_column-inner\"><div class=\"wpb_wrapper\"><figure class=\"vcex-image vcex-module\"><div class=\"vcex-image-inner wpex-relative wpex-inline-block\"><img width=\"1000\" height=\"1000\" src=\"https:\/\/glassbottlesmanufacturer.com\/wp-content\/uploads\/2024\/06\/66.webp\" class=\"vcex-image-img wpex-align-middle\" alt=\"Verpackungsschachtel\" loading=\"lazy\" decoding=\"async\" srcset=\"https:\/\/glassbottlesmanufacturer.com\/wp-content\/uploads\/2024\/06\/66.webp 1000w, https:\/\/glassbottlesmanufacturer.com\/wp-content\/uploads\/2024\/06\/66-300x300.webp 300w, https:\/\/glassbottlesmanufacturer.com\/wp-content\/uploads\/2024\/06\/66-150x150.webp 150w, https:\/\/glassbottlesmanufacturer.com\/wp-content\/uploads\/2024\/06\/66-768x768.webp 768w, https:\/\/glassbottlesmanufacturer.com\/wp-content\/uploads\/2024\/06\/66-600x600.webp 600w, https:\/\/glassbottlesmanufacturer.com\/wp-content\/uploads\/2024\/06\/66-100x100.webp 100w\" sizes=\"auto, (max-width: 1000px) 100vw, 1000px\" \/><\/div><\/figure><\/div><\/div><\/div><\/div><div class=\"vc_row wpb_row vc_row-fluid\"><div class=\"wpb_column vc_column_container vc_col-sm-12\"><div class=\"vc_column-inner\"><div class=\"wpb_wrapper\">\n\t<div class=\"wpb_text_column wpb_content_element\" >\n\t\t<div class=\"wpb_wrapper\">\n\t\t\t<p><span class=\"wpex-text-lg\">Ma\u00dfgeschneidertes Design: Unsere ma\u00dfgeschneiderten Boxen sind auf die \u00c4sthetik und das Storytelling Ihrer Marke zugeschnitten und bieten unendliche M\u00f6glichkeiten in Bezug auf Farbe, Form und Textur.<\/span><\/p>\n<p><span class=\"wpex-text-lg\">Sch\u00fctzende Eleganz: Unsere Boxen sind aus robusten, hochwertigen Materialien gefertigt, die sowohl Schutz als auch Prestige versprechen, um Ihre Flasche zu sch\u00fctzen.<\/span><\/p>\n<p><span class=\"wpex-text-lg\">Nachhaltiger Luxus: Erleben Sie den Gipfel des verantwortungsvollen Genusses mit Verpackungen aus nachhaltiger Forstwirtschaft, die sicherstellen, dass das Verm\u00e4chtnis Ihrer Marke ein Engagement f\u00fcr die Umwelt beinhaltet.<\/span><\/p>\n\n\t\t<\/div>\n\t<\/div>\n<\/div><\/div><\/div><\/div><div class=\"vc_row wpb_row vc_row-fluid\"><div class=\"wpb_column vc_column_container vc_col-sm-6\"><div class=\"vc_column-inner\"><div class=\"wpb_wrapper\">\n\t<div class=\"wpb_video_widget wpb_content_element vc_clearfix   vc_custom_1717574229314 vc_video-aspect-ratio-169 vc_video-el-width-100 vc_video-align-left\" >\n\t\t<div class=\"wpb_wrapper\">\n\t\t\t\n\t\t\t<div class=\"wpb_video_wrapper\"><span class=\"wpex-responsive-media\"><iframe title=\"Kundenspezifische Boxen-Spirituosen-Boxen-Verpackungsboxen-Wodka-Boxen-Boxen-Lieferanten\" width=\"500\" height=\"281\" src=\"https:\/\/www.youtube.com\/embed\/AdWBePet5ug?feature=oembed\"  allow=\"accelerometer; autoplay; clipboard-write; encrypted-media; gyroscope; picture-in-picture; web-share\" referrerpolicy=\"strict-origin-when-cross-origin\" allowfullscreen><\/iframe><\/span><\/div>\n\t\t<\/div>\n\t<\/div>\n<\/div><\/div><\/div><div class=\"wpb_column vc_column_container vc_col-sm-6\"><div class=\"vc_column-inner\"><div class=\"wpb_wrapper\">\n<div class=\"wpcf7 no-js\" id=\"wpcf7-f19-o1\" lang=\"en-US\" dir=\"ltr\" data-wpcf7-id=\"19\">\n<div class=\"screen-reader-response\"><p role=\"status\" aria-live=\"polite\" aria-atomic=\"true\"><\/p> <ul><\/ul><\/div>\n<form action=\"\/de\/wp-json\/wp\/v2\/pages\/7368#wpcf7-f19-o1\" method=\"post\" class=\"wpcf7-form init\" aria-label=\"Contact form\" novalidate=\"novalidate\" data-status=\"init\" data-trp-original-action=\"\/de\/wp-json\/wp\/v2\/pages\/7368#wpcf7-f19-o1\">\n<fieldset class=\"hidden-fields-container\"><input type=\"hidden\" name=\"_wpcf7\" value=\"19\" \/><input type=\"hidden\" name=\"_wpcf7_version\" value=\"6.1.5\" \/><input type=\"hidden\" name=\"_wpcf7_locale\" value=\"en_US\" \/><input type=\"hidden\" name=\"_wpcf7_unit_tag\" value=\"wpcf7-f19-o1\" \/><input type=\"hidden\" name=\"_wpcf7_container_post\" value=\"0\" \/><input type=\"hidden\" name=\"_wpcf7_posted_data_hash\" value=\"\" \/><input type=\"hidden\" name=\"_wpcf7dtx_version\" value=\"5.0.5\" \/>\n<\/fieldset>\n<p hidden><span class=\"wpcf7-form-control-wrap dynamictext-312\" data-name=\"dynamictext-312\"><input type=\"text\" name=\"dynamictext-312\" class=\"wpcf7-form-control wpcf7-text wpcf7dtx wpcf7dtx-text\" aria-invalid=\"false\" value=\"Custom Packaging\"><\/span>\n<\/p>\n<p><span class=\"wpcf7-form-control-wrap\" data-name=\"your-name\"><input size=\"40\" maxlength=\"400\" class=\"wpcf7-form-control wpcf7-text wpcf7-validates-as-required\" aria-required=\"true\" aria-invalid=\"false\" placeholder=\"Ihr Name\" value=\"\" type=\"text\" name=\"your-name\" \/><\/span>\n<\/p>\n<p><span class=\"wpcf7-form-control-wrap\" data-name=\"your-email\"><input size=\"40\" maxlength=\"400\" class=\"wpcf7-form-control wpcf7-email wpcf7-validates-as-required wpcf7-text wpcf7-validates-as-email\" aria-required=\"true\" aria-invalid=\"false\" placeholder=\"Deine E-Mail\" value=\"\" type=\"email\" name=\"your-email\" \/><\/span>\n<\/p>\n<p><span class=\"wpcf7-form-control-wrap\" data-name=\"your-subject\"><input size=\"40\" maxlength=\"400\" class=\"wpcf7-form-control wpcf7-text wpcf7-validates-as-required\" aria-required=\"true\" aria-invalid=\"false\" placeholder=\"Nachricht Betreff\" value=\"\" type=\"text\" name=\"your-subject\" \/><\/span>\n<\/p>\n<p><span class=\"wpcf7-form-control-wrap\" data-name=\"your-message\"><textarea cols=\"40\" rows=\"10\" maxlength=\"2000\" class=\"wpcf7-form-control wpcf7-textarea\" aria-invalid=\"false\" placeholder=\"Geben Sie hier Ihre Nachricht ein...\" name=\"your-message\"><\/textarea><\/span>\n<\/p>\n<div style=\"display:none\">\n\t<p><span class=\"wpcf7-form-control-wrap form-url\" data-name=\"form-url\"><input type=\"text\" name=\"form-url\" class=\"wpcf7-form-control wpcf7-text wpcf7dtx wpcf7dtx-text\" aria-invalid=\"false\" value=\"https:\/\/glassbottlesmanufacturer.com\/de\/de\/wp-json\/wp\/v2\/pages\/7368\"><\/span>\n\t<\/p>\n<\/div>\n<div style=\"margin-bottom:10px;\">\n\t<p><span class=\"wpcf7-form-control-wrap kc_captcha\" data-name=\"kc_captcha\"><span class=\"wpcf7-form-control wpcf7-radio\"><span class=\"captcha-image\" ><span class=\"cf7ic_instructions\">Please prove you are human by selecting the<span> plane<\/span>.<\/span><label><input aria-label=\"1\" type=\"radio\" name=\"kc_captcha\" value=\"bot\" \/><svg aria-hidden=\"true\" role=\"img\" xmlns=\"http:\/\/www.w3.org\/2000\/svg\" viewbox=\"0 0 576 512\"><path fill=\"currentColor\" d=\"M488 313v143c0 13-11 24-24 24H348c-7 0-12-5-12-12V356c0-7-5-12-12-12h-72c-7 0-12 5-12 12v112c0 7-5 12-12 12H112c-13 0-24-11-24-24V313c0-4 2-7 4-10l188-154c5-4 11-4 16 0l188 154c2 3 4 6 4 10zm84-61l-84-69V44c0-6-5-12-12-12h-56c-7 0-12 6-12 12v73l-89-74a48 48 0 00-61 0L4 252c-5 4-5 12-1 17l25 31c5 5 12 5 17 1l235-193c5-4 11-4 16 0l235 193c5 5 13 4 17-1l25-31c4-6 4-13-1-17z\"\/><\/svg><\/label><label><input aria-label=\"2\" type=\"radio\" name=\"kc_captcha\" value=\"bot\" \/><svg aria-hidden=\"true\" role=\"img\" xmlns=\"http:\/\/www.w3.org\/2000\/svg\" viewbox=\"0 0 512 512\"><path fill=\"currentColor\" d=\"M350 99c-54 0-98-35-166-35-25 0-47 4-68 12a56 56 0 004-24C118 24 95 1 66 0a56 56 0 00-34 102v386c0 13 11 24 24 24h16c13 0 24-11 24-24v-94c28-12 64-23 114-23 54 0 98 35 166 35 48 0 86-16 122-41 9-6 14-15 14-26V96c0-23-24-39-45-29-35 16-77 32-117 32z\"\/><\/svg><\/label><label><input aria-label=\"3\" type=\"radio\" name=\"kc_captcha\" value=\"kc_human\" \/><svg aria-hidden=\"true\" role=\"img\" xmlns=\"http:\/\/www.w3.org\/2000\/svg\" viewbox=\"0 0 576 512\"><path fill=\"currentColor\" d=\"M472 200H360L256 6a12 12 0 00-10-6h-58c-8 0-14 7-12 15l34 185H100l-35-58a12 12 0 00-10-6H12c-8 0-13 7-12 14l21 106L0 362c-1 7 4 14 12 14h43c4 0 8-2 10-6l35-58h110l-34 185c-2 8 4 15 12 15h58a12 12 0 0010-6l104-194h112c57 0 104-25 104-56s-47-56-104-56z\"\/><\/svg><\/label>\r\n    <\/span>\r\n    <span style=\"display:none\">\r\n        <input type=\"text\" name=\"kc_honeypot\">\r\n    <\/span><\/span><\/span>\n\t<\/p>\n<\/div>\n<p><input class=\"wpcf7-form-control wpcf7-submit has-spinner\" type=\"submit\" value=\"Senden Sie Ihre Nachricht\" \/>\n<\/p><p style=\"display: none !important;\" class=\"akismet-fields-container\" data-prefix=\"_wpcf7_ak_\"><label>&#916;<textarea name=\"_wpcf7_ak_hp_textarea\" cols=\"45\" rows=\"8\" maxlength=\"100\"><\/textarea><\/label><input type=\"hidden\" id=\"ak_js_1\" name=\"_wpcf7_ak_js\" value=\"173\"\/><script>document.getElementById( \"ak_js_1\" ).setAttribute( \"value\", ( new Date() ).getTime() );<\/script><\/p><div class=\"wpcf7-response-output\" aria-hidden=\"true\"><\/div>\n<input type=\"hidden\" name=\"trp-form-language\" value=\"de\"\/><\/form>\n<\/div>\n<\/div><\/div><\/div><\/div>\n<\/div>","protected":false},"excerpt":{"rendered":"Bottle Packaging Bottle packaging materials are used to decorate and protect the bottle of the external packaging materials. They are designed to enhance the visual appeal of the product, provide brand information and protect the bottle from damage. Get Started If you have any questions you can always contact our support team which are available&hellip;","protected":false},"author":1,"featured_media":0,"parent":0,"menu_order":0,"comment_status":"closed","ping_status":"closed","template":"","meta":{"footnotes":""},"class_list":["post-7368","page","type-page","status-publish","hentry","entry","no-media"],"_links":{"self":[{"href":"https:\/\/glassbottlesmanufacturer.com\/de\/wp-json\/wp\/v2\/pages\/7368","targetHints":{"allow":["GET"]}}],"collection":[{"href":"https:\/\/glassbottlesmanufacturer.com\/de\/wp-json\/wp\/v2\/pages"}],"about":[{"href":"https:\/\/glassbottlesmanufacturer.com\/de\/wp-json\/wp\/v2\/types\/page"}],"author":[{"embeddable":true,"href":"https:\/\/glassbottlesmanufacturer.com\/de\/wp-json\/wp\/v2\/users\/1"}],"replies":[{"embeddable":true,"href":"https:\/\/glassbottlesmanufacturer.com\/de\/wp-json\/wp\/v2\/comments?post=7368"}],"version-history":[{"count":3,"href":"https:\/\/glassbottlesmanufacturer.com\/de\/wp-json\/wp\/v2\/pages\/7368\/revisions"}],"predecessor-version":[{"id":7422,"href":"https:\/\/glassbottlesmanufacturer.com\/de\/wp-json\/wp\/v2\/pages\/7368\/revisions\/7422"}],"wp:attachment":[{"href":"https:\/\/glassbottlesmanufacturer.com\/de\/wp-json\/wp\/v2\/media?parent=7368"}],"curies":[{"name":"wp","href":"https:\/\/api.w.org\/{rel}","templated":true}]}}