{"id":3944,"date":"2017-10-23T14:33:16","date_gmt":"2017-10-23T14:33:16","guid":{"rendered":"https:\/\/glassbottlesmanufacturer.com\/?post_type=product&#038;p=3944"},"modified":"2017-10-23T14:33:17","modified_gmt":"2017-10-23T14:33:17","slug":"700ml-whiskey-glasflasche-erste-qualitat","status":"publish","type":"product","link":"https:\/\/glassbottlesmanufacturer.com\/de\/groshandel\/700ml-whiskey-glasflasche-erste-qualitat\/","title":{"rendered":"700ML WHISKEY GLASFLASCHE ERSTE QUALIT\u00c4T"},"content":{"rendered":"<p>700ml Whiskey-Glasflasche mit erstklassiger Qualit\u00e4t, Whiskey-Glasflaschen kommt in der Regel mit einem Schraubverschluss oder einem T-Kork-Finish, beide sind sie manipulationssicher. Dieser Whiskey Glasflasche ist einer der hei\u00dfen Verkauf Modell, Export nach Amerika und Europa. HIKING Gro\u00dfhandel ersten Grades Qualit\u00e4t Whiskey-Flaschen, in wei\u00dfer Farbe und blauen Farben.<\/p>\n<h4><strong>Dekoration Anwendung<\/strong><\/h4>\n<p>HIKING Glasflaschenhersteller bietet eine F\u00fclle von tiefen Dekorationen und Multi-Surface-Behandlung f\u00fcr Whiskey Glasflasche. Sie k\u00f6nnen One-Stop-Service von HIKING Glasflasche Fabrik genie\u00dfen, wie Druck Logo auf Milchglasflaschen, Spr\u00fchen Farben auf der klaren Oberfl\u00e4che und UV-Galvanik gl\u00e4nzend und gl\u00e4nzend Farben, um den Markt Grad zu verbessern.<\/p>\n<h4><strong>Versand-\/Frachtinformationen<\/strong><\/h4>\n<ul>\n<li>Glatte Glasflaschen Vorr\u00e4tig 5-10 Tage.<\/li>\n<\/ul>\n<p>HIKING Glasflaschenhersteller liefern ausreichend Vorrat f\u00fcr Whiskey-Glasflaschen. HIKING Glasflasche Fabrik kann die Ladung mit einer Woche f\u00fcr Lager Glasflaschen liefern, wenn unsere Standard-Verpackungsmethode verwenden. F\u00fcr benutzerdefinierte farbige Box Verpackung, wird es mehr Zeit in Anspruch nehmen.<\/p>\n<ul>\n<li>Produktion Lagerbestand 7-15 Tage<\/li>\n<\/ul>\n<p>Wenn die Whiskey-Glasflaschen an der HIKING-Produktionslinie verf\u00fcgbar sind, k\u00f6nnen wir den Zeitplan f\u00fcr die Glasflaschen aktualisieren, um eine schnelle Lieferung zu gew\u00e4hrleisten. Eine Woche f\u00fcr einfache Whiskey-Glasflasche ohne Dekoration. Zwei Wochen f\u00fcr Whiskey Glasflasche mit Dekoration, wie Siebdruck, Zuckerguss, Spr\u00fchen, Galvanik, etc.<\/p>\n<ul>\n<li>Sonderbestellung 20-30 Tage<\/li>\n<\/ul>\n<p>HIKING glass bottle company hat in den vergangenen 10 Jahren Tausende von Glasflaschenformen entwickelt. Die meisten der Whiskey-Flaschen sind hei\u00dfer Verkauf in vielen L\u00e4ndern, vor allem f\u00fcr 750ml Wodka-Flasche, 700ml Brandy-Flasche, 75cl Whiskey Glasflasche, und 500ml Cognac Spirituosen Glasflaschen. Wenn eine Brennerei sich f\u00fcr die Glasflaschen von HIKING entscheidet, dann spart sie Kosten f\u00fcr die Form und kann schneller liefern. Diese Whiskey-Glasflaschen sind f\u00fcr einen schnellen Durchlauf verf\u00fcgbar, anstatt eine neue Form zu verbessern. Bei Standardverpackungen dauert es in der Regel 20 Tage f\u00fcr den Kauf von Glasflaschen in gro\u00dfen Mengen. Und 30 Tage f\u00fcr spezielle Verpackungen, wie farbige Box.<\/p>\n<ul>\n<li>Kundenspezifische Bestellung 40 Tage<\/li>\n<\/ul>\n<p>Einige Brennereien besitzen ihre eigenen exklusiven Spirituosenverpackungen, also haben sie auch ihre eigenen Glasflaschenverpackungen. Auf diese Weise, wenn sie ihre Glasflasche Zeichnung, oder Glasflasche Probe, sogar eine Glasflasche Bild, HIKING Glasflasche Lieferant wird entwickeln oder kopieren Sie eine gleiche Glasflasche. Wir k\u00f6nnen das Logo auf Whiskey-Glasflaschen einpr\u00e4gen und das Muster auf Schnapsflaschen aus Glas gravieren. Es dauert 15 Tage, um die Glasflaschenform herzustellen und die Glasflaschenmuster fertigzustellen. Eine offizielle Glasflaschenbestellung beginnt, nachdem die Schnapsflaschenmuster von den Kunden genehmigt wurden.<\/p>\n<h4><strong>Verpackung von Glasflaschen<\/strong><\/h4>\n<p>Die HIKING-Glasflaschenfabrik bietet eine sichere Verpackung f\u00fcr den Transport \u00fcber lange Zeitr\u00e4ume und weite Strecken, sowohl auf dem Land als auch auf dem Meer. Unsere Ingenieure bieten einige verschiedene Verpackungsmethoden an, um die Anforderungen des Kunden zu erf\u00fcllen. Wir bieten die wirtschaftlichsten L\u00f6sungen f\u00fcr die Verpackung von Glasflaschen an, abh\u00e4ngig von den verschiedenen Kosten, die im Land des Kunden anfallen.<\/p>\n<ul>\n<li>Standard-Kartonverpackung<\/li>\n<\/ul>\n<p>Kartonverpackungen sind ideal f\u00fcr Whiskey-Glasflaschen mit Dekoration, wie bedruckte Glasflaschen, und farbige Glasflaschen. Es gibt Karton Trennungen teilen jede Flasche, vermeiden von Reibung. Kartonverpackung ist weit verbreitet in den L\u00e4ndern, wo die Arbeitskosten niedrig sind.<\/p>\n<ul>\n<li>Palettenverpackung (ohne Begasung)<\/li>\n<\/ul>\n<p>Palettenverpackungen werden in der Regel f\u00fcr einfache Whiskeyflaschen und Klarglasflaschen ohne Oberfl\u00e4chenbehandlung verwendet. Der Vorteil der Palettenverpackung ist das einfache Be- und Entladen. Jede Flasche wird in Zeitungspapier oder PE-Beutel eingewickelt und an jedem einzelnen Platz befestigt. Palettenverpackungen werden h\u00e4ufig in L\u00e4ndern mit hohen Arbeitskosten verwendet.<\/p>\n<ul>\n<li>Kundenspezifische farbige Schachtelverpackungen<\/li>\n<\/ul>\n<p>HIKING Glas Spirituosenflaschen Hersteller akzeptieren auch farbige Box Verpackung. Brennereien verwenden in der Regel 6 St\u00fcck Glasflaschen pro Karton oder 12 St\u00fcck Glasflaschen pro Karton. HIKING hat einen neuen Verpackungskarton ohne Klebeband entwickelt, der stark genug f\u00fcr Spirituosenh\u00e4ndler ist. Je nach Kundenwunsch kann der Karton in gl\u00e4nzender oder matter Farbe ausgef\u00fchrt werden. Um die Box sicher zu machen und im Falle eines Kratzers, wird die farbige Box auf Paletten gestellt und mit Folie gesch\u00fctzt.<\/p>\n<h4>Bitte kontaktieren Sie unser Verkaufsteam f\u00fcr eine Anfrage \u00fcber Whiskey-Glasflaschen erster Qualit\u00e4t.<\/h4>","protected":false},"excerpt":{"rendered":"<table id=\"tablepress-44\" class=\"tablepress tablepress-id-44\">\n<thead>\n<tr class=\"row-1\">\n\t<th class=\"column-1\">PRODUKTNAME<\/th><th class=\"column-2\">700ML WHISKEY GLASFLASCHE ERSTE QUALIT\u00c4T<\/th>\n<\/tr>\n<\/thead>\n<tbody class=\"row-striping row-hover\">\n<tr class=\"row-2\">\n\t<td class=\"column-1\">FLASCHENGR\u00d6SSE<\/td><td class=\"column-2\">700ml<\/td>\n<\/tr>\n<tr class=\"row-3\">\n\t<td class=\"column-1\">MATERIAL<\/td><td class=\"column-2\">Erste Klasse<\/td>\n<\/tr>\n<tr class=\"row-4\">\n\t<td class=\"column-1\">FARBE<\/td><td class=\"column-2\">Wei\u00df<\/td>\n<\/tr>\n<tr class=\"row-5\">\n\t<td class=\"column-1\">HALS-FINISH<\/td><td class=\"column-2\">Kork-Finish<\/td>\n<\/tr>\n<tr class=\"row-6\">\n\t<td class=\"column-1\">FLASCHENFORM<\/td><td class=\"column-2\">Rund<\/td>\n<\/tr>\n<tr class=\"row-7\">\n\t<td class=\"column-1\">FLASCHENGEWICHT<\/td><td class=\"column-2\">680G<\/td>\n<\/tr>\n<tr class=\"row-8\">\n\t<td class=\"column-1\">FLASCHENH\u00d6HE<\/td><td class=\"column-2\">228MM\u00b12MM<\/td>\n<\/tr>\n<tr class=\"row-9\">\n\t<td class=\"column-1\">FLASCHENDURCHMESSER<\/td><td class=\"column-2\">92,4MM\u00b12MM<\/td>\n<\/tr>\n<\/tbody>\n<\/table>\n<!-- #tablepress-44 from cache -->","protected":false},"featured_media":3947,"comment_status":"open","ping_status":"closed","template":"","meta":[],"product_brand":[],"product_cat":[67],"product_tag":[],"class_list":{"0":"post-3944","1":"product","2":"type-product","3":"status-publish","4":"has-post-thumbnail","6":"product_cat-700ml-glass-bottles","7":"entry","8":"has-media","10":"first","11":"instock","12":"shipping-taxable","13":"product-type-simple"},"_links":{"self":[{"href":"https:\/\/glassbottlesmanufacturer.com\/de\/wp-json\/wp\/v2\/product\/3944","targetHints":{"allow":["GET"]}}],"collection":[{"href":"https:\/\/glassbottlesmanufacturer.com\/de\/wp-json\/wp\/v2\/product"}],"about":[{"href":"https:\/\/glassbottlesmanufacturer.com\/de\/wp-json\/wp\/v2\/types\/product"}],"replies":[{"embeddable":true,"href":"https:\/\/glassbottlesmanufacturer.com\/de\/wp-json\/wp\/v2\/comments?post=3944"}],"wp:featuredmedia":[{"embeddable":true,"href":"https:\/\/glassbottlesmanufacturer.com\/de\/wp-json\/wp\/v2\/media\/3947"}],"wp:attachment":[{"href":"https:\/\/glassbottlesmanufacturer.com\/de\/wp-json\/wp\/v2\/media?parent=3944"}],"wp:term":[{"taxonomy":"product_brand","embeddable":true,"href":"https:\/\/glassbottlesmanufacturer.com\/de\/wp-json\/wp\/v2\/product_brand?post=3944"},{"taxonomy":"product_cat","embeddable":true,"href":"https:\/\/glassbottlesmanufacturer.com\/de\/wp-json\/wp\/v2\/product_cat?post=3944"},{"taxonomy":"product_tag","embeddable":true,"href":"https:\/\/glassbottlesmanufacturer.com\/de\/wp-json\/wp\/v2\/product_tag?post=3944"}],"curies":[{"name":"wp","href":"https:\/\/api.w.org\/{rel}","templated":true}]}}