{"id":4236,"date":"2017-11-07T09:55:23","date_gmt":"2017-11-07T09:55:23","guid":{"rendered":"https:\/\/glassbottlesmanufacturer.com\/?post_type=product&#038;p=4236"},"modified":"2018-03-29T13:28:50","modified_gmt":"2018-03-29T13:28:50","slug":"hochwertige-750-ml-vsop-glasflaschen-fur-spirituosen","status":"publish","type":"product","link":"https:\/\/glassbottlesmanufacturer.com\/de\/groshandel\/hochwertige-750-ml-vsop-glasflaschen-fur-spirituosen\/","title":{"rendered":"HOCHWERTIGE 750-ML-VSOP-GLASFLASCHEN F\u00dcR SPIRITUOSEN"},"content":{"rendered":"<p>Als einer der ber\u00fchmtesten Hersteller von hochwertigen 750-ml-Vsop-Glasflaschen f\u00fcr Spirituosen hat HIKING Tausende von Formen f\u00fcr Spirituosenflaschen entwickelt. Diese Brandy-Stil Glasflasche ist eine der ersten Batch-Formen, traditionelle xo Verpackung Flaschen. Es gibt drei gravierte Platz auf der Flasche, zwei Seiten und die Unterseite. HIKING bietet 500ml, 700ml und 750ml f\u00fcr dieses Modell an, um den verschiedenen M\u00e4rkten gerecht zu werden. Alle drei Gr\u00f6\u00dfen haben einen dicken Boden mit ca. 25 mm Glasdicke, was die Qualit\u00e4t und das Aussehen der Flasche verbessert. Wie andere internationale Arten von Glasflaschen, kommt diese 750ml xo Lik\u00f6rflasche mit einem Bar-Top, verwenden Sie einen nat\u00fcrlichen Holzkorken auf die Flasche zu versiegeln. Die folgenden ist die Dekorationen, die wir auf dieser High-End-750ml-Glasflasche tun k\u00f6nnen.<\/p>\n<h4><strong>Dekoration Anwendung<\/strong><\/h4>\n<p>HIKING GLASS bietet eine F\u00fclle von tiefen Dekoren und eine vielseitige Oberfl\u00e4chenbehandlung f\u00fcr Spirituosenflaschen. Kunden genie\u00dfen bei uns Service aus einer Hand. Die am h\u00e4ufigsten verwendete Dekoration ist Siebdruck, Abziehbild, Hei\u00dfpr\u00e4gung und Glasur. F\u00fcr Abziehbilder gibt es Hochtemperatur- und Niedertemperaturverfahren, die einen gro\u00dfen Preisunterschied aufweisen, und der Druck kann bei hohen Temperaturen l\u00e4nger halten. Es gibt noch eine weitere Dekoration, die f\u00fcr hochwertige Spirituosenverpackungen immer beliebter wird: die Galvanisierung. Es gibt verschiedene Techniken f\u00fcr die Galvanisierung von hochwertigen 750-ml-Glasflaschen, z. B. UV-Galvanisierung, handgemalte Galvanisierung und einen neuen Effekt, der wie eine Faltengalvanisierung aussieht. Zum besseren Verst\u00e4ndnis k\u00f6nnen Sie sich gerne mit uns in Verbindung setzen und wir werden Ihnen die Bilder zeigen. Malerei ist eine gute Wahl, wenn Kunden brauchen eine farbige Glasflasche, sondern in einer kleinen Charge, akzeptieren wir kleine Menge f\u00fcr die Malerei Bestellungen, und viele viele Farben zur Verf\u00fcgung stehen.<\/p>\n<h4><strong>Versand-\/Frachtinformationen<\/strong><\/h4>\n<ul>\n<li>Glatte Glasflaschen Vorr\u00e4tig 5-10 Tage.<\/li>\n<\/ul>\n<p>HIKING GLASS verf\u00fcgt \u00fcber einen ausreichenden Vorrat an hochwertigen 750-ml-Glasflaschen. Wir k\u00f6nnen die Fracht mit einer Woche f\u00fcr Lager Glasflaschen liefern, wenn unsere Standard-Verpackungsmethode verwenden. F\u00fcr benutzerdefinierte farbige Box Verpackung, wird es l\u00e4nger dauern. Und wir k\u00f6nnen keine schnelle Lieferung versprechen, wenn Kunden Kappen und Schrumpffolienh\u00fcllen oder andere Ersatzteile kaufen, da wir dies mit unseren Partnern abkl\u00e4ren m\u00fcssen, die die Ersatzteile f\u00fcr Spirituosenverpackungen herstellen.<\/p>\n<ul>\n<li>Produktion Lagerbestand 7-15 Tage<\/li>\n<\/ul>\n<p>Wenn die Spirituosenflaschen an der HIKING-Produktionslinie verf\u00fcgbar sind, k\u00f6nnen wir den Zeitplan f\u00fcr die Glasflaschen aktualisieren, um eine schnelle Lieferung zu erm\u00f6glichen. Eine Woche f\u00fcr einfache Spirituosenflaschen ohne jegliche Dekoration. Zwei Wochen f\u00fcr Spirituosenflaschen mit Dekoration, wie Siebdruck, Zuckerguss, Spr\u00fchen, Galvanisieren, etc.<\/p>\n<ul>\n<li>Sonderbestellung 20-30 Tage<\/li>\n<\/ul>\n<p>HIKING GLASS hat in den vergangenen 10 Jahren Tausende von Glasflaschenformen entwickelt. Die meisten der Spirituosenflaschen sind hei\u00dfer Verkauf in vielen L\u00e4ndern, vor allem f\u00fcr 750ml Wodka-Flasche, 700ml Brandy-Flasche, 75cl Whiskey Glasflasche und 500ml Cognac Spirituosen Glasflaschen. Wenn eine Brennerei sich f\u00fcr die Glasflaschen von HIKING entscheidet, spart sie Kosten f\u00fcr die Form und hat eine schnellere Lieferzeit. Hochwertige 750-ml-Glasflaschen sind f\u00fcr einen schnellen Durchlauf verf\u00fcgbar, anstatt eine neue Form zu verbessern. Bei Standardverpackungen dauert es in der Regel 20 Tage, um eine Glasflasche in gro\u00dfen Mengen zu kaufen. Und 30 Tage f\u00fcr spezielle Verpackungen, wie farbige Box.<\/p>\n<ul>\n<li>Kundenspezifische Bestellung 40 Tage<\/li>\n<\/ul>\n<p>Einige Brennereien besitzen ihre eigenen exklusiven Spirituosenverpackungen, also haben sie auch ihre eigenen Glasflaschenverpackungen. Auf diese Weise, wenn sie ihre Glasflasche Zeichnung, oder Glasflasche Probe, sogar eine Glasflasche Bild, HIKING Glasflasche Lieferant wird entwickeln oder kopieren Sie eine gleiche Glasflasche. Wir k\u00f6nnen das Logo einpr\u00e4gen und das Muster auf die Glasflaschen gravieren. Es dauert 15 Tage, um die Glasflaschenform herzustellen und die Glasflaschenmuster fertigzustellen. Eine offizielle Glasflaschenbestellung beginnt nach der Genehmigung der Musterflaschen durch den Kunden.<\/p>\n<h4><strong>Verpackung von Glasflaschen<\/strong><\/h4>\n<p>HIKING GLASS bietet sichere Verpackungen f\u00fcr den Transport \u00fcber lange Zeitr\u00e4ume und weite Strecken sowohl auf dem Land als auch auf dem Meer. Unsere Ingenieure bieten verschiedene Verpackungsmethoden an, um die Anforderungen der Kunden zu erf\u00fcllen. Wir bieten die wirtschaftlichsten Verpackungsl\u00f6sungen f\u00fcr Glasflaschen an, je nach den im Land des Kunden verursachten Mehrfachkosten.<\/p>\n<ul>\n<li>Standard-Kartonverpackung<\/li>\n<\/ul>\n<p>Kartonverpackungen sind ideal f\u00fcr hochwertige 750-ml-Glasflaschen mit Dekoration, wie bedruckte Glasflaschen und farbige Glasflaschen. Es gibt Karton Trennungen teilen jede Flasche, vermeiden von Reibung. Kartonverpackung ist weit verbreitet in den L\u00e4ndern, wo die Arbeitskosten niedrig sind.<\/p>\n<ul>\n<li>Palettenverpackung (ohne Begasung)<\/li>\n<\/ul>\n<p>Palettenverpackungen werden in der Regel f\u00fcr einfache Whiskeyflaschen und Klarglasflaschen ohne Oberfl\u00e4chenbehandlung verwendet. Der Vorteil der Palettenverpackung ist das einfache Be- und Entladen. Jede Flasche wird in Zeitungspapier oder PE-Beutel eingewickelt und an jedem einzelnen Platz befestigt. Palettenverpackungen werden h\u00e4ufig in L\u00e4ndern mit hohen Arbeitskosten verwendet.<\/p>\n<ul>\n<li>Kundenspezifische farbige Schachtelverpackungen<\/li>\n<\/ul>\n<p>HIKING Glas Spirituosenflaschen Hersteller akzeptieren auch farbige Box Verpackung. Brennereien verwenden in der Regel 6 St\u00fcck Glasflaschen pro Karton oder 12 St\u00fcck Glasflaschen pro Karton. HIKING hat einen neuen Verpackungskarton ohne Klebeband entwickelt, der stark genug f\u00fcr Spirituosenh\u00e4ndler ist. Je nach Kundenwunsch kann der Karton in gl\u00e4nzender oder matter Farbe ausgef\u00fchrt werden. Um die Box sicher zu machen und im Falle eines Kratzers, wird die farbige Box auf Paletten gestellt und mit Folie gesch\u00fctzt.<\/p>\n<h4><strong>Kontaktieren Sie unser Verkaufsteam f\u00fcr eine Anfrage \u00fcber hochwertige 750ml Glasflaschen.<\/strong><\/h4>\n<div>\n<div class=\"wpcf7 no-js\" id=\"wpcf7-f19-o1\" lang=\"en-US\" dir=\"ltr\" data-wpcf7-id=\"19\">\n<div class=\"screen-reader-response\"><p role=\"status\" aria-live=\"polite\" aria-atomic=\"true\"><\/p> <ul><\/ul><\/div>\n<form action=\"\/de\/wp-json\/wp\/v2\/product\/4236#wpcf7-f19-o1\" method=\"post\" class=\"wpcf7-form init\" aria-label=\"Contact form\" novalidate=\"novalidate\" data-status=\"init\" data-trp-original-action=\"\/de\/wp-json\/wp\/v2\/product\/4236#wpcf7-f19-o1\">\n<fieldset class=\"hidden-fields-container\"><input type=\"hidden\" name=\"_wpcf7\" value=\"19\" \/><input type=\"hidden\" name=\"_wpcf7_version\" value=\"6.1.5\" \/><input type=\"hidden\" name=\"_wpcf7_locale\" value=\"en_US\" \/><input type=\"hidden\" name=\"_wpcf7_unit_tag\" value=\"wpcf7-f19-o1\" \/><input type=\"hidden\" name=\"_wpcf7_container_post\" value=\"0\" \/><input type=\"hidden\" name=\"_wpcf7_posted_data_hash\" value=\"\" \/><input type=\"hidden\" name=\"_wpcf7dtx_version\" value=\"5.0.5\" \/>\n<\/fieldset>\n<p hidden><span class=\"wpcf7-form-control-wrap dynamictext-312\" data-name=\"dynamictext-312\"><input type=\"text\" name=\"dynamictext-312\" class=\"wpcf7-form-control wpcf7-text wpcf7dtx wpcf7dtx-text\" aria-invalid=\"false\" value=\"HIGH END 750ML VSOP GLASS LIQUOR BOTTLES\"><\/span>\n<\/p>\n<p><span class=\"wpcf7-form-control-wrap\" data-name=\"your-name\"><input size=\"40\" maxlength=\"400\" class=\"wpcf7-form-control wpcf7-text wpcf7-validates-as-required\" aria-required=\"true\" aria-invalid=\"false\" placeholder=\"Ihr Name\" value=\"\" type=\"text\" name=\"your-name\" \/><\/span>\n<\/p>\n<p><span class=\"wpcf7-form-control-wrap\" data-name=\"your-email\"><input size=\"40\" maxlength=\"400\" class=\"wpcf7-form-control wpcf7-email wpcf7-validates-as-required wpcf7-text wpcf7-validates-as-email\" aria-required=\"true\" aria-invalid=\"false\" placeholder=\"Deine E-Mail\" value=\"\" type=\"email\" name=\"your-email\" \/><\/span>\n<\/p>\n<p><span class=\"wpcf7-form-control-wrap\" data-name=\"your-subject\"><input size=\"40\" maxlength=\"400\" class=\"wpcf7-form-control wpcf7-text wpcf7-validates-as-required\" aria-required=\"true\" aria-invalid=\"false\" placeholder=\"Nachricht Betreff\" value=\"\" type=\"text\" name=\"your-subject\" \/><\/span>\n<\/p>\n<p><span class=\"wpcf7-form-control-wrap\" data-name=\"your-message\"><textarea cols=\"40\" rows=\"10\" maxlength=\"2000\" class=\"wpcf7-form-control wpcf7-textarea\" aria-invalid=\"false\" placeholder=\"Geben Sie hier Ihre Nachricht ein...\" name=\"your-message\"><\/textarea><\/span>\n<\/p>\n<div style=\"display:none\">\n\t<p><span class=\"wpcf7-form-control-wrap form-url\" data-name=\"form-url\"><input type=\"text\" name=\"form-url\" class=\"wpcf7-form-control wpcf7-text wpcf7dtx wpcf7dtx-text\" aria-invalid=\"false\" value=\"https:\/\/glassbottlesmanufacturer.com\/de\/de\/wp-json\/wp\/v2\/product\/4236\"><\/span>\n\t<\/p>\n<\/div>\n<div style=\"margin-bottom:10px;\">\n\t<p><span class=\"wpcf7-form-control-wrap kc_captcha\" data-name=\"kc_captcha\"><span class=\"wpcf7-form-control wpcf7-radio\"><span class=\"captcha-image\" ><span class=\"cf7ic_instructions\">Please prove you are human by selecting the<span> flag<\/span>.<\/span><label><input aria-label=\"1\" type=\"radio\" name=\"kc_captcha\" value=\"bot\" \/><svg aria-hidden=\"true\" role=\"img\" xmlns=\"http:\/\/www.w3.org\/2000\/svg\" viewbox=\"0 0 512 512\"><path fill=\"currentColor\" d=\"M500 168h-55l-8-21a127 127 0 00-120-83H195a127 127 0 00-120 83l-8 21H12c-8 0-14 8-11 16l8 24a12 12 0 0011 8h29a64 64 0 00-33 56v48c0 16 6 31 16 42v62c0 13 11 24 24 24h48c13 0 24-11 24-24v-40h256v40c0 13 11 24 24 24h48c13 0 24-11 24-24v-62c10-11 16-26 16-42v-48c0-24-13-45-33-56h29a12 12 0 0011-8l8-24c3-8-3-16-11-16zm-365 2c9-25 33-42 60-42h122c27 0 51 17 60 42l15 38H120l15-38zM88 328a32 32 0 010-64c18 0 48 30 48 48s-30 16-48 16zm336 0c-18 0-48 2-48-16s30-48 48-48 32 14 32 32-14 32-32 32z\"\/><\/svg><\/label><label><input aria-label=\"2\" type=\"radio\" name=\"kc_captcha\" value=\"kc_human\" \/><svg aria-hidden=\"true\" role=\"img\" xmlns=\"http:\/\/www.w3.org\/2000\/svg\" viewbox=\"0 0 512 512\"><path fill=\"currentColor\" d=\"M350 99c-54 0-98-35-166-35-25 0-47 4-68 12a56 56 0 004-24C118 24 95 1 66 0a56 56 0 00-34 102v386c0 13 11 24 24 24h16c13 0 24-11 24-24v-94c28-12 64-23 114-23 54 0 98 35 166 35 48 0 86-16 122-41 9-6 14-15 14-26V96c0-23-24-39-45-29-35 16-77 32-117 32z\"\/><\/svg><\/label><label><input aria-label=\"3\" type=\"radio\" name=\"kc_captcha\" value=\"bot\" \/><svg aria-hidden=\"true\" role=\"img\" xmlns=\"http:\/\/www.w3.org\/2000\/svg\" viewbox=\"0 0 576 512\"><path fill=\"currentColor\" d=\"M472 200H360L256 6a12 12 0 00-10-6h-58c-8 0-14 7-12 15l34 185H100l-35-58a12 12 0 00-10-6H12c-8 0-13 7-12 14l21 106L0 362c-1 7 4 14 12 14h43c4 0 8-2 10-6l35-58h110l-34 185c-2 8 4 15 12 15h58a12 12 0 0010-6l104-194h112c57 0 104-25 104-56s-47-56-104-56z\"\/><\/svg><\/label>\r\n    <\/span>\r\n    <span style=\"display:none\">\r\n        <input type=\"text\" name=\"kc_honeypot\">\r\n    <\/span><\/span><\/span>\n\t<\/p>\n<\/div>\n<p><input class=\"wpcf7-form-control wpcf7-submit has-spinner\" type=\"submit\" value=\"Senden Sie Ihre Nachricht\" \/>\n<\/p><p style=\"display: none !important;\" class=\"akismet-fields-container\" data-prefix=\"_wpcf7_ak_\"><label>&#916;<textarea name=\"_wpcf7_ak_hp_textarea\" cols=\"45\" rows=\"8\" maxlength=\"100\"><\/textarea><\/label><input type=\"hidden\" id=\"ak_js_1\" name=\"_wpcf7_ak_js\" value=\"182\"\/><script>document.getElementById( \"ak_js_1\" ).setAttribute( \"value\", ( new Date() ).getTime() );<\/script><\/p><div class=\"wpcf7-response-output\" aria-hidden=\"true\"><\/div>\n<input type=\"hidden\" name=\"trp-form-language\" value=\"de\"\/><\/form>\n<\/div>\n<\/div>\n<p><!--5f39ae17-8c62-4a45-bc43-b32064c9388a:W3siYmxvY2tUeXBlIjoicGFyYWdyYXBoIiwic3R5bGVzIjp7ImFsaWduIjoibGVmdCIsImluZGVudCI6MCwidGV4dC1pbmRlbnQiOjAsImxpbmUtaGVpZ2h0IjoxLjc1fSwiYmxvY2tJZCI6IjQzMjItMTUyMTE4MzIwNDE4NiIsInJpY2hUZXh0Ijp7ImlzUmljaFRleHQiOnRydWUsImtlZXBMaW5lQnJlYWsiOnRydWUsImRhdGEiOlt7ImNoYXIiOiJbIn0seyJjaGFyIjoiYyJ9LHsiY2hhciI6Im8ifSx7ImNoYXIiOiJuIn0seyJjaGFyIjoidCJ9LHsiY2hhciI6ImEifSx7ImNoYXIiOiJjIn0seyJjaGFyIjoidCJ9LHsiY2hhciI6Ii0ifSx7ImNoYXIiOiJmIn0seyJjaGFyIjoibyJ9LHsiY2hhciI6InIifSx7ImNoYXIiOiJtIn0seyJjaGFyIjoiLSJ9LHsiY2hhciI6IjcifSx7ImNoYXIiOiIgIn0seyJjaGFyIjoiaSJ9LHsiY2hhciI6ImQifSx7ImNoYXIiOiI9In0seyJjaGFyIjoiXCIifSx7ImNoYXIiOiIxIn0seyJjaGFyIjoiOSJ9LHsiY2hhciI6IlwiIn0seyJjaGFyIjoiICJ9LHsiY2hhciI6InQifSx7ImNoYXIiOiJpIn0seyJjaGFyIjoidCJ9LHsiY2hhciI6ImwifSx7ImNoYXIiOiJlIn0seyJjaGFyIjoiPSJ9LHsiY2hhciI6IlwiIn0seyJjaGFyIjoiUyJ9LHsiY2hhciI6InUifSx7ImNoYXIiOiJzIn0seyJjaGFyIjoidCJ9LHsiY2hhciI6ImEifSx7ImNoYXIiOiJpIn0seyJjaGFyIjoibiJ9LHsiY2hhciI6ImEifSx7ImNoYXIiOiJiIn0seyJjaGFyIjoibCJ9LHsiY2hhciI6ImUifSx7ImNoYXIiOiIgIn0seyJjaGFyIjoiQyJ9LHsiY2hhciI6Im8ifSx7ImNoYXIiOiJuIn0seyJjaGFyIjoidCJ9LHsiY2hhciI6ImEifSx7ImNoYXIiOiJjIn0seyJjaGFyIjoidCJ9LHsiY2hhciI6IiAifSx7ImNoYXIiOiJQIn0seyJjaGFyIjoiYSJ9LHsiY2hhciI6ImcifSx7ImNoYXIiOiJlIn0seyJjaGFyIjoiXCIifSx7ImNoYXIiOiJdIn1dfX1d--><\/p>","protected":false},"excerpt":{"rendered":"<table id=\"tablepress-111\" class=\"tablepress tablepress-id-111\">\n<thead>\n<tr class=\"row-1\">\n\t<th class=\"column-1\">PRODUKTNAME<\/th><th class=\"column-2\">HOCHWERTIGE 750-ML-VSOP-GLASFLASCHEN F\u00dcR SPIRITUOSEN<\/th>\n<\/tr>\n<\/thead>\n<tbody class=\"row-striping row-hover\">\n<tr class=\"row-2\">\n\t<td class=\"column-1\">FLASCHENGR\u00d6SSE<\/td><td class=\"column-2\">750ML\/700ML\/500ML<\/td>\n<\/tr>\n<tr class=\"row-3\">\n\t<td class=\"column-1\">MATERIAL<\/td><td class=\"column-2\">Glas<\/td>\n<\/tr>\n<tr class=\"row-4\">\n\t<td class=\"column-1\">FARBE<\/td><td class=\"column-2\">Wei\u00df<\/td>\n<\/tr>\n<tr class=\"row-5\">\n\t<td class=\"column-1\">HALS-FINISH<\/td><td class=\"column-2\">Baraufsatz<\/td>\n<\/tr>\n<tr class=\"row-6\">\n\t<td class=\"column-1\">FLASCHENFORM<\/td><td class=\"column-2\">Wohnung<\/td>\n<\/tr>\n<tr class=\"row-7\">\n\t<td class=\"column-1\">FLASCHENGEWICHT<\/td><td class=\"column-2\">750G<\/td>\n<\/tr>\n<tr class=\"row-8\">\n\t<td class=\"column-1\">FLASCHENH\u00d6HE<\/td><td class=\"column-2\">212MM<\/td>\n<\/tr>\n<tr class=\"row-9\">\n\t<td class=\"column-1\">FLASCHENL\u00c4NGE<\/td><td class=\"column-2\">155MM<\/td>\n<\/tr>\n<tr class=\"row-10\">\n\t<td class=\"column-1\">FLASCHENBREITE<\/td><td class=\"column-2\">56,5MM<\/td>\n<\/tr>\n<\/tbody>\n<\/table>\n<!-- #tablepress-111 from cache -->","protected":false},"featured_media":4239,"comment_status":"open","ping_status":"closed","template":"","meta":[],"product_brand":[],"product_cat":[66,67,68],"product_tag":[],"class_list":{"0":"post-4236","1":"product","2":"type-product","3":"status-publish","4":"has-post-thumbnail","6":"product_cat-500ml-glass-bottles","7":"product_cat-700ml-glass-bottles","8":"product_cat-750ml-glass-bottles","9":"entry","10":"has-media","12":"first","13":"instock","14":"shipping-taxable","15":"product-type-simple"},"_links":{"self":[{"href":"https:\/\/glassbottlesmanufacturer.com\/de\/wp-json\/wp\/v2\/product\/4236","targetHints":{"allow":["GET"]}}],"collection":[{"href":"https:\/\/glassbottlesmanufacturer.com\/de\/wp-json\/wp\/v2\/product"}],"about":[{"href":"https:\/\/glassbottlesmanufacturer.com\/de\/wp-json\/wp\/v2\/types\/product"}],"replies":[{"embeddable":true,"href":"https:\/\/glassbottlesmanufacturer.com\/de\/wp-json\/wp\/v2\/comments?post=4236"}],"wp:featuredmedia":[{"embeddable":true,"href":"https:\/\/glassbottlesmanufacturer.com\/de\/wp-json\/wp\/v2\/media\/4239"}],"wp:attachment":[{"href":"https:\/\/glassbottlesmanufacturer.com\/de\/wp-json\/wp\/v2\/media?parent=4236"}],"wp:term":[{"taxonomy":"product_brand","embeddable":true,"href":"https:\/\/glassbottlesmanufacturer.com\/de\/wp-json\/wp\/v2\/product_brand?post=4236"},{"taxonomy":"product_cat","embeddable":true,"href":"https:\/\/glassbottlesmanufacturer.com\/de\/wp-json\/wp\/v2\/product_cat?post=4236"},{"taxonomy":"product_tag","embeddable":true,"href":"https:\/\/glassbottlesmanufacturer.com\/de\/wp-json\/wp\/v2\/product_tag?post=4236"}],"curies":[{"name":"wp","href":"https:\/\/api.w.org\/{rel}","templated":true}]}}