{"id":4330,"date":"2018-02-26T14:40:46","date_gmt":"2018-02-26T14:40:46","guid":{"rendered":"https:\/\/glassbottlesmanufacturer.com\/?post_type=product&#038;p=4330"},"modified":"2018-03-29T07:03:48","modified_gmt":"2018-03-29T07:03:48","slug":"super-flint-glas-700ml-cognac-flasche","status":"publish","type":"product","link":"https:\/\/glassbottlesmanufacturer.com\/de\/groshandel\/super-flint-glas-700ml-cognac-flasche\/","title":{"rendered":"SUPER FLINT GLAS 700ML COGNAC FLASCHE"},"content":{"rendered":"<p>Super Flint Glas 700ml Cognac-Flasche ist eine der hei\u00dfesten Verkauf Cognac-Flasche, die flache Form ist speziell und elegant. Die gro\u00dfen Etikettenfelder, die sowohl auf der Vorder- als auch auf der R\u00fcckseite eingraviert sind, sind ideal f\u00fcr die Beschriftung und den Druck. Der dicke Glasboden macht die Flasche noch attraktiver. Die Marke des Kunden wird auf dem Glas eingepr\u00e4gt.<\/p>\n<figure id=\"attachment_4368\" aria-describedby=\"caption-attachment-4368\" style=\"width: 1776px\" class=\"wp-caption aligncenter\"><img loading=\"lazy\" decoding=\"async\" class=\"wp-image-4368 size-full\" src=\"https:\/\/glassbottlesmanufacturer.com\/wp-content\/uploads\/2018\/02\/Glass-Bottle-Supplier.jpg\" alt=\"Spirituosenflaschen-Lieferant\" width=\"1776\" height=\"712\" srcset=\"https:\/\/glassbottlesmanufacturer.com\/wp-content\/uploads\/2018\/02\/Glass-Bottle-Supplier.jpg 1776w, https:\/\/glassbottlesmanufacturer.com\/wp-content\/uploads\/2018\/02\/Glass-Bottle-Supplier-600x241.jpg 600w, https:\/\/glassbottlesmanufacturer.com\/wp-content\/uploads\/2018\/02\/Glass-Bottle-Supplier-300x120.jpg 300w, https:\/\/glassbottlesmanufacturer.com\/wp-content\/uploads\/2018\/02\/Glass-Bottle-Supplier-768x308.jpg 768w, https:\/\/glassbottlesmanufacturer.com\/wp-content\/uploads\/2018\/02\/Glass-Bottle-Supplier-1024x411.jpg 1024w\" sizes=\"auto, (max-width: 1776px) 100vw, 1776px\" \/><figcaption id=\"caption-attachment-4368\" class=\"wp-caption-text\">Spirituosenflaschen-Lieferant - HIKING GLASS<\/figcaption><\/figure>\n<h4>DETAILS zu 700ml COGNAC BOTTLE<\/h4>\n<p><a href=\"https:\/\/glassbottlesmanufacturer.com\/wp-content\/uploads\/2018\/02\/700ml-cognac-bottle-2.jpg\"><img loading=\"lazy\" decoding=\"async\" class=\"wp-image-4352 size-full\" src=\"https:\/\/glassbottlesmanufacturer.com\/wp-content\/uploads\/2018\/02\/700ml-cognac-bottle-2.jpg\" alt=\"700ml Flasche Cognac\" width=\"1776\" height=\"712\" srcset=\"https:\/\/glassbottlesmanufacturer.com\/wp-content\/uploads\/2018\/02\/700ml-cognac-bottle-2.jpg 1776w, https:\/\/glassbottlesmanufacturer.com\/wp-content\/uploads\/2018\/02\/700ml-cognac-bottle-2-600x241.jpg 600w, https:\/\/glassbottlesmanufacturer.com\/wp-content\/uploads\/2018\/02\/700ml-cognac-bottle-2-300x120.jpg 300w, https:\/\/glassbottlesmanufacturer.com\/wp-content\/uploads\/2018\/02\/700ml-cognac-bottle-2-768x308.jpg 768w, https:\/\/glassbottlesmanufacturer.com\/wp-content\/uploads\/2018\/02\/700ml-cognac-bottle-2-1024x411.jpg 1024w\" sizes=\"auto, (max-width: 1776px) 100vw, 1776px\" \/><\/a><\/p>\n<p><strong>Dekoration Anwendung<\/strong><\/p>\n<ul>\n<li>Aufkleber und Logodruck auf Spirituosenflaschen, OEM ist sehr willkommen.<\/li>\n<li>Frostglasflaschen werden f\u00fcr Wodkaflaschen immer beliebter.<\/li>\n<li>Das Pr\u00e4gen wird h\u00e4ufig f\u00fcr kundenspezifische Wodka-, Schnaps- und Tequilaflaschen aus Glas sowie f\u00fcr andere Spirituosen verwendet. Wir pr\u00e4gen oder gravieren den Markennamen oder das Logo des Kunden direkt auf das Glas, was bedeutet, dass die Form im Besitz der Brennerei ist.<\/li>\n<li>Die Galvanisierung verleiht Glasflaschen einen gl\u00e4nzenden und hellen Eindruck. Diese Art von Flaschen ist in der Regel sehr kostspielig und f\u00fcr hochwertige M\u00e4rkte bestimmt.<\/li>\n<\/ul>\n<h4><strong>Shi<\/strong><strong>pping\/Freight Informationen<\/strong><\/h4>\n<p>Als eine der gr\u00f6\u00dften Glasflaschenfabriken in China verf\u00fcgen wir \u00fcber einen ausreichenden Vorrat an hei\u00df begehrten Flaschen, bei denen es sich meist um unsere Standardglasflaschen handelt. Also, die 7-10 Tage geliefert dringende Auftr\u00e4ge sind f\u00fcr hei\u00dfen Verkauf Jahreszeiten, wie Weihnachten Verkauf und Neujahr Verkauf zur Verf\u00fcgung.<\/p>\n<ul>\n<li>Mit \u00fcber 10 Jahren Erfahrung in der Herstellung von Glasflaschen haben wir Tausende von Glasflaschenmodellen entwickelt. Wir haben verschiedene Arten von Flaschendesigns f\u00fcr die Wahl des Kunden, meist k\u00f6nnen die Kunden ihre Lieblings-Glasflaschen von HIKING bestehen Flaschen, die bereit Form sind zu finden. Die Lieferzeit f\u00fcr solche Auftr\u00e4ge betr\u00e4gt 25-30 Tage.<\/li>\n<li>Einige Brennereiunternehmen besitzen ihre exklusiven Schnapsflaschen. Wenn Sie uns die Zeichnung einer Glasflasche, ein Muster oder sogar ein Bild einer Glasflasche zur Verf\u00fcgung stellen, werden wir eine solche Glasflasche entwickeln oder kopieren. Die Vorlaufzeit f\u00fcr die Form betr\u00e4gt 15 Tage.<\/li>\n<\/ul>\n<h4><strong>Verpackung von Glasflaschen<\/strong><\/h4>\n<ul>\n<li>Standardkartonverpackungen werden f\u00fcr Glasflaschen im Druck verwendet. Um Reibung zu vermeiden, ist eine Klappe vorhanden.<\/li>\n<li>Die Palettenverpackung ist eine einfache Methode f\u00fcr das Be- und Entladen von Glasflaschen. Es ist auch die wirtschaftlichste Verpackungsmethode f\u00fcr Spirituosenflaschen.<\/li>\n<li>Individuelle farbige Schachteln sind die komplizierteste Verpackung f\u00fcr Glasflaschen. Kunden bieten die Box Artworks, Glasflasche Unternehmen bieten Flaschen und Boxen, die nach dem F\u00fcllen wiederverwendbar sind.<\/li>\n<\/ul>\n<figure id=\"attachment_4365\" aria-describedby=\"caption-attachment-4365\" style=\"width: 1776px\" class=\"wp-caption aligncenter\"><img loading=\"lazy\" decoding=\"async\" class=\"wp-image-4365 size-full\" src=\"https:\/\/glassbottlesmanufacturer.com\/wp-content\/uploads\/2018\/02\/heise-1.png\" alt=\"Lieferant f\u00fcr Glasflaschen - HIKING GLASS\" width=\"1776\" height=\"712\" srcset=\"https:\/\/glassbottlesmanufacturer.com\/wp-content\/uploads\/2018\/02\/heise-1.png 1776w, https:\/\/glassbottlesmanufacturer.com\/wp-content\/uploads\/2018\/02\/heise-1-600x241.png 600w, https:\/\/glassbottlesmanufacturer.com\/wp-content\/uploads\/2018\/02\/heise-1-300x120.png 300w, https:\/\/glassbottlesmanufacturer.com\/wp-content\/uploads\/2018\/02\/heise-1-768x308.png 768w, https:\/\/glassbottlesmanufacturer.com\/wp-content\/uploads\/2018\/02\/heise-1-1024x411.png 1024w\" sizes=\"auto, (max-width: 1776px) 100vw, 1776px\" \/><figcaption id=\"caption-attachment-4365\" class=\"wp-caption-text\">Lieferant f\u00fcr Glasflaschen - HIKING GLASS<\/figcaption><\/figure>\n<p><!--more--><\/p>\n<p>Glas ist ein ganz besonderes Material, die Verwendung von Glasflaschen in unserem Leben ist auch eine breite Palette, und mit der kontinuierlichen Verbesserung des Lebensstandards, wir sind st\u00e4ndig die Anforderungen an die Verpackung, so dass unsere Glasflasche Verpackungsindustrie hat eine Menge Raum f\u00fcr die Entwicklung.<\/p>\n<p>Die Verpackung von Glasflaschen spielt eine unersetzliche Rolle beim Schutz von Lebensmitteln vor Kontamination durch externe Mikroorganismen oder andere Stoffe und bei der Verhinderung oder Verringerung der Oxidation von Lebensmitteln und anderer Reaktionen. Glasflaschen sind f\u00fcr das menschliche Leben unverzichtbar. Um sich an das Gesch\u00e4ft zu binden und die Verbraucher anzuziehen, neigen die Verpackungshersteller dazu, sich nur auf die Sch\u00f6nheit und Einzigartigkeit der Verpackung zu konzentrieren und ignorieren dabei Faktoren wie die Recyclingfreundlichkeit und die leichte Zerlegbarkeit.<\/p>\n<p>Bei der Herstellung von Glasflaschen werden nicht nur die Rohstoffquellen f\u00fcr den Entwurf und die Produktionsprozesse ber\u00fccksichtigt, sondern auch der Energieverbrauch bei der Verarbeitung, die Umweltverschmutzung, der Transport, die Lagerung und die Besch\u00e4digung w\u00e4hrend des Verkaufsprozesses und die Verwertung nach dem Verbrauch der Produkte. Zusammenfassend l\u00e4sst sich sagen, dass Glasflaschenfabrik, Lebensmittelverpackungsunternehmen bei der Umsetzung der nachhaltigen Entwicklung in Richtung der sicheren und transparenten Richtung sein sollten.<\/p>\n<p>Glasverpackungen f\u00fcr die Entwicklung unserer Industrie ist eine sehr wichtige Rolle, so dass das Wissen der Glasverpackungen, bitte halten Sie ein Auge auf uns.<\/p>\n<h4>SEHEN SIE SICH AN, WIE COGNACFLASCHEN AUF EINER VOLLAUTOMATISCHEN MASCHINE HERGESTELLT WERDEN<\/h4>\n<div style=\"width: 720px;\" class=\"wp-video\"><video class=\"wp-video-shortcode\" id=\"video-4330-1\" width=\"720\" height=\"404\" preload=\"metadata\" controls=\"controls\"><source type=\"video\/mp4\" src=\"https:\/\/glassbottlesmanufacturer.com\/wp-content\/uploads\/2018\/02\/HIKING-GLASS-\u8c37\u6b4c\u89c6\u9891.mp4?_=1\" \/><a href=\"https:\/\/glassbottlesmanufacturer.com\/wp-content\/uploads\/2018\/02\/HIKING-GLASS-\u8c37\u6b4c\u89c6\u9891.mp4\">https:\/\/glassbottlesmanufacturer.com\/wp-content\/uploads\/2018\/02\/HIKING-GLASS-\u8c37\u6b4c\u89c6\u9891.mp4<\/a><\/video><\/div>\n\n<div class=\"wpcf7 no-js\" id=\"wpcf7-f19-o1\" lang=\"en-US\" dir=\"ltr\" data-wpcf7-id=\"19\">\n<div class=\"screen-reader-response\"><p role=\"status\" aria-live=\"polite\" aria-atomic=\"true\"><\/p> <ul><\/ul><\/div>\n<form action=\"\/de\/wp-json\/wp\/v2\/product\/4330#wpcf7-f19-o1\" method=\"post\" class=\"wpcf7-form init\" aria-label=\"Contact form\" novalidate=\"novalidate\" data-status=\"init\" data-trp-original-action=\"\/de\/wp-json\/wp\/v2\/product\/4330#wpcf7-f19-o1\">\n<fieldset class=\"hidden-fields-container\"><input type=\"hidden\" name=\"_wpcf7\" value=\"19\" \/><input type=\"hidden\" name=\"_wpcf7_version\" value=\"6.1.5\" \/><input type=\"hidden\" name=\"_wpcf7_locale\" value=\"en_US\" \/><input type=\"hidden\" name=\"_wpcf7_unit_tag\" value=\"wpcf7-f19-o1\" \/><input type=\"hidden\" name=\"_wpcf7_container_post\" value=\"0\" \/><input type=\"hidden\" name=\"_wpcf7_posted_data_hash\" value=\"\" \/><input type=\"hidden\" name=\"_wpcf7dtx_version\" value=\"5.0.5\" \/>\n<\/fieldset>\n<p hidden><span class=\"wpcf7-form-control-wrap dynamictext-312\" data-name=\"dynamictext-312\"><input type=\"text\" name=\"dynamictext-312\" class=\"wpcf7-form-control wpcf7-text wpcf7dtx wpcf7dtx-text\" aria-invalid=\"false\" value=\"SUPER FLINT GLASS 700ML COGNAC BOTTLE\"><\/span>\n<\/p>\n<p><span class=\"wpcf7-form-control-wrap\" data-name=\"your-name\"><input size=\"40\" maxlength=\"400\" class=\"wpcf7-form-control wpcf7-text wpcf7-validates-as-required\" aria-required=\"true\" aria-invalid=\"false\" placeholder=\"Ihr Name\" value=\"\" type=\"text\" name=\"your-name\" \/><\/span>\n<\/p>\n<p><span class=\"wpcf7-form-control-wrap\" data-name=\"your-email\"><input size=\"40\" maxlength=\"400\" class=\"wpcf7-form-control wpcf7-email wpcf7-validates-as-required wpcf7-text wpcf7-validates-as-email\" aria-required=\"true\" aria-invalid=\"false\" placeholder=\"Deine E-Mail\" value=\"\" type=\"email\" name=\"your-email\" \/><\/span>\n<\/p>\n<p><span class=\"wpcf7-form-control-wrap\" data-name=\"your-subject\"><input size=\"40\" maxlength=\"400\" class=\"wpcf7-form-control wpcf7-text wpcf7-validates-as-required\" aria-required=\"true\" aria-invalid=\"false\" placeholder=\"Nachricht Betreff\" value=\"\" type=\"text\" name=\"your-subject\" \/><\/span>\n<\/p>\n<p><span class=\"wpcf7-form-control-wrap\" data-name=\"your-message\"><textarea cols=\"40\" rows=\"10\" maxlength=\"2000\" class=\"wpcf7-form-control wpcf7-textarea\" aria-invalid=\"false\" placeholder=\"Geben Sie hier Ihre Nachricht ein...\" name=\"your-message\"><\/textarea><\/span>\n<\/p>\n<div style=\"display:none\">\n\t<p><span class=\"wpcf7-form-control-wrap form-url\" data-name=\"form-url\"><input type=\"text\" name=\"form-url\" class=\"wpcf7-form-control wpcf7-text wpcf7dtx wpcf7dtx-text\" aria-invalid=\"false\" value=\"https:\/\/glassbottlesmanufacturer.com\/de\/de\/wp-json\/wp\/v2\/product\/4330\"><\/span>\n\t<\/p>\n<\/div>\n<div style=\"margin-bottom:10px;\">\n\t<p><span class=\"wpcf7-form-control-wrap kc_captcha\" data-name=\"kc_captcha\"><span class=\"wpcf7-form-control wpcf7-radio\"><span class=\"captcha-image\" ><span class=\"cf7ic_instructions\">Please prove you are human by selecting the<span> heart<\/span>.<\/span><label><input aria-label=\"1\" type=\"radio\" name=\"kc_captcha\" value=\"kc_human\" \/><svg aria-hidden=\"true\" role=\"img\" xmlns=\"http:\/\/www.w3.org\/2000\/svg\" viewbox=\"0 0 576 512\"><path fill=\"currentColor\" d=\"M415 24c-53 0-103 42-127 65-24-23-74-65-127-65C70 24 16 77 16 166c0 72 67 133 69 135l187 181c9 8 23 8 32 0l187-180c2-3 69-64 69-136 0-89-54-142-145-142z\"\/><\/svg><\/label><label><input aria-label=\"2\" type=\"radio\" name=\"kc_captcha\" value=\"bot\" \/><svg aria-hidden=\"true\" role=\"img\" xmlns=\"http:\/\/www.w3.org\/2000\/svg\" viewbox=\"0 0 512 512\"><path fill=\"currentColor\" d=\"M512 176a176 176 0 01-209 173l-24 27a24 24 0 01-18 8h-37v40c0 13-11 24-24 24h-40v40c0 13-11 24-24 24H24c-13 0-24-11-24-24v-78c0-6 3-13 7-17l162-162a176 176 0 11343-55zm-176-48a48 48 0 1096 0 48 48 0 00-96 0z\"\/><\/svg><\/label><label><input aria-label=\"3\" type=\"radio\" name=\"kc_captcha\" value=\"bot\" \/><svg aria-hidden=\"true\" role=\"img\" xmlns=\"http:\/\/www.w3.org\/2000\/svg\" viewbox=\"0 0 640 512\"><path fill=\"currentColor\" d=\"M624 352h-16V244c0-13-5-25-14-34L494 110c-9-9-21-14-34-14h-44V48c0-26-21-48-48-48H48C22 0 0 22 0 48v320c0 27 22 48 48 48h16a96 96 0 00192 0h128a96 96 0 00192 0h48c9 0 16-7 16-16v-32c0-9-7-16-16-16zM160 464a48 48 0 110-96 48 48 0 010 96zm320 0a48 48 0 110-96 48 48 0 010 96zm80-208H416V144h44l100 100v12z\"\/><\/svg><\/label>\r\n    <\/span>\r\n    <span style=\"display:none\">\r\n        <input type=\"text\" name=\"kc_honeypot\">\r\n    <\/span><\/span><\/span>\n\t<\/p>\n<\/div>\n<p><input class=\"wpcf7-form-control wpcf7-submit has-spinner\" type=\"submit\" value=\"Senden Sie Ihre Nachricht\" \/>\n<\/p><p style=\"display: none !important;\" class=\"akismet-fields-container\" data-prefix=\"_wpcf7_ak_\"><label>&#916;<textarea name=\"_wpcf7_ak_hp_textarea\" cols=\"45\" rows=\"8\" maxlength=\"100\"><\/textarea><\/label><input type=\"hidden\" id=\"ak_js_1\" name=\"_wpcf7_ak_js\" value=\"159\"\/><script>document.getElementById( \"ak_js_1\" ).setAttribute( \"value\", ( new Date() ).getTime() );<\/script><\/p><div class=\"wpcf7-response-output\" aria-hidden=\"true\"><\/div>\n<input type=\"hidden\" name=\"trp-form-language\" value=\"de\"\/><\/form>\n<\/div>","protected":false},"excerpt":{"rendered":"<table id=\"tablepress-121\" class=\"tablepress tablepress-id-121\">\n<thead>\n<tr class=\"row-1\">\n\t<th class=\"column-1\">PRODUKTNAME<\/th><th class=\"column-2\">SUPER FLINT GLAS 700ML COGNAC FLASCHE<\/th>\n<\/tr>\n<\/thead>\n<tbody class=\"row-striping row-hover\">\n<tr class=\"row-2\">\n\t<td class=\"column-1\">REFERENZ<\/td><td class=\"column-2\">HK-191<\/td>\n<\/tr>\n<tr class=\"row-3\">\n\t<td class=\"column-1\">FARBEN DES GLASES<\/td><td class=\"column-2\">SUPERFLINT\/EXTRAWEISSER FEUERSTEIN<\/td>\n<\/tr>\n<tr class=\"row-4\">\n\t<td class=\"column-1\">FLASCHENFORM<\/td><td class=\"column-2\">SPEZIELL \/ KUNDENSPEZIFISCH<\/td>\n<\/tr>\n<tr class=\"row-5\">\n\t<td class=\"column-1\">ENDE<\/td><td class=\"column-2\">KORK<\/td>\n<\/tr>\n<tr class=\"row-6\">\n\t<td class=\"column-1\">DURCHMESSER DER EINGANGSBOHRUNG<\/td><td class=\"column-2\">22,5 mm<\/td>\n<\/tr>\n<tr class=\"row-7\">\n\t<td class=\"column-1\">DICKE DES GLASBODENS<\/td><td class=\"column-2\">21,6 mm<\/td>\n<\/tr>\n<tr class=\"row-8\">\n\t<td class=\"column-1\">FLASCHENH\u00d6HE<\/td><td class=\"column-2\">192,2 mm<\/td>\n<\/tr>\n<tr class=\"row-9\">\n\t<td class=\"column-1\">LENGTH<\/td><td class=\"column-2\">171,6 mm<\/td>\n<\/tr>\n<tr class=\"row-10\">\n\t<td class=\"column-1\">BREITE<\/td><td class=\"column-2\">61,1 mm<\/td>\n<\/tr>\n<\/tbody>\n<\/table>\n<!-- #tablepress-121 from cache -->","protected":false},"featured_media":4370,"comment_status":"closed","ping_status":"closed","template":"","meta":[],"product_brand":[],"product_cat":[67],"product_tag":[],"class_list":{"0":"post-4330","1":"product","2":"type-product","3":"status-publish","4":"has-post-thumbnail","6":"product_cat-700ml-glass-bottles","7":"entry","8":"has-media","10":"first","11":"instock","12":"shipping-taxable","13":"product-type-simple"},"_links":{"self":[{"href":"https:\/\/glassbottlesmanufacturer.com\/de\/wp-json\/wp\/v2\/product\/4330","targetHints":{"allow":["GET"]}}],"collection":[{"href":"https:\/\/glassbottlesmanufacturer.com\/de\/wp-json\/wp\/v2\/product"}],"about":[{"href":"https:\/\/glassbottlesmanufacturer.com\/de\/wp-json\/wp\/v2\/types\/product"}],"replies":[{"embeddable":true,"href":"https:\/\/glassbottlesmanufacturer.com\/de\/wp-json\/wp\/v2\/comments?post=4330"}],"wp:featuredmedia":[{"embeddable":true,"href":"https:\/\/glassbottlesmanufacturer.com\/de\/wp-json\/wp\/v2\/media\/4370"}],"wp:attachment":[{"href":"https:\/\/glassbottlesmanufacturer.com\/de\/wp-json\/wp\/v2\/media?parent=4330"}],"wp:term":[{"taxonomy":"product_brand","embeddable":true,"href":"https:\/\/glassbottlesmanufacturer.com\/de\/wp-json\/wp\/v2\/product_brand?post=4330"},{"taxonomy":"product_cat","embeddable":true,"href":"https:\/\/glassbottlesmanufacturer.com\/de\/wp-json\/wp\/v2\/product_cat?post=4330"},{"taxonomy":"product_tag","embeddable":true,"href":"https:\/\/glassbottlesmanufacturer.com\/de\/wp-json\/wp\/v2\/product_tag?post=4330"}],"curies":[{"name":"wp","href":"https:\/\/api.w.org\/{rel}","templated":true}]}}