{"id":6071,"date":"2024-02-19T03:28:35","date_gmt":"2024-02-19T03:28:35","guid":{"rendered":"https:\/\/glassbottlesmanufacturer.com\/?post_type=product&#038;p=6071"},"modified":"2024-02-22T09:44:43","modified_gmt":"2024-02-22T09:44:43","slug":"gin-bottle-square-glass-bottle-700ml-bottle-liquor-bottle-hiking-glass","status":"publish","type":"product","link":"https:\/\/glassbottlesmanufacturer.com\/de\/groshandel\/gin-bottle-square-glass-bottle-700ml-bottle-liquor-bottle-hiking-glass\/","title":{"rendered":"Beliebte quadratische 700ML Glas-Gin-Flasche"},"content":{"rendered":"<p>HK-009 the hot sale 700ml gin bottles , which was customized by one of our client, there is a round embossed logo in the front. The long neck like a gentle man noble and handsome. Like HIKING GLASS other bottles, this one is also produced use extra white flint material.<\/p>\n<figure id=\"attachment_4368\" aria-describedby=\"caption-attachment-4368\" style=\"width: 980px\" class=\"wp-caption aligncenter\"><img loading=\"lazy\" decoding=\"async\" class=\"wp-image-4368 size-large\" src=\"https:\/\/glassbottlesmanufacturer.com\/wp-content\/uploads\/2018\/02\/Glass-Bottle-Supplier-1024x411.jpg\" alt=\"Spirituosenflaschen-Lieferant\" width=\"980\" height=\"393\" srcset=\"https:\/\/glassbottlesmanufacturer.com\/wp-content\/uploads\/2018\/02\/Glass-Bottle-Supplier-1024x411.jpg 1024w, https:\/\/glassbottlesmanufacturer.com\/wp-content\/uploads\/2018\/02\/Glass-Bottle-Supplier-600x241.jpg 600w, https:\/\/glassbottlesmanufacturer.com\/wp-content\/uploads\/2018\/02\/Glass-Bottle-Supplier-300x120.jpg 300w, https:\/\/glassbottlesmanufacturer.com\/wp-content\/uploads\/2018\/02\/Glass-Bottle-Supplier-768x308.jpg 768w, https:\/\/glassbottlesmanufacturer.com\/wp-content\/uploads\/2018\/02\/Glass-Bottle-Supplier.jpg 1776w\" sizes=\"auto, (max-width: 980px) 100vw, 980px\" \/><figcaption id=\"caption-attachment-4368\" class=\"wp-caption-text\">Spirituosenflaschen-Lieferant - HIKING GLASS<\/figcaption><\/figure>\n<h4>Check other 700ml gin bottles<\/h4>\n<figure id=\"attachment_4401\" aria-describedby=\"caption-attachment-4401\" style=\"width: 1740px\" class=\"wp-caption aligncenter\"><img loading=\"lazy\" decoding=\"async\" class=\"size-full wp-image-4401\" src=\"https:\/\/glassbottlesmanufacturer.com\/wp-content\/uploads\/2018\/03\/Similar-cognac-bottle.jpg\" alt=\"750ml Wodka Flasche\" width=\"1740\" height=\"700\" srcset=\"https:\/\/glassbottlesmanufacturer.com\/wp-content\/uploads\/2018\/03\/Similar-cognac-bottle.jpg 1740w, https:\/\/glassbottlesmanufacturer.com\/wp-content\/uploads\/2018\/03\/Similar-cognac-bottle-600x241.jpg 600w, https:\/\/glassbottlesmanufacturer.com\/wp-content\/uploads\/2018\/03\/Similar-cognac-bottle-300x121.jpg 300w, https:\/\/glassbottlesmanufacturer.com\/wp-content\/uploads\/2018\/03\/Similar-cognac-bottle-768x309.jpg 768w, https:\/\/glassbottlesmanufacturer.com\/wp-content\/uploads\/2018\/03\/Similar-cognac-bottle-1024x412.jpg 1024w\" sizes=\"auto, (max-width: 1740px) 100vw, 1740px\" \/><figcaption id=\"caption-attachment-4401\" class=\"wp-caption-text\">700ml gin bottle<\/figcaption><\/figure>\n<h4><strong>Dekoration Anwendung<\/strong><\/h4>\n<ul>\n<li>Decal and print logo on 700ml gin bottles, OEM is highly welcome.<\/li>\n<li>Frostglasflaschen werden f\u00fcr Wodkaflaschen immer beliebter.<\/li>\n<li>Das Pr\u00e4gen wird h\u00e4ufig f\u00fcr kundenspezifische Wodka-, Schnaps- und Tequilaflaschen aus Glas sowie f\u00fcr andere Spirituosen verwendet. Wir pr\u00e4gen oder gravieren den Markennamen oder das Logo des Kunden direkt auf das Glas, was bedeutet, dass die Form im Besitz der Brennerei ist.<\/li>\n<li>Die Galvanisierung verleiht Glasflaschen einen gl\u00e4nzenden und hellen Eindruck. Diese Art von Flaschen ist in der Regel sehr kostspielig und f\u00fcr hochwertige M\u00e4rkte bestimmt.<\/li>\n<\/ul>\n<h4><strong>Shi<\/strong><strong>pping\/Freight Informationen<\/strong><\/h4>\n<p>Als eine der gr\u00f6\u00dften Glasflaschenfabriken in China verf\u00fcgen wir \u00fcber einen ausreichenden Vorrat an hei\u00df begehrten Flaschen, bei denen es sich meist um unsere Standardglasflaschen handelt. Also, die 7-10 Tage geliefert dringende Auftr\u00e4ge sind f\u00fcr hei\u00dfen Verkauf Jahreszeiten, wie Weihnachten Verkauf und Neujahr Verkauf zur Verf\u00fcgung.<\/p>\n<ul>\n<li>Mit \u00fcber 10 Jahren Erfahrung in der Herstellung von Glasflaschen haben wir Tausende von Glasflaschenmodellen entwickelt. Wir haben verschiedene Arten von Flaschendesigns f\u00fcr die Wahl des Kunden, meist k\u00f6nnen die Kunden ihre Lieblings-Glasflaschen von HIKING bestehen Flaschen, die bereit Form sind zu finden. Die Lieferzeit f\u00fcr solche Auftr\u00e4ge betr\u00e4gt 25-30 Tage.<\/li>\n<li>Einige Brennereiunternehmen besitzen ihre exklusiven Schnapsflaschen. Wenn Sie uns die Zeichnung einer Glasflasche, ein Muster oder sogar ein Bild einer Glasflasche zur Verf\u00fcgung stellen, werden wir eine solche Glasflasche entwickeln oder kopieren. Die Vorlaufzeit f\u00fcr die Form betr\u00e4gt 15 Tage.<\/li>\n<\/ul>\n<h4><strong>Verpackung von Glasflaschen<\/strong><\/h4>\n<ul>\n<li>Standardkartonverpackungen werden f\u00fcr Glasflaschen im Druck verwendet. Um Reibung zu vermeiden, ist eine Klappe vorhanden.<\/li>\n<li>Die Palettenverpackung ist eine einfache Methode f\u00fcr das Be- und Entladen von Glasflaschen. Es ist auch die wirtschaftlichste Verpackungsmethode f\u00fcr Spirituosenflaschen.<\/li>\n<li>Individuelle farbige Schachteln sind die komplizierteste Verpackung f\u00fcr Glasflaschen. Kunden bieten die Box Artworks, Glasflasche Unternehmen bieten Flaschen und Boxen, die nach dem F\u00fcllen wiederverwendbar sind.<\/li>\n<\/ul>\n<figure id=\"attachment_4365\" aria-describedby=\"caption-attachment-4365\" style=\"width: 1776px\" class=\"wp-caption aligncenter\"><img loading=\"lazy\" decoding=\"async\" class=\"wp-image-4365 size-full\" src=\"https:\/\/glassbottlesmanufacturer.com\/wp-content\/uploads\/2018\/02\/heise-1.png\" alt=\"Lieferant f\u00fcr Glasflaschen - HIKING GLASS\" width=\"1776\" height=\"712\" srcset=\"https:\/\/glassbottlesmanufacturer.com\/wp-content\/uploads\/2018\/02\/heise-1.png 1776w, https:\/\/glassbottlesmanufacturer.com\/wp-content\/uploads\/2018\/02\/heise-1-600x241.png 600w, https:\/\/glassbottlesmanufacturer.com\/wp-content\/uploads\/2018\/02\/heise-1-300x120.png 300w, https:\/\/glassbottlesmanufacturer.com\/wp-content\/uploads\/2018\/02\/heise-1-768x308.png 768w, https:\/\/glassbottlesmanufacturer.com\/wp-content\/uploads\/2018\/02\/heise-1-1024x411.png 1024w\" sizes=\"auto, (max-width: 1776px) 100vw, 1776px\" \/><figcaption id=\"caption-attachment-4365\" class=\"wp-caption-text\">Lieferant f\u00fcr Glasflaschen - HIKING GLASS<\/figcaption><\/figure>\n<p><!--more--><\/p>\n<h4>TIPPS zu GLASFLASCHEN<\/h4>\n<p>Die wichtigsten Punkte der Glasflaschenkontrolle.<\/p>\n<p>Second, the first samples test<\/p>\n<p>1. Before the bottles into the annealing line, we pick out the first 10-30 pcs produced glass bottles to do inspection. each mold pick out 2 &#8211; 3 bottles for size inspection, focused on the mouth size; Inner and outer diameter of the mouth; whether the base embossed lettering is correct and clear; whether the bottle pattern is correct.<\/p>\n<p>2. When the bottle emerges from the annealing line, the quality inspection leader will limit the number of molded products to two to three. The inspection shall be carried out in all aspects of the drawings, with the emphasis on capacity measurement in addition to the above. Weight measurement, the inner and outer diameter of the mouth, if necessary, fill the bottle with water, use the cover provided by the customer for physical assembly, and check whether the cover can be placed in place or not. And for internal pressure, internal stress, acid and alkali resistance test.<\/p>\n<h4>PR\u00dcFEN SIE, WIE GLASFLASCHEN MIT EINER VOLLAUTOMATISCHEN MASCHINE HERGESTELLT WERDEN<\/h4>\n<div style=\"width: 720px;\" class=\"wp-video\"><video class=\"wp-video-shortcode\" id=\"video-6071-1\" width=\"720\" height=\"404\" preload=\"metadata\" controls=\"controls\"><source type=\"video\/mp4\" src=\"https:\/\/glassbottlesmanufacturer.com\/wp-content\/uploads\/2018\/02\/HIKING-GLASS-\u8c37\u6b4c\u89c6\u9891.mp4?_=1\" \/><a href=\"https:\/\/glassbottlesmanufacturer.com\/wp-content\/uploads\/2018\/02\/HIKING-GLASS-\u8c37\u6b4c\u89c6\u9891.mp4\">https:\/\/glassbottlesmanufacturer.com\/wp-content\/uploads\/2018\/02\/HIKING-GLASS-\u8c37\u6b4c\u89c6\u9891.mp4<\/a><\/video><\/div>\n<div>\n<div class=\"wpcf7 no-js\" id=\"wpcf7-f19-o1\" lang=\"en-US\" dir=\"ltr\" data-wpcf7-id=\"19\">\n<div class=\"screen-reader-response\"><p role=\"status\" aria-live=\"polite\" aria-atomic=\"true\"><\/p> <ul><\/ul><\/div>\n<form action=\"\/de\/wp-json\/wp\/v2\/product\/6071#wpcf7-f19-o1\" method=\"post\" class=\"wpcf7-form init\" aria-label=\"Contact form\" novalidate=\"novalidate\" data-status=\"init\" data-trp-original-action=\"\/de\/wp-json\/wp\/v2\/product\/6071#wpcf7-f19-o1\">\n<fieldset class=\"hidden-fields-container\"><input type=\"hidden\" name=\"_wpcf7\" value=\"19\" \/><input type=\"hidden\" name=\"_wpcf7_version\" value=\"6.1.5\" \/><input type=\"hidden\" name=\"_wpcf7_locale\" value=\"en_US\" \/><input type=\"hidden\" name=\"_wpcf7_unit_tag\" value=\"wpcf7-f19-o1\" \/><input type=\"hidden\" name=\"_wpcf7_container_post\" value=\"0\" \/><input type=\"hidden\" name=\"_wpcf7_posted_data_hash\" value=\"\" \/><input type=\"hidden\" name=\"_wpcf7dtx_version\" value=\"5.0.5\" \/>\n<\/fieldset>\n<p hidden><span class=\"wpcf7-form-control-wrap dynamictext-312\" data-name=\"dynamictext-312\"><input type=\"text\" name=\"dynamictext-312\" class=\"wpcf7-form-control wpcf7-text wpcf7dtx wpcf7dtx-text\" aria-invalid=\"false\" value=\"Popular Square 700ML Glass Gin Bottle\"><\/span>\n<\/p>\n<p><span class=\"wpcf7-form-control-wrap\" data-name=\"your-name\"><input size=\"40\" maxlength=\"400\" class=\"wpcf7-form-control wpcf7-text wpcf7-validates-as-required\" aria-required=\"true\" aria-invalid=\"false\" placeholder=\"Ihr Name\" value=\"\" type=\"text\" name=\"your-name\" \/><\/span>\n<\/p>\n<p><span class=\"wpcf7-form-control-wrap\" data-name=\"your-email\"><input size=\"40\" maxlength=\"400\" class=\"wpcf7-form-control wpcf7-email wpcf7-validates-as-required wpcf7-text wpcf7-validates-as-email\" aria-required=\"true\" aria-invalid=\"false\" placeholder=\"Deine E-Mail\" value=\"\" type=\"email\" name=\"your-email\" \/><\/span>\n<\/p>\n<p><span class=\"wpcf7-form-control-wrap\" data-name=\"your-subject\"><input size=\"40\" maxlength=\"400\" class=\"wpcf7-form-control wpcf7-text wpcf7-validates-as-required\" aria-required=\"true\" aria-invalid=\"false\" placeholder=\"Nachricht Betreff\" value=\"\" type=\"text\" name=\"your-subject\" \/><\/span>\n<\/p>\n<p><span class=\"wpcf7-form-control-wrap\" data-name=\"your-message\"><textarea cols=\"40\" rows=\"10\" maxlength=\"2000\" class=\"wpcf7-form-control wpcf7-textarea\" aria-invalid=\"false\" placeholder=\"Geben Sie hier Ihre Nachricht ein...\" name=\"your-message\"><\/textarea><\/span>\n<\/p>\n<div style=\"display:none\">\n\t<p><span class=\"wpcf7-form-control-wrap form-url\" data-name=\"form-url\"><input type=\"text\" name=\"form-url\" class=\"wpcf7-form-control wpcf7-text wpcf7dtx wpcf7dtx-text\" aria-invalid=\"false\" value=\"https:\/\/glassbottlesmanufacturer.com\/de\/de\/wp-json\/wp\/v2\/product\/6071\"><\/span>\n\t<\/p>\n<\/div>\n<div style=\"margin-bottom:10px;\">\n\t<p><span class=\"wpcf7-form-control-wrap kc_captcha\" data-name=\"kc_captcha\"><span class=\"wpcf7-form-control wpcf7-radio\"><span class=\"captcha-image\" ><span class=\"cf7ic_instructions\">Please prove you are human by selecting the<span> flag<\/span>.<\/span><label><input aria-label=\"1\" type=\"radio\" name=\"kc_captcha\" value=\"bot\" \/><svg aria-hidden=\"true\" role=\"img\" xmlns=\"http:\/\/www.w3.org\/2000\/svg\" viewbox=\"0 0 576 512\"><path fill=\"currentColor\" d=\"M415 24c-53 0-103 42-127 65-24-23-74-65-127-65C70 24 16 77 16 166c0 72 67 133 69 135l187 181c9 8 23 8 32 0l187-180c2-3 69-64 69-136 0-89-54-142-145-142z\"\/><\/svg><\/label><label><input aria-label=\"2\" type=\"radio\" name=\"kc_captcha\" value=\"bot\" \/><svg aria-hidden=\"true\" role=\"img\" xmlns=\"http:\/\/www.w3.org\/2000\/svg\" viewbox=\"0 0 512 512\"><path fill=\"currentColor\" d=\"M500 168h-55l-8-21a127 127 0 00-120-83H195a127 127 0 00-120 83l-8 21H12c-8 0-14 8-11 16l8 24a12 12 0 0011 8h29a64 64 0 00-33 56v48c0 16 6 31 16 42v62c0 13 11 24 24 24h48c13 0 24-11 24-24v-40h256v40c0 13 11 24 24 24h48c13 0 24-11 24-24v-62c10-11 16-26 16-42v-48c0-24-13-45-33-56h29a12 12 0 0011-8l8-24c3-8-3-16-11-16zm-365 2c9-25 33-42 60-42h122c27 0 51 17 60 42l15 38H120l15-38zM88 328a32 32 0 010-64c18 0 48 30 48 48s-30 16-48 16zm336 0c-18 0-48 2-48-16s30-48 48-48 32 14 32 32-14 32-32 32z\"\/><\/svg><\/label><label><input aria-label=\"3\" type=\"radio\" name=\"kc_captcha\" value=\"kc_human\" \/><svg aria-hidden=\"true\" role=\"img\" xmlns=\"http:\/\/www.w3.org\/2000\/svg\" viewbox=\"0 0 512 512\"><path fill=\"currentColor\" d=\"M350 99c-54 0-98-35-166-35-25 0-47 4-68 12a56 56 0 004-24C118 24 95 1 66 0a56 56 0 00-34 102v386c0 13 11 24 24 24h16c13 0 24-11 24-24v-94c28-12 64-23 114-23 54 0 98 35 166 35 48 0 86-16 122-41 9-6 14-15 14-26V96c0-23-24-39-45-29-35 16-77 32-117 32z\"\/><\/svg><\/label>\r\n    <\/span>\r\n    <span style=\"display:none\">\r\n        <input type=\"text\" name=\"kc_honeypot\">\r\n    <\/span><\/span><\/span>\n\t<\/p>\n<\/div>\n<p><input class=\"wpcf7-form-control wpcf7-submit has-spinner\" type=\"submit\" value=\"Senden Sie Ihre Nachricht\" \/>\n<\/p><p style=\"display: none !important;\" class=\"akismet-fields-container\" data-prefix=\"_wpcf7_ak_\"><label>&#916;<textarea name=\"_wpcf7_ak_hp_textarea\" cols=\"45\" rows=\"8\" maxlength=\"100\"><\/textarea><\/label><input type=\"hidden\" id=\"ak_js_1\" name=\"_wpcf7_ak_js\" value=\"51\"\/><script>document.getElementById( \"ak_js_1\" ).setAttribute( \"value\", ( new Date() ).getTime() );<\/script><\/p><div class=\"wpcf7-response-output\" aria-hidden=\"true\"><\/div>\n<input type=\"hidden\" name=\"trp-form-language\" value=\"de\"\/><\/form>\n<\/div>\n<\/div>\n<p><!--5f39ae17-8c62-4a45-bc43-b32064c9388a:W3siYmxvY2tUeXBlIjoicGFyYWdyYXBoIiwic3R5bGVzIjp7ImFsaWduIjoibGVmdCIsImluZGVudCI6MCwidGV4dC1pbmRlbnQiOjAsImxpbmUtaGVpZ2h0IjoxLjc1fSwiYmxvY2tJZCI6IjQzMjItMTUyMTE4MzIwNDE4NiIsInJpY2hUZXh0Ijp7ImlzUmljaFRleHQiOnRydWUsImtlZXBMaW5lQnJlYWsiOnRydWUsImRhdGEiOlt7ImNoYXIiOiJbIn0seyJjaGFyIjoiYyJ9LHsiY2hhciI6Im8ifSx7ImNoYXIiOiJuIn0seyJjaGFyIjoidCJ9LHsiY2hhciI6ImEifSx7ImNoYXIiOiJjIn0seyJjaGFyIjoidCJ9LHsiY2hhciI6Ii0ifSx7ImNoYXIiOiJmIn0seyJjaGFyIjoibyJ9LHsiY2hhciI6InIifSx7ImNoYXIiOiJtIn0seyJjaGFyIjoiLSJ9LHsiY2hhciI6IjcifSx7ImNoYXIiOiIgIn0seyJjaGFyIjoiaSJ9LHsiY2hhciI6ImQifSx7ImNoYXIiOiI9In0seyJjaGFyIjoiXCIifSx7ImNoYXIiOiIxIn0seyJjaGFyIjoiOSJ9LHsiY2hhciI6IlwiIn0seyJjaGFyIjoiICJ9LHsiY2hhciI6InQifSx7ImNoYXIiOiJpIn0seyJjaGFyIjoidCJ9LHsiY2hhciI6ImwifSx7ImNoYXIiOiJlIn0seyJjaGFyIjoiPSJ9LHsiY2hhciI6IlwiIn0seyJjaGFyIjoiUyJ9LHsiY2hhciI6InUifSx7ImNoYXIiOiJzIn0seyJjaGFyIjoidCJ9LHsiY2hhciI6ImEifSx7ImNoYXIiOiJpIn0seyJjaGFyIjoibiJ9LHsiY2hhciI6ImEifSx7ImNoYXIiOiJiIn0seyJjaGFyIjoibCJ9LHsiY2hhciI6ImUifSx7ImNoYXIiOiIgIn0seyJjaGFyIjoiQyJ9LHsiY2hhciI6Im8ifSx7ImNoYXIiOiJuIn0seyJjaGFyIjoidCJ9LHsiY2hhciI6ImEifSx7ImNoYXIiOiJjIn0seyJjaGFyIjoidCJ9LHsiY2hhciI6IiAifSx7ImNoYXIiOiJQIn0seyJjaGFyIjoiYSJ9LHsiY2hhciI6ImcifSx7ImNoYXIiOiJlIn0seyJjaGFyIjoiXCIifSx7ImNoYXIiOiJdIn1dfX1d--><\/p>","protected":false},"excerpt":{"rendered":"<table id=\"tablepress-151\" class=\"tablepress tablepress-id-151\">\n<thead>\n<tr class=\"row-1\">\n\t<th class=\"column-1\">PRODUKTNAME<\/th><th class=\"column-2\">Beliebte quadratische 700ML Glas-Gin-Flasche<\/th>\n<\/tr>\n<\/thead>\n<tbody class=\"row-striping row-hover\">\n<tr class=\"row-2\">\n\t<td class=\"column-1\">FLASCHENGR\u00d6SSE<\/td><td class=\"column-2\">700ML<\/td>\n<\/tr>\n<tr class=\"row-3\">\n\t<td class=\"column-1\">MATERIAL<\/td><td class=\"column-2\">SUPERFLINTGLAS<\/td>\n<\/tr>\n<tr class=\"row-4\">\n\t<td class=\"column-1\">FARBE<\/td><td class=\"column-2\">CLEAR<\/td>\n<\/tr>\n<tr class=\"row-5\">\n\t<td class=\"column-1\">HALS-FINISH<\/td><td class=\"column-2\">BAR TOP<\/td>\n<\/tr>\n<tr class=\"row-6\">\n\t<td class=\"column-1\">FLASCHENFORM<\/td><td class=\"column-2\">FLAT<\/td>\n<\/tr>\n<tr class=\"row-7\">\n\t<td class=\"column-1\">FLASCHENGEWICHT<\/td><td class=\"column-2\">850G<\/td>\n<\/tr>\n<tr class=\"row-8\">\n\t<td class=\"column-1\">FLASCHENH\u00d6HE<\/td><td class=\"column-2\">248MM<\/td>\n<\/tr>\n<tr class=\"row-9\">\n\t<td class=\"column-1\">FLASCHENL\u00c4NGE<\/td><td class=\"column-2\">98.8MM<\/td>\n<\/tr>\n<tr class=\"row-10\">\n\t<td class=\"column-1\">FLASCHENBREITE<\/td><td class=\"column-2\">58MM<\/td>\n<\/tr>\n<\/tbody>\n<\/table>\n<!-- #tablepress-151 from cache -->","protected":false},"featured_media":6073,"comment_status":"closed","ping_status":"closed","template":"","meta":[],"product_brand":[],"product_cat":[68],"product_tag":[],"class_list":{"0":"post-6071","1":"product","2":"type-product","3":"status-publish","4":"has-post-thumbnail","6":"product_cat-750ml-glass-bottles","7":"entry","8":"has-media","10":"first","11":"instock","12":"shipping-taxable","13":"product-type-simple"},"_links":{"self":[{"href":"https:\/\/glassbottlesmanufacturer.com\/de\/wp-json\/wp\/v2\/product\/6071","targetHints":{"allow":["GET"]}}],"collection":[{"href":"https:\/\/glassbottlesmanufacturer.com\/de\/wp-json\/wp\/v2\/product"}],"about":[{"href":"https:\/\/glassbottlesmanufacturer.com\/de\/wp-json\/wp\/v2\/types\/product"}],"replies":[{"embeddable":true,"href":"https:\/\/glassbottlesmanufacturer.com\/de\/wp-json\/wp\/v2\/comments?post=6071"}],"wp:featuredmedia":[{"embeddable":true,"href":"https:\/\/glassbottlesmanufacturer.com\/de\/wp-json\/wp\/v2\/media\/6073"}],"wp:attachment":[{"href":"https:\/\/glassbottlesmanufacturer.com\/de\/wp-json\/wp\/v2\/media?parent=6071"}],"wp:term":[{"taxonomy":"product_brand","embeddable":true,"href":"https:\/\/glassbottlesmanufacturer.com\/de\/wp-json\/wp\/v2\/product_brand?post=6071"},{"taxonomy":"product_cat","embeddable":true,"href":"https:\/\/glassbottlesmanufacturer.com\/de\/wp-json\/wp\/v2\/product_cat?post=6071"},{"taxonomy":"product_tag","embeddable":true,"href":"https:\/\/glassbottlesmanufacturer.com\/de\/wp-json\/wp\/v2\/product_tag?post=6071"}],"curies":[{"name":"wp","href":"https:\/\/api.w.org\/{rel}","templated":true}]}}