{"id":6326,"date":"2024-03-07T01:27:30","date_gmt":"2024-03-07T01:27:30","guid":{"rendered":"https:\/\/glassbottlesmanufacturer.com\/?post_type=product&#038;p=6326"},"modified":"2024-03-07T01:58:28","modified_gmt":"2024-03-07T01:58:28","slug":"klassische-gin-glasflasche","status":"publish","type":"product","link":"https:\/\/glassbottlesmanufacturer.com\/de\/groshandel\/klassische-gin-glasflasche\/","title":{"rendered":"Gro\u00dfhandel Runde 750ml klassische Gin Glasflasche"},"content":{"rendered":"<p>Diese klassische Gin-Glasflasche hat eine sehr hohe H\u00f6he und wird vom Flaschenboden zur Schulter hin immer breiter. Der Glasboden der Lik\u00f6rflasche ist 20 mm dick, was die Flasche sehr hochwertig aussehen l\u00e4sst. Das Plattenfinish bietet eine Vielzahl von Verschlussoptionen, einschlie\u00dflich synthetischem Kork, Holzkork, Hochpolymer-Kork und mehr.<\/p>\n<figure id=\"attachment_4368\" aria-describedby=\"caption-attachment-4368\" style=\"width: 980px\" class=\"wp-caption aligncenter\"><img loading=\"lazy\" decoding=\"async\" class=\"wp-image-4368 size-large\" title=\"Qualit\u00e4t 750ml Schnapsflasche\" src=\"https:\/\/glassbottlesmanufacturer.com\/wp-content\/uploads\/2018\/02\/Glass-Bottle-Supplier-1024x411.jpg\" alt=\"Hersteller von Spirituosenflaschen\" width=\"980\" height=\"393\" srcset=\"https:\/\/glassbottlesmanufacturer.com\/wp-content\/uploads\/2018\/02\/Glass-Bottle-Supplier-1024x411.jpg 1024w, https:\/\/glassbottlesmanufacturer.com\/wp-content\/uploads\/2018\/02\/Glass-Bottle-Supplier-600x241.jpg 600w, https:\/\/glassbottlesmanufacturer.com\/wp-content\/uploads\/2018\/02\/Glass-Bottle-Supplier-300x120.jpg 300w, https:\/\/glassbottlesmanufacturer.com\/wp-content\/uploads\/2018\/02\/Glass-Bottle-Supplier-768x308.jpg 768w, https:\/\/glassbottlesmanufacturer.com\/wp-content\/uploads\/2018\/02\/Glass-Bottle-Supplier.jpg 1776w\" sizes=\"auto, (max-width: 980px) 100vw, 980px\" \/><figcaption id=\"caption-attachment-4368\" class=\"wp-caption-text\">Klassische Gin-Glasflasche- HIKING GLASS<\/figcaption><\/figure>\n<h4>Die Details der klassischen Gin-Glasflasche<\/h4>\n<figure id=\"attachment_4553\" aria-describedby=\"caption-attachment-4553\" style=\"width: 1740px\" class=\"wp-caption aligncenter\"><img loading=\"lazy\" decoding=\"async\" class=\"wp-image-4553 size-full\" title=\"runde Form 750ml Spirituosenflasche\" src=\"https:\/\/glassbottlesmanufacturer.com\/wp-content\/uploads\/2018\/04\/750ml-liquor-bottle.jpg\" alt=\"Glas 750ml Schnapsflasche\" width=\"1740\" height=\"700\" srcset=\"https:\/\/glassbottlesmanufacturer.com\/wp-content\/uploads\/2018\/04\/750ml-liquor-bottle.jpg 1740w, https:\/\/glassbottlesmanufacturer.com\/wp-content\/uploads\/2018\/04\/750ml-liquor-bottle-600x241.jpg 600w, https:\/\/glassbottlesmanufacturer.com\/wp-content\/uploads\/2018\/04\/750ml-liquor-bottle-300x121.jpg 300w, https:\/\/glassbottlesmanufacturer.com\/wp-content\/uploads\/2018\/04\/750ml-liquor-bottle-768x309.jpg 768w, https:\/\/glassbottlesmanufacturer.com\/wp-content\/uploads\/2018\/04\/750ml-liquor-bottle-1024x412.jpg 1024w\" sizes=\"auto, (max-width: 1740px) 100vw, 1740px\" \/><figcaption id=\"caption-attachment-4553\" class=\"wp-caption-text\">Klassische Gin-Glasflasche<\/figcaption><\/figure>\n<h4><strong>Dekoration Anwendung<\/strong><\/h4>\n<ul>\n<li>Abziehbild und Druck Logo auf Classic Gin Glasflasche, OEM ist sehr willkommen.<\/li>\n<li>Frostglasflaschen werden f\u00fcr Schnapsflaschen immer beliebter.<\/li>\n<li>Das Pr\u00e4gen wird h\u00e4ufig f\u00fcr kundenspezifische Wodka-, Schnaps- und Tequilaflaschen aus Glas sowie f\u00fcr andere Spirituosen verwendet. Wir pr\u00e4gen oder gravieren den Markennamen oder das Logo des Kunden direkt auf das Glas, was bedeutet, dass die Form im Besitz der Brennerei ist.<\/li>\n<li>Die Galvanisierung verleiht Glasflaschen einen gl\u00e4nzenden und hellen Eindruck. Diese Art von Flaschen ist in der Regel sehr kostspielig und f\u00fcr hochwertige M\u00e4rkte bestimmt.<\/li>\n<\/ul>\n<h4><strong>Shi<\/strong><strong>pping\/Freight Informationen<\/strong><\/h4>\n<p>Als eine der gr\u00f6\u00dften Glasflaschenfabriken in China verf\u00fcgen wir \u00fcber einen ausreichenden Vorrat an hei\u00df begehrten Flaschen, bei denen es sich meist um unsere Standardglasflaschen handelt. Also, die 7-10 Tage geliefert dringende Auftr\u00e4ge sind f\u00fcr hei\u00dfen Verkauf Jahreszeiten, wie Weihnachten Verkauf und Neujahr Verkauf zur Verf\u00fcgung.<\/p>\n<ul>\n<li>Mit \u00fcber 10 Jahren Erfahrung in der Herstellung von Glasflaschen haben wir Tausende von Glasflaschenmodellen entwickelt. Wir haben verschiedene Arten von Flaschendesigns f\u00fcr die Wahl des Kunden, meist k\u00f6nnen die Kunden ihre Lieblings-Glasflaschen von HIKING bestehen Flaschen, die bereit Form sind zu finden. Die Lieferzeit f\u00fcr solche Auftr\u00e4ge betr\u00e4gt 25-30 Tage.<\/li>\n<li>Einige Brennereiunternehmen besitzen ihre exklusiven Schnapsflaschen. Wenn Sie uns die Zeichnung einer Glasflasche, ein Muster oder sogar ein Bild einer Glasflasche zur Verf\u00fcgung stellen, werden wir eine solche Glasflasche entwickeln oder kopieren. Die Vorlaufzeit f\u00fcr die Form betr\u00e4gt 15 Tage.<\/li>\n<\/ul>\n<h4><strong>Verpackung von Glasflaschen<\/strong><\/h4>\n<ul>\n<li>Standardkartonverpackungen werden f\u00fcr Glasflaschen im Druck verwendet. Um Reibung zu vermeiden, ist eine Klappe vorhanden.<\/li>\n<li>Die Palettenverpackung ist eine einfache Methode f\u00fcr das Be- und Entladen von Glasflaschen. Es ist auch die wirtschaftlichste Verpackungsmethode f\u00fcr Spirituosenflaschen.<\/li>\n<li>Individuelle farbige Schachteln sind die komplizierteste Verpackung f\u00fcr Glasflaschen. Kunden bieten die Box Artworks, Glasflasche Unternehmen bieten Flaschen und Boxen, die nach dem F\u00fcllen wiederverwendbar sind.<\/li>\n<\/ul>\n<figure id=\"attachment_4365\" aria-describedby=\"caption-attachment-4365\" style=\"width: 1776px\" class=\"wp-caption aligncenter\"><img loading=\"lazy\" decoding=\"async\" class=\"wp-image-4365 size-full\" title=\"Hersteller von 750ml Spirituosenflaschen\" src=\"https:\/\/glassbottlesmanufacturer.com\/wp-content\/uploads\/2018\/02\/heise-1.png\" alt=\"750ml Spirituosenflasche Hersteller - HIKING GLASS\" width=\"1776\" height=\"712\" srcset=\"https:\/\/glassbottlesmanufacturer.com\/wp-content\/uploads\/2018\/02\/heise-1.png 1776w, https:\/\/glassbottlesmanufacturer.com\/wp-content\/uploads\/2018\/02\/heise-1-600x241.png 600w, https:\/\/glassbottlesmanufacturer.com\/wp-content\/uploads\/2018\/02\/heise-1-300x120.png 300w, https:\/\/glassbottlesmanufacturer.com\/wp-content\/uploads\/2018\/02\/heise-1-768x308.png 768w, https:\/\/glassbottlesmanufacturer.com\/wp-content\/uploads\/2018\/02\/heise-1-1024x411.png 1024w\" sizes=\"auto, (max-width: 1776px) 100vw, 1776px\" \/><figcaption id=\"caption-attachment-4365\" class=\"wp-caption-text\">Einzigartige Spirituosenglasflasche - HIKING GLASS<\/figcaption><\/figure>\n<p><!--more--><\/p>\n<h4>TIPPS zu GLASFLASCHEN<\/h4>\n<p>Die wichtigsten Punkte der Glasflaschenkontrolle.<\/p>\n<p>Drittens, die Produktionskontrolle<\/p>\n<p>1. Ohne die Form zu \u00e4ndern, alle 15 Minuten, jede Form herausnehmen 10 St\u00fcck f\u00fcr Volumen, Gewicht testen, und inzwischen m\u00fcssen die inneren und \u00e4u\u00dferen Durchmesser des Mundes zu erkennen, weil der Mund leicht mit \u00d6l zu f\u00e4rben, was in den Deckel ohne Abdichtung richtig, und verursachen die Fl\u00fcssigkeit undicht<\/p>\n<p>2. In der Produktion k\u00f6nnen Formen durch neue Formen ersetzt werden. Daher muss die Produktionsabteilung nach dem Austausch der Formen unverz\u00fcglich die Qualit\u00e4tssicherungsstelle benachrichtigen. Der Qualit\u00e4tsassistent muss eine strenge Inspektion der ersten mit neuen Formen hergestellten Flaschen und die Inspektion der Produktion durchf\u00fchren, um Qualit\u00e4tsprobleme zu vermeiden, die durch verpasste Inspektionen aufgrund der Qualit\u00e4tskontrolle nach dem Formenwechsel verursacht werden.<\/p>\n<p><!--StartFragment --><\/p>\n<h4>Hinterlassen Sie eine Nachricht f\u00fcr eine schnelle Antwort auf Classic Gin Glasflasche<\/h4>\n\n<div class=\"wpcf7 no-js\" id=\"wpcf7-f19-o1\" lang=\"en-US\" dir=\"ltr\" data-wpcf7-id=\"19\">\n<div class=\"screen-reader-response\"><p role=\"status\" aria-live=\"polite\" aria-atomic=\"true\"><\/p> <ul><\/ul><\/div>\n<form action=\"\/de\/wp-json\/wp\/v2\/product\/6326#wpcf7-f19-o1\" method=\"post\" class=\"wpcf7-form init\" aria-label=\"Contact form\" novalidate=\"novalidate\" data-status=\"init\" data-trp-original-action=\"\/de\/wp-json\/wp\/v2\/product\/6326#wpcf7-f19-o1\">\n<fieldset class=\"hidden-fields-container\"><input type=\"hidden\" name=\"_wpcf7\" value=\"19\" \/><input type=\"hidden\" name=\"_wpcf7_version\" value=\"6.1.5\" \/><input type=\"hidden\" name=\"_wpcf7_locale\" value=\"en_US\" \/><input type=\"hidden\" name=\"_wpcf7_unit_tag\" value=\"wpcf7-f19-o1\" \/><input type=\"hidden\" name=\"_wpcf7_container_post\" value=\"0\" \/><input type=\"hidden\" name=\"_wpcf7_posted_data_hash\" value=\"\" \/><input type=\"hidden\" name=\"_wpcf7dtx_version\" value=\"5.0.5\" \/>\n<\/fieldset>\n<p hidden><span class=\"wpcf7-form-control-wrap dynamictext-312\" data-name=\"dynamictext-312\"><input type=\"text\" name=\"dynamictext-312\" class=\"wpcf7-form-control wpcf7-text wpcf7dtx wpcf7dtx-text\" aria-invalid=\"false\" value=\"Wholesale Round 750ml Classic Gin Glass Bottle\"><\/span>\n<\/p>\n<p><span class=\"wpcf7-form-control-wrap\" data-name=\"your-name\"><input size=\"40\" maxlength=\"400\" class=\"wpcf7-form-control wpcf7-text wpcf7-validates-as-required\" aria-required=\"true\" aria-invalid=\"false\" placeholder=\"Ihr Name\" value=\"\" type=\"text\" name=\"your-name\" \/><\/span>\n<\/p>\n<p><span class=\"wpcf7-form-control-wrap\" data-name=\"your-email\"><input size=\"40\" maxlength=\"400\" class=\"wpcf7-form-control wpcf7-email wpcf7-validates-as-required wpcf7-text wpcf7-validates-as-email\" aria-required=\"true\" aria-invalid=\"false\" placeholder=\"Deine E-Mail\" value=\"\" type=\"email\" name=\"your-email\" \/><\/span>\n<\/p>\n<p><span class=\"wpcf7-form-control-wrap\" data-name=\"your-subject\"><input size=\"40\" maxlength=\"400\" class=\"wpcf7-form-control wpcf7-text wpcf7-validates-as-required\" aria-required=\"true\" aria-invalid=\"false\" placeholder=\"Nachricht Betreff\" value=\"\" type=\"text\" name=\"your-subject\" \/><\/span>\n<\/p>\n<p><span class=\"wpcf7-form-control-wrap\" data-name=\"your-message\"><textarea cols=\"40\" rows=\"10\" maxlength=\"2000\" class=\"wpcf7-form-control wpcf7-textarea\" aria-invalid=\"false\" placeholder=\"Geben Sie hier Ihre Nachricht ein...\" name=\"your-message\"><\/textarea><\/span>\n<\/p>\n<div style=\"display:none\">\n\t<p><span class=\"wpcf7-form-control-wrap form-url\" data-name=\"form-url\"><input type=\"text\" name=\"form-url\" class=\"wpcf7-form-control wpcf7-text wpcf7dtx wpcf7dtx-text\" aria-invalid=\"false\" value=\"https:\/\/glassbottlesmanufacturer.com\/de\/de\/wp-json\/wp\/v2\/product\/6326\"><\/span>\n\t<\/p>\n<\/div>\n<div style=\"margin-bottom:10px;\">\n\t<p><span class=\"wpcf7-form-control-wrap kc_captcha\" data-name=\"kc_captcha\"><span class=\"wpcf7-form-control wpcf7-radio\"><span class=\"captcha-image\" ><span class=\"cf7ic_instructions\">Please prove you are human by selecting the<span> heart<\/span>.<\/span><label><input aria-label=\"1\" type=\"radio\" name=\"kc_captcha\" value=\"kc_human\" \/><svg aria-hidden=\"true\" role=\"img\" xmlns=\"http:\/\/www.w3.org\/2000\/svg\" viewbox=\"0 0 576 512\"><path fill=\"currentColor\" d=\"M415 24c-53 0-103 42-127 65-24-23-74-65-127-65C70 24 16 77 16 166c0 72 67 133 69 135l187 181c9 8 23 8 32 0l187-180c2-3 69-64 69-136 0-89-54-142-145-142z\"\/><\/svg><\/label><label><input aria-label=\"2\" type=\"radio\" name=\"kc_captcha\" value=\"bot\" \/><svg aria-hidden=\"true\" role=\"img\" xmlns=\"http:\/\/www.w3.org\/2000\/svg\" viewbox=\"0 0 576 512\"><path fill=\"currentColor\" d=\"M488 313v143c0 13-11 24-24 24H348c-7 0-12-5-12-12V356c0-7-5-12-12-12h-72c-7 0-12 5-12 12v112c0 7-5 12-12 12H112c-13 0-24-11-24-24V313c0-4 2-7 4-10l188-154c5-4 11-4 16 0l188 154c2 3 4 6 4 10zm84-61l-84-69V44c0-6-5-12-12-12h-56c-7 0-12 6-12 12v73l-89-74a48 48 0 00-61 0L4 252c-5 4-5 12-1 17l25 31c5 5 12 5 17 1l235-193c5-4 11-4 16 0l235 193c5 5 13 4 17-1l25-31c4-6 4-13-1-17z\"\/><\/svg><\/label><label><input aria-label=\"3\" type=\"radio\" name=\"kc_captcha\" value=\"bot\" \/><svg aria-hidden=\"true\" role=\"img\" xmlns=\"http:\/\/www.w3.org\/2000\/svg\" viewbox=\"0 0 640 512\"><path fill=\"currentColor\" d=\"M624 352h-16V244c0-13-5-25-14-34L494 110c-9-9-21-14-34-14h-44V48c0-26-21-48-48-48H48C22 0 0 22 0 48v320c0 27 22 48 48 48h16a96 96 0 00192 0h128a96 96 0 00192 0h48c9 0 16-7 16-16v-32c0-9-7-16-16-16zM160 464a48 48 0 110-96 48 48 0 010 96zm320 0a48 48 0 110-96 48 48 0 010 96zm80-208H416V144h44l100 100v12z\"\/><\/svg><\/label>\r\n    <\/span>\r\n    <span style=\"display:none\">\r\n        <input type=\"text\" name=\"kc_honeypot\">\r\n    <\/span><\/span><\/span>\n\t<\/p>\n<\/div>\n<p><input class=\"wpcf7-form-control wpcf7-submit has-spinner\" type=\"submit\" value=\"Senden Sie Ihre Nachricht\" \/>\n<\/p><p style=\"display: none !important;\" class=\"akismet-fields-container\" data-prefix=\"_wpcf7_ak_\"><label>&#916;<textarea name=\"_wpcf7_ak_hp_textarea\" cols=\"45\" rows=\"8\" maxlength=\"100\"><\/textarea><\/label><input type=\"hidden\" id=\"ak_js_1\" name=\"_wpcf7_ak_js\" value=\"52\"\/><script>document.getElementById( \"ak_js_1\" ).setAttribute( \"value\", ( new Date() ).getTime() );<\/script><\/p><div class=\"wpcf7-response-output\" aria-hidden=\"true\"><\/div>\n<input type=\"hidden\" name=\"trp-form-language\" value=\"de\"\/><\/form>\n<\/div>","protected":false},"excerpt":{"rendered":"<table id=\"tablepress-167\" class=\"tablepress tablepress-id-167\">\n<thead>\n<tr class=\"row-1\">\n\t<th class=\"column-1\">PRODUKTNAME<\/th><th class=\"column-2\">750ML ALKOHOLFLASCHEN AUS GLAS F\u00dcR DIE BAR<\/th>\n<\/tr>\n<\/thead>\n<tbody class=\"row-striping row-hover\">\n<tr class=\"row-2\">\n\t<td class=\"column-1\">FLASCHENGR\u00d6SSE<\/td><td class=\"column-2\">750ML<\/td>\n<\/tr>\n<tr class=\"row-3\">\n\t<td class=\"column-1\">MATERIAL<\/td><td class=\"column-2\">SUPERFLINTGLAS<\/td>\n<\/tr>\n<tr class=\"row-4\">\n\t<td class=\"column-1\">FARBE<\/td><td class=\"column-2\">CLEAR<\/td>\n<\/tr>\n<tr class=\"row-5\">\n\t<td class=\"column-1\">HALS-FINISH<\/td><td class=\"column-2\">BAR TOP<\/td>\n<\/tr>\n<tr class=\"row-6\">\n\t<td class=\"column-1\">FLASCHENFORM<\/td><td class=\"column-2\">FLAT<\/td>\n<\/tr>\n<tr class=\"row-7\">\n\t<td class=\"column-1\">FLASCHENGEWICHT<\/td><td class=\"column-2\">680G<\/td>\n<\/tr>\n<tr class=\"row-8\">\n\t<td class=\"column-1\">FLASCHENH\u00d6HE<\/td><td class=\"column-2\">227.9MM<\/td>\n<\/tr>\n<tr class=\"row-9\">\n\t<td class=\"column-1\">FLASCHENL\u00c4NGE<\/td><td class=\"column-2\">95,5MM<\/td>\n<\/tr>\n<tr class=\"row-10\">\n\t<td class=\"column-1\">FLASCHENBREITE<\/td><td class=\"column-2\">95,5MM<\/td>\n<\/tr>\n<\/tbody>\n<\/table>\n<!-- #tablepress-167 from cache -->","protected":false},"featured_media":6327,"comment_status":"closed","ping_status":"closed","template":"","meta":[],"product_brand":[],"product_cat":[68],"product_tag":[93],"class_list":{"0":"post-6326","1":"product","2":"type-product","3":"status-publish","4":"has-post-thumbnail","6":"product_cat-750ml-glass-bottles","7":"product_tag-750ml-glass-bottle","8":"entry","9":"has-media","11":"first","12":"instock","13":"shipping-taxable","14":"product-type-simple"},"_links":{"self":[{"href":"https:\/\/glassbottlesmanufacturer.com\/de\/wp-json\/wp\/v2\/product\/6326","targetHints":{"allow":["GET"]}}],"collection":[{"href":"https:\/\/glassbottlesmanufacturer.com\/de\/wp-json\/wp\/v2\/product"}],"about":[{"href":"https:\/\/glassbottlesmanufacturer.com\/de\/wp-json\/wp\/v2\/types\/product"}],"replies":[{"embeddable":true,"href":"https:\/\/glassbottlesmanufacturer.com\/de\/wp-json\/wp\/v2\/comments?post=6326"}],"wp:featuredmedia":[{"embeddable":true,"href":"https:\/\/glassbottlesmanufacturer.com\/de\/wp-json\/wp\/v2\/media\/6327"}],"wp:attachment":[{"href":"https:\/\/glassbottlesmanufacturer.com\/de\/wp-json\/wp\/v2\/media?parent=6326"}],"wp:term":[{"taxonomy":"product_brand","embeddable":true,"href":"https:\/\/glassbottlesmanufacturer.com\/de\/wp-json\/wp\/v2\/product_brand?post=6326"},{"taxonomy":"product_cat","embeddable":true,"href":"https:\/\/glassbottlesmanufacturer.com\/de\/wp-json\/wp\/v2\/product_cat?post=6326"},{"taxonomy":"product_tag","embeddable":true,"href":"https:\/\/glassbottlesmanufacturer.com\/de\/wp-json\/wp\/v2\/product_tag?post=6326"}],"curies":[{"name":"wp","href":"https:\/\/api.w.org\/{rel}","templated":true}]}}