{"id":7351,"date":"2024-05-29T06:41:26","date_gmt":"2024-05-29T06:41:26","guid":{"rendered":"https:\/\/glassbottlesmanufacturer.com\/?page_id=7351"},"modified":"2026-01-29T09:11:02","modified_gmt":"2026-01-29T09:11:02","slug":"diseno-personalizado-de-botellas","status":"publish","type":"page","link":"https:\/\/glassbottlesmanufacturer.com\/es\/diseno-personalizado-de-botellas\/","title":{"rendered":"Dise\u00f1o personalizado de botellas"},"content":{"rendered":"<div class=\"wpb-content-wrapper\"><div class=\"vc_row wpb_row vc_row-fluid vc_custom_1633802734629 vc_row-o-equal-height vc_row-flex wpex-vc-has-custom-column-spacing wpex-vc-column-spacing-50\"><div class=\"wpb_column vc_column_container vc_col-sm-6\"><div class=\"vc_column-inner\"><div class=\"wpb_wrapper\"><figure class=\"vcex-image vcex-module\"><div class=\"vcex-image-inner wpex-relative wpex-inline-block vc_custom_1716966043674\"><img width=\"664\" height=\"664\" src=\"https:\/\/glassbottlesmanufacturer.com\/wp-content\/uploads\/2024\/05\/\u5fae\u4fe1\u622a\u56fe_202405291458071.webp\" class=\"vcex-image-img wpex-align-middle\" alt=\"Dise\u00f1o personalizado de botellas\" loading=\"lazy\" decoding=\"async\" srcset=\"https:\/\/glassbottlesmanufacturer.com\/wp-content\/uploads\/2024\/05\/\u5fae\u4fe1\u622a\u56fe_202405291458071.webp 664w, https:\/\/glassbottlesmanufacturer.com\/wp-content\/uploads\/2024\/05\/\u5fae\u4fe1\u622a\u56fe_202405291458071-300x300.webp 300w, https:\/\/glassbottlesmanufacturer.com\/wp-content\/uploads\/2024\/05\/\u5fae\u4fe1\u622a\u56fe_202405291458071-150x150.webp 150w, https:\/\/glassbottlesmanufacturer.com\/wp-content\/uploads\/2024\/05\/\u5fae\u4fe1\u622a\u56fe_202405291458071-600x600.webp 600w, https:\/\/glassbottlesmanufacturer.com\/wp-content\/uploads\/2024\/05\/\u5fae\u4fe1\u622a\u56fe_202405291458071-100x100.webp 100w\" sizes=\"auto, (max-width: 664px) 100vw, 664px\" \/><\/div><\/figure><\/div><\/div><\/div><div class=\"wpb_column vc_column_container vc_col-sm-6\"><div class=\"vc_column-inner\"><div class=\"wpb_wrapper\"><style>.vcex-list_item.vcex_69d2a01cdd4f3{color:#777777;font-weight:400;}.vcex-list_item.vcex_69d2a01cdd4f3 .vcex-list-item-icon-inner{color:#4eb331;}<\/style><div class=\"vcex-list_item vcex-module wpex-m-0 wpex-max-w-100 wpex-mb-15 vcex_69d2a01cdd4f3\"><div class=\"vcex-list-item-inner wpex-inline-flex wpex-flex-no-wrap\"><div class=\"vcex-list-item-icon wpex-mr-10\"><div class=\"vcex-list-item-icon-inner vcex-icon-wrap wpex-inline-flex wpex-justify-center wpex-items-center wpex-leading-none wpex-child-inherit-color\"><\/div><\/div><div class=\"vcex-list-item-text vcex-content wpex-flex-grow\">Nuestros servicios<\/div><\/div><\/div><style>.vcex-heading.vcex_69d2a01cde4ce{color:#4c4c4c;font-size:40px;font-family:system-ui, -apple-system, BlinkMacSystemFont, \"Segoe UI\", Roboto, \"Helvetica Neue\", Arial, \"Noto Sans\", sans-serif, \"Apple Color Emoji\", \"Segoe UI Emoji\", \"Segoe UI Symbol\", \"Noto Color Emoji\";font-weight:800;}.vcex-heading.vcex_69d2a01cde4ce:hover{color:#01b2a8;}<\/style><h2 class=\"vcex-heading vcex-heading-plain vcex-module wpex-heading wpex-text-2xl vcex_69d2a01cde4ce\"><span class=\"vcex-heading-inner wpex-inline-block\">Dise\u00f1o personalizado de botellas<\/span><\/h2><div class=\"vcex-module vcex-divider vcex-divider-solid vcex-divider-center wpex-mx-auto wpex-block wpex-h-0 wpex-border-b wpex-border-solid wpex-border-main\" style=\"margin-block:50px;border-color:#e0e0e0;\"><\/div>\n\t<div style=\"font-family:system-ui, -apple-system, BlinkMacSystemFont, \"segoe ui\", roboto, \"helvetica neue\", arial, \"noto sans\", sans-serif, \"apple color emoji\", \"segoe ui symbol\", emoji\";font-size:1.2em;font-weight:700;\" class =\"wpb_text_column wpb_content_element\" >\n\t\t<div class=\"wpb_wrapper\">\n\t\t\t<p>Contamos con un equipo profesional de desarrolladores de productos, cada botella comienza como una idea moldeada por la esencia del lujo. La meticulosidad es nuestro mantra, que gu\u00eda las manos expertas que esculpen, los ojos exigentes que inspeccionan y los corazones apasionados que aspiran a lo extraordinario.<\/p>\n<p>La base de nuestra \u00e9tica es un implacable r\u00e9gimen de control de calidad. Creemos que el camino hacia la perfecci\u00f3n est\u00e1 pavimentado con precisi\u00f3n. Por eso, cada curva, contorno y cierre se somete a un riguroso escrutinio, para garantizar que cuando su vino se encuentra con nuestra botella, s\u00f3lo lo mejor est\u00e1 garantizado.<\/p>\n\n\t\t<\/div>\n\t<\/div>\n<div class=\"vcex-spacing wpex-w-100 wpex-clear\" style=\"height:50px;\"><\/div><style>.vcex-button.vcex_69d2a01ce0366{background:#01b2a8;}.vcex-button.vcex_69d2a01ce0366:hover{background:#4eb331!important;}<\/style><a href=\"https:\/\/glassbottlesmanufacturer.com\/es\/pongase-en-contacto-con\/\" class=\"vcex-button theme-button inline vcex_69d2a01ce0366\"><span class=\"vcex-button-inner theme-button-inner wpex-flex wpex-flex-wrap wpex-items-center wpex-justify-center\">Solicitar presupuesto<\/span><\/a> <\/div><\/div><\/div><\/div><div class=\"vc_row wpb_row vc_row-fluid vc_custom_1627253976873 no-bottom-margins\"><div class=\"wpb_column vc_column_container vc_col-sm-12\"><div class=\"vc_column-inner\"><div class=\"wpb_wrapper\"><style>.vcex-heading.vcex_69d2a01ce13b9{color:#4c4c4c;font-size:40px;font-family:system-ui, -apple-system, BlinkMacSystemFont, \"Segoe UI\", Roboto, \"Helvetica Neue\", Arial, \"Noto Sans\", sans-serif, \"Apple Color Emoji\", \"Segoe UI Emoji\", \"Segoe UI Symbol\", \"Noto Color Emoji\";font-weight:800;}.vcex-heading.vcex_69d2a01ce13b9:hover{color:#01b2a8;}<\/style><h2 class=\"vcex-heading vcex-heading-plain vcex-module wpex-heading wpex-text-2xl wpex-text-center vcex_69d2a01ce13b9\"><span class=\"vcex-heading-inner wpex-inline-block\">La botella admite varias personalizaciones<\/span><\/h2><div class=\"vcex-spacing wpex-w-100 wpex-clear\" style=\"height:40px;\"><\/div>\n\t<div style=\"text-align:center;width:1200px;\" class=\"wpb_text_column wpex-max-w-100 wpex-mx-auto wpb_content_element\" >\n\t\t<div class=\"wpb_wrapper\">\n\t\t\t<p><span class=\"wpex-text-lg\">Eleve su producto con nuestra gama de opciones de personalizaci\u00f3n. Elija entre una gama de acabados de gama alta que incluyen glaseado, tintado de color y texturas especializadas. A\u00f1ada su toque distintivo con logotipos y etiquetas personalizados para conseguir una botella que destaque en cualquier estanter\u00eda.<\/span><\/p>\n\n\t\t<\/div>\n\t<\/div>\n<div class=\"vcex-spacing wpex-w-100 wpex-clear\" style=\"height:40px;\"><\/div><style>.vcex-grid-container.vcex_69d2a01ce1fa1{gap:35px;}<\/style><div class=\"vcex-grid-container vcex-module wpex-grid wpex-gap-20 wpex-grid-cols-1 wpex-lg-grid-cols-3 vcex_69d2a01ce1fa1\"><style>.vcex-teaser.vcex_69d2a01ce27fa .vcex-teaser-heading{font-size:2em;font-family:system-ui, -apple-system, BlinkMacSystemFont, \"Segoe UI\", Roboto, \"Helvetica Neue\", Arial, \"Noto Sans\", sans-serif, \"Apple Color Emoji\", \"Segoe UI Emoji\", \"Segoe UI Symbol\", \"Noto Color Emoji\";color:#4c4c4c;}<\/style><div class=\"vcex-module vcex-teaser vcex-teaser-four wpex-flex wpex-flex-col wpex-text-center wpex-border wpex-border-solid wpex-border-main vc_custom_1716968916076 vcex_69d2a01ce27fa\"><div class=\"vcex-teaser-media\"><img width=\"1000\" height=\"1000\" src=\"https:\/\/glassbottlesmanufacturer.com\/wp-content\/uploads\/2024\/05\/engraving.webp\" class=\"wpex-align-middle\" alt=\"Grabado\" loading=\"lazy\" decoding=\"async\" srcset=\"https:\/\/glassbottlesmanufacturer.com\/wp-content\/uploads\/2024\/05\/engraving.webp 1000w, https:\/\/glassbottlesmanufacturer.com\/wp-content\/uploads\/2024\/05\/engraving-300x300.webp 300w, https:\/\/glassbottlesmanufacturer.com\/wp-content\/uploads\/2024\/05\/engraving-150x150.webp 150w, https:\/\/glassbottlesmanufacturer.com\/wp-content\/uploads\/2024\/05\/engraving-768x768.webp 768w, https:\/\/glassbottlesmanufacturer.com\/wp-content\/uploads\/2024\/05\/engraving-600x600.webp 600w, https:\/\/glassbottlesmanufacturer.com\/wp-content\/uploads\/2024\/05\/engraving-100x100.webp 100w\" sizes=\"auto, (max-width: 1000px) 100vw, 1000px\" \/><\/div><div class=\"vcex-teaser-content wpex-p-20\"><h2 class=\"vcex-teaser-heading wpex-heading wpex-text-xl\">Grabado<\/h2><\/div><\/div><style>.vcex-teaser.vcex_69d2a01ce3647 .vcex-teaser-heading{font-size:2em;font-family:system-ui, -apple-system, BlinkMacSystemFont, \"Segoe UI\", Roboto, \"Helvetica Neue\", Arial, \"Noto Sans\", sans-serif, \"Apple Color Emoji\", \"Segoe UI Emoji\", \"Segoe UI Symbol\", \"Noto Color Emoji\";color:#4c4c4c;}<\/style><div class=\"vcex-module vcex-teaser vcex-teaser-four wpex-flex wpex-flex-col wpex-text-center wpex-border wpex-border-solid wpex-border-main vc_custom_1716968867669 vcex_69d2a01ce3647\"><div class=\"vcex-teaser-media\"><img width=\"1000\" height=\"1000\" src=\"https:\/\/glassbottlesmanufacturer.com\/wp-content\/uploads\/2024\/05\/printing.webp\" class=\"wpex-align-middle\" alt=\"Impresi\u00f3n\" loading=\"lazy\" decoding=\"async\" srcset=\"https:\/\/glassbottlesmanufacturer.com\/wp-content\/uploads\/2024\/05\/printing.webp 1000w, https:\/\/glassbottlesmanufacturer.com\/wp-content\/uploads\/2024\/05\/printing-300x300.webp 300w, https:\/\/glassbottlesmanufacturer.com\/wp-content\/uploads\/2024\/05\/printing-150x150.webp 150w, https:\/\/glassbottlesmanufacturer.com\/wp-content\/uploads\/2024\/05\/printing-768x768.webp 768w, https:\/\/glassbottlesmanufacturer.com\/wp-content\/uploads\/2024\/05\/printing-600x600.webp 600w, https:\/\/glassbottlesmanufacturer.com\/wp-content\/uploads\/2024\/05\/printing-100x100.webp 100w\" sizes=\"auto, (max-width: 1000px) 100vw, 1000px\" \/><\/div><div class=\"vcex-teaser-content wpex-p-20\"><h2 class=\"vcex-teaser-heading wpex-heading wpex-text-xl\">Impresi\u00f3n<\/h2><\/div><\/div><style>.vcex-teaser.vcex_69d2a01ce4471 .vcex-teaser-heading{font-size:2em;font-family:system-ui, -apple-system, BlinkMacSystemFont, \"Segoe UI\", Roboto, \"Helvetica Neue\", Arial, \"Noto Sans\", sans-serif, \"Apple Color Emoji\", \"Segoe UI Emoji\", \"Segoe UI Symbol\", \"Noto Color Emoji\";color:#4c4c4c;}<\/style><div class=\"vcex-module vcex-teaser vcex-teaser-four wpex-flex wpex-flex-col wpex-text-center wpex-border wpex-border-solid wpex-border-main vc_custom_1716968881677 vcex_69d2a01ce4471\"><div class=\"vcex-teaser-media\"><img width=\"1000\" height=\"1000\" src=\"https:\/\/glassbottlesmanufacturer.com\/wp-content\/uploads\/2024\/05\/real-gold-printing.webp\" class=\"wpex-align-middle\" alt=\"Impresi\u00f3n en oro aut\u00e9ntico\" loading=\"lazy\" decoding=\"async\" srcset=\"https:\/\/glassbottlesmanufacturer.com\/wp-content\/uploads\/2024\/05\/real-gold-printing.webp 1000w, https:\/\/glassbottlesmanufacturer.com\/wp-content\/uploads\/2024\/05\/real-gold-printing-300x300.webp 300w, https:\/\/glassbottlesmanufacturer.com\/wp-content\/uploads\/2024\/05\/real-gold-printing-150x150.webp 150w, https:\/\/glassbottlesmanufacturer.com\/wp-content\/uploads\/2024\/05\/real-gold-printing-768x768.webp 768w, https:\/\/glassbottlesmanufacturer.com\/wp-content\/uploads\/2024\/05\/real-gold-printing-600x600.webp 600w, https:\/\/glassbottlesmanufacturer.com\/wp-content\/uploads\/2024\/05\/real-gold-printing-100x100.webp 100w\" sizes=\"auto, (max-width: 1000px) 100vw, 1000px\" \/><\/div><div class=\"vcex-teaser-content wpex-p-20\"><h2 class=\"vcex-teaser-heading wpex-heading wpex-text-xl\">Impresi\u00f3n en oro aut\u00e9ntico<\/h2><\/div><\/div><\/div><style>.vcex-grid-container.vcex_69d2a01ce4e65{gap:35px;}<\/style><div class=\"vcex-grid-container vcex-module wpex-grid wpex-gap-20 wpex-grid-cols-1 wpex-lg-grid-cols-3 vcex_69d2a01ce4e65\"><style>.vcex-teaser.vcex_69d2a01ce5625 .vcex-teaser-heading{font-size:2em;font-family:system-ui, -apple-system, BlinkMacSystemFont, \"Segoe UI\", Roboto, \"Helvetica Neue\", Arial, \"Noto Sans\", sans-serif, \"Apple Color Emoji\", \"Segoe UI Emoji\", \"Segoe UI Symbol\", \"Noto Color Emoji\";color:#4c4c4c;}<\/style><div class=\"vcex-module vcex-teaser vcex-teaser-four wpex-flex wpex-flex-col wpex-text-center wpex-border wpex-border-solid wpex-border-main vc_custom_1716968948380 vcex_69d2a01ce5625\"><div class=\"vcex-teaser-media\"><img width=\"1000\" height=\"1000\" src=\"https:\/\/glassbottlesmanufacturer.com\/wp-content\/uploads\/2024\/05\/Electroplating.webp\" class=\"wpex-align-middle\" alt=\"Galvanoplastia\" loading=\"lazy\" decoding=\"async\" srcset=\"https:\/\/glassbottlesmanufacturer.com\/wp-content\/uploads\/2024\/05\/Electroplating.webp 1000w, https:\/\/glassbottlesmanufacturer.com\/wp-content\/uploads\/2024\/05\/Electroplating-300x300.webp 300w, https:\/\/glassbottlesmanufacturer.com\/wp-content\/uploads\/2024\/05\/Electroplating-150x150.webp 150w, https:\/\/glassbottlesmanufacturer.com\/wp-content\/uploads\/2024\/05\/Electroplating-768x768.webp 768w, https:\/\/glassbottlesmanufacturer.com\/wp-content\/uploads\/2024\/05\/Electroplating-600x600.webp 600w, https:\/\/glassbottlesmanufacturer.com\/wp-content\/uploads\/2024\/05\/Electroplating-100x100.webp 100w\" sizes=\"auto, (max-width: 1000px) 100vw, 1000px\" \/><\/div><div class=\"vcex-teaser-content wpex-p-20\"><h2 class=\"vcex-teaser-heading wpex-heading wpex-text-xl\">Galvanoplastia<\/h2><\/div><\/div><style>.vcex-teaser.vcex_69d2a01ce6425 .vcex-teaser-heading{font-size:2em;font-family:system-ui, -apple-system, BlinkMacSystemFont, \"Segoe UI\", Roboto, \"Helvetica Neue\", Arial, \"Noto Sans\", sans-serif, \"Apple Color Emoji\", \"Segoe UI Emoji\", \"Segoe UI Symbol\", \"Noto Color Emoji\";color:#4c4c4c;}<\/style><div class=\"vcex-module vcex-teaser vcex-teaser-four wpex-flex wpex-flex-col wpex-text-center wpex-border wpex-border-solid wpex-border-main vc_custom_1716968796490 vcex_69d2a01ce6425\"><div class=\"vcex-teaser-media\"><img width=\"1000\" height=\"1000\" src=\"https:\/\/glassbottlesmanufacturer.com\/wp-content\/uploads\/2024\/05\/spraying.webp\" class=\"wpex-align-middle\" alt=\"Pulverizaci\u00f3n\" loading=\"lazy\" decoding=\"async\" srcset=\"https:\/\/glassbottlesmanufacturer.com\/wp-content\/uploads\/2024\/05\/spraying.webp 1000w, https:\/\/glassbottlesmanufacturer.com\/wp-content\/uploads\/2024\/05\/spraying-300x300.webp 300w, https:\/\/glassbottlesmanufacturer.com\/wp-content\/uploads\/2024\/05\/spraying-150x150.webp 150w, https:\/\/glassbottlesmanufacturer.com\/wp-content\/uploads\/2024\/05\/spraying-768x768.webp 768w, https:\/\/glassbottlesmanufacturer.com\/wp-content\/uploads\/2024\/05\/spraying-600x600.webp 600w, https:\/\/glassbottlesmanufacturer.com\/wp-content\/uploads\/2024\/05\/spraying-100x100.webp 100w\" sizes=\"auto, (max-width: 1000px) 100vw, 1000px\" \/><\/div><div class=\"vcex-teaser-content wpex-p-20\"><h2 class=\"vcex-teaser-heading wpex-heading wpex-text-xl\">Pulverizaci\u00f3n<\/h2><\/div><\/div><style>.vcex-teaser.vcex_69d2a01ce7166 .vcex-teaser-heading{font-size:2em;font-family:system-ui, -apple-system, BlinkMacSystemFont, \"Segoe UI\", Roboto, \"Helvetica Neue\", Arial, \"Noto Sans\", sans-serif, \"Apple Color Emoji\", \"Segoe UI Emoji\", \"Segoe UI Symbol\", \"Noto Color Emoji\";color:#4c4c4c;}<\/style><div class=\"vcex-module vcex-teaser vcex-teaser-four wpex-flex wpex-flex-col wpex-text-center wpex-border wpex-border-solid wpex-border-main vc_custom_1716968747197 vcex_69d2a01ce7166\"><div class=\"vcex-teaser-media\"><img width=\"1000\" height=\"1000\" src=\"https:\/\/glassbottlesmanufacturer.com\/wp-content\/uploads\/2024\/05\/real-silver-printing.webp\" class=\"wpex-align-middle\" alt=\"Impresi\u00f3n en plata aut\u00e9ntica\" loading=\"lazy\" decoding=\"async\" srcset=\"https:\/\/glassbottlesmanufacturer.com\/wp-content\/uploads\/2024\/05\/real-silver-printing.webp 1000w, https:\/\/glassbottlesmanufacturer.com\/wp-content\/uploads\/2024\/05\/real-silver-printing-300x300.webp 300w, https:\/\/glassbottlesmanufacturer.com\/wp-content\/uploads\/2024\/05\/real-silver-printing-150x150.webp 150w, https:\/\/glassbottlesmanufacturer.com\/wp-content\/uploads\/2024\/05\/real-silver-printing-768x768.webp 768w, https:\/\/glassbottlesmanufacturer.com\/wp-content\/uploads\/2024\/05\/real-silver-printing-600x600.webp 600w, https:\/\/glassbottlesmanufacturer.com\/wp-content\/uploads\/2024\/05\/real-silver-printing-100x100.webp 100w\" sizes=\"auto, (max-width: 1000px) 100vw, 1000px\" \/><\/div><div class=\"vcex-teaser-content wpex-p-20\"><h2 class=\"vcex-teaser-heading wpex-heading wpex-text-xl\">Impresi\u00f3n en plata aut\u00e9ntica<\/h2><\/div><\/div><\/div><\/div><\/div><\/div><\/div><div data-vc-full-width=\"true\" data-vc-full-width-init=\"false\" class=\"vc_row wpb_row vc_row-fluid vc_custom_1626757548607 vc_row-o-content-middle vc_row-flex wpex-vc_row-has-fill wpex-vc-row-stretched no-bottom-margins\"><div class=\"wpb_column vc_column_container vc_col-sm-12\"><div class=\"vc_column-inner\"><div class=\"wpb_wrapper\"><div class=\"vcex-spacing wpex-w-100 wpex-clear\" style=\"height:5px;\"><\/div><style>.vcex-heading.vcex_69d2a01ce85a2{width:700px;color:#4c4c4c;font-size:40px;font-family:system-ui, -apple-system, BlinkMacSystemFont, \"Segoe UI\", Roboto, \"Helvetica Neue\", Arial, \"Noto Sans\", sans-serif, \"Apple Color Emoji\", \"Segoe UI Emoji\", \"Segoe UI Symbol\", \"Noto Color Emoji\";font-weight:800;line-height:125%;}.vcex-heading.vcex_69d2a01ce85a2:hover{color:#01b2a8;}@media (max-width:767px){.vcex-heading.vcex_69d2a01ce85a2{font-size:35px;}}<\/style><h2 class=\"vcex-heading vcex-heading-plain vcex-module wpex-heading wpex-text-2xl wpex-text-center wpex-max-w-100 wpex-mx-auto vcex_69d2a01ce85a2\"><span class=\"vcex-heading-inner wpex-inline-block\">Asistencia de dise\u00f1o gratuita<\/span><\/h2><div class=\"vcex-spacing wpex-w-100 wpex-clear\" style=\"height:35px;\"><\/div>\n\t<div style=\"text-align:center;\" class=\"wpb_text_column wpb_content_element\" >\n\t\t<div class=\"wpb_wrapper\">\n\t\t\t<p><span class=\"wpex-text-3xl\">Si determina la capacidad y el n\u00famero de botellas y la idea de las botellas, <\/span><\/p>\n<p><span class=\"wpex-text-3xl\">podemos proporcionarle un dise\u00f1o de dibujo, \u00a1este paso es gratuito!<\/span><\/p>\n\n\t\t<\/div>\n\t<\/div>\n<div class=\"vcex-spacing wpex-w-100 wpex-clear\" style=\"height:50px;\"><\/div><style>.vcex-button.vcex_69d2a01ce9563{border-radius:9999px;padding-block:14px;padding-inline:24px;border:2px solid currentColor;font-size:12px;font-weight:700;text-transform:uppercase;letter-spacing:1px;}.vcex-button.vcex_69d2a01ce9563 .theme-button-icon-right{--wpex-btn-icon-animate-h:5px;}<\/style><div class=\"theme-button-wrap textcenter wpex-clr\"><a href=\"https:\/\/glassbottlesmanufacturer.com\/es\/pongase-en-contacto-con\/\" class=\"vcex-button theme-button outline align-center inline vcex_69d2a01ce9563\"><span class=\"vcex-button-inner theme-button-inner wpex-flex wpex-flex-wrap wpex-items-center wpex-justify-center\">P\u00f3ngase en contacto con nosotros<\/span><\/a><\/div> <\/div><\/div><\/div><\/div><div class=\"vc_row-full-width vc_clearfix\"><\/div><div data-vc-full-width=\"true\" data-vc-full-width-init=\"false\" class=\"vc_section vc_custom_1716969872115 wpex-vc_section-has-fill wpex-vc-row-stretched\"><div class=\"vc_row wpb_row vc_row-fluid\"><div class=\"wpb_column vc_column_container vc_col-sm-12\"><div class=\"vc_column-inner\"><div class=\"wpb_wrapper\"><style>.vcex-heading.vcex_69d2a01cea65b{color:#4c4c4c;font-size:40px;font-family:system-ui, -apple-system, BlinkMacSystemFont, \"Segoe UI\", Roboto, \"Helvetica Neue\", Arial, \"Noto Sans\", sans-serif, \"Apple Color Emoji\", \"Segoe UI Emoji\", \"Segoe UI Symbol\", \"Noto Color Emoji\";font-weight:800;}.vcex-heading.vcex_69d2a01cea65b:hover{color:#01b2a8;}<\/style><div class=\"vcex-heading vcex-heading-plain vcex-module wpex-heading wpex-text-2xl wpex-text-center vcex_69d2a01cea65b\"><span class=\"vcex-heading-inner wpex-inline-block\">Cat\u00e1logo de botellas de vidrio<\/span><\/div><div class=\"vcex-spacing wpex-w-100 wpex-clear\" style=\"height:20px;\"><\/div><\/div><\/div><\/div><\/div><div class=\"vc_row wpb_row vc_row-fluid vc_column-gap-35\"><div class=\"wpb_column vc_column_container vc_col-sm-4 wpex-vc_col-has-fill\"><div class=\"vc_column-inner wpex-shadow-lg vc_custom_1631742011400\"><div class=\"wpb_wrapper\"><style>.vcex-heading.vcex_69d2a01ceb6e7{color:#4c4c4c;font-size:2em;font-family:system-ui, -apple-system, BlinkMacSystemFont, \"Segoe UI\", Roboto, \"Helvetica Neue\", Arial, \"Noto Sans\", sans-serif, \"Apple Color Emoji\", \"Segoe UI Emoji\", \"Segoe UI Symbol\", \"Noto Color Emoji\";font-weight:800;}<\/style><div class=\"vcex-heading vcex-heading-plain vcex-module wpex-heading wpex-text-2xl wpex-text-center vcex_69d2a01ceb6e7\"><span class=\"vcex-heading-inner wpex-inline-block\">Hiking Glass 500ml Catalog 2026<\/span><\/div><div class=\"vcex-module vcex-divider vcex-divider-solid vcex-divider-center wpex-mx-auto wpex-block wpex-h-0 wpex-border-b wpex-border-solid wpex-border-main\" style=\"margin-block:30px;border-color:#ededed;\"><\/div><div class=\"vcex-spacing wpex-w-100 wpex-clear\"><\/div><style>.vcex-button.vcex_69d2a01ceca7b{border-radius:9999px;color:#4e5cf5!important;padding-block:15px;padding-inline:30px;border:2px solid currentColor;font-weight:700;}.vcex-button.vcex_69d2a01ceca7b:hover{background:#4e5cf5!important;color:#ffffff!important;}<\/style><div class=\"theme-button-wrap theme-button-expanded-wrap\"><a href=\"https:\/\/glassbottlesmanufacturer.com\/wp-content\/uploads\/2024\/05\/Hiking-Glass-500ml-catalog-2024.pdf\" class=\"vcex-button theme-button outline expanded expanded vcex_69d2a01ceca7b\"><span class=\"vcex-button-inner theme-button-inner wpex-flex wpex-flex-wrap wpex-items-center wpex-justify-center\">Ver<\/span><\/a><\/div> <\/div><\/div><\/div><div class=\"wpb_column vc_column_container vc_col-sm-4 wpex-vc_col-has-fill\"><div class=\"vc_column-inner wpex-shadow-lg vc_custom_1631742018352\"><div class=\"wpb_wrapper\"><style>.vcex-heading.vcex_69d2a01ced960{color:#4c4c4c;font-size:2em;font-family:system-ui, -apple-system, BlinkMacSystemFont, \"Segoe UI\", Roboto, \"Helvetica Neue\", Arial, \"Noto Sans\", sans-serif, \"Apple Color Emoji\", \"Segoe UI Emoji\", \"Segoe UI Symbol\", \"Noto Color Emoji\";font-weight:800;}<\/style><span class=\"vcex-heading vcex-heading-plain vcex-module wpex-heading wpex-text-2xl wpex-text-center vcex_69d2a01ced960\"><span class=\"vcex-heading-inner wpex-inline-block\">Hiking Glass 700ml Catalog 2026<\/span><\/span><div class=\"vcex-module vcex-divider vcex-divider-solid vcex-divider-center wpex-mx-auto wpex-block wpex-h-0 wpex-border-b wpex-border-solid wpex-border-main\" style=\"margin-block:30px;border-color:#ededed;\"><\/div><div class=\"vcex-spacing wpex-w-100 wpex-clear\"><\/div><style>.vcex-button.vcex_69d2a01ceec2b{border-radius:9999px;background:#4e5cf5;color:#ffffff!important;padding-block:15px;padding-inline:30px;font-weight:700;}.vcex-button.vcex_69d2a01ceec2b:hover{background:rgba(78,92,245,0.9)!important;}<\/style><div class=\"theme-button-wrap theme-button-expanded-wrap\"><a href=\"https:\/\/glassbottlesmanufacturer.com\/wp-content\/uploads\/2024\/05\/Hiking-Glass-700ml-catalog-2024.pdf\" class=\"vcex-button theme-button flat expanded expanded vcex_69d2a01ceec2b\"><span class=\"vcex-button-inner theme-button-inner wpex-flex wpex-flex-wrap wpex-items-center wpex-justify-center\">Ver<\/span><\/a><\/div> <\/div><\/div><\/div><div class=\"wpb_column vc_column_container vc_col-sm-4 wpex-vc_col-has-fill\"><div class=\"vc_column-inner wpex-shadow-lg vc_custom_1631742024786\"><div class=\"wpb_wrapper\"><style>.vcex-heading.vcex_69d2a01cefa5b{color:#4c4c4c;font-size:2em;font-family:system-ui, -apple-system, BlinkMacSystemFont, \"Segoe UI\", Roboto, \"Helvetica Neue\", Arial, \"Noto Sans\", sans-serif, \"Apple Color Emoji\", \"Segoe UI Emoji\", \"Segoe UI Symbol\", \"Noto Color Emoji\";font-weight:800;}<\/style><span class=\"vcex-heading vcex-heading-plain vcex-module wpex-heading wpex-text-2xl wpex-text-center vcex_69d2a01cefa5b\"><span class=\"vcex-heading-inner wpex-inline-block\">Hiking Glass 750ml Catalog 2026<\/span><\/span><div class=\"vcex-module vcex-divider vcex-divider-solid vcex-divider-center wpex-mx-auto wpex-block wpex-h-0 wpex-border-b wpex-border-solid wpex-border-main\" style=\"margin-block:30px;border-color:#ededed;\"><\/div><div class=\"vcex-spacing wpex-w-100 wpex-clear\"><\/div><style>.vcex-button.vcex_69d2a01cf107d{border-radius:9999px;color:#4e5cf5!important;padding-block:15px;padding-inline:30px;border:2px solid currentColor;font-weight:700;}.vcex-button.vcex_69d2a01cf107d:hover{background:#4e5cf5!important;color:#ffffff!important;}<\/style><div class=\"theme-button-wrap theme-button-expanded-wrap\"><a href=\"https:\/\/glassbottlesmanufacturer.com\/wp-content\/uploads\/2024\/05\/Hiking-Glass-750ml-catalog-2024.pdf\" class=\"vcex-button theme-button outline expanded expanded vcex_69d2a01cf107d\"><span class=\"vcex-button-inner theme-button-inner wpex-flex wpex-flex-wrap wpex-items-center wpex-justify-center\">Ver<\/span><\/a><\/div> <\/div><\/div><\/div><\/div><\/div><div class=\"vc_row-full-width vc_clearfix\"><\/div>\n<\/div>","protected":false},"excerpt":{"rendered":"Our ServicesCustom Bottle Design We have a professional team of product developers, each bottle begins as an idea shaped by the essence of luxury. Meticulousness is our mantra, guiding the expert hands that sculpt, the discerning eyes that inspect, and the passionate hearts that aspire to the extraordinary. At the core of our ethos is&hellip;","protected":false},"author":1,"featured_media":0,"parent":0,"menu_order":0,"comment_status":"closed","ping_status":"closed","template":"","meta":{"footnotes":""},"class_list":["post-7351","page","type-page","status-publish","hentry","entry","no-media"],"_links":{"self":[{"href":"https:\/\/glassbottlesmanufacturer.com\/es\/wp-json\/wp\/v2\/pages\/7351","targetHints":{"allow":["GET"]}}],"collection":[{"href":"https:\/\/glassbottlesmanufacturer.com\/es\/wp-json\/wp\/v2\/pages"}],"about":[{"href":"https:\/\/glassbottlesmanufacturer.com\/es\/wp-json\/wp\/v2\/types\/page"}],"author":[{"embeddable":true,"href":"https:\/\/glassbottlesmanufacturer.com\/es\/wp-json\/wp\/v2\/users\/1"}],"replies":[{"embeddable":true,"href":"https:\/\/glassbottlesmanufacturer.com\/es\/wp-json\/wp\/v2\/comments?post=7351"}],"version-history":[{"count":5,"href":"https:\/\/glassbottlesmanufacturer.com\/es\/wp-json\/wp\/v2\/pages\/7351\/revisions"}],"predecessor-version":[{"id":8917,"href":"https:\/\/glassbottlesmanufacturer.com\/es\/wp-json\/wp\/v2\/pages\/7351\/revisions\/8917"}],"wp:attachment":[{"href":"https:\/\/glassbottlesmanufacturer.com\/es\/wp-json\/wp\/v2\/media?parent=7351"}],"curies":[{"name":"wp","href":"https:\/\/api.w.org\/{rel}","templated":true}]}}