{"id":7354,"date":"2024-05-29T06:41:26","date_gmt":"2024-05-29T06:41:26","guid":{"rendered":"https:\/\/glassbottlesmanufacturer.com\/?page_id=7354"},"modified":"2024-06-05T10:00:38","modified_gmt":"2024-06-05T10:00:38","slug":"almacenamiento-transporte","status":"publish","type":"page","link":"https:\/\/glassbottlesmanufacturer.com\/es\/almacenamiento-transporte\/","title":{"rendered":"Almacenamiento y expedici\u00f3n"},"content":{"rendered":"<div class=\"wpb-content-wrapper\"><div class=\"vc_row wpb_row vc_row-fluid vc_custom_1633802866801 vc_row-o-equal-height vc_row-o-content-middle vc_row-flex wpex-vc-has-custom-column-spacing wpex-vc-column-spacing-50\"><div class=\"wpb_column vc_column_container vc_col-sm-6\"><div class=\"vc_column-inner\"><div class=\"wpb_wrapper\"><style>.vcex-heading.vcex_69d29a3288b61{color:#4c4c4c;font-size:40px;font-family:system-ui, -apple-system, BlinkMacSystemFont, \"Segoe UI\", Roboto, \"Helvetica Neue\", Arial, \"Noto Sans\", sans-serif, \"Apple Color Emoji\", \"Segoe UI Emoji\", \"Segoe UI Symbol\", \"Noto Color Emoji\";font-weight:700;}.vcex-heading.vcex_69d29a3288b61:hover{color:#01b2a8;}<\/style><h2 class=\"vcex-heading vcex-heading-plain vcex-module wpex-heading wpex-text-2xl vcex_69d29a3288b61\"><span class=\"vcex-heading-inner wpex-inline-block\">Almacenamiento<\/span><\/h2><div class=\"vcex-spacing wpex-w-100 wpex-clear\" style=\"height:50px;\"><\/div>\n\t<div style=\"color:#222222;font-size:14px;\" class=\"wpb_text_column has-custom-color wpex-child-inherit-color wpb_content_element\" >\n\t\t<div class=\"wpb_wrapper\">\n\t\t\t<p><span class=\"wpex-text-lg\">Con m\u00e1s de 2.600.000 pies cuadrados disponibles, nos permite almacenar m\u00e1s de 2.000 art\u00edculos, reservando al mismo tiempo mucho espacio para las propiedades de nuestros clientes. Entendemos que muchos de nuestros clientes no tienen suficiente espacio para almacenar su inventario. Podemos trabajar con usted para desarrollar un plan de almacenamiento que satisfaga las necesidades de su empresa. <\/span><\/p>\n\n\t\t<\/div>\n\t<\/div>\n<div class=\"vcex-spacing wpex-w-100 wpex-clear\" style=\"height:70px;\"><\/div><style>.vcex-list_item.vcex_69d29a328a968{color:#222222;font-size:16px;}.vcex-list_item.vcex_69d29a328a968 .vcex-list-item-icon-inner{color:#0145ff;}<\/style><div class=\"vcex-list_item vcex-module wpex-m-0 wpex-max-w-100 wpex-mb-15 vcex_69d29a328a968\"><div class=\"vcex-list-item-inner wpex-inline-flex wpex-flex-no-wrap\"><div class=\"vcex-list-item-icon wpex-mr-10\"><div class=\"vcex-list-item-icon-inner vcex-icon-wrap wpex-inline-flex wpex-justify-center wpex-items-center wpex-leading-none wpex-child-inherit-color\"><span class=\"wpex-icon--w far fa-check-circle\" aria-hidden=\"true\"><\/span><\/div><\/div><div class=\"vcex-list-item-text vcex-content wpex-flex-grow\">Existencias de seguridad<\/div><\/div><\/div><style>.vcex-list_item.vcex_69d29a328b322{color:#222222;font-size:16px;}.vcex-list_item.vcex_69d29a328b322 .vcex-list-item-icon-inner{color:#0145ff;}<\/style><div class=\"vcex-list_item vcex-module wpex-m-0 wpex-max-w-100 wpex-mb-15 vcex_69d29a328b322\"><div class=\"vcex-list-item-inner wpex-inline-flex wpex-flex-no-wrap\"><div class=\"vcex-list-item-icon wpex-mr-10\"><div class=\"vcex-list-item-icon-inner vcex-icon-wrap wpex-inline-flex wpex-justify-center wpex-items-center wpex-leading-none wpex-child-inherit-color\"><span class=\"wpex-icon--w far fa-check-circle\" aria-hidden=\"true\"><\/span><\/div><\/div><div class=\"vcex-list-item-text vcex-content wpex-flex-grow\">Eficacia de los pedidos<\/div><\/div><\/div><style>.vcex-list_item.vcex_69d29a328bbd9{color:#222222;font-size:16px;}.vcex-list_item.vcex_69d29a328bbd9 .vcex-list-item-icon-inner{color:#0145ff;}<\/style><div class=\"vcex-list_item vcex-module wpex-m-0 wpex-max-w-100 wpex-mb-15 vcex_69d29a328bbd9\"><div class=\"vcex-list-item-inner wpex-inline-flex wpex-flex-no-wrap\"><div class=\"vcex-list-item-icon wpex-mr-10\"><div class=\"vcex-list-item-icon-inner vcex-icon-wrap wpex-inline-flex wpex-justify-center wpex-items-center wpex-leading-none wpex-child-inherit-color\"><span class=\"wpex-icon--w far fa-check-circle\" aria-hidden=\"true\"><\/span><\/div><\/div><div class=\"vcex-list-item-text vcex-content wpex-flex-grow\">Asistencia t\u00e9cnica perfecta<\/div><\/div><\/div><\/div><\/div><\/div><div class=\"wpb_column vc_column_container vc_col-sm-6\"><div class=\"vc_column-inner\"><div class=\"wpb_wrapper\"><figure class=\"vcex-image vcex-module\"><div class=\"vcex-image-inner wpex-relative wpex-inline-block\"><img width=\"1485\" height=\"1262\" src=\"https:\/\/glassbottlesmanufacturer.com\/wp-content\/uploads\/2024\/05\/\u4ed3\u5e93.webp\" class=\"vcex-image-img wpex-align-middle\" alt=\"\" loading=\"lazy\" decoding=\"async\" srcset=\"https:\/\/glassbottlesmanufacturer.com\/wp-content\/uploads\/2024\/05\/\u4ed3\u5e93.webp 1485w, https:\/\/glassbottlesmanufacturer.com\/wp-content\/uploads\/2024\/05\/\u4ed3\u5e93-300x255.webp 300w, https:\/\/glassbottlesmanufacturer.com\/wp-content\/uploads\/2024\/05\/\u4ed3\u5e93-1024x870.webp 1024w, https:\/\/glassbottlesmanufacturer.com\/wp-content\/uploads\/2024\/05\/\u4ed3\u5e93-768x653.webp 768w, https:\/\/glassbottlesmanufacturer.com\/wp-content\/uploads\/2024\/05\/\u4ed3\u5e93-600x510.webp 600w\" sizes=\"auto, (max-width: 1485px) 100vw, 1485px\" \/><\/div><\/figure><\/div><\/div><\/div><\/div><div class=\"vc_row wpb_row vc_row-fluid vc_custom_1717577248449\"><div class=\"wpb_column vc_column_container vc_col-sm-4\"><div class=\"vc_column-inner\"><div class=\"wpb_wrapper\"><figure class=\"vcex-image vcex-module\"><div class=\"vcex-image-inner wpex-relative wpex-inline-block\"><img width=\"2560\" height=\"2560\" src=\"https:\/\/glassbottlesmanufacturer.com\/wp-content\/uploads\/2024\/06\/\u4ed3\u5e931-scaled.webp\" class=\"vcex-image-img wpex-align-middle\" alt=\"\" loading=\"lazy\" decoding=\"async\" srcset=\"https:\/\/glassbottlesmanufacturer.com\/wp-content\/uploads\/2024\/06\/\u4ed3\u5e931-scaled.webp 2560w, https:\/\/glassbottlesmanufacturer.com\/wp-content\/uploads\/2024\/06\/\u4ed3\u5e931-300x300.webp 300w, https:\/\/glassbottlesmanufacturer.com\/wp-content\/uploads\/2024\/06\/\u4ed3\u5e931-1024x1024.webp 1024w, https:\/\/glassbottlesmanufacturer.com\/wp-content\/uploads\/2024\/06\/\u4ed3\u5e931-150x150.webp 150w, https:\/\/glassbottlesmanufacturer.com\/wp-content\/uploads\/2024\/06\/\u4ed3\u5e931-768x768.webp 768w, https:\/\/glassbottlesmanufacturer.com\/wp-content\/uploads\/2024\/06\/\u4ed3\u5e931-1536x1536.webp 1536w, https:\/\/glassbottlesmanufacturer.com\/wp-content\/uploads\/2024\/06\/\u4ed3\u5e931-2048x2048.webp 2048w, https:\/\/glassbottlesmanufacturer.com\/wp-content\/uploads\/2024\/06\/\u4ed3\u5e931-600x600.webp 600w, https:\/\/glassbottlesmanufacturer.com\/wp-content\/uploads\/2024\/06\/\u4ed3\u5e931-100x100.webp 100w\" sizes=\"auto, (max-width: 2560px) 100vw, 2560px\" \/><\/div><\/figure><\/div><\/div><\/div><div class=\"wpb_column vc_column_container vc_col-sm-4\"><div class=\"vc_column-inner\"><div class=\"wpb_wrapper\"><figure class=\"vcex-image vcex-module\"><div class=\"vcex-image-inner wpex-relative wpex-inline-block\"><img width=\"2560\" height=\"2560\" src=\"https:\/\/glassbottlesmanufacturer.com\/wp-content\/uploads\/2024\/06\/\u5fae\u4fe1\u56fe\u7247_20240429092443-scaled.webp\" class=\"vcex-image-img wpex-align-middle\" alt=\"\" loading=\"lazy\" decoding=\"async\" srcset=\"https:\/\/glassbottlesmanufacturer.com\/wp-content\/uploads\/2024\/06\/\u5fae\u4fe1\u56fe\u7247_20240429092443-scaled.webp 2560w, https:\/\/glassbottlesmanufacturer.com\/wp-content\/uploads\/2024\/06\/\u5fae\u4fe1\u56fe\u7247_20240429092443-300x300.webp 300w, https:\/\/glassbottlesmanufacturer.com\/wp-content\/uploads\/2024\/06\/\u5fae\u4fe1\u56fe\u7247_20240429092443-1024x1024.webp 1024w, https:\/\/glassbottlesmanufacturer.com\/wp-content\/uploads\/2024\/06\/\u5fae\u4fe1\u56fe\u7247_20240429092443-150x150.webp 150w, https:\/\/glassbottlesmanufacturer.com\/wp-content\/uploads\/2024\/06\/\u5fae\u4fe1\u56fe\u7247_20240429092443-768x768.webp 768w, https:\/\/glassbottlesmanufacturer.com\/wp-content\/uploads\/2024\/06\/\u5fae\u4fe1\u56fe\u7247_20240429092443-1536x1536.webp 1536w, https:\/\/glassbottlesmanufacturer.com\/wp-content\/uploads\/2024\/06\/\u5fae\u4fe1\u56fe\u7247_20240429092443-2048x2048.webp 2048w, https:\/\/glassbottlesmanufacturer.com\/wp-content\/uploads\/2024\/06\/\u5fae\u4fe1\u56fe\u7247_20240429092443-600x600.webp 600w, https:\/\/glassbottlesmanufacturer.com\/wp-content\/uploads\/2024\/06\/\u5fae\u4fe1\u56fe\u7247_20240429092443-100x100.webp 100w\" sizes=\"auto, (max-width: 2560px) 100vw, 2560px\" \/><\/div><\/figure><\/div><\/div><\/div><div class=\"wpb_column vc_column_container vc_col-sm-4\"><div class=\"vc_column-inner\"><div class=\"wpb_wrapper\"><figure class=\"vcex-image vcex-module\"><div class=\"vcex-image-inner wpex-relative wpex-inline-block\"><img width=\"480\" height=\"480\" src=\"https:\/\/glassbottlesmanufacturer.com\/wp-content\/uploads\/2024\/06\/\u5fae\u4fe1\u56fe\u7247_202112140914301.webp\" class=\"vcex-image-img wpex-align-middle\" alt=\"\" loading=\"lazy\" decoding=\"async\" srcset=\"https:\/\/glassbottlesmanufacturer.com\/wp-content\/uploads\/2024\/06\/\u5fae\u4fe1\u56fe\u7247_202112140914301.webp 480w, https:\/\/glassbottlesmanufacturer.com\/wp-content\/uploads\/2024\/06\/\u5fae\u4fe1\u56fe\u7247_202112140914301-300x300.webp 300w, https:\/\/glassbottlesmanufacturer.com\/wp-content\/uploads\/2024\/06\/\u5fae\u4fe1\u56fe\u7247_202112140914301-150x150.webp 150w, https:\/\/glassbottlesmanufacturer.com\/wp-content\/uploads\/2024\/06\/\u5fae\u4fe1\u56fe\u7247_202112140914301-100x100.webp 100w\" sizes=\"auto, (max-width: 480px) 100vw, 480px\" \/><\/div><\/figure><\/div><\/div><\/div><\/div><div class=\"vc_row wpb_row vc_row-fluid vc_custom_1717577329690\"><div class=\"wpb_column vc_column_container vc_col-sm-4\"><div class=\"vc_column-inner\"><div class=\"wpb_wrapper\"><figure class=\"vcex-image vcex-module\"><div class=\"vcex-image-inner wpex-relative wpex-inline-block\"><img width=\"1080\" height=\"1440\" src=\"https:\/\/glassbottlesmanufacturer.com\/wp-content\/uploads\/2024\/06\/\u5fae\u4fe1\u56fe\u7247_202111011025086.jpg\" class=\"vcex-image-img wpex-align-middle\" alt=\"\" loading=\"lazy\" decoding=\"async\" srcset=\"https:\/\/glassbottlesmanufacturer.com\/wp-content\/uploads\/2024\/06\/\u5fae\u4fe1\u56fe\u7247_202111011025086.jpg 1080w, https:\/\/glassbottlesmanufacturer.com\/wp-content\/uploads\/2024\/06\/\u5fae\u4fe1\u56fe\u7247_202111011025086-225x300.jpg 225w, https:\/\/glassbottlesmanufacturer.com\/wp-content\/uploads\/2024\/06\/\u5fae\u4fe1\u56fe\u7247_202111011025086-768x1024.jpg 768w, https:\/\/glassbottlesmanufacturer.com\/wp-content\/uploads\/2024\/06\/\u5fae\u4fe1\u56fe\u7247_202111011025086-600x800.jpg 600w\" sizes=\"auto, (max-width: 1080px) 100vw, 1080px\" \/><\/div><\/figure><\/div><\/div><\/div><div class=\"wpb_column vc_column_container vc_col-sm-4\"><div class=\"vc_column-inner\"><div class=\"wpb_wrapper\"><figure class=\"vcex-image vcex-module\"><div class=\"vcex-image-inner wpex-relative wpex-inline-block\"><img width=\"1280\" height=\"1707\" src=\"https:\/\/glassbottlesmanufacturer.com\/wp-content\/uploads\/2024\/06\/\u5fae\u4fe1\u56fe\u7247_20240605161941.webp\" class=\"vcex-image-img wpex-align-middle\" alt=\"\" loading=\"lazy\" decoding=\"async\" srcset=\"https:\/\/glassbottlesmanufacturer.com\/wp-content\/uploads\/2024\/06\/\u5fae\u4fe1\u56fe\u7247_20240605161941.webp 1280w, https:\/\/glassbottlesmanufacturer.com\/wp-content\/uploads\/2024\/06\/\u5fae\u4fe1\u56fe\u7247_20240605161941-225x300.webp 225w, https:\/\/glassbottlesmanufacturer.com\/wp-content\/uploads\/2024\/06\/\u5fae\u4fe1\u56fe\u7247_20240605161941-768x1024.webp 768w, https:\/\/glassbottlesmanufacturer.com\/wp-content\/uploads\/2024\/06\/\u5fae\u4fe1\u56fe\u7247_20240605161941-1152x1536.webp 1152w, https:\/\/glassbottlesmanufacturer.com\/wp-content\/uploads\/2024\/06\/\u5fae\u4fe1\u56fe\u7247_20240605161941-600x800.webp 600w\" sizes=\"auto, (max-width: 1280px) 100vw, 1280px\" \/><\/div><\/figure><\/div><\/div><\/div><div class=\"wpb_column vc_column_container vc_col-sm-4\"><div class=\"vc_column-inner\"><div class=\"wpb_wrapper\"><figure class=\"vcex-image vcex-module\"><div class=\"vcex-image-inner wpex-relative wpex-inline-block\"><img width=\"1080\" height=\"1440\" src=\"https:\/\/glassbottlesmanufacturer.com\/wp-content\/uploads\/2024\/06\/\u5fae\u4fe1\u56fe\u7247_202111011025085-1.webp\" class=\"vcex-image-img wpex-align-middle\" alt=\"\" loading=\"lazy\" decoding=\"async\" srcset=\"https:\/\/glassbottlesmanufacturer.com\/wp-content\/uploads\/2024\/06\/\u5fae\u4fe1\u56fe\u7247_202111011025085-1.webp 1080w, https:\/\/glassbottlesmanufacturer.com\/wp-content\/uploads\/2024\/06\/\u5fae\u4fe1\u56fe\u7247_202111011025085-1-225x300.webp 225w, https:\/\/glassbottlesmanufacturer.com\/wp-content\/uploads\/2024\/06\/\u5fae\u4fe1\u56fe\u7247_202111011025085-1-768x1024.webp 768w, https:\/\/glassbottlesmanufacturer.com\/wp-content\/uploads\/2024\/06\/\u5fae\u4fe1\u56fe\u7247_202111011025085-1-600x800.webp 600w\" sizes=\"auto, (max-width: 1080px) 100vw, 1080px\" \/><\/div><\/figure><\/div><\/div><\/div><\/div><div class=\"vc_row wpb_row vc_row-fluid\"><div class=\"wpb_column vc_column_container vc_col-sm-12\"><div class=\"vc_column-inner\"><div class=\"wpb_wrapper\">\n\t<div class=\"wpb_text_column wpb_content_element\" >\n\t\t<div class=\"wpb_wrapper\">\n\t\t\t<p style=\"text-align: left;\"><strong><span class=\"wpex-text-lg\">Almacenamiento sofisticado para sus botellas de vidrio premium<\/span><\/strong><\/p>\n<p style=\"text-align: left;\"><span class=\"wpex-text-lg\">En Hiking Glass, sabemos que la botella perfecta conserva y realza la esencia de su contenido. Por eso, nuestras instalaciones de almacenamiento est\u00e1n dise\u00f1adas exclusivamente para satisfacer las necesidades espec\u00edficas de las botellas de vino de vidrio. Con un almacenamiento climatizado y sistemas de manipulaci\u00f3n de \u00faltima generaci\u00f3n, nos aseguramos de que cada botella mantenga su integridad desde nuestra f\u00e1brica hasta sus instalaciones.<\/span><\/p>\n<p style=\"text-align: left;\"><strong><span class=\"wpex-text-lg\">Env\u00edo experto, gestionado con cuidado<\/span><\/strong><\/p>\n<p style=\"text-align: left;\"><span class=\"wpex-text-lg\">Sus exquisitas botellas merecen un servicio de env\u00edo tan refinado como los productos que crea. Hemos perfeccionado el arte de embalar y transportar cristaler\u00eda delicada, proporcionando soluciones de env\u00edo seguras, fiables y eficientes que protegen sus botellas en cada etapa del tr\u00e1nsito. Nuestras sofisticadas t\u00e9cnicas de amortiguaci\u00f3n y embalaje est\u00e1n dise\u00f1adas para salvaguardar la elegancia de sus botellas y entregarlas siempre en perfecto estado.<\/span><\/p>\n<p><strong><span class=\"wpex-text-lg\">Distribuci\u00f3n racionalizada para bodegas de todo el mundo<\/span><\/strong><\/p>\n<p><span class=\"wpex-text-lg\">Como viticultores y propietarios de bodegas, usted valora la precisi\u00f3n y el cuidado. Nuestros servicios exclusivos de almacenamiento y env\u00edo est\u00e1n dise\u00f1ados para extender ese mismo nivel de detalle a sus operaciones comerciales. Asociarse con nosotros significa acceder a una red log\u00edstica sin fisuras que garantiza que sus hermosas botellas de vidrio se exhiban en cada estante, cada vez, sin la preocupaci\u00f3n de roturas o retrasos.<\/span><\/p>\n<p><strong><span class=\"wpex-text-lg\">Log\u00edstica inteligente para la industria vitivin\u00edcola<\/span><\/strong><\/p>\n<p><span class=\"wpex-text-lg\">Mejore su experiencia log\u00edstica con nuestros sistemas inteligentes de seguimiento, que le ofrecen una visibilidad total de su inventario las 24 horas del d\u00eda, los 7 d\u00edas de la semana. Tanto si se est\u00e1 preparando para la pr\u00f3xima temporada alta como si est\u00e1 lanzando una nueva l\u00ednea de botellas de vino, nuestra plataforma log\u00edstica le mantiene informado y en control. Con actualizaciones en tiempo real y an\u00e1lisis predictivos, le ayudamos a anticiparse a la demanda y a gestionar la oferta, porque cuando se trata de vino, el momento oportuno lo es todo.<\/span><\/p>\n<p><strong><span class=\"wpex-text-lg\">Brindis por un cumplimiento impecable<\/span><\/strong><\/p>\n<p><span class=\"wpex-text-lg\">Desde nuestro almac\u00e9n hasta la puerta de su cliente, hacemos que cada paso cuente. Nuestro compromiso con la excelencia en el almacenamiento y el env\u00edo refleja los altos est\u00e1ndares de su negocio. Porque cuando nos conf\u00eda sus botellas, las tratamos no s\u00f3lo como productos, sino como recipientes de arte y tradici\u00f3n.\u00a0<\/span><\/p>\n<p><span class=\"wpex-text-lg\">Cada p\u00e1rrafo se ha creado para transmitir la consideraci\u00f3n y la atenci\u00f3n al detalle que se presta a la manipulaci\u00f3n, el almacenamiento y el env\u00edo de botellas de vidrio, en consonancia con la calidad y el cuidado que sus clientes esperan de sus productos.<\/span><\/p>\n\n\t\t<\/div>\n\t<\/div>\n<\/div><\/div><\/div><\/div>\n<\/div>","protected":false},"excerpt":{"rendered":"Warehousing With more than 2,600,000 sq ft available, it allows us to stock over 2000+ items, while reserving plenty of space for customer property. We understand that many of our customers do not have enough space to store their inventory. We can work with you to develop a warehousing plan to meet your company\u2019s needs.&hellip;","protected":false},"author":1,"featured_media":0,"parent":0,"menu_order":0,"comment_status":"closed","ping_status":"closed","template":"","meta":{"footnotes":""},"class_list":["post-7354","page","type-page","status-publish","hentry","entry","no-media"],"_links":{"self":[{"href":"https:\/\/glassbottlesmanufacturer.com\/es\/wp-json\/wp\/v2\/pages\/7354","targetHints":{"allow":["GET"]}}],"collection":[{"href":"https:\/\/glassbottlesmanufacturer.com\/es\/wp-json\/wp\/v2\/pages"}],"about":[{"href":"https:\/\/glassbottlesmanufacturer.com\/es\/wp-json\/wp\/v2\/types\/page"}],"author":[{"embeddable":true,"href":"https:\/\/glassbottlesmanufacturer.com\/es\/wp-json\/wp\/v2\/users\/1"}],"replies":[{"embeddable":true,"href":"https:\/\/glassbottlesmanufacturer.com\/es\/wp-json\/wp\/v2\/comments?post=7354"}],"version-history":[{"count":4,"href":"https:\/\/glassbottlesmanufacturer.com\/es\/wp-json\/wp\/v2\/pages\/7354\/revisions"}],"predecessor-version":[{"id":7434,"href":"https:\/\/glassbottlesmanufacturer.com\/es\/wp-json\/wp\/v2\/pages\/7354\/revisions\/7434"}],"wp:attachment":[{"href":"https:\/\/glassbottlesmanufacturer.com\/es\/wp-json\/wp\/v2\/media?parent=7354"}],"curies":[{"name":"wp","href":"https:\/\/api.w.org\/{rel}","templated":true}]}}