{"id":3924,"date":"2017-10-21T08:53:53","date_gmt":"2017-10-21T08:53:53","guid":{"rendered":"https:\/\/glassbottlesmanufacturer.com\/?post_type=product&#038;p=3924"},"modified":"2018-04-02T03:27:17","modified_gmt":"2018-04-02T03:27:17","slug":"impresion-de-botellas-de-cristal-de-whisky-de-alta-calidad","status":"publish","type":"product","link":"https:\/\/glassbottlesmanufacturer.com\/es\/venta-al-por-mayor\/impresion-de-botellas-de-cristal-de-whisky-de-alta-calidad\/","title":{"rendered":"BOTELLA DE VIDRIO PARA WHISKY DE ALTA CALIDAD CON IMPRESI\u00d3N"},"content":{"rendered":"<p>Botella de vidrio de whisky de alta calidad con la impresi\u00f3n hecha por los trabajadores utilizan una variedad de procesos .La botella de whisky tienen un cuello largo y se destacan en el medio . Deslice hacia abajo desde los hombros y la segunda mitad es una forma cil\u00edndrica, muy especial. No s\u00f3lo es adecuado para el llenado de whisky, sino tambi\u00e9n para la ginebra. podemos de acuerdo a la exigencia de los clientes hacer proceso de glaseado en la superficie de la botella. tambi\u00e9n podemos hacer serigraf\u00eda en la botella. la botella de vidrio de alta calidad con la impresi\u00f3n utilizando el sello de enchufe, tambi\u00e9n podemos proporcionar a usted todo tipo de tapones de material. si usted est\u00e1 interesado en la botella, por favor ll\u00e1meme.<\/p>\n<h4><strong><b>Aplicaci\u00f3n decorativa<\/b><\/strong><\/h4>\n<p>HIKING Fabricante de botellas de vidrio ofrece abundantes decoraciones profundas y manipulaci\u00f3n multisuperficie para 7<strong><b>botella de vidrio para whisky de alta calidad con impresi\u00f3n<\/b><\/strong>. Puede disfrutar de un servicio integral de la f\u00e1brica de botellas de vidrio HIKING, como la impresi\u00f3n del logotipo en las botellas de vidrio esmerilado, la pulverizaci\u00f3n de colores en la superficie transparente y la galvanoplastia UV de colores brillantes y resplandecientes para mejorar la calidad del mercado.<\/p>\n<h4><strong><b>Informaci\u00f3n sobre env\u00edos<\/b><\/strong><\/h4>\n<ul>\n<li>Botellas de vidrio liso En stock 5-10 d\u00edas.<\/li>\n<\/ul>\n<p>El fabricante de botellas de vidrio HIKING suministra existencias suficientes para\u00a0<strong><b>botella de vidrio para whisky de alta calidad con impresi\u00f3n<\/b><\/strong>. HIKING f\u00e1brica de botellas de vidrio puede entregar la carga con una semana para las botellas de vidrio de valores si el uso de nuestro m\u00e9todo de embalaje est\u00e1ndar. Para el empaquetado de encargo de la caja coloreada, tardar\u00e1 un tiempo m\u00e1s largo.<\/p>\n<ul>\n<li>Stock de producci\u00f3n 7-15 d\u00edas<\/li>\n<\/ul>\n<p>Si el <strong><b>botella de vidrio para whisky de alta calidad con impresi\u00f3n<\/b><\/strong>\u00a0est\u00e1n disponibles en la l\u00ednea de producci\u00f3n de HIKING, entonces podemos actualizar el calendario de botellas de vidrio para hacer realidad la entrega r\u00e1pida. Una semana para llano <strong><b>botella de vidrio para whisky de alta calidad con impresi\u00f3n<\/b><\/strong>\u00a0sin decoraci\u00f3n. Dos semanas para botellas de brandy con decoraci\u00f3n, como serigraf\u00eda, glaseado, pulverizaci\u00f3n, galvanoplastia, etc.<\/p>\n<ul>\n<li>Pedido especial 20-30 d\u00edas<\/li>\n<\/ul>\n<p>La empresa de botellas de vidrio HIKING ha desarrollado miles de moldes de botellas de vidrio en los \u00faltimos 10 a\u00f1os. La mayor\u00eda de las botellas de whisky son de venta caliente en muchos pa\u00edses, principalmente para la botella de vodka de 750ml, botella de brandy de 700ml, botella de vidrio de whisky de 75cl, y botellas de vidrio de co\u00f1ac de 500ml. Si la empresa destiler\u00eda elegir de HIKING existen dise\u00f1os de botellas de vidrio, entonces se ahorrar\u00e1 en el costo del molde, y el tiempo de entrega m\u00e1s r\u00e1pido. Estos\u00a0<strong><b>botella de vidrio para whisky de alta calidad con impresi\u00f3n<\/b><\/strong>\u00a0est\u00e1 disponible para una tirada r\u00e1pida en lugar de mejorar un molde nuevo. Para la forma de envasado est\u00e1ndar, por lo general toma 20 d\u00edas para la compra de botellas de vidrio a granel. Y, 30 d\u00edas para el embalaje especial, como la caja de color.<\/p>\n<ul>\n<li>Pedido a medida 40 d\u00edas<\/li>\n<\/ul>\n<p>Algunas empresas de destilaci\u00f3n poseen su propio envase de licor, por lo que tienen su propio envase de botella de vidrio. De esta manera, si proporcionan su dibujo de botella de vidrio, o muestra de botella de vidrio, incluso una imagen de botella de vidrio, el proveedor de botellas de vidrio HIKING desarrollar\u00e1 o copiar\u00e1 una misma botella de vidrio. Podemos grabar el logotipo en <strong><b>botella de vidrio para whisky de alta calidad con impresi\u00f3n<\/b><\/strong>\u00a0y grabar patrones en botellas de licor de vidrio. Se tarda 15 d\u00edas para hacer el molde de botella de vidrio y terminar las muestras de botellas de vidrio. Un pedido oficial de botellas de vidrio comienza despu\u00e9s de que las muestras de botellas de licor aprobadas por los clientes.<\/p>\n<h4><strong><b>Envasado de botellas de vidrio<\/b><\/strong><\/h4>\n<p>La f\u00e1brica de botellas de vidrio HIKING proporciona un embalaje seguro para el transporte de larga distancia tanto por tierra como por mar. Nuestros ingenieros proporcionan algunos de los diferentes m\u00e9todos de envasado para satisfacer las necesidades del cliente. Ofrecemos las soluciones de envasado de botellas de vidrio m\u00e1s econ\u00f3micas en funci\u00f3n del coste m\u00faltiple causado en el pa\u00eds del cliente.<\/p>\n<ul>\n<li>Embalaje de cart\u00f3n est\u00e1ndar<\/li>\n<\/ul>\n<p>Los envases de cart\u00f3n son ideales para\u00a0<strong><b>botella de vidrio para whisky de alta calidad con impresi\u00f3n<\/b><\/strong>\u00a0con decoraci\u00f3n, como botellas de vidrio con impresi\u00f3n y botellas de vidrio de colores. Hay separaciones de cart\u00f3n dividir cada botella, evitar la fricci\u00f3n. Los envases de cart\u00f3n se utilizan mucho en los pa\u00edses donde el coste de la mano de obra es bajo.<\/p>\n<ul>\n<li>Embalaje de pal\u00e9s (sin fumigaci\u00f3n)<\/li>\n<\/ul>\n<p>El envasado en pal\u00e9s suele ser para botellas de whisky sencillas, botellas de vidrio transparente sin ninguna manipulaci\u00f3n superficial. La ventaja del envasado en pal\u00e9s es la facilidad de carga y descarga. Cada botella se envuelve en papel de peri\u00f3dico o bolsa de PE y se fija en cada espacio separado. El envasado en paletas se utiliza mucho en los pa\u00edses donde el coste de la mano de obra es elevado.<\/p>\n<ul>\n<li>Embalaje en cajas de colores personalizadas<\/li>\n<\/ul>\n<p>El fabricante de botellas de vidrio para licores HIKING tambi\u00e9n acepta el embalaje en cajas de colores. La empresa de destilaci\u00f3n suele utilizar 6 botellas de vidrio por caja, o 12 botellas de vidrio por caja. HIKING desarrollado una nueva caja de embalaje sin cinta de sellado, lo suficientemente fuerte para los minoristas de licor. El acabado de la caja puede ser brillante o mate, seg\u00fan las necesidades del cliente. Para que la caja sea segura y no se raye, se coloca en pal\u00e9s y se protege con film.<\/p>\n<h4><strong><b>P\u00f3ngase en contacto con nuestro equipo de ventas para solicitar informaci\u00f3n sobre el superpedernal<\/b><\/strong><strong><b>\u00a0botella de vidrio para whisky de alta calidad con impresi\u00f3n<\/b><\/strong><\/h4>\n<div>\n<div class=\"wpcf7 no-js\" id=\"wpcf7-f19-o1\" lang=\"en-US\" dir=\"ltr\" data-wpcf7-id=\"19\">\n<div class=\"screen-reader-response\"><p role=\"status\" aria-live=\"polite\" aria-atomic=\"true\"><\/p> <ul><\/ul><\/div>\n<form action=\"\/es\/wp-json\/wp\/v2\/product\/3924#wpcf7-f19-o1\" method=\"post\" class=\"wpcf7-form init\" aria-label=\"Contact form\" novalidate=\"novalidate\" data-status=\"init\" data-trp-original-action=\"\/es\/wp-json\/wp\/v2\/product\/3924#wpcf7-f19-o1\">\n<fieldset class=\"hidden-fields-container\"><input type=\"hidden\" name=\"_wpcf7\" value=\"19\" \/><input type=\"hidden\" name=\"_wpcf7_version\" value=\"6.1.5\" \/><input type=\"hidden\" name=\"_wpcf7_locale\" value=\"en_US\" \/><input type=\"hidden\" name=\"_wpcf7_unit_tag\" value=\"wpcf7-f19-o1\" \/><input type=\"hidden\" name=\"_wpcf7_container_post\" value=\"0\" \/><input type=\"hidden\" name=\"_wpcf7_posted_data_hash\" value=\"\" \/><input type=\"hidden\" name=\"_wpcf7dtx_version\" value=\"5.0.5\" \/>\n<\/fieldset>\n<p hidden><span class=\"wpcf7-form-control-wrap dynamictext-312\" data-name=\"dynamictext-312\"><input type=\"text\" name=\"dynamictext-312\" class=\"wpcf7-form-control wpcf7-text wpcf7dtx wpcf7dtx-text\" aria-invalid=\"false\" value=\"HIGH QUALITY WHISKY GLASS BOTTLE WITH PRINTING\"><\/span>\n<\/p>\n<p><span class=\"wpcf7-form-control-wrap\" data-name=\"your-name\"><input size=\"40\" maxlength=\"400\" class=\"wpcf7-form-control wpcf7-text wpcf7-validates-as-required\" aria-required=\"true\" aria-invalid=\"false\" placeholder=\"Su nombre\" value=\"\" type=\"text\" name=\"your-name\" \/><\/span>\n<\/p>\n<p><span class=\"wpcf7-form-control-wrap\" data-name=\"your-email\"><input size=\"40\" maxlength=\"400\" class=\"wpcf7-form-control wpcf7-email wpcf7-validates-as-required wpcf7-text wpcf7-validates-as-email\" aria-required=\"true\" aria-invalid=\"false\" placeholder=\"Su correo electr\u00f3nico\" value=\"\" type=\"email\" name=\"your-email\" \/><\/span>\n<\/p>\n<p><span class=\"wpcf7-form-control-wrap\" data-name=\"your-subject\"><input size=\"40\" maxlength=\"400\" class=\"wpcf7-form-control wpcf7-text wpcf7-validates-as-required\" aria-required=\"true\" aria-invalid=\"false\" placeholder=\"Asunto del mensaje\" value=\"\" type=\"text\" name=\"your-subject\" \/><\/span>\n<\/p>\n<p><span class=\"wpcf7-form-control-wrap\" data-name=\"your-message\"><textarea cols=\"40\" rows=\"10\" maxlength=\"2000\" class=\"wpcf7-form-control wpcf7-textarea\" aria-invalid=\"false\" placeholder=\"Escriba aqu\u00ed su mensaje...\" name=\"your-message\"><\/textarea><\/span>\n<\/p>\n<div style=\"display:none\">\n\t<p><span class=\"wpcf7-form-control-wrap form-url\" data-name=\"form-url\"><input type=\"text\" name=\"form-url\" class=\"wpcf7-form-control wpcf7-text wpcf7dtx wpcf7dtx-text\" aria-invalid=\"false\" value=\"https:\/\/glassbottlesmanufacturer.com\/es\/es\/wp-json\/wp\/v2\/product\/3924\"><\/span>\n\t<\/p>\n<\/div>\n<div style=\"margin-bottom:10px;\">\n\t<p><span class=\"wpcf7-form-control-wrap kc_captcha\" data-name=\"kc_captcha\"><span class=\"wpcf7-form-control wpcf7-radio\"><span class=\"captcha-image\" ><span class=\"cf7ic_instructions\">Please prove you are human by selecting the<span> key<\/span>.<\/span><label><input aria-label=\"1\" type=\"radio\" name=\"kc_captcha\" value=\"bot\" \/><svg aria-hidden=\"true\" role=\"img\" xmlns=\"http:\/\/www.w3.org\/2000\/svg\" viewbox=\"0 0 576 512\"><path fill=\"currentColor\" d=\"M415 24c-53 0-103 42-127 65-24-23-74-65-127-65C70 24 16 77 16 166c0 72 67 133 69 135l187 181c9 8 23 8 32 0l187-180c2-3 69-64 69-136 0-89-54-142-145-142z\"\/><\/svg><\/label><label><input aria-label=\"2\" type=\"radio\" name=\"kc_captcha\" value=\"bot\" \/><svg aria-hidden=\"true\" role=\"img\" xmlns=\"http:\/\/www.w3.org\/2000\/svg\" viewbox=\"0 0 512 512\"><path fill=\"currentColor\" d=\"M500 168h-55l-8-21a127 127 0 00-120-83H195a127 127 0 00-120 83l-8 21H12c-8 0-14 8-11 16l8 24a12 12 0 0011 8h29a64 64 0 00-33 56v48c0 16 6 31 16 42v62c0 13 11 24 24 24h48c13 0 24-11 24-24v-40h256v40c0 13 11 24 24 24h48c13 0 24-11 24-24v-62c10-11 16-26 16-42v-48c0-24-13-45-33-56h29a12 12 0 0011-8l8-24c3-8-3-16-11-16zm-365 2c9-25 33-42 60-42h122c27 0 51 17 60 42l15 38H120l15-38zM88 328a32 32 0 010-64c18 0 48 30 48 48s-30 16-48 16zm336 0c-18 0-48 2-48-16s30-48 48-48 32 14 32 32-14 32-32 32z\"\/><\/svg><\/label><label><input aria-label=\"3\" type=\"radio\" name=\"kc_captcha\" value=\"kc_human\" \/><svg aria-hidden=\"true\" role=\"img\" xmlns=\"http:\/\/www.w3.org\/2000\/svg\" viewbox=\"0 0 512 512\"><path fill=\"currentColor\" d=\"M512 176a176 176 0 01-209 173l-24 27a24 24 0 01-18 8h-37v40c0 13-11 24-24 24h-40v40c0 13-11 24-24 24H24c-13 0-24-11-24-24v-78c0-6 3-13 7-17l162-162a176 176 0 11343-55zm-176-48a48 48 0 1096 0 48 48 0 00-96 0z\"\/><\/svg><\/label>\r\n    <\/span>\r\n    <span style=\"display:none\">\r\n        <input type=\"text\" name=\"kc_honeypot\">\r\n    <\/span><\/span><\/span>\n\t<\/p>\n<\/div>\n<p><input class=\"wpcf7-form-control wpcf7-submit has-spinner\" type=\"submit\" value=\"Env\u00ede su mensaje\" \/>\n<\/p><p style=\"display: none !important;\" class=\"akismet-fields-container\" data-prefix=\"_wpcf7_ak_\"><label>&#916;<textarea name=\"_wpcf7_ak_hp_textarea\" cols=\"45\" rows=\"8\" maxlength=\"100\"><\/textarea><\/label><input type=\"hidden\" id=\"ak_js_1\" name=\"_wpcf7_ak_js\" value=\"84\"\/><script>document.getElementById( \"ak_js_1\" ).setAttribute( \"value\", ( new Date() ).getTime() );<\/script><\/p><div class=\"wpcf7-response-output\" aria-hidden=\"true\"><\/div>\n<input type=\"hidden\" name=\"trp-form-language\" value=\"es\"\/><\/form>\n<\/div>\n<\/div>","protected":false},"excerpt":{"rendered":"<table id=\"tablepress-39\" class=\"tablepress tablepress-id-39\">\n<thead>\n<tr class=\"row-1\">\n\t<th class=\"column-1\">NOMBRE DEL PRODUCTO<\/th><th class=\"column-2\">BOTELLA DE VIDRIO PARA WHISKY DE ALTA CALIDAD CON IMPRESI\u00d3N<\/th>\n<\/tr>\n<\/thead>\n<tbody class=\"row-striping row-hover\">\n<tr class=\"row-2\">\n\t<td class=\"column-1\">TAMA\u00d1O DE LA BOTELLA<\/td><td class=\"column-2\">75CL<\/td>\n<\/tr>\n<tr class=\"row-3\">\n\t<td class=\"column-1\">MATERIAL<\/td><td class=\"column-2\">Primer curso<\/td>\n<\/tr>\n<tr class=\"row-4\">\n\t<td class=\"column-1\">COLOR<\/td><td class=\"column-2\">Blanco<\/td>\n<\/tr>\n<tr class=\"row-5\">\n\t<td class=\"column-1\">ACABADO DEL CUELLO<\/td><td class=\"column-2\">Tap\u00f3n Acabado<\/td>\n<\/tr>\n<tr class=\"row-6\">\n\t<td class=\"column-1\">FORMA DE LA BOTELLA<\/td><td class=\"column-2\">Cil\u00edndrico<\/td>\n<\/tr>\n<tr class=\"row-7\">\n\t<td class=\"column-1\">PESO DE LA BOTELLA<\/td><td class=\"column-2\">850G<\/td>\n<\/tr>\n<tr class=\"row-8\">\n\t<td class=\"column-1\">ALTURA DE LA BOTELLA<\/td><td class=\"column-2\">228MM\u00b12MM<\/td>\n<\/tr>\n<tr class=\"row-9\">\n\t<td class=\"column-1\">DI\u00c1METRO DE LA BOTELLA<\/td><td class=\"column-2\">92,4 MM\u00b12 MM<\/td>\n<\/tr>\n<\/tbody>\n<\/table>\n<!-- #tablepress-39 from cache -->","protected":false},"featured_media":3925,"comment_status":"open","ping_status":"closed","template":"","meta":[],"product_brand":[],"product_cat":[68],"product_tag":[],"class_list":{"0":"post-3924","1":"product","2":"type-product","3":"status-publish","4":"has-post-thumbnail","6":"product_cat-750ml-glass-bottles","7":"entry","8":"has-media","10":"first","11":"instock","12":"shipping-taxable","13":"product-type-simple"},"_links":{"self":[{"href":"https:\/\/glassbottlesmanufacturer.com\/es\/wp-json\/wp\/v2\/product\/3924","targetHints":{"allow":["GET"]}}],"collection":[{"href":"https:\/\/glassbottlesmanufacturer.com\/es\/wp-json\/wp\/v2\/product"}],"about":[{"href":"https:\/\/glassbottlesmanufacturer.com\/es\/wp-json\/wp\/v2\/types\/product"}],"replies":[{"embeddable":true,"href":"https:\/\/glassbottlesmanufacturer.com\/es\/wp-json\/wp\/v2\/comments?post=3924"}],"wp:featuredmedia":[{"embeddable":true,"href":"https:\/\/glassbottlesmanufacturer.com\/es\/wp-json\/wp\/v2\/media\/3925"}],"wp:attachment":[{"href":"https:\/\/glassbottlesmanufacturer.com\/es\/wp-json\/wp\/v2\/media?parent=3924"}],"wp:term":[{"taxonomy":"product_brand","embeddable":true,"href":"https:\/\/glassbottlesmanufacturer.com\/es\/wp-json\/wp\/v2\/product_brand?post=3924"},{"taxonomy":"product_cat","embeddable":true,"href":"https:\/\/glassbottlesmanufacturer.com\/es\/wp-json\/wp\/v2\/product_cat?post=3924"},{"taxonomy":"product_tag","embeddable":true,"href":"https:\/\/glassbottlesmanufacturer.com\/es\/wp-json\/wp\/v2\/product_tag?post=3924"}],"curies":[{"name":"wp","href":"https:\/\/api.w.org\/{rel}","templated":true}]}}