{"id":4043,"date":"2017-10-28T06:18:55","date_gmt":"2017-10-28T06:18:55","guid":{"rendered":"https:\/\/glassbottlesmanufacturer.com\/?post_type=product&#038;p=4043"},"modified":"2018-03-30T04:03:52","modified_gmt":"2018-03-30T04:03:52","slug":"botellas-cuadradas-de-vidrio-esmerilado-de-375-ml","status":"publish","type":"product","link":"https:\/\/glassbottlesmanufacturer.com\/es\/venta-al-por-mayor\/botellas-cuadradas-de-vidrio-esmerilado-de-375-ml\/","title":{"rendered":"BOTELLAS CUADRADAS DE VIDRIO ESMERILADO DE 375 ML"},"content":{"rendered":"<p>Las botellas cuadradas de vidrio esmerilado de 375 ml tienen una altura elevada y una base de vidrio muy gruesa, por lo que suelen utilizarse para envasar bebidas espirituosas de alta calidad. Esta botella de vidrio esmerilado de 375 ml tiene forma cuadrada y hombro redondo. La botella est\u00e1 sellada por la parte superior guala f\u00e1cil para beber, tambi\u00e9n podemos ajustar el molde superior de tornillo y acabado de corcho.<\/p>\n<h4><strong>Aplicaci\u00f3n decorativa<\/strong><\/h4>\n<p>HIKING fabricante de botellas de vidrio ofrece una gran cantidad de decoraciones profundas y manejo de m\u00faltiples superficies para botellas de vidrio esmerilado. Usted puede disfrutar de un servicio de parada de la f\u00e1brica de botellas de vidrio HIKING, como la impresi\u00f3n del logotipo en botellas de vidrio esmerilado, pulverizaci\u00f3n de colores en la superficie clara, y UV galvanoplastia colores brillantes y brillantes para mejorar el grado de mercado.<\/p>\n<h4><strong>Informaci\u00f3n sobre env\u00edos<\/strong><\/h4>\n<ul>\n<li>Botellas de vidrio liso En stock 5-10 d\u00edas.<\/li>\n<\/ul>\n<p>El fabricante de botellas de vidrio HIKING suministra suficiente stock de botellas de vidrio esmerilado. HIKING f\u00e1brica de botellas de vidrio puede entregar la carga con una semana para las botellas de vidrio de valores si el uso de nuestro m\u00e9todo de embalaje est\u00e1ndar. Para el empaquetado de encargo de la caja coloreada, tardar\u00e1 m\u00e1s tiempo.<\/p>\n<ul>\n<li>Stock de producci\u00f3n 7-15 d\u00edas<\/li>\n<\/ul>\n<p>Si las botellas de vidrio esmerilado est\u00e1n disponibles en la l\u00ednea de producci\u00f3n de HIKING, entonces podemos actualizar el calendario de botellas de vidrio para hacer realidad la entrega r\u00e1pida. Una semana para las botellas de vidrio esmerilado. Dos semanas para las botellas de vidrio esmerilado con decoraci\u00f3n, como serigraf\u00eda, glaseado, pulverizaci\u00f3n, galvanoplastia, etc.<\/p>\n<ul>\n<li>Pedido especial 20-30 d\u00edas<\/li>\n<\/ul>\n<p>La empresa de botellas de vidrio HIKING ha desarrollado miles de moldes de botellas de vidrio en los \u00faltimos 10 a\u00f1os. La mayor\u00eda de las botellas de whisky son de venta caliente en muchos pa\u00edses, principalmente para la botella de vodka de 750ml, botella de brandy de 700ml, botella de vidrio de whisky de 75cl, y botellas de vidrio de co\u00f1ac de 500ml. Si la empresa destiler\u00eda elegir de HIKING existen dise\u00f1os de botellas de vidrio, entonces se ahorrar\u00e1 en el costo del molde, y el tiempo de entrega m\u00e1s r\u00e1pido. Estas botellas de vidrio esmerilado disponibles para una ejecuci\u00f3n r\u00e1pida en lugar de mejorar nuevo molde. Para la forma de envasado est\u00e1ndar, por lo general tarda 20 d\u00edas para la compra de botellas de vidrio a granel. Y, 30 d\u00edas para el embalaje especial, como la caja de color.<\/p>\n<ul>\n<li>Pedido a medida 40 d\u00edas<\/li>\n<\/ul>\n<p>Algunas empresas de destilaci\u00f3n poseen su propio envase de licor, por lo que tienen su propio envase de botella de vidrio. De esta manera, si proporcionan su dibujo de botella de vidrio, o una muestra de botella de vidrio, incluso una imagen de botella de vidrio, el proveedor de botellas de vidrio HIKING desarrollar\u00e1 o copiar\u00e1 una misma botella de vidrio. Podemos grabar el logotipo en las botellas de vidrio esmerilado y grabar el patr\u00f3n en las botellas de licor de vidrio. Se tarda 15 d\u00edas para hacer el molde de botella de vidrio y terminar las muestras de botellas de vidrio. Un pedido oficial de botellas de vidrio comienza despu\u00e9s de que las muestras de botellas de licor aprobadas por los clientes.<\/p>\n<h4><strong>Envasado de botellas de vidrio<\/strong><\/h4>\n<p>La f\u00e1brica de botellas de vidrio HIKING proporciona un embalaje seguro para el transporte de larga distancia tanto por tierra como por mar. Nuestros ingenieros proporcionan algunos de los diferentes m\u00e9todos de envasado para satisfacer las necesidades del cliente. Ofrecemos las soluciones de envasado de botellas de vidrio m\u00e1s econ\u00f3micas en funci\u00f3n del coste m\u00faltiple causado en el pa\u00eds del cliente.<\/p>\n<ul>\n<li>Embalaje de cart\u00f3n est\u00e1ndar<\/li>\n<\/ul>\n<p>El envase de cart\u00f3n es ideal para botellas de vidrio esmerilado con decoraci\u00f3n, como botellas de vidrio con impresi\u00f3n y botellas de vidrio de colores. Hay separaciones de cart\u00f3n que dividen cada botella para evitar la fricci\u00f3n. Los envases de cart\u00f3n se utilizan mucho en los pa\u00edses donde el coste de la mano de obra es bajo.<\/p>\n<ul>\n<li>Embalaje de pal\u00e9s (sin fumigaci\u00f3n)<\/li>\n<\/ul>\n<p>El envasado en pal\u00e9s suele ser para botellas de whisky sencillas, botellas de vidrio transparente sin ninguna manipulaci\u00f3n superficial. La ventaja del envasado en pal\u00e9s es la facilidad de carga y descarga. Cada botella se envuelve en papel de peri\u00f3dico o bolsa de PE y se fija en cada espacio separado. El envasado en paletas se utiliza mucho en los pa\u00edses donde el coste de la mano de obra es elevado.<\/p>\n<ul>\n<li>Embalaje en cajas de colores personalizadas<\/li>\n<\/ul>\n<p>El fabricante de botellas de vidrio para licores HIKING tambi\u00e9n acepta el embalaje en cajas de colores. La empresa de destilaci\u00f3n suele utilizar 6 botellas de vidrio por caja, o 12 botellas de vidrio por caja. HIKING desarrollado una nueva caja de embalaje sin cinta de sellado, lo suficientemente fuerte para los minoristas de licor. El acabado de la caja puede ser brillante o mate, seg\u00fan las necesidades del cliente. Para que la caja sea segura y no se raye, se coloca en pal\u00e9s y se protege con film.<\/p>\n<h4><strong>P\u00f3ngase en contacto con nuestro equipo de ventas para solicitar informaci\u00f3n sobre <\/strong>botellas de vidrio esmerilado<\/h4>\n<div>\n<div class=\"wpcf7 no-js\" id=\"wpcf7-f19-o1\" lang=\"en-US\" dir=\"ltr\" data-wpcf7-id=\"19\">\n<div class=\"screen-reader-response\"><p role=\"status\" aria-live=\"polite\" aria-atomic=\"true\"><\/p> <ul><\/ul><\/div>\n<form action=\"\/es\/wp-json\/wp\/v2\/product\/4043#wpcf7-f19-o1\" method=\"post\" class=\"wpcf7-form init\" aria-label=\"Contact form\" novalidate=\"novalidate\" data-status=\"init\" data-trp-original-action=\"\/es\/wp-json\/wp\/v2\/product\/4043#wpcf7-f19-o1\">\n<fieldset class=\"hidden-fields-container\"><input type=\"hidden\" name=\"_wpcf7\" value=\"19\" \/><input type=\"hidden\" name=\"_wpcf7_version\" value=\"6.1.5\" \/><input type=\"hidden\" name=\"_wpcf7_locale\" value=\"en_US\" \/><input type=\"hidden\" name=\"_wpcf7_unit_tag\" value=\"wpcf7-f19-o1\" \/><input type=\"hidden\" name=\"_wpcf7_container_post\" value=\"0\" \/><input type=\"hidden\" name=\"_wpcf7_posted_data_hash\" value=\"\" \/><input type=\"hidden\" name=\"_wpcf7dtx_version\" value=\"5.0.5\" \/>\n<\/fieldset>\n<p hidden><span class=\"wpcf7-form-control-wrap dynamictext-312\" data-name=\"dynamictext-312\"><input type=\"text\" name=\"dynamictext-312\" class=\"wpcf7-form-control wpcf7-text wpcf7dtx wpcf7dtx-text\" aria-invalid=\"false\" value=\"375ML SQUARE FROSTED GLASS BOTTLES\"><\/span>\n<\/p>\n<p><span class=\"wpcf7-form-control-wrap\" data-name=\"your-name\"><input size=\"40\" maxlength=\"400\" class=\"wpcf7-form-control wpcf7-text wpcf7-validates-as-required\" aria-required=\"true\" aria-invalid=\"false\" placeholder=\"Su nombre\" value=\"\" type=\"text\" name=\"your-name\" \/><\/span>\n<\/p>\n<p><span class=\"wpcf7-form-control-wrap\" data-name=\"your-email\"><input size=\"40\" maxlength=\"400\" class=\"wpcf7-form-control wpcf7-email wpcf7-validates-as-required wpcf7-text wpcf7-validates-as-email\" aria-required=\"true\" aria-invalid=\"false\" placeholder=\"Su correo electr\u00f3nico\" value=\"\" type=\"email\" name=\"your-email\" \/><\/span>\n<\/p>\n<p><span class=\"wpcf7-form-control-wrap\" data-name=\"your-subject\"><input size=\"40\" maxlength=\"400\" class=\"wpcf7-form-control wpcf7-text wpcf7-validates-as-required\" aria-required=\"true\" aria-invalid=\"false\" placeholder=\"Asunto del mensaje\" value=\"\" type=\"text\" name=\"your-subject\" \/><\/span>\n<\/p>\n<p><span class=\"wpcf7-form-control-wrap\" data-name=\"your-message\"><textarea cols=\"40\" rows=\"10\" maxlength=\"2000\" class=\"wpcf7-form-control wpcf7-textarea\" aria-invalid=\"false\" placeholder=\"Escriba aqu\u00ed su mensaje...\" name=\"your-message\"><\/textarea><\/span>\n<\/p>\n<div style=\"display:none\">\n\t<p><span class=\"wpcf7-form-control-wrap form-url\" data-name=\"form-url\"><input type=\"text\" name=\"form-url\" class=\"wpcf7-form-control wpcf7-text wpcf7dtx wpcf7dtx-text\" aria-invalid=\"false\" value=\"https:\/\/glassbottlesmanufacturer.com\/es\/es\/wp-json\/wp\/v2\/product\/4043\"><\/span>\n\t<\/p>\n<\/div>\n<div style=\"margin-bottom:10px;\">\n\t<p><span class=\"wpcf7-form-control-wrap kc_captcha\" data-name=\"kc_captcha\"><span class=\"wpcf7-form-control wpcf7-radio\"><span class=\"captcha-image\" ><span class=\"cf7ic_instructions\">Please prove you are human by selecting the<span> car<\/span>.<\/span><label><input aria-label=\"1\" type=\"radio\" name=\"kc_captcha\" value=\"kc_human\" \/><svg aria-hidden=\"true\" role=\"img\" xmlns=\"http:\/\/www.w3.org\/2000\/svg\" viewbox=\"0 0 512 512\"><path fill=\"currentColor\" d=\"M500 168h-55l-8-21a127 127 0 00-120-83H195a127 127 0 00-120 83l-8 21H12c-8 0-14 8-11 16l8 24a12 12 0 0011 8h29a64 64 0 00-33 56v48c0 16 6 31 16 42v62c0 13 11 24 24 24h48c13 0 24-11 24-24v-40h256v40c0 13 11 24 24 24h48c13 0 24-11 24-24v-62c10-11 16-26 16-42v-48c0-24-13-45-33-56h29a12 12 0 0011-8l8-24c3-8-3-16-11-16zm-365 2c9-25 33-42 60-42h122c27 0 51 17 60 42l15 38H120l15-38zM88 328a32 32 0 010-64c18 0 48 30 48 48s-30 16-48 16zm336 0c-18 0-48 2-48-16s30-48 48-48 32 14 32 32-14 32-32 32z\"\/><\/svg><\/label><label><input aria-label=\"2\" type=\"radio\" name=\"kc_captcha\" value=\"bot\" \/><svg aria-hidden=\"true\" role=\"img\" xmlns=\"http:\/\/www.w3.org\/2000\/svg\" viewbox=\"0 0 512 512\"><path fill=\"currentColor\" d=\"M350 99c-54 0-98-35-166-35-25 0-47 4-68 12a56 56 0 004-24C118 24 95 1 66 0a56 56 0 00-34 102v386c0 13 11 24 24 24h16c13 0 24-11 24-24v-94c28-12 64-23 114-23 54 0 98 35 166 35 48 0 86-16 122-41 9-6 14-15 14-26V96c0-23-24-39-45-29-35 16-77 32-117 32z\"\/><\/svg><\/label><label><input aria-label=\"3\" type=\"radio\" name=\"kc_captcha\" value=\"bot\" \/><svg aria-hidden=\"true\" role=\"img\" xmlns=\"http:\/\/www.w3.org\/2000\/svg\" viewbox=\"0 0 384 512\"><path fill=\"currentColor\" d=\"M377 375l-83-87h34c21 0 32-25 17-40l-82-88h33c21 0 32-25 18-40L210 8c-10-11-26-11-36 0L70 120c-14 15-3 40 18 40h33l-82 88c-15 15-4 40 17 40h34L7 375c-15 16-4 41 17 41h120c0 33-11 49-34 68-12 9-5 28 10 28h144c15 0 22-19 10-28-20-16-34-32-34-68h120c21 0 32-25 17-41z\"\/><\/svg><\/label>\r\n    <\/span>\r\n    <span style=\"display:none\">\r\n        <input type=\"text\" name=\"kc_honeypot\">\r\n    <\/span><\/span><\/span>\n\t<\/p>\n<\/div>\n<p><input class=\"wpcf7-form-control wpcf7-submit has-spinner\" type=\"submit\" value=\"Env\u00ede su mensaje\" \/>\n<\/p><p style=\"display: none !important;\" class=\"akismet-fields-container\" data-prefix=\"_wpcf7_ak_\"><label>&#916;<textarea name=\"_wpcf7_ak_hp_textarea\" cols=\"45\" rows=\"8\" maxlength=\"100\"><\/textarea><\/label><input type=\"hidden\" id=\"ak_js_1\" name=\"_wpcf7_ak_js\" value=\"186\"\/><script>document.getElementById( \"ak_js_1\" ).setAttribute( \"value\", ( new Date() ).getTime() );<\/script><\/p><div class=\"wpcf7-response-output\" aria-hidden=\"true\"><\/div>\n<input type=\"hidden\" name=\"trp-form-language\" value=\"es\"\/><\/form>\n<\/div>\n<\/div>","protected":false},"excerpt":{"rendered":"<table id=\"tablepress-67\" class=\"tablepress tablepress-id-67\">\n<thead>\n<tr class=\"row-1\">\n\t<th class=\"column-1\">NOMBRE DEL PRODUCTO<\/th><th class=\"column-2\">BOTELLAS CUADRADAS DE VIDRIO ESMERILADO DE 375 ML<\/th>\n<\/tr>\n<\/thead>\n<tbody class=\"row-striping row-hover\">\n<tr class=\"row-2\">\n\t<td class=\"column-1\">TAMA\u00d1O DE LA BOTELLA<\/td><td class=\"column-2\">375 ml<\/td>\n<\/tr>\n<tr class=\"row-3\">\n\t<td class=\"column-1\">MATERIAL<\/td><td class=\"column-2\">Primer curso<\/td>\n<\/tr>\n<tr class=\"row-4\">\n\t<td class=\"column-1\">COLOR<\/td><td class=\"column-2\">Blanco<\/td>\n<\/tr>\n<tr class=\"row-5\">\n\t<td class=\"column-1\">ACABADO DEL CUELLO<\/td><td class=\"column-2\">Guala<\/td>\n<\/tr>\n<tr class=\"row-6\">\n\t<td class=\"column-1\">FORMA DE LA BOTELLA<\/td><td class=\"column-2\">Cuadrado<\/td>\n<\/tr>\n<tr class=\"row-7\">\n\t<td class=\"column-1\">PESO DE LA BOTELLA<\/td><td class=\"column-2\">580G<\/td>\n<\/tr>\n<tr class=\"row-8\">\n\t<td class=\"column-1\">ALTURA DE LA BOTELLA<\/td><td class=\"column-2\">228MM\u00b12MM<\/td>\n<\/tr>\n<tr class=\"row-9\">\n\t<td class=\"column-1\">DI\u00c1METRO DE LA BOTELLA<\/td><td class=\"column-2\">92,4 MM\u00b12 MM<\/td>\n<\/tr>\n<\/tbody>\n<\/table>\n<!-- #tablepress-67 from cache -->","protected":false},"featured_media":4046,"comment_status":"open","ping_status":"closed","template":"","meta":[],"product_brand":[],"product_cat":[65],"product_tag":[],"class_list":{"0":"post-4043","1":"product","2":"type-product","3":"status-publish","4":"has-post-thumbnail","6":"product_cat-375ml-glass-bottles","7":"entry","8":"has-media","10":"first","11":"instock","12":"shipping-taxable","13":"product-type-simple"},"_links":{"self":[{"href":"https:\/\/glassbottlesmanufacturer.com\/es\/wp-json\/wp\/v2\/product\/4043","targetHints":{"allow":["GET"]}}],"collection":[{"href":"https:\/\/glassbottlesmanufacturer.com\/es\/wp-json\/wp\/v2\/product"}],"about":[{"href":"https:\/\/glassbottlesmanufacturer.com\/es\/wp-json\/wp\/v2\/types\/product"}],"replies":[{"embeddable":true,"href":"https:\/\/glassbottlesmanufacturer.com\/es\/wp-json\/wp\/v2\/comments?post=4043"}],"wp:featuredmedia":[{"embeddable":true,"href":"https:\/\/glassbottlesmanufacturer.com\/es\/wp-json\/wp\/v2\/media\/4046"}],"wp:attachment":[{"href":"https:\/\/glassbottlesmanufacturer.com\/es\/wp-json\/wp\/v2\/media?parent=4043"}],"wp:term":[{"taxonomy":"product_brand","embeddable":true,"href":"https:\/\/glassbottlesmanufacturer.com\/es\/wp-json\/wp\/v2\/product_brand?post=4043"},{"taxonomy":"product_cat","embeddable":true,"href":"https:\/\/glassbottlesmanufacturer.com\/es\/wp-json\/wp\/v2\/product_cat?post=4043"},{"taxonomy":"product_tag","embeddable":true,"href":"https:\/\/glassbottlesmanufacturer.com\/es\/wp-json\/wp\/v2\/product_tag?post=4043"}],"curies":[{"name":"wp","href":"https:\/\/api.w.org\/{rel}","templated":true}]}}