{"id":4154,"date":"2017-11-01T02:04:43","date_gmt":"2017-11-01T02:04:43","guid":{"rendered":"https:\/\/glassbottlesmanufacturer.com\/?post_type=product&#038;p=4154"},"modified":"2018-03-29T13:53:48","modified_gmt":"2018-03-29T13:53:48","slug":"proveedor-de-botellas-de-alcohol-de-vidrio-cuadradas-transparentes","status":"publish","type":"product","link":"https:\/\/glassbottlesmanufacturer.com\/es\/venta-al-por-mayor\/proveedor-de-botellas-de-alcohol-de-vidrio-cuadradas-transparentes\/","title":{"rendered":"PROVEEDOR DE BOTELLAS DE ALCOHOL DE VIDRIO CUADRADAS TRANSPARENTES"},"content":{"rendered":"<p>Botella de alcohol de vidrio cuadrado transparente proveedor, la producci\u00f3n principal de todo tipo de licor de vidrio, licor, botellas de alcohol. La botella alta y cuadrada con fondo de espesor, el sello de apertura de la botella por un tap\u00f3n de rosca largo. tambi\u00e9n podemos hacer en relieve en la base de la botella.<\/p>\n<h4><strong><b>Aplicaci\u00f3n decorativa<\/b><\/strong><\/h4>\n<p>HIKING fabricante de botellas de vidrio ofrece una abundancia de decoraciones profundas y manejo de m\u00faltiples superficies para el proveedor de botellas de alcohol de vidrio cuadrado transparente. Usted puede disfrutar de un servicio de parada de HIKING f\u00e1brica de botellas de vidrio, tales como la impresi\u00f3n del logotipo en botellas de vidrio esmerilado, pulverizaci\u00f3n de colores en la superficie clara, y UV galvanoplastia colores brillantes y brillantes para mejorar el grado de mercado.<\/p>\n<h4><strong><b>Informaci\u00f3n sobre env\u00edos<\/b><\/strong><\/h4>\n<ul>\n<li>Botellas de vidrio liso En stock 5-10 d\u00edas.<\/li>\n<\/ul>\n<p>HIKING fabricante de botellas de vidrio suministrar suficiente stock de vidrio cuadrado claro proveedor de botellas de alcohol. HIKING f\u00e1brica de botellas de vidrio puede entregar la carga con una semana para las botellas de vidrio de valores si el uso de nuestro m\u00e9todo de embalaje est\u00e1ndar. Para el embalaje de la caja de color personalizado, se necesitar\u00e1 m\u00e1s tiempo.<\/p>\n<ul>\n<li>Stock de producci\u00f3n 7-15 d\u00edas<\/li>\n<\/ul>\n<p>Si el proveedor de botellas de alcohol de vidrio cuadrado transparente est\u00e1n disponibles en la l\u00ednea de producci\u00f3n de HIKING, entonces podemos actualizar el calendario de botellas de vidrio para hacer la entrega r\u00e1pida real. Una semana para las botellas de licor de cristal blanco liso sin decoraci\u00f3n. Dos semanas para botellas de licor con decoraci\u00f3n, como serigraf\u00eda, glaseado, pulverizaci\u00f3n, galvanoplastia, etc.<\/p>\n<ul>\n<li>Pedido especial 20-30 d\u00edas<\/li>\n<\/ul>\n<p>La empresa de botellas de vidrio HIKING ha desarrollado miles de moldes de botellas de vidrio en los \u00faltimos 10 a\u00f1os. La mayor\u00eda de las botellas de whisky son de venta caliente en muchos pa\u00edses, principalmente para la botella de vodka de 750ml, botella de brandy de 700ml, botella de vidrio de whisky de 75cl, y botellas de vidrio de co\u00f1ac de 500ml. Si la empresa destiler\u00eda elegir de HIKING existen dise\u00f1os de botellas de vidrio, entonces se ahorrar\u00e1 en el costo del molde, y el tiempo de entrega m\u00e1s r\u00e1pido. Estas botellas de alcohol de vidrio cuadradas transparentes est\u00e1n disponibles para una ejecuci\u00f3n r\u00e1pida en lugar de mejorar un nuevo molde. Para la forma de envasado est\u00e1ndar, por lo general toma 20 d\u00edas para la compra de botellas de vidrio a granel. Y, 30 d\u00edas para el embalaje especial, como la caja de color.<\/p>\n<ul>\n<li>Pedido a medida 40 d\u00edas<\/li>\n<\/ul>\n<p>Algunas empresas de destilaci\u00f3n poseen su propio envase de licor, por lo que tienen su propio envase de botella de vidrio. De esta manera, si proporcionan su dibujo de botella de vidrio, o una muestra de botella de vidrio, incluso una imagen de botella de vidrio, el proveedor de botellas de vidrio HIKING desarrollar\u00e1 o copiar\u00e1 una misma botella de vidrio. Podemos grabar en relieve el logotipo en la botella de alcohol de vidrio cuadrado transparente y grabar el patr\u00f3n en las botellas de licor de vidrio. Se tarda 15 d\u00edas para hacer el molde de botella de vidrio y terminar las muestras de botellas de vidrio. Un pedido oficial de botellas de vidrio comienza despu\u00e9s de que las muestras de botellas de licor aprobadas por los clientes.<\/p>\n<h4><strong><b>Envasado de botellas de vidrio<\/b><\/strong><\/h4>\n<p>La f\u00e1brica de botellas de vidrio HIKING proporciona un embalaje seguro para el transporte de larga distancia tanto por tierra como por mar. Nuestros ingenieros proporcionan algunos de los diferentes m\u00e9todos de envasado para satisfacer las necesidades del cliente. Ofrecemos las soluciones de envasado de botellas de vidrio m\u00e1s econ\u00f3micas en funci\u00f3n del coste m\u00faltiple causado en el pa\u00eds del cliente.<\/p>\n<ul>\n<li>Embalaje de cart\u00f3n est\u00e1ndar<\/li>\n<\/ul>\n<p>El envase de cart\u00f3n es ideal para botellas de alcohol de vidrio cuadradas transparentes con decoraci\u00f3n, como botellas de vidrio con impresi\u00f3n y botellas de vidrio de color. Hay separaciones de cart\u00f3n que dividen cada botella para evitar la fricci\u00f3n. Los envases de cart\u00f3n se utilizan mucho en los pa\u00edses donde el coste de la mano de obra es bajo.<\/p>\n<ul>\n<li>Embalaje de pal\u00e9s (sin fumigaci\u00f3n)<\/li>\n<\/ul>\n<p>El envasado en pal\u00e9s suele ser para botellas de whisky sencillas, botellas de vidrio transparente sin ninguna manipulaci\u00f3n superficial. La ventaja del envasado en pal\u00e9s es la facilidad de carga y descarga. Cada botella se envuelve en papel de peri\u00f3dico o bolsa de PE y se fija en cada espacio separado. El envasado en paletas se utiliza mucho en los pa\u00edses donde el coste de la mano de obra es elevado.<\/p>\n<ul>\n<li>Embalaje en cajas de colores personalizadas<\/li>\n<\/ul>\n<p>El fabricante de botellas de vidrio para licores HIKING tambi\u00e9n acepta el embalaje en cajas de colores. La empresa de destilaci\u00f3n suele utilizar 6 botellas de vidrio por caja, o 12 botellas de vidrio por caja. HIKING desarrollado una nueva caja de embalaje sin cinta de sellado, lo suficientemente fuerte para los minoristas de licor. El acabado de la caja puede ser brillante o mate, seg\u00fan las necesidades del cliente. Para que la caja sea segura y no se raye, se coloca en pal\u00e9s y se protege con film.<\/p>\n<h4><strong><b>P\u00f3ngase en contacto con nuestro equipo de ventas para solicitar informaci\u00f3n sobre <\/b><\/strong><strong><b>vidrio cuadrado transparente botella de alcohol .<\/b><\/strong><\/h4>\n<div>\n<div class=\"wpcf7 no-js\" id=\"wpcf7-f19-o1\" lang=\"en-US\" dir=\"ltr\" data-wpcf7-id=\"19\">\n<div class=\"screen-reader-response\"><p role=\"status\" aria-live=\"polite\" aria-atomic=\"true\"><\/p> <ul><\/ul><\/div>\n<form action=\"\/es\/wp-json\/wp\/v2\/product\/4154#wpcf7-f19-o1\" method=\"post\" class=\"wpcf7-form init\" aria-label=\"Contact form\" novalidate=\"novalidate\" data-status=\"init\" data-trp-original-action=\"\/es\/wp-json\/wp\/v2\/product\/4154#wpcf7-f19-o1\">\n<fieldset class=\"hidden-fields-container\"><input type=\"hidden\" name=\"_wpcf7\" value=\"19\" \/><input type=\"hidden\" name=\"_wpcf7_version\" value=\"6.1.5\" \/><input type=\"hidden\" name=\"_wpcf7_locale\" value=\"en_US\" \/><input type=\"hidden\" name=\"_wpcf7_unit_tag\" value=\"wpcf7-f19-o1\" \/><input type=\"hidden\" name=\"_wpcf7_container_post\" value=\"0\" \/><input type=\"hidden\" name=\"_wpcf7_posted_data_hash\" value=\"\" \/><input type=\"hidden\" name=\"_wpcf7dtx_version\" value=\"5.0.5\" \/>\n<\/fieldset>\n<p hidden><span class=\"wpcf7-form-control-wrap dynamictext-312\" data-name=\"dynamictext-312\"><input type=\"text\" name=\"dynamictext-312\" class=\"wpcf7-form-control wpcf7-text wpcf7dtx wpcf7dtx-text\" aria-invalid=\"false\" value=\"CLEAR SQUARE GLASS ALCOHOL BOTTLE SUPPLIER\"><\/span>\n<\/p>\n<p><span class=\"wpcf7-form-control-wrap\" data-name=\"your-name\"><input size=\"40\" maxlength=\"400\" class=\"wpcf7-form-control wpcf7-text wpcf7-validates-as-required\" aria-required=\"true\" aria-invalid=\"false\" placeholder=\"Su nombre\" value=\"\" type=\"text\" name=\"your-name\" \/><\/span>\n<\/p>\n<p><span class=\"wpcf7-form-control-wrap\" data-name=\"your-email\"><input size=\"40\" maxlength=\"400\" class=\"wpcf7-form-control wpcf7-email wpcf7-validates-as-required wpcf7-text wpcf7-validates-as-email\" aria-required=\"true\" aria-invalid=\"false\" placeholder=\"Su correo electr\u00f3nico\" value=\"\" type=\"email\" name=\"your-email\" \/><\/span>\n<\/p>\n<p><span class=\"wpcf7-form-control-wrap\" data-name=\"your-subject\"><input size=\"40\" maxlength=\"400\" class=\"wpcf7-form-control wpcf7-text wpcf7-validates-as-required\" aria-required=\"true\" aria-invalid=\"false\" placeholder=\"Asunto del mensaje\" value=\"\" type=\"text\" name=\"your-subject\" \/><\/span>\n<\/p>\n<p><span class=\"wpcf7-form-control-wrap\" data-name=\"your-message\"><textarea cols=\"40\" rows=\"10\" maxlength=\"2000\" class=\"wpcf7-form-control wpcf7-textarea\" aria-invalid=\"false\" placeholder=\"Escriba aqu\u00ed su mensaje...\" name=\"your-message\"><\/textarea><\/span>\n<\/p>\n<div style=\"display:none\">\n\t<p><span class=\"wpcf7-form-control-wrap form-url\" data-name=\"form-url\"><input type=\"text\" name=\"form-url\" class=\"wpcf7-form-control wpcf7-text wpcf7dtx wpcf7dtx-text\" aria-invalid=\"false\" value=\"https:\/\/glassbottlesmanufacturer.com\/es\/es\/wp-json\/wp\/v2\/product\/4154\"><\/span>\n\t<\/p>\n<\/div>\n<div style=\"margin-bottom:10px;\">\n\t<p><span class=\"wpcf7-form-control-wrap kc_captcha\" data-name=\"kc_captcha\"><span class=\"wpcf7-form-control wpcf7-radio\"><span class=\"captcha-image\" ><span class=\"cf7ic_instructions\">Please prove you are human by selecting the<span> key<\/span>.<\/span><label><input aria-label=\"1\" type=\"radio\" name=\"kc_captcha\" value=\"kc_human\" \/><svg aria-hidden=\"true\" role=\"img\" xmlns=\"http:\/\/www.w3.org\/2000\/svg\" viewbox=\"0 0 512 512\"><path fill=\"currentColor\" d=\"M512 176a176 176 0 01-209 173l-24 27a24 24 0 01-18 8h-37v40c0 13-11 24-24 24h-40v40c0 13-11 24-24 24H24c-13 0-24-11-24-24v-78c0-6 3-13 7-17l162-162a176 176 0 11343-55zm-176-48a48 48 0 1096 0 48 48 0 00-96 0z\"\/><\/svg><\/label><label><input aria-label=\"2\" type=\"radio\" name=\"kc_captcha\" value=\"bot\" \/><svg aria-hidden=\"true\" role=\"img\" xmlns=\"http:\/\/www.w3.org\/2000\/svg\" viewbox=\"0 0 640 512\"><path fill=\"currentColor\" d=\"M624 352h-16V244c0-13-5-25-14-34L494 110c-9-9-21-14-34-14h-44V48c0-26-21-48-48-48H48C22 0 0 22 0 48v320c0 27 22 48 48 48h16a96 96 0 00192 0h128a96 96 0 00192 0h48c9 0 16-7 16-16v-32c0-9-7-16-16-16zM160 464a48 48 0 110-96 48 48 0 010 96zm320 0a48 48 0 110-96 48 48 0 010 96zm80-208H416V144h44l100 100v12z\"\/><\/svg><\/label><label><input aria-label=\"3\" type=\"radio\" name=\"kc_captcha\" value=\"bot\" \/><svg aria-hidden=\"true\" role=\"img\" xmlns=\"http:\/\/www.w3.org\/2000\/svg\" viewbox=\"0 0 384 512\"><path fill=\"currentColor\" d=\"M377 375l-83-87h34c21 0 32-25 17-40l-82-88h33c21 0 32-25 18-40L210 8c-10-11-26-11-36 0L70 120c-14 15-3 40 18 40h33l-82 88c-15 15-4 40 17 40h34L7 375c-15 16-4 41 17 41h120c0 33-11 49-34 68-12 9-5 28 10 28h144c15 0 22-19 10-28-20-16-34-32-34-68h120c21 0 32-25 17-41z\"\/><\/svg><\/label>\r\n    <\/span>\r\n    <span style=\"display:none\">\r\n        <input type=\"text\" name=\"kc_honeypot\">\r\n    <\/span><\/span><\/span>\n\t<\/p>\n<\/div>\n<p><input class=\"wpcf7-form-control wpcf7-submit has-spinner\" type=\"submit\" value=\"Env\u00ede su mensaje\" \/>\n<\/p><p style=\"display: none !important;\" class=\"akismet-fields-container\" data-prefix=\"_wpcf7_ak_\"><label>&#916;<textarea name=\"_wpcf7_ak_hp_textarea\" cols=\"45\" rows=\"8\" maxlength=\"100\"><\/textarea><\/label><input type=\"hidden\" id=\"ak_js_1\" name=\"_wpcf7_ak_js\" value=\"163\"\/><script>document.getElementById( \"ak_js_1\" ).setAttribute( \"value\", ( new Date() ).getTime() );<\/script><\/p><div class=\"wpcf7-response-output\" aria-hidden=\"true\"><\/div>\n<input type=\"hidden\" name=\"trp-form-language\" value=\"es\"\/><\/form>\n<\/div>\n<\/div>","protected":false},"excerpt":{"rendered":"<table id=\"tablepress-95\" class=\"tablepress tablepress-id-95\">\n<thead>\n<tr class=\"row-1\">\n\t<th class=\"column-1\">NOMBRE DEL PRODUCTO<\/th><th class=\"column-2\">PROVEEDOR DE BOTELLAS DE ALCOHOL DE VIDRIO CUADRADAS TRANSPARENTES<\/th>\n<\/tr>\n<\/thead>\n<tbody class=\"row-striping row-hover\">\n<tr class=\"row-2\">\n\t<td class=\"column-1\">TAMA\u00d1O DE LA BOTELLA<\/td><td class=\"column-2\">5CL 50CL 70CL 75CL<\/td>\n<\/tr>\n<tr class=\"row-3\">\n\t<td class=\"column-1\">MATERIAL<\/td><td class=\"column-2\">SUPER VIDRIO DE S\u00cdLEX<\/td>\n<\/tr>\n<tr class=\"row-4\">\n\t<td class=\"column-1\">COLOR<\/td><td class=\"column-2\">CLARO<\/td>\n<\/tr>\n<tr class=\"row-5\">\n\t<td class=\"column-1\">ACABADO DEL CUELLO<\/td><td class=\"column-2\">TAP\u00d3N DE ROSCA<\/td>\n<\/tr>\n<tr class=\"row-6\">\n\t<td class=\"column-1\">FORMA DE LA BOTELLA<\/td><td class=\"column-2\">CUADRADO<\/td>\n<\/tr>\n<tr class=\"row-7\">\n\t<td class=\"column-1\">PESO DE LA BOTELLA<\/td><td class=\"column-2\">850G<\/td>\n<\/tr>\n<tr class=\"row-8\">\n\t<td class=\"column-1\">ALTURA DE LA BOTELLA<\/td><td class=\"column-2\">212MM<\/td>\n<\/tr>\n<tr class=\"row-9\">\n\t<td class=\"column-1\">LONGITUD DE LA BOTELLA<\/td><td class=\"column-2\">155MM<\/td>\n<\/tr>\n<tr class=\"row-10\">\n\t<td class=\"column-1\">ANCHO DE LA BOTELLA<\/td><td class=\"column-2\">56,5 MM<\/td>\n<\/tr>\n<\/tbody>\n<\/table>\n<!-- #tablepress-95 from cache -->","protected":false},"featured_media":4157,"comment_status":"open","ping_status":"closed","template":"","meta":[],"product_brand":[],"product_cat":[66,67,68],"product_tag":[],"class_list":{"0":"post-4154","1":"product","2":"type-product","3":"status-publish","4":"has-post-thumbnail","6":"product_cat-500ml-glass-bottles","7":"product_cat-700ml-glass-bottles","8":"product_cat-750ml-glass-bottles","9":"entry","10":"has-media","12":"first","13":"instock","14":"shipping-taxable","15":"product-type-simple"},"_links":{"self":[{"href":"https:\/\/glassbottlesmanufacturer.com\/es\/wp-json\/wp\/v2\/product\/4154","targetHints":{"allow":["GET"]}}],"collection":[{"href":"https:\/\/glassbottlesmanufacturer.com\/es\/wp-json\/wp\/v2\/product"}],"about":[{"href":"https:\/\/glassbottlesmanufacturer.com\/es\/wp-json\/wp\/v2\/types\/product"}],"replies":[{"embeddable":true,"href":"https:\/\/glassbottlesmanufacturer.com\/es\/wp-json\/wp\/v2\/comments?post=4154"}],"wp:featuredmedia":[{"embeddable":true,"href":"https:\/\/glassbottlesmanufacturer.com\/es\/wp-json\/wp\/v2\/media\/4157"}],"wp:attachment":[{"href":"https:\/\/glassbottlesmanufacturer.com\/es\/wp-json\/wp\/v2\/media?parent=4154"}],"wp:term":[{"taxonomy":"product_brand","embeddable":true,"href":"https:\/\/glassbottlesmanufacturer.com\/es\/wp-json\/wp\/v2\/product_brand?post=4154"},{"taxonomy":"product_cat","embeddable":true,"href":"https:\/\/glassbottlesmanufacturer.com\/es\/wp-json\/wp\/v2\/product_cat?post=4154"},{"taxonomy":"product_tag","embeddable":true,"href":"https:\/\/glassbottlesmanufacturer.com\/es\/wp-json\/wp\/v2\/product_tag?post=4154"}],"curies":[{"name":"wp","href":"https:\/\/api.w.org\/{rel}","templated":true}]}}