{"id":4233,"date":"2017-11-06T02:31:07","date_gmt":"2017-11-06T02:31:07","guid":{"rendered":"https:\/\/glassbottlesmanufacturer.com\/?post_type=product&#038;p=4233"},"modified":"2018-03-29T13:31:01","modified_gmt":"2018-03-29T13:31:01","slug":"botella-de-vidrio-marron-al-por-mayor","status":"publish","type":"product","link":"https:\/\/glassbottlesmanufacturer.com\/es\/venta-al-por-mayor\/botella-de-vidrio-marron-al-por-mayor\/","title":{"rendered":"BOTELLA DE VIDRIO MARRON AL POR MAYOR"},"content":{"rendered":"<p>Botella de vidrio marr\u00f3n para bebidas al por mayor. El cuello de la botella es una forma de onda con un fondo delgado, la boca de la botella con un tap\u00f3n de rosca, puede llenar diferentes sabores de bebidas.<\/p>\n<h4><strong><b>Aplicaci\u00f3n decorativa<\/b><\/strong><\/h4>\n<p>HIKING fabricante de botellas de vidrio suministrar una variedad de decoraciones profundas y muchos manejo de la superficie de la botella de vidrio marr\u00f3n de bebidas para la venta al por mayor. Usted puede disfrutar de un servicio packag de la f\u00e1brica de botellas de vidrio HIKING, por ejemplo, logotipo en relieve en la superficie de las botellas de vidrio transparente, logotipo de serigraf\u00eda en botellas de vidrio transparente, proceso helado en la botella de vidrio, pulverizaci\u00f3n de colores en la superficie de la botella, y UV galvanoplastia colores brillantes y brillantes en la superficie de las botellas transparentes.<\/p>\n<h4><strong><b>Informaci\u00f3n sobre env\u00edos<\/b><\/strong><\/h4>\n<ul>\n<li>Botellas de vidrio liso En stock 5-10 d\u00edas.<\/li>\n<\/ul>\n<p>HIKING fabricante de botellas de vidrio suministro de acciones a granel para la botella de bebida de vidrio marr\u00f3n para la venta al por mayor. HIKING f\u00e1brica de botellas de vidrio puede entregar r\u00e1pidamente con una semana para las botellas de vidrio de valores si el uso de nuestro cart\u00f3n de embalaje est\u00e1ndar o paleta. Para el embalaje de cart\u00f3n personalizado, se necesitar\u00e1 m\u00e1s tiempo.<\/p>\n<ul>\n<li>Stock de producci\u00f3n 7-15 d\u00edas<\/li>\n<\/ul>\n<p>Si la botella de bebida de vidrio marr\u00f3n est\u00e1n disponibles en la l\u00ednea de producci\u00f3n HIKING, si usted es el uso urgente de las botellas de vidrio para el llenado, entonces podemos actualizar el calendario de botellas de vidrio para hacer la entrega r\u00e1pida real. Una semana para las botellas de vidrio de color claro sin decoraci\u00f3n. Dos semanas para botellas de bebidas con decoraci\u00f3n, como serigraf\u00eda, glaseado, pulverizaci\u00f3n, galvanoplastia, etc.<\/p>\n<ul>\n<li>Pedido especial 20-30 d\u00edas<\/li>\n<\/ul>\n<p>HIKING empresa de botellas de vidrio ha hecho miles de moldes de botellas en los \u00faltimos 10 a\u00f1os. principalmente para 75cl botella de ginebra, 70cl botella de ron, 75cl botella de vodka de vidrio, y 50cl botellas de brandy esp\u00edritus de vidrio. Si la industria de la destiler\u00eda elegir de HIKING dise\u00f1os de botellas de vidrio existentes, entonces se ahorrar\u00e1 en el costo del molde y el tiempo de entrega m\u00e1s r\u00e1pida. Estas botellas de vidrio marr\u00f3n para bebidas est\u00e1n disponibles para una ejecuci\u00f3n r\u00e1pida en lugar de mejorar un nuevo molde. Para la forma de envasado est\u00e1ndar, por lo general toma 20 d\u00edas para la producci\u00f3n en masa. Y, 30 d\u00edas para el embalaje especial, como el cart\u00f3n personalizado.<\/p>\n<ul>\n<li>Pedido a medida 40 d\u00edas<\/li>\n<\/ul>\n<p>Algunas industrias de destilaci\u00f3n poseen su propio envase de licor, por lo que tienen su propio envase de botella de vidrio. En este caso, si proporcionan su botella de vidrio y el dibujo de embalaje, o una muestra, incluso algunas fotos, el proveedor de botellas de vidrio HIKING dise\u00f1ar\u00e1 o copiar\u00e1 una misma botella de vidrio. Podemos logotipo en relieve en la botella de bebida de vidrio marr\u00f3n y el patr\u00f3n de grabado en botellas de licor de vidrio. Se tarda 15 d\u00edas para hacer el molde de botella de vidrio y hacer las muestras de botellas de vidrio. Un pedido oficial de botellas de vidrio comienza despu\u00e9s de que las muestras de botellas de licor aprobadas por los clientes.<\/p>\n<h4><strong><b>Envasado de botellas de vidrio<\/b><\/strong><\/h4>\n<p>La f\u00e1brica de botellas de vidrio HIKING proporciona un embalaje seguro de cart\u00f3n o palet para el transporte de larga distancia tanto por tierra como por mar. Nuestros dise\u00f1adores proporcionan algunos de los diferentes m\u00e9todos de envasado para satisfacer las necesidades del cliente. Suministramos las soluciones de envasado de botellas de vidrio m\u00e1s econ\u00f3micas en funci\u00f3n de los m\u00faltiples costes ocasionados en el pa\u00eds del cliente.<\/p>\n<ul>\n<li>Embalaje de cart\u00f3n est\u00e1ndar<\/li>\n<\/ul>\n<p>El envase de cart\u00f3n es perfecto para botellas de vidrio marr\u00f3n con decoraci\u00f3n, como botellas de vidrio impresas, botellas de vidrio esmerilado y botellas de vidrio de color. Hay 5 capas de envases de cart\u00f3n con separaciones de cart\u00f3n dividir cada botella, evitar la fricci\u00f3n. El envase de cart\u00f3n es ampliamente utilizado en los pa\u00edses donde el costo de mano de obra es bajo.<\/p>\n<ul>\n<li>Embalaje de pal\u00e9s (sin fumigaci\u00f3n)<\/li>\n<\/ul>\n<p>El envasado en paletas suele ser para botellas de vidrio cortas lisas, botellas de vidrio transparentes sin ninguna manipulaci\u00f3n superficial. La ventaja del embalaje en paletas es la facilidad de carga y descarga. Cada botella se envuelve con papel de peri\u00f3dico o bolsa de PE, y se fija en cada espacio separado. El embalaje en paletas se utiliza mucho en los pa\u00edses donde el coste de la mano de obra es elevado.<\/p>\n<ul>\n<li>Embalaje en cajas de colores personalizadas<\/li>\n<\/ul>\n<p>El fabricante de botellas de vidrio para bebidas espirituosas HIKING tambi\u00e9n acepta el embalaje en cajas de colores. La industria de la destiler\u00eda suele utilizar 6 botellas de vidrio por caja, o 12 botellas de vidrio por caja. HIKING ha desarrollado una nueva caja de embalaje sin cinta de sellado, lo suficientemente fuerte para los minoristas de licor. El acabado de la caja puede ser brillante o mate, seg\u00fan las necesidades del cliente. Para que la caja sea segura y no se raye, se coloca en pal\u00e9s y se protege con film.<\/p>\n<h4><strong><b>P\u00f3ngase en contacto con nuestro equipo de ventas para solicitar informaci\u00f3n sobre <\/b><\/strong><strong><b>botella de bebida de vidrio marr\u00f3n .<\/b><\/strong><\/h4>\n<div>\n<div class=\"wpcf7 no-js\" id=\"wpcf7-f19-o1\" lang=\"en-US\" dir=\"ltr\" data-wpcf7-id=\"19\">\n<div class=\"screen-reader-response\"><p role=\"status\" aria-live=\"polite\" aria-atomic=\"true\"><\/p> <ul><\/ul><\/div>\n<form action=\"\/es\/wp-json\/wp\/v2\/product\/4233#wpcf7-f19-o1\" method=\"post\" class=\"wpcf7-form init\" aria-label=\"Contact form\" novalidate=\"novalidate\" data-status=\"init\" data-trp-original-action=\"\/es\/wp-json\/wp\/v2\/product\/4233#wpcf7-f19-o1\">\n<fieldset class=\"hidden-fields-container\"><input type=\"hidden\" name=\"_wpcf7\" value=\"19\" \/><input type=\"hidden\" name=\"_wpcf7_version\" value=\"6.1.5\" \/><input type=\"hidden\" name=\"_wpcf7_locale\" value=\"en_US\" \/><input type=\"hidden\" name=\"_wpcf7_unit_tag\" value=\"wpcf7-f19-o1\" \/><input type=\"hidden\" name=\"_wpcf7_container_post\" value=\"0\" \/><input type=\"hidden\" name=\"_wpcf7_posted_data_hash\" value=\"\" \/><input type=\"hidden\" name=\"_wpcf7dtx_version\" value=\"5.0.5\" \/>\n<\/fieldset>\n<p hidden><span class=\"wpcf7-form-control-wrap dynamictext-312\" data-name=\"dynamictext-312\"><input type=\"text\" name=\"dynamictext-312\" class=\"wpcf7-form-control wpcf7-text wpcf7dtx wpcf7dtx-text\" aria-invalid=\"false\" value=\"BROWN GLASS BOTTLE FOR WHOLESALE\"><\/span>\n<\/p>\n<p><span class=\"wpcf7-form-control-wrap\" data-name=\"your-name\"><input size=\"40\" maxlength=\"400\" class=\"wpcf7-form-control wpcf7-text wpcf7-validates-as-required\" aria-required=\"true\" aria-invalid=\"false\" placeholder=\"Su nombre\" value=\"\" type=\"text\" name=\"your-name\" \/><\/span>\n<\/p>\n<p><span class=\"wpcf7-form-control-wrap\" data-name=\"your-email\"><input size=\"40\" maxlength=\"400\" class=\"wpcf7-form-control wpcf7-email wpcf7-validates-as-required wpcf7-text wpcf7-validates-as-email\" aria-required=\"true\" aria-invalid=\"false\" placeholder=\"Su correo electr\u00f3nico\" value=\"\" type=\"email\" name=\"your-email\" \/><\/span>\n<\/p>\n<p><span class=\"wpcf7-form-control-wrap\" data-name=\"your-subject\"><input size=\"40\" maxlength=\"400\" class=\"wpcf7-form-control wpcf7-text wpcf7-validates-as-required\" aria-required=\"true\" aria-invalid=\"false\" placeholder=\"Asunto del mensaje\" value=\"\" type=\"text\" name=\"your-subject\" \/><\/span>\n<\/p>\n<p><span class=\"wpcf7-form-control-wrap\" data-name=\"your-message\"><textarea cols=\"40\" rows=\"10\" maxlength=\"2000\" class=\"wpcf7-form-control wpcf7-textarea\" aria-invalid=\"false\" placeholder=\"Escriba aqu\u00ed su mensaje...\" name=\"your-message\"><\/textarea><\/span>\n<\/p>\n<div style=\"display:none\">\n\t<p><span class=\"wpcf7-form-control-wrap form-url\" data-name=\"form-url\"><input type=\"text\" name=\"form-url\" class=\"wpcf7-form-control wpcf7-text wpcf7dtx wpcf7dtx-text\" aria-invalid=\"false\" value=\"https:\/\/glassbottlesmanufacturer.com\/es\/es\/wp-json\/wp\/v2\/product\/4233\"><\/span>\n\t<\/p>\n<\/div>\n<div style=\"margin-bottom:10px;\">\n\t<p><span class=\"wpcf7-form-control-wrap kc_captcha\" data-name=\"kc_captcha\"><span class=\"wpcf7-form-control wpcf7-radio\"><span class=\"captcha-image\" ><span class=\"cf7ic_instructions\">Please prove you are human by selecting the<span> key<\/span>.<\/span><label><input aria-label=\"1\" type=\"radio\" name=\"kc_captcha\" value=\"bot\" \/><svg aria-hidden=\"true\" role=\"img\" xmlns=\"http:\/\/www.w3.org\/2000\/svg\" viewbox=\"0 0 576 512\"><path fill=\"currentColor\" d=\"M415 24c-53 0-103 42-127 65-24-23-74-65-127-65C70 24 16 77 16 166c0 72 67 133 69 135l187 181c9 8 23 8 32 0l187-180c2-3 69-64 69-136 0-89-54-142-145-142z\"\/><\/svg><\/label><label><input aria-label=\"2\" type=\"radio\" name=\"kc_captcha\" value=\"bot\" \/><svg aria-hidden=\"true\" role=\"img\" xmlns=\"http:\/\/www.w3.org\/2000\/svg\" viewbox=\"0 0 576 512\"><path fill=\"currentColor\" d=\"M259 18l-65 132-146 22c-26 3-37 36-18 54l106 103-25 146c-5 26 23 46 46 33l131-68 131 68c23 13 51-7 46-33l-25-146 106-103c19-18 8-51-18-54l-146-22-65-132a32 32 0 00-58 0z\"\/><\/svg><\/label><label><input aria-label=\"3\" type=\"radio\" name=\"kc_captcha\" value=\"kc_human\" \/><svg aria-hidden=\"true\" role=\"img\" xmlns=\"http:\/\/www.w3.org\/2000\/svg\" viewbox=\"0 0 512 512\"><path fill=\"currentColor\" d=\"M512 176a176 176 0 01-209 173l-24 27a24 24 0 01-18 8h-37v40c0 13-11 24-24 24h-40v40c0 13-11 24-24 24H24c-13 0-24-11-24-24v-78c0-6 3-13 7-17l162-162a176 176 0 11343-55zm-176-48a48 48 0 1096 0 48 48 0 00-96 0z\"\/><\/svg><\/label>\r\n    <\/span>\r\n    <span style=\"display:none\">\r\n        <input type=\"text\" name=\"kc_honeypot\">\r\n    <\/span><\/span><\/span>\n\t<\/p>\n<\/div>\n<p><input class=\"wpcf7-form-control wpcf7-submit has-spinner\" type=\"submit\" value=\"Env\u00ede su mensaje\" \/>\n<\/p><p style=\"display: none !important;\" class=\"akismet-fields-container\" data-prefix=\"_wpcf7_ak_\"><label>&#916;<textarea name=\"_wpcf7_ak_hp_textarea\" cols=\"45\" rows=\"8\" maxlength=\"100\"><\/textarea><\/label><input type=\"hidden\" id=\"ak_js_1\" name=\"_wpcf7_ak_js\" value=\"53\"\/><script>document.getElementById( \"ak_js_1\" ).setAttribute( \"value\", ( new Date() ).getTime() );<\/script><\/p><div class=\"wpcf7-response-output\" aria-hidden=\"true\"><\/div>\n<input type=\"hidden\" name=\"trp-form-language\" value=\"es\"\/><\/form>\n<\/div>\n<\/div>","protected":false},"excerpt":{"rendered":"<table id=\"tablepress-3\" class=\"tablepress tablepress-id-3\">\n<thead>\n<tr class=\"row-1\">\n\t<th class=\"column-1\">NOMBRE DEL PRODUCTO<\/th><th class=\"column-2\">BOTELLA DE VIDRIO MARRON PARA BEBIDAS AL POR MAYOR<\/th>\n<\/tr>\n<\/thead>\n<tbody class=\"row-striping row-hover\">\n<tr class=\"row-2\">\n\t<td class=\"column-1\">TAMA\u00d1O DE LA BOTELLA<\/td><td class=\"column-2\">500ML<\/td>\n<\/tr>\n<tr class=\"row-3\">\n\t<td class=\"column-1\">MATERIAL<\/td><td class=\"column-2\">Borwn Glass<\/td>\n<\/tr>\n<tr class=\"row-4\">\n\t<td class=\"column-1\">COLOR<\/td><td class=\"column-2\">Marr\u00f3n<\/td>\n<\/tr>\n<tr class=\"row-5\">\n\t<td class=\"column-1\">ACABADO DEL CUELLO<\/td><td class=\"column-2\">Tap\u00f3n de rosca<\/td>\n<\/tr>\n<tr class=\"row-6\">\n\t<td class=\"column-1\">FORMA DE LA BOTELLA<\/td><td class=\"column-2\">FORMA DE ONDA<\/td>\n<\/tr>\n<tr class=\"row-7\">\n\t<td class=\"column-1\">PESO DE LA BOTELLA<\/td><td class=\"column-2\">420G<\/td>\n<\/tr>\n<tr class=\"row-8\">\n\t<td class=\"column-1\">ALTURA DE LA BOTELLA<\/td><td class=\"column-2\">212MM<\/td>\n<\/tr>\n<tr class=\"row-9\">\n\t<td class=\"column-1\">LONGITUD DE LA BOTELLA<\/td><td class=\"column-2\">155MM<\/td>\n<\/tr>\n<tr class=\"row-10\">\n\t<td class=\"column-1\">ANCHO DE LA BOTELLA<\/td><td class=\"column-2\">56,5 MM<\/td>\n<\/tr>\n<\/tbody>\n<\/table>","protected":false},"featured_media":4234,"comment_status":"open","ping_status":"closed","template":"","meta":[],"product_brand":[],"product_cat":[72,70],"product_tag":[],"class_list":{"0":"post-4233","1":"product","2":"type-product","3":"status-publish","4":"has-post-thumbnail","6":"product_cat-colored-glass-bottles","7":"product_cat-other-size-glass-bottles","8":"entry","9":"has-media","11":"first","12":"instock","13":"shipping-taxable","14":"product-type-simple"},"_links":{"self":[{"href":"https:\/\/glassbottlesmanufacturer.com\/es\/wp-json\/wp\/v2\/product\/4233","targetHints":{"allow":["GET"]}}],"collection":[{"href":"https:\/\/glassbottlesmanufacturer.com\/es\/wp-json\/wp\/v2\/product"}],"about":[{"href":"https:\/\/glassbottlesmanufacturer.com\/es\/wp-json\/wp\/v2\/types\/product"}],"replies":[{"embeddable":true,"href":"https:\/\/glassbottlesmanufacturer.com\/es\/wp-json\/wp\/v2\/comments?post=4233"}],"wp:featuredmedia":[{"embeddable":true,"href":"https:\/\/glassbottlesmanufacturer.com\/es\/wp-json\/wp\/v2\/media\/4234"}],"wp:attachment":[{"href":"https:\/\/glassbottlesmanufacturer.com\/es\/wp-json\/wp\/v2\/media?parent=4233"}],"wp:term":[{"taxonomy":"product_brand","embeddable":true,"href":"https:\/\/glassbottlesmanufacturer.com\/es\/wp-json\/wp\/v2\/product_brand?post=4233"},{"taxonomy":"product_cat","embeddable":true,"href":"https:\/\/glassbottlesmanufacturer.com\/es\/wp-json\/wp\/v2\/product_cat?post=4233"},{"taxonomy":"product_tag","embeddable":true,"href":"https:\/\/glassbottlesmanufacturer.com\/es\/wp-json\/wp\/v2\/product_tag?post=4233"}],"curies":[{"name":"wp","href":"https:\/\/api.w.org\/{rel}","templated":true}]}}