{"id":4330,"date":"2018-02-26T14:40:46","date_gmt":"2018-02-26T14:40:46","guid":{"rendered":"https:\/\/glassbottlesmanufacturer.com\/?post_type=product&#038;p=4330"},"modified":"2018-03-29T07:03:48","modified_gmt":"2018-03-29T07:03:48","slug":"super-flint-glass-700ml-cognac-bottle","status":"publish","type":"product","link":"https:\/\/glassbottlesmanufacturer.com\/es\/venta-al-por-mayor\/super-flint-glass-700ml-cognac-bottle\/","title":{"rendered":"BOTELLA DE CO\u00d1AC SUPER FLINT GLASS 700ML"},"content":{"rendered":"<p>Super flint glass 700ml cognac bottle is one of the most hot sale cognac bottle, the flat shape is special and elegant. The big label panels engraved on both front side and back side, is ideal for labeling and printing. The thick glass base makes the bottle more attractive. Embossed client&#8217;s liquor brand on the glass.<\/p>\n<figure id=\"attachment_4368\" aria-describedby=\"caption-attachment-4368\" style=\"width: 1776px\" class=\"wp-caption aligncenter\"><img loading=\"lazy\" decoding=\"async\" class=\"wp-image-4368 size-full\" src=\"https:\/\/glassbottlesmanufacturer.com\/wp-content\/uploads\/2018\/02\/Glass-Bottle-Supplier.jpg\" alt=\"Proveedor de botellas de licor\" width=\"1776\" height=\"712\" srcset=\"https:\/\/glassbottlesmanufacturer.com\/wp-content\/uploads\/2018\/02\/Glass-Bottle-Supplier.jpg 1776w, https:\/\/glassbottlesmanufacturer.com\/wp-content\/uploads\/2018\/02\/Glass-Bottle-Supplier-600x241.jpg 600w, https:\/\/glassbottlesmanufacturer.com\/wp-content\/uploads\/2018\/02\/Glass-Bottle-Supplier-300x120.jpg 300w, https:\/\/glassbottlesmanufacturer.com\/wp-content\/uploads\/2018\/02\/Glass-Bottle-Supplier-768x308.jpg 768w, https:\/\/glassbottlesmanufacturer.com\/wp-content\/uploads\/2018\/02\/Glass-Bottle-Supplier-1024x411.jpg 1024w\" sizes=\"auto, (max-width: 1776px) 100vw, 1776px\" \/><figcaption id=\"caption-attachment-4368\" class=\"wp-caption-text\">Proveedor de botellas de licor - HIKING GLASS<\/figcaption><\/figure>\n<h4>DETAILS of 700ml COGNAC BOTTLE<\/h4>\n<p><a href=\"https:\/\/glassbottlesmanufacturer.com\/wp-content\/uploads\/2018\/02\/700ml-cognac-bottle-2.jpg\"><img loading=\"lazy\" decoding=\"async\" class=\"wp-image-4352 size-full\" src=\"https:\/\/glassbottlesmanufacturer.com\/wp-content\/uploads\/2018\/02\/700ml-cognac-bottle-2.jpg\" alt=\"700ml cognac bottle\" width=\"1776\" height=\"712\" srcset=\"https:\/\/glassbottlesmanufacturer.com\/wp-content\/uploads\/2018\/02\/700ml-cognac-bottle-2.jpg 1776w, https:\/\/glassbottlesmanufacturer.com\/wp-content\/uploads\/2018\/02\/700ml-cognac-bottle-2-600x241.jpg 600w, https:\/\/glassbottlesmanufacturer.com\/wp-content\/uploads\/2018\/02\/700ml-cognac-bottle-2-300x120.jpg 300w, https:\/\/glassbottlesmanufacturer.com\/wp-content\/uploads\/2018\/02\/700ml-cognac-bottle-2-768x308.jpg 768w, https:\/\/glassbottlesmanufacturer.com\/wp-content\/uploads\/2018\/02\/700ml-cognac-bottle-2-1024x411.jpg 1024w\" sizes=\"auto, (max-width: 1776px) 100vw, 1776px\" \/><\/a><\/p>\n<p><strong>Aplicaci\u00f3n decorativa<\/strong><\/p>\n<ul>\n<li>Decal and print logo on spirit bottles, OEM is highly welcome.<\/li>\n<li>Las botellas de vidrio esmerilado se est\u00e1n popularizando para las botellas de vodka.<\/li>\n<li>El grabado en relieve se utiliza ampliamente para botellas de vodka, botellas de brandy, botellas de tequila y otras bebidas espirituosas. Estampamos o grabamos el nombre de la marca o el logotipo del cliente directamente en el vidrio, lo que significa que el molde es propiedad de la destiler\u00eda.<\/li>\n<li>La galvanoplastia aporta una sensaci\u00f3n de brillo y luminosidad a las botellas de vidrio. Este tipo de botellas suelen tener un coste elevado y se destinan a los mercados de gama alta.<\/li>\n<\/ul>\n<h4><strong>Shi<\/strong><strong>pping\/Informaci\u00f3n de carga<\/strong><\/h4>\n<p>Como una de las mayores f\u00e1bricas de botellas de vidrio en China, suministramos suficiente stock de botellas de venta caliente, en su mayor\u00eda son nuestras botellas de vidrio est\u00e1ndar. Por lo tanto, los 7-10 d\u00edas de entrega de pedidos urgentes est\u00e1n disponibles para las temporadas de venta caliente, como la venta de Navidad y A\u00f1o Nuevo venta.<\/p>\n<ul>\n<li>Con m\u00e1s de 10 a\u00f1os de experiencia en la fabricaci\u00f3n de botellas de vidrio, hemos desarrollado miles de modelos de botellas de vidrio. Tenemos diferentes tipos de dise\u00f1os de botellas para la elecci\u00f3n del cliente, la mayor\u00eda de los clientes pueden encontrar sus botellas de vidrio favorito de HIKING existen botellas, que est\u00e1n listos molde. El plazo de entrega para este tipo de pedidos es de 25-30 d\u00edas.<\/li>\n<li>Algunas empresas de destilaci\u00f3n poseen sus botellas de licor exclusivas. De esta manera, si nos proporciona el dibujo de la botella de vidrio, o la muestra de la botella de vidrio, incluso una foto de la botella de vidrio, desarrollaremos o copiaremos una misma botella de vidrio. El plazo de entrega del molde es de 15 d\u00edas.<\/li>\n<\/ul>\n<h4><strong>Envasado de botellas de vidrio<\/strong><\/h4>\n<ul>\n<li>El envase de cart\u00f3n est\u00e1ndar se utiliza para las botellas de vidrio en la impresi\u00f3n. Hay clapboard para evitar la fricci\u00f3n.<\/li>\n<li>El embalaje en paletas es una forma f\u00e1cil de manipular la carga y descarga de botellas de vidrio. Tambi\u00e9n es el m\u00e9todo de envasado m\u00e1s econ\u00f3mico para las botellas de bebidas espirituosas.<\/li>\n<li>El envasado en cajas de colores personalizadas es el m\u00e1s complicado de los envases de botellas de vidrio. Los clientes proporcionan las ilustraciones de la caja, la empresa de botellas de vidrio proporciona botellas y cajas, que son reutilizables despu\u00e9s del llenado.<\/li>\n<\/ul>\n<figure id=\"attachment_4365\" aria-describedby=\"caption-attachment-4365\" style=\"width: 1776px\" class=\"wp-caption aligncenter\"><img loading=\"lazy\" decoding=\"async\" class=\"wp-image-4365 size-full\" src=\"https:\/\/glassbottlesmanufacturer.com\/wp-content\/uploads\/2018\/02\/heise-1.png\" alt=\"Proveedor de botellas de vidrio - HIKING GLASS\" width=\"1776\" height=\"712\" srcset=\"https:\/\/glassbottlesmanufacturer.com\/wp-content\/uploads\/2018\/02\/heise-1.png 1776w, https:\/\/glassbottlesmanufacturer.com\/wp-content\/uploads\/2018\/02\/heise-1-600x241.png 600w, https:\/\/glassbottlesmanufacturer.com\/wp-content\/uploads\/2018\/02\/heise-1-300x120.png 300w, https:\/\/glassbottlesmanufacturer.com\/wp-content\/uploads\/2018\/02\/heise-1-768x308.png 768w, https:\/\/glassbottlesmanufacturer.com\/wp-content\/uploads\/2018\/02\/heise-1-1024x411.png 1024w\" sizes=\"auto, (max-width: 1776px) 100vw, 1776px\" \/><figcaption id=\"caption-attachment-4365\" class=\"wp-caption-text\">Proveedor de botellas de vidrio - HIKING GLASS<\/figcaption><\/figure>\n<p><!--more--><\/p>\n<p>Glass is a very special material, the use of glass bottles in our life is also a wide range, and with the continuous improvement of living standards, we are constantly increasing the requirements of the packaging, so our glass Bottle packaging industry has a lot of room for development.<\/p>\n<p>Glass bottle packaging plays an irreplaceable role in providing food protection against contamination by external microorganisms or other substances and preventing or reducing food oxidation and other reactions. Glass bottles are indispensable for human life. For now, in order to tie in with the business to attract consumers, packaging manufacturers tend to focus only on the beauty and uniqueness of the packaging, ignoring the factors such as whether it is conducive to recycling and whether it is easy to disassemble<\/p>\n<p>In the production of glass bottles, not only the sources of raw materials for the design and production processes but also the energy consumption during processing, environmental pollution, transportation, storage and damage during the sales process and the recovery after the products are used up are taken into account.As a food packaging coat &#8211; especially the safety of packaging materials is directly related to the safety of this food. In summary, glass bottle factory, food packaging enterprises in the implementation of sustainable development should be toward the safe and transparent direction.<\/p>\n<p>Glass packaging for the development of our industry is a very important role, so the knowledge of glass packaging, please keep an eye on us.<\/p>\n<h4>CHECK HOW COGNAC BOTTLES MANUFACTURED BY FULLY AUTOMATIC MACHINE<\/h4>\n<div style=\"width: 720px;\" class=\"wp-video\"><video class=\"wp-video-shortcode\" id=\"video-4330-1\" width=\"720\" height=\"404\" preload=\"metadata\" controls=\"controls\"><source type=\"video\/mp4\" src=\"https:\/\/glassbottlesmanufacturer.com\/wp-content\/uploads\/2018\/02\/HIKING-GLASS-\u8c37\u6b4c\u89c6\u9891.mp4?_=1\" \/><a href=\"https:\/\/glassbottlesmanufacturer.com\/wp-content\/uploads\/2018\/02\/HIKING-GLASS-\u8c37\u6b4c\u89c6\u9891.mp4\">https:\/\/glassbottlesmanufacturer.com\/wp-content\/uploads\/2018\/02\/HIKING-GLASS-\u8c37\u6b4c\u89c6\u9891.mp4<\/a><\/video><\/div>\n\n<div class=\"wpcf7 no-js\" id=\"wpcf7-f19-o1\" lang=\"en-US\" dir=\"ltr\" data-wpcf7-id=\"19\">\n<div class=\"screen-reader-response\"><p role=\"status\" aria-live=\"polite\" aria-atomic=\"true\"><\/p> <ul><\/ul><\/div>\n<form action=\"\/es\/wp-json\/wp\/v2\/product\/4330#wpcf7-f19-o1\" method=\"post\" class=\"wpcf7-form init\" aria-label=\"Contact form\" novalidate=\"novalidate\" data-status=\"init\" data-trp-original-action=\"\/es\/wp-json\/wp\/v2\/product\/4330#wpcf7-f19-o1\">\n<fieldset class=\"hidden-fields-container\"><input type=\"hidden\" name=\"_wpcf7\" value=\"19\" \/><input type=\"hidden\" name=\"_wpcf7_version\" value=\"6.1.5\" \/><input type=\"hidden\" name=\"_wpcf7_locale\" value=\"en_US\" \/><input type=\"hidden\" name=\"_wpcf7_unit_tag\" value=\"wpcf7-f19-o1\" \/><input type=\"hidden\" name=\"_wpcf7_container_post\" value=\"0\" \/><input type=\"hidden\" name=\"_wpcf7_posted_data_hash\" value=\"\" \/><input type=\"hidden\" name=\"_wpcf7dtx_version\" value=\"5.0.5\" \/>\n<\/fieldset>\n<p hidden><span class=\"wpcf7-form-control-wrap dynamictext-312\" data-name=\"dynamictext-312\"><input type=\"text\" name=\"dynamictext-312\" class=\"wpcf7-form-control wpcf7-text wpcf7dtx wpcf7dtx-text\" aria-invalid=\"false\" value=\"SUPER FLINT GLASS 700ML COGNAC BOTTLE\"><\/span>\n<\/p>\n<p><span class=\"wpcf7-form-control-wrap\" data-name=\"your-name\"><input size=\"40\" maxlength=\"400\" class=\"wpcf7-form-control wpcf7-text wpcf7-validates-as-required\" aria-required=\"true\" aria-invalid=\"false\" placeholder=\"Su nombre\" value=\"\" type=\"text\" name=\"your-name\" \/><\/span>\n<\/p>\n<p><span class=\"wpcf7-form-control-wrap\" data-name=\"your-email\"><input size=\"40\" maxlength=\"400\" class=\"wpcf7-form-control wpcf7-email wpcf7-validates-as-required wpcf7-text wpcf7-validates-as-email\" aria-required=\"true\" aria-invalid=\"false\" placeholder=\"Su correo electr\u00f3nico\" value=\"\" type=\"email\" name=\"your-email\" \/><\/span>\n<\/p>\n<p><span class=\"wpcf7-form-control-wrap\" data-name=\"your-subject\"><input size=\"40\" maxlength=\"400\" class=\"wpcf7-form-control wpcf7-text wpcf7-validates-as-required\" aria-required=\"true\" aria-invalid=\"false\" placeholder=\"Asunto del mensaje\" value=\"\" type=\"text\" name=\"your-subject\" \/><\/span>\n<\/p>\n<p><span class=\"wpcf7-form-control-wrap\" data-name=\"your-message\"><textarea cols=\"40\" rows=\"10\" maxlength=\"2000\" class=\"wpcf7-form-control wpcf7-textarea\" aria-invalid=\"false\" placeholder=\"Escriba aqu\u00ed su mensaje...\" name=\"your-message\"><\/textarea><\/span>\n<\/p>\n<div style=\"display:none\">\n\t<p><span class=\"wpcf7-form-control-wrap form-url\" data-name=\"form-url\"><input type=\"text\" name=\"form-url\" class=\"wpcf7-form-control wpcf7-text wpcf7dtx wpcf7dtx-text\" aria-invalid=\"false\" value=\"https:\/\/glassbottlesmanufacturer.com\/es\/es\/wp-json\/wp\/v2\/product\/4330\"><\/span>\n\t<\/p>\n<\/div>\n<div style=\"margin-bottom:10px;\">\n\t<p><span class=\"wpcf7-form-control-wrap kc_captcha\" data-name=\"kc_captcha\"><span class=\"wpcf7-form-control wpcf7-radio\"><span class=\"captcha-image\" ><span class=\"cf7ic_instructions\">Please prove you are human by selecting the<span> cup<\/span>.<\/span><label><input aria-label=\"1\" type=\"radio\" name=\"kc_captcha\" value=\"bot\" \/><svg aria-hidden=\"true\" role=\"img\" xmlns=\"http:\/\/www.w3.org\/2000\/svg\" viewbox=\"0 0 576 512\"><path fill=\"currentColor\" d=\"M415 24c-53 0-103 42-127 65-24-23-74-65-127-65C70 24 16 77 16 166c0 72 67 133 69 135l187 181c9 8 23 8 32 0l187-180c2-3 69-64 69-136 0-89-54-142-145-142z\"\/><\/svg><\/label><label><input aria-label=\"2\" type=\"radio\" name=\"kc_captcha\" value=\"kc_human\" \/><svg aria-hidden=\"true\" role=\"img\" xmlns=\"http:\/\/www.w3.org\/2000\/svg\" viewbox=\"0 0 640 512\"><path fill=\"currentColor\" d=\"M192 384h192c53 0 96-43 96-96h32a128 128 0 000-256H120c-13 0-24 11-24 24v232c0 53 43 96 96 96zM512 96a64 64 0 010 128h-32V96h32zm48 384H48c-47 0-61-64-36-64h584c25 0 11 64-36 64z\"\/><\/svg><\/label><label><input aria-label=\"3\" type=\"radio\" name=\"kc_captcha\" value=\"bot\" \/><svg aria-hidden=\"true\" role=\"img\" xmlns=\"http:\/\/www.w3.org\/2000\/svg\" viewbox=\"0 0 640 512\"><path fill=\"currentColor\" d=\"M624 352h-16V244c0-13-5-25-14-34L494 110c-9-9-21-14-34-14h-44V48c0-26-21-48-48-48H48C22 0 0 22 0 48v320c0 27 22 48 48 48h16a96 96 0 00192 0h128a96 96 0 00192 0h48c9 0 16-7 16-16v-32c0-9-7-16-16-16zM160 464a48 48 0 110-96 48 48 0 010 96zm320 0a48 48 0 110-96 48 48 0 010 96zm80-208H416V144h44l100 100v12z\"\/><\/svg><\/label>\r\n    <\/span>\r\n    <span style=\"display:none\">\r\n        <input type=\"text\" name=\"kc_honeypot\">\r\n    <\/span><\/span><\/span>\n\t<\/p>\n<\/div>\n<p><input class=\"wpcf7-form-control wpcf7-submit has-spinner\" type=\"submit\" value=\"Env\u00ede su mensaje\" \/>\n<\/p><p style=\"display: none !important;\" class=\"akismet-fields-container\" data-prefix=\"_wpcf7_ak_\"><label>&#916;<textarea name=\"_wpcf7_ak_hp_textarea\" cols=\"45\" rows=\"8\" maxlength=\"100\"><\/textarea><\/label><input type=\"hidden\" id=\"ak_js_1\" name=\"_wpcf7_ak_js\" value=\"198\"\/><script>document.getElementById( \"ak_js_1\" ).setAttribute( \"value\", ( new Date() ).getTime() );<\/script><\/p><div class=\"wpcf7-response-output\" aria-hidden=\"true\"><\/div>\n<input type=\"hidden\" name=\"trp-form-language\" value=\"es\"\/><\/form>\n<\/div>","protected":false},"excerpt":{"rendered":"<table id=\"tablepress-121\" class=\"tablepress tablepress-id-121\">\n<thead>\n<tr class=\"row-1\">\n\t<th class=\"column-1\">NOMBRE DEL PRODUCTO<\/th><th class=\"column-2\">BOTELLA DE CO\u00d1AC SUPER FLINT GLASS 700ML<\/th>\n<\/tr>\n<\/thead>\n<tbody class=\"row-striping row-hover\">\n<tr class=\"row-2\">\n\t<td class=\"column-1\">REFERENCIA<\/td><td class=\"column-2\">HK-191<\/td>\n<\/tr>\n<tr class=\"row-3\">\n\t<td class=\"column-1\">COLORES DEL VIDRIO<\/td><td class=\"column-2\">SUPER FLINT\/EXTRA WHITE FLINT<\/td>\n<\/tr>\n<tr class=\"row-4\">\n\t<td class=\"column-1\">FORMA DE LA BOTELLA<\/td><td class=\"column-2\">SPECIAL \/ CUSTOM<\/td>\n<\/tr>\n<tr class=\"row-5\">\n\t<td class=\"column-1\">ACABADO<\/td><td class=\"column-2\">CORCHO<\/td>\n<\/tr>\n<tr class=\"row-6\">\n\t<td class=\"column-1\">DI\u00c1METRO DEL ORIFICIO DE ENTRADA<\/td><td class=\"column-2\">22.5 mm<\/td>\n<\/tr>\n<tr class=\"row-7\">\n\t<td class=\"column-1\">ESPESOR DE LA BASE DE VIDRIO<\/td><td class=\"column-2\">21.6 mm<\/td>\n<\/tr>\n<tr class=\"row-8\">\n\t<td class=\"column-1\">ALTURA DE LA BOTELLA<\/td><td class=\"column-2\">192.2 mm<\/td>\n<\/tr>\n<tr class=\"row-9\">\n\t<td class=\"column-1\">LONGITUD<\/td><td class=\"column-2\">171.6 mm<\/td>\n<\/tr>\n<tr class=\"row-10\">\n\t<td class=\"column-1\">ANCHO<\/td><td class=\"column-2\">61.1 mm<\/td>\n<\/tr>\n<\/tbody>\n<\/table>\n<!-- #tablepress-121 from cache -->","protected":false},"featured_media":4370,"comment_status":"closed","ping_status":"closed","template":"","meta":[],"product_brand":[],"product_cat":[67],"product_tag":[],"class_list":{"0":"post-4330","1":"product","2":"type-product","3":"status-publish","4":"has-post-thumbnail","6":"product_cat-700ml-glass-bottles","7":"entry","8":"has-media","10":"first","11":"instock","12":"shipping-taxable","13":"product-type-simple"},"_links":{"self":[{"href":"https:\/\/glassbottlesmanufacturer.com\/es\/wp-json\/wp\/v2\/product\/4330","targetHints":{"allow":["GET"]}}],"collection":[{"href":"https:\/\/glassbottlesmanufacturer.com\/es\/wp-json\/wp\/v2\/product"}],"about":[{"href":"https:\/\/glassbottlesmanufacturer.com\/es\/wp-json\/wp\/v2\/types\/product"}],"replies":[{"embeddable":true,"href":"https:\/\/glassbottlesmanufacturer.com\/es\/wp-json\/wp\/v2\/comments?post=4330"}],"wp:featuredmedia":[{"embeddable":true,"href":"https:\/\/glassbottlesmanufacturer.com\/es\/wp-json\/wp\/v2\/media\/4370"}],"wp:attachment":[{"href":"https:\/\/glassbottlesmanufacturer.com\/es\/wp-json\/wp\/v2\/media?parent=4330"}],"wp:term":[{"taxonomy":"product_brand","embeddable":true,"href":"https:\/\/glassbottlesmanufacturer.com\/es\/wp-json\/wp\/v2\/product_brand?post=4330"},{"taxonomy":"product_cat","embeddable":true,"href":"https:\/\/glassbottlesmanufacturer.com\/es\/wp-json\/wp\/v2\/product_cat?post=4330"},{"taxonomy":"product_tag","embeddable":true,"href":"https:\/\/glassbottlesmanufacturer.com\/es\/wp-json\/wp\/v2\/product_tag?post=4330"}],"curies":[{"name":"wp","href":"https:\/\/api.w.org\/{rel}","templated":true}]}}