{"id":4394,"date":"2018-03-12T08:46:51","date_gmt":"2018-03-12T08:46:51","guid":{"rendered":"https:\/\/glassbottlesmanufacturer.com\/?post_type=product&#038;p=4394"},"modified":"2018-03-29T07:01:51","modified_gmt":"2018-03-29T07:01:51","slug":"botella-de-ron-bar-top-finish-cuello-largo-750ml","status":"publish","type":"product","link":"https:\/\/glassbottlesmanufacturer.com\/es\/venta-al-por-mayor\/botella-de-ron-bar-top-finish-cuello-largo-750ml\/","title":{"rendered":"BOTELLA DE RON BAR TOP FINISH CUELLO LARGO 750ML"},"content":{"rendered":"<p>La botella de ron de 750 ml de cuello largo y acabado superior de bar est\u00e1 fabricada con cristal de s\u00edlex de primera calidad. La botella tiene un cuello largo y una base de vidrio elevada que le da un aspecto atractivo. El cuello es largo y el grosor del vidrio igual, ideal para un llenado fluido.<\/p>\n<figure id=\"attachment_4368\" aria-describedby=\"caption-attachment-4368\" style=\"width: 980px\" class=\"wp-caption aligncenter\"><img loading=\"lazy\" decoding=\"async\" class=\"wp-image-4368 size-large\" src=\"https:\/\/glassbottlesmanufacturer.com\/wp-content\/uploads\/2018\/02\/Glass-Bottle-Supplier-1024x411.jpg\" alt=\"Proveedor de botellas de licor\" width=\"980\" height=\"393\" srcset=\"https:\/\/glassbottlesmanufacturer.com\/wp-content\/uploads\/2018\/02\/Glass-Bottle-Supplier-1024x411.jpg 1024w, https:\/\/glassbottlesmanufacturer.com\/wp-content\/uploads\/2018\/02\/Glass-Bottle-Supplier-600x241.jpg 600w, https:\/\/glassbottlesmanufacturer.com\/wp-content\/uploads\/2018\/02\/Glass-Bottle-Supplier-300x120.jpg 300w, https:\/\/glassbottlesmanufacturer.com\/wp-content\/uploads\/2018\/02\/Glass-Bottle-Supplier-768x308.jpg 768w, https:\/\/glassbottlesmanufacturer.com\/wp-content\/uploads\/2018\/02\/Glass-Bottle-Supplier.jpg 1776w\" sizes=\"auto, (max-width: 980px) 100vw, 980px\" \/><figcaption id=\"caption-attachment-4368\" class=\"wp-caption-text\">Proveedor de botellas de licor - HIKING GLASS<\/figcaption><\/figure>\n<h4>DETALLES de la BOTELLA DE VIDRIO de 750 ml<\/h4>\n<figure id=\"attachment_4373\" aria-describedby=\"caption-attachment-4373\" style=\"width: 1776px\" class=\"wp-caption aligncenter\"><img loading=\"lazy\" decoding=\"async\" class=\"wp-image-4373 size-full\" src=\"https:\/\/glassbottlesmanufacturer.com\/wp-content\/uploads\/2018\/03\/750ml-glass-bottle-supplier.jpg\" alt=\"Proveedor de botellas de vidrio de 750 ml\" width=\"1776\" height=\"712\" srcset=\"https:\/\/glassbottlesmanufacturer.com\/wp-content\/uploads\/2018\/03\/750ml-glass-bottle-supplier.jpg 1776w, https:\/\/glassbottlesmanufacturer.com\/wp-content\/uploads\/2018\/03\/750ml-glass-bottle-supplier-600x241.jpg 600w, https:\/\/glassbottlesmanufacturer.com\/wp-content\/uploads\/2018\/03\/750ml-glass-bottle-supplier-300x120.jpg 300w, https:\/\/glassbottlesmanufacturer.com\/wp-content\/uploads\/2018\/03\/750ml-glass-bottle-supplier-768x308.jpg 768w, https:\/\/glassbottlesmanufacturer.com\/wp-content\/uploads\/2018\/03\/750ml-glass-bottle-supplier-1024x411.jpg 1024w\" sizes=\"auto, (max-width: 1776px) 100vw, 1776px\" \/><figcaption id=\"caption-attachment-4373\" class=\"wp-caption-text\">Proveedor de botellas de vidrio de 750 ml - HIKING GLASS<\/figcaption><\/figure>\n<h4><strong>Aplicaci\u00f3n decorativa<\/strong><\/h4>\n<ul>\n<li>Calcoman\u00eda y logotipo de impresi\u00f3n en botellas de vidrio de 750 ml, OEM es muy bienvenida.<\/li>\n<li>Las botellas de vidrio esmerilado se est\u00e1n popularizando para las botellas de vodka.<\/li>\n<li>El grabado en relieve se utiliza ampliamente para botellas de vodka, botellas de brandy, botellas de tequila y otras bebidas espirituosas. Estampamos o grabamos el nombre de la marca o el logotipo del cliente directamente en el vidrio, lo que significa que el molde es propiedad de la destiler\u00eda.<\/li>\n<li>La galvanoplastia aporta una sensaci\u00f3n de brillo y luminosidad a las botellas de vidrio. Este tipo de botellas suelen tener un coste elevado y se destinan a los mercados de gama alta.<\/li>\n<\/ul>\n<h4><strong>Shi<\/strong><strong>pping\/Informaci\u00f3n de carga<\/strong><\/h4>\n<p>Como una de las mayores f\u00e1bricas de botellas de vidrio en China, suministramos suficiente stock de botellas de venta caliente, en su mayor\u00eda son nuestras botellas de vidrio est\u00e1ndar. Por lo tanto, los 7-10 d\u00edas de entrega de pedidos urgentes est\u00e1n disponibles para las temporadas de venta caliente, como la venta de Navidad y A\u00f1o Nuevo venta.<\/p>\n<ul>\n<li>Con m\u00e1s de 10 a\u00f1os de experiencia en la fabricaci\u00f3n de botellas de vidrio, hemos desarrollado miles de modelos de botellas de vidrio. Tenemos diferentes tipos de dise\u00f1os de botellas para la elecci\u00f3n del cliente, la mayor\u00eda de los clientes pueden encontrar sus botellas de vidrio favorito de HIKING existen botellas, que est\u00e1n listos molde. El plazo de entrega para este tipo de pedidos es de 25-30 d\u00edas.<\/li>\n<li>Algunas empresas de destilaci\u00f3n poseen sus botellas de licor exclusivas. De esta manera, si nos proporciona el dibujo de la botella de vidrio, o la muestra de la botella de vidrio, incluso una foto de la botella de vidrio, desarrollaremos o copiaremos una misma botella de vidrio. El plazo de entrega del molde es de 15 d\u00edas.<\/li>\n<\/ul>\n<h4><strong>Envasado de botellas de vidrio<\/strong><\/h4>\n<ul>\n<li>El envase de cart\u00f3n est\u00e1ndar se utiliza para las botellas de vidrio en la impresi\u00f3n. Hay clapboard para evitar la fricci\u00f3n.<\/li>\n<li>El embalaje en paletas es una forma f\u00e1cil de manipular la carga y descarga de botellas de vidrio. Tambi\u00e9n es el m\u00e9todo de envasado m\u00e1s econ\u00f3mico para las botellas de bebidas espirituosas.<\/li>\n<li>El envasado en cajas de colores personalizadas es el m\u00e1s complicado de los envases de botellas de vidrio. Los clientes proporcionan las ilustraciones de la caja, la empresa de botellas de vidrio proporciona botellas y cajas, que son reutilizables despu\u00e9s del llenado.<\/li>\n<\/ul>\n<figure id=\"attachment_4365\" aria-describedby=\"caption-attachment-4365\" style=\"width: 1776px\" class=\"wp-caption aligncenter\"><img loading=\"lazy\" decoding=\"async\" class=\"wp-image-4365 size-full\" src=\"https:\/\/glassbottlesmanufacturer.com\/wp-content\/uploads\/2018\/02\/heise-1.png\" alt=\"Proveedor de botellas de vidrio - HIKING GLASS\" width=\"1776\" height=\"712\" srcset=\"https:\/\/glassbottlesmanufacturer.com\/wp-content\/uploads\/2018\/02\/heise-1.png 1776w, https:\/\/glassbottlesmanufacturer.com\/wp-content\/uploads\/2018\/02\/heise-1-600x241.png 600w, https:\/\/glassbottlesmanufacturer.com\/wp-content\/uploads\/2018\/02\/heise-1-300x120.png 300w, https:\/\/glassbottlesmanufacturer.com\/wp-content\/uploads\/2018\/02\/heise-1-768x308.png 768w, https:\/\/glassbottlesmanufacturer.com\/wp-content\/uploads\/2018\/02\/heise-1-1024x411.png 1024w\" sizes=\"auto, (max-width: 1776px) 100vw, 1776px\" \/><figcaption id=\"caption-attachment-4365\" class=\"wp-caption-text\">Proveedor de botellas de vidrio - HIKING GLASS<\/figcaption><\/figure>\n<p><!--more--><\/p>\n<h4>CONSEJOS de BOTELLAS DE VIDRIO<\/h4>\n<p>Cu\u00e1les son las causas Defectos del cuello de la botella (1) Inclinaci\u00f3n del cuello de la botella (cabeza). La boca de la botella comienza a inclinarse lateralmente desde el cuello. La temperatura de la gota es demasiado alta. El troquel est\u00e1 demasiado caliente. El centro de transferencia no es correcto. El cabezal de soplado no es plano o est\u00e1 desplazado del centro del molde. El tiempo de soplado es demasiado corto o la presi\u00f3n no es suficiente. Las abrazaderas de las botellas no son iguales a los moldes. La pinza de la botella no est\u00e1 horizontal o la botella de la pinza est\u00e1 demasiado perforada. El molde est\u00e1 demasiado caliente o el molde es inestable. (2) Rebabas en el cuello de botella. Rebabas de vidrio afiladas en la uni\u00f3n del cuello de la botella y la boca de la botella. La temperatura de la boca de la botella es demasiado alta. Control inadecuado del material. El troquel no est\u00e1 correctamente acoplado con el troquel primario. El troquel o la masilla del troquel primario es demasiado, el troquel inicial no est\u00e1 bien ajustado. El troquel y el troquel primario se desgastan demasiado.<\/p>\n<h4>COMPRUEBE C\u00d3MO SE FABRICAN LAS BOTELLAS DE VIDRIO CON UNA M\u00c1QUINA TOTALMENTE AUTOM\u00c1TICA<\/h4>\n<div style=\"width: 720px;\" class=\"wp-video\"><video class=\"wp-video-shortcode\" id=\"video-4394-1\" width=\"720\" height=\"404\" preload=\"metadata\" controls=\"controls\"><source type=\"video\/mp4\" src=\"https:\/\/glassbottlesmanufacturer.com\/wp-content\/uploads\/2018\/02\/HIKING-GLASS-\u8c37\u6b4c\u89c6\u9891.mp4?_=1\" \/><a href=\"https:\/\/glassbottlesmanufacturer.com\/wp-content\/uploads\/2018\/02\/HIKING-GLASS-\u8c37\u6b4c\u89c6\u9891.mp4\">https:\/\/glassbottlesmanufacturer.com\/wp-content\/uploads\/2018\/02\/HIKING-GLASS-\u8c37\u6b4c\u89c6\u9891.mp4<\/a><\/video><\/div>\n\n<div class=\"wpcf7 no-js\" id=\"wpcf7-f19-o1\" lang=\"en-US\" dir=\"ltr\" data-wpcf7-id=\"19\">\n<div class=\"screen-reader-response\"><p role=\"status\" aria-live=\"polite\" aria-atomic=\"true\"><\/p> <ul><\/ul><\/div>\n<form action=\"\/es\/wp-json\/wp\/v2\/product\/4394#wpcf7-f19-o1\" method=\"post\" class=\"wpcf7-form init\" aria-label=\"Contact form\" novalidate=\"novalidate\" data-status=\"init\" data-trp-original-action=\"\/es\/wp-json\/wp\/v2\/product\/4394#wpcf7-f19-o1\">\n<fieldset class=\"hidden-fields-container\"><input type=\"hidden\" name=\"_wpcf7\" value=\"19\" \/><input type=\"hidden\" name=\"_wpcf7_version\" value=\"6.1.5\" \/><input type=\"hidden\" name=\"_wpcf7_locale\" value=\"en_US\" \/><input type=\"hidden\" name=\"_wpcf7_unit_tag\" value=\"wpcf7-f19-o1\" \/><input type=\"hidden\" name=\"_wpcf7_container_post\" value=\"0\" \/><input type=\"hidden\" name=\"_wpcf7_posted_data_hash\" value=\"\" \/><input type=\"hidden\" name=\"_wpcf7dtx_version\" value=\"5.0.5\" \/>\n<\/fieldset>\n<p hidden><span class=\"wpcf7-form-control-wrap dynamictext-312\" data-name=\"dynamictext-312\"><input type=\"text\" name=\"dynamictext-312\" class=\"wpcf7-form-control wpcf7-text wpcf7dtx wpcf7dtx-text\" aria-invalid=\"false\" value=\"BAR TOP FINISH LONG NECK 750ML RUM BOTTLE\"><\/span>\n<\/p>\n<p><span class=\"wpcf7-form-control-wrap\" data-name=\"your-name\"><input size=\"40\" maxlength=\"400\" class=\"wpcf7-form-control wpcf7-text wpcf7-validates-as-required\" aria-required=\"true\" aria-invalid=\"false\" placeholder=\"Su nombre\" value=\"\" type=\"text\" name=\"your-name\" \/><\/span>\n<\/p>\n<p><span class=\"wpcf7-form-control-wrap\" data-name=\"your-email\"><input size=\"40\" maxlength=\"400\" class=\"wpcf7-form-control wpcf7-email wpcf7-validates-as-required wpcf7-text wpcf7-validates-as-email\" aria-required=\"true\" aria-invalid=\"false\" placeholder=\"Su correo electr\u00f3nico\" value=\"\" type=\"email\" name=\"your-email\" \/><\/span>\n<\/p>\n<p><span class=\"wpcf7-form-control-wrap\" data-name=\"your-subject\"><input size=\"40\" maxlength=\"400\" class=\"wpcf7-form-control wpcf7-text wpcf7-validates-as-required\" aria-required=\"true\" aria-invalid=\"false\" placeholder=\"Asunto del mensaje\" value=\"\" type=\"text\" name=\"your-subject\" \/><\/span>\n<\/p>\n<p><span class=\"wpcf7-form-control-wrap\" data-name=\"your-message\"><textarea cols=\"40\" rows=\"10\" maxlength=\"2000\" class=\"wpcf7-form-control wpcf7-textarea\" aria-invalid=\"false\" placeholder=\"Escriba aqu\u00ed su mensaje...\" name=\"your-message\"><\/textarea><\/span>\n<\/p>\n<div style=\"display:none\">\n\t<p><span class=\"wpcf7-form-control-wrap form-url\" data-name=\"form-url\"><input type=\"text\" name=\"form-url\" class=\"wpcf7-form-control wpcf7-text wpcf7dtx wpcf7dtx-text\" aria-invalid=\"false\" value=\"https:\/\/glassbottlesmanufacturer.com\/es\/es\/wp-json\/wp\/v2\/product\/4394\"><\/span>\n\t<\/p>\n<\/div>\n<div style=\"margin-bottom:10px;\">\n\t<p><span class=\"wpcf7-form-control-wrap kc_captcha\" data-name=\"kc_captcha\"><span class=\"wpcf7-form-control wpcf7-radio\"><span class=\"captcha-image\" ><span class=\"cf7ic_instructions\">Please prove you are human by selecting the<span> tree<\/span>.<\/span><label><input aria-label=\"1\" type=\"radio\" name=\"kc_captcha\" value=\"bot\" \/><svg aria-hidden=\"true\" role=\"img\" xmlns=\"http:\/\/www.w3.org\/2000\/svg\" viewbox=\"0 0 576 512\"><path fill=\"currentColor\" d=\"M259 18l-65 132-146 22c-26 3-37 36-18 54l106 103-25 146c-5 26 23 46 46 33l131-68 131 68c23 13 51-7 46-33l-25-146 106-103c19-18 8-51-18-54l-146-22-65-132a32 32 0 00-58 0z\"\/><\/svg><\/label><label><input aria-label=\"2\" type=\"radio\" name=\"kc_captcha\" value=\"bot\" \/><svg aria-hidden=\"true\" role=\"img\" xmlns=\"http:\/\/www.w3.org\/2000\/svg\" viewbox=\"0 0 512 512\"><path fill=\"currentColor\" d=\"M500 168h-55l-8-21a127 127 0 00-120-83H195a127 127 0 00-120 83l-8 21H12c-8 0-14 8-11 16l8 24a12 12 0 0011 8h29a64 64 0 00-33 56v48c0 16 6 31 16 42v62c0 13 11 24 24 24h48c13 0 24-11 24-24v-40h256v40c0 13 11 24 24 24h48c13 0 24-11 24-24v-62c10-11 16-26 16-42v-48c0-24-13-45-33-56h29a12 12 0 0011-8l8-24c3-8-3-16-11-16zm-365 2c9-25 33-42 60-42h122c27 0 51 17 60 42l15 38H120l15-38zM88 328a32 32 0 010-64c18 0 48 30 48 48s-30 16-48 16zm336 0c-18 0-48 2-48-16s30-48 48-48 32 14 32 32-14 32-32 32z\"\/><\/svg><\/label><label><input aria-label=\"3\" type=\"radio\" name=\"kc_captcha\" value=\"kc_human\" \/><svg aria-hidden=\"true\" role=\"img\" xmlns=\"http:\/\/www.w3.org\/2000\/svg\" viewbox=\"0 0 384 512\"><path fill=\"currentColor\" d=\"M377 375l-83-87h34c21 0 32-25 17-40l-82-88h33c21 0 32-25 18-40L210 8c-10-11-26-11-36 0L70 120c-14 15-3 40 18 40h33l-82 88c-15 15-4 40 17 40h34L7 375c-15 16-4 41 17 41h120c0 33-11 49-34 68-12 9-5 28 10 28h144c15 0 22-19 10-28-20-16-34-32-34-68h120c21 0 32-25 17-41z\"\/><\/svg><\/label>\r\n    <\/span>\r\n    <span style=\"display:none\">\r\n        <input type=\"text\" name=\"kc_honeypot\">\r\n    <\/span><\/span><\/span>\n\t<\/p>\n<\/div>\n<p><input class=\"wpcf7-form-control wpcf7-submit has-spinner\" type=\"submit\" value=\"Env\u00ede su mensaje\" \/>\n<\/p><p style=\"display: none !important;\" class=\"akismet-fields-container\" data-prefix=\"_wpcf7_ak_\"><label>&#916;<textarea name=\"_wpcf7_ak_hp_textarea\" cols=\"45\" rows=\"8\" maxlength=\"100\"><\/textarea><\/label><input type=\"hidden\" id=\"ak_js_1\" name=\"_wpcf7_ak_js\" value=\"61\"\/><script>document.getElementById( \"ak_js_1\" ).setAttribute( \"value\", ( new Date() ).getTime() );<\/script><\/p><div class=\"wpcf7-response-output\" aria-hidden=\"true\"><\/div>\n<input type=\"hidden\" name=\"trp-form-language\" value=\"es\"\/><\/form>\n<\/div>","protected":false},"excerpt":{"rendered":"<table id=\"tablepress-127\" class=\"tablepress tablepress-id-127\">\n<thead>\n<tr class=\"row-1\">\n\t<th class=\"column-1\">NOMBRE DEL PRODUCTO<\/th><th class=\"column-2\">BOTELLA DE RON BAR TOP FINISH CUELLO LARGO 750ML<\/th>\n<\/tr>\n<\/thead>\n<tbody class=\"row-striping row-hover\">\n<tr class=\"row-2\">\n\t<td class=\"column-1\">REFERENCIA<\/td><td class=\"column-2\">HK-006<\/td>\n<\/tr>\n<tr class=\"row-3\">\n\t<td class=\"column-1\">COLORES DEL VIDRIO<\/td><td class=\"column-2\">SUPERPEDERNAL \/ EXTRAPEDERNAL BLANCO<\/td>\n<\/tr>\n<tr class=\"row-4\">\n\t<td class=\"column-1\">FORMA DE LA BOTELLA<\/td><td class=\"column-2\">Forma redonda<\/td>\n<\/tr>\n<tr class=\"row-5\">\n\t<td class=\"column-1\">ACABADO<\/td><td class=\"column-2\">Bar Top<\/td>\n<\/tr>\n<tr class=\"row-6\">\n\t<td class=\"column-1\">DI\u00c1METRO DEL ORIFICIO DE ENTRADA<\/td><td class=\"column-2\">21,5 mm<\/td>\n<\/tr>\n<tr class=\"row-7\">\n\t<td class=\"column-1\">ESPESOR DE LA BASE DE VIDRIO<\/td><td class=\"column-2\">20,2 mm<\/td>\n<\/tr>\n<tr class=\"row-8\">\n\t<td class=\"column-1\">ALTURA DE LA BOTELLA<\/td><td class=\"column-2\">273 mm<\/td>\n<\/tr>\n<tr class=\"row-9\">\n\t<td class=\"column-1\">LONGITUD<\/td><td class=\"column-2\">108,3 mm<\/td>\n<\/tr>\n<tr class=\"row-10\">\n\t<td class=\"column-1\">Peso<\/td><td class=\"column-2\">680g<\/td>\n<\/tr>\n<\/tbody>\n<\/table>\n<!-- #tablepress-127 from cache -->","protected":false},"featured_media":4397,"comment_status":"closed","ping_status":"closed","template":"","meta":[],"product_brand":[],"product_cat":[68],"product_tag":[],"class_list":{"0":"post-4394","1":"product","2":"type-product","3":"status-publish","4":"has-post-thumbnail","6":"product_cat-750ml-glass-bottles","7":"entry","8":"has-media","10":"first","11":"instock","12":"shipping-taxable","13":"product-type-simple"},"_links":{"self":[{"href":"https:\/\/glassbottlesmanufacturer.com\/es\/wp-json\/wp\/v2\/product\/4394","targetHints":{"allow":["GET"]}}],"collection":[{"href":"https:\/\/glassbottlesmanufacturer.com\/es\/wp-json\/wp\/v2\/product"}],"about":[{"href":"https:\/\/glassbottlesmanufacturer.com\/es\/wp-json\/wp\/v2\/types\/product"}],"replies":[{"embeddable":true,"href":"https:\/\/glassbottlesmanufacturer.com\/es\/wp-json\/wp\/v2\/comments?post=4394"}],"wp:featuredmedia":[{"embeddable":true,"href":"https:\/\/glassbottlesmanufacturer.com\/es\/wp-json\/wp\/v2\/media\/4397"}],"wp:attachment":[{"href":"https:\/\/glassbottlesmanufacturer.com\/es\/wp-json\/wp\/v2\/media?parent=4394"}],"wp:term":[{"taxonomy":"product_brand","embeddable":true,"href":"https:\/\/glassbottlesmanufacturer.com\/es\/wp-json\/wp\/v2\/product_brand?post=4394"},{"taxonomy":"product_cat","embeddable":true,"href":"https:\/\/glassbottlesmanufacturer.com\/es\/wp-json\/wp\/v2\/product_cat?post=4394"},{"taxonomy":"product_tag","embeddable":true,"href":"https:\/\/glassbottlesmanufacturer.com\/es\/wp-json\/wp\/v2\/product_tag?post=4394"}],"curies":[{"name":"wp","href":"https:\/\/api.w.org\/{rel}","templated":true}]}}