{"id":4407,"date":"2018-03-16T06:36:40","date_gmt":"2018-03-16T06:36:40","guid":{"rendered":"https:\/\/glassbottlesmanufacturer.com\/?post_type=product&#038;p=4407"},"modified":"2018-03-27T08:38:38","modified_gmt":"2018-03-27T08:38:38","slug":"extra-white-flint-long-neck-gin-use-750ml-spirit-bottles","status":"publish","type":"product","link":"https:\/\/glassbottlesmanufacturer.com\/es\/venta-al-por-mayor\/extra-white-flint-long-neck-gin-use-750ml-spirit-bottles\/","title":{"rendered":"La ginebra extra white flint de cuello largo utiliza botellas de 750 ml de aguardiente"},"content":{"rendered":"<p>HK-009 the hot sale 750ml spirit bottles , which was customized by one of our client, there is a round embossed logo in the front. The long neck like a gentle man noble and handsome. Like HIKING GLASS other bottles, this one is also produced use extra white flint material.<\/p>\n<figure id=\"attachment_4368\" aria-describedby=\"caption-attachment-4368\" style=\"width: 980px\" class=\"wp-caption aligncenter\"><img loading=\"lazy\" decoding=\"async\" class=\"wp-image-4368 size-large\" src=\"https:\/\/glassbottlesmanufacturer.com\/wp-content\/uploads\/2018\/02\/Glass-Bottle-Supplier-1024x411.jpg\" alt=\"Proveedor de botellas de licor\" width=\"980\" height=\"393\" srcset=\"https:\/\/glassbottlesmanufacturer.com\/wp-content\/uploads\/2018\/02\/Glass-Bottle-Supplier-1024x411.jpg 1024w, https:\/\/glassbottlesmanufacturer.com\/wp-content\/uploads\/2018\/02\/Glass-Bottle-Supplier-600x241.jpg 600w, https:\/\/glassbottlesmanufacturer.com\/wp-content\/uploads\/2018\/02\/Glass-Bottle-Supplier-300x120.jpg 300w, https:\/\/glassbottlesmanufacturer.com\/wp-content\/uploads\/2018\/02\/Glass-Bottle-Supplier-768x308.jpg 768w, https:\/\/glassbottlesmanufacturer.com\/wp-content\/uploads\/2018\/02\/Glass-Bottle-Supplier.jpg 1776w\" sizes=\"auto, (max-width: 980px) 100vw, 980px\" \/><figcaption id=\"caption-attachment-4368\" class=\"wp-caption-text\">Proveedor de botellas de licor - HIKING GLASS<\/figcaption><\/figure>\n<h4>Check other 750ml spirit bottles<\/h4>\n<figure id=\"attachment_4401\" aria-describedby=\"caption-attachment-4401\" style=\"width: 1740px\" class=\"wp-caption aligncenter\"><img loading=\"lazy\" decoding=\"async\" class=\"size-full wp-image-4401\" src=\"https:\/\/glassbottlesmanufacturer.com\/wp-content\/uploads\/2018\/03\/Similar-cognac-bottle.jpg\" alt=\"Botella de vodka de 750 ml\" width=\"1740\" height=\"700\" srcset=\"https:\/\/glassbottlesmanufacturer.com\/wp-content\/uploads\/2018\/03\/Similar-cognac-bottle.jpg 1740w, https:\/\/glassbottlesmanufacturer.com\/wp-content\/uploads\/2018\/03\/Similar-cognac-bottle-600x241.jpg 600w, https:\/\/glassbottlesmanufacturer.com\/wp-content\/uploads\/2018\/03\/Similar-cognac-bottle-300x121.jpg 300w, https:\/\/glassbottlesmanufacturer.com\/wp-content\/uploads\/2018\/03\/Similar-cognac-bottle-768x309.jpg 768w, https:\/\/glassbottlesmanufacturer.com\/wp-content\/uploads\/2018\/03\/Similar-cognac-bottle-1024x412.jpg 1024w\" sizes=\"auto, (max-width: 1740px) 100vw, 1740px\" \/><figcaption id=\"caption-attachment-4401\" class=\"wp-caption-text\">Botella de vodka de 750 ml<\/figcaption><\/figure>\n<h4><strong>Aplicaci\u00f3n decorativa<\/strong><\/h4>\n<ul>\n<li>Calcoman\u00eda y logotipo de impresi\u00f3n en botellas de vidrio de 750 ml, OEM es muy bienvenida.<\/li>\n<li>Las botellas de vidrio esmerilado se est\u00e1n popularizando para las botellas de vodka.<\/li>\n<li>El grabado en relieve se utiliza ampliamente para botellas de vodka, botellas de brandy, botellas de tequila y otras bebidas espirituosas. Estampamos o grabamos el nombre de la marca o el logotipo del cliente directamente en el vidrio, lo que significa que el molde es propiedad de la destiler\u00eda.<\/li>\n<li>La galvanoplastia aporta una sensaci\u00f3n de brillo y luminosidad a las botellas de vidrio. Este tipo de botellas suelen tener un coste elevado y se destinan a los mercados de gama alta.<\/li>\n<\/ul>\n<h4><strong>Shi<\/strong><strong>pping\/Informaci\u00f3n de carga<\/strong><\/h4>\n<p>Como una de las mayores f\u00e1bricas de botellas de vidrio en China, suministramos suficiente stock de botellas de venta caliente, en su mayor\u00eda son nuestras botellas de vidrio est\u00e1ndar. Por lo tanto, los 7-10 d\u00edas de entrega de pedidos urgentes est\u00e1n disponibles para las temporadas de venta caliente, como la venta de Navidad y A\u00f1o Nuevo venta.<\/p>\n<ul>\n<li>Con m\u00e1s de 10 a\u00f1os de experiencia en la fabricaci\u00f3n de botellas de vidrio, hemos desarrollado miles de modelos de botellas de vidrio. Tenemos diferentes tipos de dise\u00f1os de botellas para la elecci\u00f3n del cliente, la mayor\u00eda de los clientes pueden encontrar sus botellas de vidrio favorito de HIKING existen botellas, que est\u00e1n listos molde. El plazo de entrega para este tipo de pedidos es de 25-30 d\u00edas.<\/li>\n<li>Algunas empresas de destilaci\u00f3n poseen sus botellas de licor exclusivas. De esta manera, si nos proporciona el dibujo de la botella de vidrio, o la muestra de la botella de vidrio, incluso una foto de la botella de vidrio, desarrollaremos o copiaremos una misma botella de vidrio. El plazo de entrega del molde es de 15 d\u00edas.<\/li>\n<\/ul>\n<h4><strong>Envasado de botellas de vidrio<\/strong><\/h4>\n<ul>\n<li>El envase de cart\u00f3n est\u00e1ndar se utiliza para las botellas de vidrio en la impresi\u00f3n. Hay clapboard para evitar la fricci\u00f3n.<\/li>\n<li>El embalaje en paletas es una forma f\u00e1cil de manipular la carga y descarga de botellas de vidrio. Tambi\u00e9n es el m\u00e9todo de envasado m\u00e1s econ\u00f3mico para las botellas de bebidas espirituosas.<\/li>\n<li>El envasado en cajas de colores personalizadas es el m\u00e1s complicado de los envases de botellas de vidrio. Los clientes proporcionan las ilustraciones de la caja, la empresa de botellas de vidrio proporciona botellas y cajas, que son reutilizables despu\u00e9s del llenado.<\/li>\n<\/ul>\n<figure id=\"attachment_4365\" aria-describedby=\"caption-attachment-4365\" style=\"width: 1776px\" class=\"wp-caption aligncenter\"><img loading=\"lazy\" decoding=\"async\" class=\"wp-image-4365 size-full\" src=\"https:\/\/glassbottlesmanufacturer.com\/wp-content\/uploads\/2018\/02\/heise-1.png\" alt=\"Proveedor de botellas de vidrio - HIKING GLASS\" width=\"1776\" height=\"712\" srcset=\"https:\/\/glassbottlesmanufacturer.com\/wp-content\/uploads\/2018\/02\/heise-1.png 1776w, https:\/\/glassbottlesmanufacturer.com\/wp-content\/uploads\/2018\/02\/heise-1-600x241.png 600w, https:\/\/glassbottlesmanufacturer.com\/wp-content\/uploads\/2018\/02\/heise-1-300x120.png 300w, https:\/\/glassbottlesmanufacturer.com\/wp-content\/uploads\/2018\/02\/heise-1-768x308.png 768w, https:\/\/glassbottlesmanufacturer.com\/wp-content\/uploads\/2018\/02\/heise-1-1024x411.png 1024w\" sizes=\"auto, (max-width: 1776px) 100vw, 1776px\" \/><figcaption id=\"caption-attachment-4365\" class=\"wp-caption-text\">Proveedor de botellas de vidrio - HIKING GLASS<\/figcaption><\/figure>\n<p><!--more--><\/p>\n<h4>CONSEJOS de BOTELLAS DE VIDRIO<\/h4>\n<p>Los puntos clave de la inspecci\u00f3n de botellas de vidrio.<\/p>\n<p>Second, the first samples test<\/p>\n<p>1. Before the bottles into the annealing line, we pick out the first 10-30 pcs produced glass bottles to do inspection. each mold pick out 2 &#8211; 3 bottles for size inspection, focused on the mouth size; Inner and outer diameter of the mouth; whether the base embossed lettering is correct and clear; whether the bottle pattern is correct.<\/p>\n<p>2. When the bottle emerges from the annealing line, the quality inspection leader will limit the number of molded products to two to three. The inspection shall be carried out in all aspects of the drawings, with the emphasis on capacity measurement in addition to the above. Weight measurement, the inner and outer diameter of the mouth, if necessary, fill the bottle with water, use the cover provided by the customer for physical assembly, and check whether the cover can be placed in place or not. And for internal pressure, internal stress, acid and alkali resistance test.<\/p>\n<h4>COMPRUEBE C\u00d3MO SE FABRICAN LAS BOTELLAS DE VIDRIO CON UNA M\u00c1QUINA TOTALMENTE AUTOM\u00c1TICA<\/h4>\n<div style=\"width: 720px;\" class=\"wp-video\"><video class=\"wp-video-shortcode\" id=\"video-4407-1\" width=\"720\" height=\"404\" preload=\"metadata\" controls=\"controls\"><source type=\"video\/mp4\" src=\"https:\/\/glassbottlesmanufacturer.com\/wp-content\/uploads\/2018\/02\/HIKING-GLASS-\u8c37\u6b4c\u89c6\u9891.mp4?_=1\" \/><a href=\"https:\/\/glassbottlesmanufacturer.com\/wp-content\/uploads\/2018\/02\/HIKING-GLASS-\u8c37\u6b4c\u89c6\u9891.mp4\">https:\/\/glassbottlesmanufacturer.com\/wp-content\/uploads\/2018\/02\/HIKING-GLASS-\u8c37\u6b4c\u89c6\u9891.mp4<\/a><\/video><\/div>\n<div>\n<div class=\"wpcf7 no-js\" id=\"wpcf7-f19-o1\" lang=\"en-US\" dir=\"ltr\" data-wpcf7-id=\"19\">\n<div class=\"screen-reader-response\"><p role=\"status\" aria-live=\"polite\" aria-atomic=\"true\"><\/p> <ul><\/ul><\/div>\n<form action=\"\/es\/wp-json\/wp\/v2\/product\/4407#wpcf7-f19-o1\" method=\"post\" class=\"wpcf7-form init\" aria-label=\"Contact form\" novalidate=\"novalidate\" data-status=\"init\" data-trp-original-action=\"\/es\/wp-json\/wp\/v2\/product\/4407#wpcf7-f19-o1\">\n<fieldset class=\"hidden-fields-container\"><input type=\"hidden\" name=\"_wpcf7\" value=\"19\" \/><input type=\"hidden\" name=\"_wpcf7_version\" value=\"6.1.5\" \/><input type=\"hidden\" name=\"_wpcf7_locale\" value=\"en_US\" \/><input type=\"hidden\" name=\"_wpcf7_unit_tag\" value=\"wpcf7-f19-o1\" \/><input type=\"hidden\" name=\"_wpcf7_container_post\" value=\"0\" \/><input type=\"hidden\" name=\"_wpcf7_posted_data_hash\" value=\"\" \/><input type=\"hidden\" name=\"_wpcf7dtx_version\" value=\"5.0.5\" \/>\n<\/fieldset>\n<p hidden><span class=\"wpcf7-form-control-wrap dynamictext-312\" data-name=\"dynamictext-312\"><input type=\"text\" name=\"dynamictext-312\" class=\"wpcf7-form-control wpcf7-text wpcf7dtx wpcf7dtx-text\" aria-invalid=\"false\" value=\"Extra white flint long neck gin use 750ml spirit bottles\"><\/span>\n<\/p>\n<p><span class=\"wpcf7-form-control-wrap\" data-name=\"your-name\"><input size=\"40\" maxlength=\"400\" class=\"wpcf7-form-control wpcf7-text wpcf7-validates-as-required\" aria-required=\"true\" aria-invalid=\"false\" placeholder=\"Su nombre\" value=\"\" type=\"text\" name=\"your-name\" \/><\/span>\n<\/p>\n<p><span class=\"wpcf7-form-control-wrap\" data-name=\"your-email\"><input size=\"40\" maxlength=\"400\" class=\"wpcf7-form-control wpcf7-email wpcf7-validates-as-required wpcf7-text wpcf7-validates-as-email\" aria-required=\"true\" aria-invalid=\"false\" placeholder=\"Su correo electr\u00f3nico\" value=\"\" type=\"email\" name=\"your-email\" \/><\/span>\n<\/p>\n<p><span class=\"wpcf7-form-control-wrap\" data-name=\"your-subject\"><input size=\"40\" maxlength=\"400\" class=\"wpcf7-form-control wpcf7-text wpcf7-validates-as-required\" aria-required=\"true\" aria-invalid=\"false\" placeholder=\"Asunto del mensaje\" value=\"\" type=\"text\" name=\"your-subject\" \/><\/span>\n<\/p>\n<p><span class=\"wpcf7-form-control-wrap\" data-name=\"your-message\"><textarea cols=\"40\" rows=\"10\" maxlength=\"2000\" class=\"wpcf7-form-control wpcf7-textarea\" aria-invalid=\"false\" placeholder=\"Escriba aqu\u00ed su mensaje...\" name=\"your-message\"><\/textarea><\/span>\n<\/p>\n<div style=\"display:none\">\n\t<p><span class=\"wpcf7-form-control-wrap form-url\" data-name=\"form-url\"><input type=\"text\" name=\"form-url\" class=\"wpcf7-form-control wpcf7-text wpcf7dtx wpcf7dtx-text\" aria-invalid=\"false\" value=\"https:\/\/glassbottlesmanufacturer.com\/es\/es\/wp-json\/wp\/v2\/product\/4407\"><\/span>\n\t<\/p>\n<\/div>\n<div style=\"margin-bottom:10px;\">\n\t<p><span class=\"wpcf7-form-control-wrap kc_captcha\" data-name=\"kc_captcha\"><span class=\"wpcf7-form-control wpcf7-radio\"><span class=\"captcha-image\" ><span class=\"cf7ic_instructions\">Please prove you are human by selecting the<span> plane<\/span>.<\/span><label><input aria-label=\"1\" type=\"radio\" name=\"kc_captcha\" value=\"bot\" \/><svg aria-hidden=\"true\" role=\"img\" xmlns=\"http:\/\/www.w3.org\/2000\/svg\" viewbox=\"0 0 640 512\"><path fill=\"currentColor\" d=\"M192 384h192c53 0 96-43 96-96h32a128 128 0 000-256H120c-13 0-24 11-24 24v232c0 53 43 96 96 96zM512 96a64 64 0 010 128h-32V96h32zm48 384H48c-47 0-61-64-36-64h584c25 0 11 64-36 64z\"\/><\/svg><\/label><label><input aria-label=\"2\" type=\"radio\" name=\"kc_captcha\" value=\"bot\" \/><svg aria-hidden=\"true\" role=\"img\" xmlns=\"http:\/\/www.w3.org\/2000\/svg\" viewbox=\"0 0 640 512\"><path fill=\"currentColor\" d=\"M624 352h-16V244c0-13-5-25-14-34L494 110c-9-9-21-14-34-14h-44V48c0-26-21-48-48-48H48C22 0 0 22 0 48v320c0 27 22 48 48 48h16a96 96 0 00192 0h128a96 96 0 00192 0h48c9 0 16-7 16-16v-32c0-9-7-16-16-16zM160 464a48 48 0 110-96 48 48 0 010 96zm320 0a48 48 0 110-96 48 48 0 010 96zm80-208H416V144h44l100 100v12z\"\/><\/svg><\/label><label><input aria-label=\"3\" type=\"radio\" name=\"kc_captcha\" value=\"kc_human\" \/><svg aria-hidden=\"true\" role=\"img\" xmlns=\"http:\/\/www.w3.org\/2000\/svg\" viewbox=\"0 0 576 512\"><path fill=\"currentColor\" d=\"M472 200H360L256 6a12 12 0 00-10-6h-58c-8 0-14 7-12 15l34 185H100l-35-58a12 12 0 00-10-6H12c-8 0-13 7-12 14l21 106L0 362c-1 7 4 14 12 14h43c4 0 8-2 10-6l35-58h110l-34 185c-2 8 4 15 12 15h58a12 12 0 0010-6l104-194h112c57 0 104-25 104-56s-47-56-104-56z\"\/><\/svg><\/label>\r\n    <\/span>\r\n    <span style=\"display:none\">\r\n        <input type=\"text\" name=\"kc_honeypot\">\r\n    <\/span><\/span><\/span>\n\t<\/p>\n<\/div>\n<p><input class=\"wpcf7-form-control wpcf7-submit has-spinner\" type=\"submit\" value=\"Env\u00ede su mensaje\" \/>\n<\/p><p style=\"display: none !important;\" class=\"akismet-fields-container\" data-prefix=\"_wpcf7_ak_\"><label>&#916;<textarea name=\"_wpcf7_ak_hp_textarea\" cols=\"45\" rows=\"8\" maxlength=\"100\"><\/textarea><\/label><input type=\"hidden\" id=\"ak_js_1\" name=\"_wpcf7_ak_js\" value=\"142\"\/><script>document.getElementById( \"ak_js_1\" ).setAttribute( \"value\", ( new Date() ).getTime() );<\/script><\/p><div class=\"wpcf7-response-output\" aria-hidden=\"true\"><\/div>\n<input type=\"hidden\" name=\"trp-form-language\" value=\"es\"\/><\/form>\n<\/div>\n<\/div>\n<p><!--5f39ae17-8c62-4a45-bc43-b32064c9388a:W3siYmxvY2tUeXBlIjoicGFyYWdyYXBoIiwic3R5bGVzIjp7ImFsaWduIjoibGVmdCIsImluZGVudCI6MCwidGV4dC1pbmRlbnQiOjAsImxpbmUtaGVpZ2h0IjoxLjc1fSwiYmxvY2tJZCI6IjQzMjItMTUyMTE4MzIwNDE4NiIsInJpY2hUZXh0Ijp7ImlzUmljaFRleHQiOnRydWUsImtlZXBMaW5lQnJlYWsiOnRydWUsImRhdGEiOlt7ImNoYXIiOiJbIn0seyJjaGFyIjoiYyJ9LHsiY2hhciI6Im8ifSx7ImNoYXIiOiJuIn0seyJjaGFyIjoidCJ9LHsiY2hhciI6ImEifSx7ImNoYXIiOiJjIn0seyJjaGFyIjoidCJ9LHsiY2hhciI6Ii0ifSx7ImNoYXIiOiJmIn0seyJjaGFyIjoibyJ9LHsiY2hhciI6InIifSx7ImNoYXIiOiJtIn0seyJjaGFyIjoiLSJ9LHsiY2hhciI6IjcifSx7ImNoYXIiOiIgIn0seyJjaGFyIjoiaSJ9LHsiY2hhciI6ImQifSx7ImNoYXIiOiI9In0seyJjaGFyIjoiXCIifSx7ImNoYXIiOiIxIn0seyJjaGFyIjoiOSJ9LHsiY2hhciI6IlwiIn0seyJjaGFyIjoiICJ9LHsiY2hhciI6InQifSx7ImNoYXIiOiJpIn0seyJjaGFyIjoidCJ9LHsiY2hhciI6ImwifSx7ImNoYXIiOiJlIn0seyJjaGFyIjoiPSJ9LHsiY2hhciI6IlwiIn0seyJjaGFyIjoiUyJ9LHsiY2hhciI6InUifSx7ImNoYXIiOiJzIn0seyJjaGFyIjoidCJ9LHsiY2hhciI6ImEifSx7ImNoYXIiOiJpIn0seyJjaGFyIjoibiJ9LHsiY2hhciI6ImEifSx7ImNoYXIiOiJiIn0seyJjaGFyIjoibCJ9LHsiY2hhciI6ImUifSx7ImNoYXIiOiIgIn0seyJjaGFyIjoiQyJ9LHsiY2hhciI6Im8ifSx7ImNoYXIiOiJuIn0seyJjaGFyIjoidCJ9LHsiY2hhciI6ImEifSx7ImNoYXIiOiJjIn0seyJjaGFyIjoidCJ9LHsiY2hhciI6IiAifSx7ImNoYXIiOiJQIn0seyJjaGFyIjoiYSJ9LHsiY2hhciI6ImcifSx7ImNoYXIiOiJlIn0seyJjaGFyIjoiXCIifSx7ImNoYXIiOiJdIn1dfX1d--><\/p>","protected":false},"excerpt":{"rendered":"<table id=\"tablepress-129\" class=\"tablepress tablepress-id-129\">\n<thead>\n<tr class=\"row-1\">\n\t<th class=\"column-1\">NOMBRE DEL PRODUCTO<\/th><th class=\"column-2\">La ginebra extra white flint de cuello largo utiliza botellas de 750 ml de aguardiente<\/th>\n<\/tr>\n<\/thead>\n<tbody class=\"row-striping row-hover\">\n<tr class=\"row-2\">\n\t<td class=\"column-1\">REFERENCIA<\/td><td class=\"column-2\">HK-009<\/td>\n<\/tr>\n<tr class=\"row-3\">\n\t<td class=\"column-1\">COLORES DEL VIDRIO<\/td><td class=\"column-2\">SUPERPEDERNAL \/ EXTRAPEDERNAL BLANCO<\/td>\n<\/tr>\n<tr class=\"row-4\">\n\t<td class=\"column-1\">FORMA DE LA BOTELLA<\/td><td class=\"column-2\">A medida<\/td>\n<\/tr>\n<tr class=\"row-5\">\n\t<td class=\"column-1\">ACABADO<\/td><td class=\"column-2\">Bar Top<\/td>\n<\/tr>\n<tr class=\"row-6\">\n\t<td class=\"column-1\">DI\u00c1METRO DEL ORIFICIO DE ENTRADA<\/td><td class=\"column-2\">19 mm<\/td>\n<\/tr>\n<tr class=\"row-7\">\n\t<td class=\"column-1\">ESPESOR DE LA BASE DE VIDRIO<\/td><td class=\"column-2\">20 mm<\/td>\n<\/tr>\n<tr class=\"row-8\">\n\t<td class=\"column-1\">ALTURA DE LA BOTELLA<\/td><td class=\"column-2\">232 mm<\/td>\n<\/tr>\n<tr class=\"row-9\">\n\t<td class=\"column-1\">Di\u00e1metro<\/td><td class=\"column-2\">76,4 mm<\/td>\n<\/tr>\n<tr class=\"row-10\">\n\t<td class=\"column-1\">Peso<\/td><td class=\"column-2\">680 g<\/td>\n<\/tr>\n<\/tbody>\n<\/table>","protected":false},"featured_media":4410,"comment_status":"closed","ping_status":"closed","template":"","meta":[],"product_brand":[],"product_cat":[68],"product_tag":[],"class_list":{"0":"post-4407","1":"product","2":"type-product","3":"status-publish","4":"has-post-thumbnail","6":"product_cat-750ml-glass-bottles","7":"entry","8":"has-media","10":"first","11":"instock","12":"shipping-taxable","13":"product-type-simple"},"_links":{"self":[{"href":"https:\/\/glassbottlesmanufacturer.com\/es\/wp-json\/wp\/v2\/product\/4407","targetHints":{"allow":["GET"]}}],"collection":[{"href":"https:\/\/glassbottlesmanufacturer.com\/es\/wp-json\/wp\/v2\/product"}],"about":[{"href":"https:\/\/glassbottlesmanufacturer.com\/es\/wp-json\/wp\/v2\/types\/product"}],"replies":[{"embeddable":true,"href":"https:\/\/glassbottlesmanufacturer.com\/es\/wp-json\/wp\/v2\/comments?post=4407"}],"wp:featuredmedia":[{"embeddable":true,"href":"https:\/\/glassbottlesmanufacturer.com\/es\/wp-json\/wp\/v2\/media\/4410"}],"wp:attachment":[{"href":"https:\/\/glassbottlesmanufacturer.com\/es\/wp-json\/wp\/v2\/media?parent=4407"}],"wp:term":[{"taxonomy":"product_brand","embeddable":true,"href":"https:\/\/glassbottlesmanufacturer.com\/es\/wp-json\/wp\/v2\/product_brand?post=4407"},{"taxonomy":"product_cat","embeddable":true,"href":"https:\/\/glassbottlesmanufacturer.com\/es\/wp-json\/wp\/v2\/product_cat?post=4407"},{"taxonomy":"product_tag","embeddable":true,"href":"https:\/\/glassbottlesmanufacturer.com\/es\/wp-json\/wp\/v2\/product_tag?post=4407"}],"curies":[{"name":"wp","href":"https:\/\/api.w.org\/{rel}","templated":true}]}}