{"id":7070,"date":"2024-05-07T00:58:38","date_gmt":"2024-05-07T00:58:38","guid":{"rendered":"https:\/\/glassbottlesmanufacturer.com\/?page_id=7070"},"modified":"2025-02-18T08:31:33","modified_gmt":"2025-02-18T08:31:33","slug":"services-sur-mesure","status":"publish","type":"page","link":"https:\/\/glassbottlesmanufacturer.com\/fr\/services-sur-mesure\/","title":{"rendered":"Services"},"content":{"rendered":"<div class=\"wpb-content-wrapper\"><div class=\"vc_row wpb_row vc_row-fluid vc_custom_1633380719894 vc_row-o-equal-height vc_row-o-content-middle vc_row-flex\"><div class=\"wpb_column vc_column_container vc_col-sm-8\"><div class=\"vc_column-inner\"><div class=\"wpb_wrapper\"><style>.vcex-heading.vcex_69e42d772b2a3{color:#546181;font-size:42px;font-family:system-ui, -apple-system, BlinkMacSystemFont, \"Segoe UI\", Roboto, \"Helvetica Neue\", Arial, \"Noto Sans\", sans-serif, \"Apple Color Emoji\", \"Segoe UI Emoji\", \"Segoe UI Symbol\", \"Noto Color Emoji\";font-weight:800;}<\/style><div class=\"vcex-heading vcex-heading-plain vcex-module wpex-heading wpex-text-2xl vcex_69e42d772b2a3\"><span class=\"vcex-heading-inner wpex-inline-block\">Des solutions personnalis\u00e9es pour votre entreprise<\/span><\/div><div class=\"vcex-spacing wpex-w-100 wpex-clear\" style=\"height:25px;\"><\/div>\n\t<div style=\"color:#3f4a67;font-size:16px;\" class=\"wpb_text_column has-custom-color wpex-child-inherit-color wpb_content_element\" >\n\t\t<div class=\"wpb_wrapper\">\n\t\t\t<p>Forts d'une solide \u00e9quipe de recherche et d\u00e9veloppement compos\u00e9e de plus de 80 professionnels qualifi\u00e9s, nous couvrons toute une gamme de sp\u00e9cialisations dans le domaine de la science et de l'ing\u00e9nierie des mat\u00e9riaux. Notre engagement est in\u00e9branlable : nous ne fournissons que les produits et les services les plus exemplaires, con\u00e7us pr\u00e9cis\u00e9ment pour r\u00e9pondre aux diverses exigences de nos clients. C'est gr\u00e2ce \u00e0 cette approche d\u00e9vou\u00e9e et int\u00e9gr\u00e9e que nous parvenons \u00e0 l'excellence et \u00e0 la satisfaction de nos clients.<\/p>\n\n\t\t<\/div>\n\t<\/div>\n<div class=\"vcex-spacing wpex-w-100 wpex-clear\" style=\"height:40px;\"><\/div><style>.vcex-button.vcex_69e42d772cd8e{background:#01b2a8;padding-block:15px;padding-inline:30px;font-size:16px;font-weight:400;}.vcex-button.vcex_69e42d772cd8e:hover{background:#4eb331!important;}<\/style><a href=\"https:\/\/glassbottlesmanufacturer.com\/fr\/contact\/\" class=\"vcex-button theme-button inline vcex_69e42d772cd8e\"><span class=\"vcex-button-inner theme-button-inner wpex-flex wpex-flex-wrap wpex-items-center wpex-justify-center\">Demande de devis<span class=\"vcex-button-icon vcex-icon-wrap theme-button-icon-right\"><span aria-hidden=\"true\" class=\"fas fa-angle-double-right\"><\/span><\/span><\/span><\/a> <div class=\"vcex-spacing wpex-w-100 wpex-clear\" style=\"height:45px;\"><\/div><style>.vcex-list_item.vcex_69e42d772d949{color:#3f4a67;font-size:15px;}.vcex-list_item.vcex_69e42d772d949 .vcex-list-item-icon-inner{color:#8599cd;font-size:1.2em;}<\/style><div class=\"vcex-list_item vcex-module wpex-m-0 wpex-max-w-100 wpex-mb-15 vcex_69e42d772d949\"><div class=\"vcex-list-item-inner wpex-inline-flex wpex-flex-no-wrap wpex-items-center\"><div class=\"vcex-list-item-icon wpex-mr-10\"><div class=\"vcex-list-item-icon-inner vcex-icon-wrap wpex-inline-flex wpex-justify-center wpex-items-center wpex-leading-none wpex-child-inherit-color\"><span class=\"wpex-icon--w far fa-check-circle\" aria-hidden=\"true\"><\/span><\/div><\/div><div class=\"vcex-list-item-text vcex-content wpex-flex-grow\">5 \u00e9toiles pour les clients<\/div><\/div><\/div><style>.vcex-list_item.vcex_69e42d772e1d0{color:#3f4a67;font-size:15px;}.vcex-list_item.vcex_69e42d772e1d0 .vcex-list-item-icon-inner{color:#8599cd;font-size:1.2em;}<\/style><div class=\"vcex-list_item vcex-module wpex-m-0 wpex-max-w-100 wpex-mb-15 vcex_69e42d772e1d0\"><div class=\"vcex-list-item-inner wpex-inline-flex wpex-flex-no-wrap wpex-items-center\"><div class=\"vcex-list-item-icon wpex-mr-10\"><div class=\"vcex-list-item-icon-inner vcex-icon-wrap wpex-inline-flex wpex-justify-center wpex-items-center wpex-leading-none wpex-child-inherit-color\"><span class=\"wpex-icon--w far fa-check-circle\" aria-hidden=\"true\"><\/span><\/div><\/div><div class=\"vcex-list-item-text vcex-content wpex-flex-grow\">Disponibilit\u00e9 24 heures sur 24 en semaine<\/div><\/div><\/div><style>.vcex-list_item.vcex_69e42d772ea51{color:#3f4a67;font-size:15px;}.vcex-list_item.vcex_69e42d772ea51 .vcex-list-item-icon-inner{color:#8599cd;font-size:1.2em;}<\/style><div class=\"vcex-list_item vcex-module wpex-m-0 wpex-max-w-100 wpex-mb-15 vcex_69e42d772ea51\"><div class=\"vcex-list-item-inner wpex-inline-flex wpex-flex-no-wrap wpex-items-center\"><div class=\"vcex-list-item-icon wpex-mr-10\"><div class=\"vcex-list-item-icon-inner vcex-icon-wrap wpex-inline-flex wpex-justify-center wpex-items-center wpex-leading-none wpex-child-inherit-color\"><span class=\"wpex-icon--w far fa-check-circle\" aria-hidden=\"true\"><\/span><\/div><\/div><div class=\"vcex-list-item-text vcex-content wpex-flex-grow\">Garantie de satisfaction 100%<\/div><\/div><\/div><\/div><\/div><\/div><div class=\"wpb_column vc_column_container vc_col-sm-4\"><div class=\"vc_column-inner\"><div class=\"wpb_wrapper\"><figure class=\"vcex-image vcex-module wpex-text-center\"><div class=\"vcex-image-inner wpex-relative wpex-inline-block\"><img width=\"2560\" height=\"2560\" src=\"https:\/\/glassbottlesmanufacturer.com\/wp-content\/uploads\/2024\/05\/IMG_26291-scaled.webp\" class=\"vcex-image-img wpex-align-middle\" alt=\"\" loading=\"lazy\" decoding=\"async\" srcset=\"https:\/\/glassbottlesmanufacturer.com\/wp-content\/uploads\/2024\/05\/IMG_26291-scaled.webp 2560w, https:\/\/glassbottlesmanufacturer.com\/wp-content\/uploads\/2024\/05\/IMG_26291-300x300.webp 300w, https:\/\/glassbottlesmanufacturer.com\/wp-content\/uploads\/2024\/05\/IMG_26291-1024x1024.webp 1024w, https:\/\/glassbottlesmanufacturer.com\/wp-content\/uploads\/2024\/05\/IMG_26291-scaled-150x150.webp 150w, https:\/\/glassbottlesmanufacturer.com\/wp-content\/uploads\/2024\/05\/IMG_26291-768x768.webp 768w, https:\/\/glassbottlesmanufacturer.com\/wp-content\/uploads\/2024\/05\/IMG_26291-1536x1536.webp 1536w, https:\/\/glassbottlesmanufacturer.com\/wp-content\/uploads\/2024\/05\/IMG_26291-2048x2048.webp 2048w, https:\/\/glassbottlesmanufacturer.com\/wp-content\/uploads\/2024\/05\/IMG_26291-600x600.webp 600w, https:\/\/glassbottlesmanufacturer.com\/wp-content\/uploads\/2024\/05\/IMG_26291-100x100.webp 100w\" sizes=\"auto, (max-width: 2560px) 100vw, 2560px\" \/><\/div><\/figure><\/div><\/div><\/div><\/div><div class=\"vc_row wpb_row vc_row-fluid vc_custom_1715587426345 wpex-vc_row-has-fill no-bottom-margins wpex-vc-reset-negative-margin\"><div class=\"wpb_column vc_column_container vc_col-sm-12\"><div class=\"vc_column-inner\"><div class=\"wpb_wrapper\"><style>.vcex-heading.vcex_69e42d77305cb{color:#4c4c4c;font-size:40px;font-family:system-ui, -apple-system, BlinkMacSystemFont, \"Segoe UI\", Roboto, \"Helvetica Neue\", Arial, \"Noto Sans\", sans-serif, \"Apple Color Emoji\", \"Segoe UI Emoji\", \"Segoe UI Symbol\", \"Noto Color Emoji\";font-weight:800;}<\/style><div class=\"vcex-heading vcex-heading-plain vcex-module wpex-heading wpex-text-2xl wpex-text-center vcex_69e42d77305cb\"><span class=\"vcex-heading-inner wpex-inline-block\">Nos services et caract\u00e9ristiques<\/span><\/div><div class=\"vcex-spacing wpex-w-100 wpex-clear\" style=\"height:20px;\"><\/div>\n\t<div style=\"text-align:center;width:1100px;\" class=\"wpb_text_column wpex-max-w-100 wpex-mx-auto wpb_content_element\" >\n\t\t<div class=\"wpb_wrapper\">\n\t\t\t<p><a href=\"https:\/\/glassbottlesmanufacturer.com\/fr\/contact\/\" target=\"_blank\" rel=\"noopener\"><span class=\"wpex-text-lg\">Un soutien complet De la conception \u00e0 la livraison, nous proposons des solutions compl\u00e8tes. Nos experts vous guideront \u00e0 travers la conception, le prototypage, la production et la logistique. Contactez-nous pour une consultation afin de commencer votre voyage vers une exp\u00e9rience d'embouteillage in\u00e9gal\u00e9e.<\/span><\/a><\/p>\n\n\t\t<\/div>\n\t<\/div>\n<\/div><\/div><\/div><\/div><div class=\"vc_row wpb_row vc_row-fluid vc_custom_1715587453164 wpex-vc_row-has-fill wpex-vc-reset-negative-margin\"><div class=\"wpb_column vc_column_container vc_col-sm-12\"><div class=\"vc_column-inner\"><div class=\"wpb_wrapper\"><div class=\"vcex-spacing wpex-w-100 wpex-clear\" style=\"height:50px;\"><\/div><style>.vcex-heading.vcex_69e42d77316af{color:#4c4c4c;font-size:30px;font-family:system-ui, -apple-system, BlinkMacSystemFont, \"Segoe UI\", Roboto, \"Helvetica Neue\", Arial, \"Noto Sans\", sans-serif, \"Apple Color Emoji\", \"Segoe UI Emoji\", \"Segoe UI Symbol\", \"Noto Color Emoji\";font-weight:800;}.vcex-heading.vcex_69e42d77316af:hover{color:#01b2a8;}<\/style><div class=\"vcex-heading vcex-heading-plain vcex-module wpex-heading wpex-text-2xl wpex-text-center vcex_69e42d77316af\"><span class=\"vcex-heading-inner wpex-inline-block\">Conception de l'emballage<\/span><\/div><figure class=\"vcex-image vcex-module wpex-text-center\"><div class=\"vcex-image-inner wpex-relative wpex-inline-block hvr hvr-shadow vc_custom_1739867487430\"><a href=\"https:\/\/glassbottlesmanufacturer.com\/fr\/a-propos-de-nous\/\"><img width=\"1422\" height=\"774\" src=\"https:\/\/glassbottlesmanufacturer.com\/wp-content\/uploads\/2024\/05\/design.webp\" class=\"vcex-image-img wpex-align-middle\" alt=\"\" loading=\"lazy\" decoding=\"async\" srcset=\"https:\/\/glassbottlesmanufacturer.com\/wp-content\/uploads\/2024\/05\/design.webp 1422w, https:\/\/glassbottlesmanufacturer.com\/wp-content\/uploads\/2024\/05\/design-300x163.webp 300w, https:\/\/glassbottlesmanufacturer.com\/wp-content\/uploads\/2024\/05\/design-1024x557.webp 1024w, https:\/\/glassbottlesmanufacturer.com\/wp-content\/uploads\/2024\/05\/design-768x418.webp 768w, https:\/\/glassbottlesmanufacturer.com\/wp-content\/uploads\/2024\/05\/design-600x327.webp 600w\" sizes=\"auto, (max-width: 1422px) 100vw, 1422px\" \/><\/a><\/div><\/figure><style>.vcex-teaser.vcex_69e42d7732a9b .vcex-teaser-heading{font-size:2em;font-family:system-ui, -apple-system, BlinkMacSystemFont, \"Segoe UI\", Roboto, \"Helvetica Neue\", Arial, \"Noto Sans\", sans-serif, \"Apple Color Emoji\", \"Segoe UI Emoji\", \"Segoe UI Symbol\", \"Noto Color Emoji\";color:#4c4c4c;font-weight:800;}<\/style><div class=\"vcex-module vcex-teaser wpex-flex wpex-flex-col wpex-shadow-lg wpex-text-center vc_custom_1717569582447 vcex_69e42d7732a9b\"><div class=\"vcex-teaser-content wpex-p-20\"><div class=\"vcex-teaser-text wpex-mt-10 wpex-last-mb-0 wpex-clr\"><p><span class=\"wpex-text-xl\">\u00a0 \u00a0 Nous transformons les dessins en produits r\u00e9els et nous les testons et les \u00e9valuons. Nous r\u00e9alisons des \u00e9chantillons d'impression 3D selon les dessins. Enfin, nous fabriquons des moules et des \u00e9chantillons de bouteilles en verre conform\u00e9ment aux dessins.<\/span><\/p>\n<p>&nbsp;<\/p>\n<p><a class=\"theme-button\" href=\"https:\/\/glassbottlesmanufacturer.com\/fr\/contact\/\">En savoir plus<\/a><\/p>\n<\/div><\/div><\/div><div class=\"vcex-spacing wpex-w-100 wpex-clear\" style=\"height:50px;\"><\/div><\/div><\/div><\/div><\/div><div class=\"vc_row wpb_row vc_row-fluid\"><div class=\"wpb_column vc_column_container vc_col-sm-3\"><div class=\"vc_column-inner\"><div class=\"wpb_wrapper\"><div class=\"vcex-spacing wpex-w-100 wpex-clear\" style=\"height:50px;\"><\/div>\n\t<div class=\"wpb_video_widget wpb_content_element vc_clearfix   vc_video-aspect-ratio-169 vc_video-el-width-100 vc_video-align-left\" >\n\t\t<div class=\"wpb_wrapper\">\n\t\t\t\n\t\t\t<div class=\"wpb_video_wrapper\"><span class=\"wpex-responsive-media\"><iframe title=\"bouteille en verre d&#039;huile d&#039;olive-emballage conteneur-verre de randonn\u00e9e-emballage\" width=\"500\" height=\"281\" src=\"https:\/\/www.youtube.com\/embed\/mWntl5rZFoA?feature=oembed\"  allow=\"accelerometer; autoplay; clipboard-write; encrypted-media; gyroscope; picture-in-picture; web-share\" referrerpolicy=\"strict-origin-when-cross-origin\" allowfullscreen><\/iframe><\/span><\/div>\n\t\t<\/div>\n\t<\/div>\n<\/div><\/div><\/div><div class=\"wpb_column vc_column_container vc_col-sm-3\"><div class=\"vc_column-inner\"><div class=\"wpb_wrapper\"><div class=\"vcex-spacing wpex-w-100 wpex-clear\" style=\"height:50px;\"><\/div>\n\t<div class=\"wpb_video_widget wpb_content_element vc_clearfix   vc_video-aspect-ratio-169 vc_video-el-width-100 vc_video-align-left\" >\n\t\t<div class=\"wpb_wrapper\">\n\t\t\t\n\t\t\t<div class=\"wpb_video_wrapper\"><span class=\"wpex-responsive-media\"><iframe title=\"bouteille en verre de gin-emballage de liqueur-emballage de gin-verre de randonn\u00e9e-emballage\" width=\"500\" height=\"281\" src=\"https:\/\/www.youtube.com\/embed\/nDcTHpRsKxU?feature=oembed\"  allow=\"accelerometer; autoplay; clipboard-write; encrypted-media; gyroscope; picture-in-picture; web-share\" referrerpolicy=\"strict-origin-when-cross-origin\" allowfullscreen><\/iframe><\/span><\/div>\n\t\t<\/div>\n\t<\/div>\n<\/div><\/div><\/div><div class=\"wpb_column vc_column_container vc_col-sm-3\"><div class=\"vc_column-inner\"><div class=\"wpb_wrapper\"><div class=\"vcex-spacing wpex-w-100 wpex-clear\" style=\"height:50px;\"><\/div>\n\t<div class=\"wpb_video_widget wpb_content_element vc_clearfix   vc_video-aspect-ratio-169 vc_video-el-width-100 vc_video-align-left\" >\n\t\t<div class=\"wpb_wrapper\">\n\t\t\t\n\t\t\t<div class=\"wpb_video_wrapper\"><span class=\"wpex-responsive-media\"><iframe title=\"\u00e9tiquette double face - s\u00e9rigraphie - \u00e9tiquette en m\u00e9tal - emballage\" width=\"500\" height=\"281\" src=\"https:\/\/www.youtube.com\/embed\/-JW9qaDEHW0?feature=oembed\"  allow=\"accelerometer; autoplay; clipboard-write; encrypted-media; gyroscope; picture-in-picture; web-share\" referrerpolicy=\"strict-origin-when-cross-origin\" allowfullscreen><\/iframe><\/span><\/div>\n\t\t<\/div>\n\t<\/div>\n<\/div><\/div><\/div><div class=\"wpb_column vc_column_container vc_col-sm-3\"><div class=\"vc_column-inner\"><div class=\"wpb_wrapper\"><div class=\"vcex-spacing wpex-w-100 wpex-clear\" style=\"height:50px;\"><\/div>\n\t<div class=\"wpb_video_widget wpb_content_element vc_clearfix   vc_video-aspect-ratio-169 vc_video-el-width-100 vc_video-align-left\" >\n\t\t<div class=\"wpb_wrapper\">\n\t\t\t\n\t\t\t<div class=\"wpb_video_wrapper\"><span class=\"wpex-responsive-media\"><iframe title=\"bouteille de vodka familiale en verre - emballage pour liqueur Randonn\u00e9e Verre\" width=\"500\" height=\"281\" src=\"https:\/\/www.youtube.com\/embed\/ein-5M_vioc?feature=oembed\"  allow=\"accelerometer; autoplay; clipboard-write; encrypted-media; gyroscope; picture-in-picture; web-share\" referrerpolicy=\"strict-origin-when-cross-origin\" allowfullscreen><\/iframe><\/span><\/div>\n\t\t<\/div>\n\t<\/div>\n<\/div><\/div><\/div><\/div>\n<\/div>","protected":false},"excerpt":{"rendered":"Customized Solutions For Your Business Boasting a robust Research and Development team of over 80 skilled professionals, we span a gamut of specializations within material science and engineering. We are unwavering in our commitment to delivering only the most exemplary products and services, designed precisely to fulfill our clients' diverse requirements. It is through this&hellip;","protected":false},"author":1,"featured_media":0,"parent":0,"menu_order":0,"comment_status":"closed","ping_status":"closed","template":"","meta":{"footnotes":""},"class_list":["post-7070","page","type-page","status-publish","hentry","entry","no-media"],"_links":{"self":[{"href":"https:\/\/glassbottlesmanufacturer.com\/fr\/wp-json\/wp\/v2\/pages\/7070","targetHints":{"allow":["GET"]}}],"collection":[{"href":"https:\/\/glassbottlesmanufacturer.com\/fr\/wp-json\/wp\/v2\/pages"}],"about":[{"href":"https:\/\/glassbottlesmanufacturer.com\/fr\/wp-json\/wp\/v2\/types\/page"}],"author":[{"embeddable":true,"href":"https:\/\/glassbottlesmanufacturer.com\/fr\/wp-json\/wp\/v2\/users\/1"}],"replies":[{"embeddable":true,"href":"https:\/\/glassbottlesmanufacturer.com\/fr\/wp-json\/wp\/v2\/comments?post=7070"}],"version-history":[{"count":19,"href":"https:\/\/glassbottlesmanufacturer.com\/fr\/wp-json\/wp\/v2\/pages\/7070\/revisions"}],"predecessor-version":[{"id":8274,"href":"https:\/\/glassbottlesmanufacturer.com\/fr\/wp-json\/wp\/v2\/pages\/7070\/revisions\/8274"}],"wp:attachment":[{"href":"https:\/\/glassbottlesmanufacturer.com\/fr\/wp-json\/wp\/v2\/media?parent=7070"}],"curies":[{"name":"wp","href":"https:\/\/api.w.org\/{rel}","templated":true}]}}