{"id":7354,"date":"2024-05-29T06:41:26","date_gmt":"2024-05-29T06:41:26","guid":{"rendered":"https:\/\/glassbottlesmanufacturer.com\/?page_id=7354"},"modified":"2024-06-05T10:00:38","modified_gmt":"2024-06-05T10:00:38","slug":"entreposage-expedition","status":"publish","type":"page","link":"https:\/\/glassbottlesmanufacturer.com\/fr\/entreposage-expedition\/","title":{"rendered":"Entreposage et exp\u00e9dition"},"content":{"rendered":"<div class=\"wpb-content-wrapper\"><div class=\"vc_row wpb_row vc_row-fluid vc_custom_1633802866801 vc_row-o-equal-height vc_row-o-content-middle vc_row-flex wpex-vc-has-custom-column-spacing wpex-vc-column-spacing-50\"><div class=\"wpb_column vc_column_container vc_col-sm-6\"><div class=\"vc_column-inner\"><div class=\"wpb_wrapper\"><style>.vcex-heading.vcex_69e1214d9010b{color:#4c4c4c;font-size:40px;font-family:system-ui, -apple-system, BlinkMacSystemFont, \"Segoe UI\", Roboto, \"Helvetica Neue\", Arial, \"Noto Sans\", sans-serif, \"Apple Color Emoji\", \"Segoe UI Emoji\", \"Segoe UI Symbol\", \"Noto Color Emoji\";font-weight:700;}.vcex-heading.vcex_69e1214d9010b:hover{color:#01b2a8;}<\/style><h2 class=\"vcex-heading vcex-heading-plain vcex-module wpex-heading wpex-text-2xl vcex_69e1214d9010b\"><span class=\"vcex-heading-inner wpex-inline-block\">Entreposage<\/span><\/h2><div class=\"vcex-spacing wpex-w-100 wpex-clear\" style=\"height:50px;\"><\/div>\n\t<div style=\"color:#222222;font-size:14px;\" class=\"wpb_text_column has-custom-color wpex-child-inherit-color wpb_content_element\" >\n\t\t<div class=\"wpb_wrapper\">\n\t\t\t<p><span class=\"wpex-text-lg\">Avec plus de 2 600 000 pieds carr\u00e9s disponibles, il nous permet de stocker plus de 2 000 articles, tout en r\u00e9servant beaucoup d'espace pour les biens des clients. Nous comprenons que beaucoup de nos clients n'ont pas assez d'espace pour stocker leur stock. Nous pouvons travailler avec vous pour d\u00e9velopper un plan d'entreposage qui r\u00e9ponde aux besoins de votre entreprise. <\/span><\/p>\n\n\t\t<\/div>\n\t<\/div>\n<div class=\"vcex-spacing wpex-w-100 wpex-clear\" style=\"height:70px;\"><\/div><style>.vcex-list_item.vcex_69e1214d91cef{color:#222222;font-size:16px;}.vcex-list_item.vcex_69e1214d91cef .vcex-list-item-icon-inner{color:#0145ff;}<\/style><div class=\"vcex-list_item vcex-module wpex-m-0 wpex-max-w-100 wpex-mb-15 vcex_69e1214d91cef\"><div class=\"vcex-list-item-inner wpex-inline-flex wpex-flex-no-wrap\"><div class=\"vcex-list-item-icon wpex-mr-10\"><div class=\"vcex-list-item-icon-inner vcex-icon-wrap wpex-inline-flex wpex-justify-center wpex-items-center wpex-leading-none wpex-child-inherit-color\"><span class=\"wpex-icon--w far fa-check-circle\" aria-hidden=\"true\"><\/span><\/div><\/div><div class=\"vcex-list-item-text vcex-content wpex-flex-grow\">Stock de s\u00e9curit\u00e9<\/div><\/div><\/div><style>.vcex-list_item.vcex_69e1214d92592{color:#222222;font-size:16px;}.vcex-list_item.vcex_69e1214d92592 .vcex-list-item-icon-inner{color:#0145ff;}<\/style><div class=\"vcex-list_item vcex-module wpex-m-0 wpex-max-w-100 wpex-mb-15 vcex_69e1214d92592\"><div class=\"vcex-list-item-inner wpex-inline-flex wpex-flex-no-wrap\"><div class=\"vcex-list-item-icon wpex-mr-10\"><div class=\"vcex-list-item-icon-inner vcex-icon-wrap wpex-inline-flex wpex-justify-center wpex-items-center wpex-leading-none wpex-child-inherit-color\"><span class=\"wpex-icon--w far fa-check-circle\" aria-hidden=\"true\"><\/span><\/div><\/div><div class=\"vcex-list-item-text vcex-content wpex-flex-grow\">Efficacit\u00e9 des commandes<\/div><\/div><\/div><style>.vcex-list_item.vcex_69e1214d92e22{color:#222222;font-size:16px;}.vcex-list_item.vcex_69e1214d92e22 .vcex-list-item-icon-inner{color:#0145ff;}<\/style><div class=\"vcex-list_item vcex-module wpex-m-0 wpex-max-w-100 wpex-mb-15 vcex_69e1214d92e22\"><div class=\"vcex-list-item-inner wpex-inline-flex wpex-flex-no-wrap\"><div class=\"vcex-list-item-icon wpex-mr-10\"><div class=\"vcex-list-item-icon-inner vcex-icon-wrap wpex-inline-flex wpex-justify-center wpex-items-center wpex-leading-none wpex-child-inherit-color\"><span class=\"wpex-icon--w far fa-check-circle\" aria-hidden=\"true\"><\/span><\/div><\/div><div class=\"vcex-list-item-text vcex-content wpex-flex-grow\">Un support technique parfait<\/div><\/div><\/div><\/div><\/div><\/div><div class=\"wpb_column vc_column_container vc_col-sm-6\"><div class=\"vc_column-inner\"><div class=\"wpb_wrapper\"><figure class=\"vcex-image vcex-module\"><div class=\"vcex-image-inner wpex-relative wpex-inline-block\"><img width=\"1485\" height=\"1262\" src=\"https:\/\/glassbottlesmanufacturer.com\/wp-content\/uploads\/2024\/05\/\u4ed3\u5e93.webp\" class=\"vcex-image-img wpex-align-middle\" alt=\"\" loading=\"lazy\" decoding=\"async\" srcset=\"https:\/\/glassbottlesmanufacturer.com\/wp-content\/uploads\/2024\/05\/\u4ed3\u5e93.webp 1485w, https:\/\/glassbottlesmanufacturer.com\/wp-content\/uploads\/2024\/05\/\u4ed3\u5e93-300x255.webp 300w, https:\/\/glassbottlesmanufacturer.com\/wp-content\/uploads\/2024\/05\/\u4ed3\u5e93-1024x870.webp 1024w, https:\/\/glassbottlesmanufacturer.com\/wp-content\/uploads\/2024\/05\/\u4ed3\u5e93-768x653.webp 768w, https:\/\/glassbottlesmanufacturer.com\/wp-content\/uploads\/2024\/05\/\u4ed3\u5e93-600x510.webp 600w\" sizes=\"auto, (max-width: 1485px) 100vw, 1485px\" \/><\/div><\/figure><\/div><\/div><\/div><\/div><div class=\"vc_row wpb_row vc_row-fluid vc_custom_1717577248449\"><div class=\"wpb_column vc_column_container vc_col-sm-4\"><div class=\"vc_column-inner\"><div class=\"wpb_wrapper\"><figure class=\"vcex-image vcex-module\"><div class=\"vcex-image-inner wpex-relative wpex-inline-block\"><img width=\"2560\" height=\"2560\" src=\"https:\/\/glassbottlesmanufacturer.com\/wp-content\/uploads\/2024\/06\/\u4ed3\u5e931-scaled.webp\" class=\"vcex-image-img wpex-align-middle\" alt=\"\" loading=\"lazy\" decoding=\"async\" srcset=\"https:\/\/glassbottlesmanufacturer.com\/wp-content\/uploads\/2024\/06\/\u4ed3\u5e931-scaled.webp 2560w, https:\/\/glassbottlesmanufacturer.com\/wp-content\/uploads\/2024\/06\/\u4ed3\u5e931-300x300.webp 300w, https:\/\/glassbottlesmanufacturer.com\/wp-content\/uploads\/2024\/06\/\u4ed3\u5e931-1024x1024.webp 1024w, https:\/\/glassbottlesmanufacturer.com\/wp-content\/uploads\/2024\/06\/\u4ed3\u5e931-150x150.webp 150w, https:\/\/glassbottlesmanufacturer.com\/wp-content\/uploads\/2024\/06\/\u4ed3\u5e931-768x768.webp 768w, https:\/\/glassbottlesmanufacturer.com\/wp-content\/uploads\/2024\/06\/\u4ed3\u5e931-1536x1536.webp 1536w, https:\/\/glassbottlesmanufacturer.com\/wp-content\/uploads\/2024\/06\/\u4ed3\u5e931-2048x2048.webp 2048w, https:\/\/glassbottlesmanufacturer.com\/wp-content\/uploads\/2024\/06\/\u4ed3\u5e931-600x600.webp 600w, https:\/\/glassbottlesmanufacturer.com\/wp-content\/uploads\/2024\/06\/\u4ed3\u5e931-100x100.webp 100w\" sizes=\"auto, (max-width: 2560px) 100vw, 2560px\" \/><\/div><\/figure><\/div><\/div><\/div><div class=\"wpb_column vc_column_container vc_col-sm-4\"><div class=\"vc_column-inner\"><div class=\"wpb_wrapper\"><figure class=\"vcex-image vcex-module\"><div class=\"vcex-image-inner wpex-relative wpex-inline-block\"><img width=\"2560\" height=\"2560\" src=\"https:\/\/glassbottlesmanufacturer.com\/wp-content\/uploads\/2024\/06\/\u5fae\u4fe1\u56fe\u7247_20240429092443-scaled.webp\" class=\"vcex-image-img wpex-align-middle\" alt=\"\" loading=\"lazy\" decoding=\"async\" srcset=\"https:\/\/glassbottlesmanufacturer.com\/wp-content\/uploads\/2024\/06\/\u5fae\u4fe1\u56fe\u7247_20240429092443-scaled.webp 2560w, https:\/\/glassbottlesmanufacturer.com\/wp-content\/uploads\/2024\/06\/\u5fae\u4fe1\u56fe\u7247_20240429092443-300x300.webp 300w, https:\/\/glassbottlesmanufacturer.com\/wp-content\/uploads\/2024\/06\/\u5fae\u4fe1\u56fe\u7247_20240429092443-1024x1024.webp 1024w, https:\/\/glassbottlesmanufacturer.com\/wp-content\/uploads\/2024\/06\/\u5fae\u4fe1\u56fe\u7247_20240429092443-150x150.webp 150w, https:\/\/glassbottlesmanufacturer.com\/wp-content\/uploads\/2024\/06\/\u5fae\u4fe1\u56fe\u7247_20240429092443-768x768.webp 768w, https:\/\/glassbottlesmanufacturer.com\/wp-content\/uploads\/2024\/06\/\u5fae\u4fe1\u56fe\u7247_20240429092443-1536x1536.webp 1536w, https:\/\/glassbottlesmanufacturer.com\/wp-content\/uploads\/2024\/06\/\u5fae\u4fe1\u56fe\u7247_20240429092443-2048x2048.webp 2048w, https:\/\/glassbottlesmanufacturer.com\/wp-content\/uploads\/2024\/06\/\u5fae\u4fe1\u56fe\u7247_20240429092443-600x600.webp 600w, https:\/\/glassbottlesmanufacturer.com\/wp-content\/uploads\/2024\/06\/\u5fae\u4fe1\u56fe\u7247_20240429092443-100x100.webp 100w\" sizes=\"auto, (max-width: 2560px) 100vw, 2560px\" \/><\/div><\/figure><\/div><\/div><\/div><div class=\"wpb_column vc_column_container vc_col-sm-4\"><div class=\"vc_column-inner\"><div class=\"wpb_wrapper\"><figure class=\"vcex-image vcex-module\"><div class=\"vcex-image-inner wpex-relative wpex-inline-block\"><img width=\"480\" height=\"480\" src=\"https:\/\/glassbottlesmanufacturer.com\/wp-content\/uploads\/2024\/06\/\u5fae\u4fe1\u56fe\u7247_202112140914301.webp\" class=\"vcex-image-img wpex-align-middle\" alt=\"\" loading=\"lazy\" decoding=\"async\" srcset=\"https:\/\/glassbottlesmanufacturer.com\/wp-content\/uploads\/2024\/06\/\u5fae\u4fe1\u56fe\u7247_202112140914301.webp 480w, https:\/\/glassbottlesmanufacturer.com\/wp-content\/uploads\/2024\/06\/\u5fae\u4fe1\u56fe\u7247_202112140914301-300x300.webp 300w, https:\/\/glassbottlesmanufacturer.com\/wp-content\/uploads\/2024\/06\/\u5fae\u4fe1\u56fe\u7247_202112140914301-150x150.webp 150w, https:\/\/glassbottlesmanufacturer.com\/wp-content\/uploads\/2024\/06\/\u5fae\u4fe1\u56fe\u7247_202112140914301-100x100.webp 100w\" sizes=\"auto, (max-width: 480px) 100vw, 480px\" \/><\/div><\/figure><\/div><\/div><\/div><\/div><div class=\"vc_row wpb_row vc_row-fluid vc_custom_1717577329690\"><div class=\"wpb_column vc_column_container vc_col-sm-4\"><div class=\"vc_column-inner\"><div class=\"wpb_wrapper\"><figure class=\"vcex-image vcex-module\"><div class=\"vcex-image-inner wpex-relative wpex-inline-block\"><img width=\"1080\" height=\"1440\" src=\"https:\/\/glassbottlesmanufacturer.com\/wp-content\/uploads\/2024\/06\/\u5fae\u4fe1\u56fe\u7247_202111011025086.jpg\" class=\"vcex-image-img wpex-align-middle\" alt=\"\" loading=\"lazy\" decoding=\"async\" srcset=\"https:\/\/glassbottlesmanufacturer.com\/wp-content\/uploads\/2024\/06\/\u5fae\u4fe1\u56fe\u7247_202111011025086.jpg 1080w, https:\/\/glassbottlesmanufacturer.com\/wp-content\/uploads\/2024\/06\/\u5fae\u4fe1\u56fe\u7247_202111011025086-225x300.jpg 225w, https:\/\/glassbottlesmanufacturer.com\/wp-content\/uploads\/2024\/06\/\u5fae\u4fe1\u56fe\u7247_202111011025086-768x1024.jpg 768w, https:\/\/glassbottlesmanufacturer.com\/wp-content\/uploads\/2024\/06\/\u5fae\u4fe1\u56fe\u7247_202111011025086-600x800.jpg 600w\" sizes=\"auto, (max-width: 1080px) 100vw, 1080px\" \/><\/div><\/figure><\/div><\/div><\/div><div class=\"wpb_column vc_column_container vc_col-sm-4\"><div class=\"vc_column-inner\"><div class=\"wpb_wrapper\"><figure class=\"vcex-image vcex-module\"><div class=\"vcex-image-inner wpex-relative wpex-inline-block\"><img width=\"1280\" height=\"1707\" src=\"https:\/\/glassbottlesmanufacturer.com\/wp-content\/uploads\/2024\/06\/\u5fae\u4fe1\u56fe\u7247_20240605161941.webp\" class=\"vcex-image-img wpex-align-middle\" alt=\"\" loading=\"lazy\" decoding=\"async\" srcset=\"https:\/\/glassbottlesmanufacturer.com\/wp-content\/uploads\/2024\/06\/\u5fae\u4fe1\u56fe\u7247_20240605161941.webp 1280w, https:\/\/glassbottlesmanufacturer.com\/wp-content\/uploads\/2024\/06\/\u5fae\u4fe1\u56fe\u7247_20240605161941-225x300.webp 225w, https:\/\/glassbottlesmanufacturer.com\/wp-content\/uploads\/2024\/06\/\u5fae\u4fe1\u56fe\u7247_20240605161941-768x1024.webp 768w, https:\/\/glassbottlesmanufacturer.com\/wp-content\/uploads\/2024\/06\/\u5fae\u4fe1\u56fe\u7247_20240605161941-1152x1536.webp 1152w, https:\/\/glassbottlesmanufacturer.com\/wp-content\/uploads\/2024\/06\/\u5fae\u4fe1\u56fe\u7247_20240605161941-600x800.webp 600w\" sizes=\"auto, (max-width: 1280px) 100vw, 1280px\" \/><\/div><\/figure><\/div><\/div><\/div><div class=\"wpb_column vc_column_container vc_col-sm-4\"><div class=\"vc_column-inner\"><div class=\"wpb_wrapper\"><figure class=\"vcex-image vcex-module\"><div class=\"vcex-image-inner wpex-relative wpex-inline-block\"><img width=\"1080\" height=\"1440\" src=\"https:\/\/glassbottlesmanufacturer.com\/wp-content\/uploads\/2024\/06\/\u5fae\u4fe1\u56fe\u7247_202111011025085-1.webp\" class=\"vcex-image-img wpex-align-middle\" alt=\"\" loading=\"lazy\" decoding=\"async\" srcset=\"https:\/\/glassbottlesmanufacturer.com\/wp-content\/uploads\/2024\/06\/\u5fae\u4fe1\u56fe\u7247_202111011025085-1.webp 1080w, https:\/\/glassbottlesmanufacturer.com\/wp-content\/uploads\/2024\/06\/\u5fae\u4fe1\u56fe\u7247_202111011025085-1-225x300.webp 225w, https:\/\/glassbottlesmanufacturer.com\/wp-content\/uploads\/2024\/06\/\u5fae\u4fe1\u56fe\u7247_202111011025085-1-768x1024.webp 768w, https:\/\/glassbottlesmanufacturer.com\/wp-content\/uploads\/2024\/06\/\u5fae\u4fe1\u56fe\u7247_202111011025085-1-600x800.webp 600w\" sizes=\"auto, (max-width: 1080px) 100vw, 1080px\" \/><\/div><\/figure><\/div><\/div><\/div><\/div><div class=\"vc_row wpb_row vc_row-fluid\"><div class=\"wpb_column vc_column_container vc_col-sm-12\"><div class=\"vc_column-inner\"><div class=\"wpb_wrapper\">\n\t<div class=\"wpb_text_column wpb_content_element\" >\n\t\t<div class=\"wpb_wrapper\">\n\t\t\t<p style=\"text-align: left;\"><strong><span class=\"wpex-text-lg\">Entreposage sophistiqu\u00e9 pour vos bouteilles en verre de qualit\u00e9 sup\u00e9rieure<\/span><\/strong><\/p>\n<p style=\"text-align: left;\"><span class=\"wpex-text-lg\">Chez Hiking Glass, nous comprenons que la bouteille parfaite pr\u00e9serve et met en valeur l'essence de son contenu. C'est pourquoi nos installations d'entreposage sont con\u00e7ues pour r\u00e9pondre aux besoins sp\u00e9cifiques des bouteilles de vin en verre. Gr\u00e2ce \u00e0 un stockage sous climat contr\u00f4l\u00e9 et \u00e0 des syst\u00e8mes de manutention de pointe, nous veillons \u00e0 ce que chaque bouteille conserve son int\u00e9grit\u00e9 depuis notre usine jusqu'\u00e0 votre \u00e9tablissement.<\/span><\/p>\n<p style=\"text-align: left;\"><strong><span class=\"wpex-text-lg\">Exp\u00e9dition experte, trait\u00e9e avec soin<\/span><\/strong><\/p>\n<p style=\"text-align: left;\"><span class=\"wpex-text-lg\">Vos bouteilles exquises m\u00e9ritent un service d'exp\u00e9dition aussi raffin\u00e9 que les produits que vous cr\u00e9ez. Nous avons perfectionn\u00e9 l'art de l'emballage et du transport de la verrerie d\u00e9licate, en proposant des solutions d'exp\u00e9dition s\u00fbres, fiables et efficaces qui prot\u00e8gent vos bouteilles \u00e0 chaque \u00e9tape du transport. Nos techniques sophistiqu\u00e9es de calage et d'emballage sont con\u00e7ues pour pr\u00e9server l'\u00e9l\u00e9gance de vos bouteilles et les livrer dans un \u00e9tat impeccable \u00e0 chaque fois.<\/span><\/p>\n<p><strong><span class=\"wpex-text-lg\">Distribution rationalis\u00e9e pour les \u00e9tablissements vinicoles du monde entier<\/span><\/strong><\/p>\n<p><span class=\"wpex-text-lg\">En tant que viticulteurs et propri\u00e9taires de caves, vous attachez de l'importance \u00e0 la pr\u00e9cision et \u00e0 l'attention. Nos services d'entreposage et d'exp\u00e9dition sp\u00e9cialis\u00e9s sont con\u00e7us pour \u00e9tendre ce m\u00eame niveau de d\u00e9tail \u00e0 vos op\u00e9rations commerciales. En vous associant \u00e0 nous, vous acc\u00e9dez \u00e0 un r\u00e9seau logistique sans faille qui garantit que vos belles bouteilles en verre sont mises en valeur sur chaque \u00e9tag\u00e8re, \u00e0 tout moment, sans risque de casse ou de retard.<\/span><\/p>\n<p><strong><span class=\"wpex-text-lg\">Logistique intelligente pour l'industrie du vin<\/span><\/strong><\/p>\n<p><span class=\"wpex-text-lg\">Am\u00e9liorez votre exp\u00e9rience logistique gr\u00e2ce \u00e0 nos syst\u00e8mes de suivi intelligents, qui vous offrent une visibilit\u00e9 totale de vos stocks 24 heures sur 24, 7 jours sur 7. Que vous vous pr\u00e9pariez pour la prochaine saison charg\u00e9e ou que vous lanciez une nouvelle gamme de bouteilles de vin, notre plateforme logistique vous permet d'\u00eatre inform\u00e9 et de garder le contr\u00f4le. Gr\u00e2ce \u00e0 des mises \u00e0 jour en temps r\u00e9el et \u00e0 des analyses pr\u00e9dictives, nous vous aidons \u00e0 anticiper la demande et \u00e0 g\u00e9rer l'offre - car lorsqu'il s'agit de vin, le timing est primordial.<\/span><\/p>\n<p><strong><span class=\"wpex-text-lg\">Un toast \u00e0 l'\u00e9panouissement sans faille<\/span><\/strong><\/p>\n<p><span class=\"wpex-text-lg\">De notre entrep\u00f4t \u00e0 la porte de votre client, nous faisons en sorte que chaque \u00e9tape compte. Notre engagement d'excellence en mati\u00e8re d'entreposage et d'exp\u00e9dition refl\u00e8te les normes \u00e9lev\u00e9es de votre entreprise. Car lorsque vos bouteilles nous sont confi\u00e9es, nous les traitons non seulement comme des produits, mais aussi comme des objets d'art et de tradition.\u00a0<\/span><\/p>\n<p><span class=\"wpex-text-lg\">Chaque paragraphe est con\u00e7u de mani\u00e8re \u00e0 refl\u00e9ter le soin et l'attention port\u00e9s aux d\u00e9tails lors de la manipulation, du stockage et de l'exp\u00e9dition des bouteilles en verre, conform\u00e9ment \u00e0 la qualit\u00e9 et \u00e0 l'attention que vos clients attendent de vos produits.<\/span><\/p>\n\n\t\t<\/div>\n\t<\/div>\n<\/div><\/div><\/div><\/div>\n<\/div>","protected":false},"excerpt":{"rendered":"Warehousing With more than 2,600,000 sq ft available, it allows us to stock over 2000+ items, while reserving plenty of space for customer property. We understand that many of our customers do not have enough space to store their inventory. We can work with you to develop a warehousing plan to meet your company\u2019s needs.&hellip;","protected":false},"author":1,"featured_media":0,"parent":0,"menu_order":0,"comment_status":"closed","ping_status":"closed","template":"","meta":{"footnotes":""},"class_list":["post-7354","page","type-page","status-publish","hentry","entry","no-media"],"_links":{"self":[{"href":"https:\/\/glassbottlesmanufacturer.com\/fr\/wp-json\/wp\/v2\/pages\/7354","targetHints":{"allow":["GET"]}}],"collection":[{"href":"https:\/\/glassbottlesmanufacturer.com\/fr\/wp-json\/wp\/v2\/pages"}],"about":[{"href":"https:\/\/glassbottlesmanufacturer.com\/fr\/wp-json\/wp\/v2\/types\/page"}],"author":[{"embeddable":true,"href":"https:\/\/glassbottlesmanufacturer.com\/fr\/wp-json\/wp\/v2\/users\/1"}],"replies":[{"embeddable":true,"href":"https:\/\/glassbottlesmanufacturer.com\/fr\/wp-json\/wp\/v2\/comments?post=7354"}],"version-history":[{"count":4,"href":"https:\/\/glassbottlesmanufacturer.com\/fr\/wp-json\/wp\/v2\/pages\/7354\/revisions"}],"predecessor-version":[{"id":7434,"href":"https:\/\/glassbottlesmanufacturer.com\/fr\/wp-json\/wp\/v2\/pages\/7354\/revisions\/7434"}],"wp:attachment":[{"href":"https:\/\/glassbottlesmanufacturer.com\/fr\/wp-json\/wp\/v2\/media?parent=7354"}],"curies":[{"name":"wp","href":"https:\/\/api.w.org\/{rel}","templated":true}]}}