{"id":7355,"date":"2024-05-29T06:41:26","date_gmt":"2024-05-29T06:41:26","guid":{"rendered":"https:\/\/glassbottlesmanufacturer.com\/?page_id=7355"},"modified":"2024-05-29T09:18:34","modified_gmt":"2024-05-29T09:18:34","slug":"politique-de-confidentialite","status":"publish","type":"page","link":"https:\/\/glassbottlesmanufacturer.com\/fr\/politique-de-confidentialite\/","title":{"rendered":"Politique de confidentialit\u00e9"},"content":{"rendered":"<div class=\"wpb-content-wrapper\"><div class=\"vc_row wpb_row vc_row-fluid\"><div class=\"wpb_column vc_column_container vc_col-sm-12\"><div class=\"vc_column-inner\"><div class=\"wpb_wrapper\">\n\t<div style=\"font-family:system-ui, -apple-system, BlinkMacSystemFont, \"segoe ui\", roboto, \"helvetica neue\", arial, \"noto sans\", sans-serif, \"apple color emoji\", \"segoe ui symbol\", emoji\";\" class =\"wpb_text_column wpb_content_element\" >\n\t\t<div class=\"wpb_wrapper\">\n\t\t\t<h1><span class=\"wpex-text-2xl\">Politique de confidentialit\u00e9<\/span><\/h1>\n<p><span class=\"wpex-text-xl\">Chers utilisateurs, voici un aper\u00e7u de la politique de confidentialit\u00e9 adopt\u00e9e par l'entreprise :<\/span><\/p>\n<p><span class=\"wpex-text-xl\">1) Collecte d'informations personnelles : L'entreprise recueillera les informations personnelles fournies par les utilisateurs, telles que le nom, les coordonn\u00e9es, l'adresse, etc., principalement aux fins du traitement des commandes, de la livraison et du service apr\u00e8s-vente. Les informations sont g\u00e9n\u00e9ralement collect\u00e9es lorsqu'un utilisateur remplit volontairement un formulaire d'inscription, passe une commande ou contacte une entreprise.<\/span><\/p>\n<p><span class=\"wpex-text-xl\">2. utilisation des informations personnelles : L'entreprise utilisera raisonnablement les informations personnelles fournies par l'utilisateur pour traiter les commandes, fournir une assistance \u00e0 la client\u00e8le, envoyer des avis pertinents et des informations promotionnelles. Les entreprises se conforment g\u00e9n\u00e9ralement aux lois et r\u00e9glementations en vigueur et n'utilisent pas les informations personnelles \u00e0 d'autres fins sans le consentement des utilisateurs.<\/span><\/p>\n<p><span class=\"wpex-text-xl\">3. Protection des informations personnelles : L'entreprise prendra les mesures de s\u00e9curit\u00e9 appropri\u00e9es pour prot\u00e9ger les informations personnelles des utilisateurs et emp\u00eacher l'acc\u00e8s non autoris\u00e9, la divulgation ou l'utilisation abusive. Il peut s'agir de mesures telles que le cryptage des donn\u00e9es, le contr\u00f4le de l'acc\u00e8s et la formation \u00e0 la s\u00e9curit\u00e9 de l'information.<\/span><\/p>\n<p><span class=\"wpex-text-xl\">4. Partage des informations personnelles : L'entreprise ne partagera pas d'informations personnelles avec des tiers sans le consentement des utilisateurs, sauf si les lois et r\u00e8glements l'exigent ou si cela a \u00e9t\u00e9 convenu avec les utilisateurs. Si vous travaillez avec des tiers pour fournir des services, vous signerez un accord de confidentialit\u00e9 avec eux et ferez tout ce qui est en votre pouvoir pour garantir la s\u00e9curit\u00e9 des informations des utilisateurs.<\/span><\/p>\n<p><span class=\"wpex-text-xl\">5. les choix en mati\u00e8re de protection de la vie priv\u00e9e : Les entreprises respectent g\u00e9n\u00e9ralement les choix des utilisateurs en mati\u00e8re de protection de la vie priv\u00e9e. Les utilisateurs peuvent choisir de recevoir ou non des informations commerciales et ont le droit d'acc\u00e9der \u00e0 leurs donn\u00e9es personnelles, de les corriger et de les supprimer en contactant l'entreprise.<\/span><\/p>\n<p><span class=\"wpex-text-xl\">6. Mise \u00e0 jour de la politique de confidentialit\u00e9 : les entreprises de bouteilles en verre peuvent mettre \u00e0 jour la politique de confidentialit\u00e9 si n\u00e9cessaire. En cas de modification importante de la politique, les entreprises en informent g\u00e9n\u00e9ralement clairement les utilisateurs par le biais d'une annonce sur le site web ou par d'autres moyens appropri\u00e9s.<\/span><\/p>\n<p><span class=\"wpex-text-xl\">Si vous avez des questions ou si vous souhaitez obtenir des informations compl\u00e9mentaires, vous pouvez contacter directement l'entreprise.<\/span><\/p>\n\n\t\t<\/div>\n\t<\/div>\n<\/div><\/div><\/div><\/div>\n<\/div>","protected":false},"excerpt":{"rendered":"Privacy Policy Dear users, the following is an overview of the privacy policy adopted by the company: 1.Personal Information Collection: The Company will collect personal information provided by users, such as name, contact information, address, etc., mainly for the purpose of order processing, delivery and after-sales service. Information is usually collected when a user voluntarily&hellip;","protected":false},"author":1,"featured_media":0,"parent":0,"menu_order":0,"comment_status":"closed","ping_status":"closed","template":"","meta":{"footnotes":""},"class_list":["post-7355","page","type-page","status-publish","hentry","entry","no-media"],"_links":{"self":[{"href":"https:\/\/glassbottlesmanufacturer.com\/fr\/wp-json\/wp\/v2\/pages\/7355","targetHints":{"allow":["GET"]}}],"collection":[{"href":"https:\/\/glassbottlesmanufacturer.com\/fr\/wp-json\/wp\/v2\/pages"}],"about":[{"href":"https:\/\/glassbottlesmanufacturer.com\/fr\/wp-json\/wp\/v2\/types\/page"}],"author":[{"embeddable":true,"href":"https:\/\/glassbottlesmanufacturer.com\/fr\/wp-json\/wp\/v2\/users\/1"}],"replies":[{"embeddable":true,"href":"https:\/\/glassbottlesmanufacturer.com\/fr\/wp-json\/wp\/v2\/comments?post=7355"}],"version-history":[{"count":2,"href":"https:\/\/glassbottlesmanufacturer.com\/fr\/wp-json\/wp\/v2\/pages\/7355\/revisions"}],"predecessor-version":[{"id":7399,"href":"https:\/\/glassbottlesmanufacturer.com\/fr\/wp-json\/wp\/v2\/pages\/7355\/revisions\/7399"}],"wp:attachment":[{"href":"https:\/\/glassbottlesmanufacturer.com\/fr\/wp-json\/wp\/v2\/media?parent=7355"}],"curies":[{"name":"wp","href":"https:\/\/api.w.org\/{rel}","templated":true}]}}