{"id":8634,"date":"2025-09-25T07:56:31","date_gmt":"2025-09-25T07:56:31","guid":{"rendered":"https:\/\/glassbottlesmanufacturer.com\/?page_id=8634"},"modified":"2025-09-25T09:10:44","modified_gmt":"2025-09-25T09:10:44","slug":"expositions","status":"publish","type":"page","link":"https:\/\/glassbottlesmanufacturer.com\/fr\/expositions\/","title":{"rendered":"Expositions"},"content":{"rendered":"<div class=\"wpb-content-wrapper\"><div class=\"vc_row wpb_row vc_row-fluid\"><div class=\"wpb_column vc_column_container vc_col-sm-12\"><div class=\"vc_column-inner\"><div class=\"wpb_wrapper\"><style>.vcex-heading.vcex_69d1c6542e999{color:#262626;}<\/style><h1 class=\"vcex-heading vcex-heading-plain vcex-module wpex-heading wpex-text-2xl wpex-text-center vcex_69d1c6542e999\"><span class=\"vcex-heading-inner wpex-inline-block\">Invitation \u00e0 la foire du canton<\/span><\/h1><div class=\"vcex-module vcex-divider-dots wpex-mx-auto wpex-last-mr-0 wpex-text-center\"><span class=\"wpex-inline-block wpex-rounded-full wpex-bg-accent wpex-mr-10\"><\/span><span class=\"wpex-inline-block wpex-rounded-full wpex-bg-accent wpex-mr-10\"><\/span><span class=\"wpex-inline-block wpex-rounded-full wpex-bg-accent wpex-mr-10\"><\/span><\/div>\n\t<div style=\"font-size:12px;\" class=\"wpb_text_column wpb_content_element\" >\n\t\t<div class=\"wpb_wrapper\">\n\t\t\t<h2>\u00a0 \u00a0 En tant que fabricant leader de bouteilles en verre et fournisseur de confiance \u00e0 la Foire de Canton, nous vous invitons sinc\u00e8rement \u00e0 visiter notre stand du 23 au 27 octobre 2025. Pendant cette p\u00e9riode, vous aurez l'occasion de d\u00e9couvrir nos bouteilles de vin en verre innovantes et de haute qualit\u00e9, ainsi que des solutions personnalis\u00e9es con\u00e7ues sp\u00e9cifiquement pour mettre en valeur votre marque. Nous vous invitons chaleureusement \u00e0 visiter notre stand au Hall 15.2, C36 \u00e0 Guangzhou, afin d'explorer de nouvelles opportunit\u00e9s et de d\u00e9velopper vos affaires. Nous attendons votre visite avec impatience !<\/h2>\n\n\t\t<\/div>\n\t<\/div>\n<\/div><\/div><\/div><\/div><div class=\"vc_row wpb_row vc_row-fluid\"><div class=\"wpb_column vc_column_container vc_col-sm-3\"><div class=\"vc_column-inner\"><div class=\"wpb_wrapper\"><\/div><\/div><\/div><div class=\"wpb_column vc_column_container vc_col-sm-3\"><div class=\"vc_column-inner\"><div class=\"wpb_wrapper\"><\/div><\/div><\/div><div class=\"wpb_column vc_column_container vc_col-sm-3\"><div class=\"vc_column-inner\"><div class=\"wpb_wrapper\"><\/div><\/div><\/div><\/div><div class=\"vc_row wpb_row vc_row-fluid\"><div class=\"wpb_column vc_column_container vc_col-sm-12\"><div class=\"vc_column-inner\"><div class=\"wpb_wrapper\"><figure class=\"vcex-image vcex-module\"><div class=\"vcex-image-inner wpex-relative wpex-inline-block\"><img width=\"1920\" height=\"600\" src=\"https:\/\/glassbottlesmanufacturer.com\/wp-content\/uploads\/2025\/09\/1.png\" class=\"vcex-image-img wpex-align-middle\" alt=\"Invitation \u00e0 la foire du canton\" loading=\"lazy\" decoding=\"async\" srcset=\"https:\/\/glassbottlesmanufacturer.com\/wp-content\/uploads\/2025\/09\/1.png 1920w, https:\/\/glassbottlesmanufacturer.com\/wp-content\/uploads\/2025\/09\/1-300x94.png 300w, https:\/\/glassbottlesmanufacturer.com\/wp-content\/uploads\/2025\/09\/1-1024x320.png 1024w, https:\/\/glassbottlesmanufacturer.com\/wp-content\/uploads\/2025\/09\/1-768x240.png 768w, https:\/\/glassbottlesmanufacturer.com\/wp-content\/uploads\/2025\/09\/1-1536x480.png 1536w, https:\/\/glassbottlesmanufacturer.com\/wp-content\/uploads\/2025\/09\/1-600x188.png 600w\" sizes=\"auto, (max-width: 1920px) 100vw, 1920px\" \/><\/div><\/figure><\/div><\/div><\/div><\/div><div class=\"vc_row wpb_row vc_row-fluid\"><div class=\"wpb_column vc_column_container vc_col-sm-6\"><div class=\"vc_column-inner\"><div class=\"wpb_wrapper\">\n\t<div class=\"wpb_text_column wpb_content_element vc_custom_1758786962657\" >\n\t\t<div class=\"wpb_wrapper\">\n\t\t\t<p><span style=\"color: #99cc00;\"><em><strong>Nous vous invitons \u00e0 nous contacter \u00e0 l'avance par le biais d'un message. Nous nous r\u00e9jouissons de vous rencontrer \u00e0 l'exposition<\/strong><\/em><\/span><\/p>\n\n\t\t<\/div>\n\t<\/div>\n<div class=\"vcex-contact-form\" data-ajaxurl=\"https:\/\/glassbottlesmanufacturer.com\/wp-admin\/admin-ajax.php\" data-notice-success=\"Thank you for the message. We will respond as soon as possible.\" data-notice-error=\"The following error occurred: {{error}}\" data-recaptcha=\"\" data-nonce=\"c625c4ed1a\"><form class=\"vcex-contact-form__form\" action=\"\"><div class=\"vcex-contact-form__fields wpex-mb-15 wpex-flex wpex-gap-20 wpex-flex-wrap\"><div class=\"vcex-contact-form__name wpex-flex-grow\"><label class=\"vcex-contact-form__label wpex-block wpex-mb-5 wpex-font-semibold\" for=\"vcex-contact-form__69d1c654313f0-name\">Votre nom<sup class=\"vcex-contact-form__required\">*<\/sup><\/label><input class=\"vcex-contact-form__input wpex-w-100\" type=\"text\" id=\"vcex-contact-form__69d1c654313f0-name\" name=\"vcex_cf_name\" required><\/div><div class=\"vcex-contact-form__email wpex-flex-grow\"><label class=\"vcex-contact-form__label wpex-block wpex-mb-5 wpex-font-semibold\" for=\"vcex-contact-form__69d1c654313f0-email\">Votre courriel<sup class=\"vcex-contact-form__required\">*<\/sup><\/label><input class=\"vcex-contact-form__input wpex-w-100\" type=\"email\" id=\"vcex-contact-form__69d1c654313f0-email\" name=\"vcex_cf_email\" required><\/div><\/div><div class=\"vcex-contact-form__message wpex-mb-15\"><label class=\"vcex-contact-form__label wpex-block wpex-mb-5 wpex-font-semibold\" for=\"vcex-contact-form__69d1c654313f0-message\">Message<\/label><textarea rows=\"8\" class=\"vcex-contact-form__textarea wpex-align-top wpex-w-100\" id=\"vcex-contact-form__69d1c654313f0-message\" name=\"vcex_cf_message\" required><\/textarea><\/div><div class=\"vcex-contact-form__privacy wpex-flex wpex-items-center wpex-gap-5 wpex-mb-15\"><input type=\"checkbox\" class=\"vcex-contact-form__checkbox\" id=\"vcex-contact-form__69d1c654313f0-privacy\" name=\"vcex_cf_privacy\" required><label class=\"vcex-contact-form__label wpex-block wpex-font-semibold\" for=\"vcex-contact-form__69d1c654313f0-privacy\">I agree with the <a href=\"#\" target=\"_blank\" rel=\"noopener noreferrer\">Politique de confidentialit\u00e9<\/a>.<\/label><\/div><button class=\"vcex-contact-form__submit vcex-contact-form__submit--full wpex-flex wpex-w-100 wpex-text-1em wpex-items-center wpex-gap-10 wpex-justify-center wpex-opacity-100 theme-button\"><span class=\"vcex-contact-form__submit-text\">Envoyer<\/span><span class=\"vcex-contact-form__spinner wpex-icon wpex-hidden\">...<\/span><\/button><div class=\"vcex-contact-form__notice wpex-hidden wpex-alert wpex-mt-15 wpex-mb-0\" role=\"alert\" aria-live=\"assertive\" tabindex=\"-1\"><\/div><input type=\"hidden\" name=\"trp-form-language\" value=\"fr\"\/><\/form><div class=\"vcex-contact-form__overlay wpex-hidden\"><\/div><\/div><\/div><\/div><\/div><div class=\"wpb_column vc_column_container vc_col-sm-6\"><div class=\"vc_column-inner\"><div class=\"wpb_wrapper\"><div class=\"wpb_gmaps_widget wpb_content_element\"><div class=\"wpb_wrapper\"><div class=\"wpb_map_wraper\"><iframe src=\"https:\/\/www.google.com\/maps\/embed?pb=!1m18!1m12!1m3!1d5189.872867667152!2d113.35935847476541!3d23.10462476602272!2m3!1f0!2f0!3f0!3m2!1i1024!2i768!4f13.1!3m3!1m2!1s0x3402ffe9844db197%3A0x460520e2a9b288ae!2z5Lit5Zu95bm_5Lic55yB5bm_5bee5biC5rW354-g5Yy66ZiF5rGf5Lit6Lev!5e0!3m2!1szh-CN!2s!4v1758267757831!5m2!1szh-CN!2s\" width=\"600\" height=\"450\" style=\"border:0;\" allowfullscreen=\"\" loading=\"lazy\" referrerpolicy=\"no-referrer-when-downgrade\"><\/iframe><\/div><\/div><\/div><\/div><\/div><\/div><\/div><div class=\"vc_row wpb_row vc_row-fluid\"><div class=\"wpb_column vc_column_container vc_col-sm-12\"><div class=\"vc_column-inner\"><div class=\"wpb_wrapper\"><style>.vcex-heading.vcex_69d1c6543203e{color:#161616;}<\/style><div class=\"vcex-heading vcex-heading-plain vcex-module wpex-heading wpex-text-2xl vc_custom_1758788416165 vcex_69d1c6543203e\"><span class=\"vcex-heading-inner wpex-inline-block\">\u00c9v\u00e9nements pass\u00e9s<\/span><\/div><div class=\"vcex-module vcex-divider vcex-divider-solid vcex-divider-center wpex-mx-auto wpex-block wpex-h-0 wpex-border-b wpex-border-solid wpex-border-main\"><\/div>\n\t<div class=\"wpb_text_column wpb_content_element vc_custom_1758788393590\" >\n\t\t<div class=\"wpb_wrapper\">\n\t\t\t<p>Nous fabriquons des bouteilles en verre de qualit\u00e9. Consultez nos expositions pass\u00e9es pour en savoir plus sur notre travail. Nous participons \u00e0 des \u00e9v\u00e9nements de premier plan dans le domaine de l'emballage pour pr\u00e9senter nos meilleures bouteilles en verre. Nous mettons l'accent sur la qualit\u00e9 et le bon service pour les marques du monde entier.<\/p>\n\n\t\t<\/div>\n\t<\/div>\n<\/div><\/div><\/div><\/div>\n<\/div>","protected":false},"excerpt":{"rendered":"Canton Fair Invitation \u00a0 \u00a0 As a leading glass bottle manufacturer and a trusted supplier at the Canton Fair, we sincerely invite you to visit our booth from October 23rd to 27th, 2025. During this time, you will have the opportunity to discover our high-quality, innovative glass wine bottles and customized solutions designed specifically to&hellip;","protected":false},"author":1,"featured_media":0,"parent":0,"menu_order":0,"comment_status":"closed","ping_status":"closed","template":"","meta":{"footnotes":""},"class_list":["post-8634","page","type-page","status-publish","hentry","entry","no-media"],"_links":{"self":[{"href":"https:\/\/glassbottlesmanufacturer.com\/fr\/wp-json\/wp\/v2\/pages\/8634","targetHints":{"allow":["GET"]}}],"collection":[{"href":"https:\/\/glassbottlesmanufacturer.com\/fr\/wp-json\/wp\/v2\/pages"}],"about":[{"href":"https:\/\/glassbottlesmanufacturer.com\/fr\/wp-json\/wp\/v2\/types\/page"}],"author":[{"embeddable":true,"href":"https:\/\/glassbottlesmanufacturer.com\/fr\/wp-json\/wp\/v2\/users\/1"}],"replies":[{"embeddable":true,"href":"https:\/\/glassbottlesmanufacturer.com\/fr\/wp-json\/wp\/v2\/comments?post=8634"}],"version-history":[{"count":4,"href":"https:\/\/glassbottlesmanufacturer.com\/fr\/wp-json\/wp\/v2\/pages\/8634\/revisions"}],"predecessor-version":[{"id":8649,"href":"https:\/\/glassbottlesmanufacturer.com\/fr\/wp-json\/wp\/v2\/pages\/8634\/revisions\/8649"}],"wp:attachment":[{"href":"https:\/\/glassbottlesmanufacturer.com\/fr\/wp-json\/wp\/v2\/media?parent=8634"}],"curies":[{"name":"wp","href":"https:\/\/api.w.org\/{rel}","templated":true}]}}