{"id":3446,"date":"2017-08-25T01:00:26","date_gmt":"2017-08-25T01:00:26","guid":{"rendered":"https:\/\/glassbottlesmanufacturer.com\/?post_type=product&#038;p=3446"},"modified":"2018-03-30T09:28:23","modified_gmt":"2018-03-30T09:28:23","slug":"bouteille-ronde-en-verre-a-vis-de-50cl","status":"publish","type":"product","link":"https:\/\/glassbottlesmanufacturer.com\/fr\/commerce-de-gros\/bouteille-ronde-en-verre-a-vis-de-50cl\/","title":{"rendered":"BOUTEILLE RONDE EN VERRE \u00c0 VIS DE 50CL"},"content":{"rendered":"<p>La bouteille ronde de 50cl \u00e0 bouchon \u00e0 vis est fabriqu\u00e9e \u00e0 partir de sable de quartz de premi\u00e8re qualit\u00e9. Fabriqu\u00e9e en Chine, la bouteille en verre \u00e0 liqueur est certifi\u00e9e par la FDA. La bouteille ronde en verre est dot\u00e9e d'une finition sup\u00e9rieure ROPP conforme aux normes internationales. HIKING fournit des commandes de petites quantit\u00e9s de bouteilles en verre en gros. Cette bouteille en verre de 50cl est id\u00e9ale pour une large gamme de d\u00e9corations, telles que la bouteille en verre d\u00e9poli, la bouteille en verre s\u00e9rigraphi\u00e9e, la bouteille en verre galvanis\u00e9.<\/p>\n<h4><strong>Application de d\u00e9coration<\/strong><\/h4>\n<p>La soci\u00e9t\u00e9 Hiking glass bottle company propose une large gamme de d\u00e9corations pour les bouteilles en verre \u00e0 vis de 50cl. Impression sur soie, d\u00e9calcomanie, givrage, pulv\u00e9risation de couleurs, galvanoplastie, \u00e9tiquetage, gaufrage et gravure. Cette bouteille en verre de 50cl est disponible pour toutes les d\u00e9corations ci-dessus.<\/p>\n<h4><strong>Informations sur l'exp\u00e9dition et le fret<\/strong><\/h4>\n<ul>\n<li>En stock 5-10 jours.<\/li>\n<\/ul>\n<p>Les bouteilles en verre transparent de 50 cl \u00e0 vis sont disponibles pour une livraison imm\u00e9diate (\u00e0 l'exception des jours f\u00e9ri\u00e9s officiels et des intemp\u00e9ries). En fonction de la d\u00e9coration de la bouteille, du mode d'emballage et du calendrier d'exp\u00e9dition, l'emballage en palettes est plus rapide que l'emballage en cartons. L'emballage en palettes est plus rapide que l'emballage en cartons.<\/p>\n<ul>\n<li>Stock de production 7-15 jours<\/li>\n<\/ul>\n<p>Les bouteilles en verre sont disponibles sur notre site de production. L'usine de bouteilles en verre Hiking fabrique 10 000 pi\u00e8ces de bouteilles en verre par jour. En fonction de la d\u00e9coration de la bouteille, du mode d'emballage et du calendrier d'exp\u00e9dition, l'emballage sur palette est plus rapide que l'emballage sur carton. L'emballage en palettes est plus rapide que l'emballage en cartons.<\/p>\n<ul>\n<li>Commande sp\u00e9ciale 20-30 jours<\/li>\n<\/ul>\n<p>Les bouteilles en verre sont pr\u00eates Les moules en verre Hiking sont disponibles pour une production rapide au lieu de fabriquer de nouveaux moules. En tant que leader dans la fabrication de bouteilles en verre, HIKING propose des milliers de mod\u00e8les. En fonction de la d\u00e9coration de la bouteille de verre, du mode d'emballage et du calendrier de production.<\/p>\n<ul>\n<li>Commande personnalis\u00e9e<\/li>\n<\/ul>\n<p>Les bouteilles en verre sont con\u00e7ues par les clients. Ces types de bouteilles en verre personnalis\u00e9es sont g\u00e9n\u00e9ralement accompagn\u00e9es du logo de la marque en relief ou grav\u00e9. Il faut g\u00e9n\u00e9ralement compter 15 jours pour l'\u00e9chantillon et 20 \u00e0 30 jours pour la commande officielle apr\u00e8s approbation de l'\u00e9chantillon de la bouteille en verre.<\/p>\n<div>\n<div class=\"wpcf7 no-js\" id=\"wpcf7-f19-o1\" lang=\"en-US\" dir=\"ltr\" data-wpcf7-id=\"19\">\n<div class=\"screen-reader-response\"><p role=\"status\" aria-live=\"polite\" aria-atomic=\"true\"><\/p> <ul><\/ul><\/div>\n<form action=\"\/fr\/wp-json\/wp\/v2\/product\/3446#wpcf7-f19-o1\" method=\"post\" class=\"wpcf7-form init\" aria-label=\"Contact form\" novalidate=\"novalidate\" data-status=\"init\" data-trp-original-action=\"\/fr\/wp-json\/wp\/v2\/product\/3446#wpcf7-f19-o1\">\n<fieldset class=\"hidden-fields-container\"><input type=\"hidden\" name=\"_wpcf7\" value=\"19\" \/><input type=\"hidden\" name=\"_wpcf7_version\" value=\"6.1.5\" \/><input type=\"hidden\" name=\"_wpcf7_locale\" value=\"en_US\" \/><input type=\"hidden\" name=\"_wpcf7_unit_tag\" value=\"wpcf7-f19-o1\" \/><input type=\"hidden\" name=\"_wpcf7_container_post\" value=\"0\" \/><input type=\"hidden\" name=\"_wpcf7_posted_data_hash\" value=\"\" \/><input type=\"hidden\" name=\"_wpcf7dtx_version\" value=\"5.0.5\" \/>\n<\/fieldset>\n<p hidden><span class=\"wpcf7-form-control-wrap dynamictext-312\" data-name=\"dynamictext-312\"><input type=\"text\" name=\"dynamictext-312\" class=\"wpcf7-form-control wpcf7-text wpcf7dtx wpcf7dtx-text\" aria-invalid=\"false\" value=\"ROUND 50CL SCREW TOP GLASS BOTTLE\"><\/span>\n<\/p>\n<p><span class=\"wpcf7-form-control-wrap\" data-name=\"your-name\"><input size=\"40\" maxlength=\"400\" class=\"wpcf7-form-control wpcf7-text wpcf7-validates-as-required\" aria-required=\"true\" aria-invalid=\"false\" placeholder=\"Votre nom\" value=\"\" type=\"text\" name=\"your-name\" \/><\/span>\n<\/p>\n<p><span class=\"wpcf7-form-control-wrap\" data-name=\"your-email\"><input size=\"40\" maxlength=\"400\" class=\"wpcf7-form-control wpcf7-email wpcf7-validates-as-required wpcf7-text wpcf7-validates-as-email\" aria-required=\"true\" aria-invalid=\"false\" placeholder=\"Votre courriel\" value=\"\" type=\"email\" name=\"your-email\" \/><\/span>\n<\/p>\n<p><span class=\"wpcf7-form-control-wrap\" data-name=\"your-subject\"><input size=\"40\" maxlength=\"400\" class=\"wpcf7-form-control wpcf7-text wpcf7-validates-as-required\" aria-required=\"true\" aria-invalid=\"false\" placeholder=\"Objet du message\" value=\"\" type=\"text\" name=\"your-subject\" \/><\/span>\n<\/p>\n<p><span class=\"wpcf7-form-control-wrap\" data-name=\"your-message\"><textarea cols=\"40\" rows=\"10\" maxlength=\"2000\" class=\"wpcf7-form-control wpcf7-textarea\" aria-invalid=\"false\" placeholder=\"Tapez votre message ici...\" name=\"your-message\"><\/textarea><\/span>\n<\/p>\n<div style=\"display:none\">\n\t<p><span class=\"wpcf7-form-control-wrap form-url\" data-name=\"form-url\"><input type=\"text\" name=\"form-url\" class=\"wpcf7-form-control wpcf7-text wpcf7dtx wpcf7dtx-text\" aria-invalid=\"false\" value=\"https:\/\/glassbottlesmanufacturer.com\/fr\/fr\/wp-json\/wp\/v2\/product\/3446\"><\/span>\n\t<\/p>\n<\/div>\n<div style=\"margin-bottom:10px;\">\n\t<p><span class=\"wpcf7-form-control-wrap kc_captcha\" data-name=\"kc_captcha\"><span class=\"wpcf7-form-control wpcf7-radio\"><span class=\"captcha-image\" ><span class=\"cf7ic_instructions\">Please prove you are human by selecting the<span> plane<\/span>.<\/span><label><input aria-label=\"1\" type=\"radio\" name=\"kc_captcha\" value=\"bot\" \/><svg aria-hidden=\"true\" role=\"img\" xmlns=\"http:\/\/www.w3.org\/2000\/svg\" viewbox=\"0 0 576 512\"><path fill=\"currentColor\" d=\"M488 313v143c0 13-11 24-24 24H348c-7 0-12-5-12-12V356c0-7-5-12-12-12h-72c-7 0-12 5-12 12v112c0 7-5 12-12 12H112c-13 0-24-11-24-24V313c0-4 2-7 4-10l188-154c5-4 11-4 16 0l188 154c2 3 4 6 4 10zm84-61l-84-69V44c0-6-5-12-12-12h-56c-7 0-12 6-12 12v73l-89-74a48 48 0 00-61 0L4 252c-5 4-5 12-1 17l25 31c5 5 12 5 17 1l235-193c5-4 11-4 16 0l235 193c5 5 13 4 17-1l25-31c4-6 4-13-1-17z\"\/><\/svg><\/label><label><input aria-label=\"2\" type=\"radio\" name=\"kc_captcha\" value=\"bot\" \/><svg aria-hidden=\"true\" role=\"img\" xmlns=\"http:\/\/www.w3.org\/2000\/svg\" viewbox=\"0 0 512 512\"><path fill=\"currentColor\" d=\"M512 176a176 176 0 01-209 173l-24 27a24 24 0 01-18 8h-37v40c0 13-11 24-24 24h-40v40c0 13-11 24-24 24H24c-13 0-24-11-24-24v-78c0-6 3-13 7-17l162-162a176 176 0 11343-55zm-176-48a48 48 0 1096 0 48 48 0 00-96 0z\"\/><\/svg><\/label><label><input aria-label=\"3\" type=\"radio\" name=\"kc_captcha\" value=\"kc_human\" \/><svg aria-hidden=\"true\" role=\"img\" xmlns=\"http:\/\/www.w3.org\/2000\/svg\" viewbox=\"0 0 576 512\"><path fill=\"currentColor\" d=\"M472 200H360L256 6a12 12 0 00-10-6h-58c-8 0-14 7-12 15l34 185H100l-35-58a12 12 0 00-10-6H12c-8 0-13 7-12 14l21 106L0 362c-1 7 4 14 12 14h43c4 0 8-2 10-6l35-58h110l-34 185c-2 8 4 15 12 15h58a12 12 0 0010-6l104-194h112c57 0 104-25 104-56s-47-56-104-56z\"\/><\/svg><\/label>\r\n    <\/span>\r\n    <span style=\"display:none\">\r\n        <input type=\"text\" name=\"kc_honeypot\">\r\n    <\/span><\/span><\/span>\n\t<\/p>\n<\/div>\n<p><input class=\"wpcf7-form-control wpcf7-submit has-spinner\" type=\"submit\" value=\"Envoyez votre message\" \/>\n<\/p><p style=\"display: none !important;\" class=\"akismet-fields-container\" data-prefix=\"_wpcf7_ak_\"><label>&#916;<textarea name=\"_wpcf7_ak_hp_textarea\" cols=\"45\" rows=\"8\" maxlength=\"100\"><\/textarea><\/label><input type=\"hidden\" id=\"ak_js_1\" name=\"_wpcf7_ak_js\" value=\"81\"\/><script>document.getElementById( \"ak_js_1\" ).setAttribute( \"value\", ( new Date() ).getTime() );<\/script><\/p><div class=\"wpcf7-response-output\" aria-hidden=\"true\"><\/div>\n<input type=\"hidden\" name=\"trp-form-language\" value=\"fr\"\/><\/form>\n<\/div>\n<\/div>","protected":false},"excerpt":{"rendered":"<table id=\"tablepress-18\" class=\"tablepress tablepress-id-18\">\n<thead>\n<tr class=\"row-1\">\n\t<th class=\"column-1\">NOM DU PRODUIT<\/th><th class=\"column-2\">BOUTEILLE RONDE EN VERRE \u00c0 VIS DE 50CL<\/th>\n<\/tr>\n<\/thead>\n<tbody class=\"row-striping row-hover\">\n<tr class=\"row-2\">\n\t<td class=\"column-1\">TAILLE DU FLACON<\/td><td class=\"column-2\">50CL<\/td>\n<\/tr>\n<tr class=\"row-3\">\n\t<td class=\"column-1\">MAT\u00c9RIAU<\/td><td class=\"column-2\">Super Flint<\/td>\n<\/tr>\n<tr class=\"row-4\">\n\t<td class=\"column-1\">COULEUR<\/td><td class=\"column-2\">Extra Blanc Clair<\/td>\n<\/tr>\n<tr class=\"row-5\">\n\t<td class=\"column-1\">FINITION DU COU<\/td><td class=\"column-2\">Bouchon \u00e0 vis \/ Bouchon Ropp<\/td>\n<\/tr>\n<tr class=\"row-6\">\n\t<td class=\"column-1\">FORME DE LA BOUTEILLE<\/td><td class=\"column-2\">Rond \/ Cylindre<\/td>\n<\/tr>\n<tr class=\"row-7\">\n\t<td class=\"column-1\">POIDS DU FLACON<\/td><td class=\"column-2\">750G<\/td>\n<\/tr>\n<tr class=\"row-8\">\n\t<td class=\"column-1\">HAUTEUR DU FLACON<\/td><td class=\"column-2\">228MM\u00b12MM<\/td>\n<\/tr>\n<tr class=\"row-9\">\n\t<td class=\"column-1\">DIAM\u00c8TRE DE LA BOUTEILLE<\/td><td class=\"column-2\">92,3MM\u00b12MM<\/td>\n<\/tr>\n<\/tbody>\n<\/table>\n<!-- #tablepress-18 from cache -->","protected":false},"featured_media":3772,"comment_status":"open","ping_status":"closed","template":"","meta":[],"product_brand":[],"product_cat":[66],"product_tag":[],"class_list":{"0":"post-3446","1":"product","2":"type-product","3":"status-publish","4":"has-post-thumbnail","6":"product_cat-500ml-glass-bottles","7":"entry","8":"has-media","10":"first","11":"instock","12":"shipping-taxable","13":"product-type-simple"},"_links":{"self":[{"href":"https:\/\/glassbottlesmanufacturer.com\/fr\/wp-json\/wp\/v2\/product\/3446","targetHints":{"allow":["GET"]}}],"collection":[{"href":"https:\/\/glassbottlesmanufacturer.com\/fr\/wp-json\/wp\/v2\/product"}],"about":[{"href":"https:\/\/glassbottlesmanufacturer.com\/fr\/wp-json\/wp\/v2\/types\/product"}],"replies":[{"embeddable":true,"href":"https:\/\/glassbottlesmanufacturer.com\/fr\/wp-json\/wp\/v2\/comments?post=3446"}],"wp:featuredmedia":[{"embeddable":true,"href":"https:\/\/glassbottlesmanufacturer.com\/fr\/wp-json\/wp\/v2\/media\/3772"}],"wp:attachment":[{"href":"https:\/\/glassbottlesmanufacturer.com\/fr\/wp-json\/wp\/v2\/media?parent=3446"}],"wp:term":[{"taxonomy":"product_brand","embeddable":true,"href":"https:\/\/glassbottlesmanufacturer.com\/fr\/wp-json\/wp\/v2\/product_brand?post=3446"},{"taxonomy":"product_cat","embeddable":true,"href":"https:\/\/glassbottlesmanufacturer.com\/fr\/wp-json\/wp\/v2\/product_cat?post=3446"},{"taxonomy":"product_tag","embeddable":true,"href":"https:\/\/glassbottlesmanufacturer.com\/fr\/wp-json\/wp\/v2\/product_tag?post=3446"}],"curies":[{"name":"wp","href":"https:\/\/api.w.org\/{rel}","templated":true}]}}