{"id":3477,"date":"2017-08-25T01:18:13","date_gmt":"2017-08-25T01:18:13","guid":{"rendered":"https:\/\/glassbottlesmanufacturer.com\/?post_type=product&#038;p=3477"},"modified":"2018-04-02T01:39:20","modified_gmt":"2018-04-02T01:39:20","slug":"premium-white-glass-700ml-brandy-bottle","status":"publish","type":"product","link":"https:\/\/glassbottlesmanufacturer.com\/fr\/commerce-de-gros\/premium-white-glass-700ml-brandy-bottle\/","title":{"rendered":"BOUTEILLE DE BRANDY EN VERRE BLANC DE PREMI\u00c8RE QUALIT\u00c9 DE 700 ML"},"content":{"rendered":"<p>Premium white glass 700ml brandy bottle made in China. Standard 700ml filling capacity, a thick glass base highlight the quality. The flat shape and big width allows unlimited label and silk printing. This 700ml brandy bottle comes with a standard 21.5mm natural wood cork with gold metal cap.<\/p>\n<p><strong>Application de d\u00e9coration<\/strong><\/p>\n<p>Hiking glass bottle company provide a wide range of decorations for brandy bottles. Silk printing, decal, frosting, color spraying, electroplating, labeling, embossing, and engraving. This brandy bottle is available for all of above decorations.<\/p>\n<p><strong>Informations sur l'exp\u00e9dition et le fret<\/strong><\/p>\n<ul>\n<li>En stock 5-10 jours.<\/li>\n<\/ul>\n<p>Plain brandy glass bottles are available for immediate delivery(with the exception of official holidays and inclement weather). Depending on the bottle decoration, packaging way and shipping schedule. Pallets packaging is faster than cartons packaging.<\/p>\n<ul>\n<li>Stock de production 7-15 jours<\/li>\n<\/ul>\n<p>Les bouteilles en verre sont disponibles sur notre site de production. L'usine de bouteilles en verre Hiking fabrique 10 000 pi\u00e8ces de bouteilles en verre par jour. En fonction de la d\u00e9coration de la bouteille, du mode d'emballage et du calendrier d'exp\u00e9dition, l'emballage sur palette est plus rapide que l'emballage sur carton. L'emballage en palettes est plus rapide que l'emballage en cartons.<\/p>\n<ul>\n<li>Commande sp\u00e9ciale 20-30 jours<\/li>\n<\/ul>\n<p>Les bouteilles en verre sont pr\u00eates Les moules en verre Hiking sont disponibles pour une production rapide au lieu de fabriquer de nouveaux moules. En tant que leader dans la fabrication de bouteilles en verre, HIKING propose des milliers de mod\u00e8les. En fonction de la d\u00e9coration de la bouteille de verre, du mode d'emballage et du calendrier de production.<\/p>\n<ul>\n<li>Commande personnalis\u00e9e<\/li>\n<\/ul>\n<p>Les bouteilles en verre sont con\u00e7ues par les clients. Ces types de bouteilles en verre personnalis\u00e9es sont g\u00e9n\u00e9ralement accompagn\u00e9es du logo de la marque en relief ou grav\u00e9. Il faut g\u00e9n\u00e9ralement compter 15 jours pour l'\u00e9chantillon et 20 \u00e0 30 jours pour la commande officielle apr\u00e8s approbation de l'\u00e9chantillon de la bouteille en verre.<\/p>\n<p>Brandy bottle supplier-HIKING<\/p>\n<div>Welcome to contact HIKING GLASS sales team for an inquiry on brandy bottle<\/div>\n<div>\n<div>\n<div class=\"wpcf7 no-js\" id=\"wpcf7-f19-o1\" lang=\"en-US\" dir=\"ltr\" data-wpcf7-id=\"19\">\n<div class=\"screen-reader-response\"><p role=\"status\" aria-live=\"polite\" aria-atomic=\"true\"><\/p> <ul><\/ul><\/div>\n<form action=\"\/fr\/wp-json\/wp\/v2\/product\/3477#wpcf7-f19-o1\" method=\"post\" class=\"wpcf7-form init\" aria-label=\"Contact form\" novalidate=\"novalidate\" data-status=\"init\" data-trp-original-action=\"\/fr\/wp-json\/wp\/v2\/product\/3477#wpcf7-f19-o1\">\n<fieldset class=\"hidden-fields-container\"><input type=\"hidden\" name=\"_wpcf7\" value=\"19\" \/><input type=\"hidden\" name=\"_wpcf7_version\" value=\"6.1.5\" \/><input type=\"hidden\" name=\"_wpcf7_locale\" value=\"en_US\" \/><input type=\"hidden\" name=\"_wpcf7_unit_tag\" value=\"wpcf7-f19-o1\" \/><input type=\"hidden\" name=\"_wpcf7_container_post\" value=\"0\" \/><input type=\"hidden\" name=\"_wpcf7_posted_data_hash\" value=\"\" \/><input type=\"hidden\" name=\"_wpcf7dtx_version\" value=\"5.0.5\" \/>\n<\/fieldset>\n<p hidden><span class=\"wpcf7-form-control-wrap dynamictext-312\" data-name=\"dynamictext-312\"><input type=\"text\" name=\"dynamictext-312\" class=\"wpcf7-form-control wpcf7-text wpcf7dtx wpcf7dtx-text\" aria-invalid=\"false\" value=\"PREMIUM WHITE GLASS 700ML BRANDY BOTTLE\"><\/span>\n<\/p>\n<p><span class=\"wpcf7-form-control-wrap\" data-name=\"your-name\"><input size=\"40\" maxlength=\"400\" class=\"wpcf7-form-control wpcf7-text wpcf7-validates-as-required\" aria-required=\"true\" aria-invalid=\"false\" placeholder=\"Votre nom\" value=\"\" type=\"text\" name=\"your-name\" \/><\/span>\n<\/p>\n<p><span class=\"wpcf7-form-control-wrap\" data-name=\"your-email\"><input size=\"40\" maxlength=\"400\" class=\"wpcf7-form-control wpcf7-email wpcf7-validates-as-required wpcf7-text wpcf7-validates-as-email\" aria-required=\"true\" aria-invalid=\"false\" placeholder=\"Votre courriel\" value=\"\" type=\"email\" name=\"your-email\" \/><\/span>\n<\/p>\n<p><span class=\"wpcf7-form-control-wrap\" data-name=\"your-subject\"><input size=\"40\" maxlength=\"400\" class=\"wpcf7-form-control wpcf7-text wpcf7-validates-as-required\" aria-required=\"true\" aria-invalid=\"false\" placeholder=\"Objet du message\" value=\"\" type=\"text\" name=\"your-subject\" \/><\/span>\n<\/p>\n<p><span class=\"wpcf7-form-control-wrap\" data-name=\"your-message\"><textarea cols=\"40\" rows=\"10\" maxlength=\"2000\" class=\"wpcf7-form-control wpcf7-textarea\" aria-invalid=\"false\" placeholder=\"Tapez votre message ici...\" name=\"your-message\"><\/textarea><\/span>\n<\/p>\n<div style=\"display:none\">\n\t<p><span class=\"wpcf7-form-control-wrap form-url\" data-name=\"form-url\"><input type=\"text\" name=\"form-url\" class=\"wpcf7-form-control wpcf7-text wpcf7dtx wpcf7dtx-text\" aria-invalid=\"false\" value=\"https:\/\/glassbottlesmanufacturer.com\/fr\/fr\/wp-json\/wp\/v2\/product\/3477\"><\/span>\n\t<\/p>\n<\/div>\n<div style=\"margin-bottom:10px;\">\n\t<p><span class=\"wpcf7-form-control-wrap kc_captcha\" data-name=\"kc_captcha\"><span class=\"wpcf7-form-control wpcf7-radio\"><span class=\"captcha-image\" ><span class=\"cf7ic_instructions\">Please prove you are human by selecting the<span> plane<\/span>.<\/span><label><input aria-label=\"1\" type=\"radio\" name=\"kc_captcha\" value=\"bot\" \/><svg aria-hidden=\"true\" role=\"img\" xmlns=\"http:\/\/www.w3.org\/2000\/svg\" viewbox=\"0 0 576 512\"><path fill=\"currentColor\" d=\"M488 313v143c0 13-11 24-24 24H348c-7 0-12-5-12-12V356c0-7-5-12-12-12h-72c-7 0-12 5-12 12v112c0 7-5 12-12 12H112c-13 0-24-11-24-24V313c0-4 2-7 4-10l188-154c5-4 11-4 16 0l188 154c2 3 4 6 4 10zm84-61l-84-69V44c0-6-5-12-12-12h-56c-7 0-12 6-12 12v73l-89-74a48 48 0 00-61 0L4 252c-5 4-5 12-1 17l25 31c5 5 12 5 17 1l235-193c5-4 11-4 16 0l235 193c5 5 13 4 17-1l25-31c4-6 4-13-1-17z\"\/><\/svg><\/label><label><input aria-label=\"2\" type=\"radio\" name=\"kc_captcha\" value=\"bot\" \/><svg aria-hidden=\"true\" role=\"img\" xmlns=\"http:\/\/www.w3.org\/2000\/svg\" viewbox=\"0 0 512 512\"><path fill=\"currentColor\" d=\"M500 168h-55l-8-21a127 127 0 00-120-83H195a127 127 0 00-120 83l-8 21H12c-8 0-14 8-11 16l8 24a12 12 0 0011 8h29a64 64 0 00-33 56v48c0 16 6 31 16 42v62c0 13 11 24 24 24h48c13 0 24-11 24-24v-40h256v40c0 13 11 24 24 24h48c13 0 24-11 24-24v-62c10-11 16-26 16-42v-48c0-24-13-45-33-56h29a12 12 0 0011-8l8-24c3-8-3-16-11-16zm-365 2c9-25 33-42 60-42h122c27 0 51 17 60 42l15 38H120l15-38zM88 328a32 32 0 010-64c18 0 48 30 48 48s-30 16-48 16zm336 0c-18 0-48 2-48-16s30-48 48-48 32 14 32 32-14 32-32 32z\"\/><\/svg><\/label><label><input aria-label=\"3\" type=\"radio\" name=\"kc_captcha\" value=\"kc_human\" \/><svg aria-hidden=\"true\" role=\"img\" xmlns=\"http:\/\/www.w3.org\/2000\/svg\" viewbox=\"0 0 576 512\"><path fill=\"currentColor\" d=\"M472 200H360L256 6a12 12 0 00-10-6h-58c-8 0-14 7-12 15l34 185H100l-35-58a12 12 0 00-10-6H12c-8 0-13 7-12 14l21 106L0 362c-1 7 4 14 12 14h43c4 0 8-2 10-6l35-58h110l-34 185c-2 8 4 15 12 15h58a12 12 0 0010-6l104-194h112c57 0 104-25 104-56s-47-56-104-56z\"\/><\/svg><\/label>\r\n    <\/span>\r\n    <span style=\"display:none\">\r\n        <input type=\"text\" name=\"kc_honeypot\">\r\n    <\/span><\/span><\/span>\n\t<\/p>\n<\/div>\n<p><input class=\"wpcf7-form-control wpcf7-submit has-spinner\" type=\"submit\" value=\"Envoyez votre message\" \/>\n<\/p><p style=\"display: none !important;\" class=\"akismet-fields-container\" data-prefix=\"_wpcf7_ak_\"><label>&#916;<textarea name=\"_wpcf7_ak_hp_textarea\" cols=\"45\" rows=\"8\" maxlength=\"100\"><\/textarea><\/label><input type=\"hidden\" id=\"ak_js_1\" name=\"_wpcf7_ak_js\" value=\"34\"\/><script>document.getElementById( \"ak_js_1\" ).setAttribute( \"value\", ( new Date() ).getTime() );<\/script><\/p><div class=\"wpcf7-response-output\" aria-hidden=\"true\"><\/div>\n<input type=\"hidden\" name=\"trp-form-language\" value=\"fr\"\/><\/form>\n<\/div>\n<\/div>\n<p><!--5f39ae17-8c62-4a45-bc43-b32064c9388a:W3siYmxvY2tUeXBlIjoicGFyYWdyYXBoIiwic3R5bGVzIjp7ImFsaWduIjoibGVmdCIsImluZGVudCI6MCwidGV4dC1pbmRlbnQiOjAsImxpbmUtaGVpZ2h0IjoxLjc1fSwiYmxvY2tJZCI6IjQzMjItMTUyMTE4MzIwNDE4NiIsInJpY2hUZXh0Ijp7ImlzUmljaFRleHQiOnRydWUsImtlZXBMaW5lQnJlYWsiOnRydWUsImRhdGEiOlt7ImNoYXIiOiJbIn0seyJjaGFyIjoiYyJ9LHsiY2hhciI6Im8ifSx7ImNoYXIiOiJuIn0seyJjaGFyIjoidCJ9LHsiY2hhciI6ImEifSx7ImNoYXIiOiJjIn0seyJjaGFyIjoidCJ9LHsiY2hhciI6Ii0ifSx7ImNoYXIiOiJmIn0seyJjaGFyIjoibyJ9LHsiY2hhciI6InIifSx7ImNoYXIiOiJtIn0seyJjaGFyIjoiLSJ9LHsiY2hhciI6IjcifSx7ImNoYXIiOiIgIn0seyJjaGFyIjoiaSJ9LHsiY2hhciI6ImQifSx7ImNoYXIiOiI9In0seyJjaGFyIjoiXCIifSx7ImNoYXIiOiIxIn0seyJjaGFyIjoiOSJ9LHsiY2hhciI6IlwiIn0seyJjaGFyIjoiICJ9LHsiY2hhciI6InQifSx7ImNoYXIiOiJpIn0seyJjaGFyIjoidCJ9LHsiY2hhciI6ImwifSx7ImNoYXIiOiJlIn0seyJjaGFyIjoiPSJ9LHsiY2hhciI6IlwiIn0seyJjaGFyIjoiUyJ9LHsiY2hhciI6InUifSx7ImNoYXIiOiJzIn0seyJjaGFyIjoidCJ9LHsiY2hhciI6ImEifSx7ImNoYXIiOiJpIn0seyJjaGFyIjoibiJ9LHsiY2hhciI6ImEifSx7ImNoYXIiOiJiIn0seyJjaGFyIjoibCJ9LHsiY2hhciI6ImUifSx7ImNoYXIiOiIgIn0seyJjaGFyIjoiQyJ9LHsiY2hhciI6Im8ifSx7ImNoYXIiOiJuIn0seyJjaGFyIjoidCJ9LHsiY2hhciI6ImEifSx7ImNoYXIiOiJjIn0seyJjaGFyIjoidCJ9LHsiY2hhciI6IiAifSx7ImNoYXIiOiJQIn0seyJjaGFyIjoiYSJ9LHsiY2hhciI6ImcifSx7ImNoYXIiOiJlIn0seyJjaGFyIjoiXCIifSx7ImNoYXIiOiJdIn1dfX1d--><\/div>\n<p><!--5f39ae17-8c62-4a45-bc43-b32064c9388a:W3siYmxvY2tUeXBlIjoicGFyYWdyYXBoIiwic3R5bGVzIjp7ImFsaWduIjoibGVmdCIsImluZGVudCI6MCwidGV4dC1pbmRlbnQiOjAsImxpbmUtaGVpZ2h0IjoxLjc1fSwiYmxvY2tJZCI6Ijg1NTEtMTUyMjQwMjQ2MTE0NiIsInJpY2hUZXh0Ijp7ImlzUmljaFRleHQiOnRydWUsImtlZXBMaW5lQnJlYWsiOnRydWUsImRhdGEiOlt7ImNoYXIiOiJXIn0seyJjaGFyIjoiZSJ9LHsiY2hhciI6ImwifSx7ImNoYXIiOiJjIn0seyJjaGFyIjoibyJ9LHsiY2hhciI6Im0ifSx7ImNoYXIiOiJlIn0seyJjaGFyIjoiICJ9LHsiY2hhciI6InQifSx7ImNoYXIiOiJvIn0seyJjaGFyIjoiICJ9LHsiY2hhciI6ImMifSx7ImNoYXIiOiJvIn0seyJjaGFyIjoibiJ9LHsiY2hhciI6InQifSx7ImNoYXIiOiJhIn0seyJjaGFyIjoiYyJ9LHsiY2hhciI6InQifSx7ImNoYXIiOiIgIn0seyJjaGFyIjoiSCJ9LHsiY2hhciI6IkkifSx7ImNoYXIiOiJLIn0seyJjaGFyIjoiSSJ9LHsiY2hhciI6Ik4ifSx7ImNoYXIiOiJHIn0seyJjaGFyIjoiICJ9LHsiY2hhciI6IkcifSx7ImNoYXIiOiJMIn0seyJjaGFyIjoiQSJ9LHsiY2hhciI6IlMifSx7ImNoYXIiOiJTIn0seyJjaGFyIjoiICJ9LHsiY2hhciI6InMifSx7ImNoYXIiOiJhIn0seyJjaGFyIjoibCJ9LHsiY2hhciI6ImUifSx7ImNoYXIiOiJzIn0seyJjaGFyIjoiICJ9LHsiY2hhciI6InQifSx7ImNoYXIiOiJlIn0seyJjaGFyIjoiYSJ9LHsiY2hhciI6Im0ifSx7ImNoYXIiOiIgIn0seyJjaGFyIjoiZiJ9LHsiY2hhciI6Im8ifSx7ImNoYXIiOiJyIn0seyJjaGFyIjoiICJ9LHsiY2hhciI6ImEifSx7ImNoYXIiOiJuIn0seyJjaGFyIjoiICJ9LHsiY2hhciI6ImkifSx7ImNoYXIiOiJuIn0seyJjaGFyIjoicSJ9LHsiY2hhciI6InUifSx7ImNoYXIiOiJpIn0seyJjaGFyIjoiciJ9LHsiY2hhciI6InkifSx7ImNoYXIiOiIgIn0seyJjaGFyIjoibyJ9LHsiY2hhciI6Im4ifSx7ImNoYXIiOiIgIn1dfX1d--><\/p>","protected":false},"excerpt":{"rendered":"<table id=\"tablepress-10\" class=\"tablepress tablepress-id-10\">\n<thead>\n<tr class=\"row-1\">\n\t<th class=\"column-1\">NOM DU PRODUIT<\/th><th class=\"column-2\">BOUTEILLE DE BRANDY EN VERRE BLANC DE PREMI\u00c8RE QUALIT\u00c9 DE 700 ML<\/th>\n<\/tr>\n<\/thead>\n<tbody class=\"row-striping row-hover\">\n<tr class=\"row-2\">\n\t<td class=\"column-1\">TAILLE DU FLACON<\/td><td class=\"column-2\">700ML<\/td>\n<\/tr>\n<tr class=\"row-3\">\n\t<td class=\"column-1\">MAT\u00c9RIAU<\/td><td class=\"column-2\">Verre Super Flint<\/td>\n<\/tr>\n<tr class=\"row-4\">\n\t<td class=\"column-1\">COULEUR<\/td><td class=\"column-2\">Extra Blanc Clair<\/td>\n<\/tr>\n<tr class=\"row-5\">\n\t<td class=\"column-1\">FINITION DU COU<\/td><td class=\"column-2\">Dessus de bar<\/td>\n<\/tr>\n<tr class=\"row-6\">\n\t<td class=\"column-1\">FORME DE LA BOUTEILLE<\/td><td class=\"column-2\">Plat<\/td>\n<\/tr>\n<tr class=\"row-7\">\n\t<td class=\"column-1\">POIDS DU FLACON<\/td><td class=\"column-2\">850G<\/td>\n<\/tr>\n<tr class=\"row-8\">\n\t<td class=\"column-1\">HAUTEUR DU FLACON<\/td><td class=\"column-2\">228MM\u00b12MM<\/td>\n<\/tr>\n<tr class=\"row-9\">\n\t<td class=\"column-1\">DIAM\u00c8TRE DE LA BOUTEILLE<\/td><td class=\"column-2\">92,3MM\u00b12MM<\/td>\n<\/tr>\n<\/tbody>\n<\/table>\n<!-- #tablepress-10 from cache -->","protected":false},"featured_media":3729,"comment_status":"open","ping_status":"closed","template":"","meta":[],"product_brand":[],"product_cat":[67],"product_tag":[],"class_list":{"0":"post-3477","1":"product","2":"type-product","3":"status-publish","4":"has-post-thumbnail","6":"product_cat-700ml-glass-bottles","7":"entry","8":"has-media","10":"first","11":"instock","12":"shipping-taxable","13":"product-type-simple"},"_links":{"self":[{"href":"https:\/\/glassbottlesmanufacturer.com\/fr\/wp-json\/wp\/v2\/product\/3477","targetHints":{"allow":["GET"]}}],"collection":[{"href":"https:\/\/glassbottlesmanufacturer.com\/fr\/wp-json\/wp\/v2\/product"}],"about":[{"href":"https:\/\/glassbottlesmanufacturer.com\/fr\/wp-json\/wp\/v2\/types\/product"}],"replies":[{"embeddable":true,"href":"https:\/\/glassbottlesmanufacturer.com\/fr\/wp-json\/wp\/v2\/comments?post=3477"}],"wp:featuredmedia":[{"embeddable":true,"href":"https:\/\/glassbottlesmanufacturer.com\/fr\/wp-json\/wp\/v2\/media\/3729"}],"wp:attachment":[{"href":"https:\/\/glassbottlesmanufacturer.com\/fr\/wp-json\/wp\/v2\/media?parent=3477"}],"wp:term":[{"taxonomy":"product_brand","embeddable":true,"href":"https:\/\/glassbottlesmanufacturer.com\/fr\/wp-json\/wp\/v2\/product_brand?post=3477"},{"taxonomy":"product_cat","embeddable":true,"href":"https:\/\/glassbottlesmanufacturer.com\/fr\/wp-json\/wp\/v2\/product_cat?post=3477"},{"taxonomy":"product_tag","embeddable":true,"href":"https:\/\/glassbottlesmanufacturer.com\/fr\/wp-json\/wp\/v2\/product_tag?post=3477"}],"curies":[{"name":"wp","href":"https:\/\/api.w.org\/{rel}","templated":true}]}}