{"id":3484,"date":"2017-08-25T01:24:41","date_gmt":"2017-08-25T01:24:41","guid":{"rendered":"https:\/\/glassbottlesmanufacturer.com\/?post_type=product&#038;p=3484"},"modified":"2024-11-11T03:59:32","modified_gmt":"2024-11-11T03:59:32","slug":"3l-glass-bottle-emboss-logo-for-brandy-whisky","status":"publish","type":"product","link":"https:\/\/glassbottlesmanufacturer.com\/fr\/commerce-de-gros\/3l-glass-bottle-emboss-logo-for-brandy-whisky\/","title":{"rendered":"BOUTEILLE EN VERRE DE 3L AVEC LOGO EN RELIEF POUR BRANDY WHISKY"},"content":{"rendered":"<p>This 3L glass bottle is a giant liquor bottle, with a flat shape and emboss artwork and logo on the bottom. The large glass bottle is not as popular as normal size liquor bottles. They are usually used for promotion and development. The 3 liter glass bottle is applied to whisky, you can tell from the picture, there is a whisky text engraved on the glass. The bottle comes with a T-cork top, wood natural work, plastic cork, synthetic cork are suitable for the large glass bottle.<\/p>\n<p><strong>Application de d\u00e9coration<\/strong><\/p>\n<p>Hiking glass bottle company provide a wide range of decorations for large 3L glass bottle. Silk printing, decal, frosting, color spraying, electroplating, labeling, embossing, and engraving. This 500ml alcohol bottle is available for all of above decorations.<\/p>\n<p><strong>Informations sur l'exp\u00e9dition et le fret<\/strong><\/p>\n<ul>\n<li>En stock 5-10 jours.<\/li>\n<\/ul>\n<p>Plain clear 3L glass bottles are available for immediate delivery(with the exception of official holidays and inclement weather). Depending on the bottle decoration, packaging way and shipping schedule. Pallets packaging is faster than cartons packaging.<\/p>\n<ul>\n<li>Stock de production 7-15 jours<\/li>\n<\/ul>\n<p>Les bouteilles en verre sont disponibles sur notre site de production. L'usine de bouteilles en verre Hiking fabrique 10 000 pi\u00e8ces de bouteilles en verre par jour. En fonction de la d\u00e9coration de la bouteille, du mode d'emballage et du calendrier d'exp\u00e9dition, l'emballage sur palette est plus rapide que l'emballage sur carton. L'emballage en palettes est plus rapide que l'emballage en cartons.<\/p>\n<ul>\n<li>Commande sp\u00e9ciale 20-30 jours<\/li>\n<\/ul>\n<p>Les bouteilles en verre sont pr\u00eates Les moules en verre Hiking sont disponibles pour une production rapide au lieu de fabriquer de nouveaux moules. En tant que leader dans la fabrication de bouteilles en verre, HIKING propose des milliers de mod\u00e8les. En fonction de la d\u00e9coration de la bouteille de verre, du mode d'emballage et du calendrier de production.<\/p>\n<ul>\n<li>Commande personnalis\u00e9e<\/li>\n<\/ul>\n<p>Les bouteilles en verre sont con\u00e7ues par les clients. Ces types de bouteilles en verre personnalis\u00e9es sont g\u00e9n\u00e9ralement accompagn\u00e9es du logo de la marque en relief ou grav\u00e9. Il faut g\u00e9n\u00e9ralement compter 15 jours pour l'\u00e9chantillon et 20 \u00e0 30 jours pour la commande officielle apr\u00e8s approbation de l'\u00e9chantillon de la bouteille en verre.<\/p>\n<div>Welcome to contact HIKING GLASS sales team for an inquiry on 3l glass bottle<\/div>\n<p><!--5f39ae17-8c62-4a45-bc43-b32064c9388a:W3siYmxvY2tUeXBlIjoicGFyYWdyYXBoIiwic3R5bGVzIjp7ImFsaWduIjoibGVmdCIsImluZGVudCI6MCwidGV4dC1pbmRlbnQiOjAsImxpbmUtaGVpZ2h0IjoxLjc1fSwiYmxvY2tJZCI6Ijg1NTEtMTUyMjQwMjQ2MTE0NiIsInJpY2hUZXh0Ijp7ImlzUmljaFRleHQiOnRydWUsImtlZXBMaW5lQnJlYWsiOnRydWUsImRhdGEiOlt7ImNoYXIiOiJXIn0seyJjaGFyIjoiZSJ9LHsiY2hhciI6ImwifSx7ImNoYXIiOiJjIn0seyJjaGFyIjoibyJ9LHsiY2hhciI6Im0ifSx7ImNoYXIiOiJlIn0seyJjaGFyIjoiICJ9LHsiY2hhciI6InQifSx7ImNoYXIiOiJvIn0seyJjaGFyIjoiICJ9LHsiY2hhciI6ImMifSx7ImNoYXIiOiJvIn0seyJjaGFyIjoibiJ9LHsiY2hhciI6InQifSx7ImNoYXIiOiJhIn0seyJjaGFyIjoiYyJ9LHsiY2hhciI6InQifSx7ImNoYXIiOiIgIn0seyJjaGFyIjoiSCJ9LHsiY2hhciI6IkkifSx7ImNoYXIiOiJLIn0seyJjaGFyIjoiSSJ9LHsiY2hhciI6Ik4ifSx7ImNoYXIiOiJHIn0seyJjaGFyIjoiICJ9LHsiY2hhciI6IkcifSx7ImNoYXIiOiJMIn0seyJjaGFyIjoiQSJ9LHsiY2hhciI6IlMifSx7ImNoYXIiOiJTIn0seyJjaGFyIjoiICJ9LHsiY2hhciI6InMifSx7ImNoYXIiOiJhIn0seyJjaGFyIjoibCJ9LHsiY2hhciI6ImUifSx7ImNoYXIiOiJzIn0seyJjaGFyIjoiICJ9LHsiY2hhciI6InQifSx7ImNoYXIiOiJlIn0seyJjaGFyIjoiYSJ9LHsiY2hhciI6Im0ifSx7ImNoYXIiOiIgIn0seyJjaGFyIjoiZiJ9LHsiY2hhciI6Im8ifSx7ImNoYXIiOiJyIn0seyJjaGFyIjoiICJ9LHsiY2hhciI6ImEifSx7ImNoYXIiOiJuIn0seyJjaGFyIjoiICJ9LHsiY2hhciI6ImkifSx7ImNoYXIiOiJuIn0seyJjaGFyIjoicSJ9LHsiY2hhciI6InUifSx7ImNoYXIiOiJpIn0seyJjaGFyIjoiciJ9LHsiY2hhciI6InkifSx7ImNoYXIiOiIgIn0seyJjaGFyIjoibyJ9LHsiY2hhciI6Im4ifSx7ImNoYXIiOiIgIn1dfX1d--><\/p>\n<div>\n<div class=\"wpcf7 no-js\" id=\"wpcf7-f19-o1\" lang=\"en-US\" dir=\"ltr\" data-wpcf7-id=\"19\">\n<div class=\"screen-reader-response\"><p role=\"status\" aria-live=\"polite\" aria-atomic=\"true\"><\/p> <ul><\/ul><\/div>\n<form action=\"\/fr\/wp-json\/wp\/v2\/product\/3484#wpcf7-f19-o1\" method=\"post\" class=\"wpcf7-form init\" aria-label=\"Contact form\" novalidate=\"novalidate\" data-status=\"init\" data-trp-original-action=\"\/fr\/wp-json\/wp\/v2\/product\/3484#wpcf7-f19-o1\">\n<fieldset class=\"hidden-fields-container\"><input type=\"hidden\" name=\"_wpcf7\" value=\"19\" \/><input type=\"hidden\" name=\"_wpcf7_version\" value=\"6.1.5\" \/><input type=\"hidden\" name=\"_wpcf7_locale\" value=\"en_US\" \/><input type=\"hidden\" name=\"_wpcf7_unit_tag\" value=\"wpcf7-f19-o1\" \/><input type=\"hidden\" name=\"_wpcf7_container_post\" value=\"0\" \/><input type=\"hidden\" name=\"_wpcf7_posted_data_hash\" value=\"\" \/><input type=\"hidden\" name=\"_wpcf7dtx_version\" value=\"5.0.5\" \/>\n<\/fieldset>\n<p hidden><span class=\"wpcf7-form-control-wrap dynamictext-312\" data-name=\"dynamictext-312\"><input type=\"text\" name=\"dynamictext-312\" class=\"wpcf7-form-control wpcf7-text wpcf7dtx wpcf7dtx-text\" aria-invalid=\"false\" value=\"3L GLASS BOTTLE EMBOSS LOGO FOR BRANDY WHISKY\"><\/span>\n<\/p>\n<p><span class=\"wpcf7-form-control-wrap\" data-name=\"your-name\"><input size=\"40\" maxlength=\"400\" class=\"wpcf7-form-control wpcf7-text wpcf7-validates-as-required\" aria-required=\"true\" aria-invalid=\"false\" placeholder=\"Votre nom\" value=\"\" type=\"text\" name=\"your-name\" \/><\/span>\n<\/p>\n<p><span class=\"wpcf7-form-control-wrap\" data-name=\"your-email\"><input size=\"40\" maxlength=\"400\" class=\"wpcf7-form-control wpcf7-email wpcf7-validates-as-required wpcf7-text wpcf7-validates-as-email\" aria-required=\"true\" aria-invalid=\"false\" placeholder=\"Votre courriel\" value=\"\" type=\"email\" name=\"your-email\" \/><\/span>\n<\/p>\n<p><span class=\"wpcf7-form-control-wrap\" data-name=\"your-subject\"><input size=\"40\" maxlength=\"400\" class=\"wpcf7-form-control wpcf7-text wpcf7-validates-as-required\" aria-required=\"true\" aria-invalid=\"false\" placeholder=\"Objet du message\" value=\"\" type=\"text\" name=\"your-subject\" \/><\/span>\n<\/p>\n<p><span class=\"wpcf7-form-control-wrap\" data-name=\"your-message\"><textarea cols=\"40\" rows=\"10\" maxlength=\"2000\" class=\"wpcf7-form-control wpcf7-textarea\" aria-invalid=\"false\" placeholder=\"Tapez votre message ici...\" name=\"your-message\"><\/textarea><\/span>\n<\/p>\n<div style=\"display:none\">\n\t<p><span class=\"wpcf7-form-control-wrap form-url\" data-name=\"form-url\"><input type=\"text\" name=\"form-url\" class=\"wpcf7-form-control wpcf7-text wpcf7dtx wpcf7dtx-text\" aria-invalid=\"false\" value=\"https:\/\/glassbottlesmanufacturer.com\/fr\/fr\/wp-json\/wp\/v2\/product\/3484\"><\/span>\n\t<\/p>\n<\/div>\n<div style=\"margin-bottom:10px;\">\n\t<p><span class=\"wpcf7-form-control-wrap kc_captcha\" data-name=\"kc_captcha\"><span class=\"wpcf7-form-control wpcf7-radio\"><span class=\"captcha-image\" ><span class=\"cf7ic_instructions\">Please prove you are human by selecting the<span> cup<\/span>.<\/span><label><input aria-label=\"1\" type=\"radio\" name=\"kc_captcha\" value=\"kc_human\" \/><svg aria-hidden=\"true\" role=\"img\" xmlns=\"http:\/\/www.w3.org\/2000\/svg\" viewbox=\"0 0 640 512\"><path fill=\"currentColor\" d=\"M192 384h192c53 0 96-43 96-96h32a128 128 0 000-256H120c-13 0-24 11-24 24v232c0 53 43 96 96 96zM512 96a64 64 0 010 128h-32V96h32zm48 384H48c-47 0-61-64-36-64h584c25 0 11 64-36 64z\"\/><\/svg><\/label><label><input aria-label=\"2\" type=\"radio\" name=\"kc_captcha\" value=\"bot\" \/><svg aria-hidden=\"true\" role=\"img\" xmlns=\"http:\/\/www.w3.org\/2000\/svg\" viewbox=\"0 0 512 512\"><path fill=\"currentColor\" d=\"M350 99c-54 0-98-35-166-35-25 0-47 4-68 12a56 56 0 004-24C118 24 95 1 66 0a56 56 0 00-34 102v386c0 13 11 24 24 24h16c13 0 24-11 24-24v-94c28-12 64-23 114-23 54 0 98 35 166 35 48 0 86-16 122-41 9-6 14-15 14-26V96c0-23-24-39-45-29-35 16-77 32-117 32z\"\/><\/svg><\/label><label><input aria-label=\"3\" type=\"radio\" name=\"kc_captcha\" value=\"bot\" \/><svg aria-hidden=\"true\" role=\"img\" xmlns=\"http:\/\/www.w3.org\/2000\/svg\" viewbox=\"0 0 576 512\"><path fill=\"currentColor\" d=\"M472 200H360L256 6a12 12 0 00-10-6h-58c-8 0-14 7-12 15l34 185H100l-35-58a12 12 0 00-10-6H12c-8 0-13 7-12 14l21 106L0 362c-1 7 4 14 12 14h43c4 0 8-2 10-6l35-58h110l-34 185c-2 8 4 15 12 15h58a12 12 0 0010-6l104-194h112c57 0 104-25 104-56s-47-56-104-56z\"\/><\/svg><\/label>\r\n    <\/span>\r\n    <span style=\"display:none\">\r\n        <input type=\"text\" name=\"kc_honeypot\">\r\n    <\/span><\/span><\/span>\n\t<\/p>\n<\/div>\n<p><input class=\"wpcf7-form-control wpcf7-submit has-spinner\" type=\"submit\" value=\"Envoyez votre message\" \/>\n<\/p><p style=\"display: none !important;\" class=\"akismet-fields-container\" data-prefix=\"_wpcf7_ak_\"><label>&#916;<textarea name=\"_wpcf7_ak_hp_textarea\" cols=\"45\" rows=\"8\" maxlength=\"100\"><\/textarea><\/label><input type=\"hidden\" id=\"ak_js_1\" name=\"_wpcf7_ak_js\" value=\"198\"\/><script>document.getElementById( \"ak_js_1\" ).setAttribute( \"value\", ( new Date() ).getTime() );<\/script><\/p><div class=\"wpcf7-response-output\" aria-hidden=\"true\"><\/div>\n<input type=\"hidden\" name=\"trp-form-language\" value=\"fr\"\/><\/form>\n<\/div>\n<\/div>\n<p><!--5f39ae17-8c62-4a45-bc43-b32064c9388a:W3siYmxvY2tUeXBlIjoicGFyYWdyYXBoIiwic3R5bGVzIjp7ImFsaWduIjoibGVmdCIsImluZGVudCI6MCwidGV4dC1pbmRlbnQiOjAsImxpbmUtaGVpZ2h0IjoxLjc1fSwiYmxvY2tJZCI6IjQzMjItMTUyMTE4MzIwNDE4NiIsInJpY2hUZXh0Ijp7ImlzUmljaFRleHQiOnRydWUsImtlZXBMaW5lQnJlYWsiOnRydWUsImRhdGEiOlt7ImNoYXIiOiJbIn0seyJjaGFyIjoiYyJ9LHsiY2hhciI6Im8ifSx7ImNoYXIiOiJuIn0seyJjaGFyIjoidCJ9LHsiY2hhciI6ImEifSx7ImNoYXIiOiJjIn0seyJjaGFyIjoidCJ9LHsiY2hhciI6Ii0ifSx7ImNoYXIiOiJmIn0seyJjaGFyIjoibyJ9LHsiY2hhciI6InIifSx7ImNoYXIiOiJtIn0seyJjaGFyIjoiLSJ9LHsiY2hhciI6IjcifSx7ImNoYXIiOiIgIn0seyJjaGFyIjoiaSJ9LHsiY2hhciI6ImQifSx7ImNoYXIiOiI9In0seyJjaGFyIjoiXCIifSx7ImNoYXIiOiIxIn0seyJjaGFyIjoiOSJ9LHsiY2hhciI6IlwiIn0seyJjaGFyIjoiICJ9LHsiY2hhciI6InQifSx7ImNoYXIiOiJpIn0seyJjaGFyIjoidCJ9LHsiY2hhciI6ImwifSx7ImNoYXIiOiJlIn0seyJjaGFyIjoiPSJ9LHsiY2hhciI6IlwiIn0seyJjaGFyIjoiUyJ9LHsiY2hhciI6InUifSx7ImNoYXIiOiJzIn0seyJjaGFyIjoidCJ9LHsiY2hhciI6ImEifSx7ImNoYXIiOiJpIn0seyJjaGFyIjoibiJ9LHsiY2hhciI6ImEifSx7ImNoYXIiOiJiIn0seyJjaGFyIjoibCJ9LHsiY2hhciI6ImUifSx7ImNoYXIiOiIgIn0seyJjaGFyIjoiQyJ9LHsiY2hhciI6Im8ifSx7ImNoYXIiOiJuIn0seyJjaGFyIjoidCJ9LHsiY2hhciI6ImEifSx7ImNoYXIiOiJjIn0seyJjaGFyIjoidCJ9LHsiY2hhciI6IiAifSx7ImNoYXIiOiJQIn0seyJjaGFyIjoiYSJ9LHsiY2hhciI6ImcifSx7ImNoYXIiOiJlIn0seyJjaGFyIjoiXCIifSx7ImNoYXIiOiJdIn1dfX1d--><\/p>","protected":false},"excerpt":{"rendered":"<table id=\"tablepress-6\" class=\"tablepress tablepress-id-6\">\n<thead>\n<tr class=\"row-1\">\n\t<th class=\"column-1\">NOM DU PRODUIT<\/th><th class=\"column-2\">BOUTEILLE EN VERRE DE 3L AVEC LOGO EN RELIEF POUR BRANDY WHISKY<\/th>\n<\/tr>\n<\/thead>\n<tbody class=\"row-striping row-hover\">\n<tr class=\"row-2\">\n\t<td class=\"column-1\">TAILLE DU FLACON<\/td><td class=\"column-2\">3L<\/td>\n<\/tr>\n<tr class=\"row-3\">\n\t<td class=\"column-1\">MAT\u00c9RIAU<\/td><td class=\"column-2\">Verre Super Flint<\/td>\n<\/tr>\n<tr class=\"row-4\">\n\t<td class=\"column-1\">COULEUR<\/td><td class=\"column-2\">Extra Blanc Clair<\/td>\n<\/tr>\n<tr class=\"row-5\">\n\t<td class=\"column-1\">FINITION DU COU<\/td><td class=\"column-2\">T-Cork<\/td>\n<\/tr>\n<tr class=\"row-6\">\n\t<td class=\"column-1\">FORME DE LA BOUTEILLE<\/td><td class=\"column-2\">Plat<\/td>\n<\/tr>\n<tr class=\"row-7\">\n\t<td class=\"column-1\">POIDS DU FLACON<\/td><td class=\"column-2\">1.1KG<\/td>\n<\/tr>\n<tr class=\"row-8\">\n\t<td class=\"column-1\">HAUTEUR DU FLACON<\/td><td class=\"column-2\">228MM\u00b12MM<\/td>\n<\/tr>\n<tr class=\"row-9\">\n\t<td class=\"column-1\">DIAM\u00c8TRE DE LA BOUTEILLE<\/td><td class=\"column-2\">92,3MM\u00b12MM<\/td>\n<\/tr>\n<\/tbody>\n<\/table>\n<!-- #tablepress-6 from cache -->","protected":false},"featured_media":3715,"comment_status":"open","ping_status":"closed","template":"","meta":[],"product_brand":[],"product_cat":[70],"product_tag":[],"class_list":{"0":"post-3484","1":"product","2":"type-product","3":"status-publish","4":"has-post-thumbnail","6":"product_cat-other-size-glass-bottles","7":"entry","8":"has-media","10":"first","11":"instock","12":"shipping-taxable","13":"product-type-simple"},"_links":{"self":[{"href":"https:\/\/glassbottlesmanufacturer.com\/fr\/wp-json\/wp\/v2\/product\/3484","targetHints":{"allow":["GET"]}}],"collection":[{"href":"https:\/\/glassbottlesmanufacturer.com\/fr\/wp-json\/wp\/v2\/product"}],"about":[{"href":"https:\/\/glassbottlesmanufacturer.com\/fr\/wp-json\/wp\/v2\/types\/product"}],"replies":[{"embeddable":true,"href":"https:\/\/glassbottlesmanufacturer.com\/fr\/wp-json\/wp\/v2\/comments?post=3484"}],"wp:featuredmedia":[{"embeddable":true,"href":"https:\/\/glassbottlesmanufacturer.com\/fr\/wp-json\/wp\/v2\/media\/3715"}],"wp:attachment":[{"href":"https:\/\/glassbottlesmanufacturer.com\/fr\/wp-json\/wp\/v2\/media?parent=3484"}],"wp:term":[{"taxonomy":"product_brand","embeddable":true,"href":"https:\/\/glassbottlesmanufacturer.com\/fr\/wp-json\/wp\/v2\/product_brand?post=3484"},{"taxonomy":"product_cat","embeddable":true,"href":"https:\/\/glassbottlesmanufacturer.com\/fr\/wp-json\/wp\/v2\/product_cat?post=3484"},{"taxonomy":"product_tag","embeddable":true,"href":"https:\/\/glassbottlesmanufacturer.com\/fr\/wp-json\/wp\/v2\/product_tag?post=3484"}],"curies":[{"name":"wp","href":"https:\/\/api.w.org\/{rel}","templated":true}]}}