{"id":3813,"date":"2017-09-20T03:15:49","date_gmt":"2017-09-20T03:15:49","guid":{"rendered":"https:\/\/glassbottlesmanufacturer.com\/?post_type=product&#038;p=3813"},"modified":"2024-07-08T13:42:43","modified_gmt":"2024-07-08T13:42:43","slug":"round-shape-glass-bottles-for-alcohol","status":"publish","type":"product","link":"https:\/\/glassbottlesmanufacturer.com\/fr\/commerce-de-gros\/round-shape-glass-bottles-for-alcohol\/","title":{"rendered":"BOUTEILLES EN VERRE DE FORME RONDE POUR L'ALCOOL"},"content":{"rendered":"<p>Round shape alcohol glass bottles are widely used in many spirit brand. The easy handling and labeling features attract many filling plants apply to on their vodka, whiskey, brandy, cognac rum, and tequila. These 500ml round shape glass bottles for alcohol are manufactured by HIKING glass, use the type I glass material to keep the high degree transparency and clearance. This 500ml spirit bottle comes with a solid crystal glass cap, there are round, square, flat shape glass caps for client&#8217;s reference. There is a rubber screw cork connect with the glass cap bottom to vacuum seal the bottle. The 5o0ml liquor bottle is a good choice for spirit packaging.<\/p>\n<h4><strong>Application de d\u00e9coration<\/strong><\/h4>\n<p>HIKING Glass bottle manufacturer offers an abundant of deep decorations and multi surface handling for round shape glass bottles for alcohol. You can enjoy one stop service from HIKING glass bottle factory, such as printing logo on the spirit glass bottles, spraying colors on the clear surface, and UV electroplating glossy and shiny colors to improve the market grade.<\/p>\n<h4><strong>Informations sur l'exp\u00e9dition et le fret<\/strong><\/h4>\n<ul>\n<li>Bouteilles en verre ordinaire En stock 5-10 jours.<\/li>\n<\/ul>\n<p>HIKING glass bottle manufacturer supply sufficient stock for hot sale glass spirit bottles. Especially this 500ml round shape spirit bottle, since is is very popular in China market. HIKING Glass bottle factory can deliver the cargo with one week for stock glass bottles if use our standard packaging method. For custom colored box packaging, it will take longer time.<\/p>\n<ul>\n<li>Stock de production 7-15 jours<\/li>\n<\/ul>\n<p>If the spirit glass bottles are available at HIKING production line, then we can update the glass bottle schedule to make fast delivery real. One week for plain clear glass bottles without any decoration. Two weeks for alcohol glass bottles with decoration, like silk screen printing, frosting, spraying, electroplating, etc.<\/p>\n<ul>\n<li>Commande sp\u00e9ciale 20-30 jours<\/li>\n<\/ul>\n<p>La soci\u00e9t\u00e9 HIKING glass bottle company a d\u00e9velopp\u00e9 des milliers de moules pour bouteilles en verre au cours des 10 derni\u00e8res ann\u00e9es. La plupart des bouteilles de spiritueux sont tr\u00e8s demand\u00e9es dans de nombreux pays, notamment les bouteilles de vodka de 750 ml, les bouteilles de brandy de 700 ml, les bouteilles de whisky de 75 cl et les bouteilles de cognac de 500 ml. Si la soci\u00e9t\u00e9 de distillation choisit les mod\u00e8les de bouteilles en verre HIKING exist, elle \u00e9conomisera le co\u00fbt du moule et acc\u00e9l\u00e9rera le d\u00e9lai de livraison. Ces bouteilles en verre pour spiritueux sont disponibles pour un tirage rapide au lieu d'am\u00e9liorer un nouveau moule. Pour l'emballage standard, il faut compter 20 jours pour l'achat de bouteilles en verre en vrac. Et 30 jours pour les emballages sp\u00e9ciaux, comme les bo\u00eetes color\u00e9es.<\/p>\n<ul>\n<li>Commande sur mesure 40 jours<\/li>\n<\/ul>\n<p>Some distillery company owns their exclusive liquor packaging, so they have their own glass bottle packaging. In this way, if they provide their glass bottle drawing, or glass bottle sample, even a glass bottle picture, HIKING glass bottle supplier will develop or copy a same glass bottle. \u00a0We can emboss logo on liquor glass bottles, and engrave pattern on glass spirit bottles. It takes 15 days to make the glass bottle mold and finish the glass bottle samples. An official glass bottle order starts after the liquor bottle samples approved by clients.<\/p>\n<h4>Emballage des bouteilles en verre<\/h4>\n<p>L'usine de bouteilles en verre HIKING fournit un emballage s\u00fbr pour le transport \u00e0 long terme sur terre et sur mer. Nos ing\u00e9nieurs proposent diff\u00e9rentes m\u00e9thodes d'emballage pour r\u00e9pondre aux exigences des clients. Nous proposons les solutions d'emballage de bouteilles en verre les plus \u00e9conomiques en fonction des co\u00fbts multiples dans le pays du client.<\/p>\n<ul>\n<li>Emballage en carton standard<\/li>\n<\/ul>\n<p>L'emballage en carton est id\u00e9al pour les bouteilles en verre spiritueux d\u00e9cor\u00e9es, comme les bouteilles en verre imprim\u00e9 et les bouteilles en verre color\u00e9. Des s\u00e9parations en carton divisent chaque bouteille, ce qui \u00e9vite les frottements. L'emballage en carton est largement utilis\u00e9 dans les pays o\u00f9 le co\u00fbt de la main-d'\u0153uvre est faible.<\/p>\n<ul>\n<li>Emballage de palettes (sans fumigation)<\/li>\n<\/ul>\n<p>L'emballage sur palette est g\u00e9n\u00e9ralement destin\u00e9 aux bouteilles de liqueur en verre ordinaire, aux bouteilles en verre transparent sans aucune manipulation de surface. L'avantage de l'emballage sur palette est la facilit\u00e9 de chargement et de d\u00e9chargement. Chaque bouteille est envelopp\u00e9e dans du papier journal ou un sac en PE et fix\u00e9e sur chaque espace s\u00e9par\u00e9. L'emballage sur palette est largement utilis\u00e9 dans les pays o\u00f9 le co\u00fbt de la main-d'\u0153uvre est \u00e9lev\u00e9.<\/p>\n<ul>\n<li>Emballage en bo\u00eetes color\u00e9es personnalis\u00e9es<\/li>\n<\/ul>\n<p>Le fabricant de bouteilles de spiritueux en verre HIKING accepte \u00e9galement les emballages en bo\u00eetes color\u00e9es. Les distilleries utilisent g\u00e9n\u00e9ralement 6 bouteilles en verre par bo\u00eete ou 12 bouteilles en verre par bo\u00eete. HIKING a d\u00e9velopp\u00e9 une nouvelle bo\u00eete d'emballage sans ruban adh\u00e9sif, suffisamment solide pour les d\u00e9taillants de spiritueux. La finition de la bo\u00eete peut \u00eatre brillante ou mate, en fonction de la demande du client. Pour assurer la s\u00e9curit\u00e9 de la bo\u00eete et \u00e9viter les rayures, la bo\u00eete color\u00e9e est plac\u00e9e sur des palettes et prot\u00e9g\u00e9e par un film.<\/p>\n<h4>Welcome to Custom Glass Bottles<\/h4>\n<div>\n<div class=\"wpcf7 no-js\" id=\"wpcf7-f19-o1\" lang=\"en-US\" dir=\"ltr\" data-wpcf7-id=\"19\">\n<div class=\"screen-reader-response\"><p role=\"status\" aria-live=\"polite\" aria-atomic=\"true\"><\/p> <ul><\/ul><\/div>\n<form action=\"\/fr\/wp-json\/wp\/v2\/product\/3813#wpcf7-f19-o1\" method=\"post\" class=\"wpcf7-form init\" aria-label=\"Contact form\" novalidate=\"novalidate\" data-status=\"init\" data-trp-original-action=\"\/fr\/wp-json\/wp\/v2\/product\/3813#wpcf7-f19-o1\">\n<fieldset class=\"hidden-fields-container\"><input type=\"hidden\" name=\"_wpcf7\" value=\"19\" \/><input type=\"hidden\" name=\"_wpcf7_version\" value=\"6.1.5\" \/><input type=\"hidden\" name=\"_wpcf7_locale\" value=\"en_US\" \/><input type=\"hidden\" name=\"_wpcf7_unit_tag\" value=\"wpcf7-f19-o1\" \/><input type=\"hidden\" name=\"_wpcf7_container_post\" value=\"0\" \/><input type=\"hidden\" name=\"_wpcf7_posted_data_hash\" value=\"\" \/><input type=\"hidden\" name=\"_wpcf7dtx_version\" value=\"5.0.5\" \/>\n<\/fieldset>\n<p hidden><span class=\"wpcf7-form-control-wrap dynamictext-312\" data-name=\"dynamictext-312\"><input type=\"text\" name=\"dynamictext-312\" class=\"wpcf7-form-control wpcf7-text wpcf7dtx wpcf7dtx-text\" aria-invalid=\"false\" value=\"ROUND SHAPE GLASS BOTTLES FOR ALCOHOL\"><\/span>\n<\/p>\n<p><span class=\"wpcf7-form-control-wrap\" data-name=\"your-name\"><input size=\"40\" maxlength=\"400\" class=\"wpcf7-form-control wpcf7-text wpcf7-validates-as-required\" aria-required=\"true\" aria-invalid=\"false\" placeholder=\"Votre nom\" value=\"\" type=\"text\" name=\"your-name\" \/><\/span>\n<\/p>\n<p><span class=\"wpcf7-form-control-wrap\" data-name=\"your-email\"><input size=\"40\" maxlength=\"400\" class=\"wpcf7-form-control wpcf7-email wpcf7-validates-as-required wpcf7-text wpcf7-validates-as-email\" aria-required=\"true\" aria-invalid=\"false\" placeholder=\"Votre courriel\" value=\"\" type=\"email\" name=\"your-email\" \/><\/span>\n<\/p>\n<p><span class=\"wpcf7-form-control-wrap\" data-name=\"your-subject\"><input size=\"40\" maxlength=\"400\" class=\"wpcf7-form-control wpcf7-text wpcf7-validates-as-required\" aria-required=\"true\" aria-invalid=\"false\" placeholder=\"Objet du message\" value=\"\" type=\"text\" name=\"your-subject\" \/><\/span>\n<\/p>\n<p><span class=\"wpcf7-form-control-wrap\" data-name=\"your-message\"><textarea cols=\"40\" rows=\"10\" maxlength=\"2000\" class=\"wpcf7-form-control wpcf7-textarea\" aria-invalid=\"false\" placeholder=\"Tapez votre message ici...\" name=\"your-message\"><\/textarea><\/span>\n<\/p>\n<div style=\"display:none\">\n\t<p><span class=\"wpcf7-form-control-wrap form-url\" data-name=\"form-url\"><input type=\"text\" name=\"form-url\" class=\"wpcf7-form-control wpcf7-text wpcf7dtx wpcf7dtx-text\" aria-invalid=\"false\" value=\"https:\/\/glassbottlesmanufacturer.com\/fr\/fr\/wp-json\/wp\/v2\/product\/3813\"><\/span>\n\t<\/p>\n<\/div>\n<div style=\"margin-bottom:10px;\">\n\t<p><span class=\"wpcf7-form-control-wrap kc_captcha\" data-name=\"kc_captcha\"><span class=\"wpcf7-form-control wpcf7-radio\"><span class=\"captcha-image\" ><span class=\"cf7ic_instructions\">Please prove you are human by selecting the<span> star<\/span>.<\/span><label><input aria-label=\"1\" type=\"radio\" name=\"kc_captcha\" value=\"bot\" \/><svg aria-hidden=\"true\" role=\"img\" xmlns=\"http:\/\/www.w3.org\/2000\/svg\" viewbox=\"0 0 576 512\"><path fill=\"currentColor\" d=\"M488 313v143c0 13-11 24-24 24H348c-7 0-12-5-12-12V356c0-7-5-12-12-12h-72c-7 0-12 5-12 12v112c0 7-5 12-12 12H112c-13 0-24-11-24-24V313c0-4 2-7 4-10l188-154c5-4 11-4 16 0l188 154c2 3 4 6 4 10zm84-61l-84-69V44c0-6-5-12-12-12h-56c-7 0-12 6-12 12v73l-89-74a48 48 0 00-61 0L4 252c-5 4-5 12-1 17l25 31c5 5 12 5 17 1l235-193c5-4 11-4 16 0l235 193c5 5 13 4 17-1l25-31c4-6 4-13-1-17z\"\/><\/svg><\/label><label><input aria-label=\"2\" type=\"radio\" name=\"kc_captcha\" value=\"kc_human\" \/><svg aria-hidden=\"true\" role=\"img\" xmlns=\"http:\/\/www.w3.org\/2000\/svg\" viewbox=\"0 0 576 512\"><path fill=\"currentColor\" d=\"M259 18l-65 132-146 22c-26 3-37 36-18 54l106 103-25 146c-5 26 23 46 46 33l131-68 131 68c23 13 51-7 46-33l-25-146 106-103c19-18 8-51-18-54l-146-22-65-132a32 32 0 00-58 0z\"\/><\/svg><\/label><label><input aria-label=\"3\" type=\"radio\" name=\"kc_captcha\" value=\"bot\" \/><svg aria-hidden=\"true\" role=\"img\" xmlns=\"http:\/\/www.w3.org\/2000\/svg\" viewbox=\"0 0 384 512\"><path fill=\"currentColor\" d=\"M377 375l-83-87h34c21 0 32-25 17-40l-82-88h33c21 0 32-25 18-40L210 8c-10-11-26-11-36 0L70 120c-14 15-3 40 18 40h33l-82 88c-15 15-4 40 17 40h34L7 375c-15 16-4 41 17 41h120c0 33-11 49-34 68-12 9-5 28 10 28h144c15 0 22-19 10-28-20-16-34-32-34-68h120c21 0 32-25 17-41z\"\/><\/svg><\/label>\r\n    <\/span>\r\n    <span style=\"display:none\">\r\n        <input type=\"text\" name=\"kc_honeypot\">\r\n    <\/span><\/span><\/span>\n\t<\/p>\n<\/div>\n<p><input class=\"wpcf7-form-control wpcf7-submit has-spinner\" type=\"submit\" value=\"Envoyez votre message\" \/>\n<\/p><p style=\"display: none !important;\" class=\"akismet-fields-container\" data-prefix=\"_wpcf7_ak_\"><label>&#916;<textarea name=\"_wpcf7_ak_hp_textarea\" cols=\"45\" rows=\"8\" maxlength=\"100\"><\/textarea><\/label><input type=\"hidden\" id=\"ak_js_1\" name=\"_wpcf7_ak_js\" value=\"67\"\/><script>document.getElementById( \"ak_js_1\" ).setAttribute( \"value\", ( new Date() ).getTime() );<\/script><\/p><div class=\"wpcf7-response-output\" aria-hidden=\"true\"><\/div>\n<input type=\"hidden\" name=\"trp-form-language\" value=\"fr\"\/><\/form>\n<\/div>\n<\/div>","protected":false},"excerpt":{"rendered":"<table id=\"tablepress-19\" class=\"tablepress tablepress-id-19\">\n<thead>\n<tr class=\"row-1\">\n\t<th class=\"column-1\">NOM DU PRODUIT<\/th><th class=\"column-2\">BOUTEILLES EN VERRE DE FORME RONDE POUR L'ALCOOL<\/th>\n<\/tr>\n<\/thead>\n<tbody class=\"row-striping row-hover\">\n<tr class=\"row-2\">\n\t<td class=\"column-1\">TAILLE DU FLACON<\/td><td class=\"column-2\">500ML<\/td>\n<\/tr>\n<tr class=\"row-3\">\n\t<td class=\"column-1\">MAT\u00c9RIAU<\/td><td class=\"column-2\">Type 1 Glass<\/td>\n<\/tr>\n<tr class=\"row-4\">\n\t<td class=\"column-1\">COULEUR<\/td><td class=\"column-2\">Clear<\/td>\n<\/tr>\n<tr class=\"row-5\">\n\t<td class=\"column-1\">FINITION DU COU<\/td><td class=\"column-2\">Glass Cap Finish<\/td>\n<\/tr>\n<tr class=\"row-6\">\n\t<td class=\"column-1\">FORME DE LA BOUTEILLE<\/td><td class=\"column-2\">Rond<\/td>\n<\/tr>\n<tr class=\"row-7\">\n\t<td class=\"column-1\">POIDS DU FLACON<\/td><td class=\"column-2\">680G<\/td>\n<\/tr>\n<tr class=\"row-8\">\n\t<td class=\"column-1\">HAUTEUR DU FLACON<\/td><td class=\"column-2\">228MM\u00b12MM<\/td>\n<\/tr>\n<tr class=\"row-9\">\n\t<td class=\"column-1\">DIAM\u00c8TRE DE LA BOUTEILLE<\/td><td class=\"column-2\">92,4MM\u00b12MM<\/td>\n<\/tr>\n<\/tbody>\n<\/table>\n<!-- #tablepress-19 from cache -->","protected":false},"featured_media":3814,"comment_status":"open","ping_status":"closed","template":"","meta":[],"product_brand":[],"product_cat":[66],"product_tag":[],"class_list":{"0":"post-3813","1":"product","2":"type-product","3":"status-publish","4":"has-post-thumbnail","6":"product_cat-500ml-glass-bottles","7":"entry","8":"has-media","10":"first","11":"instock","12":"shipping-taxable","13":"product-type-simple"},"_links":{"self":[{"href":"https:\/\/glassbottlesmanufacturer.com\/fr\/wp-json\/wp\/v2\/product\/3813","targetHints":{"allow":["GET"]}}],"collection":[{"href":"https:\/\/glassbottlesmanufacturer.com\/fr\/wp-json\/wp\/v2\/product"}],"about":[{"href":"https:\/\/glassbottlesmanufacturer.com\/fr\/wp-json\/wp\/v2\/types\/product"}],"replies":[{"embeddable":true,"href":"https:\/\/glassbottlesmanufacturer.com\/fr\/wp-json\/wp\/v2\/comments?post=3813"}],"wp:featuredmedia":[{"embeddable":true,"href":"https:\/\/glassbottlesmanufacturer.com\/fr\/wp-json\/wp\/v2\/media\/3814"}],"wp:attachment":[{"href":"https:\/\/glassbottlesmanufacturer.com\/fr\/wp-json\/wp\/v2\/media?parent=3813"}],"wp:term":[{"taxonomy":"product_brand","embeddable":true,"href":"https:\/\/glassbottlesmanufacturer.com\/fr\/wp-json\/wp\/v2\/product_brand?post=3813"},{"taxonomy":"product_cat","embeddable":true,"href":"https:\/\/glassbottlesmanufacturer.com\/fr\/wp-json\/wp\/v2\/product_cat?post=3813"},{"taxonomy":"product_tag","embeddable":true,"href":"https:\/\/glassbottlesmanufacturer.com\/fr\/wp-json\/wp\/v2\/product_tag?post=3813"}],"curies":[{"name":"wp","href":"https:\/\/api.w.org\/{rel}","templated":true}]}}