{"id":3973,"date":"2017-10-24T02:49:36","date_gmt":"2017-10-24T02:49:36","guid":{"rendered":"https:\/\/glassbottlesmanufacturer.com\/?post_type=product&#038;p=3973"},"modified":"2018-03-30T06:26:46","modified_gmt":"2018-03-30T06:26:46","slug":"bouteilles-de-liqueur-blanches-de-500ml-en-forme-de-cylindre","status":"publish","type":"product","link":"https:\/\/glassbottlesmanufacturer.com\/fr\/commerce-de-gros\/bouteilles-de-liqueur-blanches-de-500ml-en-forme-de-cylindre\/","title":{"rendered":"BOUTEILLES DE LIQUEUR BLANCHES DE 500ML EN FORME DE CYLINDRE"},"content":{"rendered":"<p>Les bouteilles de liqueur blanches de 500 ml en forme de cylindre sont un mod\u00e8le traditionnel du march\u00e9 chinois. Cette bouteille est populaire en Chine et dans les pays d'Asie de l'Est. Elle est courte et ronde, ce qui r\u00e9duit le co\u00fbt de production. L'\u00e9l\u00e9ment de mode de cette bouteille de liqueur de 500 ml est le bouchon en cristal, qui est en verre massif et non creux \u00e0 l'int\u00e9rieur. Le fermoir dor\u00e9 est en plastique et est verrouill\u00e9 par une bande en forme de t\u00eate de lion. Nos ing\u00e9nieurs peuvent modifier le design de la bouteille pour l'adapter au style international si le client souhaite acheter cette bouteille.<\/p>\n<h4><strong>Application de d\u00e9coration<\/strong><\/h4>\n<p>L'usine de bouteilles en verre HIKING propose un grand nombre de d\u00e9corations profondes et de traitements multi-surfaces pour les bouteilles de liqueur de 500 ml. Vous pouvez b\u00e9n\u00e9ficier d'un service complet de la part de l'usine de bouteilles en verre HIKING, tel que l'impression de logos sur les bouteilles en verre d\u00e9poli, la pulv\u00e9risation de couleurs sur la surface transparente et l'\u00e9lectrod\u00e9position UV de couleurs brillantes pour am\u00e9liorer la qualit\u00e9 du march\u00e9.<\/p>\n<h4><strong>Informations sur l'exp\u00e9dition et le fret<\/strong><\/h4>\n<ul>\n<li>Bouteilles en verre ordinaire En stock 5-10 jours.<\/li>\n<\/ul>\n<p>Le fabricant de bouteilles en verre HIKING dispose d'un stock suffisant pour les bouteilles de liqueur de 500 ml. HIKING Glass bottle factory peut livrer la cargaison en une semaine pour les bouteilles en verre en stock si nous utilisons notre m\u00e9thode d'emballage standard. Pour les emballages en bo\u00eetes color\u00e9es personnalis\u00e9es, le d\u00e9lai est plus long.<\/p>\n<ul>\n<li>Stock de production 7-15 jours<\/li>\n<\/ul>\n<p>Si les bouteilles de liqueur de 500 ml sont disponibles sur la ligne de production de HIKING, nous pouvons mettre \u00e0 jour le calendrier des bouteilles en verre pour permettre une livraison rapide. Une semaine pour les bouteilles de spiritueux de 500 ml sans d\u00e9coration. Deux semaines pour les bouteilles de liqueur de 500 ml avec d\u00e9coration, comme la s\u00e9rigraphie, le givrage, la pulv\u00e9risation, la galvanoplastie, etc.<\/p>\n<ul>\n<li>Commande sp\u00e9ciale 20-30 jours<\/li>\n<\/ul>\n<p>La soci\u00e9t\u00e9 HIKING glass bottle company a d\u00e9velopp\u00e9 des milliers de moules pour bouteilles en verre au cours des dix derni\u00e8res ann\u00e9es. La plupart des bouteilles de whisky sont tr\u00e8s vendues dans de nombreux pays, notamment les bouteilles de vodka de 750 ml, les bouteilles de brandy de 700 ml, les bouteilles de whisky de 75 cl et les bouteilles de cognac de 500 ml. Si la soci\u00e9t\u00e9 de distillation choisit les bouteilles en verre HIKING exist, elle \u00e9conomisera le co\u00fbt du moule et acc\u00e9l\u00e9rera le d\u00e9lai de livraison. Ces bouteilles de liqueur de 500 ml sont disponibles pour un tirage rapide au lieu d'am\u00e9liorer le moule. Pour l'emballage standard, il faut compter 20 jours pour l'achat de bouteilles en verre en vrac. Et 30 jours pour les emballages sp\u00e9ciaux, comme les bo\u00eetes color\u00e9es.<\/p>\n<ul>\n<li>Commande sur mesure 40 jours<\/li>\n<\/ul>\n<p>Certaines soci\u00e9t\u00e9s de distillation poss\u00e8dent leur propre emballage de liqueur, et donc leur propre emballage de bouteille en verre. Ainsi, s'ils fournissent un dessin de bouteille en verre, un \u00e9chantillon de bouteille en verre ou m\u00eame une photo de bouteille en verre, le fournisseur de bouteilles en verre HIKING d\u00e9veloppera ou copiera la m\u00eame bouteille en verre. Nous pouvons embosser le logo sur les bouteilles de liqueur de 500 ml et graver le motif sur les bouteilles de liqueur en verre. Il faut 15 jours pour fabriquer le moule de la bouteille en verre et terminer les \u00e9chantillons de la bouteille en verre. Une commande officielle de bouteilles en verre est lanc\u00e9e apr\u00e8s l'approbation des \u00e9chantillons de bouteilles en verre par les clients.<\/p>\n<h4><strong>Emballage des bouteilles en verre<\/strong><\/h4>\n<p>L'usine de bouteilles en verre HIKING fournit un emballage s\u00fbr pour le transport \u00e0 long terme sur terre et sur mer. Nos ing\u00e9nieurs proposent diff\u00e9rentes m\u00e9thodes d'emballage pour r\u00e9pondre aux exigences des clients. Nous proposons les solutions d'emballage de bouteilles en verre les plus \u00e9conomiques en fonction des co\u00fbts multiples dans le pays du client.<\/p>\n<ul>\n<li>Emballage en carton standard<\/li>\n<\/ul>\n<p>L'emballage en carton est id\u00e9al pour les bouteilles de liqueur de 500 ml avec d\u00e9coration, comme les bouteilles en verre imprim\u00e9 et les bouteilles en verre color\u00e9. Chaque bouteille est s\u00e9par\u00e9e par un carton, ce qui \u00e9vite les frottements. L'emballage en carton est largement utilis\u00e9 dans les pays o\u00f9 le co\u00fbt de la main-d'\u0153uvre est faible.<\/p>\n<ul>\n<li>Emballage de palettes (sans fumigation)<\/li>\n<\/ul>\n<p>L'emballage sur palette est g\u00e9n\u00e9ralement destin\u00e9 aux bouteilles de whisky simples, aux bouteilles en verre transparent sans aucune manipulation de surface. L'avantage de l'emballage sur palette est la facilit\u00e9 de chargement et de d\u00e9chargement. Chaque bouteille est envelopp\u00e9e dans du papier journal ou un sac en PE et fix\u00e9e sur chaque espace s\u00e9par\u00e9. L'emballage sur palette est largement utilis\u00e9 dans les pays o\u00f9 le co\u00fbt de la main-d'\u0153uvre est \u00e9lev\u00e9.<\/p>\n<ul>\n<li>Emballage en bo\u00eetes color\u00e9es personnalis\u00e9es<\/li>\n<\/ul>\n<p>Le fabricant de bouteilles de spiritueux en verre HIKING accepte \u00e9galement les emballages en bo\u00eetes color\u00e9es. Les distilleries utilisent g\u00e9n\u00e9ralement 6 bouteilles en verre par bo\u00eete ou 12 bouteilles en verre par bo\u00eete. HIKING a d\u00e9velopp\u00e9 une nouvelle bo\u00eete d'emballage sans ruban adh\u00e9sif, suffisamment solide pour les d\u00e9taillants de spiritueux. La finition de la bo\u00eete peut \u00eatre brillante ou mate, en fonction de la demande du client. Pour assurer la s\u00e9curit\u00e9 de la bo\u00eete et \u00e9viter les rayures, la bo\u00eete color\u00e9e sera plac\u00e9e sur des palettes et prot\u00e9g\u00e9e par un film.<\/p>\n<h4><strong>Nous vous invitons \u00e0 contacter l'usine de bouteilles en verre HIKING pour une demande de renseignements sur la forme cylindrique blanche. <\/strong>Bouteilles de liqueur de 500 ml.<\/h4>\n<div>\n<div class=\"wpcf7 no-js\" id=\"wpcf7-f19-o1\" lang=\"en-US\" dir=\"ltr\" data-wpcf7-id=\"19\">\n<div class=\"screen-reader-response\"><p role=\"status\" aria-live=\"polite\" aria-atomic=\"true\"><\/p> <ul><\/ul><\/div>\n<form action=\"\/fr\/wp-json\/wp\/v2\/product\/3973#wpcf7-f19-o1\" method=\"post\" class=\"wpcf7-form init\" aria-label=\"Contact form\" novalidate=\"novalidate\" data-status=\"init\" data-trp-original-action=\"\/fr\/wp-json\/wp\/v2\/product\/3973#wpcf7-f19-o1\">\n<fieldset class=\"hidden-fields-container\"><input type=\"hidden\" name=\"_wpcf7\" value=\"19\" \/><input type=\"hidden\" name=\"_wpcf7_version\" value=\"6.1.5\" \/><input type=\"hidden\" name=\"_wpcf7_locale\" value=\"en_US\" \/><input type=\"hidden\" name=\"_wpcf7_unit_tag\" value=\"wpcf7-f19-o1\" \/><input type=\"hidden\" name=\"_wpcf7_container_post\" value=\"0\" \/><input type=\"hidden\" name=\"_wpcf7_posted_data_hash\" value=\"\" \/><input type=\"hidden\" name=\"_wpcf7dtx_version\" value=\"5.0.5\" \/>\n<\/fieldset>\n<p hidden><span class=\"wpcf7-form-control-wrap dynamictext-312\" data-name=\"dynamictext-312\"><input type=\"text\" name=\"dynamictext-312\" class=\"wpcf7-form-control wpcf7-text wpcf7dtx wpcf7dtx-text\" aria-invalid=\"false\" value=\"CYLINDER SHAPE WHITE 500ML LIQUOR BOTTLES\"><\/span>\n<\/p>\n<p><span class=\"wpcf7-form-control-wrap\" data-name=\"your-name\"><input size=\"40\" maxlength=\"400\" class=\"wpcf7-form-control wpcf7-text wpcf7-validates-as-required\" aria-required=\"true\" aria-invalid=\"false\" placeholder=\"Votre nom\" value=\"\" type=\"text\" name=\"your-name\" \/><\/span>\n<\/p>\n<p><span class=\"wpcf7-form-control-wrap\" data-name=\"your-email\"><input size=\"40\" maxlength=\"400\" class=\"wpcf7-form-control wpcf7-email wpcf7-validates-as-required wpcf7-text wpcf7-validates-as-email\" aria-required=\"true\" aria-invalid=\"false\" placeholder=\"Votre courriel\" value=\"\" type=\"email\" name=\"your-email\" \/><\/span>\n<\/p>\n<p><span class=\"wpcf7-form-control-wrap\" data-name=\"your-subject\"><input size=\"40\" maxlength=\"400\" class=\"wpcf7-form-control wpcf7-text wpcf7-validates-as-required\" aria-required=\"true\" aria-invalid=\"false\" placeholder=\"Objet du message\" value=\"\" type=\"text\" name=\"your-subject\" \/><\/span>\n<\/p>\n<p><span class=\"wpcf7-form-control-wrap\" data-name=\"your-message\"><textarea cols=\"40\" rows=\"10\" maxlength=\"2000\" class=\"wpcf7-form-control wpcf7-textarea\" aria-invalid=\"false\" placeholder=\"Tapez votre message ici...\" name=\"your-message\"><\/textarea><\/span>\n<\/p>\n<div style=\"display:none\">\n\t<p><span class=\"wpcf7-form-control-wrap form-url\" data-name=\"form-url\"><input type=\"text\" name=\"form-url\" class=\"wpcf7-form-control wpcf7-text wpcf7dtx wpcf7dtx-text\" aria-invalid=\"false\" value=\"https:\/\/glassbottlesmanufacturer.com\/fr\/fr\/wp-json\/wp\/v2\/product\/3973\"><\/span>\n\t<\/p>\n<\/div>\n<div style=\"margin-bottom:10px;\">\n\t<p><span class=\"wpcf7-form-control-wrap kc_captcha\" data-name=\"kc_captcha\"><span class=\"wpcf7-form-control wpcf7-radio\"><span class=\"captcha-image\" ><span class=\"cf7ic_instructions\">Please prove you are human by selecting the<span> key<\/span>.<\/span><label><input aria-label=\"1\" type=\"radio\" name=\"kc_captcha\" value=\"bot\" \/><svg aria-hidden=\"true\" role=\"img\" xmlns=\"http:\/\/www.w3.org\/2000\/svg\" viewbox=\"0 0 512 512\"><path fill=\"currentColor\" d=\"M500 168h-55l-8-21a127 127 0 00-120-83H195a127 127 0 00-120 83l-8 21H12c-8 0-14 8-11 16l8 24a12 12 0 0011 8h29a64 64 0 00-33 56v48c0 16 6 31 16 42v62c0 13 11 24 24 24h48c13 0 24-11 24-24v-40h256v40c0 13 11 24 24 24h48c13 0 24-11 24-24v-62c10-11 16-26 16-42v-48c0-24-13-45-33-56h29a12 12 0 0011-8l8-24c3-8-3-16-11-16zm-365 2c9-25 33-42 60-42h122c27 0 51 17 60 42l15 38H120l15-38zM88 328a32 32 0 010-64c18 0 48 30 48 48s-30 16-48 16zm336 0c-18 0-48 2-48-16s30-48 48-48 32 14 32 32-14 32-32 32z\"\/><\/svg><\/label><label><input aria-label=\"2\" type=\"radio\" name=\"kc_captcha\" value=\"kc_human\" \/><svg aria-hidden=\"true\" role=\"img\" xmlns=\"http:\/\/www.w3.org\/2000\/svg\" viewbox=\"0 0 512 512\"><path fill=\"currentColor\" d=\"M512 176a176 176 0 01-209 173l-24 27a24 24 0 01-18 8h-37v40c0 13-11 24-24 24h-40v40c0 13-11 24-24 24H24c-13 0-24-11-24-24v-78c0-6 3-13 7-17l162-162a176 176 0 11343-55zm-176-48a48 48 0 1096 0 48 48 0 00-96 0z\"\/><\/svg><\/label><label><input aria-label=\"3\" type=\"radio\" name=\"kc_captcha\" value=\"bot\" \/><svg aria-hidden=\"true\" role=\"img\" xmlns=\"http:\/\/www.w3.org\/2000\/svg\" viewbox=\"0 0 640 512\"><path fill=\"currentColor\" d=\"M624 352h-16V244c0-13-5-25-14-34L494 110c-9-9-21-14-34-14h-44V48c0-26-21-48-48-48H48C22 0 0 22 0 48v320c0 27 22 48 48 48h16a96 96 0 00192 0h128a96 96 0 00192 0h48c9 0 16-7 16-16v-32c0-9-7-16-16-16zM160 464a48 48 0 110-96 48 48 0 010 96zm320 0a48 48 0 110-96 48 48 0 010 96zm80-208H416V144h44l100 100v12z\"\/><\/svg><\/label>\r\n    <\/span>\r\n    <span style=\"display:none\">\r\n        <input type=\"text\" name=\"kc_honeypot\">\r\n    <\/span><\/span><\/span>\n\t<\/p>\n<\/div>\n<p><input class=\"wpcf7-form-control wpcf7-submit has-spinner\" type=\"submit\" value=\"Envoyez votre message\" \/>\n<\/p><p style=\"display: none !important;\" class=\"akismet-fields-container\" data-prefix=\"_wpcf7_ak_\"><label>&#916;<textarea name=\"_wpcf7_ak_hp_textarea\" cols=\"45\" rows=\"8\" maxlength=\"100\"><\/textarea><\/label><input type=\"hidden\" id=\"ak_js_1\" name=\"_wpcf7_ak_js\" value=\"144\"\/><script>document.getElementById( \"ak_js_1\" ).setAttribute( \"value\", ( new Date() ).getTime() );<\/script><\/p><div class=\"wpcf7-response-output\" aria-hidden=\"true\"><\/div>\n<input type=\"hidden\" name=\"trp-form-language\" value=\"fr\"\/><\/form>\n<\/div>\n<\/div>","protected":false},"excerpt":{"rendered":"<table id=\"tablepress-51\" class=\"tablepress tablepress-id-51\">\n<thead>\n<tr class=\"row-1\">\n\t<th class=\"column-1\">NOM DU PRODUIT<\/th><th class=\"column-2\">BOUTEILLES DE LIQUEUR BLANCHES DE 500ML EN FORME DE CYLINDRE<\/th>\n<\/tr>\n<\/thead>\n<tbody class=\"row-striping row-hover\">\n<tr class=\"row-2\">\n\t<td class=\"column-1\">TAILLE DU FLACON<\/td><td class=\"column-2\">500ML<\/td>\n<\/tr>\n<tr class=\"row-3\">\n\t<td class=\"column-1\">MAT\u00c9RIAU<\/td><td class=\"column-2\">Premi\u00e8re ann\u00e9e<\/td>\n<\/tr>\n<tr class=\"row-4\">\n\t<td class=\"column-1\">COULEUR<\/td><td class=\"column-2\">Blanc<\/td>\n<\/tr>\n<tr class=\"row-5\">\n\t<td class=\"column-1\">FINITION DU COU<\/td><td class=\"column-2\">Top en li\u00e8ge<\/td>\n<\/tr>\n<tr class=\"row-6\">\n\t<td class=\"column-1\">FORME DE LA BOUTEILLE<\/td><td class=\"column-2\">Rond<\/td>\n<\/tr>\n<tr class=\"row-7\">\n\t<td class=\"column-1\">POIDS DU FLACON<\/td><td class=\"column-2\">680G<\/td>\n<\/tr>\n<tr class=\"row-8\">\n\t<td class=\"column-1\">HAUTEUR DU FLACON<\/td><td class=\"column-2\">228MM\u00b12MM<\/td>\n<\/tr>\n<tr class=\"row-9\">\n\t<td class=\"column-1\">DIAM\u00c8TRE DE LA BOUTEILLE<\/td><td class=\"column-2\">92,4MM\u00b12MM<\/td>\n<\/tr>\n<\/tbody>\n<\/table>\n<!-- #tablepress-51 from cache -->","protected":false},"featured_media":3976,"comment_status":"open","ping_status":"closed","template":"","meta":[],"product_brand":[],"product_cat":[66],"product_tag":[],"class_list":{"0":"post-3973","1":"product","2":"type-product","3":"status-publish","4":"has-post-thumbnail","6":"product_cat-500ml-glass-bottles","7":"entry","8":"has-media","10":"first","11":"instock","12":"shipping-taxable","13":"product-type-simple"},"_links":{"self":[{"href":"https:\/\/glassbottlesmanufacturer.com\/fr\/wp-json\/wp\/v2\/product\/3973","targetHints":{"allow":["GET"]}}],"collection":[{"href":"https:\/\/glassbottlesmanufacturer.com\/fr\/wp-json\/wp\/v2\/product"}],"about":[{"href":"https:\/\/glassbottlesmanufacturer.com\/fr\/wp-json\/wp\/v2\/types\/product"}],"replies":[{"embeddable":true,"href":"https:\/\/glassbottlesmanufacturer.com\/fr\/wp-json\/wp\/v2\/comments?post=3973"}],"wp:featuredmedia":[{"embeddable":true,"href":"https:\/\/glassbottlesmanufacturer.com\/fr\/wp-json\/wp\/v2\/media\/3976"}],"wp:attachment":[{"href":"https:\/\/glassbottlesmanufacturer.com\/fr\/wp-json\/wp\/v2\/media?parent=3973"}],"wp:term":[{"taxonomy":"product_brand","embeddable":true,"href":"https:\/\/glassbottlesmanufacturer.com\/fr\/wp-json\/wp\/v2\/product_brand?post=3973"},{"taxonomy":"product_cat","embeddable":true,"href":"https:\/\/glassbottlesmanufacturer.com\/fr\/wp-json\/wp\/v2\/product_cat?post=3973"},{"taxonomy":"product_tag","embeddable":true,"href":"https:\/\/glassbottlesmanufacturer.com\/fr\/wp-json\/wp\/v2\/product_tag?post=3973"}],"curies":[{"name":"wp","href":"https:\/\/api.w.org\/{rel}","templated":true}]}}