{"id":4012,"date":"2017-10-25T09:01:23","date_gmt":"2017-10-25T09:01:23","guid":{"rendered":"https:\/\/glassbottlesmanufacturer.com\/?post_type=product&#038;p=4012"},"modified":"2018-03-30T04:09:35","modified_gmt":"2018-03-30T04:09:35","slug":"emballage-xo-vente-de-bouteilles-en-verre","status":"publish","type":"product","link":"https:\/\/glassbottlesmanufacturer.com\/fr\/commerce-de-gros\/emballage-xo-vente-de-bouteilles-en-verre\/","title":{"rendered":"EMBALLAGE XO BOUTEILLE EN VERRE POUR LA VENTE"},"content":{"rendered":"<p>Emballage : bouteille en verre xo, r\u00e9partie uniform\u00e9ment des \u00e9paules vers le bas par plusieurs lignes. La bouteille \u00e9tait un peu \u00e9paisse et on avait l'impression qu'un liquide flottait \u00e0 la surface.<\/p>\n<h4><strong><b>Application de d\u00e9coration<\/b><\/strong><\/h4>\n<p>Le fabricant de bouteilles en verre HIKING offre une abondance de d\u00e9corations profondes et de traitement de surfaces multiples pour l'emballage des bouteilles en verre xo \u00e0 vendre. Vous pouvez b\u00e9n\u00e9ficier d'un service complet de la part de l'usine de bouteilles en verre HIKING, tel que l'impression de logo sur les bouteilles en verre d\u00e9poli, la pulv\u00e9risation de couleurs sur la surface claire, et la galvanoplastie UV de couleurs brillantes pour am\u00e9liorer la qualit\u00e9 du march\u00e9.<\/p>\n<h4><strong><b>Informations sur l'exp\u00e9dition et le fret<\/b><\/strong><\/h4>\n<ul>\n<li>Bouteilles en verre ordinaire En stock 5-10 jours.<\/li>\n<\/ul>\n<p>Le fabricant de bouteilles en verre HIKING dispose d'un stock suffisant pour l'emballage des bouteilles en verre xo \u00e0 vendre. HIKING Glass bottle factory peut livrer la cargaison en une semaine pour les bouteilles en verre en stock si nous utilisons notre m\u00e9thode d'emballage standard. Pour l'emballage de bo\u00eetes color\u00e9es personnalis\u00e9es, le d\u00e9lai est plus long.<\/p>\n<ul>\n<li>Stock de production 7-15 jours<\/li>\n<\/ul>\n<p>Si l'emballage de la bouteille en verre xo \u00e0 vendre est disponible sur la ligne de production de HIKING, nous pouvons alors mettre \u00e0 jour le calendrier des bouteilles en verre pour permettre une livraison rapide. Une semaine pour les bouteilles de cognac sans d\u00e9coration. Deux semaines pour les bouteilles de cognac avec d\u00e9coration, comme la s\u00e9rigraphie, le givrage, la pulv\u00e9risation, la galvanoplastie, etc.<\/p>\n<ul>\n<li>Commande sp\u00e9ciale 20-30 jours<\/li>\n<\/ul>\n<p>La soci\u00e9t\u00e9 HIKING glass bottle company a d\u00e9velopp\u00e9 des milliers de moules pour bouteilles en verre au cours des dix derni\u00e8res ann\u00e9es. La plupart des bouteilles de whisky sont tr\u00e8s vendues dans de nombreux pays, notamment les bouteilles de vodka de 750 ml, les bouteilles de brandy de 700 ml, les bouteilles de whisky de 75 cl et les bouteilles de cognac de 500 ml. Si la soci\u00e9t\u00e9 de distillation choisit les mod\u00e8les de bouteilles en verre HIKING exist, elle \u00e9conomisera le co\u00fbt du moule et acc\u00e9l\u00e9rera le d\u00e9lai de livraison. Ces emballages de bouteilles en verre xo sont disponibles pour un tirage rapide au lieu d'am\u00e9liorer un nouveau moule. Pour l'emballage standard, il faut compter 20 jours pour l'achat de bouteilles en verre en vrac. Et 30 jours pour les emballages sp\u00e9ciaux, comme les bo\u00eetes color\u00e9es.<\/p>\n<ul>\n<li>Commande sur mesure 40 jours<\/li>\n<\/ul>\n<p>Certaines soci\u00e9t\u00e9s de distillation poss\u00e8dent leur propre emballage de liqueur, et donc leur propre emballage de bouteille en verre. Ainsi, s'ils fournissent un dessin de bouteille en verre, un \u00e9chantillon de bouteille en verre ou m\u00eame une photo de bouteille en verre, le fournisseur de bouteilles en verre HIKING d\u00e9veloppera ou copiera la m\u00eame bouteille en verre. Nous pouvons embosser le logo sur l'emballage de la bouteille en verre xo et graver le motif sur les bouteilles de liqueur en verre. Il faut 15 jours pour fabriquer le moule de la bouteille en verre et terminer les \u00e9chantillons de la bouteille en verre. La commande officielle d'une bouteille en verre commence apr\u00e8s l'approbation des \u00e9chantillons de bouteilles d'alcool par les clients.<\/p>\n<h4><strong><b>Emballage des bouteilles en verre<\/b><\/strong><\/h4>\n<p>L'usine de bouteilles en verre HIKING fournit un emballage s\u00fbr pour le transport \u00e0 long terme sur terre et sur mer. Nos ing\u00e9nieurs proposent diff\u00e9rentes m\u00e9thodes d'emballage pour r\u00e9pondre aux exigences des clients. Nous proposons les solutions d'emballage de bouteilles en verre les plus \u00e9conomiques en fonction des co\u00fbts multiples dans le pays du client.<\/p>\n<ul>\n<li>Emballage en carton standard<\/li>\n<\/ul>\n<p>L'emballage en carton est id\u00e9al pour l'emballage des bouteilles en verre xo avec d\u00e9coration, comme les bouteilles en verre imprim\u00e9 et les bouteilles en verre color\u00e9. Chaque bouteille est s\u00e9par\u00e9e par un carton, ce qui \u00e9vite les frottements. L'emballage en carton est largement utilis\u00e9 dans les pays o\u00f9 le co\u00fbt de la main-d'\u0153uvre est faible.<\/p>\n<ul>\n<li>Emballage de palettes (sans fumigation)<\/li>\n<\/ul>\n<p>L'emballage sur palette est g\u00e9n\u00e9ralement destin\u00e9 aux bouteilles de whisky simples, aux bouteilles en verre transparent sans aucune manipulation de surface. L'avantage de l'emballage sur palette est la facilit\u00e9 de chargement et de d\u00e9chargement. Chaque bouteille est envelopp\u00e9e dans du papier journal ou un sac en PE et fix\u00e9e sur chaque espace s\u00e9par\u00e9. L'emballage sur palette est largement utilis\u00e9 dans les pays o\u00f9 le co\u00fbt de la main-d'\u0153uvre est \u00e9lev\u00e9.<\/p>\n<ul>\n<li>Emballage en bo\u00eetes color\u00e9es personnalis\u00e9es<\/li>\n<\/ul>\n<p>Le fabricant de bouteilles de spiritueux en verre HIKING accepte \u00e9galement les emballages en bo\u00eetes color\u00e9es. Les distilleries utilisent g\u00e9n\u00e9ralement 6 bouteilles en verre par bo\u00eete ou 12 bouteilles en verre par bo\u00eete. HIKING a d\u00e9velopp\u00e9 une nouvelle bo\u00eete d'emballage sans ruban adh\u00e9sif, suffisamment solide pour les d\u00e9taillants de spiritueux. La finition de la bo\u00eete peut \u00eatre brillante ou mate, en fonction de la demande du client. Pour assurer la s\u00e9curit\u00e9 de la bo\u00eete et \u00e9viter les rayures, la bo\u00eete color\u00e9e sera plac\u00e9e sur des palettes et prot\u00e9g\u00e9e par un film.<\/p>\n<h4><strong><b>N'h\u00e9sitez pas \u00e0 contacter notre \u00e9quipe de vente pour obtenir des informations sur les sujets suivants <\/b><\/strong><strong><b>emballage xo bouteille en verre <\/b><\/strong><strong><b>.<\/b><\/strong><\/h4>","protected":false},"excerpt":{"rendered":"<table id=\"tablepress-59\" class=\"tablepress tablepress-id-59\">\n<thead>\n<tr class=\"row-1\">\n\t<th class=\"column-1\">NOM DU PRODUIT<\/th><th class=\"column-2\">EMBALLAGE XO BOUTEILLE EN VERRE POUR LA VENTE<\/th>\n<\/tr>\n<\/thead>\n<tbody class=\"row-striping row-hover\">\n<tr class=\"row-2\">\n\t<td class=\"column-1\">TAILLE DU FLACON<\/td><td class=\"column-2\">75CL<\/td>\n<\/tr>\n<tr class=\"row-3\">\n\t<td class=\"column-1\">MAT\u00c9RIAU<\/td><td class=\"column-2\">Premi\u00e8re ann\u00e9e<\/td>\n<\/tr>\n<tr class=\"row-4\">\n\t<td class=\"column-1\">COULEUR<\/td><td class=\"column-2\">Blanc<\/td>\n<\/tr>\n<tr class=\"row-5\">\n\t<td class=\"column-1\">FINITION DU COU<\/td><td class=\"column-2\">Finition du bouchon<\/td>\n<\/tr>\n<tr class=\"row-6\">\n\t<td class=\"column-1\">FORME DE LA BOUTEILLE<\/td><td class=\"column-2\">Rond<\/td>\n<\/tr>\n<tr class=\"row-7\">\n\t<td class=\"column-1\">POIDS DU FLACON<\/td><td class=\"column-2\">750G<\/td>\n<\/tr>\n<tr class=\"row-8\">\n\t<td class=\"column-1\">HAUTEUR DU FLACON<\/td><td class=\"column-2\">228MM\u00b12MM<\/td>\n<\/tr>\n<tr class=\"row-9\">\n\t<td class=\"column-1\">DIAM\u00c8TRE DE LA BOUTEILLE<\/td><td class=\"column-2\">92,4MM\u00b12MM<\/td>\n<\/tr>\n<\/tbody>\n<\/table>","protected":false},"featured_media":4015,"comment_status":"open","ping_status":"closed","template":"","meta":[],"product_brand":[],"product_cat":[68],"product_tag":[],"class_list":{"0":"post-4012","1":"product","2":"type-product","3":"status-publish","4":"has-post-thumbnail","6":"product_cat-750ml-glass-bottles","7":"entry","8":"has-media","10":"first","11":"instock","12":"shipping-taxable","13":"product-type-simple"},"_links":{"self":[{"href":"https:\/\/glassbottlesmanufacturer.com\/fr\/wp-json\/wp\/v2\/product\/4012","targetHints":{"allow":["GET"]}}],"collection":[{"href":"https:\/\/glassbottlesmanufacturer.com\/fr\/wp-json\/wp\/v2\/product"}],"about":[{"href":"https:\/\/glassbottlesmanufacturer.com\/fr\/wp-json\/wp\/v2\/types\/product"}],"replies":[{"embeddable":true,"href":"https:\/\/glassbottlesmanufacturer.com\/fr\/wp-json\/wp\/v2\/comments?post=4012"}],"wp:featuredmedia":[{"embeddable":true,"href":"https:\/\/glassbottlesmanufacturer.com\/fr\/wp-json\/wp\/v2\/media\/4015"}],"wp:attachment":[{"href":"https:\/\/glassbottlesmanufacturer.com\/fr\/wp-json\/wp\/v2\/media?parent=4012"}],"wp:term":[{"taxonomy":"product_brand","embeddable":true,"href":"https:\/\/glassbottlesmanufacturer.com\/fr\/wp-json\/wp\/v2\/product_brand?post=4012"},{"taxonomy":"product_cat","embeddable":true,"href":"https:\/\/glassbottlesmanufacturer.com\/fr\/wp-json\/wp\/v2\/product_cat?post=4012"},{"taxonomy":"product_tag","embeddable":true,"href":"https:\/\/glassbottlesmanufacturer.com\/fr\/wp-json\/wp\/v2\/product_tag?post=4012"}],"curies":[{"name":"wp","href":"https:\/\/api.w.org\/{rel}","templated":true}]}}