{"id":4279,"date":"2017-12-21T13:22:09","date_gmt":"2017-12-21T13:22:09","guid":{"rendered":"https:\/\/glassbottlesmanufacturer.com\/?post_type=product&#038;p=4279"},"modified":"2018-04-13T11:18:49","modified_gmt":"2018-04-13T11:18:49","slug":"glass-whiskey-bottles-special-square-shape-700ml-750ml","status":"publish","type":"product","link":"https:\/\/glassbottlesmanufacturer.com\/fr\/commerce-de-gros\/glass-whiskey-bottles-special-square-shape-700ml-750ml\/","title":{"rendered":"GLASS WHISKEY BOTTLES SPECIAL SQUARE SHAPE 700ML 750ML"},"content":{"rendered":"<p>In order to increase the artistic effect of spirit glass bottles, bottle designers keep learning and creating more innovation on spirit bottle manufacturing. After some regular cylindrical bottles were mass-produced, people started some new attempts. Liquor bottles also become fashion shapes, bring the liquor ideas, so that the form is more unique. Like a whiskey bells modeling is used by many people in liquor, Dulcong wine in a series of follow this design, but their imitation ceramic design more with Chinese characteristics.<\/p>\n<p>The bottle neck is also a way to enhance artistic expression, by puting in cultural connotation the bottle design. some of the allusions and moral design patterns can show a different taste of the bottle.<\/p>\n<h4>Glass Bottle Details<\/h4>\n<p><img loading=\"lazy\" decoding=\"async\" class=\"alignleft wp-image-4463\" src=\"https:\/\/glassbottlesmanufacturer.com\/wp-content\/uploads\/2017\/12\/1.png\" alt=\"\" width=\"260\" height=\"260\" srcset=\"https:\/\/glassbottlesmanufacturer.com\/wp-content\/uploads\/2017\/12\/1.png 750w, https:\/\/glassbottlesmanufacturer.com\/wp-content\/uploads\/2017\/12\/1-300x300.png 300w, https:\/\/glassbottlesmanufacturer.com\/wp-content\/uploads\/2017\/12\/1-100x100.png 100w, https:\/\/glassbottlesmanufacturer.com\/wp-content\/uploads\/2017\/12\/1-600x600.png 600w, https:\/\/glassbottlesmanufacturer.com\/wp-content\/uploads\/2017\/12\/1-150x150.png 150w, https:\/\/glassbottlesmanufacturer.com\/wp-content\/uploads\/2017\/12\/1-180x180.png 180w, https:\/\/glassbottlesmanufacturer.com\/wp-content\/uploads\/2017\/12\/1-70x70.png 70w\" sizes=\"auto, (max-width: 260px) 100vw, 260px\" \/><\/p>\n<p><img loading=\"lazy\" decoding=\"async\" class=\"alignleft wp-image-4464\" src=\"https:\/\/glassbottlesmanufacturer.com\/wp-content\/uploads\/2017\/12\/2.png\" alt=\"bouteille de whisky\" width=\"260\" height=\"260\" srcset=\"https:\/\/glassbottlesmanufacturer.com\/wp-content\/uploads\/2017\/12\/2.png 750w, https:\/\/glassbottlesmanufacturer.com\/wp-content\/uploads\/2017\/12\/2-300x300.png 300w, https:\/\/glassbottlesmanufacturer.com\/wp-content\/uploads\/2017\/12\/2-100x100.png 100w, https:\/\/glassbottlesmanufacturer.com\/wp-content\/uploads\/2017\/12\/2-600x600.png 600w, https:\/\/glassbottlesmanufacturer.com\/wp-content\/uploads\/2017\/12\/2-150x150.png 150w, https:\/\/glassbottlesmanufacturer.com\/wp-content\/uploads\/2017\/12\/2-180x180.png 180w, https:\/\/glassbottlesmanufacturer.com\/wp-content\/uploads\/2017\/12\/2-70x70.png 70w\" sizes=\"auto, (max-width: 260px) 100vw, 260px\" \/><\/p>\n<p><img loading=\"lazy\" decoding=\"async\" class=\"alignleft wp-image-4465\" src=\"https:\/\/glassbottlesmanufacturer.com\/wp-content\/uploads\/2017\/12\/5.png\" alt=\"bouteille de whisky\" width=\"260\" height=\"260\" srcset=\"https:\/\/glassbottlesmanufacturer.com\/wp-content\/uploads\/2017\/12\/5.png 750w, https:\/\/glassbottlesmanufacturer.com\/wp-content\/uploads\/2017\/12\/5-300x300.png 300w, https:\/\/glassbottlesmanufacturer.com\/wp-content\/uploads\/2017\/12\/5-100x100.png 100w, https:\/\/glassbottlesmanufacturer.com\/wp-content\/uploads\/2017\/12\/5-600x600.png 600w, https:\/\/glassbottlesmanufacturer.com\/wp-content\/uploads\/2017\/12\/5-150x150.png 150w, https:\/\/glassbottlesmanufacturer.com\/wp-content\/uploads\/2017\/12\/5-180x180.png 180w, https:\/\/glassbottlesmanufacturer.com\/wp-content\/uploads\/2017\/12\/5-70x70.png 70w\" sizes=\"auto, (max-width: 260px) 100vw, 260px\" \/><\/p>\n<p>&nbsp;<\/p>\n<p>&nbsp;<\/p>\n<p>&nbsp;<\/p>\n<p>&nbsp;<\/p>\n<p>&nbsp;<\/p>\n<p>&nbsp;<\/p>\n<p>&nbsp;<\/p>\n<p><strong>Application de d\u00e9coration<\/strong><\/p>\n<ul>\n<li>Decal and print logo on spirit glass whiskey bottles, OEM is highly welcome.<\/li>\n<li>Frost glass whiskey bottles are becoming popular for whiskey packaging.<\/li>\n<li>Embossing is widely used for customized glass whiseky bottles, brandy bottles, tequila bottles and other spirit. We emboss or engrave client&#8217;s brand name or logo on the glass directly, which means the mold is owned by the distillery.<\/li>\n<li>Electroplating brings a glossy and bright feeling for glass whiskey bottles, this kind of bottles are usually in high cost, and for top grade markets.<\/li>\n<\/ul>\n<p><strong>Informations sur l'exp\u00e9dition et le fret<\/strong><\/p>\n<ul>\n<li>As one of the biggest glass bottle factory in China, we\u00a0supply sufficient stock for hot sale glass whiskey bottles, mostly are our standard glass bottles. So, the 7-10 days delivered urgent orders are available for hot sale seasons, like Christmas sale and New Year sale.<\/li>\n<li>With over 10 years experience in glass bottle manufacturing, we have developed thousands of glass whiskey bottle models. We have different kinds of bottle designs for client&#8217;s choice, mostly clients can find their favorite glass bottles from our exist bottles, which are ready mold. The delivery time for such orders are 25-30 days.<\/li>\n<li>Some distillery companies own their exclusive whiskey bottles. In this way, if you provide us the glass bottle drawing, or glass bottle sample, even a glass bottle picture, we will develop or copy a same glass bottle. The lead time for mold is 15 days.<\/li>\n<\/ul>\n<p><strong>Emballage des bouteilles en verre<\/strong><\/p>\n<ul>\n<li>Standard carton packaging are widely used for glass whiskey bottles in printing. There are clapboard to avoid friction.<\/li>\n<li>Pallet packaging is easy handling way for glass whiskey bottles loading and unloading. It is also the most economic packaging method for spirit bottles<\/li>\n<li>L'emballage de bo\u00eetes color\u00e9es personnalis\u00e9es est l'emballage de bouteilles de verre le plus complexe. Les clients fournissent les dessins des bo\u00eetes, les entreprises de bouteilles en verre fournissent les bouteilles et les bo\u00eetes, qui sont r\u00e9utilisables apr\u00e8s le remplissage.<\/li>\n<\/ul>\n<p>Welcome to contact with our team for updated catalog.<\/p>\n<div>\n<div class=\"wpcf7 no-js\" id=\"wpcf7-f19-o1\" lang=\"en-US\" dir=\"ltr\" data-wpcf7-id=\"19\">\n<div class=\"screen-reader-response\"><p role=\"status\" aria-live=\"polite\" aria-atomic=\"true\"><\/p> <ul><\/ul><\/div>\n<form action=\"\/fr\/wp-json\/wp\/v2\/product\/4279#wpcf7-f19-o1\" method=\"post\" class=\"wpcf7-form init\" aria-label=\"Contact form\" novalidate=\"novalidate\" data-status=\"init\" data-trp-original-action=\"\/fr\/wp-json\/wp\/v2\/product\/4279#wpcf7-f19-o1\">\n<fieldset class=\"hidden-fields-container\"><input type=\"hidden\" name=\"_wpcf7\" value=\"19\" \/><input type=\"hidden\" name=\"_wpcf7_version\" value=\"6.1.5\" \/><input type=\"hidden\" name=\"_wpcf7_locale\" value=\"en_US\" \/><input type=\"hidden\" name=\"_wpcf7_unit_tag\" value=\"wpcf7-f19-o1\" \/><input type=\"hidden\" name=\"_wpcf7_container_post\" value=\"0\" \/><input type=\"hidden\" name=\"_wpcf7_posted_data_hash\" value=\"\" \/><input type=\"hidden\" name=\"_wpcf7dtx_version\" value=\"5.0.5\" \/>\n<\/fieldset>\n<p hidden><span class=\"wpcf7-form-control-wrap dynamictext-312\" data-name=\"dynamictext-312\"><input type=\"text\" name=\"dynamictext-312\" class=\"wpcf7-form-control wpcf7-text wpcf7dtx wpcf7dtx-text\" aria-invalid=\"false\" value=\"GLASS WHISKEY BOTTLES SPECIAL SQUARE SHAPE 700ML 750ML\"><\/span>\n<\/p>\n<p><span class=\"wpcf7-form-control-wrap\" data-name=\"your-name\"><input size=\"40\" maxlength=\"400\" class=\"wpcf7-form-control wpcf7-text wpcf7-validates-as-required\" aria-required=\"true\" aria-invalid=\"false\" placeholder=\"Votre nom\" value=\"\" type=\"text\" name=\"your-name\" \/><\/span>\n<\/p>\n<p><span class=\"wpcf7-form-control-wrap\" data-name=\"your-email\"><input size=\"40\" maxlength=\"400\" class=\"wpcf7-form-control wpcf7-email wpcf7-validates-as-required wpcf7-text wpcf7-validates-as-email\" aria-required=\"true\" aria-invalid=\"false\" placeholder=\"Votre courriel\" value=\"\" type=\"email\" name=\"your-email\" \/><\/span>\n<\/p>\n<p><span class=\"wpcf7-form-control-wrap\" data-name=\"your-subject\"><input size=\"40\" maxlength=\"400\" class=\"wpcf7-form-control wpcf7-text wpcf7-validates-as-required\" aria-required=\"true\" aria-invalid=\"false\" placeholder=\"Objet du message\" value=\"\" type=\"text\" name=\"your-subject\" \/><\/span>\n<\/p>\n<p><span class=\"wpcf7-form-control-wrap\" data-name=\"your-message\"><textarea cols=\"40\" rows=\"10\" maxlength=\"2000\" class=\"wpcf7-form-control wpcf7-textarea\" aria-invalid=\"false\" placeholder=\"Tapez votre message ici...\" name=\"your-message\"><\/textarea><\/span>\n<\/p>\n<div style=\"display:none\">\n\t<p><span class=\"wpcf7-form-control-wrap form-url\" data-name=\"form-url\"><input type=\"text\" name=\"form-url\" class=\"wpcf7-form-control wpcf7-text wpcf7dtx wpcf7dtx-text\" aria-invalid=\"false\" value=\"https:\/\/glassbottlesmanufacturer.com\/fr\/fr\/wp-json\/wp\/v2\/product\/4279\"><\/span>\n\t<\/p>\n<\/div>\n<div style=\"margin-bottom:10px;\">\n\t<p><span class=\"wpcf7-form-control-wrap kc_captcha\" data-name=\"kc_captcha\"><span class=\"wpcf7-form-control wpcf7-radio\"><span class=\"captcha-image\" ><span class=\"cf7ic_instructions\">Please prove you are human by selecting the<span> flag<\/span>.<\/span><label><input aria-label=\"1\" type=\"radio\" name=\"kc_captcha\" value=\"bot\" \/><svg aria-hidden=\"true\" role=\"img\" xmlns=\"http:\/\/www.w3.org\/2000\/svg\" viewbox=\"0 0 640 512\"><path fill=\"currentColor\" d=\"M192 384h192c53 0 96-43 96-96h32a128 128 0 000-256H120c-13 0-24 11-24 24v232c0 53 43 96 96 96zM512 96a64 64 0 010 128h-32V96h32zm48 384H48c-47 0-61-64-36-64h584c25 0 11 64-36 64z\"\/><\/svg><\/label><label><input aria-label=\"2\" type=\"radio\" name=\"kc_captcha\" value=\"kc_human\" \/><svg aria-hidden=\"true\" role=\"img\" xmlns=\"http:\/\/www.w3.org\/2000\/svg\" viewbox=\"0 0 512 512\"><path fill=\"currentColor\" d=\"M350 99c-54 0-98-35-166-35-25 0-47 4-68 12a56 56 0 004-24C118 24 95 1 66 0a56 56 0 00-34 102v386c0 13 11 24 24 24h16c13 0 24-11 24-24v-94c28-12 64-23 114-23 54 0 98 35 166 35 48 0 86-16 122-41 9-6 14-15 14-26V96c0-23-24-39-45-29-35 16-77 32-117 32z\"\/><\/svg><\/label><label><input aria-label=\"3\" type=\"radio\" name=\"kc_captcha\" value=\"bot\" \/><svg aria-hidden=\"true\" role=\"img\" xmlns=\"http:\/\/www.w3.org\/2000\/svg\" viewbox=\"0 0 576 512\"><path fill=\"currentColor\" d=\"M472 200H360L256 6a12 12 0 00-10-6h-58c-8 0-14 7-12 15l34 185H100l-35-58a12 12 0 00-10-6H12c-8 0-13 7-12 14l21 106L0 362c-1 7 4 14 12 14h43c4 0 8-2 10-6l35-58h110l-34 185c-2 8 4 15 12 15h58a12 12 0 0010-6l104-194h112c57 0 104-25 104-56s-47-56-104-56z\"\/><\/svg><\/label>\r\n    <\/span>\r\n    <span style=\"display:none\">\r\n        <input type=\"text\" name=\"kc_honeypot\">\r\n    <\/span><\/span><\/span>\n\t<\/p>\n<\/div>\n<p><input class=\"wpcf7-form-control wpcf7-submit has-spinner\" type=\"submit\" value=\"Envoyez votre message\" \/>\n<\/p><p style=\"display: none !important;\" class=\"akismet-fields-container\" data-prefix=\"_wpcf7_ak_\"><label>&#916;<textarea name=\"_wpcf7_ak_hp_textarea\" cols=\"45\" rows=\"8\" maxlength=\"100\"><\/textarea><\/label><input type=\"hidden\" id=\"ak_js_1\" name=\"_wpcf7_ak_js\" value=\"91\"\/><script>document.getElementById( \"ak_js_1\" ).setAttribute( \"value\", ( new Date() ).getTime() );<\/script><\/p><div class=\"wpcf7-response-output\" aria-hidden=\"true\"><\/div>\n<input type=\"hidden\" name=\"trp-form-language\" value=\"fr\"\/><\/form>\n<\/div>\n<\/div>\n<p><!--5f39ae17-8c62-4a45-bc43-b32064c9388a:W3siYmxvY2tUeXBlIjoicGFyYWdyYXBoIiwic3R5bGVzIjp7ImFsaWduIjoibGVmdCIsImluZGVudCI6MCwidGV4dC1pbmRlbnQiOjAsImxpbmUtaGVpZ2h0IjoxLjc1fSwiYmxvY2tJZCI6IjQzMjItMTUyMTE4MzIwNDE4NiIsInJpY2hUZXh0Ijp7ImlzUmljaFRleHQiOnRydWUsImtlZXBMaW5lQnJlYWsiOnRydWUsImRhdGEiOlt7ImNoYXIiOiJbIn0seyJjaGFyIjoiYyJ9LHsiY2hhciI6Im8ifSx7ImNoYXIiOiJuIn0seyJjaGFyIjoidCJ9LHsiY2hhciI6ImEifSx7ImNoYXIiOiJjIn0seyJjaGFyIjoidCJ9LHsiY2hhciI6Ii0ifSx7ImNoYXIiOiJmIn0seyJjaGFyIjoibyJ9LHsiY2hhciI6InIifSx7ImNoYXIiOiJtIn0seyJjaGFyIjoiLSJ9LHsiY2hhciI6IjcifSx7ImNoYXIiOiIgIn0seyJjaGFyIjoiaSJ9LHsiY2hhciI6ImQifSx7ImNoYXIiOiI9In0seyJjaGFyIjoiXCIifSx7ImNoYXIiOiIxIn0seyJjaGFyIjoiOSJ9LHsiY2hhciI6IlwiIn0seyJjaGFyIjoiICJ9LHsiY2hhciI6InQifSx7ImNoYXIiOiJpIn0seyJjaGFyIjoidCJ9LHsiY2hhciI6ImwifSx7ImNoYXIiOiJlIn0seyJjaGFyIjoiPSJ9LHsiY2hhciI6IlwiIn0seyJjaGFyIjoiUyJ9LHsiY2hhciI6InUifSx7ImNoYXIiOiJzIn0seyJjaGFyIjoidCJ9LHsiY2hhciI6ImEifSx7ImNoYXIiOiJpIn0seyJjaGFyIjoibiJ9LHsiY2hhciI6ImEifSx7ImNoYXIiOiJiIn0seyJjaGFyIjoibCJ9LHsiY2hhciI6ImUifSx7ImNoYXIiOiIgIn0seyJjaGFyIjoiQyJ9LHsiY2hhciI6Im8ifSx7ImNoYXIiOiJuIn0seyJjaGFyIjoidCJ9LHsiY2hhciI6ImEifSx7ImNoYXIiOiJjIn0seyJjaGFyIjoidCJ9LHsiY2hhciI6IiAifSx7ImNoYXIiOiJQIn0seyJjaGFyIjoiYSJ9LHsiY2hhciI6ImcifSx7ImNoYXIiOiJlIn0seyJjaGFyIjoiXCIifSx7ImNoYXIiOiJdIn1dfX1d--><\/p>","protected":false},"excerpt":{"rendered":"<table id=\"tablepress-118\" class=\"tablepress tablepress-id-118\">\n<thead>\n<tr class=\"row-1\">\n\t<th class=\"column-1\">NOM DU PRODUIT<\/th><th class=\"column-2\">GLASS WHISKEY BOTTLES SPECIAL SQUARE SHAPE 700ML 750MLBOTTLE<\/th>\n<\/tr>\n<\/thead>\n<tbody class=\"row-striping row-hover\">\n<tr class=\"row-2\">\n\t<td class=\"column-1\">TAILLE DU FLACON<\/td><td class=\"column-2\">700ml 750ml<\/td>\n<\/tr>\n<tr class=\"row-3\">\n\t<td class=\"column-1\">MAT\u00c9RIAU<\/td><td class=\"column-2\">Clear Glass<\/td>\n<\/tr>\n<tr class=\"row-4\">\n\t<td class=\"column-1\">COULEUR<\/td><td class=\"column-2\">Blanc Transparent<\/td>\n<\/tr>\n<tr class=\"row-5\">\n\t<td class=\"column-1\">FINITION DU COU<\/td><td class=\"column-2\">Glass cap<\/td>\n<\/tr>\n<tr class=\"row-6\">\n\t<td class=\"column-1\">FORME DE LA BOUTEILLE<\/td><td class=\"column-2\">Carr\u00e9<\/td>\n<\/tr>\n<tr class=\"row-7\">\n\t<td class=\"column-1\">POIDS DU FLACON<\/td><td class=\"column-2\">750g<\/td>\n<\/tr>\n<tr class=\"row-8\">\n\t<td class=\"column-1\">HAUTEUR DU FLACON<\/td><td class=\"column-2\">212MM<\/td>\n<\/tr>\n<tr class=\"row-9\">\n\t<td class=\"column-1\">LONGUEUR DU FLACON<\/td><td class=\"column-2\">155MM<\/td>\n<\/tr>\n<tr class=\"row-10\">\n\t<td class=\"column-1\">LARGEUR DE LA BOUTEILLE<\/td><td class=\"column-2\">56.5MM<\/td>\n<\/tr>\n<\/tbody>\n<\/table>\n<!-- #tablepress-118 from cache -->","protected":false},"featured_media":4466,"comment_status":"open","ping_status":"closed","template":"","meta":[],"product_brand":[],"product_cat":[67],"product_tag":[],"class_list":{"0":"post-4279","1":"product","2":"type-product","3":"status-publish","4":"has-post-thumbnail","6":"product_cat-700ml-glass-bottles","7":"entry","8":"has-media","10":"first","11":"instock","12":"shipping-taxable","13":"product-type-simple"},"_links":{"self":[{"href":"https:\/\/glassbottlesmanufacturer.com\/fr\/wp-json\/wp\/v2\/product\/4279","targetHints":{"allow":["GET"]}}],"collection":[{"href":"https:\/\/glassbottlesmanufacturer.com\/fr\/wp-json\/wp\/v2\/product"}],"about":[{"href":"https:\/\/glassbottlesmanufacturer.com\/fr\/wp-json\/wp\/v2\/types\/product"}],"replies":[{"embeddable":true,"href":"https:\/\/glassbottlesmanufacturer.com\/fr\/wp-json\/wp\/v2\/comments?post=4279"}],"wp:featuredmedia":[{"embeddable":true,"href":"https:\/\/glassbottlesmanufacturer.com\/fr\/wp-json\/wp\/v2\/media\/4466"}],"wp:attachment":[{"href":"https:\/\/glassbottlesmanufacturer.com\/fr\/wp-json\/wp\/v2\/media?parent=4279"}],"wp:term":[{"taxonomy":"product_brand","embeddable":true,"href":"https:\/\/glassbottlesmanufacturer.com\/fr\/wp-json\/wp\/v2\/product_brand?post=4279"},{"taxonomy":"product_cat","embeddable":true,"href":"https:\/\/glassbottlesmanufacturer.com\/fr\/wp-json\/wp\/v2\/product_cat?post=4279"},{"taxonomy":"product_tag","embeddable":true,"href":"https:\/\/glassbottlesmanufacturer.com\/fr\/wp-json\/wp\/v2\/product_tag?post=4279"}],"curies":[{"name":"wp","href":"https:\/\/api.w.org\/{rel}","templated":true}]}}