{"id":4386,"date":"2018-03-12T07:08:29","date_gmt":"2018-03-12T07:08:29","guid":{"rendered":"https:\/\/glassbottlesmanufacturer.com\/?post_type=product&#038;p=4386"},"modified":"2018-03-29T07:02:51","modified_gmt":"2018-03-29T07:02:51","slug":"vodka-utilisation-verre-super-flint-750ml-vente-en-vrac","status":"publish","type":"product","link":"https:\/\/glassbottlesmanufacturer.com\/fr\/commerce-de-gros\/vodka-utilisation-verre-super-flint-750ml-vente-en-vrac\/","title":{"rendered":"VODKA UTILISATION VERRE SUPER FLINT 750ML VENTE EN VRAC"},"content":{"rendered":"<p>Bouteilles de 750 ml vendues en vrac par HIKING GLASS. Verre de silex extra blanc, de premi\u00e8re qualit\u00e9, \u00e0 un prix de vente direct d'usine. Ce mod\u00e8le HK-004 a une forme mignonne, le cou fin et le gros ventre ont un aspect amusant. Le logo en relief sur la face avant indique le droit exclusif de cette bouteille. Elle est livr\u00e9e avec un bouchon en bois, un bouchon en plastique est \u00e9galement disponible.<\/p>\n<figure id=\"attachment_4368\" aria-describedby=\"caption-attachment-4368\" style=\"width: 980px\" class=\"wp-caption aligncenter\"><img loading=\"lazy\" decoding=\"async\" class=\"wp-image-4368 size-large\" src=\"https:\/\/glassbottlesmanufacturer.com\/wp-content\/uploads\/2018\/02\/Glass-Bottle-Supplier-1024x411.jpg\" alt=\"Fournisseur de bouteilles de liqueur\" width=\"980\" height=\"393\" srcset=\"https:\/\/glassbottlesmanufacturer.com\/wp-content\/uploads\/2018\/02\/Glass-Bottle-Supplier-1024x411.jpg 1024w, https:\/\/glassbottlesmanufacturer.com\/wp-content\/uploads\/2018\/02\/Glass-Bottle-Supplier-600x241.jpg 600w, https:\/\/glassbottlesmanufacturer.com\/wp-content\/uploads\/2018\/02\/Glass-Bottle-Supplier-300x120.jpg 300w, https:\/\/glassbottlesmanufacturer.com\/wp-content\/uploads\/2018\/02\/Glass-Bottle-Supplier-768x308.jpg 768w, https:\/\/glassbottlesmanufacturer.com\/wp-content\/uploads\/2018\/02\/Glass-Bottle-Supplier.jpg 1776w\" sizes=\"auto, (max-width: 980px) 100vw, 980px\" \/><figcaption id=\"caption-attachment-4368\" class=\"wp-caption-text\">Fournisseur de bouteilles de liqueur - HIKING GLASS<\/figcaption><\/figure>\n<h4>D\u00e9tails de la bouteille en verre de 750 ml<\/h4>\n<figure id=\"attachment_4373\" aria-describedby=\"caption-attachment-4373\" style=\"width: 1776px\" class=\"wp-caption aligncenter\"><img loading=\"lazy\" decoding=\"async\" class=\"wp-image-4373 size-full\" src=\"https:\/\/glassbottlesmanufacturer.com\/wp-content\/uploads\/2018\/03\/750ml-glass-bottle-supplier.jpg\" alt=\"Fournisseur de bouteilles en verre de 750 ml\" width=\"1776\" height=\"712\" srcset=\"https:\/\/glassbottlesmanufacturer.com\/wp-content\/uploads\/2018\/03\/750ml-glass-bottle-supplier.jpg 1776w, https:\/\/glassbottlesmanufacturer.com\/wp-content\/uploads\/2018\/03\/750ml-glass-bottle-supplier-600x241.jpg 600w, https:\/\/glassbottlesmanufacturer.com\/wp-content\/uploads\/2018\/03\/750ml-glass-bottle-supplier-300x120.jpg 300w, https:\/\/glassbottlesmanufacturer.com\/wp-content\/uploads\/2018\/03\/750ml-glass-bottle-supplier-768x308.jpg 768w, https:\/\/glassbottlesmanufacturer.com\/wp-content\/uploads\/2018\/03\/750ml-glass-bottle-supplier-1024x411.jpg 1024w\" sizes=\"auto, (max-width: 1776px) 100vw, 1776px\" \/><figcaption id=\"caption-attachment-4373\" class=\"wp-caption-text\">Bouteille en verre 750ml Fournisseur - HIKING GLASS<\/figcaption><\/figure>\n<h4><strong>Application de d\u00e9coration<\/strong><\/h4>\n<ul>\n<li>D\u00e9calcomanie et imprime le logo sur les bouteilles en verre de 750 ml, les OEM sont les bienvenus.<\/li>\n<li>Les bouteilles en verre givr\u00e9 sont de plus en plus populaires pour les bouteilles de vodka.<\/li>\n<li>Le gaufrage est largement utilis\u00e9 pour personnaliser les bouteilles de vodka, de brandy, de tequila et d'autres spiritueux. Nous embossons ou gravons le nom de la marque ou le logo du client directement sur le verre, ce qui signifie que le moule est la propri\u00e9t\u00e9 de la distillerie.<\/li>\n<li>L'\u00e9lectrod\u00e9position donne aux bouteilles en verre un aspect brillant et \u00e9clatant. Ce type de bouteilles est g\u00e9n\u00e9ralement tr\u00e8s co\u00fbteux et destin\u00e9 aux march\u00e9s haut de gamme.<\/li>\n<\/ul>\n<h4><strong>Shi<\/strong><strong>pping\/Informations sur le fret<\/strong><\/h4>\n<p>En tant que l'une des plus grandes usines de bouteilles en verre de Chine, nous disposons d'un stock suffisant pour les bouteilles en vente rapide, qui sont pour la plupart nos bouteilles en verre standard. Ainsi, les commandes urgentes livr\u00e9es sous 7 \u00e0 10 jours sont disponibles pour les p\u00e9riodes de forte vente, telles que les ventes de No\u00ebl et du Nouvel An.<\/p>\n<ul>\n<li>Avec plus de 10 ans d'exp\u00e9rience dans la fabrication de bouteilles en verre, nous avons d\u00e9velopp\u00e9 des milliers de mod\u00e8les de bouteilles en verre. Nous avons diff\u00e9rents types de mod\u00e8les de bouteilles pour le choix des clients, et la plupart d'entre eux peuvent trouver leurs bouteilles en verre pr\u00e9f\u00e9r\u00e9es parmi les bouteilles HIKING exist, qui sont pr\u00eates \u00e0 \u00eatre moul\u00e9es. Le d\u00e9lai de livraison pour ces commandes est de 25 \u00e0 30 jours.<\/li>\n<li>Certaines soci\u00e9t\u00e9s de distillation poss\u00e8dent leurs propres bouteilles de liqueur. Ainsi, si vous nous fournissez le dessin d'une bouteille en verre, ou un \u00e9chantillon de bouteille en verre, voire une photo de bouteille en verre, nous d\u00e9velopperons ou copierons une bouteille en verre identique. Le d\u00e9lai de fabrication d'un moule est de 15 jours.<\/li>\n<\/ul>\n<h4><strong>Emballage des bouteilles en verre<\/strong><\/h4>\n<ul>\n<li>L'emballage en carton standard est utilis\u00e9 pour les bouteilles en verre dans l'imprimerie. Il y a un carton pour \u00e9viter les frottements.<\/li>\n<li>L'emballage sur palette est un moyen de manutention facile pour le chargement et le d\u00e9chargement des bouteilles de verre. C'est \u00e9galement la m\u00e9thode d'emballage la plus \u00e9conomique pour les bouteilles de spiritueux.<\/li>\n<li>L'emballage de bo\u00eetes color\u00e9es personnalis\u00e9es est l'emballage de bouteilles de verre le plus complexe. Les clients fournissent les dessins des bo\u00eetes, les entreprises de bouteilles en verre fournissent les bouteilles et les bo\u00eetes, qui sont r\u00e9utilisables apr\u00e8s le remplissage.<\/li>\n<\/ul>\n<figure id=\"attachment_4365\" aria-describedby=\"caption-attachment-4365\" style=\"width: 1776px\" class=\"wp-caption aligncenter\"><img loading=\"lazy\" decoding=\"async\" class=\"wp-image-4365 size-full\" src=\"https:\/\/glassbottlesmanufacturer.com\/wp-content\/uploads\/2018\/02\/heise-1.png\" alt=\"Fournisseur de bouteilles en verre - HIKING GLASS\" width=\"1776\" height=\"712\" srcset=\"https:\/\/glassbottlesmanufacturer.com\/wp-content\/uploads\/2018\/02\/heise-1.png 1776w, https:\/\/glassbottlesmanufacturer.com\/wp-content\/uploads\/2018\/02\/heise-1-600x241.png 600w, https:\/\/glassbottlesmanufacturer.com\/wp-content\/uploads\/2018\/02\/heise-1-300x120.png 300w, https:\/\/glassbottlesmanufacturer.com\/wp-content\/uploads\/2018\/02\/heise-1-768x308.png 768w, https:\/\/glassbottlesmanufacturer.com\/wp-content\/uploads\/2018\/02\/heise-1-1024x411.png 1024w\" sizes=\"auto, (max-width: 1776px) 100vw, 1776px\" \/><figcaption id=\"caption-attachment-4365\" class=\"wp-caption-text\">Fournisseur de bouteilles en verre - HIKING GLASS<\/figcaption><\/figure>\n<p><!--more--><\/p>\n<h4>Conseils sur les bouteilles en verre<\/h4>\n<p>Rev\u00eatement des bouteilles de verre et rev\u00eatement \u00e0 chaud. Le rev\u00eatement thermique est effectu\u00e9 apr\u00e8s le moulage de la bouteille et avant le recuit. Une fois que la bouteille en verre moul\u00e9e est lentement refroidie \u00e0 500-600\u00b0C, un agent de rev\u00eatement m\u00e9tallique (tel que l'oxyde d'\u00e9tain, l'oxyde de titane, le chlorure d'\u00e9tain, etc.) est pulv\u00e9ris\u00e9 sur la surface du r\u00e9cipient pour former un film protecteur d'une certaine \u00e9paisseur, et la r\u00e9sistance de la surface est am\u00e9lior\u00e9e 30%, tout en permettant \u00e0 la bouteille de r\u00e9sister \u00e0 un rin\u00e7age et \u00e0 un lavage \u00e0 l'eau de longue dur\u00e9e.<\/p>\n<p>Enduction \u00e0 froid. L'enduction \u00e0 froid consiste \u00e0 pulv\u00e9riser l'\u00e9mulsion de monost\u00e9arate, de poly\u00e9thyl\u00e8ne, d'acide ol\u00e9ique, de silane, de silicone ou d'autres polym\u00e8res dans un brouillard apr\u00e8s le recuit de la bouteille en verre, et \u00e0 adh\u00e9rer \u00e0 la surface d'une bouteille en verre \u00e0 une certaine temp\u00e9rature (la temp\u00e9rature de la bouteille est d'environ 21-80\u00b0C), ce qui forme une couche protectrice r\u00e9sistante \u00e0 l'usure et lubrifiante.<\/p>\n<p>Le givrage. Le givrage est la pulv\u00e9risation de t\u00e9trachlorure de carbone pendant le processus de refroidissement de la bouteille de verre, ou l'introduction de dioxyde de soufre dans le four de recuisson, qui peuvent tous deux r\u00e9agir avec l'oxyde alcalin \u00e0 la surface de la bouteille pour pr\u00e9cipiter les ions sodium \u00e0 la surface du verre et former des particules de mirabilite (c'est-\u00e0-dire des particules blanches troubles de Na2SO4). (c'est-\u00e0-dire du Na2SO4 blanc trouble). Apr\u00e8s rin\u00e7age \u00e0 l'eau, la stabilit\u00e9 chimique de la surface est am\u00e9lior\u00e9e en raison de la r\u00e9duction de l'alcalinit\u00e9.<\/p>\n<p>Traitement par enduction de silicone en surface. L'utilisation d'un rev\u00eatement de silicone par \u00e9vaporation sur la surface du verre ou l'impr\u00e9gnation de silicone permet de former un film hydrophobe d'organopolysiloxane et une polym\u00e9risation (Si02). Le film d'oxyde de silicium est reli\u00e9 \u00e0 la surface du verre par une liaison commune silicium-oxyg\u00e8ne. Apr\u00e8s le traitement thermique, le groupe organique se volatilise et le film d'oxyde de silicium restant peut \u00eatre rempli dans la fissure. La propri\u00e9t\u00e9 hydrophobe peut \u00e9viter la diffusion du milieu actif dans la fissure et gu\u00e9rir la fissure superficielle (commun\u00e9ment appel\u00e9e gu\u00e9rison h\u00e9t\u00e9rophasique), non seulement la r\u00e9sistance du verre et la stabilit\u00e9 chimique sont grandement am\u00e9lior\u00e9es, mais le verre a des propri\u00e9t\u00e9s optiques sp\u00e9ciales et une r\u00e9sistance aux chocs. Les solutions organiques de silicium couramment utilis\u00e9es comprennent le m\u00e9thyl fluorosilane, le dim\u00e9thyl dichlorosilane, le diph\u00e9nyl difluorosilane et le ph\u00e9nyl trichlorosilane. L'\u00e9paisseur du film polym\u00e8re sur la surface du r\u00e9cipient est de 0,005 mm, et sa contrainte de compression augmente de 10-12 Pa sous le poids standard du r\u00e9cipient. Avec la m\u00eame pression interne, le poids de plusieurs bouteilles en verre standard non consign\u00e9es peut \u00eatre r\u00e9duit de 420 g \u00e0 environ 300 g. Le poids des bouteilles en verre a \u00e9t\u00e9 r\u00e9duit de 25% \u00e0 30%. En m\u00eame temps, comme le film enduit est tr\u00e8s fin, la refusion du r\u00e9cipient en verre ne causera pas de probl\u00e8mes environnementaux. Par cons\u00e9quent, le conteneur \u00e0 rev\u00eatement polym\u00e8re en ligne peut \u00eatre incorpor\u00e9 dans le processus de recyclage standard.<\/p>\n<h4>V\u00c9RIFIER COMMENT LES BOUTEILLES EN VERRE SONT FABRIQU\u00c9ES PAR UNE MACHINE ENTI\u00c8REMENT AUTOMATIQUE<\/h4>\n<div style=\"width: 720px;\" class=\"wp-video\"><video class=\"wp-video-shortcode\" id=\"video-4386-1\" width=\"720\" height=\"404\" preload=\"metadata\" controls=\"controls\"><source type=\"video\/mp4\" src=\"https:\/\/glassbottlesmanufacturer.com\/wp-content\/uploads\/2018\/02\/HIKING-GLASS-\u8c37\u6b4c\u89c6\u9891.mp4?_=1\" \/><a href=\"https:\/\/glassbottlesmanufacturer.com\/wp-content\/uploads\/2018\/02\/HIKING-GLASS-\u8c37\u6b4c\u89c6\u9891.mp4\">https:\/\/glassbottlesmanufacturer.com\/wp-content\/uploads\/2018\/02\/HIKING-GLASS-\u8c37\u6b4c\u89c6\u9891.mp4<\/a><\/video><\/div>\n\n<div class=\"wpcf7 no-js\" id=\"wpcf7-f19-o1\" lang=\"en-US\" dir=\"ltr\" data-wpcf7-id=\"19\">\n<div class=\"screen-reader-response\"><p role=\"status\" aria-live=\"polite\" aria-atomic=\"true\"><\/p> <ul><\/ul><\/div>\n<form action=\"\/fr\/wp-json\/wp\/v2\/product\/4386#wpcf7-f19-o1\" method=\"post\" class=\"wpcf7-form init\" aria-label=\"Contact form\" novalidate=\"novalidate\" data-status=\"init\" data-trp-original-action=\"\/fr\/wp-json\/wp\/v2\/product\/4386#wpcf7-f19-o1\">\n<fieldset class=\"hidden-fields-container\"><input type=\"hidden\" name=\"_wpcf7\" value=\"19\" \/><input type=\"hidden\" name=\"_wpcf7_version\" value=\"6.1.5\" \/><input type=\"hidden\" name=\"_wpcf7_locale\" value=\"en_US\" \/><input type=\"hidden\" name=\"_wpcf7_unit_tag\" value=\"wpcf7-f19-o1\" \/><input type=\"hidden\" name=\"_wpcf7_container_post\" value=\"0\" \/><input type=\"hidden\" name=\"_wpcf7_posted_data_hash\" value=\"\" \/><input type=\"hidden\" name=\"_wpcf7dtx_version\" value=\"5.0.5\" \/>\n<\/fieldset>\n<p hidden><span class=\"wpcf7-form-control-wrap dynamictext-312\" data-name=\"dynamictext-312\"><input type=\"text\" name=\"dynamictext-312\" class=\"wpcf7-form-control wpcf7-text wpcf7dtx wpcf7dtx-text\" aria-invalid=\"false\" value=\"VODKA USE SUPER FLINT GLASS 750ML BOTTLES BULK SALE\"><\/span>\n<\/p>\n<p><span class=\"wpcf7-form-control-wrap\" data-name=\"your-name\"><input size=\"40\" maxlength=\"400\" class=\"wpcf7-form-control wpcf7-text wpcf7-validates-as-required\" aria-required=\"true\" aria-invalid=\"false\" placeholder=\"Votre nom\" value=\"\" type=\"text\" name=\"your-name\" \/><\/span>\n<\/p>\n<p><span class=\"wpcf7-form-control-wrap\" data-name=\"your-email\"><input size=\"40\" maxlength=\"400\" class=\"wpcf7-form-control wpcf7-email wpcf7-validates-as-required wpcf7-text wpcf7-validates-as-email\" aria-required=\"true\" aria-invalid=\"false\" placeholder=\"Votre courriel\" value=\"\" type=\"email\" name=\"your-email\" \/><\/span>\n<\/p>\n<p><span class=\"wpcf7-form-control-wrap\" data-name=\"your-subject\"><input size=\"40\" maxlength=\"400\" class=\"wpcf7-form-control wpcf7-text wpcf7-validates-as-required\" aria-required=\"true\" aria-invalid=\"false\" placeholder=\"Objet du message\" value=\"\" type=\"text\" name=\"your-subject\" \/><\/span>\n<\/p>\n<p><span class=\"wpcf7-form-control-wrap\" data-name=\"your-message\"><textarea cols=\"40\" rows=\"10\" maxlength=\"2000\" class=\"wpcf7-form-control wpcf7-textarea\" aria-invalid=\"false\" placeholder=\"Tapez votre message ici...\" name=\"your-message\"><\/textarea><\/span>\n<\/p>\n<div style=\"display:none\">\n\t<p><span class=\"wpcf7-form-control-wrap form-url\" data-name=\"form-url\"><input type=\"text\" name=\"form-url\" class=\"wpcf7-form-control wpcf7-text wpcf7dtx wpcf7dtx-text\" aria-invalid=\"false\" value=\"https:\/\/glassbottlesmanufacturer.com\/fr\/fr\/wp-json\/wp\/v2\/product\/4386\"><\/span>\n\t<\/p>\n<\/div>\n<div style=\"margin-bottom:10px;\">\n\t<p><span class=\"wpcf7-form-control-wrap kc_captcha\" data-name=\"kc_captcha\"><span class=\"wpcf7-form-control wpcf7-radio\"><span class=\"captcha-image\" ><span class=\"cf7ic_instructions\">Please prove you are human by selecting the<span> cup<\/span>.<\/span><label><input aria-label=\"1\" type=\"radio\" name=\"kc_captcha\" value=\"kc_human\" \/><svg aria-hidden=\"true\" role=\"img\" xmlns=\"http:\/\/www.w3.org\/2000\/svg\" viewbox=\"0 0 640 512\"><path fill=\"currentColor\" d=\"M192 384h192c53 0 96-43 96-96h32a128 128 0 000-256H120c-13 0-24 11-24 24v232c0 53 43 96 96 96zM512 96a64 64 0 010 128h-32V96h32zm48 384H48c-47 0-61-64-36-64h584c25 0 11 64-36 64z\"\/><\/svg><\/label><label><input aria-label=\"2\" type=\"radio\" name=\"kc_captcha\" value=\"bot\" \/><svg aria-hidden=\"true\" role=\"img\" xmlns=\"http:\/\/www.w3.org\/2000\/svg\" viewbox=\"0 0 512 512\"><path fill=\"currentColor\" d=\"M350 99c-54 0-98-35-166-35-25 0-47 4-68 12a56 56 0 004-24C118 24 95 1 66 0a56 56 0 00-34 102v386c0 13 11 24 24 24h16c13 0 24-11 24-24v-94c28-12 64-23 114-23 54 0 98 35 166 35 48 0 86-16 122-41 9-6 14-15 14-26V96c0-23-24-39-45-29-35 16-77 32-117 32z\"\/><\/svg><\/label><label><input aria-label=\"3\" type=\"radio\" name=\"kc_captcha\" value=\"bot\" \/><svg aria-hidden=\"true\" role=\"img\" xmlns=\"http:\/\/www.w3.org\/2000\/svg\" viewbox=\"0 0 384 512\"><path fill=\"currentColor\" d=\"M377 375l-83-87h34c21 0 32-25 17-40l-82-88h33c21 0 32-25 18-40L210 8c-10-11-26-11-36 0L70 120c-14 15-3 40 18 40h33l-82 88c-15 15-4 40 17 40h34L7 375c-15 16-4 41 17 41h120c0 33-11 49-34 68-12 9-5 28 10 28h144c15 0 22-19 10-28-20-16-34-32-34-68h120c21 0 32-25 17-41z\"\/><\/svg><\/label>\r\n    <\/span>\r\n    <span style=\"display:none\">\r\n        <input type=\"text\" name=\"kc_honeypot\">\r\n    <\/span><\/span><\/span>\n\t<\/p>\n<\/div>\n<p><input class=\"wpcf7-form-control wpcf7-submit has-spinner\" type=\"submit\" value=\"Envoyez votre message\" \/>\n<\/p><p style=\"display: none !important;\" class=\"akismet-fields-container\" data-prefix=\"_wpcf7_ak_\"><label>\u0394<textarea name=\"_wpcf7_ak_hp_textarea\" cols=\"45\" rows=\"8\" maxlength=\"100\"><\/textarea><\/label><input type=\"hidden\" id=\"ak_js_1\" name=\"_wpcf7_ak_js\" value=\"117\"\/><script>document.getElementById( \"ak_js_1\" ).setAttribute( \"value\", ( new Date() ).getTime() );<\/script><\/p><div class=\"wpcf7-response-output\" aria-hidden=\"true\"><\/div>\n<input type=\"hidden\" name=\"trp-form-language\" value=\"fr\"\/><\/form>\n<\/div>","protected":false},"excerpt":{"rendered":"<table id=\"tablepress-125\" class=\"tablepress tablepress-id-125\">\n<thead>\n<tr class=\"row-1\">\n\t<th class=\"column-1\">NOM DU PRODUIT<\/th><th class=\"column-2\">VODKA UTILISATION VERRE SUPER FLINT 750ML VENTE EN VRAC<\/th>\n<\/tr>\n<\/thead>\n<tbody class=\"row-striping row-hover\">\n<tr class=\"row-2\">\n\t<td class=\"column-1\">R\u00c9F\u00c9RENCE<\/td><td class=\"column-2\">HK-004<\/td>\n<\/tr>\n<tr class=\"row-3\">\n\t<td class=\"column-1\">COULEURS DU VERRE<\/td><td class=\"column-2\">SUPER SILEX \/ SILEX EXTRA BLANC<\/td>\n<\/tr>\n<tr class=\"row-4\">\n\t<td class=\"column-1\">FORME DE LA BOUTEILLE<\/td><td class=\"column-2\">Forme ronde<\/td>\n<\/tr>\n<tr class=\"row-5\">\n\t<td class=\"column-1\">FINITION<\/td><td class=\"column-2\">Li\u00e8ge en bois<\/td>\n<\/tr>\n<tr class=\"row-6\">\n\t<td class=\"column-1\">DIAM\u00c8TRE DE L'ORIFICE D'ENTR\u00c9E<\/td><td class=\"column-2\">21,5 mm<\/td>\n<\/tr>\n<tr class=\"row-7\">\n\t<td class=\"column-1\">\u00c9PAISSEUR DE LA BASE EN VERRE<\/td><td class=\"column-2\">20,2 mm<\/td>\n<\/tr>\n<tr class=\"row-8\">\n\t<td class=\"column-1\">HAUTEUR DU FLACON<\/td><td class=\"column-2\">273 mm<\/td>\n<\/tr>\n<tr class=\"row-9\">\n\t<td class=\"column-1\">LONGUEUR<\/td><td class=\"column-2\">108,3 mm<\/td>\n<\/tr>\n<tr class=\"row-10\">\n\t<td class=\"column-1\">Poids<\/td><td class=\"column-2\">680g<\/td>\n<\/tr>\n<\/tbody>\n<\/table>\n<!-- #tablepress-125 from cache -->","protected":false},"featured_media":4389,"comment_status":"closed","ping_status":"closed","template":"","meta":[],"product_brand":[],"product_cat":[68],"product_tag":[],"class_list":{"0":"post-4386","1":"product","2":"type-product","3":"status-publish","4":"has-post-thumbnail","6":"product_cat-750ml-glass-bottles","7":"entry","8":"has-media","10":"first","11":"instock","12":"shipping-taxable","13":"product-type-simple"},"_links":{"self":[{"href":"https:\/\/glassbottlesmanufacturer.com\/fr\/wp-json\/wp\/v2\/product\/4386","targetHints":{"allow":["GET"]}}],"collection":[{"href":"https:\/\/glassbottlesmanufacturer.com\/fr\/wp-json\/wp\/v2\/product"}],"about":[{"href":"https:\/\/glassbottlesmanufacturer.com\/fr\/wp-json\/wp\/v2\/types\/product"}],"replies":[{"embeddable":true,"href":"https:\/\/glassbottlesmanufacturer.com\/fr\/wp-json\/wp\/v2\/comments?post=4386"}],"wp:featuredmedia":[{"embeddable":true,"href":"https:\/\/glassbottlesmanufacturer.com\/fr\/wp-json\/wp\/v2\/media\/4389"}],"wp:attachment":[{"href":"https:\/\/glassbottlesmanufacturer.com\/fr\/wp-json\/wp\/v2\/media?parent=4386"}],"wp:term":[{"taxonomy":"product_brand","embeddable":true,"href":"https:\/\/glassbottlesmanufacturer.com\/fr\/wp-json\/wp\/v2\/product_brand?post=4386"},{"taxonomy":"product_cat","embeddable":true,"href":"https:\/\/glassbottlesmanufacturer.com\/fr\/wp-json\/wp\/v2\/product_cat?post=4386"},{"taxonomy":"product_tag","embeddable":true,"href":"https:\/\/glassbottlesmanufacturer.com\/fr\/wp-json\/wp\/v2\/product_tag?post=4386"}],"curies":[{"name":"wp","href":"https:\/\/api.w.org\/{rel}","templated":true}]}}