{"id":4418,"date":"2018-03-24T02:55:49","date_gmt":"2018-03-24T02:55:49","guid":{"rendered":"https:\/\/glassbottlesmanufacturer.com\/?post_type=product&#038;p=4418"},"modified":"2018-03-26T05:37:54","modified_gmt":"2018-03-26T05:37:54","slug":"high-transparent-clear-750ml-spirit-bottles","status":"publish","type":"product","link":"https:\/\/glassbottlesmanufacturer.com\/fr\/commerce-de-gros\/high-transparent-clear-750ml-spirit-bottles\/","title":{"rendered":"BOUTEILLES DE SPIRITUEUX TRANSPARENTES DE 750ML"},"content":{"rendered":"<p>The high transparent clear 750ml spirit bottles. HK-010, a custom glass bottle, with the company name embossed on the bottom. The bottle has a wide base, long neck, becomes thinner from the bottom to up, cute like a big horn, strong and tell people it is the leader.<\/p>\n<figure id=\"attachment_4368\" aria-describedby=\"caption-attachment-4368\" style=\"width: 980px\" class=\"wp-caption aligncenter\"><img loading=\"lazy\" decoding=\"async\" class=\"wp-image-4368 size-large\" src=\"https:\/\/glassbottlesmanufacturer.com\/wp-content\/uploads\/2018\/02\/Glass-Bottle-Supplier-1024x411.jpg\" alt=\"Fournisseur de bouteilles de liqueur\" width=\"980\" height=\"393\" srcset=\"https:\/\/glassbottlesmanufacturer.com\/wp-content\/uploads\/2018\/02\/Glass-Bottle-Supplier-1024x411.jpg 1024w, https:\/\/glassbottlesmanufacturer.com\/wp-content\/uploads\/2018\/02\/Glass-Bottle-Supplier-600x241.jpg 600w, https:\/\/glassbottlesmanufacturer.com\/wp-content\/uploads\/2018\/02\/Glass-Bottle-Supplier-300x120.jpg 300w, https:\/\/glassbottlesmanufacturer.com\/wp-content\/uploads\/2018\/02\/Glass-Bottle-Supplier-768x308.jpg 768w, https:\/\/glassbottlesmanufacturer.com\/wp-content\/uploads\/2018\/02\/Glass-Bottle-Supplier.jpg 1776w\" sizes=\"auto, (max-width: 980px) 100vw, 980px\" \/><figcaption id=\"caption-attachment-4368\" class=\"wp-caption-text\">Fournisseur de bouteilles de liqueur - HIKING GLASS<\/figcaption><\/figure>\n<h4>The Details of Spirit Bottles HK-010<\/h4>\n<figure id=\"attachment_4419\" aria-describedby=\"caption-attachment-4419\" style=\"width: 2650px\" class=\"wp-caption aligncenter\"><img loading=\"lazy\" decoding=\"async\" class=\"size-full wp-image-4419\" src=\"https:\/\/glassbottlesmanufacturer.com\/wp-content\/uploads\/2018\/03\/spirit-bottles.jpg\" alt=\"spirit bottles\" width=\"2650\" height=\"950\" \/><figcaption id=\"caption-attachment-4419\" class=\"wp-caption-text\">BOUTEILLES DE SPIRITUEUX TRANSPARENTES DE 750ML<\/figcaption><\/figure>\n<h4><strong>Application de d\u00e9coration<\/strong><\/h4>\n<ul>\n<li>D\u00e9calcomanie et imprime le logo sur les bouteilles en verre de 750 ml, les OEM sont les bienvenus.<\/li>\n<li>Les bouteilles en verre givr\u00e9 sont de plus en plus populaires pour les bouteilles de vodka.<\/li>\n<li>Le gaufrage est largement utilis\u00e9 pour personnaliser les bouteilles de vodka, de brandy, de tequila et d'autres spiritueux. Nous embossons ou gravons le nom de la marque ou le logo du client directement sur le verre, ce qui signifie que le moule est la propri\u00e9t\u00e9 de la distillerie.<\/li>\n<li>L'\u00e9lectrod\u00e9position donne aux bouteilles en verre un aspect brillant et \u00e9clatant. Ce type de bouteilles est g\u00e9n\u00e9ralement tr\u00e8s co\u00fbteux et destin\u00e9 aux march\u00e9s haut de gamme.<\/li>\n<\/ul>\n<h4><strong>Shi<\/strong><strong>pping\/Informations sur le fret<\/strong><\/h4>\n<p>En tant que l'une des plus grandes usines de bouteilles en verre de Chine, nous disposons d'un stock suffisant pour les bouteilles en vente rapide, qui sont pour la plupart nos bouteilles en verre standard. Ainsi, les commandes urgentes livr\u00e9es sous 7 \u00e0 10 jours sont disponibles pour les p\u00e9riodes de forte vente, telles que les ventes de No\u00ebl et du Nouvel An.<\/p>\n<ul>\n<li>Avec plus de 10 ans d'exp\u00e9rience dans la fabrication de bouteilles en verre, nous avons d\u00e9velopp\u00e9 des milliers de mod\u00e8les de bouteilles en verre. Nous avons diff\u00e9rents types de mod\u00e8les de bouteilles pour le choix des clients, et la plupart d'entre eux peuvent trouver leurs bouteilles en verre pr\u00e9f\u00e9r\u00e9es parmi les bouteilles HIKING exist, qui sont pr\u00eates \u00e0 \u00eatre moul\u00e9es. Le d\u00e9lai de livraison pour ces commandes est de 25 \u00e0 30 jours.<\/li>\n<li>Certaines soci\u00e9t\u00e9s de distillation poss\u00e8dent leurs propres bouteilles de liqueur. Ainsi, si vous nous fournissez le dessin d'une bouteille en verre, ou un \u00e9chantillon de bouteille en verre, voire une photo de bouteille en verre, nous d\u00e9velopperons ou copierons une bouteille en verre identique. Le d\u00e9lai de fabrication d'un moule est de 15 jours.<\/li>\n<\/ul>\n<h4><strong>Emballage des bouteilles en verre<\/strong><\/h4>\n<ul>\n<li>L'emballage en carton standard est utilis\u00e9 pour les bouteilles en verre dans l'imprimerie. Il y a un carton pour \u00e9viter les frottements.<\/li>\n<li>L'emballage sur palette est un moyen de manutention facile pour le chargement et le d\u00e9chargement des bouteilles de verre. C'est \u00e9galement la m\u00e9thode d'emballage la plus \u00e9conomique pour les bouteilles de spiritueux.<\/li>\n<li>L'emballage de bo\u00eetes color\u00e9es personnalis\u00e9es est l'emballage de bouteilles de verre le plus complexe. Les clients fournissent les dessins des bo\u00eetes, les entreprises de bouteilles en verre fournissent les bouteilles et les bo\u00eetes, qui sont r\u00e9utilisables apr\u00e8s le remplissage.<\/li>\n<\/ul>\n<figure id=\"attachment_4365\" aria-describedby=\"caption-attachment-4365\" style=\"width: 1776px\" class=\"wp-caption aligncenter\"><img loading=\"lazy\" decoding=\"async\" class=\"wp-image-4365 size-full\" src=\"https:\/\/glassbottlesmanufacturer.com\/wp-content\/uploads\/2018\/02\/heise-1.png\" alt=\"Fournisseur de bouteilles en verre - HIKING GLASS\" width=\"1776\" height=\"712\" srcset=\"https:\/\/glassbottlesmanufacturer.com\/wp-content\/uploads\/2018\/02\/heise-1.png 1776w, https:\/\/glassbottlesmanufacturer.com\/wp-content\/uploads\/2018\/02\/heise-1-600x241.png 600w, https:\/\/glassbottlesmanufacturer.com\/wp-content\/uploads\/2018\/02\/heise-1-300x120.png 300w, https:\/\/glassbottlesmanufacturer.com\/wp-content\/uploads\/2018\/02\/heise-1-768x308.png 768w, https:\/\/glassbottlesmanufacturer.com\/wp-content\/uploads\/2018\/02\/heise-1-1024x411.png 1024w\" sizes=\"auto, (max-width: 1776px) 100vw, 1776px\" \/><figcaption id=\"caption-attachment-4365\" class=\"wp-caption-text\">Fournisseur de bouteilles en verre - HIKING GLASS<\/figcaption><\/figure>\n<p><!--more--><\/p>\n<h4>Conseils sur les bouteilles en verre<\/h4>\n<p>Les points cl\u00e9s de l'inspection des bouteilles en verre.<\/p>\n<p>Troisi\u00e8mement, l'inspection de la production<\/p>\n<p>1. Without changing the mold, every 2 hours, each mold pick out 2 pcs for volume, weight testing, and meanwhile need to detect the inner and outer diameter of the mouth, because the mouth is easy to stain with oil, resulting in the lid without sealing properly, and cause the liquid leaking<\/p>\n<p>2. Au cours de la production, les moules peuvent \u00eatre remplac\u00e9s par de nouveaux moules. Par cons\u00e9quent, apr\u00e8s avoir chang\u00e9 les moules, le service de production doit imm\u00e9diatement en informer le bureau d'assurance qualit\u00e9. L'assistant qualit\u00e9 doit proc\u00e9der \u00e0 une inspection stricte des premi\u00e8res bouteilles fabriqu\u00e9es avec de nouveaux moules, ainsi qu'\u00e0 l'inspection de la production, afin d'\u00e9viter les probl\u00e8mes de qualit\u00e9 dus \u00e0 des inspections manqu\u00e9es en raison de l'inspection de la qualit\u00e9 apr\u00e8s le changement de moules.<\/p>\n<h4>V\u00c9RIFIER COMMENT LES BOUTEILLES EN VERRE SONT FABRIQU\u00c9ES PAR UNE MACHINE ENTI\u00c8REMENT AUTOMATIQUE<\/h4>\n<div style=\"width: 720px;\" class=\"wp-video\"><video class=\"wp-video-shortcode\" id=\"video-4418-1\" width=\"720\" height=\"404\" preload=\"metadata\" controls=\"controls\"><source type=\"video\/mp4\" src=\"https:\/\/glassbottlesmanufacturer.com\/wp-content\/uploads\/2018\/02\/HIKING-GLASS-\u8c37\u6b4c\u89c6\u9891.mp4?_=1\" \/><a href=\"https:\/\/glassbottlesmanufacturer.com\/wp-content\/uploads\/2018\/02\/HIKING-GLASS-\u8c37\u6b4c\u89c6\u9891.mp4\">https:\/\/glassbottlesmanufacturer.com\/wp-content\/uploads\/2018\/02\/HIKING-GLASS-\u8c37\u6b4c\u89c6\u9891.mp4<\/a><\/video><\/div>\n<p><!--StartFragment --><\/p>\n<h4>Leave\u00a0your\u00a0message\u00a0to\u00a0get\u00a0a\u00a0fast\u00a0reply\u00a0with\u00a0Your Bottles<\/h4>\n\n<div class=\"wpcf7 no-js\" id=\"wpcf7-f19-o1\" lang=\"en-US\" dir=\"ltr\" data-wpcf7-id=\"19\">\n<div class=\"screen-reader-response\"><p role=\"status\" aria-live=\"polite\" aria-atomic=\"true\"><\/p> <ul><\/ul><\/div>\n<form action=\"\/fr\/wp-json\/wp\/v2\/product\/4418#wpcf7-f19-o1\" method=\"post\" class=\"wpcf7-form init\" aria-label=\"Contact form\" novalidate=\"novalidate\" data-status=\"init\" data-trp-original-action=\"\/fr\/wp-json\/wp\/v2\/product\/4418#wpcf7-f19-o1\">\n<fieldset class=\"hidden-fields-container\"><input type=\"hidden\" name=\"_wpcf7\" value=\"19\" \/><input type=\"hidden\" name=\"_wpcf7_version\" value=\"6.1.5\" \/><input type=\"hidden\" name=\"_wpcf7_locale\" value=\"en_US\" \/><input type=\"hidden\" name=\"_wpcf7_unit_tag\" value=\"wpcf7-f19-o1\" \/><input type=\"hidden\" name=\"_wpcf7_container_post\" value=\"0\" \/><input type=\"hidden\" name=\"_wpcf7_posted_data_hash\" value=\"\" \/><input type=\"hidden\" name=\"_wpcf7dtx_version\" value=\"5.0.5\" \/>\n<\/fieldset>\n<p hidden><span class=\"wpcf7-form-control-wrap dynamictext-312\" data-name=\"dynamictext-312\"><input type=\"text\" name=\"dynamictext-312\" class=\"wpcf7-form-control wpcf7-text wpcf7dtx wpcf7dtx-text\" aria-invalid=\"false\" value=\"HIGH TRANSPARENT CLEAR 750ML SPIRIT BOTTLES\"><\/span>\n<\/p>\n<p><span class=\"wpcf7-form-control-wrap\" data-name=\"your-name\"><input size=\"40\" maxlength=\"400\" class=\"wpcf7-form-control wpcf7-text wpcf7-validates-as-required\" aria-required=\"true\" aria-invalid=\"false\" placeholder=\"Votre nom\" value=\"\" type=\"text\" name=\"your-name\" \/><\/span>\n<\/p>\n<p><span class=\"wpcf7-form-control-wrap\" data-name=\"your-email\"><input size=\"40\" maxlength=\"400\" class=\"wpcf7-form-control wpcf7-email wpcf7-validates-as-required wpcf7-text wpcf7-validates-as-email\" aria-required=\"true\" aria-invalid=\"false\" placeholder=\"Votre courriel\" value=\"\" type=\"email\" name=\"your-email\" \/><\/span>\n<\/p>\n<p><span class=\"wpcf7-form-control-wrap\" data-name=\"your-subject\"><input size=\"40\" maxlength=\"400\" class=\"wpcf7-form-control wpcf7-text wpcf7-validates-as-required\" aria-required=\"true\" aria-invalid=\"false\" placeholder=\"Objet du message\" value=\"\" type=\"text\" name=\"your-subject\" \/><\/span>\n<\/p>\n<p><span class=\"wpcf7-form-control-wrap\" data-name=\"your-message\"><textarea cols=\"40\" rows=\"10\" maxlength=\"2000\" class=\"wpcf7-form-control wpcf7-textarea\" aria-invalid=\"false\" placeholder=\"Tapez votre message ici...\" name=\"your-message\"><\/textarea><\/span>\n<\/p>\n<div style=\"display:none\">\n\t<p><span class=\"wpcf7-form-control-wrap form-url\" data-name=\"form-url\"><input type=\"text\" name=\"form-url\" class=\"wpcf7-form-control wpcf7-text wpcf7dtx wpcf7dtx-text\" aria-invalid=\"false\" value=\"https:\/\/glassbottlesmanufacturer.com\/fr\/fr\/wp-json\/wp\/v2\/product\/4418\"><\/span>\n\t<\/p>\n<\/div>\n<div style=\"margin-bottom:10px;\">\n\t<p><span class=\"wpcf7-form-control-wrap kc_captcha\" data-name=\"kc_captcha\"><span class=\"wpcf7-form-control wpcf7-radio\"><span class=\"captcha-image\" ><span class=\"cf7ic_instructions\">Please prove you are human by selecting the<span> cup<\/span>.<\/span><label><input aria-label=\"1\" type=\"radio\" name=\"kc_captcha\" value=\"kc_human\" \/><svg aria-hidden=\"true\" role=\"img\" xmlns=\"http:\/\/www.w3.org\/2000\/svg\" viewbox=\"0 0 640 512\"><path fill=\"currentColor\" d=\"M192 384h192c53 0 96-43 96-96h32a128 128 0 000-256H120c-13 0-24 11-24 24v232c0 53 43 96 96 96zM512 96a64 64 0 010 128h-32V96h32zm48 384H48c-47 0-61-64-36-64h584c25 0 11 64-36 64z\"\/><\/svg><\/label><label><input aria-label=\"2\" type=\"radio\" name=\"kc_captcha\" value=\"bot\" \/><svg aria-hidden=\"true\" role=\"img\" xmlns=\"http:\/\/www.w3.org\/2000\/svg\" viewbox=\"0 0 512 512\"><path fill=\"currentColor\" d=\"M512 176a176 176 0 01-209 173l-24 27a24 24 0 01-18 8h-37v40c0 13-11 24-24 24h-40v40c0 13-11 24-24 24H24c-13 0-24-11-24-24v-78c0-6 3-13 7-17l162-162a176 176 0 11343-55zm-176-48a48 48 0 1096 0 48 48 0 00-96 0z\"\/><\/svg><\/label><label><input aria-label=\"3\" type=\"radio\" name=\"kc_captcha\" value=\"bot\" \/><svg aria-hidden=\"true\" role=\"img\" xmlns=\"http:\/\/www.w3.org\/2000\/svg\" viewbox=\"0 0 640 512\"><path fill=\"currentColor\" d=\"M624 352h-16V244c0-13-5-25-14-34L494 110c-9-9-21-14-34-14h-44V48c0-26-21-48-48-48H48C22 0 0 22 0 48v320c0 27 22 48 48 48h16a96 96 0 00192 0h128a96 96 0 00192 0h48c9 0 16-7 16-16v-32c0-9-7-16-16-16zM160 464a48 48 0 110-96 48 48 0 010 96zm320 0a48 48 0 110-96 48 48 0 010 96zm80-208H416V144h44l100 100v12z\"\/><\/svg><\/label>\r\n    <\/span>\r\n    <span style=\"display:none\">\r\n        <input type=\"text\" name=\"kc_honeypot\">\r\n    <\/span><\/span><\/span>\n\t<\/p>\n<\/div>\n<p><input class=\"wpcf7-form-control wpcf7-submit has-spinner\" type=\"submit\" value=\"Envoyez votre message\" \/>\n<\/p><p style=\"display: none !important;\" class=\"akismet-fields-container\" data-prefix=\"_wpcf7_ak_\"><label>&#916;<textarea name=\"_wpcf7_ak_hp_textarea\" cols=\"45\" rows=\"8\" maxlength=\"100\"><\/textarea><\/label><input type=\"hidden\" id=\"ak_js_1\" name=\"_wpcf7_ak_js\" value=\"64\"\/><script>document.getElementById( \"ak_js_1\" ).setAttribute( \"value\", ( new Date() ).getTime() );<\/script><\/p><div class=\"wpcf7-response-output\" aria-hidden=\"true\"><\/div>\n<input type=\"hidden\" name=\"trp-form-language\" value=\"fr\"\/><\/form>\n<\/div>","protected":false},"excerpt":{"rendered":"<table id=\"tablepress-130\" class=\"tablepress tablepress-id-130\">\n<thead>\n<tr class=\"row-1\">\n\t<th class=\"column-1\">NOM DU PRODUIT<\/th><th class=\"column-2\">BOUTEILLES DE SPIRITUEUX TRANSPARENTES DE 750ML<\/th>\n<\/tr>\n<\/thead>\n<tbody class=\"row-striping row-hover\">\n<tr class=\"row-2\">\n\t<td class=\"column-1\">R\u00c9F\u00c9RENCE<\/td><td class=\"column-2\">HK-010<\/td>\n<\/tr>\n<tr class=\"row-3\">\n\t<td class=\"column-1\">COULEURS DU VERRE<\/td><td class=\"column-2\">SUPER SILEX \/ SILEX EXTRA BLANC<\/td>\n<\/tr>\n<tr class=\"row-4\">\n\t<td class=\"column-1\">FORME DE LA BOUTEILLE<\/td><td class=\"column-2\">Custom<\/td>\n<\/tr>\n<tr class=\"row-5\">\n\t<td class=\"column-1\">FINITION<\/td><td class=\"column-2\">Wood Lids<\/td>\n<\/tr>\n<tr class=\"row-6\">\n\t<td class=\"column-1\">DIAM\u00c8TRE DE L'ORIFICE D'ENTR\u00c9E<\/td><td class=\"column-2\">18.3 mm<\/td>\n<\/tr>\n<tr class=\"row-7\">\n\t<td class=\"column-1\">GLASS UP<\/td><td class=\"column-2\">30 mm<\/td>\n<\/tr>\n<tr class=\"row-8\">\n\t<td class=\"column-1\">HAUTEUR DU FLACON<\/td><td class=\"column-2\">270 mm<\/td>\n<\/tr>\n<tr class=\"row-9\">\n\t<td class=\"column-1\">Diam\u00e8tre<\/td><td class=\"column-2\">108 mm<\/td>\n<\/tr>\n<tr class=\"row-10\">\n\t<td class=\"column-1\">Poids<\/td><td class=\"column-2\">980 g<\/td>\n<\/tr>\n<\/tbody>\n<\/table>\n<!-- #tablepress-130 from cache -->","protected":false},"featured_media":4422,"comment_status":"closed","ping_status":"closed","template":"","meta":[],"product_brand":[],"product_cat":[68],"product_tag":[],"class_list":{"0":"post-4418","1":"product","2":"type-product","3":"status-publish","4":"has-post-thumbnail","6":"product_cat-750ml-glass-bottles","7":"entry","8":"has-media","10":"first","11":"instock","12":"shipping-taxable","13":"product-type-simple"},"_links":{"self":[{"href":"https:\/\/glassbottlesmanufacturer.com\/fr\/wp-json\/wp\/v2\/product\/4418","targetHints":{"allow":["GET"]}}],"collection":[{"href":"https:\/\/glassbottlesmanufacturer.com\/fr\/wp-json\/wp\/v2\/product"}],"about":[{"href":"https:\/\/glassbottlesmanufacturer.com\/fr\/wp-json\/wp\/v2\/types\/product"}],"replies":[{"embeddable":true,"href":"https:\/\/glassbottlesmanufacturer.com\/fr\/wp-json\/wp\/v2\/comments?post=4418"}],"wp:featuredmedia":[{"embeddable":true,"href":"https:\/\/glassbottlesmanufacturer.com\/fr\/wp-json\/wp\/v2\/media\/4422"}],"wp:attachment":[{"href":"https:\/\/glassbottlesmanufacturer.com\/fr\/wp-json\/wp\/v2\/media?parent=4418"}],"wp:term":[{"taxonomy":"product_brand","embeddable":true,"href":"https:\/\/glassbottlesmanufacturer.com\/fr\/wp-json\/wp\/v2\/product_brand?post=4418"},{"taxonomy":"product_cat","embeddable":true,"href":"https:\/\/glassbottlesmanufacturer.com\/fr\/wp-json\/wp\/v2\/product_cat?post=4418"},{"taxonomy":"product_tag","embeddable":true,"href":"https:\/\/glassbottlesmanufacturer.com\/fr\/wp-json\/wp\/v2\/product_tag?post=4418"}],"curies":[{"name":"wp","href":"https:\/\/api.w.org\/{rel}","templated":true}]}}