{"id":3813,"date":"2017-09-20T03:15:49","date_gmt":"2017-09-20T03:15:49","guid":{"rendered":"https:\/\/glassbottlesmanufacturer.com\/?post_type=product&#038;p=3813"},"modified":"2024-07-08T13:42:43","modified_gmt":"2024-07-08T13:42:43","slug":"bottiglie-di-vetro-di-forma-rotonda-per-alcolici","status":"publish","type":"product","link":"https:\/\/glassbottlesmanufacturer.com\/it\/allingrosso\/bottiglie-di-vetro-di-forma-rotonda-per-alcolici\/","title":{"rendered":"BOTTIGLIE DI VETRO DI FORMA ROTONDA PER ALCOLICI"},"content":{"rendered":"<p>Le bottiglie di vetro per alcolici di forma rotonda sono ampiamente utilizzate in molti marchi di alcolici. La maneggevolezza e le caratteristiche di etichettatura attraggono molti impianti di riempimento che le applicano a vodka, whisky, brandy, cognac, rum e tequila. Queste bottiglie di vetro da 500 ml di forma rotonda per alcolici sono prodotte da HIKING glass, utilizzano il materiale di vetro di tipo I per mantenere l'alto grado di trasparenza e la distanza. Questa bottiglia per alcolici da 500 ml \u00e8 dotata di un tappo in cristallo massiccio; ci sono tappi in vetro di forma rotonda, quadrata e piatta per il riferimento del cliente. Un tappo a vite in gomma si collega al fondo del tappo di vetro per sigillare sottovuoto la bottiglia. La bottiglia per liquori da 500 ml \u00e8 una buona scelta per il confezionamento di liquori.<\/p>\n<h4><strong>Applicazione della decorazione<\/strong><\/h4>\n<p>Il produttore di bottiglie di vetro HIKING offre un'abbondanza di decorazioni profonde e di gestione di pi\u00f9 superfici per le bottiglie di vetro di forma rotonda per alcolici. Potete godere del servizio one stop della fabbrica di bottiglie di vetro di HIKING, come la stampa del logo sulle bottiglie di vetro per alcolici, la spruzzatura dei colori sulla superficie trasparente e la galvanizzazione UV dei colori lucidi e brillanti per migliorare il grado del mercato.<\/p>\n<h4><strong>Informazioni su spedizione\/ trasporto<\/strong><\/h4>\n<ul>\n<li>Bottiglie di vetro lisce In magazzino 5-10 giorni.<\/li>\n<\/ul>\n<p>Il produttore di bottiglie di vetro HIKING fornisce scorte sufficienti per le bottiglie di alcolici in vetro di vendita calda. Soprattutto questa bottiglia di spirito di forma rotonda da 500 ml, poich\u00e9 \u00e8 molto popolare nel mercato cinese. La fabbrica di bottiglie di vetro di HIKING pu\u00f2 consegnare il carico con una settimana per le bottiglie di vetro di riserva se usa il nostro metodo di imballaggio standard. Per l'imballaggio in scatola colorata personalizzata, ci vorr\u00e0 pi\u00f9 tempo.<\/p>\n<ul>\n<li>Produzione Stock 7-15 giorni<\/li>\n<\/ul>\n<p>Se le bottiglie di vetro per alcolici sono disponibili presso la linea di produzione HIKING, possiamo aggiornare il calendario delle bottiglie di vetro per rendere reale la consegna rapida. Una settimana per le bottiglie di vetro trasparente senza decorazioni. Due settimane per le bottiglie di vetro per alcolici con decorazione, come serigrafia, glassatura, spruzzatura, galvanica, ecc.<\/p>\n<ul>\n<li>Ordine speciale 20-30 giorni<\/li>\n<\/ul>\n<p>L'azienda di bottiglie di vetro HIKING ha sviluppato migliaia di stampi per bottiglie di vetro negli ultimi 10 anni. La maggior parte delle bottiglie di alcolici sono in vendita in molti paesi, soprattutto per bottiglie di vodka da 750 ml, bottiglie di brandy da 700 ml, bottiglie di vetro per whisky da 75 cl e bottiglie di vetro per liquori da 500 ml. Se le distillerie scelgono il design delle bottiglie di vetro di HIKING, risparmiano sul costo dello stampo e accelerano i tempi di consegna. Queste bottiglie di vetro per liquori sono disponibili per una produzione rapida invece di migliorare il nuovo stampo. Per il modo di imballaggio standard, di solito ci vogliono 20 giorni per l'acquisto di bottiglie di vetro sfuse. E 30 giorni per l'imballaggio speciale, come la scatola colorata.<\/p>\n<ul>\n<li>Ordine personalizzato 40 giorni<\/li>\n<\/ul>\n<p>Alcune distillerie possiedono un packaging esclusivo per i loro liquori, quindi hanno un proprio packaging per le bottiglie di vetro. In questo modo, se forniscono il disegno della loro bottiglia di vetro, o un campione di bottiglia di vetro, anche una foto di bottiglia di vetro, il fornitore di bottiglie di vetro HIKING svilupper\u00e0 o copier\u00e0 una stessa bottiglia di vetro.  Possiamo imprimere il logo sulle bottiglie di vetro per liquori e incidere il motivo sulle bottiglie di vetro per liquori. Sono necessari 15 giorni per realizzare lo stampo della bottiglia di vetro e finire i campioni della bottiglia di vetro. L'ordine di una bottiglia di vetro ufficiale inizia dopo l'approvazione dei campioni di bottiglie per liquori da parte dei clienti.<\/p>\n<h4>Imballaggio di bottiglie di vetro<\/h4>\n<p>La fabbrica di bottiglie di vetro HIKING fornisce un imballaggio sicuro per il trasporto a lungo termine e su lunghe distanze sia su terra che su mare. I nostri ingegneri forniscono diversi metodi di imballaggio per soddisfare le esigenze dei clienti. Offriamo le soluzioni pi\u00f9 economiche per l'imballaggio delle bottiglie di vetro in base ai costi multipli causati nel paese del cliente.<\/p>\n<ul>\n<li>Imballaggio standard in cartone<\/li>\n<\/ul>\n<p>L'imballaggio in cartone \u00e8 ideale per le bottiglie di vetro per alcolici con decorazioni, come le bottiglie di vetro per la stampa e le bottiglie di vetro colorate. Le separazioni in cartone dividono ogni bottiglia, evitando l'attrito. L'imballaggio in cartone \u00e8 ampiamente utilizzato nei Paesi in cui il costo del lavoro \u00e8 basso.<\/p>\n<ul>\n<li>Imballaggio in pallet (senza fumigazione)<\/li>\n<\/ul>\n<p>L'imballaggio su pallet \u00e8 solitamente destinato alle bottiglie per liquori in vetro semplice, alle bottiglie in vetro trasparente senza alcuna manipolazione superficiale. Il vantaggio dell'imballaggio su pallet \u00e8 la facilit\u00e0 di carico e scarico. Ogni bottiglia \u00e8 avvolta da un giornale o da un sacchetto di PE, fissato su ogni spazio separato. L'imballaggio su pallet \u00e8 ampiamente utilizzato nei Paesi in cui il costo della manodopera \u00e8 elevato.<\/p>\n<ul>\n<li>Imballaggio di scatole colorate personalizzate<\/li>\n<\/ul>\n<p>Il produttore di bottiglie di vetro per liquori HIKING accetta anche l'imballaggio in scatole colorate. Le distillerie applicano solitamente 6 bottiglie di vetro per scatola o 12 bottiglie di vetro per scatola. HIKING ha sviluppato una nuova scatola di imballaggio senza nastro adesivo, abbastanza resistente per i rivenditori di liquori. La scatola presenta finiture lucide e opache, a seconda della richiesta del cliente. Per rendere la scatola sicura e in caso di graffi, la scatola colorata viene posizionata su pallet e protetta da una pellicola.<\/p>\n<h4>Benvenuti a Bottiglie di vetro personalizzate<\/h4>\n<div>\n<div class=\"wpcf7 no-js\" id=\"wpcf7-f19-o1\" lang=\"en-US\" dir=\"ltr\" data-wpcf7-id=\"19\">\n<div class=\"screen-reader-response\"><p role=\"status\" aria-live=\"polite\" aria-atomic=\"true\"><\/p> <ul><\/ul><\/div>\n<form action=\"\/it\/wp-json\/wp\/v2\/product\/3813#wpcf7-f19-o1\" method=\"post\" class=\"wpcf7-form init\" aria-label=\"Contact form\" novalidate=\"novalidate\" data-status=\"init\" data-trp-original-action=\"\/it\/wp-json\/wp\/v2\/product\/3813#wpcf7-f19-o1\">\n<fieldset class=\"hidden-fields-container\"><input type=\"hidden\" name=\"_wpcf7\" value=\"19\" \/><input type=\"hidden\" name=\"_wpcf7_version\" value=\"6.1.5\" \/><input type=\"hidden\" name=\"_wpcf7_locale\" value=\"en_US\" \/><input type=\"hidden\" name=\"_wpcf7_unit_tag\" value=\"wpcf7-f19-o1\" \/><input type=\"hidden\" name=\"_wpcf7_container_post\" value=\"0\" \/><input type=\"hidden\" name=\"_wpcf7_posted_data_hash\" value=\"\" \/><input type=\"hidden\" name=\"_wpcf7dtx_version\" value=\"5.0.5\" \/>\n<\/fieldset>\n<p hidden><span class=\"wpcf7-form-control-wrap dynamictext-312\" data-name=\"dynamictext-312\"><input type=\"text\" name=\"dynamictext-312\" class=\"wpcf7-form-control wpcf7-text wpcf7dtx wpcf7dtx-text\" aria-invalid=\"false\" value=\"ROUND SHAPE GLASS BOTTLES FOR ALCOHOL\"><\/span>\n<\/p>\n<p><span class=\"wpcf7-form-control-wrap\" data-name=\"your-name\"><input size=\"40\" maxlength=\"400\" class=\"wpcf7-form-control wpcf7-text wpcf7-validates-as-required\" aria-required=\"true\" aria-invalid=\"false\" placeholder=\"Il tuo nome\" value=\"\" type=\"text\" name=\"your-name\" \/><\/span>\n<\/p>\n<p><span class=\"wpcf7-form-control-wrap\" data-name=\"your-email\"><input size=\"40\" maxlength=\"400\" class=\"wpcf7-form-control wpcf7-email wpcf7-validates-as-required wpcf7-text wpcf7-validates-as-email\" aria-required=\"true\" aria-invalid=\"false\" placeholder=\"Il tuo indirizzo e-mail\" value=\"\" type=\"email\" name=\"your-email\" \/><\/span>\n<\/p>\n<p><span class=\"wpcf7-form-control-wrap\" data-name=\"your-subject\"><input size=\"40\" maxlength=\"400\" class=\"wpcf7-form-control wpcf7-text wpcf7-validates-as-required\" aria-required=\"true\" aria-invalid=\"false\" placeholder=\"Oggetto del messaggio\" value=\"\" type=\"text\" name=\"your-subject\" \/><\/span>\n<\/p>\n<p><span class=\"wpcf7-form-control-wrap\" data-name=\"your-message\"><textarea cols=\"40\" rows=\"10\" maxlength=\"2000\" class=\"wpcf7-form-control wpcf7-textarea\" aria-invalid=\"false\" placeholder=\"Scrivi qui il tuo messaggio...\" name=\"your-message\"><\/textarea><\/span>\n<\/p>\n<div style=\"display:none\">\n\t<p><span class=\"wpcf7-form-control-wrap form-url\" data-name=\"form-url\"><input type=\"text\" name=\"form-url\" class=\"wpcf7-form-control wpcf7-text wpcf7dtx wpcf7dtx-text\" aria-invalid=\"false\" value=\"https:\/\/glassbottlesmanufacturer.com\/it\/it\/wp-json\/wp\/v2\/product\/3813\"><\/span>\n\t<\/p>\n<\/div>\n<div style=\"margin-bottom:10px;\">\n\t<p><span class=\"wpcf7-form-control-wrap kc_captcha\" data-name=\"kc_captcha\"><span class=\"wpcf7-form-control wpcf7-radio\"><span class=\"captcha-image\" ><span class=\"cf7ic_instructions\">Please prove you are human by selecting the<span> cup<\/span>.<\/span><label><input aria-label=\"1\" type=\"radio\" name=\"kc_captcha\" value=\"kc_human\" \/><svg aria-hidden=\"true\" role=\"img\" xmlns=\"http:\/\/www.w3.org\/2000\/svg\" viewbox=\"0 0 640 512\"><path fill=\"currentColor\" d=\"M192 384h192c53 0 96-43 96-96h32a128 128 0 000-256H120c-13 0-24 11-24 24v232c0 53 43 96 96 96zM512 96a64 64 0 010 128h-32V96h32zm48 384H48c-47 0-61-64-36-64h584c25 0 11 64-36 64z\"\/><\/svg><\/label><label><input aria-label=\"2\" type=\"radio\" name=\"kc_captcha\" value=\"bot\" \/><svg aria-hidden=\"true\" role=\"img\" xmlns=\"http:\/\/www.w3.org\/2000\/svg\" viewbox=\"0 0 512 512\"><path fill=\"currentColor\" d=\"M512 176a176 176 0 01-209 173l-24 27a24 24 0 01-18 8h-37v40c0 13-11 24-24 24h-40v40c0 13-11 24-24 24H24c-13 0-24-11-24-24v-78c0-6 3-13 7-17l162-162a176 176 0 11343-55zm-176-48a48 48 0 1096 0 48 48 0 00-96 0z\"\/><\/svg><\/label><label><input aria-label=\"3\" type=\"radio\" name=\"kc_captcha\" value=\"bot\" \/><svg aria-hidden=\"true\" role=\"img\" xmlns=\"http:\/\/www.w3.org\/2000\/svg\" viewbox=\"0 0 384 512\"><path fill=\"currentColor\" d=\"M377 375l-83-87h34c21 0 32-25 17-40l-82-88h33c21 0 32-25 18-40L210 8c-10-11-26-11-36 0L70 120c-14 15-3 40 18 40h33l-82 88c-15 15-4 40 17 40h34L7 375c-15 16-4 41 17 41h120c0 33-11 49-34 68-12 9-5 28 10 28h144c15 0 22-19 10-28-20-16-34-32-34-68h120c21 0 32-25 17-41z\"\/><\/svg><\/label>\r\n    <\/span>\r\n    <span style=\"display:none\">\r\n        <input type=\"text\" name=\"kc_honeypot\">\r\n    <\/span><\/span><\/span>\n\t<\/p>\n<\/div>\n<p><input class=\"wpcf7-form-control wpcf7-submit has-spinner\" type=\"submit\" value=\"Invia il tuo messaggio\" \/>\n<\/p><p style=\"display: none !important;\" class=\"akismet-fields-container\" data-prefix=\"_wpcf7_ak_\"><label>&#916;<textarea name=\"_wpcf7_ak_hp_textarea\" cols=\"45\" rows=\"8\" maxlength=\"100\"><\/textarea><\/label><input type=\"hidden\" id=\"ak_js_1\" name=\"_wpcf7_ak_js\" value=\"178\"\/><script>document.getElementById( \"ak_js_1\" ).setAttribute( \"value\", ( new Date() ).getTime() );<\/script><\/p><div class=\"wpcf7-response-output\" aria-hidden=\"true\"><\/div>\n<input type=\"hidden\" name=\"trp-form-language\" value=\"it\"\/><\/form>\n<\/div>\n<\/div>","protected":false},"excerpt":{"rendered":"<table id=\"tablepress-19\" class=\"tablepress tablepress-id-19\">\n<thead>\n<tr class=\"row-1\">\n\t<th class=\"column-1\">NOME DEL PRODOTTO<\/th><th class=\"column-2\">BOTTIGLIE DI VETRO DI FORMA ROTONDA PER ALCOLICI<\/th>\n<\/tr>\n<\/thead>\n<tbody class=\"row-striping row-hover\">\n<tr class=\"row-2\">\n\t<td class=\"column-1\">DIMENSIONE DELLA BOTTIGLIA<\/td><td class=\"column-2\">500ML<\/td>\n<\/tr>\n<tr class=\"row-3\">\n\t<td class=\"column-1\">MATERIALE<\/td><td class=\"column-2\">Vetro di tipo 1<\/td>\n<\/tr>\n<tr class=\"row-4\">\n\t<td class=\"column-1\">COLORE<\/td><td class=\"column-2\">Libero<\/td>\n<\/tr>\n<tr class=\"row-5\">\n\t<td class=\"column-1\">FINITURA DEL COLLO<\/td><td class=\"column-2\">Finitura della calotta di vetro<\/td>\n<\/tr>\n<tr class=\"row-6\">\n\t<td class=\"column-1\">FORMA DELLA BOTTIGLIA<\/td><td class=\"column-2\">Rotondo<\/td>\n<\/tr>\n<tr class=\"row-7\">\n\t<td class=\"column-1\">PESO DELLA BOTTIGLIA<\/td><td class=\"column-2\">680G<\/td>\n<\/tr>\n<tr class=\"row-8\">\n\t<td class=\"column-1\">ALTEZZA BOTTIGLIA<\/td><td class=\"column-2\">228MM\u00b12MM<\/td>\n<\/tr>\n<tr class=\"row-9\">\n\t<td class=\"column-1\">DIAMETRO DELLA BOTTIGLIA<\/td><td class=\"column-2\">92,4MM\u00b12MM<\/td>\n<\/tr>\n<\/tbody>\n<\/table>\n<!-- #tablepress-19 from cache -->","protected":false},"featured_media":3814,"comment_status":"open","ping_status":"closed","template":"","meta":[],"product_brand":[],"product_cat":[66],"product_tag":[],"class_list":{"0":"post-3813","1":"product","2":"type-product","3":"status-publish","4":"has-post-thumbnail","6":"product_cat-500ml-glass-bottles","7":"entry","8":"has-media","10":"first","11":"instock","12":"shipping-taxable","13":"product-type-simple"},"_links":{"self":[{"href":"https:\/\/glassbottlesmanufacturer.com\/it\/wp-json\/wp\/v2\/product\/3813","targetHints":{"allow":["GET"]}}],"collection":[{"href":"https:\/\/glassbottlesmanufacturer.com\/it\/wp-json\/wp\/v2\/product"}],"about":[{"href":"https:\/\/glassbottlesmanufacturer.com\/it\/wp-json\/wp\/v2\/types\/product"}],"replies":[{"embeddable":true,"href":"https:\/\/glassbottlesmanufacturer.com\/it\/wp-json\/wp\/v2\/comments?post=3813"}],"wp:featuredmedia":[{"embeddable":true,"href":"https:\/\/glassbottlesmanufacturer.com\/it\/wp-json\/wp\/v2\/media\/3814"}],"wp:attachment":[{"href":"https:\/\/glassbottlesmanufacturer.com\/it\/wp-json\/wp\/v2\/media?parent=3813"}],"wp:term":[{"taxonomy":"product_brand","embeddable":true,"href":"https:\/\/glassbottlesmanufacturer.com\/it\/wp-json\/wp\/v2\/product_brand?post=3813"},{"taxonomy":"product_cat","embeddable":true,"href":"https:\/\/glassbottlesmanufacturer.com\/it\/wp-json\/wp\/v2\/product_cat?post=3813"},{"taxonomy":"product_tag","embeddable":true,"href":"https:\/\/glassbottlesmanufacturer.com\/it\/wp-json\/wp\/v2\/product_tag?post=3813"}],"curies":[{"name":"wp","href":"https:\/\/api.w.org\/{rel}","templated":true}]}}