{"id":3877,"date":"2017-10-21T03:37:12","date_gmt":"2017-10-21T03:37:12","guid":{"rendered":"https:\/\/glassbottlesmanufacturer.com\/?post_type=product&#038;p=3877"},"modified":"2018-04-07T07:59:49","modified_gmt":"2018-04-07T07:59:49","slug":"50cl-speical-shape-unusual-alcohol-bottles","status":"publish","type":"product","link":"https:\/\/glassbottlesmanufacturer.com\/it\/allingrosso\/50cl-speical-shape-unusual-alcohol-bottles\/","title":{"rendered":"BOTTIGLIE PER ALCOLICI DA 50CL DI FORMA SPECIALE E INSOLITA"},"content":{"rendered":"<p>50cl special shape unusual alcohol bottles are customized by our clients. The 50cl glass bottles are hot sale in Asia and Russia Federation markets. So , we have enough stocks for 50cl spirit bottles. Generally the bottle looks like a square shape but with two decoration on the side parts. The alcohol bottles are closed using a Chinese style glass cap. We can also custom unusual alcohol bottles.<\/p>\n<h4><strong>Applicazione della decorazione<\/strong><\/h4>\n<p>HIKING Glass bottle manufacturer offers an abundant of deep decorations and multi surface handling for unusual alcohol bottles. You can enjoy one stop service from HIKING glass bottle factory, such as printing logo on frosted glass bottles, spraying colors on the clear surface, and UV electroplating glossy and shiny colors to improve the market grade.<\/p>\n<h4><strong>Informazioni su spedizione\/ trasporto<\/strong><\/h4>\n<ul>\n<li>Bottiglie di vetro lisce In magazzino 5-10 giorni.<\/li>\n<\/ul>\n<p>HIKING glass bottle manufacturer supply sufficient stock for 50cl alcohol bottles. HIKING Glass bottle factory can deliver the cargo with one week for stock glass bottles if use our standard packaging method. For custom colored box packaging, it will take longer time.<\/p>\n<ul>\n<li>Produzione Stock 7-15 giorni<\/li>\n<\/ul>\n<p>If the fashion glass rum bottles are available at HIKING production line, then we can update the glass bottle schedule to make fast delivery real. One week for plain 50cl alcohol bottles without any decoration. Two weeks for alcohol bottles with decoration, like silk screen printing, frosting, spraying, electroplating, etc.<\/p>\n<ul>\n<li>Ordine speciale 20-30 giorni<\/li>\n<\/ul>\n<p>HIKING glass bottle company has developed thousands of glass bottle molds in past 10 years. Mostly of the whiskey bottles are hot sale in many countries, mainly for 750ml vodka bottle, 700ml brandy bottle, 75cl whiskey glass bottle, and 500ml cognac spirits glass bottles. If distillery company choose from HIKING exist glass bottle designs, then it will save on mold cost, and quicker delivery time. These spirit glass bottles available for a fast run instead of improving new mold. For standard packaging way, it usually takes 20 days for bulk glass bottle purchasing. And, 30 days for special packaging, like colored box.<\/p>\n<ul>\n<li>Ordine personalizzato 40 giorni<\/li>\n<\/ul>\n<p>Some distillery company owns their exclusive liquor packaging, so they have their own glass bottle packaging. In this way, if they provide their glass bottle drawing, or glass bottle sample, even a glass bottle picture, HIKING glass bottle supplier will develop or copy a same glass bottle. We can emboss logo on alcohol bottles and engrave pattern on glass liquor bottles. It takes 15 days to make the glass bottle mold and finish the glass bottle samples. An official glass bottle order starts after the liquor bottle samples approved by clients.<\/p>\n<h4><strong>Imballaggio di bottiglie di vetro<\/strong><\/h4>\n<p>La fabbrica di bottiglie di vetro HIKING fornisce un imballaggio sicuro per il trasporto a lungo termine e su lunghe distanze sia su terra che su mare. I nostri ingegneri forniscono diversi metodi di imballaggio per soddisfare le esigenze dei clienti. Offriamo le soluzioni pi\u00f9 economiche per l'imballaggio delle bottiglie di vetro in base ai costi multipli causati nel paese del cliente.<\/p>\n<ul>\n<li>Imballaggio standard in cartone<\/li>\n<\/ul>\n<p>Carton packaging is ideal for alcohol bottles with decoration, like printing glass bottles, and colored glass bottles. There are cardboard separations divide each bottle, avoid from friction. Carton packaging is widely used in the countries where the labor cost is low.<\/p>\n<ul>\n<li>Imballaggio in pallet (senza fumigazione)<\/li>\n<\/ul>\n<p>L'imballaggio su pallet \u00e8 solitamente destinato a bottiglie di whisky semplici, bottiglie di vetro trasparente senza alcuna manipolazione superficiale. Il vantaggio dell'imballaggio su pallet \u00e8 la facilit\u00e0 di carico e scarico. Ogni bottiglia \u00e8 avvolta da un giornale o da un sacchetto di PE, fissato su ogni spazio separato. L'imballaggio su pallet \u00e8 ampiamente utilizzato nei Paesi in cui il costo della manodopera \u00e8 elevato.<\/p>\n<ul>\n<li>Imballaggio di scatole colorate personalizzate<\/li>\n<\/ul>\n<p>Il produttore di bottiglie di vetro per liquori HIKING accetta anche l'imballaggio in scatole colorate. Le distillerie applicano solitamente 6 bottiglie di vetro per scatola o 12 bottiglie di vetro per scatola. HIKING ha sviluppato una nuova scatola di imballaggio senza nastro adesivo, abbastanza resistente per i rivenditori di liquori. La scatola presenta finiture lucide e opache, a seconda della richiesta del cliente. Per rendere la scatola sicura e in caso di graffi, la scatola colorata sar\u00e0 posizionata su pallet e protetta da una pellicola.<\/p>\n<h4><strong>Welcome to buy and custom unusual alcohol bottles from HIIKING.<\/strong><\/h4>\n<div>\n<div class=\"wpcf7 no-js\" id=\"wpcf7-f19-o1\" lang=\"en-US\" dir=\"ltr\" data-wpcf7-id=\"19\">\n<div class=\"screen-reader-response\"><p role=\"status\" aria-live=\"polite\" aria-atomic=\"true\"><\/p> <ul><\/ul><\/div>\n<form action=\"\/it\/wp-json\/wp\/v2\/product\/3877#wpcf7-f19-o1\" method=\"post\" class=\"wpcf7-form init\" aria-label=\"Contact form\" novalidate=\"novalidate\" data-status=\"init\" data-trp-original-action=\"\/it\/wp-json\/wp\/v2\/product\/3877#wpcf7-f19-o1\">\n<fieldset class=\"hidden-fields-container\"><input type=\"hidden\" name=\"_wpcf7\" value=\"19\" \/><input type=\"hidden\" name=\"_wpcf7_version\" value=\"6.1.5\" \/><input type=\"hidden\" name=\"_wpcf7_locale\" value=\"en_US\" \/><input type=\"hidden\" name=\"_wpcf7_unit_tag\" value=\"wpcf7-f19-o1\" \/><input type=\"hidden\" name=\"_wpcf7_container_post\" value=\"0\" \/><input type=\"hidden\" name=\"_wpcf7_posted_data_hash\" value=\"\" \/><input type=\"hidden\" name=\"_wpcf7dtx_version\" value=\"5.0.5\" \/>\n<\/fieldset>\n<p hidden><span class=\"wpcf7-form-control-wrap dynamictext-312\" data-name=\"dynamictext-312\"><input type=\"text\" name=\"dynamictext-312\" class=\"wpcf7-form-control wpcf7-text wpcf7dtx wpcf7dtx-text\" aria-invalid=\"false\" value=\"50CL SPECIAL SHAPE UNUSUAL ALCOHOL BOTTLES\"><\/span>\n<\/p>\n<p><span class=\"wpcf7-form-control-wrap\" data-name=\"your-name\"><input size=\"40\" maxlength=\"400\" class=\"wpcf7-form-control wpcf7-text wpcf7-validates-as-required\" aria-required=\"true\" aria-invalid=\"false\" placeholder=\"Il tuo nome\" value=\"\" type=\"text\" name=\"your-name\" \/><\/span>\n<\/p>\n<p><span class=\"wpcf7-form-control-wrap\" data-name=\"your-email\"><input size=\"40\" maxlength=\"400\" class=\"wpcf7-form-control wpcf7-email wpcf7-validates-as-required wpcf7-text wpcf7-validates-as-email\" aria-required=\"true\" aria-invalid=\"false\" placeholder=\"Il tuo indirizzo e-mail\" value=\"\" type=\"email\" name=\"your-email\" \/><\/span>\n<\/p>\n<p><span class=\"wpcf7-form-control-wrap\" data-name=\"your-subject\"><input size=\"40\" maxlength=\"400\" class=\"wpcf7-form-control wpcf7-text wpcf7-validates-as-required\" aria-required=\"true\" aria-invalid=\"false\" placeholder=\"Oggetto del messaggio\" value=\"\" type=\"text\" name=\"your-subject\" \/><\/span>\n<\/p>\n<p><span class=\"wpcf7-form-control-wrap\" data-name=\"your-message\"><textarea cols=\"40\" rows=\"10\" maxlength=\"2000\" class=\"wpcf7-form-control wpcf7-textarea\" aria-invalid=\"false\" placeholder=\"Scrivi qui il tuo messaggio...\" name=\"your-message\"><\/textarea><\/span>\n<\/p>\n<div style=\"display:none\">\n\t<p><span class=\"wpcf7-form-control-wrap form-url\" data-name=\"form-url\"><input type=\"text\" name=\"form-url\" class=\"wpcf7-form-control wpcf7-text wpcf7dtx wpcf7dtx-text\" aria-invalid=\"false\" value=\"https:\/\/glassbottlesmanufacturer.com\/it\/it\/wp-json\/wp\/v2\/product\/3877\"><\/span>\n\t<\/p>\n<\/div>\n<div style=\"margin-bottom:10px;\">\n\t<p><span class=\"wpcf7-form-control-wrap kc_captcha\" data-name=\"kc_captcha\"><span class=\"wpcf7-form-control wpcf7-radio\"><span class=\"captcha-image\" ><span class=\"cf7ic_instructions\">Please prove you are human by selecting the<span> plane<\/span>.<\/span><label><input aria-label=\"1\" type=\"radio\" name=\"kc_captcha\" value=\"bot\" \/><svg aria-hidden=\"true\" role=\"img\" xmlns=\"http:\/\/www.w3.org\/2000\/svg\" viewbox=\"0 0 576 512\"><path fill=\"currentColor\" d=\"M259 18l-65 132-146 22c-26 3-37 36-18 54l106 103-25 146c-5 26 23 46 46 33l131-68 131 68c23 13 51-7 46-33l-25-146 106-103c19-18 8-51-18-54l-146-22-65-132a32 32 0 00-58 0z\"\/><\/svg><\/label><label><input aria-label=\"2\" type=\"radio\" name=\"kc_captcha\" value=\"bot\" \/><svg aria-hidden=\"true\" role=\"img\" xmlns=\"http:\/\/www.w3.org\/2000\/svg\" viewbox=\"0 0 640 512\"><path fill=\"currentColor\" d=\"M624 352h-16V244c0-13-5-25-14-34L494 110c-9-9-21-14-34-14h-44V48c0-26-21-48-48-48H48C22 0 0 22 0 48v320c0 27 22 48 48 48h16a96 96 0 00192 0h128a96 96 0 00192 0h48c9 0 16-7 16-16v-32c0-9-7-16-16-16zM160 464a48 48 0 110-96 48 48 0 010 96zm320 0a48 48 0 110-96 48 48 0 010 96zm80-208H416V144h44l100 100v12z\"\/><\/svg><\/label><label><input aria-label=\"3\" type=\"radio\" name=\"kc_captcha\" value=\"kc_human\" \/><svg aria-hidden=\"true\" role=\"img\" xmlns=\"http:\/\/www.w3.org\/2000\/svg\" viewbox=\"0 0 576 512\"><path fill=\"currentColor\" d=\"M472 200H360L256 6a12 12 0 00-10-6h-58c-8 0-14 7-12 15l34 185H100l-35-58a12 12 0 00-10-6H12c-8 0-13 7-12 14l21 106L0 362c-1 7 4 14 12 14h43c4 0 8-2 10-6l35-58h110l-34 185c-2 8 4 15 12 15h58a12 12 0 0010-6l104-194h112c57 0 104-25 104-56s-47-56-104-56z\"\/><\/svg><\/label>\r\n    <\/span>\r\n    <span style=\"display:none\">\r\n        <input type=\"text\" name=\"kc_honeypot\">\r\n    <\/span><\/span><\/span>\n\t<\/p>\n<\/div>\n<p><input class=\"wpcf7-form-control wpcf7-submit has-spinner\" type=\"submit\" value=\"Invia il tuo messaggio\" \/>\n<\/p><p style=\"display: none !important;\" class=\"akismet-fields-container\" data-prefix=\"_wpcf7_ak_\"><label>&#916;<textarea name=\"_wpcf7_ak_hp_textarea\" cols=\"45\" rows=\"8\" maxlength=\"100\"><\/textarea><\/label><input type=\"hidden\" id=\"ak_js_1\" name=\"_wpcf7_ak_js\" value=\"202\"\/><script>document.getElementById( \"ak_js_1\" ).setAttribute( \"value\", ( new Date() ).getTime() );<\/script><\/p><div class=\"wpcf7-response-output\" aria-hidden=\"true\"><\/div>\n<input type=\"hidden\" name=\"trp-form-language\" value=\"it\"\/><\/form>\n<\/div>\n<\/div>","protected":false},"excerpt":{"rendered":"<table id=\"tablepress-29\" class=\"tablepress tablepress-id-29\">\n<thead>\n<tr class=\"row-1\">\n\t<th class=\"column-1\">NOME DEL PRODOTTO<\/th><th class=\"column-2\">BOTTIGLIE PER ALCOLICI DA 50CL DI FORMA SPECIALE E INSOLITA<\/th>\n<\/tr>\n<\/thead>\n<tbody class=\"row-striping row-hover\">\n<tr class=\"row-2\">\n\t<td class=\"column-1\">DIMENSIONE DELLA BOTTIGLIA<\/td><td class=\"column-2\">50CL<\/td>\n<\/tr>\n<tr class=\"row-3\">\n\t<td class=\"column-1\">MATERIALE<\/td><td class=\"column-2\">Prima elementare<\/td>\n<\/tr>\n<tr class=\"row-4\">\n\t<td class=\"column-1\">COLORE<\/td><td class=\"column-2\">Bianco<\/td>\n<\/tr>\n<tr class=\"row-5\">\n\t<td class=\"column-1\">FINITURA DEL COLLO<\/td><td class=\"column-2\">Guala Top<\/td>\n<\/tr>\n<tr class=\"row-6\">\n\t<td class=\"column-1\">FORMA DELLA BOTTIGLIA<\/td><td class=\"column-2\">Insolito<\/td>\n<\/tr>\n<tr class=\"row-7\">\n\t<td class=\"column-1\">PESO DELLA BOTTIGLIA<\/td><td class=\"column-2\">680G<\/td>\n<\/tr>\n<tr class=\"row-8\">\n\t<td class=\"column-1\">ALTEZZA BOTTIGLIA<\/td><td class=\"column-2\">228MM\u00b12MM<\/td>\n<\/tr>\n<tr class=\"row-9\">\n\t<td class=\"column-1\">DIAMETRO DELLA BOTTIGLIA<\/td><td class=\"column-2\">92,4MM\u00b12MM<\/td>\n<\/tr>\n<\/tbody>\n<\/table>\n<!-- #tablepress-29 from cache -->","protected":false},"featured_media":4453,"comment_status":"open","ping_status":"closed","template":"","meta":[],"product_brand":[],"product_cat":[66,67,74],"product_tag":[],"class_list":{"0":"post-3877","1":"product","2":"type-product","3":"status-publish","4":"has-post-thumbnail","6":"product_cat-500ml-glass-bottles","7":"product_cat-700ml-glass-bottles","8":"product_cat-unique-glass-bottles","9":"entry","10":"has-media","12":"first","13":"instock","14":"shipping-taxable","15":"product-type-simple"},"_links":{"self":[{"href":"https:\/\/glassbottlesmanufacturer.com\/it\/wp-json\/wp\/v2\/product\/3877","targetHints":{"allow":["GET"]}}],"collection":[{"href":"https:\/\/glassbottlesmanufacturer.com\/it\/wp-json\/wp\/v2\/product"}],"about":[{"href":"https:\/\/glassbottlesmanufacturer.com\/it\/wp-json\/wp\/v2\/types\/product"}],"replies":[{"embeddable":true,"href":"https:\/\/glassbottlesmanufacturer.com\/it\/wp-json\/wp\/v2\/comments?post=3877"}],"wp:featuredmedia":[{"embeddable":true,"href":"https:\/\/glassbottlesmanufacturer.com\/it\/wp-json\/wp\/v2\/media\/4453"}],"wp:attachment":[{"href":"https:\/\/glassbottlesmanufacturer.com\/it\/wp-json\/wp\/v2\/media?parent=3877"}],"wp:term":[{"taxonomy":"product_brand","embeddable":true,"href":"https:\/\/glassbottlesmanufacturer.com\/it\/wp-json\/wp\/v2\/product_brand?post=3877"},{"taxonomy":"product_cat","embeddable":true,"href":"https:\/\/glassbottlesmanufacturer.com\/it\/wp-json\/wp\/v2\/product_cat?post=3877"},{"taxonomy":"product_tag","embeddable":true,"href":"https:\/\/glassbottlesmanufacturer.com\/it\/wp-json\/wp\/v2\/product_tag?post=3877"}],"curies":[{"name":"wp","href":"https:\/\/api.w.org\/{rel}","templated":true}]}}