{"id":3884,"date":"2017-10-21T04:28:08","date_gmt":"2017-10-21T04:28:08","guid":{"rendered":"https:\/\/glassbottlesmanufacturer.com\/?post_type=product&#038;p=3884"},"modified":"2024-07-02T07:18:34","modified_gmt":"2024-07-02T07:18:34","slug":"mini-5cl-vodka-glass-bottle","status":"publish","type":"product","link":"https:\/\/glassbottlesmanufacturer.com\/it\/allingrosso\/mini-5cl-vodka-glass-bottle\/","title":{"rendered":"MINI BOTTIGLIA DI VETRO DA 5CL PER VODKA"},"content":{"rendered":"<p>Mini 5cl vodka glass bottle use filling different flavors of vodka,the square shape mini 5cl vodka glass bottle are hot sale in the vodka market around the world .the mini 5cl vodka glass bottle made by super flint glass material , the bottle quality is very good and accepted by most customers . the vodka glass bottle are seal using a Chinese type cap. you can choose this 5cl mini vodka glass bottle, we can also customized for you.<\/p>\n<h4><strong><b>Applicazione della decorazione<\/b><\/strong><\/h4>\n<p>HIKING Glass bottle manufacturer offers an abundant of deep decorations and multi surface handling for 5cl vodka glass bottle. You can enjoy one stop service from HIKING glass bottle factory, such as printing logo on frosted glass bottles, spraying colors on the clear surface, and UV electroplating glossy and shiny colors to improve the market grade.<\/p>\n<h4><strong><b>Informazioni su spedizione\/ trasporto<\/b><\/strong><\/h4>\n<p>Bottiglie di vetro lisce In magazzino 5-10 giorni.<\/p>\n<p>HIKING glass bottle manufacturer supply sufficient stock for\u00a050cl vodka glass bottle. HIKING Glass bottle factory can deliver the cargo with one week for stock glass bottles if use our standard packaging method. For custom colored box packaging, it will take longer time.<\/p>\n<p>Produzione Stock 7-15 giorni<\/p>\n<p>If the 5cl vodka glass bottle are available at HIKING production line, then we can update the glass bottle schedule to make fast delivery real. One week for plain super flint 5cl vodka glass bottle without any decoration. Two weeks for vodka bottles\u00a0with decoration, like silk screen printing, frosting, spraying, electroplating, etc.<\/p>\n<p>Ordine speciale 20-30 giorni<\/p>\n<p>HIKING glass bottle company has developed thousands of glass bottle molds in past 10 years. Mostly of the whiskey bottles are hot sale in many countries, mainly for 750ml vodka bottle, 700ml brandy bottle, 75cl whiskey glass bottle, and 500ml cognac spirits glass bottles. If distillery company choose from HIKING exist glass bottle designs, then it will save on mold cost, and quicker delivery time. These\u00a05cl vodka glass bottle is available for a fast run instead of improving new mold. For standard packaging way, it usually takes 20 days for bulk glass bottle purchasing. And, 30 days for special packaging, like colored box.<\/p>\n<p>Ordine personalizzato 40 giorni<\/p>\n<p>Some distillery company owns their exclusive liquor packaging, so they have their own glass bottle packaging. In this way, if they provide their glass bottle drawing, or glass bottle sample, even a glass bottle picture, HIKING glass bottle supplier will develop or copy a same glass bottle. We can emboss logo on 50cl vodka glass bottle and engrave pattern on glass liquor bottles. It takes 15 days to make the glass bottle mold and finish the glass bottle samples. An official glass bottle order starts after the liquor bottle samples approved by clients.<\/p>\n<h4><strong><b>Imballaggio di bottiglie di vetro<\/b><\/strong><\/h4>\n<p>La fabbrica di bottiglie di vetro HIKING fornisce un imballaggio sicuro per il trasporto a lungo termine e su lunghe distanze sia su terra che su mare. I nostri ingegneri forniscono diversi metodi di imballaggio per soddisfare le esigenze dei clienti. Offriamo le soluzioni pi\u00f9 economiche per l'imballaggio delle bottiglie di vetro in base ai costi multipli causati nel paese del cliente.<\/p>\n<p>Imballaggio standard in cartone<\/p>\n<p>Carton packaging is ideal for\u00a05cl vodka glass bottle with decoration, like printing glass bottles, and colored glass bottles. There are cardboard separations divide each bottle, avoid from friction. Carton packaging is widely used in the countries where the labor cost is low.<\/p>\n<p>Imballaggio in pallet (senza fumigazione)<\/p>\n<p>L'imballaggio su pallet \u00e8 solitamente destinato a bottiglie di whisky semplici, bottiglie di vetro trasparente senza alcuna manipolazione superficiale. Il vantaggio dell'imballaggio su pallet \u00e8 la facilit\u00e0 di carico e scarico. Ogni bottiglia \u00e8 avvolta da un giornale o da un sacchetto di PE, fissato su ogni spazio separato. L'imballaggio su pallet \u00e8 ampiamente utilizzato nei Paesi in cui il costo della manodopera \u00e8 elevato.<\/p>\n<p>Imballaggio di scatole colorate personalizzate<\/p>\n<p>Il produttore di bottiglie di vetro per liquori HIKING accetta anche l'imballaggio in scatole colorate. Le distillerie applicano solitamente 6 bottiglie di vetro per scatola o 12 bottiglie di vetro per scatola. HIKING ha sviluppato una nuova scatola di imballaggio senza nastro adesivo, abbastanza resistente per i rivenditori di liquori. La scatola presenta finiture lucide e opache, a seconda della richiesta del cliente. Per rendere la scatola sicura e in caso di graffi, la scatola colorata sar\u00e0 posizionata su pallet e protetta da una pellicola.<\/p>\n<h4><strong><b>Welcome to contact with our sales team for an inquiry on super flint glass mini 5cl vodka glass bottle<\/b><\/strong><\/h4>\n<div>\n<div class=\"wpcf7 no-js\" id=\"wpcf7-f19-o1\" lang=\"en-US\" dir=\"ltr\" data-wpcf7-id=\"19\">\n<div class=\"screen-reader-response\"><p role=\"status\" aria-live=\"polite\" aria-atomic=\"true\"><\/p> <ul><\/ul><\/div>\n<form action=\"\/it\/wp-json\/wp\/v2\/product\/3884#wpcf7-f19-o1\" method=\"post\" class=\"wpcf7-form init\" aria-label=\"Contact form\" novalidate=\"novalidate\" data-status=\"init\" data-trp-original-action=\"\/it\/wp-json\/wp\/v2\/product\/3884#wpcf7-f19-o1\">\n<fieldset class=\"hidden-fields-container\"><input type=\"hidden\" name=\"_wpcf7\" value=\"19\" \/><input type=\"hidden\" name=\"_wpcf7_version\" value=\"6.1.5\" \/><input type=\"hidden\" name=\"_wpcf7_locale\" value=\"en_US\" \/><input type=\"hidden\" name=\"_wpcf7_unit_tag\" value=\"wpcf7-f19-o1\" \/><input type=\"hidden\" name=\"_wpcf7_container_post\" value=\"0\" \/><input type=\"hidden\" name=\"_wpcf7_posted_data_hash\" value=\"\" \/><input type=\"hidden\" name=\"_wpcf7dtx_version\" value=\"5.0.5\" \/>\n<\/fieldset>\n<p hidden><span class=\"wpcf7-form-control-wrap dynamictext-312\" data-name=\"dynamictext-312\"><input type=\"text\" name=\"dynamictext-312\" class=\"wpcf7-form-control wpcf7-text wpcf7dtx wpcf7dtx-text\" aria-invalid=\"false\" value=\"MINI 5CL VODKA GLASS BOTTLE\"><\/span>\n<\/p>\n<p><span class=\"wpcf7-form-control-wrap\" data-name=\"your-name\"><input size=\"40\" maxlength=\"400\" class=\"wpcf7-form-control wpcf7-text wpcf7-validates-as-required\" aria-required=\"true\" aria-invalid=\"false\" placeholder=\"Il tuo nome\" value=\"\" type=\"text\" name=\"your-name\" \/><\/span>\n<\/p>\n<p><span class=\"wpcf7-form-control-wrap\" data-name=\"your-email\"><input size=\"40\" maxlength=\"400\" class=\"wpcf7-form-control wpcf7-email wpcf7-validates-as-required wpcf7-text wpcf7-validates-as-email\" aria-required=\"true\" aria-invalid=\"false\" placeholder=\"Il tuo indirizzo e-mail\" value=\"\" type=\"email\" name=\"your-email\" \/><\/span>\n<\/p>\n<p><span class=\"wpcf7-form-control-wrap\" data-name=\"your-subject\"><input size=\"40\" maxlength=\"400\" class=\"wpcf7-form-control wpcf7-text wpcf7-validates-as-required\" aria-required=\"true\" aria-invalid=\"false\" placeholder=\"Oggetto del messaggio\" value=\"\" type=\"text\" name=\"your-subject\" \/><\/span>\n<\/p>\n<p><span class=\"wpcf7-form-control-wrap\" data-name=\"your-message\"><textarea cols=\"40\" rows=\"10\" maxlength=\"2000\" class=\"wpcf7-form-control wpcf7-textarea\" aria-invalid=\"false\" placeholder=\"Scrivi qui il tuo messaggio...\" name=\"your-message\"><\/textarea><\/span>\n<\/p>\n<div style=\"display:none\">\n\t<p><span class=\"wpcf7-form-control-wrap form-url\" data-name=\"form-url\"><input type=\"text\" name=\"form-url\" class=\"wpcf7-form-control wpcf7-text wpcf7dtx wpcf7dtx-text\" aria-invalid=\"false\" value=\"https:\/\/glassbottlesmanufacturer.com\/it\/it\/wp-json\/wp\/v2\/product\/3884\"><\/span>\n\t<\/p>\n<\/div>\n<div style=\"margin-bottom:10px;\">\n\t<p><span class=\"wpcf7-form-control-wrap kc_captcha\" data-name=\"kc_captcha\"><span class=\"wpcf7-form-control wpcf7-radio\"><span class=\"captcha-image\" ><span class=\"cf7ic_instructions\">Please prove you are human by selecting the<span> tree<\/span>.<\/span><label><input aria-label=\"1\" type=\"radio\" name=\"kc_captcha\" value=\"bot\" \/><svg aria-hidden=\"true\" role=\"img\" xmlns=\"http:\/\/www.w3.org\/2000\/svg\" viewbox=\"0 0 576 512\"><path fill=\"currentColor\" d=\"M259 18l-65 132-146 22c-26 3-37 36-18 54l106 103-25 146c-5 26 23 46 46 33l131-68 131 68c23 13 51-7 46-33l-25-146 106-103c19-18 8-51-18-54l-146-22-65-132a32 32 0 00-58 0z\"\/><\/svg><\/label><label><input aria-label=\"2\" type=\"radio\" name=\"kc_captcha\" value=\"kc_human\" \/><svg aria-hidden=\"true\" role=\"img\" xmlns=\"http:\/\/www.w3.org\/2000\/svg\" viewbox=\"0 0 384 512\"><path fill=\"currentColor\" d=\"M377 375l-83-87h34c21 0 32-25 17-40l-82-88h33c21 0 32-25 18-40L210 8c-10-11-26-11-36 0L70 120c-14 15-3 40 18 40h33l-82 88c-15 15-4 40 17 40h34L7 375c-15 16-4 41 17 41h120c0 33-11 49-34 68-12 9-5 28 10 28h144c15 0 22-19 10-28-20-16-34-32-34-68h120c21 0 32-25 17-41z\"\/><\/svg><\/label><label><input aria-label=\"3\" type=\"radio\" name=\"kc_captcha\" value=\"bot\" \/><svg aria-hidden=\"true\" role=\"img\" xmlns=\"http:\/\/www.w3.org\/2000\/svg\" viewbox=\"0 0 576 512\"><path fill=\"currentColor\" d=\"M472 200H360L256 6a12 12 0 00-10-6h-58c-8 0-14 7-12 15l34 185H100l-35-58a12 12 0 00-10-6H12c-8 0-13 7-12 14l21 106L0 362c-1 7 4 14 12 14h43c4 0 8-2 10-6l35-58h110l-34 185c-2 8 4 15 12 15h58a12 12 0 0010-6l104-194h112c57 0 104-25 104-56s-47-56-104-56z\"\/><\/svg><\/label>\r\n    <\/span>\r\n    <span style=\"display:none\">\r\n        <input type=\"text\" name=\"kc_honeypot\">\r\n    <\/span><\/span><\/span>\n\t<\/p>\n<\/div>\n<p><input class=\"wpcf7-form-control wpcf7-submit has-spinner\" type=\"submit\" value=\"Invia il tuo messaggio\" \/>\n<\/p><p style=\"display: none !important;\" class=\"akismet-fields-container\" data-prefix=\"_wpcf7_ak_\"><label>&#916;<textarea name=\"_wpcf7_ak_hp_textarea\" cols=\"45\" rows=\"8\" maxlength=\"100\"><\/textarea><\/label><input type=\"hidden\" id=\"ak_js_1\" name=\"_wpcf7_ak_js\" value=\"21\"\/><script>document.getElementById( \"ak_js_1\" ).setAttribute( \"value\", ( new Date() ).getTime() );<\/script><\/p><div class=\"wpcf7-response-output\" aria-hidden=\"true\"><\/div>\n<input type=\"hidden\" name=\"trp-form-language\" value=\"it\"\/><\/form>\n<\/div>\n<\/div>","protected":false},"excerpt":{"rendered":"<table id=\"tablepress-32\" class=\"tablepress tablepress-id-32\">\n<thead>\n<tr class=\"row-1\">\n\t<th class=\"column-1\">NOME DEL PRODOTTO<\/th><th class=\"column-2\">MINI BOTTIGLIA DI VETRO DA 5CL PER VODKA<\/th>\n<\/tr>\n<\/thead>\n<tbody class=\"row-striping row-hover\">\n<tr class=\"row-2\">\n\t<td class=\"column-1\">DIMENSIONE DELLA BOTTIGLIA<\/td><td class=\"column-2\">5CL<\/td>\n<\/tr>\n<tr class=\"row-3\">\n\t<td class=\"column-1\">MATERIALE<\/td><td class=\"column-2\">Prima elementare<\/td>\n<\/tr>\n<tr class=\"row-4\">\n\t<td class=\"column-1\">COLORE<\/td><td class=\"column-2\">Bianco<\/td>\n<\/tr>\n<tr class=\"row-5\">\n\t<td class=\"column-1\">FINITURA DEL COLLO<\/td><td class=\"column-2\">Finitura sughero<\/td>\n<\/tr>\n<tr class=\"row-6\">\n\t<td class=\"column-1\">FORMA DELLA BOTTIGLIA<\/td><td class=\"column-2\">Quadrato<\/td>\n<\/tr>\n<tr class=\"row-7\">\n\t<td class=\"column-1\">PESO DELLA BOTTIGLIA<\/td><td class=\"column-2\">220G<\/td>\n<\/tr>\n<tr class=\"row-8\">\n\t<td class=\"column-1\">ALTEZZA BOTTIGLIA<\/td><td class=\"column-2\">228MM\u00b12MM<\/td>\n<\/tr>\n<tr class=\"row-9\">\n\t<td class=\"column-1\">DIAMETRO DELLA BOTTIGLIA<\/td><td class=\"column-2\">92,4MM\u00b12MM<\/td>\n<\/tr>\n<\/tbody>\n<\/table>\n<!-- #tablepress-32 from cache -->","protected":false},"featured_media":3893,"comment_status":"open","ping_status":"closed","template":"","meta":[],"product_brand":[],"product_cat":[62],"product_tag":[],"class_list":{"0":"post-3884","1":"product","2":"type-product","3":"status-publish","4":"has-post-thumbnail","6":"product_cat-50ml-glass-bottles","7":"entry","8":"has-media","10":"first","11":"instock","12":"shipping-taxable","13":"product-type-simple"},"_links":{"self":[{"href":"https:\/\/glassbottlesmanufacturer.com\/it\/wp-json\/wp\/v2\/product\/3884","targetHints":{"allow":["GET"]}}],"collection":[{"href":"https:\/\/glassbottlesmanufacturer.com\/it\/wp-json\/wp\/v2\/product"}],"about":[{"href":"https:\/\/glassbottlesmanufacturer.com\/it\/wp-json\/wp\/v2\/types\/product"}],"replies":[{"embeddable":true,"href":"https:\/\/glassbottlesmanufacturer.com\/it\/wp-json\/wp\/v2\/comments?post=3884"}],"wp:featuredmedia":[{"embeddable":true,"href":"https:\/\/glassbottlesmanufacturer.com\/it\/wp-json\/wp\/v2\/media\/3893"}],"wp:attachment":[{"href":"https:\/\/glassbottlesmanufacturer.com\/it\/wp-json\/wp\/v2\/media?parent=3884"}],"wp:term":[{"taxonomy":"product_brand","embeddable":true,"href":"https:\/\/glassbottlesmanufacturer.com\/it\/wp-json\/wp\/v2\/product_brand?post=3884"},{"taxonomy":"product_cat","embeddable":true,"href":"https:\/\/glassbottlesmanufacturer.com\/it\/wp-json\/wp\/v2\/product_cat?post=3884"},{"taxonomy":"product_tag","embeddable":true,"href":"https:\/\/glassbottlesmanufacturer.com\/it\/wp-json\/wp\/v2\/product_tag?post=3884"}],"curies":[{"name":"wp","href":"https:\/\/api.w.org\/{rel}","templated":true}]}}