{"id":3969,"date":"2017-10-24T02:31:27","date_gmt":"2017-10-24T02:31:27","guid":{"rendered":"https:\/\/glassbottlesmanufacturer.com\/?post_type=product&#038;p=3969"},"modified":"2018-03-30T06:27:34","modified_gmt":"2018-03-30T06:27:34","slug":"bottiglie-di-tequila-fantasia-finitura-a-vite","status":"publish","type":"product","link":"https:\/\/glassbottlesmanufacturer.com\/it\/allingrosso\/bottiglie-di-tequila-fantasia-finitura-a-vite\/","title":{"rendered":"BOTTIGLIE DI TEQUILA FANTASIA FINITURA A VITE"},"content":{"rendered":"<p>Bottiglie di tequila di lusso con tappo a vite dal design unico. La bottiglia di vetro da 700 ml ha un fondo rotondo e, quando arriva alla spalla, assume una forma esagonale. Il tappo della bottiglia \u00e8 a vite, ma possiamo cambiarlo in tappo di sughero e guala, secondo le esigenze del cliente.<\/p>\n<h4><strong>Applicazione della decorazione<\/strong><\/h4>\n<p>La fabbrica di bottiglie di vetro HIKING offre un'abbondanza di decorazioni profonde e di gestione di pi\u00f9 superfici per le bottiglie di tequila di fantasia. Potete godere del servizio one-stop della fabbrica di bottiglie di vetro di HIKING, come la stampa del logo sulle bottiglie di vetro smerigliate, la spruzzatura dei colori sulla superficie trasparente e la galvanizzazione UV dei colori lucidi e brillanti per migliorare il grado del mercato.<\/p>\n<h4><strong>Informazioni su spedizione\/ trasporto<\/strong><\/h4>\n<ul>\n<li>Bottiglie di vetro lisce In magazzino 5-10 giorni.<\/li>\n<\/ul>\n<p>Il produttore di bottiglie di vetro HIKING fornisce scorte sufficienti per le bottiglie di tequila di fantasia. La fabbrica di bottiglie di vetro di HIKING pu\u00f2 consegnare il carico con una settimana per le bottiglie di vetro in stock se utilizza il nostro metodo di imballaggio standard. Per l'imballaggio in scatola colorata personalizzata, ci vorr\u00e0 pi\u00f9 tempo.<\/p>\n<ul>\n<li>Produzione Stock 7-15 giorni<\/li>\n<\/ul>\n<p>Se le bottiglie di tequila fantasia sono disponibili presso la linea di produzione HIKING, allora possiamo aggiornare il calendario delle bottiglie di vetro per rendere reale la consegna veloce. Una settimana per le bottiglie di tequila semplici senza decorazioni. Due settimane per le bottiglie di tequila di fantasia con decorazioni, come serigrafia, glassatura, spruzzatura, galvanica, ecc.<\/p>\n<ul>\n<li>Ordine speciale 20-30 giorni<\/li>\n<\/ul>\n<p>L'azienda di bottiglie di vetro HIKING ha sviluppato migliaia di stampi per bottiglie di vetro negli ultimi 10 anni. La maggior parte delle bottiglie di whisky sono in vendita in molti paesi, soprattutto per bottiglie di vodka da 750 ml, bottiglie di brandy da 700 ml, bottiglie di vetro per whisky da 75 cl e bottiglie di vetro per liquori da 500 ml. Se le distillerie scelgono i design delle bottiglie di vetro di HIKING, risparmiano sui costi di stampaggio e accelerano i tempi di consegna. Queste bottiglie di tequila di fantasia sono disponibili per una rapida esecuzione invece di migliorare il nuovo stampo. Per l'imballaggio standard, di solito sono necessari 20 giorni per l'acquisto di bottiglie di vetro sfuse. E 30 giorni per gli imballaggi speciali, come le scatole colorate.<\/p>\n<ul>\n<li>Ordine personalizzato 40 giorni<\/li>\n<\/ul>\n<p>Alcune distillerie possiedono un packaging esclusivo per i loro liquori, quindi hanno un proprio packaging per le bottiglie di vetro. In questo modo, se forniscono il disegno della loro bottiglia di vetro, o un campione di bottiglia di vetro, anche una foto di bottiglia di vetro, il fornitore di bottiglie di vetro di HIKING svilupper\u00e0 o copier\u00e0 una stessa bottiglia di vetro. Possiamo imprimere il logo sulle bottiglie di tequila e incidere il motivo sulle bottiglie di liquore in vetro. Sono necessari 15 giorni per realizzare lo stampo della bottiglia di vetro e finire i campioni della bottiglia di vetro. L'ordine ufficiale di una bottiglia di vetro inizia dopo l'approvazione dei campioni di bottiglie di liquore da parte dei clienti.<\/p>\n<h4><strong>Imballaggio di bottiglie di vetro<\/strong><\/h4>\n<p>La fabbrica di bottiglie di vetro HIKING fornisce un imballaggio sicuro per il trasporto a lungo termine e su lunghe distanze sia su terra che su mare. I nostri ingegneri forniscono diversi metodi di imballaggio per soddisfare le esigenze dei clienti. Offriamo le soluzioni pi\u00f9 economiche per l'imballaggio delle bottiglie di vetro in base ai costi multipli causati nel paese del cliente.<\/p>\n<ul>\n<li>Imballaggio standard in cartone<\/li>\n<\/ul>\n<p>L'imballaggio in cartone \u00e8 ideale per le bottiglie di tequila con decorazioni, come le bottiglie di vetro stampate e le bottiglie di vetro colorate. Le separazioni in cartone dividono ogni bottiglia, evitando l'attrito. L'imballaggio in cartone \u00e8 ampiamente utilizzato nei paesi in cui il costo del lavoro \u00e8 basso.<\/p>\n<ul>\n<li>Imballaggio in pallet (senza fumigazione)<\/li>\n<\/ul>\n<p>L'imballaggio su pallet \u00e8 solitamente destinato a bottiglie di whisky semplici, bottiglie di vetro trasparente senza alcuna manipolazione superficiale. Il vantaggio dell'imballaggio su pallet \u00e8 la facilit\u00e0 di carico e scarico. Ogni bottiglia \u00e8 avvolta da un giornale o da un sacchetto di PE, fissato su ogni spazio separato. L'imballaggio su pallet \u00e8 ampiamente utilizzato nei Paesi in cui il costo della manodopera \u00e8 elevato.<\/p>\n<ul>\n<li>Imballaggio di scatole colorate personalizzate<\/li>\n<\/ul>\n<p>Il produttore di bottiglie di vetro per liquori HIKING accetta anche l'imballaggio in scatole colorate. Le distillerie applicano solitamente 6 bottiglie di vetro per scatola o 12 bottiglie di vetro per scatola. HIKING ha sviluppato una nuova scatola di imballaggio senza nastro adesivo, abbastanza resistente per i rivenditori di liquori. La scatola presenta finiture lucide e opache, a seconda della richiesta del cliente. Per rendere la scatola sicura e in caso di graffi, la scatola colorata sar\u00e0 posizionata su pallet e protetta da una pellicola.<\/p>\n<h4><strong>Benvenuto per contattare con la fabbrica della bottiglia di vetro di HIKING per un'indagine <\/strong>bottiglie di tequila di lusso<\/h4>\n<div>\n<div class=\"wpcf7 no-js\" id=\"wpcf7-f19-o1\" lang=\"en-US\" dir=\"ltr\" data-wpcf7-id=\"19\">\n<div class=\"screen-reader-response\"><p role=\"status\" aria-live=\"polite\" aria-atomic=\"true\"><\/p> <ul><\/ul><\/div>\n<form action=\"\/it\/wp-json\/wp\/v2\/product\/3969#wpcf7-f19-o1\" method=\"post\" class=\"wpcf7-form init\" aria-label=\"Contact form\" novalidate=\"novalidate\" data-status=\"init\" data-trp-original-action=\"\/it\/wp-json\/wp\/v2\/product\/3969#wpcf7-f19-o1\">\n<fieldset class=\"hidden-fields-container\"><input type=\"hidden\" name=\"_wpcf7\" value=\"19\" \/><input type=\"hidden\" name=\"_wpcf7_version\" value=\"6.1.5\" \/><input type=\"hidden\" name=\"_wpcf7_locale\" value=\"en_US\" \/><input type=\"hidden\" name=\"_wpcf7_unit_tag\" value=\"wpcf7-f19-o1\" \/><input type=\"hidden\" name=\"_wpcf7_container_post\" value=\"0\" \/><input type=\"hidden\" name=\"_wpcf7_posted_data_hash\" value=\"\" \/><input type=\"hidden\" name=\"_wpcf7dtx_version\" value=\"5.0.5\" \/>\n<\/fieldset>\n<p hidden><span class=\"wpcf7-form-control-wrap dynamictext-312\" data-name=\"dynamictext-312\"><input type=\"text\" name=\"dynamictext-312\" class=\"wpcf7-form-control wpcf7-text wpcf7dtx wpcf7dtx-text\" aria-invalid=\"false\" value=\"FANCY TEQUILA BOTTLES SCREW TOP FINISH\"><\/span>\n<\/p>\n<p><span class=\"wpcf7-form-control-wrap\" data-name=\"your-name\"><input size=\"40\" maxlength=\"400\" class=\"wpcf7-form-control wpcf7-text wpcf7-validates-as-required\" aria-required=\"true\" aria-invalid=\"false\" placeholder=\"Il tuo nome\" value=\"\" type=\"text\" name=\"your-name\" \/><\/span>\n<\/p>\n<p><span class=\"wpcf7-form-control-wrap\" data-name=\"your-email\"><input size=\"40\" maxlength=\"400\" class=\"wpcf7-form-control wpcf7-email wpcf7-validates-as-required wpcf7-text wpcf7-validates-as-email\" aria-required=\"true\" aria-invalid=\"false\" placeholder=\"Il tuo indirizzo e-mail\" value=\"\" type=\"email\" name=\"your-email\" \/><\/span>\n<\/p>\n<p><span class=\"wpcf7-form-control-wrap\" data-name=\"your-subject\"><input size=\"40\" maxlength=\"400\" class=\"wpcf7-form-control wpcf7-text wpcf7-validates-as-required\" aria-required=\"true\" aria-invalid=\"false\" placeholder=\"Oggetto del messaggio\" value=\"\" type=\"text\" name=\"your-subject\" \/><\/span>\n<\/p>\n<p><span class=\"wpcf7-form-control-wrap\" data-name=\"your-message\"><textarea cols=\"40\" rows=\"10\" maxlength=\"2000\" class=\"wpcf7-form-control wpcf7-textarea\" aria-invalid=\"false\" placeholder=\"Scrivi qui il tuo messaggio...\" name=\"your-message\"><\/textarea><\/span>\n<\/p>\n<div style=\"display:none\">\n\t<p><span class=\"wpcf7-form-control-wrap form-url\" data-name=\"form-url\"><input type=\"text\" name=\"form-url\" class=\"wpcf7-form-control wpcf7-text wpcf7dtx wpcf7dtx-text\" aria-invalid=\"false\" value=\"https:\/\/glassbottlesmanufacturer.com\/it\/it\/wp-json\/wp\/v2\/product\/3969\"><\/span>\n\t<\/p>\n<\/div>\n<div style=\"margin-bottom:10px;\">\n\t<p><span class=\"wpcf7-form-control-wrap kc_captcha\" data-name=\"kc_captcha\"><span class=\"wpcf7-form-control wpcf7-radio\"><span class=\"captcha-image\" ><span class=\"cf7ic_instructions\">Please prove you are human by selecting the<span> flag<\/span>.<\/span><label><input aria-label=\"1\" type=\"radio\" name=\"kc_captcha\" value=\"bot\" \/><svg aria-hidden=\"true\" role=\"img\" xmlns=\"http:\/\/www.w3.org\/2000\/svg\" viewbox=\"0 0 512 512\"><path fill=\"currentColor\" d=\"M500 168h-55l-8-21a127 127 0 00-120-83H195a127 127 0 00-120 83l-8 21H12c-8 0-14 8-11 16l8 24a12 12 0 0011 8h29a64 64 0 00-33 56v48c0 16 6 31 16 42v62c0 13 11 24 24 24h48c13 0 24-11 24-24v-40h256v40c0 13 11 24 24 24h48c13 0 24-11 24-24v-62c10-11 16-26 16-42v-48c0-24-13-45-33-56h29a12 12 0 0011-8l8-24c3-8-3-16-11-16zm-365 2c9-25 33-42 60-42h122c27 0 51 17 60 42l15 38H120l15-38zM88 328a32 32 0 010-64c18 0 48 30 48 48s-30 16-48 16zm336 0c-18 0-48 2-48-16s30-48 48-48 32 14 32 32-14 32-32 32z\"\/><\/svg><\/label><label><input aria-label=\"2\" type=\"radio\" name=\"kc_captcha\" value=\"kc_human\" \/><svg aria-hidden=\"true\" role=\"img\" xmlns=\"http:\/\/www.w3.org\/2000\/svg\" viewbox=\"0 0 512 512\"><path fill=\"currentColor\" d=\"M350 99c-54 0-98-35-166-35-25 0-47 4-68 12a56 56 0 004-24C118 24 95 1 66 0a56 56 0 00-34 102v386c0 13 11 24 24 24h16c13 0 24-11 24-24v-94c28-12 64-23 114-23 54 0 98 35 166 35 48 0 86-16 122-41 9-6 14-15 14-26V96c0-23-24-39-45-29-35 16-77 32-117 32z\"\/><\/svg><\/label><label><input aria-label=\"3\" type=\"radio\" name=\"kc_captcha\" value=\"bot\" \/><svg aria-hidden=\"true\" role=\"img\" xmlns=\"http:\/\/www.w3.org\/2000\/svg\" viewbox=\"0 0 640 512\"><path fill=\"currentColor\" d=\"M624 352h-16V244c0-13-5-25-14-34L494 110c-9-9-21-14-34-14h-44V48c0-26-21-48-48-48H48C22 0 0 22 0 48v320c0 27 22 48 48 48h16a96 96 0 00192 0h128a96 96 0 00192 0h48c9 0 16-7 16-16v-32c0-9-7-16-16-16zM160 464a48 48 0 110-96 48 48 0 010 96zm320 0a48 48 0 110-96 48 48 0 010 96zm80-208H416V144h44l100 100v12z\"\/><\/svg><\/label>\r\n    <\/span>\r\n    <span style=\"display:none\">\r\n        <input type=\"text\" name=\"kc_honeypot\">\r\n    <\/span><\/span><\/span>\n\t<\/p>\n<\/div>\n<p><input class=\"wpcf7-form-control wpcf7-submit has-spinner\" type=\"submit\" value=\"Invia il tuo messaggio\" \/>\n<\/p><p style=\"display: none !important;\" class=\"akismet-fields-container\" data-prefix=\"_wpcf7_ak_\"><label>&#916;<textarea name=\"_wpcf7_ak_hp_textarea\" cols=\"45\" rows=\"8\" maxlength=\"100\"><\/textarea><\/label><input type=\"hidden\" id=\"ak_js_1\" name=\"_wpcf7_ak_js\" value=\"16\"\/><script>document.getElementById( \"ak_js_1\" ).setAttribute( \"value\", ( new Date() ).getTime() );<\/script><\/p><div class=\"wpcf7-response-output\" aria-hidden=\"true\"><\/div>\n<input type=\"hidden\" name=\"trp-form-language\" value=\"it\"\/><\/form>\n<\/div>\n<\/div>","protected":false},"excerpt":{"rendered":"<table id=\"tablepress-50\" class=\"tablepress tablepress-id-50\">\n<thead>\n<tr class=\"row-1\">\n\t<th class=\"column-1\">NOME DEL PRODOTTO<\/th><th class=\"column-2\">BOTTIGLIE DI TEQUILA FANTASIA FINITURA A VITE<\/th>\n<\/tr>\n<\/thead>\n<tbody class=\"row-striping row-hover\">\n<tr class=\"row-2\">\n\t<td class=\"column-1\">DIMENSIONE DELLA BOTTIGLIA<\/td><td class=\"column-2\">700ML<\/td>\n<\/tr>\n<tr class=\"row-3\">\n\t<td class=\"column-1\">MATERIALE<\/td><td class=\"column-2\">Prima elementare<\/td>\n<\/tr>\n<tr class=\"row-4\">\n\t<td class=\"column-1\">COLORE<\/td><td class=\"column-2\">Bianco<\/td>\n<\/tr>\n<tr class=\"row-5\">\n\t<td class=\"column-1\">FINITURA DEL COLLO<\/td><td class=\"column-2\">Top a vite<\/td>\n<\/tr>\n<tr class=\"row-6\">\n\t<td class=\"column-1\">FORMA DELLA BOTTIGLIA<\/td><td class=\"column-2\">Unico<\/td>\n<\/tr>\n<tr class=\"row-7\">\n\t<td class=\"column-1\">PESO DELLA BOTTIGLIA<\/td><td class=\"column-2\">680G<\/td>\n<\/tr>\n<tr class=\"row-8\">\n\t<td class=\"column-1\">ALTEZZA BOTTIGLIA<\/td><td class=\"column-2\">228MM\u00b12MM<\/td>\n<\/tr>\n<tr class=\"row-9\">\n\t<td class=\"column-1\">DIAMETRO DELLA BOTTIGLIA<\/td><td class=\"column-2\">92,4MM\u00b12MM<\/td>\n<\/tr>\n<\/tbody>\n<\/table>\n<!-- #tablepress-50 from cache -->","protected":false},"featured_media":3972,"comment_status":"open","ping_status":"closed","template":"","meta":[],"product_brand":[],"product_cat":[67],"product_tag":[],"class_list":{"0":"post-3969","1":"product","2":"type-product","3":"status-publish","4":"has-post-thumbnail","6":"product_cat-700ml-glass-bottles","7":"entry","8":"has-media","10":"first","11":"instock","12":"shipping-taxable","13":"product-type-simple"},"_links":{"self":[{"href":"https:\/\/glassbottlesmanufacturer.com\/it\/wp-json\/wp\/v2\/product\/3969","targetHints":{"allow":["GET"]}}],"collection":[{"href":"https:\/\/glassbottlesmanufacturer.com\/it\/wp-json\/wp\/v2\/product"}],"about":[{"href":"https:\/\/glassbottlesmanufacturer.com\/it\/wp-json\/wp\/v2\/types\/product"}],"replies":[{"embeddable":true,"href":"https:\/\/glassbottlesmanufacturer.com\/it\/wp-json\/wp\/v2\/comments?post=3969"}],"wp:featuredmedia":[{"embeddable":true,"href":"https:\/\/glassbottlesmanufacturer.com\/it\/wp-json\/wp\/v2\/media\/3972"}],"wp:attachment":[{"href":"https:\/\/glassbottlesmanufacturer.com\/it\/wp-json\/wp\/v2\/media?parent=3969"}],"wp:term":[{"taxonomy":"product_brand","embeddable":true,"href":"https:\/\/glassbottlesmanufacturer.com\/it\/wp-json\/wp\/v2\/product_brand?post=3969"},{"taxonomy":"product_cat","embeddable":true,"href":"https:\/\/glassbottlesmanufacturer.com\/it\/wp-json\/wp\/v2\/product_cat?post=3969"},{"taxonomy":"product_tag","embeddable":true,"href":"https:\/\/glassbottlesmanufacturer.com\/it\/wp-json\/wp\/v2\/product_tag?post=3969"}],"curies":[{"name":"wp","href":"https:\/\/api.w.org\/{rel}","templated":true}]}}