{"id":4284,"date":"2017-12-25T06:48:04","date_gmt":"2017-12-25T06:48:04","guid":{"rendered":"https:\/\/glassbottlesmanufacturer.com\/?post_type=product&#038;p=4284"},"modified":"2018-03-29T07:14:24","modified_gmt":"2018-03-29T07:14:24","slug":"bottiglie-di-liquore-in-vendita-750ml-donna-corpo-forma-bottiglia-di-vetro","status":"publish","type":"product","link":"https:\/\/glassbottlesmanufacturer.com\/it\/allingrosso\/bottiglie-di-liquore-in-vendita-750ml-donna-corpo-forma-bottiglia-di-vetro\/","title":{"rendered":"BOTTIGLIE DI LIQUORE IN VENDITA 750ML DONNA CORPO FORMA BOTTIGLIA DI VETRO"},"content":{"rendered":"<p>In questo periodo di rapido sviluppo, qualcosa deve andare avanti e il ritmo da seguire non sar\u00e0 eliminato. Anche la produzione di vetro bianco per liquori \u00e8 cos\u00ec. In passato, una bottiglia di vetro per liquori poteva avere solo la funzione di conservare il liquore. Ma oggi la competitivit\u00e0 del mercato delle bevande \u00e8 tale che se non riusciamo a scegliere bottiglie di vetro per liquori di bell'aspetto e di alta qualit\u00e0, come possiamo diventare leader in questo mercato?<\/p>\n<p>In questa nuova era, le bottiglie di vetro per liquori bianchi nel processo di produzione devono soddisfare tre requisiti principali. Il primo \u00e8 il miglior effetto barriera, il secondo \u00e8 l'aspetto pi\u00f9 perfetto, il terzo \u00e8 il processo produttivo pi\u00f9 sicuro.<\/p>\n<p>Questo corpo di donna forma bottiglie di liquore in vendita in fabbrica prezzo diretto.<\/p>\n<h4><strong>Applicazione della decorazione<\/strong><\/h4>\n<ul>\n<li>Il logo della decalcomania e della stampa sulle bottiglie di liquore, OEM &amp; ODM \u00e8 altamente benvenuto.<\/li>\n<li>Le bottiglie di liquore ghiacciate stanno diventando popolari per le bottiglie di vetro.<\/li>\n<li>La goffratura \u00e8 ampiamente utilizzata per le bottiglie di liquore personalizzate, le bottiglie di brandy, le bottiglie di tequila e altri alcolici. Imprimiamo o incidiamo il marchio o il logo del cliente direttamente sul vetro, il che significa che lo stampo \u00e8 di propriet\u00e0 della distilleria.<\/li>\n<li>La placcatura elettrolitica conferisce una sensazione di lucentezza e luminosit\u00e0 alle bottiglie di vetro a forma di corpo di donna; questo tipo di bottiglie \u00e8 solitamente di costo elevato e destinato a mercati di alto livello.<\/li>\n<\/ul>\n<h4><strong>Informazioni su spedizione\/ trasporto<\/strong><\/h4>\n<ul>\n<li>Essendo una delle pi\u00f9 grandi fabbriche di bottiglie di vetro in Cina, forniamo scorte sufficienti per le bottiglie di liquore in vendita a caldo, per lo pi\u00f9 sono le nostre bottiglie di vetro standard. Quindi, gli ordini urgenti consegnati in 7-10 giorni sono disponibili per le stagioni di vendita calda, come la vendita di Natale e la vendita di Capodanno.<\/li>\n<li>Con oltre 10 anni di esperienza nella produzione di bottiglie di vetro, abbiamo sviluppato migliaia di modelli di bottiglie per liquori. Abbiamo diversi tipi di design di bottiglie di liquore per la scelta del cliente, per lo pi\u00f9 i clienti possono trovare le loro bottiglie di vetro preferite dalle nostre bottiglie esistenti, che sono pronti stampo. I tempi di consegna per questi ordini sono di 25-30 giorni.<\/li>\n<li>Alcune distillerie possiedono bottiglie di liquore esclusive. In questo modo, se ci fornite il disegno della bottiglia di vetro, o un campione di bottiglia di vetro, o anche la foto di una bottiglia di liquore, svilupperemo o copieremo la stessa bottiglia di vetro. Il tempo di realizzazione dello stampo \u00e8 di 15 giorni.<\/li>\n<\/ul>\n<h4><strong>Imballaggio di bottiglie di vetro<\/strong><\/h4>\n<ul>\n<li>Gli imballaggi standard in cartone sono utilizzati per le bottiglie di liquore in stampa. Ci sono cartoni per evitare l'attrito.<\/li>\n<li>L'imballaggio su pallet \u00e8 un modo semplice per caricare e scaricare le bottiglie di vetro. \u00c8 anche il metodo di imballaggio pi\u00f9 economico per le bottiglie di liquore.<\/li>\n<li>L'imballaggio di scatole colorate personalizzate \u00e8 il pi\u00f9 complicato per le bottiglie di liquore. I clienti forniscono le opere d'arte delle scatole, le aziende produttrici di bottiglie di vetro forniscono le bottiglie e le scatole, che sono riutilizzabili dopo il riempimento.<\/li>\n<\/ul>\n<p>Siete invitati a contattare il nostro team per un nuovo catalogo.<\/p>\n<div>\n<div class=\"wpcf7 no-js\" id=\"wpcf7-f19-o1\" lang=\"en-US\" dir=\"ltr\" data-wpcf7-id=\"19\">\n<div class=\"screen-reader-response\"><p role=\"status\" aria-live=\"polite\" aria-atomic=\"true\"><\/p> <ul><\/ul><\/div>\n<form action=\"\/it\/wp-json\/wp\/v2\/product\/4284#wpcf7-f19-o1\" method=\"post\" class=\"wpcf7-form init\" aria-label=\"Contact form\" novalidate=\"novalidate\" data-status=\"init\" data-trp-original-action=\"\/it\/wp-json\/wp\/v2\/product\/4284#wpcf7-f19-o1\">\n<fieldset class=\"hidden-fields-container\"><input type=\"hidden\" name=\"_wpcf7\" value=\"19\" \/><input type=\"hidden\" name=\"_wpcf7_version\" value=\"6.1.5\" \/><input type=\"hidden\" name=\"_wpcf7_locale\" value=\"en_US\" \/><input type=\"hidden\" name=\"_wpcf7_unit_tag\" value=\"wpcf7-f19-o1\" \/><input type=\"hidden\" name=\"_wpcf7_container_post\" value=\"0\" \/><input type=\"hidden\" name=\"_wpcf7_posted_data_hash\" value=\"\" \/><input type=\"hidden\" name=\"_wpcf7dtx_version\" value=\"5.0.5\" \/>\n<\/fieldset>\n<p hidden><span class=\"wpcf7-form-control-wrap dynamictext-312\" data-name=\"dynamictext-312\"><input type=\"text\" name=\"dynamictext-312\" class=\"wpcf7-form-control wpcf7-text wpcf7dtx wpcf7dtx-text\" aria-invalid=\"false\" value=\"LIQUOR BOTTLES FOR SALE 750ML WOMAN BODY SHAPE GLASS BOTTLE\"><\/span>\n<\/p>\n<p><span class=\"wpcf7-form-control-wrap\" data-name=\"your-name\"><input size=\"40\" maxlength=\"400\" class=\"wpcf7-form-control wpcf7-text wpcf7-validates-as-required\" aria-required=\"true\" aria-invalid=\"false\" placeholder=\"Il tuo nome\" value=\"\" type=\"text\" name=\"your-name\" \/><\/span>\n<\/p>\n<p><span class=\"wpcf7-form-control-wrap\" data-name=\"your-email\"><input size=\"40\" maxlength=\"400\" class=\"wpcf7-form-control wpcf7-email wpcf7-validates-as-required wpcf7-text wpcf7-validates-as-email\" aria-required=\"true\" aria-invalid=\"false\" placeholder=\"Il tuo indirizzo e-mail\" value=\"\" type=\"email\" name=\"your-email\" \/><\/span>\n<\/p>\n<p><span class=\"wpcf7-form-control-wrap\" data-name=\"your-subject\"><input size=\"40\" maxlength=\"400\" class=\"wpcf7-form-control wpcf7-text wpcf7-validates-as-required\" aria-required=\"true\" aria-invalid=\"false\" placeholder=\"Oggetto del messaggio\" value=\"\" type=\"text\" name=\"your-subject\" \/><\/span>\n<\/p>\n<p><span class=\"wpcf7-form-control-wrap\" data-name=\"your-message\"><textarea cols=\"40\" rows=\"10\" maxlength=\"2000\" class=\"wpcf7-form-control wpcf7-textarea\" aria-invalid=\"false\" placeholder=\"Scrivi qui il tuo messaggio...\" name=\"your-message\"><\/textarea><\/span>\n<\/p>\n<div style=\"display:none\">\n\t<p><span class=\"wpcf7-form-control-wrap form-url\" data-name=\"form-url\"><input type=\"text\" name=\"form-url\" class=\"wpcf7-form-control wpcf7-text wpcf7dtx wpcf7dtx-text\" aria-invalid=\"false\" value=\"https:\/\/glassbottlesmanufacturer.com\/it\/it\/wp-json\/wp\/v2\/product\/4284\"><\/span>\n\t<\/p>\n<\/div>\n<div style=\"margin-bottom:10px;\">\n\t<p><span class=\"wpcf7-form-control-wrap kc_captcha\" data-name=\"kc_captcha\"><span class=\"wpcf7-form-control wpcf7-radio\"><span class=\"captcha-image\" ><span class=\"cf7ic_instructions\">Please prove you are human by selecting the<span> key<\/span>.<\/span><label><input aria-label=\"1\" type=\"radio\" name=\"kc_captcha\" value=\"bot\" \/><svg aria-hidden=\"true\" role=\"img\" xmlns=\"http:\/\/www.w3.org\/2000\/svg\" viewbox=\"0 0 512 512\"><path fill=\"currentColor\" d=\"M500 168h-55l-8-21a127 127 0 00-120-83H195a127 127 0 00-120 83l-8 21H12c-8 0-14 8-11 16l8 24a12 12 0 0011 8h29a64 64 0 00-33 56v48c0 16 6 31 16 42v62c0 13 11 24 24 24h48c13 0 24-11 24-24v-40h256v40c0 13 11 24 24 24h48c13 0 24-11 24-24v-62c10-11 16-26 16-42v-48c0-24-13-45-33-56h29a12 12 0 0011-8l8-24c3-8-3-16-11-16zm-365 2c9-25 33-42 60-42h122c27 0 51 17 60 42l15 38H120l15-38zM88 328a32 32 0 010-64c18 0 48 30 48 48s-30 16-48 16zm336 0c-18 0-48 2-48-16s30-48 48-48 32 14 32 32-14 32-32 32z\"\/><\/svg><\/label><label><input aria-label=\"2\" type=\"radio\" name=\"kc_captcha\" value=\"bot\" \/><svg aria-hidden=\"true\" role=\"img\" xmlns=\"http:\/\/www.w3.org\/2000\/svg\" viewbox=\"0 0 512 512\"><path fill=\"currentColor\" d=\"M350 99c-54 0-98-35-166-35-25 0-47 4-68 12a56 56 0 004-24C118 24 95 1 66 0a56 56 0 00-34 102v386c0 13 11 24 24 24h16c13 0 24-11 24-24v-94c28-12 64-23 114-23 54 0 98 35 166 35 48 0 86-16 122-41 9-6 14-15 14-26V96c0-23-24-39-45-29-35 16-77 32-117 32z\"\/><\/svg><\/label><label><input aria-label=\"3\" type=\"radio\" name=\"kc_captcha\" value=\"kc_human\" \/><svg aria-hidden=\"true\" role=\"img\" xmlns=\"http:\/\/www.w3.org\/2000\/svg\" viewbox=\"0 0 512 512\"><path fill=\"currentColor\" d=\"M512 176a176 176 0 01-209 173l-24 27a24 24 0 01-18 8h-37v40c0 13-11 24-24 24h-40v40c0 13-11 24-24 24H24c-13 0-24-11-24-24v-78c0-6 3-13 7-17l162-162a176 176 0 11343-55zm-176-48a48 48 0 1096 0 48 48 0 00-96 0z\"\/><\/svg><\/label>\r\n    <\/span>\r\n    <span style=\"display:none\">\r\n        <input type=\"text\" name=\"kc_honeypot\">\r\n    <\/span><\/span><\/span>\n\t<\/p>\n<\/div>\n<p><input class=\"wpcf7-form-control wpcf7-submit has-spinner\" type=\"submit\" value=\"Invia il tuo messaggio\" \/>\n<\/p><p style=\"display: none !important;\" class=\"akismet-fields-container\" data-prefix=\"_wpcf7_ak_\"><label>&#916;<textarea name=\"_wpcf7_ak_hp_textarea\" cols=\"45\" rows=\"8\" maxlength=\"100\"><\/textarea><\/label><input type=\"hidden\" id=\"ak_js_1\" name=\"_wpcf7_ak_js\" value=\"233\"\/><script>document.getElementById( \"ak_js_1\" ).setAttribute( \"value\", ( new Date() ).getTime() );<\/script><\/p><div class=\"wpcf7-response-output\" aria-hidden=\"true\"><\/div>\n<input type=\"hidden\" name=\"trp-form-language\" value=\"it\"\/><\/form>\n<\/div>\n<\/div>\n<p><!--5f39ae17-8c62-4a45-bc43-b32064c9388a:W3siYmxvY2tUeXBlIjoicGFyYWdyYXBoIiwic3R5bGVzIjp7ImFsaWduIjoibGVmdCIsImluZGVudCI6MCwidGV4dC1pbmRlbnQiOjAsImxpbmUtaGVpZ2h0IjoxLjc1fSwiYmxvY2tJZCI6IjQzMjItMTUyMTE4MzIwNDE4NiIsInJpY2hUZXh0Ijp7ImlzUmljaFRleHQiOnRydWUsImtlZXBMaW5lQnJlYWsiOnRydWUsImRhdGEiOlt7ImNoYXIiOiJbIn0seyJjaGFyIjoiYyJ9LHsiY2hhciI6Im8ifSx7ImNoYXIiOiJuIn0seyJjaGFyIjoidCJ9LHsiY2hhciI6ImEifSx7ImNoYXIiOiJjIn0seyJjaGFyIjoidCJ9LHsiY2hhciI6Ii0ifSx7ImNoYXIiOiJmIn0seyJjaGFyIjoibyJ9LHsiY2hhciI6InIifSx7ImNoYXIiOiJtIn0seyJjaGFyIjoiLSJ9LHsiY2hhciI6IjcifSx7ImNoYXIiOiIgIn0seyJjaGFyIjoiaSJ9LHsiY2hhciI6ImQifSx7ImNoYXIiOiI9In0seyJjaGFyIjoiXCIifSx7ImNoYXIiOiIxIn0seyJjaGFyIjoiOSJ9LHsiY2hhciI6IlwiIn0seyJjaGFyIjoiICJ9LHsiY2hhciI6InQifSx7ImNoYXIiOiJpIn0seyJjaGFyIjoidCJ9LHsiY2hhciI6ImwifSx7ImNoYXIiOiJlIn0seyJjaGFyIjoiPSJ9LHsiY2hhciI6IlwiIn0seyJjaGFyIjoiUyJ9LHsiY2hhciI6InUifSx7ImNoYXIiOiJzIn0seyJjaGFyIjoidCJ9LHsiY2hhciI6ImEifSx7ImNoYXIiOiJpIn0seyJjaGFyIjoibiJ9LHsiY2hhciI6ImEifSx7ImNoYXIiOiJiIn0seyJjaGFyIjoibCJ9LHsiY2hhciI6ImUifSx7ImNoYXIiOiIgIn0seyJjaGFyIjoiQyJ9LHsiY2hhciI6Im8ifSx7ImNoYXIiOiJuIn0seyJjaGFyIjoidCJ9LHsiY2hhciI6ImEifSx7ImNoYXIiOiJjIn0seyJjaGFyIjoidCJ9LHsiY2hhciI6IiAifSx7ImNoYXIiOiJQIn0seyJjaGFyIjoiYSJ9LHsiY2hhciI6ImcifSx7ImNoYXIiOiJlIn0seyJjaGFyIjoiXCIifSx7ImNoYXIiOiJdIn1dfX1d--><\/p>","protected":false},"excerpt":{"rendered":"<table id=\"tablepress-119\" class=\"tablepress tablepress-id-119\">\n<thead>\n<tr class=\"row-1\">\n\t<th class=\"column-1\">NOME DEL PRODOTTO<\/th><th class=\"column-2\">BOTTIGLIE DI LIQUORE IN VENDITA 750ML DONNA BOADY FORMA BOTTIGLIA DI VETRO<\/th>\n<\/tr>\n<\/thead>\n<tbody class=\"row-striping row-hover\">\n<tr class=\"row-2\">\n\t<td class=\"column-1\">DIMENSIONE DELLA BOTTIGLIA<\/td><td class=\"column-2\">750ml<\/td>\n<\/tr>\n<tr class=\"row-3\">\n\t<td class=\"column-1\">MATERIALE<\/td><td class=\"column-2\">Vetro trasparente<\/td>\n<\/tr>\n<tr class=\"row-4\">\n\t<td class=\"column-1\">COLORE<\/td><td class=\"column-2\">Bianco Chiaro<\/td>\n<\/tr>\n<tr class=\"row-5\">\n\t<td class=\"column-1\">FINITURA DEL COLLO<\/td><td class=\"column-2\">Tappo in vetro<\/td>\n<\/tr>\n<tr class=\"row-6\">\n\t<td class=\"column-1\">FORMA DELLA BOTTIGLIA<\/td><td class=\"column-2\">Forma del corpo della donna<\/td>\n<\/tr>\n<tr class=\"row-7\">\n\t<td class=\"column-1\">PESO DELLA BOTTIGLIA<\/td><td class=\"column-2\">750g<\/td>\n<\/tr>\n<tr class=\"row-8\">\n\t<td class=\"column-1\">ALTEZZA BOTTIGLIA<\/td><td class=\"column-2\">212MM<\/td>\n<\/tr>\n<tr class=\"row-9\">\n\t<td class=\"column-1\">LUNGHEZZA DELLA BOTTIGLIA<\/td><td class=\"column-2\">155MM<\/td>\n<\/tr>\n<tr class=\"row-10\">\n\t<td class=\"column-1\">LARGHEZZA DELLA BOTTIGLIA<\/td><td class=\"column-2\">56,5MM<\/td>\n<\/tr>\n<\/tbody>\n<\/table>\n<!-- #tablepress-119 from cache -->","protected":false},"featured_media":4287,"comment_status":"open","ping_status":"closed","template":"","meta":[],"product_brand":[],"product_cat":[68,74],"product_tag":[],"class_list":{"0":"post-4284","1":"product","2":"type-product","3":"status-publish","4":"has-post-thumbnail","6":"product_cat-750ml-glass-bottles","7":"product_cat-unique-glass-bottles","8":"entry","9":"has-media","11":"first","12":"instock","13":"shipping-taxable","14":"product-type-simple"},"_links":{"self":[{"href":"https:\/\/glassbottlesmanufacturer.com\/it\/wp-json\/wp\/v2\/product\/4284","targetHints":{"allow":["GET"]}}],"collection":[{"href":"https:\/\/glassbottlesmanufacturer.com\/it\/wp-json\/wp\/v2\/product"}],"about":[{"href":"https:\/\/glassbottlesmanufacturer.com\/it\/wp-json\/wp\/v2\/types\/product"}],"replies":[{"embeddable":true,"href":"https:\/\/glassbottlesmanufacturer.com\/it\/wp-json\/wp\/v2\/comments?post=4284"}],"wp:featuredmedia":[{"embeddable":true,"href":"https:\/\/glassbottlesmanufacturer.com\/it\/wp-json\/wp\/v2\/media\/4287"}],"wp:attachment":[{"href":"https:\/\/glassbottlesmanufacturer.com\/it\/wp-json\/wp\/v2\/media?parent=4284"}],"wp:term":[{"taxonomy":"product_brand","embeddable":true,"href":"https:\/\/glassbottlesmanufacturer.com\/it\/wp-json\/wp\/v2\/product_brand?post=4284"},{"taxonomy":"product_cat","embeddable":true,"href":"https:\/\/glassbottlesmanufacturer.com\/it\/wp-json\/wp\/v2\/product_cat?post=4284"},{"taxonomy":"product_tag","embeddable":true,"href":"https:\/\/glassbottlesmanufacturer.com\/it\/wp-json\/wp\/v2\/product_tag?post=4284"}],"curies":[{"name":"wp","href":"https:\/\/api.w.org\/{rel}","templated":true}]}}