{"id":4390,"date":"2018-03-12T08:05:58","date_gmt":"2018-03-12T08:05:58","guid":{"rendered":"https:\/\/glassbottlesmanufacturer.com\/?post_type=product&#038;p=4390"},"modified":"2018-03-29T07:02:24","modified_gmt":"2018-03-29T07:02:24","slug":"bottiglie-vuote-bianche-trasparenti-guala-top-750ml-in-vendita","status":"publish","type":"product","link":"https:\/\/glassbottlesmanufacturer.com\/it\/allingrosso\/bottiglie-vuote-bianche-trasparenti-guala-top-750ml-in-vendita\/","title":{"rendered":"BOTTIGLIE VUOTE BIANCHE TRASPARENTI GUALA TOP 750ML IN VENDITA"},"content":{"rendered":"<p>Bottiglie vuote bianche trasparenti guala top 750ml in vendita. Il modello HK-005 \u00e8 una delle pi\u00f9 popolari bottiglie per liquori in vendita, con una forma elegante e linee incise sulla base della bottiglia. La finitura del tappo guala fornisce un facile controllo sul versamento del liquido. Le finiture in sughero e a vite possono essere personalizzate.<\/p>\n<figure id=\"attachment_4368\" aria-describedby=\"caption-attachment-4368\" style=\"width: 980px\" class=\"wp-caption aligncenter\"><img loading=\"lazy\" decoding=\"async\" class=\"wp-image-4368 size-large\" src=\"https:\/\/glassbottlesmanufacturer.com\/wp-content\/uploads\/2018\/02\/Glass-Bottle-Supplier-1024x411.jpg\" alt=\"Fornitore di bottiglie di liquore\" width=\"980\" height=\"393\" srcset=\"https:\/\/glassbottlesmanufacturer.com\/wp-content\/uploads\/2018\/02\/Glass-Bottle-Supplier-1024x411.jpg 1024w, https:\/\/glassbottlesmanufacturer.com\/wp-content\/uploads\/2018\/02\/Glass-Bottle-Supplier-600x241.jpg 600w, https:\/\/glassbottlesmanufacturer.com\/wp-content\/uploads\/2018\/02\/Glass-Bottle-Supplier-300x120.jpg 300w, https:\/\/glassbottlesmanufacturer.com\/wp-content\/uploads\/2018\/02\/Glass-Bottle-Supplier-768x308.jpg 768w, https:\/\/glassbottlesmanufacturer.com\/wp-content\/uploads\/2018\/02\/Glass-Bottle-Supplier.jpg 1776w\" sizes=\"auto, (max-width: 980px) 100vw, 980px\" \/><figcaption id=\"caption-attachment-4368\" class=\"wp-caption-text\">Fornitore di bottiglie per liquori - HIKING GLASS<\/figcaption><\/figure>\n<h4>DETTAGLI DELLA BOTTIGLIA DI VETRO DA 750 ml<\/h4>\n<figure id=\"attachment_4373\" aria-describedby=\"caption-attachment-4373\" style=\"width: 1776px\" class=\"wp-caption aligncenter\"><img loading=\"lazy\" decoding=\"async\" class=\"wp-image-4373 size-full\" src=\"https:\/\/glassbottlesmanufacturer.com\/wp-content\/uploads\/2018\/03\/750ml-glass-bottle-supplier.jpg\" alt=\"fornitore di bottiglie di vetro da 750 ml\" width=\"1776\" height=\"712\" srcset=\"https:\/\/glassbottlesmanufacturer.com\/wp-content\/uploads\/2018\/03\/750ml-glass-bottle-supplier.jpg 1776w, https:\/\/glassbottlesmanufacturer.com\/wp-content\/uploads\/2018\/03\/750ml-glass-bottle-supplier-600x241.jpg 600w, https:\/\/glassbottlesmanufacturer.com\/wp-content\/uploads\/2018\/03\/750ml-glass-bottle-supplier-300x120.jpg 300w, https:\/\/glassbottlesmanufacturer.com\/wp-content\/uploads\/2018\/03\/750ml-glass-bottle-supplier-768x308.jpg 768w, https:\/\/glassbottlesmanufacturer.com\/wp-content\/uploads\/2018\/03\/750ml-glass-bottle-supplier-1024x411.jpg 1024w\" sizes=\"auto, (max-width: 1776px) 100vw, 1776px\" \/><figcaption id=\"caption-attachment-4373\" class=\"wp-caption-text\">Bottiglia di vetro da 750 ml Fornitore - HIKING GLASS<\/figcaption><\/figure>\n<h4><strong>Applicazione della decorazione<\/strong><\/h4>\n<ul>\n<li>Decalcomania e logo di stampa su bottiglie di vetro da 750 ml, l'OEM \u00e8 altamente benvenuto.<\/li>\n<li>Le bottiglie di vetro gelate stanno diventando popolari per le bottiglie di vodka.<\/li>\n<li>La goffratura \u00e8 ampiamente utilizzata per le bottiglie di vetro personalizzate di vodka, brandy, tequila e altri alcolici. Imprimiamo o incidiamo il marchio o il logo del cliente direttamente sul vetro, il che significa che lo stampo \u00e8 di propriet\u00e0 della distilleria.<\/li>\n<li>L'elettroplaccatura conferisce alle bottiglie di vetro una sensazione di lucentezza e brillantezza; questo tipo di bottiglie \u00e8 solitamente di costo elevato e destinato a mercati di alto livello.<\/li>\n<\/ul>\n<h4><strong>Shi<\/strong><strong>Informazioni sul trasporto<\/strong><\/h4>\n<p>Essendo una delle pi\u00f9 grandi fabbriche di bottiglie di vetro in Cina, forniamo scorte sufficienti per le bottiglie in vendita a caldo, per lo pi\u00f9 sono le nostre bottiglie di vetro standard. Quindi, gli ordini urgenti consegnati in 7-10 giorni sono disponibili per le stagioni di vendita calda, come la vendita di Natale e la vendita di Capodanno.<\/p>\n<ul>\n<li>Con oltre 10 anni di esperienza nella produzione di bottiglie di vetro, abbiamo sviluppato migliaia di modelli di bottiglie di vetro. Abbiamo diversi tipi di design di bottiglie per la scelta del cliente, per lo pi\u00f9 i clienti possono trovare le loro bottiglie di vetro preferite da HIKING esistono bottiglie, che sono pronti stampo. Il tempo di consegna per questi ordini \u00e8 di 25-30 giorni.<\/li>\n<li>Alcune distillerie possiedono bottiglie di liquore esclusive. In questo modo, se ci fornite il disegno della bottiglia di vetro, o un campione di bottiglia di vetro, o anche una foto della bottiglia di vetro, svilupperemo o copieremo la stessa bottiglia di vetro. Il tempo di realizzazione dello stampo \u00e8 di 15 giorni.<\/li>\n<\/ul>\n<h4><strong>Imballaggio di bottiglie di vetro<\/strong><\/h4>\n<ul>\n<li>L'imballaggio standard in cartone viene utilizzato per le bottiglie di vetro in stampa. \u00c8 presente un cartone per evitare l'attrito.<\/li>\n<li>L'imballaggio su pallet \u00e8 un metodo di movimentazione semplice per il carico e lo scarico delle bottiglie di vetro. \u00c8 anche il metodo di imballaggio pi\u00f9 economico per le bottiglie di alcolici.<\/li>\n<li>L'imballaggio di scatole colorate personalizzate \u00e8 il pi\u00f9 complicato per le bottiglie di vetro. I clienti forniscono le opere d'arte delle scatole, l'azienda di bottiglie di vetro fornisce bottiglie e scatole, che sono riutilizzabili dopo il riempimento.<\/li>\n<\/ul>\n<figure id=\"attachment_4365\" aria-describedby=\"caption-attachment-4365\" style=\"width: 1776px\" class=\"wp-caption aligncenter\"><img loading=\"lazy\" decoding=\"async\" class=\"wp-image-4365 size-full\" src=\"https:\/\/glassbottlesmanufacturer.com\/wp-content\/uploads\/2018\/02\/heise-1.png\" alt=\"Fornitore di bottiglie di vetro - HIKING GLASS\" width=\"1776\" height=\"712\" srcset=\"https:\/\/glassbottlesmanufacturer.com\/wp-content\/uploads\/2018\/02\/heise-1.png 1776w, https:\/\/glassbottlesmanufacturer.com\/wp-content\/uploads\/2018\/02\/heise-1-600x241.png 600w, https:\/\/glassbottlesmanufacturer.com\/wp-content\/uploads\/2018\/02\/heise-1-300x120.png 300w, https:\/\/glassbottlesmanufacturer.com\/wp-content\/uploads\/2018\/02\/heise-1-768x308.png 768w, https:\/\/glassbottlesmanufacturer.com\/wp-content\/uploads\/2018\/02\/heise-1-1024x411.png 1024w\" sizes=\"auto, (max-width: 1776px) 100vw, 1776px\" \/><figcaption id=\"caption-attachment-4365\" class=\"wp-caption-text\">Fornitore di bottiglie di vetro - HIKING GLASS<\/figcaption><\/figure>\n<p><!--more--><\/p>\n<h4>Consigli di BOTTIGLIE DI VETRO<\/h4>\n<p>I difetti delle bottiglie di vetro e le loro cause.Esistono molti tipi di difetti nelle bottiglie di vetro e possono essere suddivisi in due tipologie. Uno \u00e8 costituito dai difetti prodotti nel processo di fusione del vetro, come piccole bolle, pietre, striature e noduli (cio\u00e8 perle di vetro, tumori). Un altro \u00e8 il difetto causato durante il processo di formatura. Quest'ultimo difetto pu\u00f2 essere eliminato modificando il funzionamento dell'alimentatore e della macchina per bottiglie. 1. Difetti del tappo della bottiglia (1) Bocca incrinata (scoppio). Le gocce longitudinali della bocca della bottiglia sono troppo fredde. Cattiva tosatura. Il materiale \u00e8 troppo spesso sulla testa. L'anima \u00e8 troppo fredda a contatto con il vetro per troppo tempo e l'anima \u00e8 sporca. L'anima \u00e8 troppo feroce e non \u00e8 ben posizionata. \u00c8 troppo lunga. La testa di soffiaggio \u00e8 troppo bassa, il centro non \u00e8 corretto, la pressione di soffiaggio \u00e8 troppo alta o l'aria compressa contiene acqua. Il vento di raffreddamento utilizzato in modo improprio soffia sulla bocca della bottiglia dal lato dello stampo. (2) Crepe nella bocca (viti fritte). Crepe poco profonde sulla bocca della bottiglia. La fritta \u00e8 troppo fredda e la punta \u00e8 troppo affilata. Cattiva cesoiatura (segni di forbici o rifilatura con bave). La cooperazione impropria tra lo stampo di soffiaggio e lo stampo superiore, lo stampo superiore \u00e8 instabile e lo stampo superiore viene spinto quando lo stampo di soffiaggio viene aperto. Il braccio di bloccaggio della bocca non \u00e8 orizzontale. La testa di soffiaggio \u00e8 troppo forte, la pressione dell'aria \u00e8 troppo alta o il tempo \u00e8 troppo lungo. L'estremit\u00e0 del meccanismo di ribaltamento non \u00e8 correttamente tamponata. Il manicotto centrale \u00e8 troppo alto o troppo basso. (3) Bocca della bottiglia insufficiente. Vetro insufficiente all'imboccatura della bottiglia o filettatura. La temperatura di caduta \u00e8 troppo alta o troppo bassa, la testa del calice \u00e8 troppo affilata o troppo spessa e il centro non \u00e8 corretto. Pressione e tempo d'aria insufficienti, teste fluttuanti o aria mancante. L'iniezione inadeguata dello stampo primario, l'olio o l'acqua nello stampo primario possono impedire al materiale di vetro di entrare nello stampo. Lo stampo e l'anima sono troppo avari. Disadattamento tra lo stampo primario e la matrice. Apertura troppo precoce (4) La bocca della bottiglia non \u00e8 rotonda (bocca piatta). Bocca della bottiglia piatta o deformata. Temperatura di caduta troppo alta. Soffio insufficiente o troppo breve. Il tempo di contatto con l'anima \u00e8 troppo breve o il tempo di soffiaggio \u00e8 troppo breve. Lo stampo \u00e8 troppo caldo e la bocca della bottiglia \u00e8 raffreddata male. Il diametro della ganascia \u00e8 troppo piccolo o il centro della ganascia \u00e8 incoerente. La pressione di soffiaggio \u00e8 troppo bassa o la pressione di soffiaggio \u00e8 troppo alta. (5) Bocca piccola (occhi piccoli, bocca piccola). Il diametro della bocca della bottiglia \u00e8 piccolo. La temperatura di caduta \u00e8 troppo alta e la forma della testa \u00e8 troppo appuntita. Il tempo di contatto tra il nucleo e la fritta \u00e8 troppo lungo e la temperatura del nucleo non \u00e8 adeguata. Il nucleo \u00e8 troppo sporco e lo stampo primario \u00e8 troppo oleoso. Esplosione troppo tardiva. Il design del nucleo \u00e8 irragionevole. L'aria di raffreddamento dello stampo primario e dello stampo \u00e8 stata utilizzata in modo improprio. La pressione di soffiaggio \u00e8 ridotta. Il diametro interno del morsetto della bottiglia \u00e8 troppo piccolo.<\/p>\n<h4>CONTROLLARE COME VENGONO PRODOTTE LE BOTTIGLIE DI VETRO CON UNA MACCHINA COMPLETAMENTE AUTOMATICA<\/h4>\n<div style=\"width: 720px;\" class=\"wp-video\"><video class=\"wp-video-shortcode\" id=\"video-4390-1\" width=\"720\" height=\"404\" preload=\"metadata\" controls=\"controls\"><source type=\"video\/mp4\" src=\"https:\/\/glassbottlesmanufacturer.com\/wp-content\/uploads\/2018\/02\/HIKING-GLASS-\u8c37\u6b4c\u89c6\u9891.mp4?_=1\" \/><a href=\"https:\/\/glassbottlesmanufacturer.com\/wp-content\/uploads\/2018\/02\/HIKING-GLASS-\u8c37\u6b4c\u89c6\u9891.mp4\">https:\/\/glassbottlesmanufacturer.com\/wp-content\/uploads\/2018\/02\/HIKING-GLASS-\u8c37\u6b4c\u89c6\u9891.mp4<\/a><\/video><\/div>\n\n<div class=\"wpcf7 no-js\" id=\"wpcf7-f19-o1\" lang=\"en-US\" dir=\"ltr\" data-wpcf7-id=\"19\">\n<div class=\"screen-reader-response\"><p role=\"status\" aria-live=\"polite\" aria-atomic=\"true\"><\/p> <ul><\/ul><\/div>\n<form action=\"\/it\/wp-json\/wp\/v2\/product\/4390#wpcf7-f19-o1\" method=\"post\" class=\"wpcf7-form init\" aria-label=\"Contact form\" novalidate=\"novalidate\" data-status=\"init\" data-trp-original-action=\"\/it\/wp-json\/wp\/v2\/product\/4390#wpcf7-f19-o1\">\n<fieldset class=\"hidden-fields-container\"><input type=\"hidden\" name=\"_wpcf7\" value=\"19\" \/><input type=\"hidden\" name=\"_wpcf7_version\" value=\"6.1.5\" \/><input type=\"hidden\" name=\"_wpcf7_locale\" value=\"en_US\" \/><input type=\"hidden\" name=\"_wpcf7_unit_tag\" value=\"wpcf7-f19-o1\" \/><input type=\"hidden\" name=\"_wpcf7_container_post\" value=\"0\" \/><input type=\"hidden\" name=\"_wpcf7_posted_data_hash\" value=\"\" \/><input type=\"hidden\" name=\"_wpcf7dtx_version\" value=\"5.0.5\" \/>\n<\/fieldset>\n<p hidden><span class=\"wpcf7-form-control-wrap dynamictext-312\" data-name=\"dynamictext-312\"><input type=\"text\" name=\"dynamictext-312\" class=\"wpcf7-form-control wpcf7-text wpcf7dtx wpcf7dtx-text\" aria-invalid=\"false\" value=\"EMPTY WHITE CLEAR GUALA TOP 750ML BOTTLES FOR SALE\"><\/span>\n<\/p>\n<p><span class=\"wpcf7-form-control-wrap\" data-name=\"your-name\"><input size=\"40\" maxlength=\"400\" class=\"wpcf7-form-control wpcf7-text wpcf7-validates-as-required\" aria-required=\"true\" aria-invalid=\"false\" placeholder=\"Il tuo nome\" value=\"\" type=\"text\" name=\"your-name\" \/><\/span>\n<\/p>\n<p><span class=\"wpcf7-form-control-wrap\" data-name=\"your-email\"><input size=\"40\" maxlength=\"400\" class=\"wpcf7-form-control wpcf7-email wpcf7-validates-as-required wpcf7-text wpcf7-validates-as-email\" aria-required=\"true\" aria-invalid=\"false\" placeholder=\"Il tuo indirizzo e-mail\" value=\"\" type=\"email\" name=\"your-email\" \/><\/span>\n<\/p>\n<p><span class=\"wpcf7-form-control-wrap\" data-name=\"your-subject\"><input size=\"40\" maxlength=\"400\" class=\"wpcf7-form-control wpcf7-text wpcf7-validates-as-required\" aria-required=\"true\" aria-invalid=\"false\" placeholder=\"Oggetto del messaggio\" value=\"\" type=\"text\" name=\"your-subject\" \/><\/span>\n<\/p>\n<p><span class=\"wpcf7-form-control-wrap\" data-name=\"your-message\"><textarea cols=\"40\" rows=\"10\" maxlength=\"2000\" class=\"wpcf7-form-control wpcf7-textarea\" aria-invalid=\"false\" placeholder=\"Scrivi qui il tuo messaggio...\" name=\"your-message\"><\/textarea><\/span>\n<\/p>\n<div style=\"display:none\">\n\t<p><span class=\"wpcf7-form-control-wrap form-url\" data-name=\"form-url\"><input type=\"text\" name=\"form-url\" class=\"wpcf7-form-control wpcf7-text wpcf7dtx wpcf7dtx-text\" aria-invalid=\"false\" value=\"https:\/\/glassbottlesmanufacturer.com\/it\/it\/wp-json\/wp\/v2\/product\/4390\"><\/span>\n\t<\/p>\n<\/div>\n<div style=\"margin-bottom:10px;\">\n\t<p><span class=\"wpcf7-form-control-wrap kc_captcha\" data-name=\"kc_captcha\"><span class=\"wpcf7-form-control wpcf7-radio\"><span class=\"captcha-image\" ><span class=\"cf7ic_instructions\">Please prove you are human by selecting the<span> flag<\/span>.<\/span><label><input aria-label=\"1\" type=\"radio\" name=\"kc_captcha\" value=\"bot\" \/><svg aria-hidden=\"true\" role=\"img\" xmlns=\"http:\/\/www.w3.org\/2000\/svg\" viewbox=\"0 0 576 512\"><path fill=\"currentColor\" d=\"M415 24c-53 0-103 42-127 65-24-23-74-65-127-65C70 24 16 77 16 166c0 72 67 133 69 135l187 181c9 8 23 8 32 0l187-180c2-3 69-64 69-136 0-89-54-142-145-142z\"\/><\/svg><\/label><label><input aria-label=\"2\" type=\"radio\" name=\"kc_captcha\" value=\"kc_human\" \/><svg aria-hidden=\"true\" role=\"img\" xmlns=\"http:\/\/www.w3.org\/2000\/svg\" viewbox=\"0 0 512 512\"><path fill=\"currentColor\" d=\"M350 99c-54 0-98-35-166-35-25 0-47 4-68 12a56 56 0 004-24C118 24 95 1 66 0a56 56 0 00-34 102v386c0 13 11 24 24 24h16c13 0 24-11 24-24v-94c28-12 64-23 114-23 54 0 98 35 166 35 48 0 86-16 122-41 9-6 14-15 14-26V96c0-23-24-39-45-29-35 16-77 32-117 32z\"\/><\/svg><\/label><label><input aria-label=\"3\" type=\"radio\" name=\"kc_captcha\" value=\"bot\" \/><svg aria-hidden=\"true\" role=\"img\" xmlns=\"http:\/\/www.w3.org\/2000\/svg\" viewbox=\"0 0 384 512\"><path fill=\"currentColor\" d=\"M377 375l-83-87h34c21 0 32-25 17-40l-82-88h33c21 0 32-25 18-40L210 8c-10-11-26-11-36 0L70 120c-14 15-3 40 18 40h33l-82 88c-15 15-4 40 17 40h34L7 375c-15 16-4 41 17 41h120c0 33-11 49-34 68-12 9-5 28 10 28h144c15 0 22-19 10-28-20-16-34-32-34-68h120c21 0 32-25 17-41z\"\/><\/svg><\/label>\r\n    <\/span>\r\n    <span style=\"display:none\">\r\n        <input type=\"text\" name=\"kc_honeypot\">\r\n    <\/span><\/span><\/span>\n\t<\/p>\n<\/div>\n<p><input class=\"wpcf7-form-control wpcf7-submit has-spinner\" type=\"submit\" value=\"Invia il tuo messaggio\" \/>\n<\/p><p style=\"display: none !important;\" class=\"akismet-fields-container\" data-prefix=\"_wpcf7_ak_\"><label>&#916;<textarea name=\"_wpcf7_ak_hp_textarea\" cols=\"45\" rows=\"8\" maxlength=\"100\"><\/textarea><\/label><input type=\"hidden\" id=\"ak_js_1\" name=\"_wpcf7_ak_js\" value=\"213\"\/><script>document.getElementById( \"ak_js_1\" ).setAttribute( \"value\", ( new Date() ).getTime() );<\/script><\/p><div class=\"wpcf7-response-output\" aria-hidden=\"true\"><\/div>\n<input type=\"hidden\" name=\"trp-form-language\" value=\"it\"\/><\/form>\n<\/div>","protected":false},"excerpt":{"rendered":"<table id=\"tablepress-126\" class=\"tablepress tablepress-id-126\">\n<thead>\n<tr class=\"row-1\">\n\t<th class=\"column-1\">NOME DEL PRODOTTO<\/th><th class=\"column-2\">BOTTIGLIE VUOTE BIANCHE TRASPARENTI GUALA TOP 750ML IN VENDITA<\/th>\n<\/tr>\n<\/thead>\n<tbody class=\"row-striping row-hover\">\n<tr class=\"row-2\">\n\t<td class=\"column-1\">RIFERIMENTO<\/td><td class=\"column-2\">HK-005<\/td>\n<\/tr>\n<tr class=\"row-3\">\n\t<td class=\"column-1\">COLORI DEL VETRO<\/td><td class=\"column-2\">SELCE SUPER \/ SELCE EXTRA BIANCA<\/td>\n<\/tr>\n<tr class=\"row-4\">\n\t<td class=\"column-1\">FORMA DELLA BOTTIGLIA<\/td><td class=\"column-2\">Forma rotonda<\/td>\n<\/tr>\n<tr class=\"row-5\">\n\t<td class=\"column-1\">FINITURA<\/td><td class=\"column-2\">Guala Cap<\/td>\n<\/tr>\n<tr class=\"row-6\">\n\t<td class=\"column-1\">DIAMETRO DEL FORO D'INGRESSO<\/td><td class=\"column-2\">21,5 mm<\/td>\n<\/tr>\n<tr class=\"row-7\">\n\t<td class=\"column-1\">SPESSORE DELLA BASE IN VETRO<\/td><td class=\"column-2\">20,2 mm<\/td>\n<\/tr>\n<tr class=\"row-8\">\n\t<td class=\"column-1\">ALTEZZA BOTTIGLIA<\/td><td class=\"column-2\">273 mm<\/td>\n<\/tr>\n<tr class=\"row-9\">\n\t<td class=\"column-1\">LUNGHEZZA<\/td><td class=\"column-2\">108,3 mm<\/td>\n<\/tr>\n<tr class=\"row-10\">\n\t<td class=\"column-1\">Peso<\/td><td class=\"column-2\">620g<\/td>\n<\/tr>\n<\/tbody>\n<\/table>\n<!-- #tablepress-126 from cache -->","protected":false},"featured_media":4393,"comment_status":"closed","ping_status":"closed","template":"","meta":[],"product_brand":[],"product_cat":[68],"product_tag":[],"class_list":{"0":"post-4390","1":"product","2":"type-product","3":"status-publish","4":"has-post-thumbnail","6":"product_cat-750ml-glass-bottles","7":"entry","8":"has-media","10":"first","11":"instock","12":"shipping-taxable","13":"product-type-simple"},"_links":{"self":[{"href":"https:\/\/glassbottlesmanufacturer.com\/it\/wp-json\/wp\/v2\/product\/4390","targetHints":{"allow":["GET"]}}],"collection":[{"href":"https:\/\/glassbottlesmanufacturer.com\/it\/wp-json\/wp\/v2\/product"}],"about":[{"href":"https:\/\/glassbottlesmanufacturer.com\/it\/wp-json\/wp\/v2\/types\/product"}],"replies":[{"embeddable":true,"href":"https:\/\/glassbottlesmanufacturer.com\/it\/wp-json\/wp\/v2\/comments?post=4390"}],"wp:featuredmedia":[{"embeddable":true,"href":"https:\/\/glassbottlesmanufacturer.com\/it\/wp-json\/wp\/v2\/media\/4393"}],"wp:attachment":[{"href":"https:\/\/glassbottlesmanufacturer.com\/it\/wp-json\/wp\/v2\/media?parent=4390"}],"wp:term":[{"taxonomy":"product_brand","embeddable":true,"href":"https:\/\/glassbottlesmanufacturer.com\/it\/wp-json\/wp\/v2\/product_brand?post=4390"},{"taxonomy":"product_cat","embeddable":true,"href":"https:\/\/glassbottlesmanufacturer.com\/it\/wp-json\/wp\/v2\/product_cat?post=4390"},{"taxonomy":"product_tag","embeddable":true,"href":"https:\/\/glassbottlesmanufacturer.com\/it\/wp-json\/wp\/v2\/product_tag?post=4390"}],"curies":[{"name":"wp","href":"https:\/\/api.w.org\/{rel}","templated":true}]}}