{"id":6101,"date":"2024-02-22T07:28:32","date_gmt":"2024-02-22T07:28:32","guid":{"rendered":"https:\/\/glassbottlesmanufacturer.com\/?post_type=product&#038;p=6101"},"modified":"2024-02-22T09:12:48","modified_gmt":"2024-02-22T09:12:48","slug":"700ml-bottiglia-di-vetro-bottiglie-di-vodka-bottiglie-di-liquore-bottiglia-rotonda","status":"publish","type":"product","link":"https:\/\/glassbottlesmanufacturer.com\/it\/allingrosso\/700ml-bottiglia-di-vetro-bottiglie-di-vodka-bottiglie-di-liquore-bottiglia-rotonda\/","title":{"rendered":"Tappo a vite finitura 700ML Vodka bottiglie di vetro liquore"},"content":{"rendered":"<p>HK-009 la vendita calda 700ml vodka bottiglie di vetro, che \u00e8 stato personalizzato da uno dei nostri clienti, c'\u00e8 un logo rotondo in rilievo nella parte anteriore. Il collo lungo come un uomo gentile nobile e bello. Come le altre bottiglie di HIKING GLASS, anche questa \u00e8 prodotta con materiale extra bianco di selce.<\/p>\n<figure id=\"attachment_4368\" aria-describedby=\"caption-attachment-4368\" style=\"width: 980px\" class=\"wp-caption aligncenter\"><img loading=\"lazy\" decoding=\"async\" class=\"wp-image-4368 size-large\" src=\"https:\/\/glassbottlesmanufacturer.com\/wp-content\/uploads\/2018\/02\/Glass-Bottle-Supplier-1024x411.jpg\" alt=\"Fornitore di bottiglie di liquore\" width=\"980\" height=\"393\" srcset=\"https:\/\/glassbottlesmanufacturer.com\/wp-content\/uploads\/2018\/02\/Glass-Bottle-Supplier-1024x411.jpg 1024w, https:\/\/glassbottlesmanufacturer.com\/wp-content\/uploads\/2018\/02\/Glass-Bottle-Supplier-600x241.jpg 600w, https:\/\/glassbottlesmanufacturer.com\/wp-content\/uploads\/2018\/02\/Glass-Bottle-Supplier-300x120.jpg 300w, https:\/\/glassbottlesmanufacturer.com\/wp-content\/uploads\/2018\/02\/Glass-Bottle-Supplier-768x308.jpg 768w, https:\/\/glassbottlesmanufacturer.com\/wp-content\/uploads\/2018\/02\/Glass-Bottle-Supplier.jpg 1776w\" sizes=\"auto, (max-width: 980px) 100vw, 980px\" \/><figcaption id=\"caption-attachment-4368\" class=\"wp-caption-text\">Fornitore di bottiglie per liquori - HIKING GLASS<\/figcaption><\/figure>\n<h4>Controlla le altre bottiglie di vetro da 700 ml<\/h4>\n<figure id=\"attachment_4401\" aria-describedby=\"caption-attachment-4401\" style=\"width: 1740px\" class=\"wp-caption aligncenter\"><img loading=\"lazy\" decoding=\"async\" class=\"size-full wp-image-4401\" src=\"https:\/\/glassbottlesmanufacturer.com\/wp-content\/uploads\/2018\/03\/Similar-cognac-bottle.jpg\" alt=\"Bottiglia di vodka da 750 ml\" width=\"1740\" height=\"700\" srcset=\"https:\/\/glassbottlesmanufacturer.com\/wp-content\/uploads\/2018\/03\/Similar-cognac-bottle.jpg 1740w, https:\/\/glassbottlesmanufacturer.com\/wp-content\/uploads\/2018\/03\/Similar-cognac-bottle-600x241.jpg 600w, https:\/\/glassbottlesmanufacturer.com\/wp-content\/uploads\/2018\/03\/Similar-cognac-bottle-300x121.jpg 300w, https:\/\/glassbottlesmanufacturer.com\/wp-content\/uploads\/2018\/03\/Similar-cognac-bottle-768x309.jpg 768w, https:\/\/glassbottlesmanufacturer.com\/wp-content\/uploads\/2018\/03\/Similar-cognac-bottle-1024x412.jpg 1024w\" sizes=\"auto, (max-width: 1740px) 100vw, 1740px\" \/><figcaption id=\"caption-attachment-4401\" class=\"wp-caption-text\">Bottiglia di vodka da 700 ml<\/figcaption><\/figure>\n<h4><strong>Applicazione della decorazione<\/strong><\/h4>\n<ul>\n<li>Decalcomania e logo di stampa su bottiglie di vetro da 700 ml, OEM \u00e8 altamente benvenuto.<\/li>\n<li>Le bottiglie di vetro gelate stanno diventando popolari per le bottiglie di vodka.<\/li>\n<li>La goffratura \u00e8 ampiamente utilizzata per le bottiglie di vetro personalizzate di vodka, brandy, tequila e altri alcolici. Imprimiamo o incidiamo il marchio o il logo del cliente direttamente sul vetro, il che significa che lo stampo \u00e8 di propriet\u00e0 della distilleria.<\/li>\n<li>L'elettroplaccatura conferisce alle bottiglie di vetro una sensazione di lucentezza e brillantezza; questo tipo di bottiglie \u00e8 solitamente di costo elevato e destinato a mercati di alto livello.<\/li>\n<\/ul>\n<h4><strong>Shi<\/strong><strong>Informazioni sul trasporto<\/strong><\/h4>\n<p>Essendo una delle pi\u00f9 grandi fabbriche di bottiglie di vetro in Cina, forniamo scorte sufficienti per le bottiglie in vendita a caldo, per lo pi\u00f9 sono le nostre bottiglie di vetro standard. Quindi, gli ordini urgenti consegnati in 7-10 giorni sono disponibili per le stagioni di vendita calda, come la vendita di Natale e la vendita di Capodanno.<\/p>\n<ul>\n<li>Con oltre 10 anni di esperienza nella produzione di bottiglie di vetro, abbiamo sviluppato migliaia di modelli di bottiglie di vetro. Abbiamo diversi tipi di design di bottiglie per la scelta del cliente, per lo pi\u00f9 i clienti possono trovare le loro bottiglie di vetro preferite da HIKING esistono bottiglie, che sono pronti stampo. Il tempo di consegna per questi ordini \u00e8 di 25-30 giorni.<\/li>\n<li>Alcune distillerie possiedono bottiglie di liquore esclusive. In questo modo, se ci fornite il disegno della bottiglia di vetro, o un campione di bottiglia di vetro, o anche una foto della bottiglia di vetro, svilupperemo o copieremo la stessa bottiglia di vetro. Il tempo di realizzazione dello stampo \u00e8 di 15 giorni.<\/li>\n<\/ul>\n<h4><strong>Imballaggio di bottiglie di vetro<\/strong><\/h4>\n<ul>\n<li>L'imballaggio standard in cartone viene utilizzato per le bottiglie di vetro in stampa. \u00c8 presente un cartone per evitare l'attrito.<\/li>\n<li>L'imballaggio su pallet \u00e8 un metodo di movimentazione semplice per il carico e lo scarico delle bottiglie di vetro. \u00c8 anche il metodo di imballaggio pi\u00f9 economico per le bottiglie di alcolici.<\/li>\n<li>L'imballaggio di scatole colorate personalizzate \u00e8 il pi\u00f9 complicato per le bottiglie di vetro. I clienti forniscono le opere d'arte delle scatole, l'azienda di bottiglie di vetro fornisce bottiglie e scatole, che sono riutilizzabili dopo il riempimento.<\/li>\n<\/ul>\n<figure id=\"attachment_4365\" aria-describedby=\"caption-attachment-4365\" style=\"width: 1776px\" class=\"wp-caption aligncenter\"><img loading=\"lazy\" decoding=\"async\" class=\"wp-image-4365 size-full\" src=\"https:\/\/glassbottlesmanufacturer.com\/wp-content\/uploads\/2018\/02\/heise-1.png\" alt=\"Fornitore di bottiglie di vetro - HIKING GLASS\" width=\"1776\" height=\"712\" srcset=\"https:\/\/glassbottlesmanufacturer.com\/wp-content\/uploads\/2018\/02\/heise-1.png 1776w, https:\/\/glassbottlesmanufacturer.com\/wp-content\/uploads\/2018\/02\/heise-1-600x241.png 600w, https:\/\/glassbottlesmanufacturer.com\/wp-content\/uploads\/2018\/02\/heise-1-300x120.png 300w, https:\/\/glassbottlesmanufacturer.com\/wp-content\/uploads\/2018\/02\/heise-1-768x308.png 768w, https:\/\/glassbottlesmanufacturer.com\/wp-content\/uploads\/2018\/02\/heise-1-1024x411.png 1024w\" sizes=\"auto, (max-width: 1776px) 100vw, 1776px\" \/><figcaption id=\"caption-attachment-4365\" class=\"wp-caption-text\">Fornitore di bottiglie di vetro - HIKING GLASS<\/figcaption><\/figure>\n<p><!--more--><\/p>\n<h4>Consigli di BOTTIGLIE DI VETRO<\/h4>\n<p>I punti chiave dell'ispezione delle bottiglie di vetro.<\/p>\n<p>In secondo luogo, il test dei primi campioni<\/p>\n<p>1. Prima che le bottiglie entrino nella linea di ricottura, selezioniamo i primi 10-30 pezzi di bottiglie di vetro prodotte per fare un'ispezione. Ogni stampo seleziona 2 - 3 bottiglie per l'ispezione delle dimensioni, concentrandosi sulle dimensioni della bocca; diametro interno ed esterno della bocca; se la scritta in rilievo della base \u00e8 corretta e chiara; se il modello della bottiglia \u00e8 corretto.<\/p>\n<p>2. Quando la bottiglia esce dalla linea di ricottura, il responsabile dell'ispezione qualit\u00e0 limiter\u00e0 il numero di prodotti stampati a due o tre. L'ispezione deve essere effettuata in tutti gli aspetti dei disegni, ponendo l'accento sulla misurazione della capacit\u00e0 in aggiunta a quanto sopra. Misurazione del peso, del diametro interno ed esterno dell'imboccatura, se necessario, riempire la bottiglia d'acqua, utilizzare il coperchio fornito dal cliente per l'assemblaggio fisico e verificare se il coperchio pu\u00f2 essere posizionato o meno. E per la pressione interna, lo stress interno, il test di resistenza agli acidi e agli alcali.<\/p>\n<h4>CONTROLLARE COME VENGONO PRODOTTE LE BOTTIGLIE DI VETRO CON UNA MACCHINA COMPLETAMENTE AUTOMATICA<\/h4>\n<div style=\"width: 720px;\" class=\"wp-video\"><video class=\"wp-video-shortcode\" id=\"video-6101-1\" width=\"720\" height=\"404\" preload=\"metadata\" controls=\"controls\"><source type=\"video\/mp4\" src=\"https:\/\/glassbottlesmanufacturer.com\/wp-content\/uploads\/2018\/02\/HIKING-GLASS-\u8c37\u6b4c\u89c6\u9891.mp4?_=1\" \/><a href=\"https:\/\/glassbottlesmanufacturer.com\/wp-content\/uploads\/2018\/02\/HIKING-GLASS-\u8c37\u6b4c\u89c6\u9891.mp4\">https:\/\/glassbottlesmanufacturer.com\/wp-content\/uploads\/2018\/02\/HIKING-GLASS-\u8c37\u6b4c\u89c6\u9891.mp4<\/a><\/video><\/div>\n<div>\n<div class=\"wpcf7 no-js\" id=\"wpcf7-f19-o1\" lang=\"en-US\" dir=\"ltr\" data-wpcf7-id=\"19\">\n<div class=\"screen-reader-response\"><p role=\"status\" aria-live=\"polite\" aria-atomic=\"true\"><\/p> <ul><\/ul><\/div>\n<form action=\"\/it\/wp-json\/wp\/v2\/product\/6101#wpcf7-f19-o1\" method=\"post\" class=\"wpcf7-form init\" aria-label=\"Contact form\" novalidate=\"novalidate\" data-status=\"init\" data-trp-original-action=\"\/it\/wp-json\/wp\/v2\/product\/6101#wpcf7-f19-o1\">\n<fieldset class=\"hidden-fields-container\"><input type=\"hidden\" name=\"_wpcf7\" value=\"19\" \/><input type=\"hidden\" name=\"_wpcf7_version\" value=\"6.1.5\" \/><input type=\"hidden\" name=\"_wpcf7_locale\" value=\"en_US\" \/><input type=\"hidden\" name=\"_wpcf7_unit_tag\" value=\"wpcf7-f19-o1\" \/><input type=\"hidden\" name=\"_wpcf7_container_post\" value=\"0\" \/><input type=\"hidden\" name=\"_wpcf7_posted_data_hash\" value=\"\" \/><input type=\"hidden\" name=\"_wpcf7dtx_version\" value=\"5.0.5\" \/>\n<\/fieldset>\n<p hidden><span class=\"wpcf7-form-control-wrap dynamictext-312\" data-name=\"dynamictext-312\"><input type=\"text\" name=\"dynamictext-312\" class=\"wpcf7-form-control wpcf7-text wpcf7dtx wpcf7dtx-text\" aria-invalid=\"false\" value=\"Screw Cap Finish 700ML Vodka Glass Liquor Bottles\"><\/span>\n<\/p>\n<p><span class=\"wpcf7-form-control-wrap\" data-name=\"your-name\"><input size=\"40\" maxlength=\"400\" class=\"wpcf7-form-control wpcf7-text wpcf7-validates-as-required\" aria-required=\"true\" aria-invalid=\"false\" placeholder=\"Il tuo nome\" value=\"\" type=\"text\" name=\"your-name\" \/><\/span>\n<\/p>\n<p><span class=\"wpcf7-form-control-wrap\" data-name=\"your-email\"><input size=\"40\" maxlength=\"400\" class=\"wpcf7-form-control wpcf7-email wpcf7-validates-as-required wpcf7-text wpcf7-validates-as-email\" aria-required=\"true\" aria-invalid=\"false\" placeholder=\"Il tuo indirizzo e-mail\" value=\"\" type=\"email\" name=\"your-email\" \/><\/span>\n<\/p>\n<p><span class=\"wpcf7-form-control-wrap\" data-name=\"your-subject\"><input size=\"40\" maxlength=\"400\" class=\"wpcf7-form-control wpcf7-text wpcf7-validates-as-required\" aria-required=\"true\" aria-invalid=\"false\" placeholder=\"Oggetto del messaggio\" value=\"\" type=\"text\" name=\"your-subject\" \/><\/span>\n<\/p>\n<p><span class=\"wpcf7-form-control-wrap\" data-name=\"your-message\"><textarea cols=\"40\" rows=\"10\" maxlength=\"2000\" class=\"wpcf7-form-control wpcf7-textarea\" aria-invalid=\"false\" placeholder=\"Scrivi qui il tuo messaggio...\" name=\"your-message\"><\/textarea><\/span>\n<\/p>\n<div style=\"display:none\">\n\t<p><span class=\"wpcf7-form-control-wrap form-url\" data-name=\"form-url\"><input type=\"text\" name=\"form-url\" class=\"wpcf7-form-control wpcf7-text wpcf7dtx wpcf7dtx-text\" aria-invalid=\"false\" value=\"https:\/\/glassbottlesmanufacturer.com\/it\/it\/wp-json\/wp\/v2\/product\/6101\"><\/span>\n\t<\/p>\n<\/div>\n<div style=\"margin-bottom:10px;\">\n\t<p><span class=\"wpcf7-form-control-wrap kc_captcha\" data-name=\"kc_captcha\"><span class=\"wpcf7-form-control wpcf7-radio\"><span class=\"captcha-image\" ><span class=\"cf7ic_instructions\">Please prove you are human by selecting the<span> plane<\/span>.<\/span><label><input aria-label=\"1\" type=\"radio\" name=\"kc_captcha\" value=\"bot\" \/><svg aria-hidden=\"true\" role=\"img\" xmlns=\"http:\/\/www.w3.org\/2000\/svg\" viewbox=\"0 0 576 512\"><path fill=\"currentColor\" d=\"M488 313v143c0 13-11 24-24 24H348c-7 0-12-5-12-12V356c0-7-5-12-12-12h-72c-7 0-12 5-12 12v112c0 7-5 12-12 12H112c-13 0-24-11-24-24V313c0-4 2-7 4-10l188-154c5-4 11-4 16 0l188 154c2 3 4 6 4 10zm84-61l-84-69V44c0-6-5-12-12-12h-56c-7 0-12 6-12 12v73l-89-74a48 48 0 00-61 0L4 252c-5 4-5 12-1 17l25 31c5 5 12 5 17 1l235-193c5-4 11-4 16 0l235 193c5 5 13 4 17-1l25-31c4-6 4-13-1-17z\"\/><\/svg><\/label><label><input aria-label=\"2\" type=\"radio\" name=\"kc_captcha\" value=\"bot\" \/><svg aria-hidden=\"true\" role=\"img\" xmlns=\"http:\/\/www.w3.org\/2000\/svg\" viewbox=\"0 0 576 512\"><path fill=\"currentColor\" d=\"M259 18l-65 132-146 22c-26 3-37 36-18 54l106 103-25 146c-5 26 23 46 46 33l131-68 131 68c23 13 51-7 46-33l-25-146 106-103c19-18 8-51-18-54l-146-22-65-132a32 32 0 00-58 0z\"\/><\/svg><\/label><label><input aria-label=\"3\" type=\"radio\" name=\"kc_captcha\" value=\"kc_human\" \/><svg aria-hidden=\"true\" role=\"img\" xmlns=\"http:\/\/www.w3.org\/2000\/svg\" viewbox=\"0 0 576 512\"><path fill=\"currentColor\" d=\"M472 200H360L256 6a12 12 0 00-10-6h-58c-8 0-14 7-12 15l34 185H100l-35-58a12 12 0 00-10-6H12c-8 0-13 7-12 14l21 106L0 362c-1 7 4 14 12 14h43c4 0 8-2 10-6l35-58h110l-34 185c-2 8 4 15 12 15h58a12 12 0 0010-6l104-194h112c57 0 104-25 104-56s-47-56-104-56z\"\/><\/svg><\/label>\r\n    <\/span>\r\n    <span style=\"display:none\">\r\n        <input type=\"text\" name=\"kc_honeypot\">\r\n    <\/span><\/span><\/span>\n\t<\/p>\n<\/div>\n<p><input class=\"wpcf7-form-control wpcf7-submit has-spinner\" type=\"submit\" value=\"Invia il tuo messaggio\" \/>\n<\/p><p style=\"display: none !important;\" class=\"akismet-fields-container\" data-prefix=\"_wpcf7_ak_\"><label>&#916;<textarea name=\"_wpcf7_ak_hp_textarea\" cols=\"45\" rows=\"8\" maxlength=\"100\"><\/textarea><\/label><input type=\"hidden\" id=\"ak_js_1\" name=\"_wpcf7_ak_js\" value=\"139\"\/><script>document.getElementById( \"ak_js_1\" ).setAttribute( \"value\", ( new Date() ).getTime() );<\/script><\/p><div class=\"wpcf7-response-output\" aria-hidden=\"true\"><\/div>\n<input type=\"hidden\" name=\"trp-form-language\" value=\"it\"\/><\/form>\n<\/div>\n<\/div>\n<p><!--5f39ae17-8c62-4a45-bc43-b32064c9388a:W3siYmxvY2tUeXBlIjoicGFyYWdyYXBoIiwic3R5bGVzIjp7ImFsaWduIjoibGVmdCIsImluZGVudCI6MCwidGV4dC1pbmRlbnQiOjAsImxpbmUtaGVpZ2h0IjoxLjc1fSwiYmxvY2tJZCI6IjQzMjItMTUyMTE4MzIwNDE4NiIsInJpY2hUZXh0Ijp7ImlzUmljaFRleHQiOnRydWUsImtlZXBMaW5lQnJlYWsiOnRydWUsImRhdGEiOlt7ImNoYXIiOiJbIn0seyJjaGFyIjoiYyJ9LHsiY2hhciI6Im8ifSx7ImNoYXIiOiJuIn0seyJjaGFyIjoidCJ9LHsiY2hhciI6ImEifSx7ImNoYXIiOiJjIn0seyJjaGFyIjoidCJ9LHsiY2hhciI6Ii0ifSx7ImNoYXIiOiJmIn0seyJjaGFyIjoibyJ9LHsiY2hhciI6InIifSx7ImNoYXIiOiJtIn0seyJjaGFyIjoiLSJ9LHsiY2hhciI6IjcifSx7ImNoYXIiOiIgIn0seyJjaGFyIjoiaSJ9LHsiY2hhciI6ImQifSx7ImNoYXIiOiI9In0seyJjaGFyIjoiXCIifSx7ImNoYXIiOiIxIn0seyJjaGFyIjoiOSJ9LHsiY2hhciI6IlwiIn0seyJjaGFyIjoiICJ9LHsiY2hhciI6InQifSx7ImNoYXIiOiJpIn0seyJjaGFyIjoidCJ9LHsiY2hhciI6ImwifSx7ImNoYXIiOiJlIn0seyJjaGFyIjoiPSJ9LHsiY2hhciI6IlwiIn0seyJjaGFyIjoiUyJ9LHsiY2hhciI6InUifSx7ImNoYXIiOiJzIn0seyJjaGFyIjoidCJ9LHsiY2hhciI6ImEifSx7ImNoYXIiOiJpIn0seyJjaGFyIjoibiJ9LHsiY2hhciI6ImEifSx7ImNoYXIiOiJiIn0seyJjaGFyIjoibCJ9LHsiY2hhciI6ImUifSx7ImNoYXIiOiIgIn0seyJjaGFyIjoiQyJ9LHsiY2hhciI6Im8ifSx7ImNoYXIiOiJuIn0seyJjaGFyIjoidCJ9LHsiY2hhciI6ImEifSx7ImNoYXIiOiJjIn0seyJjaGFyIjoidCJ9LHsiY2hhciI6IiAifSx7ImNoYXIiOiJQIn0seyJjaGFyIjoiYSJ9LHsiY2hhciI6ImcifSx7ImNoYXIiOiJlIn0seyJjaGFyIjoiXCIifSx7ImNoYXIiOiJdIn1dfX1d--><\/p>","protected":false},"excerpt":{"rendered":"<table id=\"tablepress-150\" class=\"tablepress tablepress-id-150\">\n<thead>\n<tr class=\"row-1\">\n\t<th class=\"column-1\">NOME DEL PRODOTTO<\/th><th class=\"column-2\">Tappo a vite finitura 700ML Vodka bottiglie di vetro liquore<\/th>\n<\/tr>\n<\/thead>\n<tbody class=\"row-striping row-hover\">\n<tr class=\"row-2\">\n\t<td class=\"column-1\">DIMENSIONE DELLA BOTTIGLIA<\/td><td class=\"column-2\">700ML<\/td>\n<\/tr>\n<tr class=\"row-3\">\n\t<td class=\"column-1\">MATERIALE<\/td><td class=\"column-2\">VETRO SUPER FLINT<\/td>\n<\/tr>\n<tr class=\"row-4\">\n\t<td class=\"column-1\">COLORE<\/td><td class=\"column-2\">CHIARO<\/td>\n<\/tr>\n<tr class=\"row-5\">\n\t<td class=\"column-1\">FINITURA DEL COLLO<\/td><td class=\"column-2\">TAPPO A VITE<\/td>\n<\/tr>\n<tr class=\"row-6\">\n\t<td class=\"column-1\">FORMA DELLA BOTTIGLIA<\/td><td class=\"column-2\">TONDO<\/td>\n<\/tr>\n<tr class=\"row-7\">\n\t<td class=\"column-1\">PESO DELLA BOTTIGLIA<\/td><td class=\"column-2\">750G<\/td>\n<\/tr>\n<tr class=\"row-8\">\n\t<td class=\"column-1\">ALTEZZA BOTTIGLIA<\/td><td class=\"column-2\">299MM<\/td>\n<\/tr>\n<tr class=\"row-9\">\n\t<td class=\"column-1\">BOTTIGLIA DI DIAMANTE<\/td><td class=\"column-2\">82,9MM<\/td>\n<\/tr>\n<tr class=\"row-10\">\n\t<td class=\"column-1\">BOTTIGLIA DI DIAMETRO RIDOTTO<\/td><td class=\"column-2\">75MM<\/td>\n<\/tr>\n<\/tbody>\n<\/table>\n<!-- #tablepress-150 from cache -->","protected":false},"featured_media":6102,"comment_status":"closed","ping_status":"closed","template":"","meta":[],"product_brand":[],"product_cat":[67],"product_tag":[],"class_list":{"0":"post-6101","1":"product","2":"type-product","3":"status-publish","4":"has-post-thumbnail","6":"product_cat-700ml-glass-bottles","7":"entry","8":"has-media","10":"first","11":"instock","12":"shipping-taxable","13":"product-type-simple"},"_links":{"self":[{"href":"https:\/\/glassbottlesmanufacturer.com\/it\/wp-json\/wp\/v2\/product\/6101","targetHints":{"allow":["GET"]}}],"collection":[{"href":"https:\/\/glassbottlesmanufacturer.com\/it\/wp-json\/wp\/v2\/product"}],"about":[{"href":"https:\/\/glassbottlesmanufacturer.com\/it\/wp-json\/wp\/v2\/types\/product"}],"replies":[{"embeddable":true,"href":"https:\/\/glassbottlesmanufacturer.com\/it\/wp-json\/wp\/v2\/comments?post=6101"}],"wp:featuredmedia":[{"embeddable":true,"href":"https:\/\/glassbottlesmanufacturer.com\/it\/wp-json\/wp\/v2\/media\/6102"}],"wp:attachment":[{"href":"https:\/\/glassbottlesmanufacturer.com\/it\/wp-json\/wp\/v2\/media?parent=6101"}],"wp:term":[{"taxonomy":"product_brand","embeddable":true,"href":"https:\/\/glassbottlesmanufacturer.com\/it\/wp-json\/wp\/v2\/product_brand?post=6101"},{"taxonomy":"product_cat","embeddable":true,"href":"https:\/\/glassbottlesmanufacturer.com\/it\/wp-json\/wp\/v2\/product_cat?post=6101"},{"taxonomy":"product_tag","embeddable":true,"href":"https:\/\/glassbottlesmanufacturer.com\/it\/wp-json\/wp\/v2\/product_tag?post=6101"}],"curies":[{"name":"wp","href":"https:\/\/api.w.org\/{rel}","templated":true}]}}