{"id":7036,"date":"2024-04-30T09:00:18","date_gmt":"2024-04-30T09:00:18","guid":{"rendered":"https:\/\/glassbottlesmanufacturer.com\/?post_type=product&#038;p=7036"},"modified":"2024-04-30T09:04:52","modified_gmt":"2024-04-30T09:04:52","slug":"700ml-striped-glass-bottle","status":"publish","type":"product","link":"https:\/\/glassbottlesmanufacturer.com\/it\/allingrosso\/700ml-striped-glass-bottle\/","title":{"rendered":"all'ingrosso 700ml Bottiglia di vetro a righe con finitura in sughero"},"content":{"rendered":"<p>La bottiglia di vetro a righe da 700 ml ha un'altezza molto elevata e diventa gradualmente pi\u00f9 ampia dal fondo della bottiglia alla spalla. La base in vetro della bottiglia di liquore ha uno spessore di 20 mm, che rende la bottiglia di alta qualit\u00e0. La finitura del piatto offre una variet\u00e0 di opzioni per il tappo, tra cui sughero sintetico, sughero di legno, sughero ad alto polimero e altro ancora.<\/p>\n<figure id=\"attachment_4368\" aria-describedby=\"caption-attachment-4368\" style=\"width: 980px\" class=\"wp-caption aligncenter\"><img loading=\"lazy\" decoding=\"async\" class=\"wp-image-4368 size-large\" title=\"Bottiglia da 750 ml per liquori di qualit\u00e0\" src=\"https:\/\/glassbottlesmanufacturer.com\/wp-content\/uploads\/2018\/02\/Glass-Bottle-Supplier-1024x411.jpg\" alt=\"Produttore di bottiglie di liquore\" width=\"980\" height=\"393\" srcset=\"https:\/\/glassbottlesmanufacturer.com\/wp-content\/uploads\/2018\/02\/Glass-Bottle-Supplier-1024x411.jpg 1024w, https:\/\/glassbottlesmanufacturer.com\/wp-content\/uploads\/2018\/02\/Glass-Bottle-Supplier-600x241.jpg 600w, https:\/\/glassbottlesmanufacturer.com\/wp-content\/uploads\/2018\/02\/Glass-Bottle-Supplier-300x120.jpg 300w, https:\/\/glassbottlesmanufacturer.com\/wp-content\/uploads\/2018\/02\/Glass-Bottle-Supplier-768x308.jpg 768w, https:\/\/glassbottlesmanufacturer.com\/wp-content\/uploads\/2018\/02\/Glass-Bottle-Supplier.jpg 1776w\" sizes=\"auto, (max-width: 980px) 100vw, 980px\" \/><figcaption id=\"caption-attachment-4368\" class=\"wp-caption-text\">Bottiglia di vetro a righe da 700 ml VETRINA DA ESCURSIONE<\/figcaption><\/figure>\n<h4>I dettagli della bottiglia di vetro a righe da 700 ml<\/h4>\n<figure id=\"attachment_4553\" aria-describedby=\"caption-attachment-4553\" style=\"width: 1740px\" class=\"wp-caption aligncenter\"><img loading=\"lazy\" decoding=\"async\" class=\"wp-image-4553 size-full\" title=\"bottiglia per liquore da 750 ml di forma rotonda\" src=\"https:\/\/glassbottlesmanufacturer.com\/wp-content\/uploads\/2018\/04\/750ml-liquor-bottle.jpg\" alt=\"bottiglia di vetro per liquori da 750 ml\" width=\"1740\" height=\"700\" srcset=\"https:\/\/glassbottlesmanufacturer.com\/wp-content\/uploads\/2018\/04\/750ml-liquor-bottle.jpg 1740w, https:\/\/glassbottlesmanufacturer.com\/wp-content\/uploads\/2018\/04\/750ml-liquor-bottle-600x241.jpg 600w, https:\/\/glassbottlesmanufacturer.com\/wp-content\/uploads\/2018\/04\/750ml-liquor-bottle-300x121.jpg 300w, https:\/\/glassbottlesmanufacturer.com\/wp-content\/uploads\/2018\/04\/750ml-liquor-bottle-768x309.jpg 768w, https:\/\/glassbottlesmanufacturer.com\/wp-content\/uploads\/2018\/04\/750ml-liquor-bottle-1024x412.jpg 1024w\" sizes=\"auto, (max-width: 1740px) 100vw, 1740px\" \/><figcaption id=\"caption-attachment-4553\" class=\"wp-caption-text\">Bottiglia di vetro a righe da 700 ml<\/figcaption><\/figure>\n<h4><strong>Applicazione della decorazione<\/strong><\/h4>\n<ul>\n<li>Il logo della decalcomania e della stampa sulla bottiglia di vetro a righe da 700 ml di design unico, l'OEM \u00e8 altamente benvenuto.<\/li>\n<li>Le bottiglie di vetro gelate stanno diventando popolari per le bottiglie di liquore.<\/li>\n<li>La goffratura \u00e8 ampiamente utilizzata per le bottiglie di vetro personalizzate di vodka, brandy, tequila e altri alcolici. Imprimiamo o incidiamo il marchio o il logo del cliente direttamente sul vetro, il che significa che lo stampo \u00e8 di propriet\u00e0 della distilleria.<\/li>\n<li>L'elettroplaccatura conferisce alle bottiglie di vetro una sensazione di lucentezza e brillantezza; questo tipo di bottiglie \u00e8 solitamente di costo elevato e destinato a mercati di alto livello.<\/li>\n<\/ul>\n<h4><strong>Shi<\/strong><strong>Informazioni sul trasporto<\/strong><\/h4>\n<p>Essendo una delle pi\u00f9 grandi fabbriche di bottiglie di vetro in Cina, forniamo scorte sufficienti per le bottiglie in vendita a caldo, per lo pi\u00f9 sono le nostre bottiglie di vetro standard. Quindi, gli ordini urgenti consegnati in 7-10 giorni sono disponibili per le stagioni di vendita calda, come la vendita di Natale e la vendita di Capodanno.<\/p>\n<ul>\n<li>Con oltre 10 anni di esperienza nella produzione di bottiglie di vetro, abbiamo sviluppato migliaia di modelli di bottiglie di vetro. Abbiamo diversi tipi di design di bottiglie per la scelta del cliente, per lo pi\u00f9 i clienti possono trovare le loro bottiglie di vetro preferite da HIKING esistono bottiglie, che sono pronti stampo. Il tempo di consegna per questi ordini \u00e8 di 25-30 giorni.<\/li>\n<li>Alcune distillerie possiedono bottiglie di liquore esclusive. In questo modo, se ci fornite il disegno della bottiglia di vetro, o un campione di bottiglia di vetro, o anche una foto della bottiglia di vetro, svilupperemo o copieremo la stessa bottiglia di vetro. Il tempo di realizzazione dello stampo \u00e8 di 15 giorni.<\/li>\n<\/ul>\n<h4><strong>Imballaggio di bottiglie di vetro<\/strong><\/h4>\n<ul>\n<li>L'imballaggio standard in cartone viene utilizzato per le bottiglie di vetro in stampa. \u00c8 presente un cartone per evitare l'attrito.<\/li>\n<li>L'imballaggio su pallet \u00e8 un metodo di movimentazione semplice per il carico e lo scarico delle bottiglie di vetro. \u00c8 anche il metodo di imballaggio pi\u00f9 economico per le bottiglie di alcolici.<\/li>\n<li>L'imballaggio di scatole colorate personalizzate \u00e8 il pi\u00f9 complicato per le bottiglie di vetro. I clienti forniscono le opere d'arte delle scatole, l'azienda di bottiglie di vetro fornisce bottiglie e scatole, che sono riutilizzabili dopo il riempimento.<\/li>\n<\/ul>\n<figure id=\"attachment_4365\" aria-describedby=\"caption-attachment-4365\" style=\"width: 1776px\" class=\"wp-caption aligncenter\"><img loading=\"lazy\" decoding=\"async\" class=\"wp-image-4365 size-full\" title=\"Produttore di bottiglie per liquori da 750 ml\" src=\"https:\/\/glassbottlesmanufacturer.com\/wp-content\/uploads\/2018\/02\/heise-1.png\" alt=\"Produttore di bottiglie per liquori da 750 ml - HIKING GLASS\" width=\"1776\" height=\"712\" srcset=\"https:\/\/glassbottlesmanufacturer.com\/wp-content\/uploads\/2018\/02\/heise-1.png 1776w, https:\/\/glassbottlesmanufacturer.com\/wp-content\/uploads\/2018\/02\/heise-1-600x241.png 600w, https:\/\/glassbottlesmanufacturer.com\/wp-content\/uploads\/2018\/02\/heise-1-300x120.png 300w, https:\/\/glassbottlesmanufacturer.com\/wp-content\/uploads\/2018\/02\/heise-1-768x308.png 768w, https:\/\/glassbottlesmanufacturer.com\/wp-content\/uploads\/2018\/02\/heise-1-1024x411.png 1024w\" sizes=\"auto, (max-width: 1776px) 100vw, 1776px\" \/><figcaption id=\"caption-attachment-4365\" class=\"wp-caption-text\">Bottiglia di vetro a righe da 700 ml - VETRINA DA ESCURSIONE<\/figcaption><\/figure>\n<p><!--more--><\/p>\n<h4>CONSIGLI della bottiglia di vetro a righe da 700 ml<\/h4>\n<p>I punti chiave dell'ispezione delle bottiglie di vetro.<\/p>\n<p>Terzo, l'ispezione della produzione<\/p>\n<p>1. Senza cambiare lo stampo, ogni 15 minuti, ogni stampo preleva 10 pezzi per il test del volume e del peso, e nel frattempo \u00e8 necessario rilevare il diametro interno ed esterno della bocca, perch\u00e9 la bocca \u00e8 facile da macchiare con l'olio, con il risultato che il coperchio non si sigilla correttamente e causa la fuoriuscita del liquido.<\/p>\n<p>2. Durante la produzione, gli stampi possono essere sostituiti con altri nuovi. Pertanto, dopo aver cambiato gli stampi, il reparto di produzione deve informare immediatamente l'ufficio di garanzia della qualit\u00e0. L'assistente alla qualit\u00e0 deve effettuare un'ispezione rigorosa sulle prime bottiglie prodotte con i nuovi stampi e l'ispezione della produzione, per evitare problemi di qualit\u00e0 causati da ispezioni mancate dovute al controllo della qualit\u00e0 dopo il cambio degli stampi.<\/p>\n<p><!--StartFragment --><\/p>\n<h4>Lascia il tuo messaggio per ricevere una risposta veloce su Bottiglia di vetro a righe da 700 ml<\/h4>\n\n<div class=\"wpcf7 no-js\" id=\"wpcf7-f19-o1\" lang=\"en-US\" dir=\"ltr\" data-wpcf7-id=\"19\">\n<div class=\"screen-reader-response\"><p role=\"status\" aria-live=\"polite\" aria-atomic=\"true\"><\/p> <ul><\/ul><\/div>\n<form action=\"\/it\/wp-json\/wp\/v2\/product\/7036#wpcf7-f19-o1\" method=\"post\" class=\"wpcf7-form init\" aria-label=\"Contact form\" novalidate=\"novalidate\" data-status=\"init\" data-trp-original-action=\"\/it\/wp-json\/wp\/v2\/product\/7036#wpcf7-f19-o1\">\n<fieldset class=\"hidden-fields-container\"><input type=\"hidden\" name=\"_wpcf7\" value=\"19\" \/><input type=\"hidden\" name=\"_wpcf7_version\" value=\"6.1.5\" \/><input type=\"hidden\" name=\"_wpcf7_locale\" value=\"en_US\" \/><input type=\"hidden\" name=\"_wpcf7_unit_tag\" value=\"wpcf7-f19-o1\" \/><input type=\"hidden\" name=\"_wpcf7_container_post\" value=\"0\" \/><input type=\"hidden\" name=\"_wpcf7_posted_data_hash\" value=\"\" \/><input type=\"hidden\" name=\"_wpcf7dtx_version\" value=\"5.0.5\" \/>\n<\/fieldset>\n<p hidden><span class=\"wpcf7-form-control-wrap dynamictext-312\" data-name=\"dynamictext-312\"><input type=\"text\" name=\"dynamictext-312\" class=\"wpcf7-form-control wpcf7-text wpcf7dtx wpcf7dtx-text\" aria-invalid=\"false\" value=\"Wholesale 700ml Striped Glass Bottle With Cork Finish\"><\/span>\n<\/p>\n<p><span class=\"wpcf7-form-control-wrap\" data-name=\"your-name\"><input size=\"40\" maxlength=\"400\" class=\"wpcf7-form-control wpcf7-text wpcf7-validates-as-required\" aria-required=\"true\" aria-invalid=\"false\" placeholder=\"Il tuo nome\" value=\"\" type=\"text\" name=\"your-name\" \/><\/span>\n<\/p>\n<p><span class=\"wpcf7-form-control-wrap\" data-name=\"your-email\"><input size=\"40\" maxlength=\"400\" class=\"wpcf7-form-control wpcf7-email wpcf7-validates-as-required wpcf7-text wpcf7-validates-as-email\" aria-required=\"true\" aria-invalid=\"false\" placeholder=\"Il tuo indirizzo e-mail\" value=\"\" type=\"email\" name=\"your-email\" \/><\/span>\n<\/p>\n<p><span class=\"wpcf7-form-control-wrap\" data-name=\"your-subject\"><input size=\"40\" maxlength=\"400\" class=\"wpcf7-form-control wpcf7-text wpcf7-validates-as-required\" aria-required=\"true\" aria-invalid=\"false\" placeholder=\"Oggetto del messaggio\" value=\"\" type=\"text\" name=\"your-subject\" \/><\/span>\n<\/p>\n<p><span class=\"wpcf7-form-control-wrap\" data-name=\"your-message\"><textarea cols=\"40\" rows=\"10\" maxlength=\"2000\" class=\"wpcf7-form-control wpcf7-textarea\" aria-invalid=\"false\" placeholder=\"Scrivi qui il tuo messaggio...\" name=\"your-message\"><\/textarea><\/span>\n<\/p>\n<div style=\"display:none\">\n\t<p><span class=\"wpcf7-form-control-wrap form-url\" data-name=\"form-url\"><input type=\"text\" name=\"form-url\" class=\"wpcf7-form-control wpcf7-text wpcf7dtx wpcf7dtx-text\" aria-invalid=\"false\" value=\"https:\/\/glassbottlesmanufacturer.com\/it\/it\/wp-json\/wp\/v2\/product\/7036\"><\/span>\n\t<\/p>\n<\/div>\n<div style=\"margin-bottom:10px;\">\n\t<p><span class=\"wpcf7-form-control-wrap kc_captcha\" data-name=\"kc_captcha\"><span class=\"wpcf7-form-control wpcf7-radio\"><span class=\"captcha-image\" ><span class=\"cf7ic_instructions\">Please prove you are human by selecting the<span> cup<\/span>.<\/span><label><input aria-label=\"1\" type=\"radio\" name=\"kc_captcha\" value=\"bot\" \/><svg aria-hidden=\"true\" role=\"img\" xmlns=\"http:\/\/www.w3.org\/2000\/svg\" viewbox=\"0 0 576 512\"><path fill=\"currentColor\" d=\"M415 24c-53 0-103 42-127 65-24-23-74-65-127-65C70 24 16 77 16 166c0 72 67 133 69 135l187 181c9 8 23 8 32 0l187-180c2-3 69-64 69-136 0-89-54-142-145-142z\"\/><\/svg><\/label><label><input aria-label=\"2\" type=\"radio\" name=\"kc_captcha\" value=\"kc_human\" \/><svg aria-hidden=\"true\" role=\"img\" xmlns=\"http:\/\/www.w3.org\/2000\/svg\" viewbox=\"0 0 640 512\"><path fill=\"currentColor\" d=\"M192 384h192c53 0 96-43 96-96h32a128 128 0 000-256H120c-13 0-24 11-24 24v232c0 53 43 96 96 96zM512 96a64 64 0 010 128h-32V96h32zm48 384H48c-47 0-61-64-36-64h584c25 0 11 64-36 64z\"\/><\/svg><\/label><label><input aria-label=\"3\" type=\"radio\" name=\"kc_captcha\" value=\"bot\" \/><svg aria-hidden=\"true\" role=\"img\" xmlns=\"http:\/\/www.w3.org\/2000\/svg\" viewbox=\"0 0 576 512\"><path fill=\"currentColor\" d=\"M472 200H360L256 6a12 12 0 00-10-6h-58c-8 0-14 7-12 15l34 185H100l-35-58a12 12 0 00-10-6H12c-8 0-13 7-12 14l21 106L0 362c-1 7 4 14 12 14h43c4 0 8-2 10-6l35-58h110l-34 185c-2 8 4 15 12 15h58a12 12 0 0010-6l104-194h112c57 0 104-25 104-56s-47-56-104-56z\"\/><\/svg><\/label>\r\n    <\/span>\r\n    <span style=\"display:none\">\r\n        <input type=\"text\" name=\"kc_honeypot\">\r\n    <\/span><\/span><\/span>\n\t<\/p>\n<\/div>\n<p><input class=\"wpcf7-form-control wpcf7-submit has-spinner\" type=\"submit\" value=\"Invia il tuo messaggio\" \/>\n<\/p><p style=\"display: none !important;\" class=\"akismet-fields-container\" data-prefix=\"_wpcf7_ak_\"><label>&#916;<textarea name=\"_wpcf7_ak_hp_textarea\" cols=\"45\" rows=\"8\" maxlength=\"100\"><\/textarea><\/label><input type=\"hidden\" id=\"ak_js_1\" name=\"_wpcf7_ak_js\" value=\"113\"\/><script>document.getElementById( \"ak_js_1\" ).setAttribute( \"value\", ( new Date() ).getTime() );<\/script><\/p><div class=\"wpcf7-response-output\" aria-hidden=\"true\"><\/div>\n<input type=\"hidden\" name=\"trp-form-language\" value=\"it\"\/><\/form>\n<\/div>","protected":false},"excerpt":{"rendered":"<table id=\"tablepress-270\" class=\"tablepress tablepress-id-270\">\n<thead>\n<tr class=\"row-1\">\n\t<th class=\"column-1\">Nome del prodotto<\/th><th class=\"column-2\">Bottiglia di vetro a righe da 700 ml<\/th>\n<\/tr>\n<\/thead>\n<tbody class=\"row-striping row-hover\">\n<tr class=\"row-2\">\n\t<td class=\"column-1\">DIMENSIONE DELLA BOTTIGLIA<\/td><td class=\"column-2\">700 ML<\/td>\n<\/tr>\n<tr class=\"row-3\">\n\t<td class=\"column-1\">MATERIALE<\/td><td class=\"column-2\">VETRO SUPER FLINT<\/td>\n<\/tr>\n<tr class=\"row-4\">\n\t<td class=\"column-1\">COLORE<\/td><td class=\"column-2\">CHIARO<\/td>\n<\/tr>\n<tr class=\"row-5\">\n\t<td class=\"column-1\">FINITURA DEL COLLO<\/td><td class=\"column-2\">TOP DI CORK<\/td>\n<\/tr>\n<tr class=\"row-6\">\n\t<td class=\"column-1\">FORMA DELLA BOTTIGLIA<\/td><td class=\"column-2\">UNICO<\/td>\n<\/tr>\n<tr class=\"row-7\">\n\t<td class=\"column-1\">PESO DELLA BOTTIGLIA<\/td><td class=\"column-2\">680G<\/td>\n<\/tr>\n<tr class=\"row-8\">\n\t<td class=\"column-1\">ALTEZZA BOTTIGLIA<\/td><td class=\"column-2\">225MM<\/td>\n<\/tr>\n<tr class=\"row-9\">\n\t<td class=\"column-1\">DIAMETRO DELLA BOTTIGLIA<\/td><td class=\"column-2\">80.6MM<\/td>\n<\/tr>\n<\/tbody>\n<\/table>","protected":false},"featured_media":7037,"comment_status":"closed","ping_status":"closed","template":"","meta":[],"product_brand":[],"product_cat":[67],"product_tag":[90],"class_list":{"0":"post-7036","1":"product","2":"type-product","3":"status-publish","4":"has-post-thumbnail","6":"product_cat-700ml-glass-bottles","7":"product_tag-700ml-glass-bottle","8":"entry","9":"has-media","11":"first","12":"instock","13":"shipping-taxable","14":"product-type-simple"},"_links":{"self":[{"href":"https:\/\/glassbottlesmanufacturer.com\/it\/wp-json\/wp\/v2\/product\/7036","targetHints":{"allow":["GET"]}}],"collection":[{"href":"https:\/\/glassbottlesmanufacturer.com\/it\/wp-json\/wp\/v2\/product"}],"about":[{"href":"https:\/\/glassbottlesmanufacturer.com\/it\/wp-json\/wp\/v2\/types\/product"}],"replies":[{"embeddable":true,"href":"https:\/\/glassbottlesmanufacturer.com\/it\/wp-json\/wp\/v2\/comments?post=7036"}],"wp:featuredmedia":[{"embeddable":true,"href":"https:\/\/glassbottlesmanufacturer.com\/it\/wp-json\/wp\/v2\/media\/7037"}],"wp:attachment":[{"href":"https:\/\/glassbottlesmanufacturer.com\/it\/wp-json\/wp\/v2\/media?parent=7036"}],"wp:term":[{"taxonomy":"product_brand","embeddable":true,"href":"https:\/\/glassbottlesmanufacturer.com\/it\/wp-json\/wp\/v2\/product_brand?post=7036"},{"taxonomy":"product_cat","embeddable":true,"href":"https:\/\/glassbottlesmanufacturer.com\/it\/wp-json\/wp\/v2\/product_cat?post=7036"},{"taxonomy":"product_tag","embeddable":true,"href":"https:\/\/glassbottlesmanufacturer.com\/it\/wp-json\/wp\/v2\/product_tag?post=7036"}],"curies":[{"name":"wp","href":"https:\/\/api.w.org\/{rel}","templated":true}]}}