{"id":7351,"date":"2024-05-29T06:41:26","date_gmt":"2024-05-29T06:41:26","guid":{"rendered":"https:\/\/glassbottlesmanufacturer.com\/?page_id=7351"},"modified":"2026-01-29T09:11:02","modified_gmt":"2026-01-29T09:11:02","slug":"design-personalizado-de-garrafas","status":"publish","type":"page","link":"https:\/\/glassbottlesmanufacturer.com\/pt\/design-personalizado-de-garrafas\/","title":{"rendered":"Design personalizado da garrafa"},"content":{"rendered":"<div class=\"wpb-content-wrapper\"><div class=\"vc_row wpb_row vc_row-fluid vc_custom_1633802734629 vc_row-o-equal-height vc_row-flex wpex-vc-has-custom-column-spacing wpex-vc-column-spacing-50\"><div class=\"wpb_column vc_column_container vc_col-sm-6\"><div class=\"vc_column-inner\"><div class=\"wpb_wrapper\"><figure class=\"vcex-image vcex-module\"><div class=\"vcex-image-inner wpex-relative wpex-inline-block vc_custom_1716966043674\"><img width=\"664\" height=\"664\" src=\"https:\/\/glassbottlesmanufacturer.com\/wp-content\/uploads\/2024\/05\/\u5fae\u4fe1\u622a\u56fe_202405291458071.webp\" class=\"vcex-image-img wpex-align-middle\" alt=\"Design personalizado da garrafa\" loading=\"lazy\" decoding=\"async\" srcset=\"https:\/\/glassbottlesmanufacturer.com\/wp-content\/uploads\/2024\/05\/\u5fae\u4fe1\u622a\u56fe_202405291458071.webp 664w, https:\/\/glassbottlesmanufacturer.com\/wp-content\/uploads\/2024\/05\/\u5fae\u4fe1\u622a\u56fe_202405291458071-300x300.webp 300w, https:\/\/glassbottlesmanufacturer.com\/wp-content\/uploads\/2024\/05\/\u5fae\u4fe1\u622a\u56fe_202405291458071-150x150.webp 150w, https:\/\/glassbottlesmanufacturer.com\/wp-content\/uploads\/2024\/05\/\u5fae\u4fe1\u622a\u56fe_202405291458071-600x600.webp 600w, https:\/\/glassbottlesmanufacturer.com\/wp-content\/uploads\/2024\/05\/\u5fae\u4fe1\u622a\u56fe_202405291458071-100x100.webp 100w\" sizes=\"auto, (max-width: 664px) 100vw, 664px\" \/><\/div><\/figure><\/div><\/div><\/div><div class=\"wpb_column vc_column_container vc_col-sm-6\"><div class=\"vc_column-inner\"><div class=\"wpb_wrapper\"><style>.vcex-list_item.vcex_69d2878704eb1{color:#777777;font-weight:400;}.vcex-list_item.vcex_69d2878704eb1 .vcex-list-item-icon-inner{color:#4eb331;}<\/style><div class=\"vcex-list_item vcex-module wpex-m-0 wpex-max-w-100 wpex-mb-15 vcex_69d2878704eb1\"><div class=\"vcex-list-item-inner wpex-inline-flex wpex-flex-no-wrap\"><div class=\"vcex-list-item-icon wpex-mr-10\"><div class=\"vcex-list-item-icon-inner vcex-icon-wrap wpex-inline-flex wpex-justify-center wpex-items-center wpex-leading-none wpex-child-inherit-color\"><\/div><\/div><div class=\"vcex-list-item-text vcex-content wpex-flex-grow\">Nossos servi\u00e7os<\/div><\/div><\/div><style>.vcex-heading.vcex_69d2878705df0{color:#4c4c4c;font-size:40px;font-family:system-ui, -apple-system, BlinkMacSystemFont, \"Segoe UI\", Roboto, \"Helvetica Neue\", Arial, \"Noto Sans\", sans-serif, \"Apple Color Emoji\", \"Segoe UI Emoji\", \"Segoe UI Symbol\", \"Noto Color Emoji\";font-weight:800;}.vcex-heading.vcex_69d2878705df0:hover{color:#01b2a8;}<\/style><h2 class=\"vcex-heading vcex-heading-plain vcex-module wpex-heading wpex-text-2xl vcex_69d2878705df0\"><span class=\"vcex-heading-inner wpex-inline-block\">Design personalizado da garrafa<\/span><\/h2><div class=\"vcex-module vcex-divider vcex-divider-solid vcex-divider-center wpex-mx-auto wpex-block wpex-h-0 wpex-border-b wpex-border-solid wpex-border-main\" style=\"margin-block:50px;border-color:#e0e0e0;\"><\/div>\n\t<div style=\"font-family:system-ui, -apple-system, BlinkMacSystemFont, \"segoe ui\", roboto, \"helvetica neue\", arial, \"noto sans\", sans-serif, \"apple color emoji\", \"segoe ui symbol\", emoji\";font-size:1.2em;font-weight:700;\" class =\"wpb_text_column wpb_content_element\" >\n\t\t<div class=\"wpb_wrapper\">\n\t\t\t<p>Temos uma equipe profissional de desenvolvedores de produtos, cada garrafa come\u00e7a como uma ideia moldada pela ess\u00eancia do luxo. A meticulosidade \u00e9 o nosso mantra, guiando as m\u00e3os experientes que esculpem, os olhos perspicazes que inspecionam e os cora\u00e7\u00f5es apaixonados que aspiram ao extraordin\u00e1rio.<\/p>\n<p>No centro do nosso ethos est\u00e1 um regime de controle de qualidade implac\u00e1vel. Acreditamos que a jornada para a perfei\u00e7\u00e3o \u00e9 pavimentada com precis\u00e3o. Assim, todas as curvas, contornos e tampas s\u00e3o submetidos a um exame rigoroso, garantindo que, quando o seu vinho encontra a nossa garrafa, apenas o melhor est\u00e1 garantido.<\/p>\n\n\t\t<\/div>\n\t<\/div>\n<div class=\"vcex-spacing wpex-w-100 wpex-clear\" style=\"height:50px;\"><\/div><style>.vcex-button.vcex_69d2878707a32{background:#01b2a8;}.vcex-button.vcex_69d2878707a32:hover{background:#4eb331!important;}<\/style><a href=\"https:\/\/glassbottlesmanufacturer.com\/pt\/contato\/\" class=\"vcex-button theme-button inline vcex_69d2878707a32\"><span class=\"vcex-button-inner theme-button-inner wpex-flex wpex-flex-wrap wpex-items-center wpex-justify-center\">Obter uma cota\u00e7\u00e3o<\/span><\/a> <\/div><\/div><\/div><\/div><div class=\"vc_row wpb_row vc_row-fluid vc_custom_1627253976873 no-bottom-margins\"><div class=\"wpb_column vc_column_container vc_col-sm-12\"><div class=\"vc_column-inner\"><div class=\"wpb_wrapper\"><style>.vcex-heading.vcex_69d28787088d7{color:#4c4c4c;font-size:40px;font-family:system-ui, -apple-system, BlinkMacSystemFont, \"Segoe UI\", Roboto, \"Helvetica Neue\", Arial, \"Noto Sans\", sans-serif, \"Apple Color Emoji\", \"Segoe UI Emoji\", \"Segoe UI Symbol\", \"Noto Color Emoji\";font-weight:800;}.vcex-heading.vcex_69d28787088d7:hover{color:#01b2a8;}<\/style><h2 class=\"vcex-heading vcex-heading-plain vcex-module wpex-heading wpex-text-2xl wpex-text-center vcex_69d28787088d7\"><span class=\"vcex-heading-inner wpex-inline-block\">A garrafa permite v\u00e1rias personaliza\u00e7\u00f5es<\/span><\/h2><div class=\"vcex-spacing wpex-w-100 wpex-clear\" style=\"height:40px;\"><\/div>\n\t<div style=\"text-align:center;width:1200px;\" class=\"wpb_text_column wpex-max-w-100 wpex-mx-auto wpb_content_element\" >\n\t\t<div class=\"wpb_wrapper\">\n\t\t\t<p><span class=\"wpex-text-lg\">Eleve o n\u00edvel de seu produto com nossa variedade de op\u00e7\u00f5es de personaliza\u00e7\u00e3o. Escolha entre uma variedade de acabamentos de alta qualidade, incluindo glac\u00ea, colora\u00e7\u00e3o e texturas especializadas. Acrescente seu toque diferenciado com logotipos e r\u00f3tulos personalizados para obter uma garrafa que se destaque em qualquer prateleira.<\/span><\/p>\n\n\t\t<\/div>\n\t<\/div>\n<div class=\"vcex-spacing wpex-w-100 wpex-clear\" style=\"height:40px;\"><\/div><style>.vcex-grid-container.vcex_69d2878709314{gap:35px;}<\/style><div class=\"vcex-grid-container vcex-module wpex-grid wpex-gap-20 wpex-grid-cols-1 wpex-lg-grid-cols-3 vcex_69d2878709314\"><style>.vcex-teaser.vcex_69d28787099b6 .vcex-teaser-heading{font-size:2em;font-family:system-ui, -apple-system, BlinkMacSystemFont, \"Segoe UI\", Roboto, \"Helvetica Neue\", Arial, \"Noto Sans\", sans-serif, \"Apple Color Emoji\", \"Segoe UI Emoji\", \"Segoe UI Symbol\", \"Noto Color Emoji\";color:#4c4c4c;}<\/style><div class=\"vcex-module vcex-teaser vcex-teaser-four wpex-flex wpex-flex-col wpex-text-center wpex-border wpex-border-solid wpex-border-main vc_custom_1716968916076 vcex_69d28787099b6\"><div class=\"vcex-teaser-media\"><img width=\"1000\" height=\"1000\" src=\"https:\/\/glassbottlesmanufacturer.com\/wp-content\/uploads\/2024\/05\/engraving.webp\" class=\"wpex-align-middle\" alt=\"Grava\u00e7\u00e3o\" loading=\"lazy\" decoding=\"async\" srcset=\"https:\/\/glassbottlesmanufacturer.com\/wp-content\/uploads\/2024\/05\/engraving.webp 1000w, https:\/\/glassbottlesmanufacturer.com\/wp-content\/uploads\/2024\/05\/engraving-300x300.webp 300w, https:\/\/glassbottlesmanufacturer.com\/wp-content\/uploads\/2024\/05\/engraving-150x150.webp 150w, https:\/\/glassbottlesmanufacturer.com\/wp-content\/uploads\/2024\/05\/engraving-768x768.webp 768w, https:\/\/glassbottlesmanufacturer.com\/wp-content\/uploads\/2024\/05\/engraving-600x600.webp 600w, https:\/\/glassbottlesmanufacturer.com\/wp-content\/uploads\/2024\/05\/engraving-100x100.webp 100w\" sizes=\"auto, (max-width: 1000px) 100vw, 1000px\" \/><\/div><div class=\"vcex-teaser-content wpex-p-20\"><h2 class=\"vcex-teaser-heading wpex-heading wpex-text-xl\">Grava\u00e7\u00e3o<\/h2><\/div><\/div><style>.vcex-teaser.vcex_69d287870a67c .vcex-teaser-heading{font-size:2em;font-family:system-ui, -apple-system, BlinkMacSystemFont, \"Segoe UI\", Roboto, \"Helvetica Neue\", Arial, \"Noto Sans\", sans-serif, \"Apple Color Emoji\", \"Segoe UI Emoji\", \"Segoe UI Symbol\", \"Noto Color Emoji\";color:#4c4c4c;}<\/style><div class=\"vcex-module vcex-teaser vcex-teaser-four wpex-flex wpex-flex-col wpex-text-center wpex-border wpex-border-solid wpex-border-main vc_custom_1716968867669 vcex_69d287870a67c\"><div class=\"vcex-teaser-media\"><img width=\"1000\" height=\"1000\" src=\"https:\/\/glassbottlesmanufacturer.com\/wp-content\/uploads\/2024\/05\/printing.webp\" class=\"wpex-align-middle\" alt=\"Impress\u00e3o\" loading=\"lazy\" decoding=\"async\" srcset=\"https:\/\/glassbottlesmanufacturer.com\/wp-content\/uploads\/2024\/05\/printing.webp 1000w, https:\/\/glassbottlesmanufacturer.com\/wp-content\/uploads\/2024\/05\/printing-300x300.webp 300w, https:\/\/glassbottlesmanufacturer.com\/wp-content\/uploads\/2024\/05\/printing-150x150.webp 150w, https:\/\/glassbottlesmanufacturer.com\/wp-content\/uploads\/2024\/05\/printing-768x768.webp 768w, https:\/\/glassbottlesmanufacturer.com\/wp-content\/uploads\/2024\/05\/printing-600x600.webp 600w, https:\/\/glassbottlesmanufacturer.com\/wp-content\/uploads\/2024\/05\/printing-100x100.webp 100w\" sizes=\"auto, (max-width: 1000px) 100vw, 1000px\" \/><\/div><div class=\"vcex-teaser-content wpex-p-20\"><h2 class=\"vcex-teaser-heading wpex-heading wpex-text-xl\">Impress\u00e3o<\/h2><\/div><\/div><style>.vcex-teaser.vcex_69d287870b25f .vcex-teaser-heading{font-size:2em;font-family:system-ui, -apple-system, BlinkMacSystemFont, \"Segoe UI\", Roboto, \"Helvetica Neue\", Arial, \"Noto Sans\", sans-serif, \"Apple Color Emoji\", \"Segoe UI Emoji\", \"Segoe UI Symbol\", \"Noto Color Emoji\";color:#4c4c4c;}<\/style><div class=\"vcex-module vcex-teaser vcex-teaser-four wpex-flex wpex-flex-col wpex-text-center wpex-border wpex-border-solid wpex-border-main vc_custom_1716968881677 vcex_69d287870b25f\"><div class=\"vcex-teaser-media\"><img width=\"1000\" height=\"1000\" src=\"https:\/\/glassbottlesmanufacturer.com\/wp-content\/uploads\/2024\/05\/real-gold-printing.webp\" class=\"wpex-align-middle\" alt=\"Impress\u00e3o em ouro real\" loading=\"lazy\" decoding=\"async\" srcset=\"https:\/\/glassbottlesmanufacturer.com\/wp-content\/uploads\/2024\/05\/real-gold-printing.webp 1000w, https:\/\/glassbottlesmanufacturer.com\/wp-content\/uploads\/2024\/05\/real-gold-printing-300x300.webp 300w, https:\/\/glassbottlesmanufacturer.com\/wp-content\/uploads\/2024\/05\/real-gold-printing-150x150.webp 150w, https:\/\/glassbottlesmanufacturer.com\/wp-content\/uploads\/2024\/05\/real-gold-printing-768x768.webp 768w, https:\/\/glassbottlesmanufacturer.com\/wp-content\/uploads\/2024\/05\/real-gold-printing-600x600.webp 600w, https:\/\/glassbottlesmanufacturer.com\/wp-content\/uploads\/2024\/05\/real-gold-printing-100x100.webp 100w\" sizes=\"auto, (max-width: 1000px) 100vw, 1000px\" \/><\/div><div class=\"vcex-teaser-content wpex-p-20\"><h2 class=\"vcex-teaser-heading wpex-heading wpex-text-xl\">Impress\u00e3o em ouro real<\/h2><\/div><\/div><\/div><style>.vcex-grid-container.vcex_69d287870bad7{gap:35px;}<\/style><div class=\"vcex-grid-container vcex-module wpex-grid wpex-gap-20 wpex-grid-cols-1 wpex-lg-grid-cols-3 vcex_69d287870bad7\"><style>.vcex-teaser.vcex_69d287870c153 .vcex-teaser-heading{font-size:2em;font-family:system-ui, -apple-system, BlinkMacSystemFont, \"Segoe UI\", Roboto, \"Helvetica Neue\", Arial, \"Noto Sans\", sans-serif, \"Apple Color Emoji\", \"Segoe UI Emoji\", \"Segoe UI Symbol\", \"Noto Color Emoji\";color:#4c4c4c;}<\/style><div class=\"vcex-module vcex-teaser vcex-teaser-four wpex-flex wpex-flex-col wpex-text-center wpex-border wpex-border-solid wpex-border-main vc_custom_1716968948380 vcex_69d287870c153\"><div class=\"vcex-teaser-media\"><img width=\"1000\" height=\"1000\" src=\"https:\/\/glassbottlesmanufacturer.com\/wp-content\/uploads\/2024\/05\/Electroplating.webp\" class=\"wpex-align-middle\" alt=\"Galvanoplastia\" loading=\"lazy\" decoding=\"async\" srcset=\"https:\/\/glassbottlesmanufacturer.com\/wp-content\/uploads\/2024\/05\/Electroplating.webp 1000w, https:\/\/glassbottlesmanufacturer.com\/wp-content\/uploads\/2024\/05\/Electroplating-300x300.webp 300w, https:\/\/glassbottlesmanufacturer.com\/wp-content\/uploads\/2024\/05\/Electroplating-150x150.webp 150w, https:\/\/glassbottlesmanufacturer.com\/wp-content\/uploads\/2024\/05\/Electroplating-768x768.webp 768w, https:\/\/glassbottlesmanufacturer.com\/wp-content\/uploads\/2024\/05\/Electroplating-600x600.webp 600w, https:\/\/glassbottlesmanufacturer.com\/wp-content\/uploads\/2024\/05\/Electroplating-100x100.webp 100w\" sizes=\"auto, (max-width: 1000px) 100vw, 1000px\" \/><\/div><div class=\"vcex-teaser-content wpex-p-20\"><h2 class=\"vcex-teaser-heading wpex-heading wpex-text-xl\">Galvanoplastia<\/h2><\/div><\/div><style>.vcex-teaser.vcex_69d287870cd4a .vcex-teaser-heading{font-size:2em;font-family:system-ui, -apple-system, BlinkMacSystemFont, \"Segoe UI\", Roboto, \"Helvetica Neue\", Arial, \"Noto Sans\", sans-serif, \"Apple Color Emoji\", \"Segoe UI Emoji\", \"Segoe UI Symbol\", \"Noto Color Emoji\";color:#4c4c4c;}<\/style><div class=\"vcex-module vcex-teaser vcex-teaser-four wpex-flex wpex-flex-col wpex-text-center wpex-border wpex-border-solid wpex-border-main vc_custom_1716968796490 vcex_69d287870cd4a\"><div class=\"vcex-teaser-media\"><img width=\"1000\" height=\"1000\" src=\"https:\/\/glassbottlesmanufacturer.com\/wp-content\/uploads\/2024\/05\/spraying.webp\" class=\"wpex-align-middle\" alt=\"Pulveriza\u00e7\u00e3o\" loading=\"lazy\" decoding=\"async\" srcset=\"https:\/\/glassbottlesmanufacturer.com\/wp-content\/uploads\/2024\/05\/spraying.webp 1000w, https:\/\/glassbottlesmanufacturer.com\/wp-content\/uploads\/2024\/05\/spraying-300x300.webp 300w, https:\/\/glassbottlesmanufacturer.com\/wp-content\/uploads\/2024\/05\/spraying-150x150.webp 150w, https:\/\/glassbottlesmanufacturer.com\/wp-content\/uploads\/2024\/05\/spraying-768x768.webp 768w, https:\/\/glassbottlesmanufacturer.com\/wp-content\/uploads\/2024\/05\/spraying-600x600.webp 600w, https:\/\/glassbottlesmanufacturer.com\/wp-content\/uploads\/2024\/05\/spraying-100x100.webp 100w\" sizes=\"auto, (max-width: 1000px) 100vw, 1000px\" \/><\/div><div class=\"vcex-teaser-content wpex-p-20\"><h2 class=\"vcex-teaser-heading wpex-heading wpex-text-xl\">Pulveriza\u00e7\u00e3o<\/h2><\/div><\/div><style>.vcex-teaser.vcex_69d287870d963 .vcex-teaser-heading{font-size:2em;font-family:system-ui, -apple-system, BlinkMacSystemFont, \"Segoe UI\", Roboto, \"Helvetica Neue\", Arial, \"Noto Sans\", sans-serif, \"Apple Color Emoji\", \"Segoe UI Emoji\", \"Segoe UI Symbol\", \"Noto Color Emoji\";color:#4c4c4c;}<\/style><div class=\"vcex-module vcex-teaser vcex-teaser-four wpex-flex wpex-flex-col wpex-text-center wpex-border wpex-border-solid wpex-border-main vc_custom_1716968747197 vcex_69d287870d963\"><div class=\"vcex-teaser-media\"><img width=\"1000\" height=\"1000\" src=\"https:\/\/glassbottlesmanufacturer.com\/wp-content\/uploads\/2024\/05\/real-silver-printing.webp\" class=\"wpex-align-middle\" alt=\"Impress\u00e3o em prata real\" loading=\"lazy\" decoding=\"async\" srcset=\"https:\/\/glassbottlesmanufacturer.com\/wp-content\/uploads\/2024\/05\/real-silver-printing.webp 1000w, https:\/\/glassbottlesmanufacturer.com\/wp-content\/uploads\/2024\/05\/real-silver-printing-300x300.webp 300w, https:\/\/glassbottlesmanufacturer.com\/wp-content\/uploads\/2024\/05\/real-silver-printing-150x150.webp 150w, https:\/\/glassbottlesmanufacturer.com\/wp-content\/uploads\/2024\/05\/real-silver-printing-768x768.webp 768w, https:\/\/glassbottlesmanufacturer.com\/wp-content\/uploads\/2024\/05\/real-silver-printing-600x600.webp 600w, https:\/\/glassbottlesmanufacturer.com\/wp-content\/uploads\/2024\/05\/real-silver-printing-100x100.webp 100w\" sizes=\"auto, (max-width: 1000px) 100vw, 1000px\" \/><\/div><div class=\"vcex-teaser-content wpex-p-20\"><h2 class=\"vcex-teaser-heading wpex-heading wpex-text-xl\">Impress\u00e3o em prata real<\/h2><\/div><\/div><\/div><\/div><\/div><\/div><\/div><div data-vc-full-width=\"true\" data-vc-full-width-init=\"false\" class=\"vc_row wpb_row vc_row-fluid vc_custom_1626757548607 vc_row-o-content-middle vc_row-flex wpex-vc_row-has-fill wpex-vc-row-stretched no-bottom-margins\"><div class=\"wpb_column vc_column_container vc_col-sm-12\"><div class=\"vc_column-inner\"><div class=\"wpb_wrapper\"><div class=\"vcex-spacing wpex-w-100 wpex-clear\" style=\"height:5px;\"><\/div><style>.vcex-heading.vcex_69d287870ec42{width:700px;color:#4c4c4c;font-size:40px;font-family:system-ui, -apple-system, BlinkMacSystemFont, \"Segoe UI\", Roboto, \"Helvetica Neue\", Arial, \"Noto Sans\", sans-serif, \"Apple Color Emoji\", \"Segoe UI Emoji\", \"Segoe UI Symbol\", \"Noto Color Emoji\";font-weight:800;line-height:125%;}.vcex-heading.vcex_69d287870ec42:hover{color:#01b2a8;}@media (max-width:767px){.vcex-heading.vcex_69d287870ec42{font-size:35px;}}<\/style><h2 class=\"vcex-heading vcex-heading-plain vcex-module wpex-heading wpex-text-2xl wpex-text-center wpex-max-w-100 wpex-mx-auto vcex_69d287870ec42\"><span class=\"vcex-heading-inner wpex-inline-block\">Suporte gratuito ao design<\/span><\/h2><div class=\"vcex-spacing wpex-w-100 wpex-clear\" style=\"height:35px;\"><\/div>\n\t<div style=\"text-align:center;\" class=\"wpb_text_column wpb_content_element\" >\n\t\t<div class=\"wpb_wrapper\">\n\t\t\t<p><span class=\"wpex-text-3xl\">Se voc\u00ea determinar a capacidade e o n\u00famero de garrafas e a ideia das garrafas, <\/span><\/p>\n<p><span class=\"wpex-text-3xl\">Podemos lhe fornecer um desenho, essa etapa \u00e9 gratuita!<\/span><\/p>\n\n\t\t<\/div>\n\t<\/div>\n<div class=\"vcex-spacing wpex-w-100 wpex-clear\" style=\"height:50px;\"><\/div><style>.vcex-button.vcex_69d287870fb54{border-radius:9999px;padding-block:14px;padding-inline:24px;border:2px solid currentColor;font-size:12px;font-weight:700;text-transform:uppercase;letter-spacing:1px;}.vcex-button.vcex_69d287870fb54 .theme-button-icon-right{--wpex-btn-icon-animate-h:5px;}<\/style><div class=\"theme-button-wrap textcenter wpex-clr\"><a href=\"https:\/\/glassbottlesmanufacturer.com\/pt\/contato\/\" class=\"vcex-button theme-button outline align-center inline vcex_69d287870fb54\"><span class=\"vcex-button-inner theme-button-inner wpex-flex wpex-flex-wrap wpex-items-center wpex-justify-center\">Entre em contato conosco<\/span><\/a><\/div> <\/div><\/div><\/div><\/div><div class=\"vc_row-full-width vc_clearfix\"><\/div><div data-vc-full-width=\"true\" data-vc-full-width-init=\"false\" class=\"vc_section vc_custom_1716969872115 wpex-vc_section-has-fill wpex-vc-row-stretched\"><div class=\"vc_row wpb_row vc_row-fluid\"><div class=\"wpb_column vc_column_container vc_col-sm-12\"><div class=\"vc_column-inner\"><div class=\"wpb_wrapper\"><style>.vcex-heading.vcex_69d2878710b49{color:#4c4c4c;font-size:40px;font-family:system-ui, -apple-system, BlinkMacSystemFont, \"Segoe UI\", Roboto, \"Helvetica Neue\", Arial, \"Noto Sans\", sans-serif, \"Apple Color Emoji\", \"Segoe UI Emoji\", \"Segoe UI Symbol\", \"Noto Color Emoji\";font-weight:800;}.vcex-heading.vcex_69d2878710b49:hover{color:#01b2a8;}<\/style><div class=\"vcex-heading vcex-heading-plain vcex-module wpex-heading wpex-text-2xl wpex-text-center vcex_69d2878710b49\"><span class=\"vcex-heading-inner wpex-inline-block\">Cat\u00e1logo de garrafas de vidro<\/span><\/div><div class=\"vcex-spacing wpex-w-100 wpex-clear\" style=\"height:20px;\"><\/div><\/div><\/div><\/div><\/div><div class=\"vc_row wpb_row vc_row-fluid vc_column-gap-35\"><div class=\"wpb_column vc_column_container vc_col-sm-4 wpex-vc_col-has-fill\"><div class=\"vc_column-inner wpex-shadow-lg vc_custom_1631742011400\"><div class=\"wpb_wrapper\"><style>.vcex-heading.vcex_69d2878711ab0{color:#4c4c4c;font-size:2em;font-family:system-ui, -apple-system, BlinkMacSystemFont, \"Segoe UI\", Roboto, \"Helvetica Neue\", Arial, \"Noto Sans\", sans-serif, \"Apple Color Emoji\", \"Segoe UI Emoji\", \"Segoe UI Symbol\", \"Noto Color Emoji\";font-weight:800;}<\/style><div class=\"vcex-heading vcex-heading-plain vcex-module wpex-heading wpex-text-2xl wpex-text-center vcex_69d2878711ab0\"><span class=\"vcex-heading-inner wpex-inline-block\">Vidro para caminhadas 500ml Cat\u00e1logo 2026<\/span><\/div><div class=\"vcex-module vcex-divider vcex-divider-solid vcex-divider-center wpex-mx-auto wpex-block wpex-h-0 wpex-border-b wpex-border-solid wpex-border-main\" style=\"margin-block:30px;border-color:#ededed;\"><\/div><div class=\"vcex-spacing wpex-w-100 wpex-clear\"><\/div><style>.vcex-button.vcex_69d2878712d48{border-radius:9999px;color:#4e5cf5!important;padding-block:15px;padding-inline:30px;border:2px solid currentColor;font-weight:700;}.vcex-button.vcex_69d2878712d48:hover{background:#4e5cf5!important;color:#ffffff!important;}<\/style><div class=\"theme-button-wrap theme-button-expanded-wrap\"><a href=\"https:\/\/glassbottlesmanufacturer.com\/wp-content\/uploads\/2024\/05\/Hiking-Glass-500ml-catalog-2024.pdf\" class=\"vcex-button theme-button outline expanded expanded vcex_69d2878712d48\"><span class=\"vcex-button-inner theme-button-inner wpex-flex wpex-flex-wrap wpex-items-center wpex-justify-center\">Ver<\/span><\/a><\/div> <\/div><\/div><\/div><div class=\"wpb_column vc_column_container vc_col-sm-4 wpex-vc_col-has-fill\"><div class=\"vc_column-inner wpex-shadow-lg vc_custom_1631742018352\"><div class=\"wpb_wrapper\"><style>.vcex-heading.vcex_69d2878713b3f{color:#4c4c4c;font-size:2em;font-family:system-ui, -apple-system, BlinkMacSystemFont, \"Segoe UI\", Roboto, \"Helvetica Neue\", Arial, \"Noto Sans\", sans-serif, \"Apple Color Emoji\", \"Segoe UI Emoji\", \"Segoe UI Symbol\", \"Noto Color Emoji\";font-weight:800;}<\/style><span class=\"vcex-heading vcex-heading-plain vcex-module wpex-heading wpex-text-2xl wpex-text-center vcex_69d2878713b3f\"><span class=\"vcex-heading-inner wpex-inline-block\">Vidro para caminhadas 700ml Cat\u00e1logo 2026<\/span><\/span><div class=\"vcex-module vcex-divider vcex-divider-solid vcex-divider-center wpex-mx-auto wpex-block wpex-h-0 wpex-border-b wpex-border-solid wpex-border-main\" style=\"margin-block:30px;border-color:#ededed;\"><\/div><div class=\"vcex-spacing wpex-w-100 wpex-clear\"><\/div><style>.vcex-button.vcex_69d2878714dbc{border-radius:9999px;background:#4e5cf5;color:#ffffff!important;padding-block:15px;padding-inline:30px;font-weight:700;}.vcex-button.vcex_69d2878714dbc:hover{background:rgba(78,92,245,0.9)!important;}<\/style><div class=\"theme-button-wrap theme-button-expanded-wrap\"><a href=\"https:\/\/glassbottlesmanufacturer.com\/wp-content\/uploads\/2024\/05\/Hiking-Glass-700ml-catalog-2024.pdf\" class=\"vcex-button theme-button flat expanded expanded vcex_69d2878714dbc\"><span class=\"vcex-button-inner theme-button-inner wpex-flex wpex-flex-wrap wpex-items-center wpex-justify-center\">Ver<\/span><\/a><\/div> <\/div><\/div><\/div><div class=\"wpb_column vc_column_container vc_col-sm-4 wpex-vc_col-has-fill\"><div class=\"vc_column-inner wpex-shadow-lg vc_custom_1631742024786\"><div class=\"wpb_wrapper\"><style>.vcex-heading.vcex_69d2878715af7{color:#4c4c4c;font-size:2em;font-family:system-ui, -apple-system, BlinkMacSystemFont, \"Segoe UI\", Roboto, \"Helvetica Neue\", Arial, \"Noto Sans\", sans-serif, \"Apple Color Emoji\", \"Segoe UI Emoji\", \"Segoe UI Symbol\", \"Noto Color Emoji\";font-weight:800;}<\/style><span class=\"vcex-heading vcex-heading-plain vcex-module wpex-heading wpex-text-2xl wpex-text-center vcex_69d2878715af7\"><span class=\"vcex-heading-inner wpex-inline-block\">Vidro para caminhadas 750ml Cat\u00e1logo 2026<\/span><\/span><div class=\"vcex-module vcex-divider vcex-divider-solid vcex-divider-center wpex-mx-auto wpex-block wpex-h-0 wpex-border-b wpex-border-solid wpex-border-main\" style=\"margin-block:30px;border-color:#ededed;\"><\/div><div class=\"vcex-spacing wpex-w-100 wpex-clear\"><\/div><style>.vcex-button.vcex_69d2878716c9c{border-radius:9999px;color:#4e5cf5!important;padding-block:15px;padding-inline:30px;border:2px solid currentColor;font-weight:700;}.vcex-button.vcex_69d2878716c9c:hover{background:#4e5cf5!important;color:#ffffff!important;}<\/style><div class=\"theme-button-wrap theme-button-expanded-wrap\"><a href=\"https:\/\/glassbottlesmanufacturer.com\/wp-content\/uploads\/2024\/05\/Hiking-Glass-750ml-catalog-2024.pdf\" class=\"vcex-button theme-button outline expanded expanded vcex_69d2878716c9c\"><span class=\"vcex-button-inner theme-button-inner wpex-flex wpex-flex-wrap wpex-items-center wpex-justify-center\">Ver<\/span><\/a><\/div> <\/div><\/div><\/div><\/div><\/div><div class=\"vc_row-full-width vc_clearfix\"><\/div>\n<\/div>","protected":false},"excerpt":{"rendered":"Our ServicesCustom Bottle Design We have a professional team of product developers, each bottle begins as an idea shaped by the essence of luxury. Meticulousness is our mantra, guiding the expert hands that sculpt, the discerning eyes that inspect, and the passionate hearts that aspire to the extraordinary. At the core of our ethos is&hellip;","protected":false},"author":1,"featured_media":0,"parent":0,"menu_order":0,"comment_status":"closed","ping_status":"closed","template":"","meta":{"footnotes":""},"class_list":["post-7351","page","type-page","status-publish","hentry","entry","no-media"],"_links":{"self":[{"href":"https:\/\/glassbottlesmanufacturer.com\/pt\/wp-json\/wp\/v2\/pages\/7351","targetHints":{"allow":["GET"]}}],"collection":[{"href":"https:\/\/glassbottlesmanufacturer.com\/pt\/wp-json\/wp\/v2\/pages"}],"about":[{"href":"https:\/\/glassbottlesmanufacturer.com\/pt\/wp-json\/wp\/v2\/types\/page"}],"author":[{"embeddable":true,"href":"https:\/\/glassbottlesmanufacturer.com\/pt\/wp-json\/wp\/v2\/users\/1"}],"replies":[{"embeddable":true,"href":"https:\/\/glassbottlesmanufacturer.com\/pt\/wp-json\/wp\/v2\/comments?post=7351"}],"version-history":[{"count":5,"href":"https:\/\/glassbottlesmanufacturer.com\/pt\/wp-json\/wp\/v2\/pages\/7351\/revisions"}],"predecessor-version":[{"id":8917,"href":"https:\/\/glassbottlesmanufacturer.com\/pt\/wp-json\/wp\/v2\/pages\/7351\/revisions\/8917"}],"wp:attachment":[{"href":"https:\/\/glassbottlesmanufacturer.com\/pt\/wp-json\/wp\/v2\/media?parent=7351"}],"curies":[{"name":"wp","href":"https:\/\/api.w.org\/{rel}","templated":true}]}}