{"id":7354,"date":"2024-05-29T06:41:26","date_gmt":"2024-05-29T06:41:26","guid":{"rendered":"https:\/\/glassbottlesmanufacturer.com\/?page_id=7354"},"modified":"2024-06-05T10:00:38","modified_gmt":"2024-06-05T10:00:38","slug":"armazenagem-expedicao","status":"publish","type":"page","link":"https:\/\/glassbottlesmanufacturer.com\/pt\/armazenagem-expedicao\/","title":{"rendered":"Armazenamento e expedi\u00e7\u00e3o"},"content":{"rendered":"<div class=\"wpb-content-wrapper\"><div class=\"vc_row wpb_row vc_row-fluid vc_custom_1633802866801 vc_row-o-equal-height vc_row-o-content-middle vc_row-flex wpex-vc-has-custom-column-spacing wpex-vc-column-spacing-50\"><div class=\"wpb_column vc_column_container vc_col-sm-6\"><div class=\"vc_column-inner\"><div class=\"wpb_wrapper\"><style>.vcex-heading.vcex_69d29a37eb8fb{color:#4c4c4c;font-size:40px;font-family:system-ui, -apple-system, BlinkMacSystemFont, \"Segoe UI\", Roboto, \"Helvetica Neue\", Arial, \"Noto Sans\", sans-serif, \"Apple Color Emoji\", \"Segoe UI Emoji\", \"Segoe UI Symbol\", \"Noto Color Emoji\";font-weight:700;}.vcex-heading.vcex_69d29a37eb8fb:hover{color:#01b2a8;}<\/style><h2 class=\"vcex-heading vcex-heading-plain vcex-module wpex-heading wpex-text-2xl vcex_69d29a37eb8fb\"><span class=\"vcex-heading-inner wpex-inline-block\">Armazenamento<\/span><\/h2><div class=\"vcex-spacing wpex-w-100 wpex-clear\" style=\"height:50px;\"><\/div>\n\t<div style=\"color:#222222;font-size:14px;\" class=\"wpb_text_column has-custom-color wpex-child-inherit-color wpb_content_element\" >\n\t\t<div class=\"wpb_wrapper\">\n\t\t\t<p><span class=\"wpex-text-lg\">Com mais de 2.600.000 p\u00e9s quadrados dispon\u00edveis, isso nos permite estocar mais de 2.000 itens, reservando bastante espa\u00e7o para a propriedade do cliente. Entendemos que muitos de nossos clientes n\u00e3o t\u00eam espa\u00e7o suficiente para armazenar seus estoques. Podemos trabalhar com voc\u00ea para desenvolver um plano de armazenagem que atenda \u00e0s necessidades da sua empresa. <\/span><\/p>\n\n\t\t<\/div>\n\t<\/div>\n<div class=\"vcex-spacing wpex-w-100 wpex-clear\" style=\"height:70px;\"><\/div><style>.vcex-list_item.vcex_69d29a37ed397{color:#222222;font-size:16px;}.vcex-list_item.vcex_69d29a37ed397 .vcex-list-item-icon-inner{color:#0145ff;}<\/style><div class=\"vcex-list_item vcex-module wpex-m-0 wpex-max-w-100 wpex-mb-15 vcex_69d29a37ed397\"><div class=\"vcex-list-item-inner wpex-inline-flex wpex-flex-no-wrap\"><div class=\"vcex-list-item-icon wpex-mr-10\"><div class=\"vcex-list-item-icon-inner vcex-icon-wrap wpex-inline-flex wpex-justify-center wpex-items-center wpex-leading-none wpex-child-inherit-color\"><span class=\"wpex-icon--w far fa-check-circle\" aria-hidden=\"true\"><\/span><\/div><\/div><div class=\"vcex-list-item-text vcex-content wpex-flex-grow\">Estoque de seguran\u00e7a<\/div><\/div><\/div><style>.vcex-list_item.vcex_69d29a37edc1a{color:#222222;font-size:16px;}.vcex-list_item.vcex_69d29a37edc1a .vcex-list-item-icon-inner{color:#0145ff;}<\/style><div class=\"vcex-list_item vcex-module wpex-m-0 wpex-max-w-100 wpex-mb-15 vcex_69d29a37edc1a\"><div class=\"vcex-list-item-inner wpex-inline-flex wpex-flex-no-wrap\"><div class=\"vcex-list-item-icon wpex-mr-10\"><div class=\"vcex-list-item-icon-inner vcex-icon-wrap wpex-inline-flex wpex-justify-center wpex-items-center wpex-leading-none wpex-child-inherit-color\"><span class=\"wpex-icon--w far fa-check-circle\" aria-hidden=\"true\"><\/span><\/div><\/div><div class=\"vcex-list-item-text vcex-content wpex-flex-grow\">Efici\u00eancia dos pedidos<\/div><\/div><\/div><style>.vcex-list_item.vcex_69d29a37ee416{color:#222222;font-size:16px;}.vcex-list_item.vcex_69d29a37ee416 .vcex-list-item-icon-inner{color:#0145ff;}<\/style><div class=\"vcex-list_item vcex-module wpex-m-0 wpex-max-w-100 wpex-mb-15 vcex_69d29a37ee416\"><div class=\"vcex-list-item-inner wpex-inline-flex wpex-flex-no-wrap\"><div class=\"vcex-list-item-icon wpex-mr-10\"><div class=\"vcex-list-item-icon-inner vcex-icon-wrap wpex-inline-flex wpex-justify-center wpex-items-center wpex-leading-none wpex-child-inherit-color\"><span class=\"wpex-icon--w far fa-check-circle\" aria-hidden=\"true\"><\/span><\/div><\/div><div class=\"vcex-list-item-text vcex-content wpex-flex-grow\">Suporte t\u00e9cnico perfeito<\/div><\/div><\/div><\/div><\/div><\/div><div class=\"wpb_column vc_column_container vc_col-sm-6\"><div class=\"vc_column-inner\"><div class=\"wpb_wrapper\"><figure class=\"vcex-image vcex-module\"><div class=\"vcex-image-inner wpex-relative wpex-inline-block\"><img width=\"1485\" height=\"1262\" src=\"https:\/\/glassbottlesmanufacturer.com\/wp-content\/uploads\/2024\/05\/\u4ed3\u5e93.webp\" class=\"vcex-image-img wpex-align-middle\" alt=\"\" loading=\"lazy\" decoding=\"async\" srcset=\"https:\/\/glassbottlesmanufacturer.com\/wp-content\/uploads\/2024\/05\/\u4ed3\u5e93.webp 1485w, https:\/\/glassbottlesmanufacturer.com\/wp-content\/uploads\/2024\/05\/\u4ed3\u5e93-300x255.webp 300w, https:\/\/glassbottlesmanufacturer.com\/wp-content\/uploads\/2024\/05\/\u4ed3\u5e93-1024x870.webp 1024w, https:\/\/glassbottlesmanufacturer.com\/wp-content\/uploads\/2024\/05\/\u4ed3\u5e93-768x653.webp 768w, https:\/\/glassbottlesmanufacturer.com\/wp-content\/uploads\/2024\/05\/\u4ed3\u5e93-600x510.webp 600w\" sizes=\"auto, (max-width: 1485px) 100vw, 1485px\" \/><\/div><\/figure><\/div><\/div><\/div><\/div><div class=\"vc_row wpb_row vc_row-fluid vc_custom_1717577248449\"><div class=\"wpb_column vc_column_container vc_col-sm-4\"><div class=\"vc_column-inner\"><div class=\"wpb_wrapper\"><figure class=\"vcex-image vcex-module\"><div class=\"vcex-image-inner wpex-relative wpex-inline-block\"><img width=\"2560\" height=\"2560\" src=\"https:\/\/glassbottlesmanufacturer.com\/wp-content\/uploads\/2024\/06\/\u4ed3\u5e931-scaled.webp\" class=\"vcex-image-img wpex-align-middle\" alt=\"\" loading=\"lazy\" decoding=\"async\" srcset=\"https:\/\/glassbottlesmanufacturer.com\/wp-content\/uploads\/2024\/06\/\u4ed3\u5e931-scaled.webp 2560w, https:\/\/glassbottlesmanufacturer.com\/wp-content\/uploads\/2024\/06\/\u4ed3\u5e931-300x300.webp 300w, https:\/\/glassbottlesmanufacturer.com\/wp-content\/uploads\/2024\/06\/\u4ed3\u5e931-1024x1024.webp 1024w, https:\/\/glassbottlesmanufacturer.com\/wp-content\/uploads\/2024\/06\/\u4ed3\u5e931-150x150.webp 150w, https:\/\/glassbottlesmanufacturer.com\/wp-content\/uploads\/2024\/06\/\u4ed3\u5e931-768x768.webp 768w, https:\/\/glassbottlesmanufacturer.com\/wp-content\/uploads\/2024\/06\/\u4ed3\u5e931-1536x1536.webp 1536w, https:\/\/glassbottlesmanufacturer.com\/wp-content\/uploads\/2024\/06\/\u4ed3\u5e931-2048x2048.webp 2048w, https:\/\/glassbottlesmanufacturer.com\/wp-content\/uploads\/2024\/06\/\u4ed3\u5e931-600x600.webp 600w, https:\/\/glassbottlesmanufacturer.com\/wp-content\/uploads\/2024\/06\/\u4ed3\u5e931-100x100.webp 100w\" sizes=\"auto, (max-width: 2560px) 100vw, 2560px\" \/><\/div><\/figure><\/div><\/div><\/div><div class=\"wpb_column vc_column_container vc_col-sm-4\"><div class=\"vc_column-inner\"><div class=\"wpb_wrapper\"><figure class=\"vcex-image vcex-module\"><div class=\"vcex-image-inner wpex-relative wpex-inline-block\"><img width=\"2560\" height=\"2560\" src=\"https:\/\/glassbottlesmanufacturer.com\/wp-content\/uploads\/2024\/06\/\u5fae\u4fe1\u56fe\u7247_20240429092443-scaled.webp\" class=\"vcex-image-img wpex-align-middle\" alt=\"\" loading=\"lazy\" decoding=\"async\" srcset=\"https:\/\/glassbottlesmanufacturer.com\/wp-content\/uploads\/2024\/06\/\u5fae\u4fe1\u56fe\u7247_20240429092443-scaled.webp 2560w, https:\/\/glassbottlesmanufacturer.com\/wp-content\/uploads\/2024\/06\/\u5fae\u4fe1\u56fe\u7247_20240429092443-300x300.webp 300w, https:\/\/glassbottlesmanufacturer.com\/wp-content\/uploads\/2024\/06\/\u5fae\u4fe1\u56fe\u7247_20240429092443-1024x1024.webp 1024w, https:\/\/glassbottlesmanufacturer.com\/wp-content\/uploads\/2024\/06\/\u5fae\u4fe1\u56fe\u7247_20240429092443-150x150.webp 150w, https:\/\/glassbottlesmanufacturer.com\/wp-content\/uploads\/2024\/06\/\u5fae\u4fe1\u56fe\u7247_20240429092443-768x768.webp 768w, https:\/\/glassbottlesmanufacturer.com\/wp-content\/uploads\/2024\/06\/\u5fae\u4fe1\u56fe\u7247_20240429092443-1536x1536.webp 1536w, https:\/\/glassbottlesmanufacturer.com\/wp-content\/uploads\/2024\/06\/\u5fae\u4fe1\u56fe\u7247_20240429092443-2048x2048.webp 2048w, https:\/\/glassbottlesmanufacturer.com\/wp-content\/uploads\/2024\/06\/\u5fae\u4fe1\u56fe\u7247_20240429092443-600x600.webp 600w, https:\/\/glassbottlesmanufacturer.com\/wp-content\/uploads\/2024\/06\/\u5fae\u4fe1\u56fe\u7247_20240429092443-100x100.webp 100w\" sizes=\"auto, (max-width: 2560px) 100vw, 2560px\" \/><\/div><\/figure><\/div><\/div><\/div><div class=\"wpb_column vc_column_container vc_col-sm-4\"><div class=\"vc_column-inner\"><div class=\"wpb_wrapper\"><figure class=\"vcex-image vcex-module\"><div class=\"vcex-image-inner wpex-relative wpex-inline-block\"><img width=\"480\" height=\"480\" src=\"https:\/\/glassbottlesmanufacturer.com\/wp-content\/uploads\/2024\/06\/\u5fae\u4fe1\u56fe\u7247_202112140914301.webp\" class=\"vcex-image-img wpex-align-middle\" alt=\"\" loading=\"lazy\" decoding=\"async\" srcset=\"https:\/\/glassbottlesmanufacturer.com\/wp-content\/uploads\/2024\/06\/\u5fae\u4fe1\u56fe\u7247_202112140914301.webp 480w, https:\/\/glassbottlesmanufacturer.com\/wp-content\/uploads\/2024\/06\/\u5fae\u4fe1\u56fe\u7247_202112140914301-300x300.webp 300w, https:\/\/glassbottlesmanufacturer.com\/wp-content\/uploads\/2024\/06\/\u5fae\u4fe1\u56fe\u7247_202112140914301-150x150.webp 150w, https:\/\/glassbottlesmanufacturer.com\/wp-content\/uploads\/2024\/06\/\u5fae\u4fe1\u56fe\u7247_202112140914301-100x100.webp 100w\" sizes=\"auto, (max-width: 480px) 100vw, 480px\" \/><\/div><\/figure><\/div><\/div><\/div><\/div><div class=\"vc_row wpb_row vc_row-fluid vc_custom_1717577329690\"><div class=\"wpb_column vc_column_container vc_col-sm-4\"><div class=\"vc_column-inner\"><div class=\"wpb_wrapper\"><figure class=\"vcex-image vcex-module\"><div class=\"vcex-image-inner wpex-relative wpex-inline-block\"><img width=\"1080\" height=\"1440\" src=\"https:\/\/glassbottlesmanufacturer.com\/wp-content\/uploads\/2024\/06\/\u5fae\u4fe1\u56fe\u7247_202111011025086.jpg\" class=\"vcex-image-img wpex-align-middle\" alt=\"\" loading=\"lazy\" decoding=\"async\" srcset=\"https:\/\/glassbottlesmanufacturer.com\/wp-content\/uploads\/2024\/06\/\u5fae\u4fe1\u56fe\u7247_202111011025086.jpg 1080w, https:\/\/glassbottlesmanufacturer.com\/wp-content\/uploads\/2024\/06\/\u5fae\u4fe1\u56fe\u7247_202111011025086-225x300.jpg 225w, https:\/\/glassbottlesmanufacturer.com\/wp-content\/uploads\/2024\/06\/\u5fae\u4fe1\u56fe\u7247_202111011025086-768x1024.jpg 768w, https:\/\/glassbottlesmanufacturer.com\/wp-content\/uploads\/2024\/06\/\u5fae\u4fe1\u56fe\u7247_202111011025086-600x800.jpg 600w\" sizes=\"auto, (max-width: 1080px) 100vw, 1080px\" \/><\/div><\/figure><\/div><\/div><\/div><div class=\"wpb_column vc_column_container vc_col-sm-4\"><div class=\"vc_column-inner\"><div class=\"wpb_wrapper\"><figure class=\"vcex-image vcex-module\"><div class=\"vcex-image-inner wpex-relative wpex-inline-block\"><img width=\"1280\" height=\"1707\" src=\"https:\/\/glassbottlesmanufacturer.com\/wp-content\/uploads\/2024\/06\/\u5fae\u4fe1\u56fe\u7247_20240605161941.webp\" class=\"vcex-image-img wpex-align-middle\" alt=\"\" loading=\"lazy\" decoding=\"async\" srcset=\"https:\/\/glassbottlesmanufacturer.com\/wp-content\/uploads\/2024\/06\/\u5fae\u4fe1\u56fe\u7247_20240605161941.webp 1280w, https:\/\/glassbottlesmanufacturer.com\/wp-content\/uploads\/2024\/06\/\u5fae\u4fe1\u56fe\u7247_20240605161941-225x300.webp 225w, https:\/\/glassbottlesmanufacturer.com\/wp-content\/uploads\/2024\/06\/\u5fae\u4fe1\u56fe\u7247_20240605161941-768x1024.webp 768w, https:\/\/glassbottlesmanufacturer.com\/wp-content\/uploads\/2024\/06\/\u5fae\u4fe1\u56fe\u7247_20240605161941-1152x1536.webp 1152w, https:\/\/glassbottlesmanufacturer.com\/wp-content\/uploads\/2024\/06\/\u5fae\u4fe1\u56fe\u7247_20240605161941-600x800.webp 600w\" sizes=\"auto, (max-width: 1280px) 100vw, 1280px\" \/><\/div><\/figure><\/div><\/div><\/div><div class=\"wpb_column vc_column_container vc_col-sm-4\"><div class=\"vc_column-inner\"><div class=\"wpb_wrapper\"><figure class=\"vcex-image vcex-module\"><div class=\"vcex-image-inner wpex-relative wpex-inline-block\"><img width=\"1080\" height=\"1440\" src=\"https:\/\/glassbottlesmanufacturer.com\/wp-content\/uploads\/2024\/06\/\u5fae\u4fe1\u56fe\u7247_202111011025085-1.webp\" class=\"vcex-image-img wpex-align-middle\" alt=\"\" loading=\"lazy\" decoding=\"async\" srcset=\"https:\/\/glassbottlesmanufacturer.com\/wp-content\/uploads\/2024\/06\/\u5fae\u4fe1\u56fe\u7247_202111011025085-1.webp 1080w, https:\/\/glassbottlesmanufacturer.com\/wp-content\/uploads\/2024\/06\/\u5fae\u4fe1\u56fe\u7247_202111011025085-1-225x300.webp 225w, https:\/\/glassbottlesmanufacturer.com\/wp-content\/uploads\/2024\/06\/\u5fae\u4fe1\u56fe\u7247_202111011025085-1-768x1024.webp 768w, https:\/\/glassbottlesmanufacturer.com\/wp-content\/uploads\/2024\/06\/\u5fae\u4fe1\u56fe\u7247_202111011025085-1-600x800.webp 600w\" sizes=\"auto, (max-width: 1080px) 100vw, 1080px\" \/><\/div><\/figure><\/div><\/div><\/div><\/div><div class=\"vc_row wpb_row vc_row-fluid\"><div class=\"wpb_column vc_column_container vc_col-sm-12\"><div class=\"vc_column-inner\"><div class=\"wpb_wrapper\">\n\t<div class=\"wpb_text_column wpb_content_element\" >\n\t\t<div class=\"wpb_wrapper\">\n\t\t\t<p style=\"text-align: left;\"><strong><span class=\"wpex-text-lg\">Armazenamento sofisticado para suas garrafas de vidro premium<\/span><\/strong><\/p>\n<p style=\"text-align: left;\"><span class=\"wpex-text-lg\">Na Hiking Glass, entendemos que a garrafa perfeita preserva e real\u00e7a a ess\u00eancia de seu conte\u00fado. \u00c9 por isso que nossas instala\u00e7\u00f5es de armazenamento foram projetadas exclusivamente para acomodar as necessidades especializadas das garrafas de vidro para vinho. Com armazenamento climatizado e sistemas de manuseio de \u00faltima gera\u00e7\u00e3o, garantimos que cada garrafa mantenha sua integridade desde a nossa f\u00e1brica at\u00e9 as suas instala\u00e7\u00f5es.<\/span><\/p>\n<p style=\"text-align: left;\"><strong><span class=\"wpex-text-lg\">Remessa especializada, manuseada com cuidado<\/span><\/strong><\/p>\n<p style=\"text-align: left;\"><span class=\"wpex-text-lg\">Suas garrafas requintadas merecem um servi\u00e7o de remessa que seja t\u00e3o refinado quanto os produtos que voc\u00ea cria. Aperfei\u00e7oamos a arte de embalar e transportar artigos de vidro delicados, fornecendo solu\u00e7\u00f5es de remessa seguras, confi\u00e1veis e eficientes que protegem suas garrafas em todas as etapas do tr\u00e2nsito. Nossas sofisticadas t\u00e9cnicas de amortecimento e embalagem s\u00e3o feitas sob medida para proteger a eleg\u00e2ncia de suas garrafas, entregando-as sempre em condi\u00e7\u00f5es imaculadas.<\/span><\/p>\n<p><strong><span class=\"wpex-text-lg\">Distribui\u00e7\u00e3o simplificada para vin\u00edcolas em todo o mundo<\/span><\/strong><\/p>\n<p><span class=\"wpex-text-lg\">Como produtores de vinho e propriet\u00e1rios de vin\u00edcolas, voc\u00ea valoriza a precis\u00e3o e o cuidado. Nossos servi\u00e7os dedicados de armazenagem e remessa foram projetados para estender esse mesmo n\u00edvel de detalhe \u00e0s suas opera\u00e7\u00f5es comerciais. Fazer uma parceria conosco significa ter acesso a uma rede de log\u00edstica perfeita que garante que suas belas garrafas de vidro sejam exibidas em todas as prateleiras, sempre, sem a preocupa\u00e7\u00e3o com quebras ou atrasos.<\/span><\/p>\n<p><strong><span class=\"wpex-text-lg\">Log\u00edstica inteligente para o setor de vinhos<\/span><\/strong><\/p>\n<p><span class=\"wpex-text-lg\">Eleve sua experi\u00eancia em log\u00edstica com nossos sistemas inteligentes de rastreamento, oferecendo visibilidade total do seu estoque 24 horas por dia, 7 dias por semana. N\u00e3o importa se voc\u00ea est\u00e1 se preparando para a pr\u00f3xima esta\u00e7\u00e3o movimentada ou lan\u00e7ando uma nova linha de garrafas de vinho, nossa plataforma de log\u00edstica o mant\u00e9m informado e no controle. Com atualiza\u00e7\u00f5es em tempo real e an\u00e1lises preditivas, n\u00f3s o ajudamos a antecipar a demanda e gerenciar o fornecimento - porque quando se trata de vinho, o tempo \u00e9 tudo.<\/span><\/p>\n<p><strong><span class=\"wpex-text-lg\">Um brinde \u00e0 realiza\u00e7\u00e3o impec\u00e1vel<\/span><\/strong><\/p>\n<p><span class=\"wpex-text-lg\">Do nosso dep\u00f3sito at\u00e9 a porta do seu cliente, fazemos com que cada passo seja importante. Nosso compromisso com a excel\u00eancia em armazenagem e expedi\u00e7\u00e3o reflete os altos padr\u00f5es de sua empresa. Porque quando suas garrafas s\u00e3o confiadas a n\u00f3s, n\u00f3s as tratamos n\u00e3o apenas como produtos, mas como recipientes de arte e tradi\u00e7\u00e3o.\u00a0<\/span><\/p>\n<p><span class=\"wpex-text-lg\">Cada par\u00e1grafo foi criado para transmitir o cuidado e a aten\u00e7\u00e3o aos detalhes que envolvem o manuseio, o armazenamento e o envio de garrafas de vidro, alinhando-se com a qualidade e o cuidado que seus clientes esperam de seus produtos.<\/span><\/p>\n\n\t\t<\/div>\n\t<\/div>\n<\/div><\/div><\/div><\/div>\n<\/div>","protected":false},"excerpt":{"rendered":"Warehousing With more than 2,600,000 sq ft available, it allows us to stock over 2000+ items, while reserving plenty of space for customer property. We understand that many of our customers do not have enough space to store their inventory. We can work with you to develop a warehousing plan to meet your company\u2019s needs.&hellip;","protected":false},"author":1,"featured_media":0,"parent":0,"menu_order":0,"comment_status":"closed","ping_status":"closed","template":"","meta":{"footnotes":""},"class_list":["post-7354","page","type-page","status-publish","hentry","entry","no-media"],"_links":{"self":[{"href":"https:\/\/glassbottlesmanufacturer.com\/pt\/wp-json\/wp\/v2\/pages\/7354","targetHints":{"allow":["GET"]}}],"collection":[{"href":"https:\/\/glassbottlesmanufacturer.com\/pt\/wp-json\/wp\/v2\/pages"}],"about":[{"href":"https:\/\/glassbottlesmanufacturer.com\/pt\/wp-json\/wp\/v2\/types\/page"}],"author":[{"embeddable":true,"href":"https:\/\/glassbottlesmanufacturer.com\/pt\/wp-json\/wp\/v2\/users\/1"}],"replies":[{"embeddable":true,"href":"https:\/\/glassbottlesmanufacturer.com\/pt\/wp-json\/wp\/v2\/comments?post=7354"}],"version-history":[{"count":4,"href":"https:\/\/glassbottlesmanufacturer.com\/pt\/wp-json\/wp\/v2\/pages\/7354\/revisions"}],"predecessor-version":[{"id":7434,"href":"https:\/\/glassbottlesmanufacturer.com\/pt\/wp-json\/wp\/v2\/pages\/7354\/revisions\/7434"}],"wp:attachment":[{"href":"https:\/\/glassbottlesmanufacturer.com\/pt\/wp-json\/wp\/v2\/media?parent=7354"}],"curies":[{"name":"wp","href":"https:\/\/api.w.org\/{rel}","templated":true}]}}