{"id":7355,"date":"2024-05-29T06:41:26","date_gmt":"2024-05-29T06:41:26","guid":{"rendered":"https:\/\/glassbottlesmanufacturer.com\/?page_id=7355"},"modified":"2024-05-29T09:18:34","modified_gmt":"2024-05-29T09:18:34","slug":"politica-de-privacidade","status":"publish","type":"page","link":"https:\/\/glassbottlesmanufacturer.com\/pt\/politica-de-privacidade\/","title":{"rendered":"Pol\u00edtica de privacidade"},"content":{"rendered":"<div class=\"wpb-content-wrapper\"><div class=\"vc_row wpb_row vc_row-fluid\"><div class=\"wpb_column vc_column_container vc_col-sm-12\"><div class=\"vc_column-inner\"><div class=\"wpb_wrapper\">\n\t<div style=\"font-family:system-ui, -apple-system, BlinkMacSystemFont, \"segoe ui\", roboto, \"helvetica neue\", arial, \"noto sans\", sans-serif, \"apple color emoji\", \"segoe ui symbol\", emoji\";\" class =\"wpb_text_column wpb_content_element\" >\n\t\t<div class=\"wpb_wrapper\">\n\t\t\t<h1><span class=\"wpex-text-2xl\">Pol\u00edtica de privacidade<\/span><\/h1>\n<p><span class=\"wpex-text-xl\">Prezados usu\u00e1rios, a seguir apresentamos uma vis\u00e3o geral da pol\u00edtica de privacidade adotada pela empresa:<\/span><\/p>\n<p><span class=\"wpex-text-xl\">1. coleta de informa\u00e7\u00f5es pessoais: A Empresa coletar\u00e1 informa\u00e7\u00f5es pessoais fornecidas pelos usu\u00e1rios, como nome, informa\u00e7\u00f5es de contato, endere\u00e7o, etc., principalmente para fins de processamento de pedidos, entrega e servi\u00e7o p\u00f3s-venda. Geralmente, as informa\u00e7\u00f5es s\u00e3o coletadas quando um usu\u00e1rio preenche voluntariamente um formul\u00e1rio de registro, faz um pedido ou entra em contato com uma empresa.<\/span><\/p>\n<p><span class=\"wpex-text-xl\">2.Uso de informa\u00e7\u00f5es pessoais: A Empresa usar\u00e1 de forma razo\u00e1vel as informa\u00e7\u00f5es pessoais fornecidas pelo usu\u00e1rio para processar pedidos, fornecer suporte ao cliente, enviar avisos relevantes e informa\u00e7\u00f5es promocionais. As empresas geralmente cumprem as leis e os regulamentos relevantes e n\u00e3o usar\u00e3o as informa\u00e7\u00f5es pessoais para outros fins sem o consentimento dos usu\u00e1rios.<\/span><\/p>\n<p><span class=\"wpex-text-xl\">3. Prote\u00e7\u00e3o de informa\u00e7\u00f5es pessoais: A Empresa tomar\u00e1 as medidas de seguran\u00e7a adequadas para proteger as informa\u00e7\u00f5es pessoais dos usu\u00e1rios e evitar acesso n\u00e3o autorizado, divulga\u00e7\u00e3o ou uso indevido. Isso pode incluir medidas como criptografia de dados, controle de acesso e treinamento em seguran\u00e7a de informa\u00e7\u00f5es.<\/span><\/p>\n<p><span class=\"wpex-text-xl\">4. Compartilhamento de informa\u00e7\u00f5es pessoais: A Empresa n\u00e3o compartilhar\u00e1 informa\u00e7\u00f5es pessoais com terceiros sem o consentimento dos usu\u00e1rios, a menos que seja exigido por leis e regulamentos ou acordado com os usu\u00e1rios. Se voc\u00ea trabalhar com terceiros para prestar servi\u00e7os, assinar\u00e1 um contrato de confidencialidade com eles e far\u00e1 todo o poss\u00edvel para garantir a seguran\u00e7a das informa\u00e7\u00f5es do usu\u00e1rio.<\/span><\/p>\n<p><span class=\"wpex-text-xl\">5. op\u00e7\u00f5es de privacidade: As empresas geralmente respeitam as op\u00e7\u00f5es de privacidade dos usu\u00e1rios. Os usu\u00e1rios podem escolher se querem ou n\u00e3o receber informa\u00e7\u00f5es de marketing e t\u00eam o direito de acessar, corrigir e excluir informa\u00e7\u00f5es pessoais entrando em contato com a empresa.<\/span><\/p>\n<p><span class=\"wpex-text-xl\">6. Atualiza\u00e7\u00e3o da pol\u00edtica de privacidade: as empresas de garrafas de vidro podem atualizar a pol\u00edtica de privacidade conforme necess\u00e1rio. No caso de uma mudan\u00e7a significativa na pol\u00edtica, as empresas geralmente fornecem um aviso claro aos usu\u00e1rios por meio de um an\u00fancio no site ou por outros meios apropriados.<\/span><\/p>\n<p><span class=\"wpex-text-xl\">Se tiver alguma d\u00favida ou precisar de mais informa\u00e7\u00f5es, entre em contato diretamente com a empresa.<\/span><\/p>\n\n\t\t<\/div>\n\t<\/div>\n<\/div><\/div><\/div><\/div>\n<\/div>","protected":false},"excerpt":{"rendered":"Privacy Policy Dear users, the following is an overview of the privacy policy adopted by the company: 1.Personal Information Collection: The Company will collect personal information provided by users, such as name, contact information, address, etc., mainly for the purpose of order processing, delivery and after-sales service. Information is usually collected when a user voluntarily&hellip;","protected":false},"author":1,"featured_media":0,"parent":0,"menu_order":0,"comment_status":"closed","ping_status":"closed","template":"","meta":{"footnotes":""},"class_list":["post-7355","page","type-page","status-publish","hentry","entry","no-media"],"_links":{"self":[{"href":"https:\/\/glassbottlesmanufacturer.com\/pt\/wp-json\/wp\/v2\/pages\/7355","targetHints":{"allow":["GET"]}}],"collection":[{"href":"https:\/\/glassbottlesmanufacturer.com\/pt\/wp-json\/wp\/v2\/pages"}],"about":[{"href":"https:\/\/glassbottlesmanufacturer.com\/pt\/wp-json\/wp\/v2\/types\/page"}],"author":[{"embeddable":true,"href":"https:\/\/glassbottlesmanufacturer.com\/pt\/wp-json\/wp\/v2\/users\/1"}],"replies":[{"embeddable":true,"href":"https:\/\/glassbottlesmanufacturer.com\/pt\/wp-json\/wp\/v2\/comments?post=7355"}],"version-history":[{"count":2,"href":"https:\/\/glassbottlesmanufacturer.com\/pt\/wp-json\/wp\/v2\/pages\/7355\/revisions"}],"predecessor-version":[{"id":7399,"href":"https:\/\/glassbottlesmanufacturer.com\/pt\/wp-json\/wp\/v2\/pages\/7355\/revisions\/7399"}],"wp:attachment":[{"href":"https:\/\/glassbottlesmanufacturer.com\/pt\/wp-json\/wp\/v2\/media?parent=7355"}],"curies":[{"name":"wp","href":"https:\/\/api.w.org\/{rel}","templated":true}]}}