{"id":3474,"date":"2017-08-25T01:13:36","date_gmt":"2017-08-25T01:13:36","guid":{"rendered":"https:\/\/glassbottlesmanufacturer.com\/?post_type=product&#038;p=3474"},"modified":"2018-03-30T09:45:19","modified_gmt":"2018-03-30T09:45:19","slug":"garrafa-de-brandy-de-luxo-de-750-ml-com-rolha-composta","status":"publish","type":"product","link":"https:\/\/glassbottlesmanufacturer.com\/pt\/atacado\/garrafa-de-brandy-de-luxo-de-750-ml-com-rolha-composta\/","title":{"rendered":"GARRAFA DE BRANDY DE LUXO DE 750 ML COM ROLHA COMPOSTA"},"content":{"rendered":"<p>Garrafa de brandy de luxo de 750 ml com rolha composta. O tamanho de 750 ml \u00e9 um tamanho padr\u00e3o de licor na maioria dos mercados. A garrafa de brandy de luxo \u00e9 amplamente utilizada no mercado premium. H\u00e1 materiais de cristal e vidro super flint para produzir a garrafa de brandy de luxo de 750 ml. O cristal tem um alto grau de transpar\u00eancia e uma superf\u00edcie lisa. A \u00fanica diferen\u00e7a \u00e9 que a garrafa de cristal cont\u00e9m chumbo, que n\u00e3o \u00e9 seguro para a sa\u00fade humana, portanto, as garrafas de vidro de cristal geralmente s\u00e3o para cole\u00e7\u00e3o. Essa garrafa de brandy de luxo de 750 ml tem um formato e um design exclusivos. H\u00e1 dois pain\u00e9is de r\u00f3tulos na parte da frente e na parte de tr\u00e1s.<\/p>\n<p><strong>Aplica\u00e7\u00e3o de decora\u00e7\u00e3o<\/strong><\/p>\n<p>A empresa de garrafas de vidro Hiking oferece uma ampla variedade de decora\u00e7\u00f5es para garrafas de vidro grandes de 3L. Impress\u00e3o em seda, decalque, glac\u00ea, pulveriza\u00e7\u00e3o de cores, galvanoplastia, rotulagem, relevo e grava\u00e7\u00e3o. Essa garrafa de \u00e1lcool de 500 ml est\u00e1 dispon\u00edvel para todas as decora\u00e7\u00f5es acima.<\/p>\n<p><strong>Informa\u00e7\u00f5es sobre remessa\/frete<\/strong><\/p>\n<ul>\n<li>Em estoque de 5 a 10 dias.<\/li>\n<\/ul>\n<p>As garrafas de vidro transparente simples para bebidas alco\u00f3licas est\u00e3o dispon\u00edveis para entrega imediata (com exce\u00e7\u00e3o de feriados oficiais e condi\u00e7\u00f5es clim\u00e1ticas adversas). Dependendo da decora\u00e7\u00e3o da garrafa, da forma de embalagem e do cronograma de envio. A embalagem em paletes \u00e9 mais r\u00e1pida do que a embalagem em caixas de papel\u00e3o.<\/p>\n<ul>\n<li>Estoque de produ\u00e7\u00e3o de 7 a 15 dias<\/li>\n<\/ul>\n<p>As garrafas de vidro est\u00e3o dispon\u00edveis em nossas instala\u00e7\u00f5es de produ\u00e7\u00e3o. A f\u00e1brica de garrafas de vidro da Hiking produz 10 mil unidades de garrafas de vidro por dia. Dependendo da decora\u00e7\u00e3o da garrafa, da forma de embalagem e do cronograma de envio. A embalagem em paletes \u00e9 mais r\u00e1pida do que a embalagem em caixas de papel\u00e3o.<\/p>\n<ul>\n<li>Pedido especial de 20 a 30 dias<\/li>\n<\/ul>\n<p>As garrafas de vidro est\u00e3o prontas para moldes de vidro de caminhada, dispon\u00edveis para uma execu\u00e7\u00e3o r\u00e1pida em vez de fazer novos moldes. Como l\u00edder na fabrica\u00e7\u00e3o de garrafas de vidro, a HIKING oferece milhares de modelos. Dependendo da decora\u00e7\u00e3o da garrafa de vidro, da forma de embalagem e do cronograma de produ\u00e7\u00e3o.<\/p>\n<ul>\n<li>Pedido personalizado<\/li>\n<\/ul>\n<p>As garrafas de vidro s\u00e3o projetadas pelos clientes. Esses tipos de garrafas de vidro personalizadas geralmente v\u00eam com o logotipo da marca gravado ou em relevo. Em geral, s\u00e3o necess\u00e1rios 15 dias para a amostra e 20 a 30 dias para o pedido de compra oficial ap\u00f3s a aprova\u00e7\u00e3o da amostra da garrafa de vidro.<\/p>\n<h4>Entre em contato com a equipe de vendas da HIKING GLASS para obter informa\u00e7\u00f5es sobre a garrafa de brandy de luxo de 750 ml<\/h4>\n<div>\n<div class=\"wpcf7 no-js\" id=\"wpcf7-f19-o1\" lang=\"en-US\" dir=\"ltr\" data-wpcf7-id=\"19\">\n<div class=\"screen-reader-response\"><p role=\"status\" aria-live=\"polite\" aria-atomic=\"true\"><\/p> <ul><\/ul><\/div>\n<form action=\"\/pt\/wp-json\/wp\/v2\/product\/3474#wpcf7-f19-o1\" method=\"post\" class=\"wpcf7-form init\" aria-label=\"Contact form\" novalidate=\"novalidate\" data-status=\"init\" data-trp-original-action=\"\/pt\/wp-json\/wp\/v2\/product\/3474#wpcf7-f19-o1\">\n<fieldset class=\"hidden-fields-container\"><input type=\"hidden\" name=\"_wpcf7\" value=\"19\" \/><input type=\"hidden\" name=\"_wpcf7_version\" value=\"6.1.5\" \/><input type=\"hidden\" name=\"_wpcf7_locale\" value=\"en_US\" \/><input type=\"hidden\" name=\"_wpcf7_unit_tag\" value=\"wpcf7-f19-o1\" \/><input type=\"hidden\" name=\"_wpcf7_container_post\" value=\"0\" \/><input type=\"hidden\" name=\"_wpcf7_posted_data_hash\" value=\"\" \/><input type=\"hidden\" name=\"_wpcf7dtx_version\" value=\"5.0.5\" \/>\n<\/fieldset>\n<p hidden><span class=\"wpcf7-form-control-wrap dynamictext-312\" data-name=\"dynamictext-312\"><input type=\"text\" name=\"dynamictext-312\" class=\"wpcf7-form-control wpcf7-text wpcf7dtx wpcf7dtx-text\" aria-invalid=\"false\" value=\"750ML LUXURY BRANDY BOTTLE WITH COMPOUND CORK\"><\/span>\n<\/p>\n<p><span class=\"wpcf7-form-control-wrap\" data-name=\"your-name\"><input size=\"40\" maxlength=\"400\" class=\"wpcf7-form-control wpcf7-text wpcf7-validates-as-required\" aria-required=\"true\" aria-invalid=\"false\" placeholder=\"Seu nome\" value=\"\" type=\"text\" name=\"your-name\" \/><\/span>\n<\/p>\n<p><span class=\"wpcf7-form-control-wrap\" data-name=\"your-email\"><input size=\"40\" maxlength=\"400\" class=\"wpcf7-form-control wpcf7-email wpcf7-validates-as-required wpcf7-text wpcf7-validates-as-email\" aria-required=\"true\" aria-invalid=\"false\" placeholder=\"Seu e-mail\" value=\"\" type=\"email\" name=\"your-email\" \/><\/span>\n<\/p>\n<p><span class=\"wpcf7-form-control-wrap\" data-name=\"your-subject\"><input size=\"40\" maxlength=\"400\" class=\"wpcf7-form-control wpcf7-text wpcf7-validates-as-required\" aria-required=\"true\" aria-invalid=\"false\" placeholder=\"Assunto da mensagem\" value=\"\" type=\"text\" name=\"your-subject\" \/><\/span>\n<\/p>\n<p><span class=\"wpcf7-form-control-wrap\" data-name=\"your-message\"><textarea cols=\"40\" rows=\"10\" maxlength=\"2000\" class=\"wpcf7-form-control wpcf7-textarea\" aria-invalid=\"false\" placeholder=\"Digite sua mensagem aqui...\" name=\"your-message\"><\/textarea><\/span>\n<\/p>\n<div style=\"display:none\">\n\t<p><span class=\"wpcf7-form-control-wrap form-url\" data-name=\"form-url\"><input type=\"text\" name=\"form-url\" class=\"wpcf7-form-control wpcf7-text wpcf7dtx wpcf7dtx-text\" aria-invalid=\"false\" value=\"https:\/\/glassbottlesmanufacturer.com\/pt\/pt\/wp-json\/wp\/v2\/product\/3474\"><\/span>\n\t<\/p>\n<\/div>\n<div style=\"margin-bottom:10px;\">\n\t<p><span class=\"wpcf7-form-control-wrap kc_captcha\" data-name=\"kc_captcha\"><span class=\"wpcf7-form-control wpcf7-radio\"><span class=\"captcha-image\" ><span class=\"cf7ic_instructions\">Please prove you are human by selecting the<span> truck<\/span>.<\/span><label><input aria-label=\"1\" type=\"radio\" name=\"kc_captcha\" value=\"bot\" \/><svg aria-hidden=\"true\" role=\"img\" xmlns=\"http:\/\/www.w3.org\/2000\/svg\" viewbox=\"0 0 640 512\"><path fill=\"currentColor\" d=\"M192 384h192c53 0 96-43 96-96h32a128 128 0 000-256H120c-13 0-24 11-24 24v232c0 53 43 96 96 96zM512 96a64 64 0 010 128h-32V96h32zm48 384H48c-47 0-61-64-36-64h584c25 0 11 64-36 64z\"\/><\/svg><\/label><label><input aria-label=\"2\" type=\"radio\" name=\"kc_captcha\" value=\"bot\" \/><svg aria-hidden=\"true\" role=\"img\" xmlns=\"http:\/\/www.w3.org\/2000\/svg\" viewbox=\"0 0 512 512\"><path fill=\"currentColor\" d=\"M512 176a176 176 0 01-209 173l-24 27a24 24 0 01-18 8h-37v40c0 13-11 24-24 24h-40v40c0 13-11 24-24 24H24c-13 0-24-11-24-24v-78c0-6 3-13 7-17l162-162a176 176 0 11343-55zm-176-48a48 48 0 1096 0 48 48 0 00-96 0z\"\/><\/svg><\/label><label><input aria-label=\"3\" type=\"radio\" name=\"kc_captcha\" value=\"kc_human\" \/><svg aria-hidden=\"true\" role=\"img\" xmlns=\"http:\/\/www.w3.org\/2000\/svg\" viewbox=\"0 0 640 512\"><path fill=\"currentColor\" d=\"M624 352h-16V244c0-13-5-25-14-34L494 110c-9-9-21-14-34-14h-44V48c0-26-21-48-48-48H48C22 0 0 22 0 48v320c0 27 22 48 48 48h16a96 96 0 00192 0h128a96 96 0 00192 0h48c9 0 16-7 16-16v-32c0-9-7-16-16-16zM160 464a48 48 0 110-96 48 48 0 010 96zm320 0a48 48 0 110-96 48 48 0 010 96zm80-208H416V144h44l100 100v12z\"\/><\/svg><\/label>\r\n    <\/span>\r\n    <span style=\"display:none\">\r\n        <input type=\"text\" name=\"kc_honeypot\">\r\n    <\/span><\/span><\/span>\n\t<\/p>\n<\/div>\n<p><input class=\"wpcf7-form-control wpcf7-submit has-spinner\" type=\"submit\" value=\"Envie sua mensagem\" \/>\n<\/p><p style=\"display: none !important;\" class=\"akismet-fields-container\" data-prefix=\"_wpcf7_ak_\"><label>&#916;<textarea name=\"_wpcf7_ak_hp_textarea\" cols=\"45\" rows=\"8\" maxlength=\"100\"><\/textarea><\/label><input type=\"hidden\" id=\"ak_js_1\" name=\"_wpcf7_ak_js\" value=\"242\"\/><script>document.getElementById( \"ak_js_1\" ).setAttribute( \"value\", ( new Date() ).getTime() );<\/script><\/p><div class=\"wpcf7-response-output\" aria-hidden=\"true\"><\/div>\n<input type=\"hidden\" name=\"trp-form-language\" value=\"pt\"\/><\/form>\n<\/div>\n<\/div>","protected":false},"excerpt":{"rendered":"<table id=\"tablepress-12\" class=\"tablepress tablepress-id-12\">\n<thead>\n<tr class=\"row-1\">\n\t<th class=\"column-1\">NOME DO PRODUTO<\/th><th class=\"column-2\">GARRAFA DE BRANDY DE LUXO DE 750 ML COM ROLHA COMPOSTA<\/th>\n<\/tr>\n<\/thead>\n<tbody class=\"row-striping row-hover\">\n<tr class=\"row-2\">\n\t<td class=\"column-1\">TAMANHO DO FRASCO<\/td><td class=\"column-2\">750ML<\/td>\n<\/tr>\n<tr class=\"row-3\">\n\t<td class=\"column-1\">MATERIAL<\/td><td class=\"column-2\">Vidro tipo 1<\/td>\n<\/tr>\n<tr class=\"row-4\">\n\t<td class=\"column-1\">COR<\/td><td class=\"column-2\">Extra White Clear<\/td>\n<\/tr>\n<tr class=\"row-5\">\n\t<td class=\"column-1\">ACABAMENTO DO PESCO\u00c7O<\/td><td class=\"column-2\">Tampo da barra<\/td>\n<\/tr>\n<tr class=\"row-6\">\n\t<td class=\"column-1\">FORMATO DO FRASCO<\/td><td class=\"column-2\">Plano<\/td>\n<\/tr>\n<tr class=\"row-7\">\n\t<td class=\"column-1\">PESO DO FRASCO<\/td><td class=\"column-2\">850G<\/td>\n<\/tr>\n<tr class=\"row-8\">\n\t<td class=\"column-1\">ALTURA DO FRASCO<\/td><td class=\"column-2\">228MM\u00b12MM<\/td>\n<\/tr>\n<tr class=\"row-9\">\n\t<td class=\"column-1\">DI\u00c2METRO DO FRASCO<\/td><td class=\"column-2\">92,3MM\u00b12MM<\/td>\n<\/tr>\n<\/tbody>\n<\/table>\n<!-- #tablepress-12 from cache -->","protected":false},"featured_media":3738,"comment_status":"open","ping_status":"closed","template":"","meta":[],"product_brand":[],"product_cat":[68],"product_tag":[],"class_list":{"0":"post-3474","1":"product","2":"type-product","3":"status-publish","4":"has-post-thumbnail","6":"product_cat-750ml-glass-bottles","7":"entry","8":"has-media","10":"first","11":"instock","12":"shipping-taxable","13":"product-type-simple"},"_links":{"self":[{"href":"https:\/\/glassbottlesmanufacturer.com\/pt\/wp-json\/wp\/v2\/product\/3474","targetHints":{"allow":["GET"]}}],"collection":[{"href":"https:\/\/glassbottlesmanufacturer.com\/pt\/wp-json\/wp\/v2\/product"}],"about":[{"href":"https:\/\/glassbottlesmanufacturer.com\/pt\/wp-json\/wp\/v2\/types\/product"}],"replies":[{"embeddable":true,"href":"https:\/\/glassbottlesmanufacturer.com\/pt\/wp-json\/wp\/v2\/comments?post=3474"}],"wp:featuredmedia":[{"embeddable":true,"href":"https:\/\/glassbottlesmanufacturer.com\/pt\/wp-json\/wp\/v2\/media\/3738"}],"wp:attachment":[{"href":"https:\/\/glassbottlesmanufacturer.com\/pt\/wp-json\/wp\/v2\/media?parent=3474"}],"wp:term":[{"taxonomy":"product_brand","embeddable":true,"href":"https:\/\/glassbottlesmanufacturer.com\/pt\/wp-json\/wp\/v2\/product_brand?post=3474"},{"taxonomy":"product_cat","embeddable":true,"href":"https:\/\/glassbottlesmanufacturer.com\/pt\/wp-json\/wp\/v2\/product_cat?post=3474"},{"taxonomy":"product_tag","embeddable":true,"href":"https:\/\/glassbottlesmanufacturer.com\/pt\/wp-json\/wp\/v2\/product_tag?post=3474"}],"curies":[{"name":"wp","href":"https:\/\/api.w.org\/{rel}","templated":true}]}}