{"id":3901,"date":"2017-10-21T07:13:05","date_gmt":"2017-10-21T07:13:05","guid":{"rendered":"https:\/\/glassbottlesmanufacturer.com\/?post_type=product&#038;p=3901"},"modified":"2024-03-18T12:17:24","modified_gmt":"2024-03-18T12:17:24","slug":"50cl-glass-bottles-clear-vodka-bottles","status":"publish","type":"product","link":"https:\/\/glassbottlesmanufacturer.com\/pt\/atacado\/50cl-glass-bottles-clear-vodka-bottles\/","title":{"rendered":"GARRAFAS DE VIDRO DE 50CL GARRAFAS DE VODCA TRANSPARENTES"},"content":{"rendered":"<p>Hot sale round 50cl glass bottles made of super flint glass material, owns a thick base highlight the bottle quality. The 50cl glass bottle has a thin bottom and wide shoulder top. Different sealing types are available, such as the glass stopper, the big diameter wood corks.<\/p>\n<h4><strong>Aplica\u00e7\u00e3o de decora\u00e7\u00e3o<\/strong><\/h4>\n<p>HIKING &#8211; Glass liquor bottle manufacturers offer an abundant of 50cl glass bottles. You can enjoy one stop service from HIKING glass bottle factory, such as printing logo on frosted glass bottles, spraying colors on the clear surface, and UV electroplating glossy and shiny colors to improve the market grade.<\/p>\n<h4><strong>Informa\u00e7\u00f5es sobre remessa\/frete<\/strong><\/h4>\n<ul>\n<li>Frascos de vidro simples Em estoque de 5 a 10 dias.<\/li>\n<\/ul>\n<p>HIKING glass bottle manufacturer supply sufficient stock for white 50cl glass bottles. HIKING Glass bottle factory can deliver the cargo with one week for stock glass bottles if use our standard packaging method. For custom colored box packaging, it will take longer time.<\/p>\n<ul>\n<li>Estoque de produ\u00e7\u00e3o de 7 a 15 dias<\/li>\n<\/ul>\n<p>If the fashion glass rum bottles are available at HIKING production line, then we can update the glass bottle schedule to make fast delivery real. One week for plain 50cl glass bottles without any decoration. Two weeks for 50cl glass bottles with decoration, like silk screen printing, frosting, spraying, electroplating, etc.<\/p>\n<ul>\n<li>Pedido especial de 20 a 30 dias<\/li>\n<\/ul>\n<p>HIKING glass bottle company has developed thousands of glass bottle molds in past 10 years. Mostly of the whiskey bottles are hot sale in many countries, mainly for 750ml vodka bottle, 700ml brandy bottle, 75cl whiskey glass bottle, and 500ml cognac spirits glass bottles. If distillery company choose from HIKING exist glass bottle designs, then it will save on mold cost, and quicker delivery time. These 50cl glass bottles available for a fast run instead of improving new mold. For standard packaging way, it usually takes 20 days for bulk glass bottle purchasing. And, 30 days for special packaging, like colored box.<\/p>\n<ul>\n<li>Pedido personalizado 40 dias<\/li>\n<\/ul>\n<p>Some distillery company owns their exclusive liquor packaging, so they have their own glass bottle packaging. In this way, if they provide their glass bottle drawing, or glass bottle sample, even a glass bottle picture, HIKING glass bottle supplier will develop or copy a same glass bottle. We can emboss logo on 50cl glass bottles and engrave pattern on glass liquor bottles. It takes 15 days to make the glass bottle mold and finish the glass bottle samples. An official glass bottle order starts after the liquor bottle samples approved by clients.<\/p>\n<h4><strong>Embalagem de garrafas de vidro<\/strong><\/h4>\n<p>A f\u00e1brica de garrafas de vidro da HIKING fornece uma embalagem segura para transporte de longo prazo e de longa dist\u00e2ncia, tanto em terra quanto no mar. Nossos engenheiros fornecem alguns m\u00e9todos diferentes de embalagem para satisfazer as exig\u00eancias do cliente. Oferecemos as solu\u00e7\u00f5es de embalagem de garrafas de vidro mais econ\u00f4micas, dependendo do custo m\u00faltiplo causado no pa\u00eds do cliente.<\/p>\n<ul>\n<li>Embalagem cartonada padr\u00e3o<\/li>\n<\/ul>\n<p>Carton packaging is ideal for 50cl glass bottles with decoration, like printing glass bottles, and colored glass bottles. There are cardboard separations divide each bottle, avoid from friction. Carton packaging is widely used in the countries where the labor cost is low.<\/p>\n<ul>\n<li>Embalagem de paletes (sem fumiga\u00e7\u00e3o)<\/li>\n<\/ul>\n<p>A embalagem em palete \u00e9 normalmente usada para garrafas de u\u00edsque simples, garrafas de vidro transparente sem qualquer manuseio de superf\u00edcie. A vantagem da embalagem em palete \u00e9 a facilidade de carregamento e descarregamento. Cada garrafa \u00e9 embrulhada em um jornal ou saco de PE, fixado em cada espa\u00e7o separado. A embalagem em palete \u00e9 amplamente utilizada em pa\u00edses onde o custo da m\u00e3o de obra \u00e9 alto.<\/p>\n<ul>\n<li>Embalagem de caixa colorida personalizada<\/li>\n<\/ul>\n<p>O fabricante de garrafas de vidro para bebidas alco\u00f3licas da HIKING tamb\u00e9m aceita embalagens coloridas. A empresa de destilaria geralmente aplica 6 garrafas de vidro por caixa ou 12 garrafas de vidro por caixa. A HIKING desenvolveu uma nova caixa de embalagem sem veda\u00e7\u00e3o de fita, forte o suficiente para os varejistas de bebidas alco\u00f3licas. A caixa tem acabamento em cores brilhantes e foscas, dependendo da demanda do cliente. Para tornar a caixa segura e em caso de arranh\u00f5es, a caixa colorida ser\u00e1 colocada em paletes e protegida por filme pl\u00e1stico.<\/p>\n<h4><strong>Welcome to contact with our sales team for affordable offer, and buy good quality 50cl glass bottles.<\/strong><\/h4>\n<div>\n<div class=\"wpcf7 no-js\" id=\"wpcf7-f19-o1\" lang=\"en-US\" dir=\"ltr\" data-wpcf7-id=\"19\">\n<div class=\"screen-reader-response\"><p role=\"status\" aria-live=\"polite\" aria-atomic=\"true\"><\/p> <ul><\/ul><\/div>\n<form action=\"\/pt\/wp-json\/wp\/v2\/product\/3901#wpcf7-f19-o1\" method=\"post\" class=\"wpcf7-form init\" aria-label=\"Contact form\" novalidate=\"novalidate\" data-status=\"init\" data-trp-original-action=\"\/pt\/wp-json\/wp\/v2\/product\/3901#wpcf7-f19-o1\">\n<fieldset class=\"hidden-fields-container\"><input type=\"hidden\" name=\"_wpcf7\" value=\"19\" \/><input type=\"hidden\" name=\"_wpcf7_version\" value=\"6.1.5\" \/><input type=\"hidden\" name=\"_wpcf7_locale\" value=\"en_US\" \/><input type=\"hidden\" name=\"_wpcf7_unit_tag\" value=\"wpcf7-f19-o1\" \/><input type=\"hidden\" name=\"_wpcf7_container_post\" value=\"0\" \/><input type=\"hidden\" name=\"_wpcf7_posted_data_hash\" value=\"\" \/><input type=\"hidden\" name=\"_wpcf7dtx_version\" value=\"5.0.5\" \/>\n<\/fieldset>\n<p hidden><span class=\"wpcf7-form-control-wrap dynamictext-312\" data-name=\"dynamictext-312\"><input type=\"text\" name=\"dynamictext-312\" class=\"wpcf7-form-control wpcf7-text wpcf7dtx wpcf7dtx-text\" aria-invalid=\"false\" value=\"50CL GLASS BOTTLES CLEAR VODKA BOTTLES\"><\/span>\n<\/p>\n<p><span class=\"wpcf7-form-control-wrap\" data-name=\"your-name\"><input size=\"40\" maxlength=\"400\" class=\"wpcf7-form-control wpcf7-text wpcf7-validates-as-required\" aria-required=\"true\" aria-invalid=\"false\" placeholder=\"Seu nome\" value=\"\" type=\"text\" name=\"your-name\" \/><\/span>\n<\/p>\n<p><span class=\"wpcf7-form-control-wrap\" data-name=\"your-email\"><input size=\"40\" maxlength=\"400\" class=\"wpcf7-form-control wpcf7-email wpcf7-validates-as-required wpcf7-text wpcf7-validates-as-email\" aria-required=\"true\" aria-invalid=\"false\" placeholder=\"Seu e-mail\" value=\"\" type=\"email\" name=\"your-email\" \/><\/span>\n<\/p>\n<p><span class=\"wpcf7-form-control-wrap\" data-name=\"your-subject\"><input size=\"40\" maxlength=\"400\" class=\"wpcf7-form-control wpcf7-text wpcf7-validates-as-required\" aria-required=\"true\" aria-invalid=\"false\" placeholder=\"Assunto da mensagem\" value=\"\" type=\"text\" name=\"your-subject\" \/><\/span>\n<\/p>\n<p><span class=\"wpcf7-form-control-wrap\" data-name=\"your-message\"><textarea cols=\"40\" rows=\"10\" maxlength=\"2000\" class=\"wpcf7-form-control wpcf7-textarea\" aria-invalid=\"false\" placeholder=\"Digite sua mensagem aqui...\" name=\"your-message\"><\/textarea><\/span>\n<\/p>\n<div style=\"display:none\">\n\t<p><span class=\"wpcf7-form-control-wrap form-url\" data-name=\"form-url\"><input type=\"text\" name=\"form-url\" class=\"wpcf7-form-control wpcf7-text wpcf7dtx wpcf7dtx-text\" aria-invalid=\"false\" value=\"https:\/\/glassbottlesmanufacturer.com\/pt\/pt\/wp-json\/wp\/v2\/product\/3901\"><\/span>\n\t<\/p>\n<\/div>\n<div style=\"margin-bottom:10px;\">\n\t<p><span class=\"wpcf7-form-control-wrap kc_captcha\" data-name=\"kc_captcha\"><span class=\"wpcf7-form-control wpcf7-radio\"><span class=\"captcha-image\" ><span class=\"cf7ic_instructions\">Please prove you are human by selecting the<span> cup<\/span>.<\/span><label><input aria-label=\"1\" type=\"radio\" name=\"kc_captcha\" value=\"bot\" \/><svg aria-hidden=\"true\" role=\"img\" xmlns=\"http:\/\/www.w3.org\/2000\/svg\" viewbox=\"0 0 576 512\"><path fill=\"currentColor\" d=\"M488 313v143c0 13-11 24-24 24H348c-7 0-12-5-12-12V356c0-7-5-12-12-12h-72c-7 0-12 5-12 12v112c0 7-5 12-12 12H112c-13 0-24-11-24-24V313c0-4 2-7 4-10l188-154c5-4 11-4 16 0l188 154c2 3 4 6 4 10zm84-61l-84-69V44c0-6-5-12-12-12h-56c-7 0-12 6-12 12v73l-89-74a48 48 0 00-61 0L4 252c-5 4-5 12-1 17l25 31c5 5 12 5 17 1l235-193c5-4 11-4 16 0l235 193c5 5 13 4 17-1l25-31c4-6 4-13-1-17z\"\/><\/svg><\/label><label><input aria-label=\"2\" type=\"radio\" name=\"kc_captcha\" value=\"kc_human\" \/><svg aria-hidden=\"true\" role=\"img\" xmlns=\"http:\/\/www.w3.org\/2000\/svg\" viewbox=\"0 0 640 512\"><path fill=\"currentColor\" d=\"M192 384h192c53 0 96-43 96-96h32a128 128 0 000-256H120c-13 0-24 11-24 24v232c0 53 43 96 96 96zM512 96a64 64 0 010 128h-32V96h32zm48 384H48c-47 0-61-64-36-64h584c25 0 11 64-36 64z\"\/><\/svg><\/label><label><input aria-label=\"3\" type=\"radio\" name=\"kc_captcha\" value=\"bot\" \/><svg aria-hidden=\"true\" role=\"img\" xmlns=\"http:\/\/www.w3.org\/2000\/svg\" viewbox=\"0 0 576 512\"><path fill=\"currentColor\" d=\"M472 200H360L256 6a12 12 0 00-10-6h-58c-8 0-14 7-12 15l34 185H100l-35-58a12 12 0 00-10-6H12c-8 0-13 7-12 14l21 106L0 362c-1 7 4 14 12 14h43c4 0 8-2 10-6l35-58h110l-34 185c-2 8 4 15 12 15h58a12 12 0 0010-6l104-194h112c57 0 104-25 104-56s-47-56-104-56z\"\/><\/svg><\/label>\r\n    <\/span>\r\n    <span style=\"display:none\">\r\n        <input type=\"text\" name=\"kc_honeypot\">\r\n    <\/span><\/span><\/span>\n\t<\/p>\n<\/div>\n<p><input class=\"wpcf7-form-control wpcf7-submit has-spinner\" type=\"submit\" value=\"Envie sua mensagem\" \/>\n<\/p><p style=\"display: none !important;\" class=\"akismet-fields-container\" data-prefix=\"_wpcf7_ak_\"><label>&#916;<textarea name=\"_wpcf7_ak_hp_textarea\" cols=\"45\" rows=\"8\" maxlength=\"100\"><\/textarea><\/label><input type=\"hidden\" id=\"ak_js_1\" name=\"_wpcf7_ak_js\" value=\"232\"\/><script>document.getElementById( \"ak_js_1\" ).setAttribute( \"value\", ( new Date() ).getTime() );<\/script><\/p><div class=\"wpcf7-response-output\" aria-hidden=\"true\"><\/div>\n<input type=\"hidden\" name=\"trp-form-language\" value=\"pt\"\/><\/form>\n<\/div>\n<\/div>","protected":false},"excerpt":{"rendered":"<table id=\"tablepress-34\" class=\"tablepress tablepress-id-34\">\n<thead>\n<tr class=\"row-1\">\n\t<th class=\"column-1\">NOME DO PRODUTO<\/th><th class=\"column-2\">GARRAFAS DE VIDRO DE 50CL GARRAFAS DE VODCA TRANSPARENTES<\/th>\n<\/tr>\n<\/thead>\n<tbody class=\"row-striping row-hover\">\n<tr class=\"row-2\">\n\t<td class=\"column-1\">TAMANHO DO FRASCO<\/td><td class=\"column-2\">50cl<\/td>\n<\/tr>\n<tr class=\"row-3\">\n\t<td class=\"column-1\">MATERIAL<\/td><td class=\"column-2\">Primeira s\u00e9rie<\/td>\n<\/tr>\n<tr class=\"row-4\">\n\t<td class=\"column-1\">COR<\/td><td class=\"column-2\">Branco<\/td>\n<\/tr>\n<tr class=\"row-5\">\n\t<td class=\"column-1\">ACABAMENTO DO PESCO\u00c7O<\/td><td class=\"column-2\">Top de corti\u00e7a<\/td>\n<\/tr>\n<tr class=\"row-6\">\n\t<td class=\"column-1\">FORMATO DO FRASCO<\/td><td class=\"column-2\">Redondo<\/td>\n<\/tr>\n<tr class=\"row-7\">\n\t<td class=\"column-1\">PESO DO FRASCO<\/td><td class=\"column-2\">580G<\/td>\n<\/tr>\n<tr class=\"row-8\">\n\t<td class=\"column-1\">ALTURA DO FRASCO<\/td><td class=\"column-2\">228MM\u00b12MM<\/td>\n<\/tr>\n<tr class=\"row-9\">\n\t<td class=\"column-1\">DI\u00c2METRO DO FRASCO<\/td><td class=\"column-2\">92,4MM\u00b12MM<\/td>\n<\/tr>\n<\/tbody>\n<\/table>\n<!-- #tablepress-34 from cache -->","protected":false},"featured_media":3904,"comment_status":"open","ping_status":"closed","template":"","meta":[],"product_brand":[],"product_cat":[66],"product_tag":[],"class_list":{"0":"post-3901","1":"product","2":"type-product","3":"status-publish","4":"has-post-thumbnail","6":"product_cat-500ml-glass-bottles","7":"entry","8":"has-media","10":"first","11":"instock","12":"shipping-taxable","13":"product-type-simple"},"_links":{"self":[{"href":"https:\/\/glassbottlesmanufacturer.com\/pt\/wp-json\/wp\/v2\/product\/3901","targetHints":{"allow":["GET"]}}],"collection":[{"href":"https:\/\/glassbottlesmanufacturer.com\/pt\/wp-json\/wp\/v2\/product"}],"about":[{"href":"https:\/\/glassbottlesmanufacturer.com\/pt\/wp-json\/wp\/v2\/types\/product"}],"replies":[{"embeddable":true,"href":"https:\/\/glassbottlesmanufacturer.com\/pt\/wp-json\/wp\/v2\/comments?post=3901"}],"wp:featuredmedia":[{"embeddable":true,"href":"https:\/\/glassbottlesmanufacturer.com\/pt\/wp-json\/wp\/v2\/media\/3904"}],"wp:attachment":[{"href":"https:\/\/glassbottlesmanufacturer.com\/pt\/wp-json\/wp\/v2\/media?parent=3901"}],"wp:term":[{"taxonomy":"product_brand","embeddable":true,"href":"https:\/\/glassbottlesmanufacturer.com\/pt\/wp-json\/wp\/v2\/product_brand?post=3901"},{"taxonomy":"product_cat","embeddable":true,"href":"https:\/\/glassbottlesmanufacturer.com\/pt\/wp-json\/wp\/v2\/product_cat?post=3901"},{"taxonomy":"product_tag","embeddable":true,"href":"https:\/\/glassbottlesmanufacturer.com\/pt\/wp-json\/wp\/v2\/product_tag?post=3901"}],"curies":[{"name":"wp","href":"https:\/\/api.w.org\/{rel}","templated":true}]}}