{"id":4135,"date":"2017-10-31T09:24:29","date_gmt":"2017-10-31T09:24:29","guid":{"rendered":"https:\/\/glassbottlesmanufacturer.com\/?post_type=product&#038;p=4135"},"modified":"2018-03-29T13:58:31","modified_gmt":"2018-03-29T13:58:31","slug":"fabricante-de-garrafas-de-vidro-de-tequila-vazias","status":"publish","type":"product","link":"https:\/\/glassbottlesmanufacturer.com\/pt\/atacado\/fabricante-de-garrafas-de-vidro-de-tequila-vazias\/","title":{"rendered":"FABRICANTE DE GARRAFAS DE VIDRO DE TEQUILA VAZIAS"},"content":{"rendered":"<p>Fabricante de garrafas de vidro de tequila vazias, h\u00e1 um arco de linhas suaves do ombro at\u00e9 o fundo da garrafa. Parece uma grande ab\u00f3bora, que simboliza a fonte de alimento. A garrafa usa um selo de corti\u00e7a de madeira natural com tampa grande.<\/p>\n<h4><strong><b>Aplica\u00e7\u00e3o de decora\u00e7\u00e3o<\/b><\/strong><\/h4>\n<p>O fabricante de garrafas de vidro HIKING oferece uma abund\u00e2ncia de decora\u00e7\u00f5es profundas e manuseio de v\u00e1rias superf\u00edcies para o fabricante de garrafas de vidro de tequila vazias. Voc\u00ea pode desfrutar de um servi\u00e7o completo da f\u00e1brica de garrafas de vidro da HIKING, como impress\u00e3o do logotipo em garrafas de vidro fosco, pulveriza\u00e7\u00e3o de cores na superf\u00edcie transparente e galvanoplastia UV com cores brilhantes e lustrosas para melhorar a qualidade do mercado.<\/p>\n<h4><strong><b>Informa\u00e7\u00f5es sobre remessa\/frete<\/b><\/strong><\/h4>\n<ul>\n<li>Frascos de vidro simples Em estoque de 5 a 10 dias.<\/li>\n<\/ul>\n<p>O fabricante de garrafas de vidro HIKING fornece estoque suficiente para o fabricante de garrafas de vidro de tequila vazias. A f\u00e1brica de garrafas de vidro HIKING pode entregar a carga em uma semana para garrafas de vidro em estoque se usar nosso m\u00e9todo de embalagem padr\u00e3o. Para embalagem de caixa colorida personalizada, levar\u00e1 mais tempo.<\/p>\n<ul>\n<li>Estoque de produ\u00e7\u00e3o de 7 a 15 dias<\/li>\n<\/ul>\n<p>Se a garrafa de vidro de tequila vazia estiver dispon\u00edvel na linha de produ\u00e7\u00e3o da HIKING, poderemos atualizar o cronograma da garrafa de vidro para tornar real a entrega r\u00e1pida. Uma semana para garrafas de conhaque super flint simples sem qualquer decora\u00e7\u00e3o. Duas semanas para garrafas de rum com decora\u00e7\u00e3o, como impress\u00e3o em tela de seda, cobertura, pulveriza\u00e7\u00e3o, galvanoplastia etc.<\/p>\n<ul>\n<li>Pedido especial de 20 a 30 dias<\/li>\n<\/ul>\n<p>A empresa de garrafas de vidro HIKING desenvolveu milhares de moldes de garrafas de vidro nos \u00faltimos 10 anos. A maioria das garrafas de u\u00edsque \u00e9 muito vendida em muitos pa\u00edses, principalmente para garrafas de vodca de 750 ml, garrafas de conhaque de 700 ml, garrafas de vidro de u\u00edsque de 75cl e garrafas de vidro de conhaque de 500 ml. Se a empresa de destilaria escolher os designs de garrafa de vidro existentes na HIKING, ela economizar\u00e1 no custo do molde e ter\u00e1 um tempo de entrega mais r\u00e1pido. Essas garrafas de vidro de tequila vazias est\u00e3o dispon\u00edveis para uma execu\u00e7\u00e3o r\u00e1pida em vez de melhorar o novo molde. Para a forma de embalagem padr\u00e3o, geralmente leva 20 dias para a compra de garrafas de vidro a granel. E 30 dias para embalagem especial, como caixa colorida.<\/p>\n<ul>\n<li>Pedido personalizado 40 dias<\/li>\n<\/ul>\n<p>Algumas empresas de destilaria possuem suas embalagens exclusivas de bebidas alco\u00f3licas e, portanto, t\u00eam suas pr\u00f3prias embalagens de garrafas de vidro. Dessa forma, se eles fornecerem o desenho da garrafa de vidro ou a amostra da garrafa de vidro, at\u00e9 mesmo uma foto da garrafa de vidro, o fornecedor de garrafas de vidro da HIKING desenvolver\u00e1 ou copiar\u00e1 a mesma garrafa de vidro. Podemos gravar o logotipo na garrafa de vidro vazia de tequila e gravar o padr\u00e3o nas garrafas de vidro de licor. Demora 15 dias para fazer o molde da garrafa de vidro e terminar as amostras da garrafa de vidro. Um pedido oficial de garrafa de vidro come\u00e7a ap\u00f3s a aprova\u00e7\u00e3o das amostras de garrafa de licor pelos clientes.<\/p>\n<h4><strong><b>Embalagem de garrafas de vidro<\/b><\/strong><\/h4>\n<p>A f\u00e1brica de garrafas de vidro da HIKING fornece uma embalagem segura para transporte de longo prazo e de longa dist\u00e2ncia, tanto em terra quanto no mar. Nossos engenheiros fornecem alguns m\u00e9todos diferentes de embalagem para satisfazer as exig\u00eancias do cliente. Oferecemos as solu\u00e7\u00f5es de embalagem de garrafas de vidro mais econ\u00f4micas, dependendo do custo m\u00faltiplo causado no pa\u00eds do cliente.<\/p>\n<ul>\n<li>Embalagem cartonada padr\u00e3o<\/li>\n<\/ul>\n<p>A embalagem cartonada \u00e9 ideal para garrafas de vidro de tequila vazias com decora\u00e7\u00e3o, como garrafas de vidro com impress\u00e3o e garrafas de vidro coloridas. H\u00e1 separa\u00e7\u00f5es de papel\u00e3o que dividem cada garrafa, evitando o atrito. A embalagem cartonada \u00e9 amplamente usada em pa\u00edses onde o custo da m\u00e3o de obra \u00e9 baixo.<\/p>\n<ul>\n<li>Embalagem de paletes (sem fumiga\u00e7\u00e3o)<\/li>\n<\/ul>\n<p>A embalagem em palete \u00e9 normalmente usada para garrafas de u\u00edsque simples, garrafas de vidro transparente sem qualquer manuseio de superf\u00edcie. A vantagem da embalagem em palete \u00e9 a facilidade de carregamento e descarregamento. Cada garrafa \u00e9 embrulhada em um jornal ou saco de PE, fixado em cada espa\u00e7o separado. A embalagem em palete \u00e9 amplamente utilizada em pa\u00edses onde o custo da m\u00e3o de obra \u00e9 alto.<\/p>\n<ul>\n<li>Embalagem de caixa colorida personalizada<\/li>\n<\/ul>\n<p>O fabricante de garrafas de vidro para bebidas alco\u00f3licas da HIKING tamb\u00e9m aceita embalagens coloridas. A empresa de destilaria geralmente aplica 6 garrafas de vidro por caixa ou 12 garrafas de vidro por caixa. A HIKING desenvolveu uma nova caixa de embalagem sem veda\u00e7\u00e3o de fita, forte o suficiente para os varejistas de bebidas alco\u00f3licas. A caixa tem acabamento em cores brilhantes e foscas, dependendo da demanda do cliente. Para tornar a caixa segura e em caso de arranh\u00f5es, a caixa colorida ser\u00e1 colocada em paletes e protegida por filme pl\u00e1stico.<\/p>\n<h4><strong><b>Entre em contato com nossa equipe de vendas para obter informa\u00e7\u00f5es sobre <\/b><\/strong><strong><b>Garrafa de vidro de tequila vazia.<\/b><\/strong><\/h4>\n<div>\n<div class=\"wpcf7 no-js\" id=\"wpcf7-f19-o1\" lang=\"en-US\" dir=\"ltr\" data-wpcf7-id=\"19\">\n<div class=\"screen-reader-response\"><p role=\"status\" aria-live=\"polite\" aria-atomic=\"true\"><\/p> <ul><\/ul><\/div>\n<form action=\"\/pt\/wp-json\/wp\/v2\/product\/4135#wpcf7-f19-o1\" method=\"post\" class=\"wpcf7-form init\" aria-label=\"Contact form\" novalidate=\"novalidate\" data-status=\"init\" data-trp-original-action=\"\/pt\/wp-json\/wp\/v2\/product\/4135#wpcf7-f19-o1\">\n<fieldset class=\"hidden-fields-container\"><input type=\"hidden\" name=\"_wpcf7\" value=\"19\" \/><input type=\"hidden\" name=\"_wpcf7_version\" value=\"6.1.5\" \/><input type=\"hidden\" name=\"_wpcf7_locale\" value=\"en_US\" \/><input type=\"hidden\" name=\"_wpcf7_unit_tag\" value=\"wpcf7-f19-o1\" \/><input type=\"hidden\" name=\"_wpcf7_container_post\" value=\"0\" \/><input type=\"hidden\" name=\"_wpcf7_posted_data_hash\" value=\"\" \/><input type=\"hidden\" name=\"_wpcf7dtx_version\" value=\"5.0.5\" \/>\n<\/fieldset>\n<p hidden><span class=\"wpcf7-form-control-wrap dynamictext-312\" data-name=\"dynamictext-312\"><input type=\"text\" name=\"dynamictext-312\" class=\"wpcf7-form-control wpcf7-text wpcf7dtx wpcf7dtx-text\" aria-invalid=\"false\" value=\"EMPTY TEQUILA GLASS BOTTLE MANUFACTURER\"><\/span>\n<\/p>\n<p><span class=\"wpcf7-form-control-wrap\" data-name=\"your-name\"><input size=\"40\" maxlength=\"400\" class=\"wpcf7-form-control wpcf7-text wpcf7-validates-as-required\" aria-required=\"true\" aria-invalid=\"false\" placeholder=\"Seu nome\" value=\"\" type=\"text\" name=\"your-name\" \/><\/span>\n<\/p>\n<p><span class=\"wpcf7-form-control-wrap\" data-name=\"your-email\"><input size=\"40\" maxlength=\"400\" class=\"wpcf7-form-control wpcf7-email wpcf7-validates-as-required wpcf7-text wpcf7-validates-as-email\" aria-required=\"true\" aria-invalid=\"false\" placeholder=\"Seu e-mail\" value=\"\" type=\"email\" name=\"your-email\" \/><\/span>\n<\/p>\n<p><span class=\"wpcf7-form-control-wrap\" data-name=\"your-subject\"><input size=\"40\" maxlength=\"400\" class=\"wpcf7-form-control wpcf7-text wpcf7-validates-as-required\" aria-required=\"true\" aria-invalid=\"false\" placeholder=\"Assunto da mensagem\" value=\"\" type=\"text\" name=\"your-subject\" \/><\/span>\n<\/p>\n<p><span class=\"wpcf7-form-control-wrap\" data-name=\"your-message\"><textarea cols=\"40\" rows=\"10\" maxlength=\"2000\" class=\"wpcf7-form-control wpcf7-textarea\" aria-invalid=\"false\" placeholder=\"Digite sua mensagem aqui...\" name=\"your-message\"><\/textarea><\/span>\n<\/p>\n<div style=\"display:none\">\n\t<p><span class=\"wpcf7-form-control-wrap form-url\" data-name=\"form-url\"><input type=\"text\" name=\"form-url\" class=\"wpcf7-form-control wpcf7-text wpcf7dtx wpcf7dtx-text\" aria-invalid=\"false\" value=\"https:\/\/glassbottlesmanufacturer.com\/pt\/pt\/wp-json\/wp\/v2\/product\/4135\"><\/span>\n\t<\/p>\n<\/div>\n<div style=\"margin-bottom:10px;\">\n\t<p><span class=\"wpcf7-form-control-wrap kc_captcha\" data-name=\"kc_captcha\"><span class=\"wpcf7-form-control wpcf7-radio\"><span class=\"captcha-image\" ><span class=\"cf7ic_instructions\">Please prove you are human by selecting the<span> house<\/span>.<\/span><label><input aria-label=\"1\" type=\"radio\" name=\"kc_captcha\" value=\"bot\" \/><svg aria-hidden=\"true\" role=\"img\" xmlns=\"http:\/\/www.w3.org\/2000\/svg\" viewbox=\"0 0 576 512\"><path fill=\"currentColor\" d=\"M415 24c-53 0-103 42-127 65-24-23-74-65-127-65C70 24 16 77 16 166c0 72 67 133 69 135l187 181c9 8 23 8 32 0l187-180c2-3 69-64 69-136 0-89-54-142-145-142z\"\/><\/svg><\/label><label><input aria-label=\"2\" type=\"radio\" name=\"kc_captcha\" value=\"kc_human\" \/><svg aria-hidden=\"true\" role=\"img\" xmlns=\"http:\/\/www.w3.org\/2000\/svg\" viewbox=\"0 0 576 512\"><path fill=\"currentColor\" d=\"M488 313v143c0 13-11 24-24 24H348c-7 0-12-5-12-12V356c0-7-5-12-12-12h-72c-7 0-12 5-12 12v112c0 7-5 12-12 12H112c-13 0-24-11-24-24V313c0-4 2-7 4-10l188-154c5-4 11-4 16 0l188 154c2 3 4 6 4 10zm84-61l-84-69V44c0-6-5-12-12-12h-56c-7 0-12 6-12 12v73l-89-74a48 48 0 00-61 0L4 252c-5 4-5 12-1 17l25 31c5 5 12 5 17 1l235-193c5-4 11-4 16 0l235 193c5 5 13 4 17-1l25-31c4-6 4-13-1-17z\"\/><\/svg><\/label><label><input aria-label=\"3\" type=\"radio\" name=\"kc_captcha\" value=\"bot\" \/><svg aria-hidden=\"true\" role=\"img\" xmlns=\"http:\/\/www.w3.org\/2000\/svg\" viewbox=\"0 0 640 512\"><path fill=\"currentColor\" d=\"M192 384h192c53 0 96-43 96-96h32a128 128 0 000-256H120c-13 0-24 11-24 24v232c0 53 43 96 96 96zM512 96a64 64 0 010 128h-32V96h32zm48 384H48c-47 0-61-64-36-64h584c25 0 11 64-36 64z\"\/><\/svg><\/label>\r\n    <\/span>\r\n    <span style=\"display:none\">\r\n        <input type=\"text\" name=\"kc_honeypot\">\r\n    <\/span><\/span><\/span>\n\t<\/p>\n<\/div>\n<p><input class=\"wpcf7-form-control wpcf7-submit has-spinner\" type=\"submit\" value=\"Envie sua mensagem\" \/>\n<\/p><p style=\"display: none !important;\" class=\"akismet-fields-container\" data-prefix=\"_wpcf7_ak_\"><label>&#916;<textarea name=\"_wpcf7_ak_hp_textarea\" cols=\"45\" rows=\"8\" maxlength=\"100\"><\/textarea><\/label><input type=\"hidden\" id=\"ak_js_1\" name=\"_wpcf7_ak_js\" value=\"20\"\/><script>document.getElementById( \"ak_js_1\" ).setAttribute( \"value\", ( new Date() ).getTime() );<\/script><\/p><div class=\"wpcf7-response-output\" aria-hidden=\"true\"><\/div>\n<input type=\"hidden\" name=\"trp-form-language\" value=\"pt\"\/><\/form>\n<\/div>\n<\/div>","protected":false},"excerpt":{"rendered":"<table id=\"tablepress-91\" class=\"tablepress tablepress-id-91\">\n<thead>\n<tr class=\"row-1\">\n\t<th class=\"column-1\">NOME DO PRODUTO<\/th><th class=\"column-2\">FABRICANTE DE GARRAFAS DE VIDRO DE TEQUILA VAZIAS<\/th>\n<\/tr>\n<\/thead>\n<tbody class=\"row-striping row-hover\">\n<tr class=\"row-2\">\n\t<td class=\"column-1\">TAMANHO DO FRASCO<\/td><td class=\"column-2\">75CL<\/td>\n<\/tr>\n<tr class=\"row-3\">\n\t<td class=\"column-1\">MATERIAL<\/td><td class=\"column-2\">VIDRO SUPER FLINT<\/td>\n<\/tr>\n<tr class=\"row-4\">\n\t<td class=\"column-1\">COR<\/td><td class=\"column-2\">LIMPO<\/td>\n<\/tr>\n<tr class=\"row-5\">\n\t<td class=\"column-1\">ACABAMENTO DO PESCO\u00c7O<\/td><td class=\"column-2\">CORTI\u00c7A DE MADEIRA NATURAL<\/td>\n<\/tr>\n<tr class=\"row-6\">\n\t<td class=\"column-1\">FORMATO DO FRASCO<\/td><td class=\"column-2\">FALT<\/td>\n<\/tr>\n<tr class=\"row-7\">\n\t<td class=\"column-1\">PESO DO FRASCO<\/td><td class=\"column-2\">850G<\/td>\n<\/tr>\n<tr class=\"row-8\">\n\t<td class=\"column-1\">ALTURA DO FRASCO<\/td><td class=\"column-2\">212MM<\/td>\n<\/tr>\n<tr class=\"row-9\">\n\t<td class=\"column-1\">COMPRIMENTO DO FRASCO<\/td><td class=\"column-2\">155MM<\/td>\n<\/tr>\n<tr class=\"row-10\">\n\t<td class=\"column-1\">LARGURA DO FRASCO<\/td><td class=\"column-2\">56,5MM<\/td>\n<\/tr>\n<\/tbody>\n<\/table>\n<!-- #tablepress-91 from cache -->","protected":false},"featured_media":4141,"comment_status":"open","ping_status":"closed","template":"","meta":[],"product_brand":[],"product_cat":[66,67,68],"product_tag":[],"class_list":{"0":"post-4135","1":"product","2":"type-product","3":"status-publish","4":"has-post-thumbnail","6":"product_cat-500ml-glass-bottles","7":"product_cat-700ml-glass-bottles","8":"product_cat-750ml-glass-bottles","9":"entry","10":"has-media","12":"first","13":"instock","14":"shipping-taxable","15":"product-type-simple"},"_links":{"self":[{"href":"https:\/\/glassbottlesmanufacturer.com\/pt\/wp-json\/wp\/v2\/product\/4135","targetHints":{"allow":["GET"]}}],"collection":[{"href":"https:\/\/glassbottlesmanufacturer.com\/pt\/wp-json\/wp\/v2\/product"}],"about":[{"href":"https:\/\/glassbottlesmanufacturer.com\/pt\/wp-json\/wp\/v2\/types\/product"}],"replies":[{"embeddable":true,"href":"https:\/\/glassbottlesmanufacturer.com\/pt\/wp-json\/wp\/v2\/comments?post=4135"}],"wp:featuredmedia":[{"embeddable":true,"href":"https:\/\/glassbottlesmanufacturer.com\/pt\/wp-json\/wp\/v2\/media\/4141"}],"wp:attachment":[{"href":"https:\/\/glassbottlesmanufacturer.com\/pt\/wp-json\/wp\/v2\/media?parent=4135"}],"wp:term":[{"taxonomy":"product_brand","embeddable":true,"href":"https:\/\/glassbottlesmanufacturer.com\/pt\/wp-json\/wp\/v2\/product_brand?post=4135"},{"taxonomy":"product_cat","embeddable":true,"href":"https:\/\/glassbottlesmanufacturer.com\/pt\/wp-json\/wp\/v2\/product_cat?post=4135"},{"taxonomy":"product_tag","embeddable":true,"href":"https:\/\/glassbottlesmanufacturer.com\/pt\/wp-json\/wp\/v2\/product_tag?post=4135"}],"curies":[{"name":"wp","href":"https:\/\/api.w.org\/{rel}","templated":true}]}}