{"id":4279,"date":"2017-12-21T13:22:09","date_gmt":"2017-12-21T13:22:09","guid":{"rendered":"https:\/\/glassbottlesmanufacturer.com\/?post_type=product&#038;p=4279"},"modified":"2018-04-13T11:18:49","modified_gmt":"2018-04-13T11:18:49","slug":"garrafas-de-vidro-para-uisque-com-formato-quadrado-especial-700-ml-750-ml","status":"publish","type":"product","link":"https:\/\/glassbottlesmanufacturer.com\/pt\/atacado\/garrafas-de-vidro-para-uisque-com-formato-quadrado-especial-700-ml-750-ml\/","title":{"rendered":"GARRAFAS DE VIDRO PARA U\u00cdSQUE COM FORMATO QUADRADO ESPECIAL 700 ML 750 ML"},"content":{"rendered":"<p>Para aumentar o efeito art\u00edstico das garrafas de vidro para destilados, os designers de garrafas continuam aprendendo e criando mais inova\u00e7\u00f5es na fabrica\u00e7\u00e3o de garrafas para destilados. Depois que algumas garrafas cil\u00edndricas comuns foram produzidas em massa, as pessoas come\u00e7aram novas tentativas. As garrafas de licor tamb\u00e9m se tornaram formas da moda, trazendo as id\u00e9ias do licor, para que a forma seja mais exclusiva. Como a modelagem de sinos de u\u00edsque \u00e9 usada por muitas pessoas em bebidas alco\u00f3licas, o vinho Dulcong em uma s\u00e9rie de garrafas segue esse design, mas seu design de imita\u00e7\u00e3o de cer\u00e2mica tem mais caracter\u00edsticas chinesas.<\/p>\n<p>O gargalo da garrafa tamb\u00e9m \u00e9 uma forma de aprimorar a express\u00e3o art\u00edstica, colocando uma conota\u00e7\u00e3o cultural no design da garrafa. Algumas das alus\u00f5es e padr\u00f5es de design moral podem mostrar um sabor diferente da garrafa.<\/p>\n<h4>Detalhes da garrafa de vidro<\/h4>\n<p><img loading=\"lazy\" decoding=\"async\" class=\"alignleft wp-image-4463\" src=\"https:\/\/glassbottlesmanufacturer.com\/wp-content\/uploads\/2017\/12\/1.png\" alt=\"\" width=\"260\" height=\"260\" srcset=\"https:\/\/glassbottlesmanufacturer.com\/wp-content\/uploads\/2017\/12\/1.png 750w, https:\/\/glassbottlesmanufacturer.com\/wp-content\/uploads\/2017\/12\/1-300x300.png 300w, https:\/\/glassbottlesmanufacturer.com\/wp-content\/uploads\/2017\/12\/1-100x100.png 100w, https:\/\/glassbottlesmanufacturer.com\/wp-content\/uploads\/2017\/12\/1-600x600.png 600w, https:\/\/glassbottlesmanufacturer.com\/wp-content\/uploads\/2017\/12\/1-150x150.png 150w, https:\/\/glassbottlesmanufacturer.com\/wp-content\/uploads\/2017\/12\/1-180x180.png 180w, https:\/\/glassbottlesmanufacturer.com\/wp-content\/uploads\/2017\/12\/1-70x70.png 70w\" sizes=\"auto, (max-width: 260px) 100vw, 260px\" \/><\/p>\n<p><img loading=\"lazy\" decoding=\"async\" class=\"alignleft wp-image-4464\" src=\"https:\/\/glassbottlesmanufacturer.com\/wp-content\/uploads\/2017\/12\/2.png\" alt=\"garrafa de u\u00edsque\" width=\"260\" height=\"260\" srcset=\"https:\/\/glassbottlesmanufacturer.com\/wp-content\/uploads\/2017\/12\/2.png 750w, https:\/\/glassbottlesmanufacturer.com\/wp-content\/uploads\/2017\/12\/2-300x300.png 300w, https:\/\/glassbottlesmanufacturer.com\/wp-content\/uploads\/2017\/12\/2-100x100.png 100w, https:\/\/glassbottlesmanufacturer.com\/wp-content\/uploads\/2017\/12\/2-600x600.png 600w, https:\/\/glassbottlesmanufacturer.com\/wp-content\/uploads\/2017\/12\/2-150x150.png 150w, https:\/\/glassbottlesmanufacturer.com\/wp-content\/uploads\/2017\/12\/2-180x180.png 180w, https:\/\/glassbottlesmanufacturer.com\/wp-content\/uploads\/2017\/12\/2-70x70.png 70w\" sizes=\"auto, (max-width: 260px) 100vw, 260px\" \/><\/p>\n<p><img loading=\"lazy\" decoding=\"async\" class=\"alignleft wp-image-4465\" src=\"https:\/\/glassbottlesmanufacturer.com\/wp-content\/uploads\/2017\/12\/5.png\" alt=\"garrafa de u\u00edsque\" width=\"260\" height=\"260\" srcset=\"https:\/\/glassbottlesmanufacturer.com\/wp-content\/uploads\/2017\/12\/5.png 750w, https:\/\/glassbottlesmanufacturer.com\/wp-content\/uploads\/2017\/12\/5-300x300.png 300w, https:\/\/glassbottlesmanufacturer.com\/wp-content\/uploads\/2017\/12\/5-100x100.png 100w, https:\/\/glassbottlesmanufacturer.com\/wp-content\/uploads\/2017\/12\/5-600x600.png 600w, https:\/\/glassbottlesmanufacturer.com\/wp-content\/uploads\/2017\/12\/5-150x150.png 150w, https:\/\/glassbottlesmanufacturer.com\/wp-content\/uploads\/2017\/12\/5-180x180.png 180w, https:\/\/glassbottlesmanufacturer.com\/wp-content\/uploads\/2017\/12\/5-70x70.png 70w\" sizes=\"auto, (max-width: 260px) 100vw, 260px\" \/><\/p>\n<p>&nbsp;<\/p>\n<p>&nbsp;<\/p>\n<p>&nbsp;<\/p>\n<p>&nbsp;<\/p>\n<p>&nbsp;<\/p>\n<p>&nbsp;<\/p>\n<p>&nbsp;<\/p>\n<p><strong>Aplica\u00e7\u00e3o de decora\u00e7\u00e3o<\/strong><\/p>\n<ul>\n<li>Decalque e impress\u00e3o do logotipo em garrafas de u\u00edsque de vidro, o OEM \u00e9 muito bem-vindo.<\/li>\n<li>As garrafas de u\u00edsque de vidro Frost est\u00e3o se tornando populares para a embalagem de u\u00edsque.<\/li>\n<li>A grava\u00e7\u00e3o em relevo \u00e9 amplamente usada para garrafas de vidro personalizadas de whiseky, garrafas de brandy, garrafas de tequila e outras bebidas alco\u00f3licas. Gravamos ou gravamos o nome da marca ou o logotipo do cliente diretamente no vidro, o que significa que o molde \u00e9 de propriedade da destilaria.<\/li>\n<li>A galvanoplastia proporciona uma sensa\u00e7\u00e3o de brilho e luminosidade \u00e0s garrafas de u\u00edsque de vidro. Esse tipo de garrafa costuma ser de alto custo e destinado a mercados de alto n\u00edvel.<\/li>\n<\/ul>\n<p><strong>Informa\u00e7\u00f5es sobre remessa\/frete<\/strong><\/p>\n<ul>\n<li>Como uma das maiores f\u00e1bricas de garrafas de vidro da China, fornecemos estoque suficiente para garrafas de u\u00edsque de vidro de venda quente, a maioria das quais s\u00e3o nossas garrafas de vidro padr\u00e3o. Portanto, os pedidos urgentes com entrega de 7 a 10 dias est\u00e3o dispon\u00edveis para as \u00e9pocas de vendas quentes, como as vendas de Natal e Ano Novo.<\/li>\n<li>Com mais de 10 anos de experi\u00eancia na fabrica\u00e7\u00e3o de garrafas de vidro, desenvolvemos milhares de modelos de garrafas de u\u00edsque de vidro. Temos diferentes tipos de designs de garrafas para a escolha do cliente. A maioria dos clientes pode encontrar suas garrafas de vidro favoritas em nossas garrafas existentes, que est\u00e3o prontas para serem moldadas. O prazo de entrega para esses pedidos \u00e9 de 25 a 30 dias.<\/li>\n<li>Algumas empresas de destila\u00e7\u00e3o possuem suas pr\u00f3prias garrafas de u\u00edsque exclusivas. Dessa forma, se voc\u00ea nos fornecer o desenho da garrafa de vidro, a amostra da garrafa de vidro ou at\u00e9 mesmo uma foto da garrafa de vidro, desenvolveremos ou copiaremos a mesma garrafa de vidro. O prazo de entrega do molde \u00e9 de 15 dias.<\/li>\n<\/ul>\n<p><strong>Embalagem de garrafas de vidro<\/strong><\/p>\n<ul>\n<li>As embalagens cartonadas padr\u00e3o s\u00e3o amplamente usadas para garrafas de u\u00edsque de vidro na impress\u00e3o. H\u00e1 uma ripa para evitar o atrito.<\/li>\n<li>A embalagem em palete \u00e9 uma forma f\u00e1cil de manuseio para carga e descarga de garrafas de u\u00edsque de vidro. \u00c9 tamb\u00e9m o m\u00e9todo de embalagem mais econ\u00f4mico para garrafas de bebidas alco\u00f3licas<\/li>\n<li>A embalagem de caixas coloridas personalizadas \u00e9 a embalagem mais complicada para garrafas de vidro. Os clientes fornecem a arte da caixa e a empresa de garrafas de vidro fornece garrafas e caixas, que s\u00e3o reutiliz\u00e1veis ap\u00f3s o enchimento.<\/li>\n<\/ul>\n<p>Entre em contato com nossa equipe para obter um cat\u00e1logo atualizado.<\/p>\n<div>\n<div class=\"wpcf7 no-js\" id=\"wpcf7-f19-o1\" lang=\"en-US\" dir=\"ltr\" data-wpcf7-id=\"19\">\n<div class=\"screen-reader-response\"><p role=\"status\" aria-live=\"polite\" aria-atomic=\"true\"><\/p> <ul><\/ul><\/div>\n<form action=\"\/pt\/wp-json\/wp\/v2\/product\/4279#wpcf7-f19-o1\" method=\"post\" class=\"wpcf7-form init\" aria-label=\"Contact form\" novalidate=\"novalidate\" data-status=\"init\" data-trp-original-action=\"\/pt\/wp-json\/wp\/v2\/product\/4279#wpcf7-f19-o1\">\n<fieldset class=\"hidden-fields-container\"><input type=\"hidden\" name=\"_wpcf7\" value=\"19\" \/><input type=\"hidden\" name=\"_wpcf7_version\" value=\"6.1.5\" \/><input type=\"hidden\" name=\"_wpcf7_locale\" value=\"en_US\" \/><input type=\"hidden\" name=\"_wpcf7_unit_tag\" value=\"wpcf7-f19-o1\" \/><input type=\"hidden\" name=\"_wpcf7_container_post\" value=\"0\" \/><input type=\"hidden\" name=\"_wpcf7_posted_data_hash\" value=\"\" \/><input type=\"hidden\" name=\"_wpcf7dtx_version\" value=\"5.0.5\" \/>\n<\/fieldset>\n<p hidden><span class=\"wpcf7-form-control-wrap dynamictext-312\" data-name=\"dynamictext-312\"><input type=\"text\" name=\"dynamictext-312\" class=\"wpcf7-form-control wpcf7-text wpcf7dtx wpcf7dtx-text\" aria-invalid=\"false\" value=\"GLASS WHISKEY BOTTLES SPECIAL SQUARE SHAPE 700ML 750ML\"><\/span>\n<\/p>\n<p><span class=\"wpcf7-form-control-wrap\" data-name=\"your-name\"><input size=\"40\" maxlength=\"400\" class=\"wpcf7-form-control wpcf7-text wpcf7-validates-as-required\" aria-required=\"true\" aria-invalid=\"false\" placeholder=\"Seu nome\" value=\"\" type=\"text\" name=\"your-name\" \/><\/span>\n<\/p>\n<p><span class=\"wpcf7-form-control-wrap\" data-name=\"your-email\"><input size=\"40\" maxlength=\"400\" class=\"wpcf7-form-control wpcf7-email wpcf7-validates-as-required wpcf7-text wpcf7-validates-as-email\" aria-required=\"true\" aria-invalid=\"false\" placeholder=\"Seu e-mail\" value=\"\" type=\"email\" name=\"your-email\" \/><\/span>\n<\/p>\n<p><span class=\"wpcf7-form-control-wrap\" data-name=\"your-subject\"><input size=\"40\" maxlength=\"400\" class=\"wpcf7-form-control wpcf7-text wpcf7-validates-as-required\" aria-required=\"true\" aria-invalid=\"false\" placeholder=\"Assunto da mensagem\" value=\"\" type=\"text\" name=\"your-subject\" \/><\/span>\n<\/p>\n<p><span class=\"wpcf7-form-control-wrap\" data-name=\"your-message\"><textarea cols=\"40\" rows=\"10\" maxlength=\"2000\" class=\"wpcf7-form-control wpcf7-textarea\" aria-invalid=\"false\" placeholder=\"Digite sua mensagem aqui...\" name=\"your-message\"><\/textarea><\/span>\n<\/p>\n<div style=\"display:none\">\n\t<p><span class=\"wpcf7-form-control-wrap form-url\" data-name=\"form-url\"><input type=\"text\" name=\"form-url\" class=\"wpcf7-form-control wpcf7-text wpcf7dtx wpcf7dtx-text\" aria-invalid=\"false\" value=\"https:\/\/glassbottlesmanufacturer.com\/pt\/pt\/wp-json\/wp\/v2\/product\/4279\"><\/span>\n\t<\/p>\n<\/div>\n<div style=\"margin-bottom:10px;\">\n\t<p><span class=\"wpcf7-form-control-wrap kc_captcha\" data-name=\"kc_captcha\"><span class=\"wpcf7-form-control wpcf7-radio\"><span class=\"captcha-image\" ><span class=\"cf7ic_instructions\">Please prove you are human by selecting the<span> cup<\/span>.<\/span><label><input aria-label=\"1\" type=\"radio\" name=\"kc_captcha\" value=\"bot\" \/><svg aria-hidden=\"true\" role=\"img\" xmlns=\"http:\/\/www.w3.org\/2000\/svg\" viewbox=\"0 0 576 512\"><path fill=\"currentColor\" d=\"M415 24c-53 0-103 42-127 65-24-23-74-65-127-65C70 24 16 77 16 166c0 72 67 133 69 135l187 181c9 8 23 8 32 0l187-180c2-3 69-64 69-136 0-89-54-142-145-142z\"\/><\/svg><\/label><label><input aria-label=\"2\" type=\"radio\" name=\"kc_captcha\" value=\"bot\" \/><svg aria-hidden=\"true\" role=\"img\" xmlns=\"http:\/\/www.w3.org\/2000\/svg\" viewbox=\"0 0 512 512\"><path fill=\"currentColor\" d=\"M500 168h-55l-8-21a127 127 0 00-120-83H195a127 127 0 00-120 83l-8 21H12c-8 0-14 8-11 16l8 24a12 12 0 0011 8h29a64 64 0 00-33 56v48c0 16 6 31 16 42v62c0 13 11 24 24 24h48c13 0 24-11 24-24v-40h256v40c0 13 11 24 24 24h48c13 0 24-11 24-24v-62c10-11 16-26 16-42v-48c0-24-13-45-33-56h29a12 12 0 0011-8l8-24c3-8-3-16-11-16zm-365 2c9-25 33-42 60-42h122c27 0 51 17 60 42l15 38H120l15-38zM88 328a32 32 0 010-64c18 0 48 30 48 48s-30 16-48 16zm336 0c-18 0-48 2-48-16s30-48 48-48 32 14 32 32-14 32-32 32z\"\/><\/svg><\/label><label><input aria-label=\"3\" type=\"radio\" name=\"kc_captcha\" value=\"kc_human\" \/><svg aria-hidden=\"true\" role=\"img\" xmlns=\"http:\/\/www.w3.org\/2000\/svg\" viewbox=\"0 0 640 512\"><path fill=\"currentColor\" d=\"M192 384h192c53 0 96-43 96-96h32a128 128 0 000-256H120c-13 0-24 11-24 24v232c0 53 43 96 96 96zM512 96a64 64 0 010 128h-32V96h32zm48 384H48c-47 0-61-64-36-64h584c25 0 11 64-36 64z\"\/><\/svg><\/label>\r\n    <\/span>\r\n    <span style=\"display:none\">\r\n        <input type=\"text\" name=\"kc_honeypot\">\r\n    <\/span><\/span><\/span>\n\t<\/p>\n<\/div>\n<p><input class=\"wpcf7-form-control wpcf7-submit has-spinner\" type=\"submit\" value=\"Envie sua mensagem\" \/>\n<\/p><p style=\"display: none !important;\" class=\"akismet-fields-container\" data-prefix=\"_wpcf7_ak_\"><label>&#916;<textarea name=\"_wpcf7_ak_hp_textarea\" cols=\"45\" rows=\"8\" maxlength=\"100\"><\/textarea><\/label><input type=\"hidden\" id=\"ak_js_1\" name=\"_wpcf7_ak_js\" value=\"210\"\/><script>document.getElementById( \"ak_js_1\" ).setAttribute( \"value\", ( new Date() ).getTime() );<\/script><\/p><div class=\"wpcf7-response-output\" aria-hidden=\"true\"><\/div>\n<input type=\"hidden\" name=\"trp-form-language\" value=\"pt\"\/><\/form>\n<\/div>\n<\/div>\n<p><!--5f39ae17-8c62-4a45-bc43-b32064c9388a:W3siYmxvY2tUeXBlIjoicGFyYWdyYXBoIiwic3R5bGVzIjp7ImFsaWduIjoibGVmdCIsImluZGVudCI6MCwidGV4dC1pbmRlbnQiOjAsImxpbmUtaGVpZ2h0IjoxLjc1fSwiYmxvY2tJZCI6IjQzMjItMTUyMTE4MzIwNDE4NiIsInJpY2hUZXh0Ijp7ImlzUmljaFRleHQiOnRydWUsImtlZXBMaW5lQnJlYWsiOnRydWUsImRhdGEiOlt7ImNoYXIiOiJbIn0seyJjaGFyIjoiYyJ9LHsiY2hhciI6Im8ifSx7ImNoYXIiOiJuIn0seyJjaGFyIjoidCJ9LHsiY2hhciI6ImEifSx7ImNoYXIiOiJjIn0seyJjaGFyIjoidCJ9LHsiY2hhciI6Ii0ifSx7ImNoYXIiOiJmIn0seyJjaGFyIjoibyJ9LHsiY2hhciI6InIifSx7ImNoYXIiOiJtIn0seyJjaGFyIjoiLSJ9LHsiY2hhciI6IjcifSx7ImNoYXIiOiIgIn0seyJjaGFyIjoiaSJ9LHsiY2hhciI6ImQifSx7ImNoYXIiOiI9In0seyJjaGFyIjoiXCIifSx7ImNoYXIiOiIxIn0seyJjaGFyIjoiOSJ9LHsiY2hhciI6IlwiIn0seyJjaGFyIjoiICJ9LHsiY2hhciI6InQifSx7ImNoYXIiOiJpIn0seyJjaGFyIjoidCJ9LHsiY2hhciI6ImwifSx7ImNoYXIiOiJlIn0seyJjaGFyIjoiPSJ9LHsiY2hhciI6IlwiIn0seyJjaGFyIjoiUyJ9LHsiY2hhciI6InUifSx7ImNoYXIiOiJzIn0seyJjaGFyIjoidCJ9LHsiY2hhciI6ImEifSx7ImNoYXIiOiJpIn0seyJjaGFyIjoibiJ9LHsiY2hhciI6ImEifSx7ImNoYXIiOiJiIn0seyJjaGFyIjoibCJ9LHsiY2hhciI6ImUifSx7ImNoYXIiOiIgIn0seyJjaGFyIjoiQyJ9LHsiY2hhciI6Im8ifSx7ImNoYXIiOiJuIn0seyJjaGFyIjoidCJ9LHsiY2hhciI6ImEifSx7ImNoYXIiOiJjIn0seyJjaGFyIjoidCJ9LHsiY2hhciI6IiAifSx7ImNoYXIiOiJQIn0seyJjaGFyIjoiYSJ9LHsiY2hhciI6ImcifSx7ImNoYXIiOiJlIn0seyJjaGFyIjoiXCIifSx7ImNoYXIiOiJdIn1dfX1d--><\/p>","protected":false},"excerpt":{"rendered":"<table id=\"tablepress-118\" class=\"tablepress tablepress-id-118\">\n<thead>\n<tr class=\"row-1\">\n\t<th class=\"column-1\">NOME DO PRODUTO<\/th><th class=\"column-2\">GARRAFAS DE VIDRO PARA U\u00cdSQUE COM FORMATO QUADRADO ESPECIAL 700ML 750MLBOTTLE<\/th>\n<\/tr>\n<\/thead>\n<tbody class=\"row-striping row-hover\">\n<tr class=\"row-2\">\n\t<td class=\"column-1\">TAMANHO DO FRASCO<\/td><td class=\"column-2\">700 ml 750 ml<\/td>\n<\/tr>\n<tr class=\"row-3\">\n\t<td class=\"column-1\">MATERIAL<\/td><td class=\"column-2\">Vidro transparente<\/td>\n<\/tr>\n<tr class=\"row-4\">\n\t<td class=\"column-1\">COR<\/td><td class=\"column-2\">Branco transparente<\/td>\n<\/tr>\n<tr class=\"row-5\">\n\t<td class=\"column-1\">ACABAMENTO DO PESCO\u00c7O<\/td><td class=\"column-2\">Tampa de vidro<\/td>\n<\/tr>\n<tr class=\"row-6\">\n\t<td class=\"column-1\">FORMATO DO FRASCO<\/td><td class=\"column-2\">Quadrado<\/td>\n<\/tr>\n<tr class=\"row-7\">\n\t<td class=\"column-1\">PESO DO FRASCO<\/td><td class=\"column-2\">750g<\/td>\n<\/tr>\n<tr class=\"row-8\">\n\t<td class=\"column-1\">ALTURA DO FRASCO<\/td><td class=\"column-2\">212MM<\/td>\n<\/tr>\n<tr class=\"row-9\">\n\t<td class=\"column-1\">COMPRIMENTO DO FRASCO<\/td><td class=\"column-2\">155MM<\/td>\n<\/tr>\n<tr class=\"row-10\">\n\t<td class=\"column-1\">LARGURA DO FRASCO<\/td><td class=\"column-2\">56,5MM<\/td>\n<\/tr>\n<\/tbody>\n<\/table>\n<!-- #tablepress-118 from cache -->","protected":false},"featured_media":4466,"comment_status":"open","ping_status":"closed","template":"","meta":[],"product_brand":[],"product_cat":[67],"product_tag":[],"class_list":{"0":"post-4279","1":"product","2":"type-product","3":"status-publish","4":"has-post-thumbnail","6":"product_cat-700ml-glass-bottles","7":"entry","8":"has-media","10":"first","11":"instock","12":"shipping-taxable","13":"product-type-simple"},"_links":{"self":[{"href":"https:\/\/glassbottlesmanufacturer.com\/pt\/wp-json\/wp\/v2\/product\/4279","targetHints":{"allow":["GET"]}}],"collection":[{"href":"https:\/\/glassbottlesmanufacturer.com\/pt\/wp-json\/wp\/v2\/product"}],"about":[{"href":"https:\/\/glassbottlesmanufacturer.com\/pt\/wp-json\/wp\/v2\/types\/product"}],"replies":[{"embeddable":true,"href":"https:\/\/glassbottlesmanufacturer.com\/pt\/wp-json\/wp\/v2\/comments?post=4279"}],"wp:featuredmedia":[{"embeddable":true,"href":"https:\/\/glassbottlesmanufacturer.com\/pt\/wp-json\/wp\/v2\/media\/4466"}],"wp:attachment":[{"href":"https:\/\/glassbottlesmanufacturer.com\/pt\/wp-json\/wp\/v2\/media?parent=4279"}],"wp:term":[{"taxonomy":"product_brand","embeddable":true,"href":"https:\/\/glassbottlesmanufacturer.com\/pt\/wp-json\/wp\/v2\/product_brand?post=4279"},{"taxonomy":"product_cat","embeddable":true,"href":"https:\/\/glassbottlesmanufacturer.com\/pt\/wp-json\/wp\/v2\/product_cat?post=4279"},{"taxonomy":"product_tag","embeddable":true,"href":"https:\/\/glassbottlesmanufacturer.com\/pt\/wp-json\/wp\/v2\/product_tag?post=4279"}],"curies":[{"name":"wp","href":"https:\/\/api.w.org\/{rel}","templated":true}]}}