{"id":6101,"date":"2024-02-22T07:28:32","date_gmt":"2024-02-22T07:28:32","guid":{"rendered":"https:\/\/glassbottlesmanufacturer.com\/?post_type=product&#038;p=6101"},"modified":"2024-02-22T09:12:48","modified_gmt":"2024-02-22T09:12:48","slug":"700ml-glass-bottle-vodka-bottles-liquor-bottle-round-bottle","status":"publish","type":"product","link":"https:\/\/glassbottlesmanufacturer.com\/pt\/atacado\/700ml-glass-bottle-vodka-bottles-liquor-bottle-round-bottle\/","title":{"rendered":"Garrafas de licor de vidro para vodca de 700 ml com acabamento em tampa de rosca"},"content":{"rendered":"<p>HK-009 the hot sale 700ml vodka glass bottles , which was customized by one of our client, there is a round embossed logo in the front. The long neck like a gentle man noble and handsome. Like HIKING GLASS other bottles, this one is also produced use extra white flint material.<\/p>\n<figure id=\"attachment_4368\" aria-describedby=\"caption-attachment-4368\" style=\"width: 980px\" class=\"wp-caption aligncenter\"><img loading=\"lazy\" decoding=\"async\" class=\"wp-image-4368 size-large\" src=\"https:\/\/glassbottlesmanufacturer.com\/wp-content\/uploads\/2018\/02\/Glass-Bottle-Supplier-1024x411.jpg\" alt=\"Fornecedor de garrafas de licor\" width=\"980\" height=\"393\" srcset=\"https:\/\/glassbottlesmanufacturer.com\/wp-content\/uploads\/2018\/02\/Glass-Bottle-Supplier-1024x411.jpg 1024w, https:\/\/glassbottlesmanufacturer.com\/wp-content\/uploads\/2018\/02\/Glass-Bottle-Supplier-600x241.jpg 600w, https:\/\/glassbottlesmanufacturer.com\/wp-content\/uploads\/2018\/02\/Glass-Bottle-Supplier-300x120.jpg 300w, https:\/\/glassbottlesmanufacturer.com\/wp-content\/uploads\/2018\/02\/Glass-Bottle-Supplier-768x308.jpg 768w, https:\/\/glassbottlesmanufacturer.com\/wp-content\/uploads\/2018\/02\/Glass-Bottle-Supplier.jpg 1776w\" sizes=\"auto, (max-width: 980px) 100vw, 980px\" \/><figcaption id=\"caption-attachment-4368\" class=\"wp-caption-text\">Fornecedor de garrafas de licor - HIKING GLASS<\/figcaption><\/figure>\n<h4>Check other 700ml glass bottles<\/h4>\n<figure id=\"attachment_4401\" aria-describedby=\"caption-attachment-4401\" style=\"width: 1740px\" class=\"wp-caption aligncenter\"><img loading=\"lazy\" decoding=\"async\" class=\"size-full wp-image-4401\" src=\"https:\/\/glassbottlesmanufacturer.com\/wp-content\/uploads\/2018\/03\/Similar-cognac-bottle.jpg\" alt=\"Garrafa de vodca de 750 ml\" width=\"1740\" height=\"700\" srcset=\"https:\/\/glassbottlesmanufacturer.com\/wp-content\/uploads\/2018\/03\/Similar-cognac-bottle.jpg 1740w, https:\/\/glassbottlesmanufacturer.com\/wp-content\/uploads\/2018\/03\/Similar-cognac-bottle-600x241.jpg 600w, https:\/\/glassbottlesmanufacturer.com\/wp-content\/uploads\/2018\/03\/Similar-cognac-bottle-300x121.jpg 300w, https:\/\/glassbottlesmanufacturer.com\/wp-content\/uploads\/2018\/03\/Similar-cognac-bottle-768x309.jpg 768w, https:\/\/glassbottlesmanufacturer.com\/wp-content\/uploads\/2018\/03\/Similar-cognac-bottle-1024x412.jpg 1024w\" sizes=\"auto, (max-width: 1740px) 100vw, 1740px\" \/><figcaption id=\"caption-attachment-4401\" class=\"wp-caption-text\">700ml vodka bottle<\/figcaption><\/figure>\n<h4><strong>Aplica\u00e7\u00e3o de decora\u00e7\u00e3o<\/strong><\/h4>\n<ul>\n<li>Decalque e impress\u00e3o do logotipo em garrafas de vidro de 700 ml, o OEM \u00e9 muito bem-vindo.<\/li>\n<li>As garrafas de vidro Frost est\u00e3o se tornando populares para garrafas de vodca.<\/li>\n<li>A grava\u00e7\u00e3o em relevo \u00e9 amplamente usada para garrafas de vidro personalizadas de vodca, brandy, tequila e outras bebidas alco\u00f3licas. Gravamos ou gravamos o nome da marca ou o logotipo do cliente diretamente no vidro, o que significa que o molde \u00e9 de propriedade da destilaria.<\/li>\n<li>A galvanoplastia proporciona uma sensa\u00e7\u00e3o de brilho e luminosidade \u00e0s garrafas de vidro. Esse tipo de garrafa geralmente \u00e9 de alto custo e destina-se a mercados de alto n\u00edvel.<\/li>\n<\/ul>\n<h4><strong>Shi<\/strong><strong>Informa\u00e7\u00f5es sobre pping\/frete<\/strong><\/h4>\n<p>Como uma das maiores f\u00e1bricas de garrafas de vidro da China, fornecemos estoque suficiente para garrafas de venda quente, a maioria das quais s\u00e3o nossas garrafas de vidro padr\u00e3o. Portanto, os pedidos urgentes com entrega de 7 a 10 dias est\u00e3o dispon\u00edveis para as \u00e9pocas de vendas quentes, como as vendas de Natal e Ano Novo.<\/p>\n<ul>\n<li>Com mais de 10 anos de experi\u00eancia na fabrica\u00e7\u00e3o de garrafas de vidro, desenvolvemos milhares de modelos de garrafas de vidro. Temos diferentes tipos de designs de garrafas para a escolha do cliente. A maioria dos clientes pode encontrar suas garrafas de vidro favoritas nas garrafas existentes da HIKING, que s\u00e3o moldes prontos. O prazo de entrega para esses pedidos \u00e9 de 25 a 30 dias.<\/li>\n<li>Algumas empresas de destila\u00e7\u00e3o possuem suas garrafas de licor exclusivas. Dessa forma, se voc\u00ea nos fornecer o desenho da garrafa de vidro, a amostra da garrafa de vidro ou at\u00e9 mesmo uma foto da garrafa de vidro, desenvolveremos ou copiaremos a mesma garrafa de vidro. O prazo de entrega do molde \u00e9 de 15 dias.<\/li>\n<\/ul>\n<h4><strong>Embalagem de garrafas de vidro<\/strong><\/h4>\n<ul>\n<li>A embalagem cartonada padr\u00e3o \u00e9 usada para garrafas de vidro na impress\u00e3o. H\u00e1 uma ripa para evitar o atrito.<\/li>\n<li>A embalagem em palete \u00e9 uma forma de manuseio f\u00e1cil para o carregamento e descarregamento de garrafas de vidro. \u00c9 tamb\u00e9m o m\u00e9todo de embalagem mais econ\u00f4mico para garrafas de bebidas alco\u00f3licas<\/li>\n<li>A embalagem de caixas coloridas personalizadas \u00e9 a embalagem mais complicada para garrafas de vidro. Os clientes fornecem a arte da caixa e a empresa de garrafas de vidro fornece garrafas e caixas, que s\u00e3o reutiliz\u00e1veis ap\u00f3s o enchimento.<\/li>\n<\/ul>\n<figure id=\"attachment_4365\" aria-describedby=\"caption-attachment-4365\" style=\"width: 1776px\" class=\"wp-caption aligncenter\"><img loading=\"lazy\" decoding=\"async\" class=\"wp-image-4365 size-full\" src=\"https:\/\/glassbottlesmanufacturer.com\/wp-content\/uploads\/2018\/02\/heise-1.png\" alt=\"Fornecedor de garrafas de vidro - HIKING GLASS\" width=\"1776\" height=\"712\" srcset=\"https:\/\/glassbottlesmanufacturer.com\/wp-content\/uploads\/2018\/02\/heise-1.png 1776w, https:\/\/glassbottlesmanufacturer.com\/wp-content\/uploads\/2018\/02\/heise-1-600x241.png 600w, https:\/\/glassbottlesmanufacturer.com\/wp-content\/uploads\/2018\/02\/heise-1-300x120.png 300w, https:\/\/glassbottlesmanufacturer.com\/wp-content\/uploads\/2018\/02\/heise-1-768x308.png 768w, https:\/\/glassbottlesmanufacturer.com\/wp-content\/uploads\/2018\/02\/heise-1-1024x411.png 1024w\" sizes=\"auto, (max-width: 1776px) 100vw, 1776px\" \/><figcaption id=\"caption-attachment-4365\" class=\"wp-caption-text\">Fornecedor de garrafas de vidro - HIKING GLASS<\/figcaption><\/figure>\n<p><!--more--><\/p>\n<h4>DICAS DE GARRAFAS DE VIDRO<\/h4>\n<p>Os principais pontos da inspe\u00e7\u00e3o de garrafas de vidro.<\/p>\n<p>Segundo, o teste das primeiras amostras<\/p>\n<p>1. Antes de as garrafas entrarem na linha de recozimento, escolhemos as primeiras 10 a 30 garrafas de vidro produzidas para fazer a inspe\u00e7\u00e3o. Cada molde escolhe de 2 a 3 garrafas para inspe\u00e7\u00e3o de tamanho, com foco no tamanho da boca; di\u00e2metro interno e externo da boca; se as letras em relevo da base est\u00e3o corretas e claras; se o padr\u00e3o da garrafa est\u00e1 correto.<\/p>\n<p>2. Quando a garrafa sair da linha de recozimento, o l\u00edder de inspe\u00e7\u00e3o de qualidade limitar\u00e1 o n\u00famero de produtos moldados a dois ou tr\u00eas. A inspe\u00e7\u00e3o deve ser realizada em todos os aspectos dos desenhos, com \u00eanfase na medi\u00e7\u00e3o da capacidade, al\u00e9m do que foi mencionado acima. Medi\u00e7\u00e3o de peso, di\u00e2metro interno e externo da boca, se necess\u00e1rio, encha a garrafa com \u00e1gua, use a tampa fornecida pelo cliente para a montagem f\u00edsica e verifique se a tampa pode ser colocada no lugar ou n\u00e3o. E para press\u00e3o interna, estresse interno, teste de resist\u00eancia a \u00e1cidos e \u00e1lcalis.<\/p>\n<h4>VERIFIQUE COMO AS GARRAFAS DE VIDRO S\u00c3O FABRICADAS POR UMA M\u00c1QUINA TOTALMENTE AUTOM\u00c1TICA<\/h4>\n<div style=\"width: 720px;\" class=\"wp-video\"><video class=\"wp-video-shortcode\" id=\"video-6101-1\" width=\"720\" height=\"404\" preload=\"metadata\" controls=\"controls\"><source type=\"video\/mp4\" src=\"https:\/\/glassbottlesmanufacturer.com\/wp-content\/uploads\/2018\/02\/HIKING-GLASS-\u8c37\u6b4c\u89c6\u9891.mp4?_=1\" \/><a href=\"https:\/\/glassbottlesmanufacturer.com\/wp-content\/uploads\/2018\/02\/HIKING-GLASS-\u8c37\u6b4c\u89c6\u9891.mp4\">https:\/\/glassbottlesmanufacturer.com\/wp-content\/uploads\/2018\/02\/HIKING-GLASS-\u8c37\u6b4c\u89c6\u9891.mp4<\/a><\/video><\/div>\n<div>\n<div class=\"wpcf7 no-js\" id=\"wpcf7-f19-o1\" lang=\"en-US\" dir=\"ltr\" data-wpcf7-id=\"19\">\n<div class=\"screen-reader-response\"><p role=\"status\" aria-live=\"polite\" aria-atomic=\"true\"><\/p> <ul><\/ul><\/div>\n<form action=\"\/pt\/wp-json\/wp\/v2\/product\/6101#wpcf7-f19-o1\" method=\"post\" class=\"wpcf7-form init\" aria-label=\"Contact form\" novalidate=\"novalidate\" data-status=\"init\" data-trp-original-action=\"\/pt\/wp-json\/wp\/v2\/product\/6101#wpcf7-f19-o1\">\n<fieldset class=\"hidden-fields-container\"><input type=\"hidden\" name=\"_wpcf7\" value=\"19\" \/><input type=\"hidden\" name=\"_wpcf7_version\" value=\"6.1.5\" \/><input type=\"hidden\" name=\"_wpcf7_locale\" value=\"en_US\" \/><input type=\"hidden\" name=\"_wpcf7_unit_tag\" value=\"wpcf7-f19-o1\" \/><input type=\"hidden\" name=\"_wpcf7_container_post\" value=\"0\" \/><input type=\"hidden\" name=\"_wpcf7_posted_data_hash\" value=\"\" \/><input type=\"hidden\" name=\"_wpcf7dtx_version\" value=\"5.0.5\" \/>\n<\/fieldset>\n<p hidden><span class=\"wpcf7-form-control-wrap dynamictext-312\" data-name=\"dynamictext-312\"><input type=\"text\" name=\"dynamictext-312\" class=\"wpcf7-form-control wpcf7-text wpcf7dtx wpcf7dtx-text\" aria-invalid=\"false\" value=\"Screw Cap Finish 700ML Vodka Glass Liquor Bottles\"><\/span>\n<\/p>\n<p><span class=\"wpcf7-form-control-wrap\" data-name=\"your-name\"><input size=\"40\" maxlength=\"400\" class=\"wpcf7-form-control wpcf7-text wpcf7-validates-as-required\" aria-required=\"true\" aria-invalid=\"false\" placeholder=\"Seu nome\" value=\"\" type=\"text\" name=\"your-name\" \/><\/span>\n<\/p>\n<p><span class=\"wpcf7-form-control-wrap\" data-name=\"your-email\"><input size=\"40\" maxlength=\"400\" class=\"wpcf7-form-control wpcf7-email wpcf7-validates-as-required wpcf7-text wpcf7-validates-as-email\" aria-required=\"true\" aria-invalid=\"false\" placeholder=\"Seu e-mail\" value=\"\" type=\"email\" name=\"your-email\" \/><\/span>\n<\/p>\n<p><span class=\"wpcf7-form-control-wrap\" data-name=\"your-subject\"><input size=\"40\" maxlength=\"400\" class=\"wpcf7-form-control wpcf7-text wpcf7-validates-as-required\" aria-required=\"true\" aria-invalid=\"false\" placeholder=\"Assunto da mensagem\" value=\"\" type=\"text\" name=\"your-subject\" \/><\/span>\n<\/p>\n<p><span class=\"wpcf7-form-control-wrap\" data-name=\"your-message\"><textarea cols=\"40\" rows=\"10\" maxlength=\"2000\" class=\"wpcf7-form-control wpcf7-textarea\" aria-invalid=\"false\" placeholder=\"Digite sua mensagem aqui...\" name=\"your-message\"><\/textarea><\/span>\n<\/p>\n<div style=\"display:none\">\n\t<p><span class=\"wpcf7-form-control-wrap form-url\" data-name=\"form-url\"><input type=\"text\" name=\"form-url\" class=\"wpcf7-form-control wpcf7-text wpcf7dtx wpcf7dtx-text\" aria-invalid=\"false\" value=\"https:\/\/glassbottlesmanufacturer.com\/pt\/pt\/wp-json\/wp\/v2\/product\/6101\"><\/span>\n\t<\/p>\n<\/div>\n<div style=\"margin-bottom:10px;\">\n\t<p><span class=\"wpcf7-form-control-wrap kc_captcha\" data-name=\"kc_captcha\"><span class=\"wpcf7-form-control wpcf7-radio\"><span class=\"captcha-image\" ><span class=\"cf7ic_instructions\">Please prove you are human by selecting the<span> house<\/span>.<\/span><label><input aria-label=\"1\" type=\"radio\" name=\"kc_captcha\" value=\"kc_human\" \/><svg aria-hidden=\"true\" role=\"img\" xmlns=\"http:\/\/www.w3.org\/2000\/svg\" viewbox=\"0 0 576 512\"><path fill=\"currentColor\" d=\"M488 313v143c0 13-11 24-24 24H348c-7 0-12-5-12-12V356c0-7-5-12-12-12h-72c-7 0-12 5-12 12v112c0 7-5 12-12 12H112c-13 0-24-11-24-24V313c0-4 2-7 4-10l188-154c5-4 11-4 16 0l188 154c2 3 4 6 4 10zm84-61l-84-69V44c0-6-5-12-12-12h-56c-7 0-12 6-12 12v73l-89-74a48 48 0 00-61 0L4 252c-5 4-5 12-1 17l25 31c5 5 12 5 17 1l235-193c5-4 11-4 16 0l235 193c5 5 13 4 17-1l25-31c4-6 4-13-1-17z\"\/><\/svg><\/label><label><input aria-label=\"2\" type=\"radio\" name=\"kc_captcha\" value=\"bot\" \/><svg aria-hidden=\"true\" role=\"img\" xmlns=\"http:\/\/www.w3.org\/2000\/svg\" viewbox=\"0 0 512 512\"><path fill=\"currentColor\" d=\"M500 168h-55l-8-21a127 127 0 00-120-83H195a127 127 0 00-120 83l-8 21H12c-8 0-14 8-11 16l8 24a12 12 0 0011 8h29a64 64 0 00-33 56v48c0 16 6 31 16 42v62c0 13 11 24 24 24h48c13 0 24-11 24-24v-40h256v40c0 13 11 24 24 24h48c13 0 24-11 24-24v-62c10-11 16-26 16-42v-48c0-24-13-45-33-56h29a12 12 0 0011-8l8-24c3-8-3-16-11-16zm-365 2c9-25 33-42 60-42h122c27 0 51 17 60 42l15 38H120l15-38zM88 328a32 32 0 010-64c18 0 48 30 48 48s-30 16-48 16zm336 0c-18 0-48 2-48-16s30-48 48-48 32 14 32 32-14 32-32 32z\"\/><\/svg><\/label><label><input aria-label=\"3\" type=\"radio\" name=\"kc_captcha\" value=\"bot\" \/><svg aria-hidden=\"true\" role=\"img\" xmlns=\"http:\/\/www.w3.org\/2000\/svg\" viewbox=\"0 0 640 512\"><path fill=\"currentColor\" d=\"M192 384h192c53 0 96-43 96-96h32a128 128 0 000-256H120c-13 0-24 11-24 24v232c0 53 43 96 96 96zM512 96a64 64 0 010 128h-32V96h32zm48 384H48c-47 0-61-64-36-64h584c25 0 11 64-36 64z\"\/><\/svg><\/label>\r\n    <\/span>\r\n    <span style=\"display:none\">\r\n        <input type=\"text\" name=\"kc_honeypot\">\r\n    <\/span><\/span><\/span>\n\t<\/p>\n<\/div>\n<p><input class=\"wpcf7-form-control wpcf7-submit has-spinner\" type=\"submit\" value=\"Envie sua mensagem\" \/>\n<\/p><p style=\"display: none !important;\" class=\"akismet-fields-container\" data-prefix=\"_wpcf7_ak_\"><label>&#916;<textarea name=\"_wpcf7_ak_hp_textarea\" cols=\"45\" rows=\"8\" maxlength=\"100\"><\/textarea><\/label><input type=\"hidden\" id=\"ak_js_1\" name=\"_wpcf7_ak_js\" value=\"106\"\/><script>document.getElementById( \"ak_js_1\" ).setAttribute( \"value\", ( new Date() ).getTime() );<\/script><\/p><div class=\"wpcf7-response-output\" aria-hidden=\"true\"><\/div>\n<input type=\"hidden\" name=\"trp-form-language\" value=\"pt\"\/><\/form>\n<\/div>\n<\/div>\n<p><!--5f39ae17-8c62-4a45-bc43-b32064c9388a:W3siYmxvY2tUeXBlIjoicGFyYWdyYXBoIiwic3R5bGVzIjp7ImFsaWduIjoibGVmdCIsImluZGVudCI6MCwidGV4dC1pbmRlbnQiOjAsImxpbmUtaGVpZ2h0IjoxLjc1fSwiYmxvY2tJZCI6IjQzMjItMTUyMTE4MzIwNDE4NiIsInJpY2hUZXh0Ijp7ImlzUmljaFRleHQiOnRydWUsImtlZXBMaW5lQnJlYWsiOnRydWUsImRhdGEiOlt7ImNoYXIiOiJbIn0seyJjaGFyIjoiYyJ9LHsiY2hhciI6Im8ifSx7ImNoYXIiOiJuIn0seyJjaGFyIjoidCJ9LHsiY2hhciI6ImEifSx7ImNoYXIiOiJjIn0seyJjaGFyIjoidCJ9LHsiY2hhciI6Ii0ifSx7ImNoYXIiOiJmIn0seyJjaGFyIjoibyJ9LHsiY2hhciI6InIifSx7ImNoYXIiOiJtIn0seyJjaGFyIjoiLSJ9LHsiY2hhciI6IjcifSx7ImNoYXIiOiIgIn0seyJjaGFyIjoiaSJ9LHsiY2hhciI6ImQifSx7ImNoYXIiOiI9In0seyJjaGFyIjoiXCIifSx7ImNoYXIiOiIxIn0seyJjaGFyIjoiOSJ9LHsiY2hhciI6IlwiIn0seyJjaGFyIjoiICJ9LHsiY2hhciI6InQifSx7ImNoYXIiOiJpIn0seyJjaGFyIjoidCJ9LHsiY2hhciI6ImwifSx7ImNoYXIiOiJlIn0seyJjaGFyIjoiPSJ9LHsiY2hhciI6IlwiIn0seyJjaGFyIjoiUyJ9LHsiY2hhciI6InUifSx7ImNoYXIiOiJzIn0seyJjaGFyIjoidCJ9LHsiY2hhciI6ImEifSx7ImNoYXIiOiJpIn0seyJjaGFyIjoibiJ9LHsiY2hhciI6ImEifSx7ImNoYXIiOiJiIn0seyJjaGFyIjoibCJ9LHsiY2hhciI6ImUifSx7ImNoYXIiOiIgIn0seyJjaGFyIjoiQyJ9LHsiY2hhciI6Im8ifSx7ImNoYXIiOiJuIn0seyJjaGFyIjoidCJ9LHsiY2hhciI6ImEifSx7ImNoYXIiOiJjIn0seyJjaGFyIjoidCJ9LHsiY2hhciI6IiAifSx7ImNoYXIiOiJQIn0seyJjaGFyIjoiYSJ9LHsiY2hhciI6ImcifSx7ImNoYXIiOiJlIn0seyJjaGFyIjoiXCIifSx7ImNoYXIiOiJdIn1dfX1d--><\/p>","protected":false},"excerpt":{"rendered":"<table id=\"tablepress-150\" class=\"tablepress tablepress-id-150\">\n<thead>\n<tr class=\"row-1\">\n\t<th class=\"column-1\">NOME DO PRODUTO<\/th><th class=\"column-2\">Garrafas de licor de vidro para vodca de 700 ml com acabamento em tampa de rosca<\/th>\n<\/tr>\n<\/thead>\n<tbody class=\"row-striping row-hover\">\n<tr class=\"row-2\">\n\t<td class=\"column-1\">TAMANHO DO FRASCO<\/td><td class=\"column-2\">700ML<\/td>\n<\/tr>\n<tr class=\"row-3\">\n\t<td class=\"column-1\">MATERIAL<\/td><td class=\"column-2\">VIDRO SUPER FLINT<\/td>\n<\/tr>\n<tr class=\"row-4\">\n\t<td class=\"column-1\">COR<\/td><td class=\"column-2\">LIMPO<\/td>\n<\/tr>\n<tr class=\"row-5\">\n\t<td class=\"column-1\">ACABAMENTO DO PESCO\u00c7O<\/td><td class=\"column-2\">TAMPA COM PARAFUSO<\/td>\n<\/tr>\n<tr class=\"row-6\">\n\t<td class=\"column-1\">FORMATO DO FRASCO<\/td><td class=\"column-2\">REDONDA<\/td>\n<\/tr>\n<tr class=\"row-7\">\n\t<td class=\"column-1\">PESO DO FRASCO<\/td><td class=\"column-2\">750G<\/td>\n<\/tr>\n<tr class=\"row-8\">\n\t<td class=\"column-1\">ALTURA DO FRASCO<\/td><td class=\"column-2\">299MM<\/td>\n<\/tr>\n<tr class=\"row-9\">\n\t<td class=\"column-1\">BOTTLE UP DIAMEMER<\/td><td class=\"column-2\">82.9MM<\/td>\n<\/tr>\n<tr class=\"row-10\">\n\t<td class=\"column-1\">BOTTLE LOW DIAMETER<\/td><td class=\"column-2\">75MM<\/td>\n<\/tr>\n<\/tbody>\n<\/table>\n<!-- #tablepress-150 from cache -->","protected":false},"featured_media":6102,"comment_status":"closed","ping_status":"closed","template":"","meta":[],"product_brand":[],"product_cat":[67],"product_tag":[],"class_list":{"0":"post-6101","1":"product","2":"type-product","3":"status-publish","4":"has-post-thumbnail","6":"product_cat-700ml-glass-bottles","7":"entry","8":"has-media","10":"first","11":"instock","12":"shipping-taxable","13":"product-type-simple"},"_links":{"self":[{"href":"https:\/\/glassbottlesmanufacturer.com\/pt\/wp-json\/wp\/v2\/product\/6101","targetHints":{"allow":["GET"]}}],"collection":[{"href":"https:\/\/glassbottlesmanufacturer.com\/pt\/wp-json\/wp\/v2\/product"}],"about":[{"href":"https:\/\/glassbottlesmanufacturer.com\/pt\/wp-json\/wp\/v2\/types\/product"}],"replies":[{"embeddable":true,"href":"https:\/\/glassbottlesmanufacturer.com\/pt\/wp-json\/wp\/v2\/comments?post=6101"}],"wp:featuredmedia":[{"embeddable":true,"href":"https:\/\/glassbottlesmanufacturer.com\/pt\/wp-json\/wp\/v2\/media\/6102"}],"wp:attachment":[{"href":"https:\/\/glassbottlesmanufacturer.com\/pt\/wp-json\/wp\/v2\/media?parent=6101"}],"wp:term":[{"taxonomy":"product_brand","embeddable":true,"href":"https:\/\/glassbottlesmanufacturer.com\/pt\/wp-json\/wp\/v2\/product_brand?post=6101"},{"taxonomy":"product_cat","embeddable":true,"href":"https:\/\/glassbottlesmanufacturer.com\/pt\/wp-json\/wp\/v2\/product_cat?post=6101"},{"taxonomy":"product_tag","embeddable":true,"href":"https:\/\/glassbottlesmanufacturer.com\/pt\/wp-json\/wp\/v2\/product_tag?post=6101"}],"curies":[{"name":"wp","href":"https:\/\/api.w.org\/{rel}","templated":true}]}}