{"id":6899,"date":"2024-04-28T05:46:53","date_gmt":"2024-04-28T05:46:53","guid":{"rendered":"https:\/\/glassbottlesmanufacturer.com\/?post_type=product&#038;p=6899"},"modified":"2024-04-28T06:00:35","modified_gmt":"2024-04-28T06:00:35","slug":"garrafa-de-vidro-em-formato-de-boneco-de-neve","status":"publish","type":"product","link":"https:\/\/glassbottlesmanufacturer.com\/pt\/atacado\/garrafa-de-vidro-em-formato-de-boneco-de-neve\/","title":{"rendered":"Garrafa de vidro exclusiva de 300 ml com formato de boneco de neve no atacado"},"content":{"rendered":"<p>A garrafa de vidro em formato de boneco de neve tem uma altura muito alta e se torna gradualmente mais larga do fundo da garrafa at\u00e9 o ombro. A base de vidro da garrafa de licor tem 20 mm de espessura, o que faz com que a garrafa pare\u00e7a de alta qualidade. O acabamento em chapa oferece v\u00e1rias op\u00e7\u00f5es de tampa, incluindo corti\u00e7a sint\u00e9tica, corti\u00e7a de madeira, corti\u00e7a com alto teor de pol\u00edmero e muito mais.<\/p>\n<figure id=\"attachment_4368\" aria-describedby=\"caption-attachment-4368\" style=\"width: 980px\" class=\"wp-caption aligncenter\"><img loading=\"lazy\" decoding=\"async\" class=\"wp-image-4368 size-large\" title=\"Garrafa de licor de 750 ml de qualidade\" src=\"https:\/\/glassbottlesmanufacturer.com\/wp-content\/uploads\/2018\/02\/Glass-Bottle-Supplier-1024x411.jpg\" alt=\"Fabricante de garrafas de licor\" width=\"980\" height=\"393\" srcset=\"https:\/\/glassbottlesmanufacturer.com\/wp-content\/uploads\/2018\/02\/Glass-Bottle-Supplier-1024x411.jpg 1024w, https:\/\/glassbottlesmanufacturer.com\/wp-content\/uploads\/2018\/02\/Glass-Bottle-Supplier-600x241.jpg 600w, https:\/\/glassbottlesmanufacturer.com\/wp-content\/uploads\/2018\/02\/Glass-Bottle-Supplier-300x120.jpg 300w, https:\/\/glassbottlesmanufacturer.com\/wp-content\/uploads\/2018\/02\/Glass-Bottle-Supplier-768x308.jpg 768w, https:\/\/glassbottlesmanufacturer.com\/wp-content\/uploads\/2018\/02\/Glass-Bottle-Supplier.jpg 1776w\" sizes=\"auto, (max-width: 980px) 100vw, 980px\" \/><figcaption id=\"caption-attachment-4368\" class=\"wp-caption-text\">Garrafa de vidro em formato de boneco de neve HIKING GLASS<\/figcaption><\/figure>\n<h4>Os detalhes da garrafa de vidro em formato de boneco de neve<\/h4>\n<figure id=\"attachment_4553\" aria-describedby=\"caption-attachment-4553\" style=\"width: 1740px\" class=\"wp-caption aligncenter\"><img loading=\"lazy\" decoding=\"async\" class=\"wp-image-4553 size-full\" title=\"garrafa de licor de 750 ml de formato redondo\" src=\"https:\/\/glassbottlesmanufacturer.com\/wp-content\/uploads\/2018\/04\/750ml-liquor-bottle.jpg\" alt=\"garrafa de vidro de 750 ml de licor\" width=\"1740\" height=\"700\" srcset=\"https:\/\/glassbottlesmanufacturer.com\/wp-content\/uploads\/2018\/04\/750ml-liquor-bottle.jpg 1740w, https:\/\/glassbottlesmanufacturer.com\/wp-content\/uploads\/2018\/04\/750ml-liquor-bottle-600x241.jpg 600w, https:\/\/glassbottlesmanufacturer.com\/wp-content\/uploads\/2018\/04\/750ml-liquor-bottle-300x121.jpg 300w, https:\/\/glassbottlesmanufacturer.com\/wp-content\/uploads\/2018\/04\/750ml-liquor-bottle-768x309.jpg 768w, https:\/\/glassbottlesmanufacturer.com\/wp-content\/uploads\/2018\/04\/750ml-liquor-bottle-1024x412.jpg 1024w\" sizes=\"auto, (max-width: 1740px) 100vw, 1740px\" \/><figcaption id=\"caption-attachment-4553\" class=\"wp-caption-text\">Garrafa de vidro em formato de boneco de neve<\/figcaption><\/figure>\n<h4><strong>Aplica\u00e7\u00e3o de decora\u00e7\u00e3o<\/strong><\/h4>\n<ul>\n<li>Decalque e impress\u00e3o do logotipo em uma garrafa de vidro com design exclusivo em forma de boneco de neve.<\/li>\n<li>As garrafas de vidro Frost est\u00e3o se tornando populares para garrafas de bebidas.<\/li>\n<li>A grava\u00e7\u00e3o em relevo \u00e9 amplamente usada para garrafas de vidro personalizadas de vodca, brandy, tequila e outras bebidas alco\u00f3licas. Gravamos ou gravamos o nome da marca ou o logotipo do cliente diretamente no vidro, o que significa que o molde \u00e9 de propriedade da destilaria.<\/li>\n<li>A galvanoplastia proporciona uma sensa\u00e7\u00e3o de brilho e luminosidade \u00e0s garrafas de vidro. Esse tipo de garrafa geralmente \u00e9 de alto custo e destina-se a mercados de alto n\u00edvel.<\/li>\n<\/ul>\n<h4><strong>Shi<\/strong><strong>Informa\u00e7\u00f5es sobre pping\/frete<\/strong><\/h4>\n<p>Como uma das maiores f\u00e1bricas de garrafas de vidro da China, fornecemos estoque suficiente para garrafas de venda quente, a maioria das quais s\u00e3o nossas garrafas de vidro padr\u00e3o. Portanto, os pedidos urgentes com entrega de 7 a 10 dias est\u00e3o dispon\u00edveis para as \u00e9pocas de vendas quentes, como as vendas de Natal e Ano Novo.<\/p>\n<ul>\n<li>Com mais de 10 anos de experi\u00eancia na fabrica\u00e7\u00e3o de garrafas de vidro, desenvolvemos milhares de modelos de garrafas de vidro. Temos diferentes tipos de designs de garrafas para a escolha do cliente. A maioria dos clientes pode encontrar suas garrafas de vidro favoritas nas garrafas existentes da HIKING, que s\u00e3o moldes prontos. O prazo de entrega para esses pedidos \u00e9 de 25 a 30 dias.<\/li>\n<li>Algumas empresas de destila\u00e7\u00e3o possuem suas garrafas de licor exclusivas. Dessa forma, se voc\u00ea nos fornecer o desenho da garrafa de vidro, a amostra da garrafa de vidro ou at\u00e9 mesmo uma foto da garrafa de vidro, desenvolveremos ou copiaremos a mesma garrafa de vidro. O prazo de entrega do molde \u00e9 de 15 dias.<\/li>\n<\/ul>\n<h4><strong>Embalagem de garrafas de vidro<\/strong><\/h4>\n<ul>\n<li>A embalagem cartonada padr\u00e3o \u00e9 usada para garrafas de vidro na impress\u00e3o. H\u00e1 uma ripa para evitar o atrito.<\/li>\n<li>A embalagem em palete \u00e9 uma forma de manuseio f\u00e1cil para o carregamento e descarregamento de garrafas de vidro. \u00c9 tamb\u00e9m o m\u00e9todo de embalagem mais econ\u00f4mico para garrafas de bebidas alco\u00f3licas<\/li>\n<li>A embalagem de caixas coloridas personalizadas \u00e9 a embalagem mais complicada para garrafas de vidro. Os clientes fornecem a arte da caixa e a empresa de garrafas de vidro fornece garrafas e caixas, que s\u00e3o reutiliz\u00e1veis ap\u00f3s o enchimento.<\/li>\n<\/ul>\n<figure id=\"attachment_4365\" aria-describedby=\"caption-attachment-4365\" style=\"width: 1776px\" class=\"wp-caption aligncenter\"><img loading=\"lazy\" decoding=\"async\" class=\"wp-image-4365 size-full\" title=\"Fabricante de garrafas de licor de 750 ml\" src=\"https:\/\/glassbottlesmanufacturer.com\/wp-content\/uploads\/2018\/02\/heise-1.png\" alt=\"Fabricante de garrafas de licor de 750 ml - HIKING GLASS\" width=\"1776\" height=\"712\" srcset=\"https:\/\/glassbottlesmanufacturer.com\/wp-content\/uploads\/2018\/02\/heise-1.png 1776w, https:\/\/glassbottlesmanufacturer.com\/wp-content\/uploads\/2018\/02\/heise-1-600x241.png 600w, https:\/\/glassbottlesmanufacturer.com\/wp-content\/uploads\/2018\/02\/heise-1-300x120.png 300w, https:\/\/glassbottlesmanufacturer.com\/wp-content\/uploads\/2018\/02\/heise-1-768x308.png 768w, https:\/\/glassbottlesmanufacturer.com\/wp-content\/uploads\/2018\/02\/heise-1-1024x411.png 1024w\" sizes=\"auto, (max-width: 1776px) 100vw, 1776px\" \/><figcaption id=\"caption-attachment-4365\" class=\"wp-caption-text\">Garrafa de vidro em formato de boneco de neve - HIKING GLASS<\/figcaption><\/figure>\n<p><!--more--><\/p>\n<h4>DICAS de garrafa de vidro com formato de boneco de neve no atacado<\/h4>\n<p>Os principais pontos da inspe\u00e7\u00e3o de garrafas de vidro.<\/p>\n<p>Terceiro, a inspe\u00e7\u00e3o da produ\u00e7\u00e3o<\/p>\n<p>1. Sem trocar o molde, a cada 15 minutos, cada molde seleciona 10 unidades para testar o volume e o peso e, enquanto isso, \u00e9 necess\u00e1rio detectar o di\u00e2metro interno e externo da boca, pois a boca \u00e9 f\u00e1cil de manchar com \u00f3leo, o que faz com que a tampa n\u00e3o vede adequadamente e causa vazamento de l\u00edquido.<\/p>\n<p>2. Durante a produ\u00e7\u00e3o, os moldes podem ser substitu\u00eddos por novos moldes. Portanto, depois de trocar os moldes, o departamento de produ\u00e7\u00e3o deve notificar imediatamente o escrit\u00f3rio de garantia de qualidade. O assistente de qualidade deve fazer uma inspe\u00e7\u00e3o rigorosa nas primeiras garrafas feitas com novos moldes e na inspe\u00e7\u00e3o da produ\u00e7\u00e3o, para evitar problemas de qualidade causados por inspe\u00e7\u00f5es perdidas devido \u00e0 inspe\u00e7\u00e3o de qualidade ap\u00f3s a troca de moldes.<\/p>\n<p><!--StartFragment --><\/p>\n<h4>Deixe sua mensagem para receber uma resposta r\u00e1pida sobre a garrafa de vidro com formato de boneco de neve<\/h4>\n\n<div class=\"wpcf7 no-js\" id=\"wpcf7-f19-o1\" lang=\"en-US\" dir=\"ltr\" data-wpcf7-id=\"19\">\n<div class=\"screen-reader-response\"><p role=\"status\" aria-live=\"polite\" aria-atomic=\"true\"><\/p> <ul><\/ul><\/div>\n<form action=\"\/pt\/wp-json\/wp\/v2\/product\/6899#wpcf7-f19-o1\" method=\"post\" class=\"wpcf7-form init\" aria-label=\"Contact form\" novalidate=\"novalidate\" data-status=\"init\" data-trp-original-action=\"\/pt\/wp-json\/wp\/v2\/product\/6899#wpcf7-f19-o1\">\n<fieldset class=\"hidden-fields-container\"><input type=\"hidden\" name=\"_wpcf7\" value=\"19\" \/><input type=\"hidden\" name=\"_wpcf7_version\" value=\"6.1.5\" \/><input type=\"hidden\" name=\"_wpcf7_locale\" value=\"en_US\" \/><input type=\"hidden\" name=\"_wpcf7_unit_tag\" value=\"wpcf7-f19-o1\" \/><input type=\"hidden\" name=\"_wpcf7_container_post\" value=\"0\" \/><input type=\"hidden\" name=\"_wpcf7_posted_data_hash\" value=\"\" \/><input type=\"hidden\" name=\"_wpcf7dtx_version\" value=\"5.0.5\" \/>\n<\/fieldset>\n<p hidden><span class=\"wpcf7-form-control-wrap dynamictext-312\" data-name=\"dynamictext-312\"><input type=\"text\" name=\"dynamictext-312\" class=\"wpcf7-form-control wpcf7-text wpcf7dtx wpcf7dtx-text\" aria-invalid=\"false\" value=\"300ml Wholesale Snowman Shape Unique Glass Bottle\"><\/span>\n<\/p>\n<p><span class=\"wpcf7-form-control-wrap\" data-name=\"your-name\"><input size=\"40\" maxlength=\"400\" class=\"wpcf7-form-control wpcf7-text wpcf7-validates-as-required\" aria-required=\"true\" aria-invalid=\"false\" placeholder=\"Seu nome\" value=\"\" type=\"text\" name=\"your-name\" \/><\/span>\n<\/p>\n<p><span class=\"wpcf7-form-control-wrap\" data-name=\"your-email\"><input size=\"40\" maxlength=\"400\" class=\"wpcf7-form-control wpcf7-email wpcf7-validates-as-required wpcf7-text wpcf7-validates-as-email\" aria-required=\"true\" aria-invalid=\"false\" placeholder=\"Seu e-mail\" value=\"\" type=\"email\" name=\"your-email\" \/><\/span>\n<\/p>\n<p><span class=\"wpcf7-form-control-wrap\" data-name=\"your-subject\"><input size=\"40\" maxlength=\"400\" class=\"wpcf7-form-control wpcf7-text wpcf7-validates-as-required\" aria-required=\"true\" aria-invalid=\"false\" placeholder=\"Assunto da mensagem\" value=\"\" type=\"text\" name=\"your-subject\" \/><\/span>\n<\/p>\n<p><span class=\"wpcf7-form-control-wrap\" data-name=\"your-message\"><textarea cols=\"40\" rows=\"10\" maxlength=\"2000\" class=\"wpcf7-form-control wpcf7-textarea\" aria-invalid=\"false\" placeholder=\"Digite sua mensagem aqui...\" name=\"your-message\"><\/textarea><\/span>\n<\/p>\n<div style=\"display:none\">\n\t<p><span class=\"wpcf7-form-control-wrap form-url\" data-name=\"form-url\"><input type=\"text\" name=\"form-url\" class=\"wpcf7-form-control wpcf7-text wpcf7dtx wpcf7dtx-text\" aria-invalid=\"false\" value=\"https:\/\/glassbottlesmanufacturer.com\/pt\/pt\/wp-json\/wp\/v2\/product\/6899\"><\/span>\n\t<\/p>\n<\/div>\n<div style=\"margin-bottom:10px;\">\n\t<p><span class=\"wpcf7-form-control-wrap kc_captcha\" data-name=\"kc_captcha\"><span class=\"wpcf7-form-control wpcf7-radio\"><span class=\"captcha-image\" ><span class=\"cf7ic_instructions\">Please prove you are human by selecting the<span> heart<\/span>.<\/span><label><input aria-label=\"1\" type=\"radio\" name=\"kc_captcha\" value=\"kc_human\" \/><svg aria-hidden=\"true\" role=\"img\" xmlns=\"http:\/\/www.w3.org\/2000\/svg\" viewbox=\"0 0 576 512\"><path fill=\"currentColor\" d=\"M415 24c-53 0-103 42-127 65-24-23-74-65-127-65C70 24 16 77 16 166c0 72 67 133 69 135l187 181c9 8 23 8 32 0l187-180c2-3 69-64 69-136 0-89-54-142-145-142z\"\/><\/svg><\/label><label><input aria-label=\"2\" type=\"radio\" name=\"kc_captcha\" value=\"bot\" \/><svg aria-hidden=\"true\" role=\"img\" xmlns=\"http:\/\/www.w3.org\/2000\/svg\" viewbox=\"0 0 512 512\"><path fill=\"currentColor\" d=\"M500 168h-55l-8-21a127 127 0 00-120-83H195a127 127 0 00-120 83l-8 21H12c-8 0-14 8-11 16l8 24a12 12 0 0011 8h29a64 64 0 00-33 56v48c0 16 6 31 16 42v62c0 13 11 24 24 24h48c13 0 24-11 24-24v-40h256v40c0 13 11 24 24 24h48c13 0 24-11 24-24v-62c10-11 16-26 16-42v-48c0-24-13-45-33-56h29a12 12 0 0011-8l8-24c3-8-3-16-11-16zm-365 2c9-25 33-42 60-42h122c27 0 51 17 60 42l15 38H120l15-38zM88 328a32 32 0 010-64c18 0 48 30 48 48s-30 16-48 16zm336 0c-18 0-48 2-48-16s30-48 48-48 32 14 32 32-14 32-32 32z\"\/><\/svg><\/label><label><input aria-label=\"3\" type=\"radio\" name=\"kc_captcha\" value=\"bot\" \/><svg aria-hidden=\"true\" role=\"img\" xmlns=\"http:\/\/www.w3.org\/2000\/svg\" viewbox=\"0 0 640 512\"><path fill=\"currentColor\" d=\"M624 352h-16V244c0-13-5-25-14-34L494 110c-9-9-21-14-34-14h-44V48c0-26-21-48-48-48H48C22 0 0 22 0 48v320c0 27 22 48 48 48h16a96 96 0 00192 0h128a96 96 0 00192 0h48c9 0 16-7 16-16v-32c0-9-7-16-16-16zM160 464a48 48 0 110-96 48 48 0 010 96zm320 0a48 48 0 110-96 48 48 0 010 96zm80-208H416V144h44l100 100v12z\"\/><\/svg><\/label>\r\n    <\/span>\r\n    <span style=\"display:none\">\r\n        <input type=\"text\" name=\"kc_honeypot\">\r\n    <\/span><\/span><\/span>\n\t<\/p>\n<\/div>\n<p><input class=\"wpcf7-form-control wpcf7-submit has-spinner\" type=\"submit\" value=\"Envie sua mensagem\" \/>\n<\/p><p style=\"display: none !important;\" class=\"akismet-fields-container\" data-prefix=\"_wpcf7_ak_\"><label>&#916;<textarea name=\"_wpcf7_ak_hp_textarea\" cols=\"45\" rows=\"8\" maxlength=\"100\"><\/textarea><\/label><input type=\"hidden\" id=\"ak_js_1\" name=\"_wpcf7_ak_js\" value=\"187\"\/><script>document.getElementById( \"ak_js_1\" ).setAttribute( \"value\", ( new Date() ).getTime() );<\/script><\/p><div class=\"wpcf7-response-output\" aria-hidden=\"true\"><\/div>\n<input type=\"hidden\" name=\"trp-form-language\" value=\"pt\"\/><\/form>\n<\/div>","protected":false},"excerpt":{"rendered":"<table id=\"tablepress-255\" class=\"tablepress tablepress-id-255\">\n<thead>\n<tr class=\"row-1\">\n\t<th class=\"column-1\">Nome do produto<\/th><th class=\"column-2\">Garrafa de vidro em formato de boneco de neve<\/th>\n<\/tr>\n<\/thead>\n<tbody class=\"row-striping row-hover\">\n<tr class=\"row-2\">\n\t<td class=\"column-1\">TAMANHO DO FRASCO<\/td><td class=\"column-2\">300 ML<\/td>\n<\/tr>\n<tr class=\"row-3\">\n\t<td class=\"column-1\">MATERIAL<\/td><td class=\"column-2\">VIDRO SUPER FLINT<\/td>\n<\/tr>\n<tr class=\"row-4\">\n\t<td class=\"column-1\">COR<\/td><td class=\"column-2\">LIMPO<\/td>\n<\/tr>\n<tr class=\"row-5\">\n\t<td class=\"column-1\">ACABAMENTO DO PESCO\u00c7O<\/td><td class=\"column-2\">PARAFUSO SUPERIOR<\/td>\n<\/tr>\n<tr class=\"row-6\">\n\t<td class=\"column-1\">FORMATO DO FRASCO<\/td><td class=\"column-2\">Boneco de neve<\/td>\n<\/tr>\n<tr class=\"row-7\">\n\t<td class=\"column-1\">PESO DO FRASCO<\/td><td class=\"column-2\">420G<\/td>\n<\/tr>\n<tr class=\"row-8\">\n\t<td class=\"column-1\">ALTURA DO FRASCO<\/td><td class=\"column-2\">155MM<\/td>\n<\/tr>\n<tr class=\"row-9\">\n\t<td class=\"column-1\">LARGURA DO FRASCO<\/td><td class=\"column-2\">82MM<\/td>\n<\/tr>\n<tr class=\"row-10\">\n\t<td class=\"column-1\">COMPRIMENTO DO FRASCO<\/td><td class=\"column-2\">91,8MM<\/td>\n<\/tr>\n<\/tbody>\n<\/table>\n<!-- #tablepress-255 from cache -->","protected":false},"featured_media":6900,"comment_status":"closed","ping_status":"closed","template":"","meta":[],"product_brand":[],"product_cat":[70,74],"product_tag":[98],"class_list":{"0":"post-6899","1":"product","2":"type-product","3":"status-publish","4":"has-post-thumbnail","6":"product_cat-other-size-glass-bottles","7":"product_cat-unique-glass-bottles","8":"product_tag-300ml-glass-bottle","9":"entry","10":"has-media","12":"first","13":"instock","14":"shipping-taxable","15":"product-type-simple"},"_links":{"self":[{"href":"https:\/\/glassbottlesmanufacturer.com\/pt\/wp-json\/wp\/v2\/product\/6899","targetHints":{"allow":["GET"]}}],"collection":[{"href":"https:\/\/glassbottlesmanufacturer.com\/pt\/wp-json\/wp\/v2\/product"}],"about":[{"href":"https:\/\/glassbottlesmanufacturer.com\/pt\/wp-json\/wp\/v2\/types\/product"}],"replies":[{"embeddable":true,"href":"https:\/\/glassbottlesmanufacturer.com\/pt\/wp-json\/wp\/v2\/comments?post=6899"}],"wp:featuredmedia":[{"embeddable":true,"href":"https:\/\/glassbottlesmanufacturer.com\/pt\/wp-json\/wp\/v2\/media\/6900"}],"wp:attachment":[{"href":"https:\/\/glassbottlesmanufacturer.com\/pt\/wp-json\/wp\/v2\/media?parent=6899"}],"wp:term":[{"taxonomy":"product_brand","embeddable":true,"href":"https:\/\/glassbottlesmanufacturer.com\/pt\/wp-json\/wp\/v2\/product_brand?post=6899"},{"taxonomy":"product_cat","embeddable":true,"href":"https:\/\/glassbottlesmanufacturer.com\/pt\/wp-json\/wp\/v2\/product_cat?post=6899"},{"taxonomy":"product_tag","embeddable":true,"href":"https:\/\/glassbottlesmanufacturer.com\/pt\/wp-json\/wp\/v2\/product_tag?post=6899"}],"curies":[{"name":"wp","href":"https:\/\/api.w.org\/{rel}","templated":true}]}}