{"id":7070,"date":"2024-05-07T00:58:38","date_gmt":"2024-05-07T00:58:38","guid":{"rendered":"https:\/\/glassbottlesmanufacturer.com\/?page_id=7070"},"modified":"2025-02-18T08:31:33","modified_gmt":"2025-02-18T08:31:33","slug":"ozel-hi%cc%87zmetler","status":"publish","type":"page","link":"https:\/\/glassbottlesmanufacturer.com\/tr\/ozel-hi%cc%87zmetler\/","title":{"rendered":"Hizmetler"},"content":{"rendered":"<div class=\"wpb-content-wrapper\"><div class=\"vc_row wpb_row vc_row-fluid vc_custom_1633380719894 vc_row-o-equal-height vc_row-o-content-middle vc_row-flex\"><div class=\"wpb_column vc_column_container vc_col-sm-8\"><div class=\"vc_column-inner\"><div class=\"wpb_wrapper\"><style>.vcex-heading.vcex_69e43aef28fd3{color:#546181;font-size:42px;font-family:system-ui, -apple-system, BlinkMacSystemFont, \"Segoe UI\", Roboto, \"Helvetica Neue\", Arial, \"Noto Sans\", sans-serif, \"Apple Color Emoji\", \"Segoe UI Emoji\", \"Segoe UI Symbol\", \"Noto Color Emoji\";font-weight:800;}<\/style><div class=\"vcex-heading vcex-heading-plain vcex-module wpex-heading wpex-text-2xl vcex_69e43aef28fd3\"><span class=\"vcex-heading-inner wpex-inline-block\">\u0130\u015fletmenize \u00d6zel \u00c7\u00f6z\u00fcmler<\/span><\/div><div class=\"vcex-spacing wpex-w-100 wpex-clear\" style=\"height:25px;\"><\/div>\n\t<div style=\"color:#3f4a67;font-size:16px;\" class=\"wpb_text_column has-custom-color wpex-child-inherit-color wpb_content_element\" >\n\t\t<div class=\"wpb_wrapper\">\n\t\t\t<p>80'den fazla yetenekli profesyonelden olu\u015fan g\u00fc\u00e7l\u00fc bir Ara\u015ft\u0131rma ve Geli\u015ftirme ekibine sahip olarak, malzeme bilimi ve m\u00fchendisli\u011fi alan\u0131nda bir dizi uzmanl\u0131\u011f\u0131 kaps\u0131yoruz. M\u00fc\u015fterilerimizin \u00e7e\u015fitli gereksinimlerini tam olarak kar\u015f\u0131lamak i\u00e7in tasarlanm\u0131\u015f, yaln\u0131zca en \u00f6rnek \u00fcr\u00fcn ve hizmetleri sunma taahh\u00fcd\u00fcm\u00fczden vazge\u00e7miyoruz. Bu adanm\u0131\u015f, entegre yakla\u015f\u0131m sayesinde m\u00fckemmelli\u011fe ula\u015f\u0131yor ve m\u00fc\u015fteri memnuniyetini art\u0131r\u0131yoruz.<\/p>\n\n\t\t<\/div>\n\t<\/div>\n<div class=\"vcex-spacing wpex-w-100 wpex-clear\" style=\"height:40px;\"><\/div><style>.vcex-button.vcex_69e43aef2adc3{background:#01b2a8;padding-block:15px;padding-inline:30px;font-size:16px;font-weight:400;}.vcex-button.vcex_69e43aef2adc3:hover{background:#4eb331!important;}<\/style><a href=\"https:\/\/glassbottlesmanufacturer.com\/tr\/iletisim\/\" class=\"vcex-button theme-button inline vcex_69e43aef2adc3\"><span class=\"vcex-button-inner theme-button-inner wpex-flex wpex-flex-wrap wpex-items-center wpex-justify-center\">Teklif \u0130steyin<span class=\"vcex-button-icon vcex-icon-wrap theme-button-icon-right\"><span aria-hidden=\"true\" class=\"fas fa-angle-double-right\"><\/span><\/span><\/span><\/a> <div class=\"vcex-spacing wpex-w-100 wpex-clear\" style=\"height:45px;\"><\/div><style>.vcex-list_item.vcex_69e43aef2ba0d{color:#3f4a67;font-size:15px;}.vcex-list_item.vcex_69e43aef2ba0d .vcex-list-item-icon-inner{color:#8599cd;font-size:1.2em;}<\/style><div class=\"vcex-list_item vcex-module wpex-m-0 wpex-max-w-100 wpex-mb-15 vcex_69e43aef2ba0d\"><div class=\"vcex-list-item-inner wpex-inline-flex wpex-flex-no-wrap wpex-items-center\"><div class=\"vcex-list-item-icon wpex-mr-10\"><div class=\"vcex-list-item-icon-inner vcex-icon-wrap wpex-inline-flex wpex-justify-center wpex-items-center wpex-leading-none wpex-child-inherit-color\"><span class=\"wpex-icon--w far fa-check-circle\" aria-hidden=\"true\"><\/span><\/div><\/div><div class=\"vcex-list-item-text vcex-content wpex-flex-grow\">5 y\u0131ld\u0131zl\u0131 m\u00fc\u015fteri de\u011ferlendirmesi<\/div><\/div><\/div><style>.vcex-list_item.vcex_69e43aef2c2da{color:#3f4a67;font-size:15px;}.vcex-list_item.vcex_69e43aef2c2da .vcex-list-item-icon-inner{color:#8599cd;font-size:1.2em;}<\/style><div class=\"vcex-list_item vcex-module wpex-m-0 wpex-max-w-100 wpex-mb-15 vcex_69e43aef2c2da\"><div class=\"vcex-list-item-inner wpex-inline-flex wpex-flex-no-wrap wpex-items-center\"><div class=\"vcex-list-item-icon wpex-mr-10\"><div class=\"vcex-list-item-icon-inner vcex-icon-wrap wpex-inline-flex wpex-justify-center wpex-items-center wpex-leading-none wpex-child-inherit-color\"><span class=\"wpex-icon--w far fa-check-circle\" aria-hidden=\"true\"><\/span><\/div><\/div><div class=\"vcex-list-item-text vcex-content wpex-flex-grow\">Hafta i\u00e7i 24 saat m\u00fcsaitlik<\/div><\/div><\/div><style>.vcex-list_item.vcex_69e43aef2cba6{color:#3f4a67;font-size:15px;}.vcex-list_item.vcex_69e43aef2cba6 .vcex-list-item-icon-inner{color:#8599cd;font-size:1.2em;}<\/style><div class=\"vcex-list_item vcex-module wpex-m-0 wpex-max-w-100 wpex-mb-15 vcex_69e43aef2cba6\"><div class=\"vcex-list-item-inner wpex-inline-flex wpex-flex-no-wrap wpex-items-center\"><div class=\"vcex-list-item-icon wpex-mr-10\"><div class=\"vcex-list-item-icon-inner vcex-icon-wrap wpex-inline-flex wpex-justify-center wpex-items-center wpex-leading-none wpex-child-inherit-color\"><span class=\"wpex-icon--w far fa-check-circle\" aria-hidden=\"true\"><\/span><\/div><\/div><div class=\"vcex-list-item-text vcex-content wpex-flex-grow\">100% memnuniyet garantisi<\/div><\/div><\/div><\/div><\/div><\/div><div class=\"wpb_column vc_column_container vc_col-sm-4\"><div class=\"vc_column-inner\"><div class=\"wpb_wrapper\"><figure class=\"vcex-image vcex-module wpex-text-center\"><div class=\"vcex-image-inner wpex-relative wpex-inline-block\"><img width=\"2560\" height=\"2560\" src=\"https:\/\/glassbottlesmanufacturer.com\/wp-content\/uploads\/2024\/05\/IMG_26291-scaled.webp\" class=\"vcex-image-img wpex-align-middle\" alt=\"\" loading=\"lazy\" decoding=\"async\" srcset=\"https:\/\/glassbottlesmanufacturer.com\/wp-content\/uploads\/2024\/05\/IMG_26291-scaled.webp 2560w, https:\/\/glassbottlesmanufacturer.com\/wp-content\/uploads\/2024\/05\/IMG_26291-300x300.webp 300w, https:\/\/glassbottlesmanufacturer.com\/wp-content\/uploads\/2024\/05\/IMG_26291-1024x1024.webp 1024w, https:\/\/glassbottlesmanufacturer.com\/wp-content\/uploads\/2024\/05\/IMG_26291-scaled-150x150.webp 150w, https:\/\/glassbottlesmanufacturer.com\/wp-content\/uploads\/2024\/05\/IMG_26291-768x768.webp 768w, https:\/\/glassbottlesmanufacturer.com\/wp-content\/uploads\/2024\/05\/IMG_26291-1536x1536.webp 1536w, https:\/\/glassbottlesmanufacturer.com\/wp-content\/uploads\/2024\/05\/IMG_26291-2048x2048.webp 2048w, https:\/\/glassbottlesmanufacturer.com\/wp-content\/uploads\/2024\/05\/IMG_26291-600x600.webp 600w, https:\/\/glassbottlesmanufacturer.com\/wp-content\/uploads\/2024\/05\/IMG_26291-100x100.webp 100w\" sizes=\"auto, (max-width: 2560px) 100vw, 2560px\" \/><\/div><\/figure><\/div><\/div><\/div><\/div><div class=\"vc_row wpb_row vc_row-fluid vc_custom_1715587426345 wpex-vc_row-has-fill no-bottom-margins wpex-vc-reset-negative-margin\"><div class=\"wpb_column vc_column_container vc_col-sm-12\"><div class=\"vc_column-inner\"><div class=\"wpb_wrapper\"><style>.vcex-heading.vcex_69e43aef2e8ae{color:#4c4c4c;font-size:40px;font-family:system-ui, -apple-system, BlinkMacSystemFont, \"Segoe UI\", Roboto, \"Helvetica Neue\", Arial, \"Noto Sans\", sans-serif, \"Apple Color Emoji\", \"Segoe UI Emoji\", \"Segoe UI Symbol\", \"Noto Color Emoji\";font-weight:800;}<\/style><div class=\"vcex-heading vcex-heading-plain vcex-module wpex-heading wpex-text-2xl wpex-text-center vcex_69e43aef2e8ae\"><span class=\"vcex-heading-inner wpex-inline-block\">Hizmetlerimiz &amp; \u00d6zelliklerimiz<\/span><\/div><div class=\"vcex-spacing wpex-w-100 wpex-clear\" style=\"height:20px;\"><\/div>\n\t<div style=\"text-align:center;width:1100px;\" class=\"wpb_text_column wpex-max-w-100 wpex-mx-auto wpb_content_element\" >\n\t\t<div class=\"wpb_wrapper\">\n\t\t\t<p><a href=\"https:\/\/glassbottlesmanufacturer.com\/tr\/iletisim\/\" target=\"_blank\" rel=\"noopener\"><span class=\"wpex-text-lg\">Tam Kapsaml\u0131 Destek Konseptten teslimata kadar tam hizmet \u00e7\u00f6z\u00fcmleri sunuyoruz. Uzmanlar\u0131m\u0131z tasar\u0131m, prototip olu\u015fturma, \u00fcretim ve lojistik konular\u0131nda size rehberlik edecektir. Rakipsiz bir \u015fi\u015feleme deneyimine do\u011fru yolculu\u011funuza ba\u015flamak i\u00e7in bizimle ileti\u015fime ge\u00e7in.<\/span><\/a><\/p>\n\n\t\t<\/div>\n\t<\/div>\n<\/div><\/div><\/div><\/div><div class=\"vc_row wpb_row vc_row-fluid vc_custom_1715587453164 wpex-vc_row-has-fill wpex-vc-reset-negative-margin\"><div class=\"wpb_column vc_column_container vc_col-sm-12\"><div class=\"vc_column-inner\"><div class=\"wpb_wrapper\"><div class=\"vcex-spacing wpex-w-100 wpex-clear\" style=\"height:50px;\"><\/div><style>.vcex-heading.vcex_69e43aef2fa4e{color:#4c4c4c;font-size:30px;font-family:system-ui, -apple-system, BlinkMacSystemFont, \"Segoe UI\", Roboto, \"Helvetica Neue\", Arial, \"Noto Sans\", sans-serif, \"Apple Color Emoji\", \"Segoe UI Emoji\", \"Segoe UI Symbol\", \"Noto Color Emoji\";font-weight:800;}.vcex-heading.vcex_69e43aef2fa4e:hover{color:#01b2a8;}<\/style><div class=\"vcex-heading vcex-heading-plain vcex-module wpex-heading wpex-text-2xl wpex-text-center vcex_69e43aef2fa4e\"><span class=\"vcex-heading-inner wpex-inline-block\">Ambalaj Tasar\u0131m\u0131<\/span><\/div><figure class=\"vcex-image vcex-module wpex-text-center\"><div class=\"vcex-image-inner wpex-relative wpex-inline-block hvr hvr-shadow vc_custom_1739867487430\"><a href=\"https:\/\/glassbottlesmanufacturer.com\/tr\/hakkimizda\/\"><img width=\"1422\" height=\"774\" src=\"https:\/\/glassbottlesmanufacturer.com\/wp-content\/uploads\/2024\/05\/design.webp\" class=\"vcex-image-img wpex-align-middle\" alt=\"\" loading=\"lazy\" decoding=\"async\" srcset=\"https:\/\/glassbottlesmanufacturer.com\/wp-content\/uploads\/2024\/05\/design.webp 1422w, https:\/\/glassbottlesmanufacturer.com\/wp-content\/uploads\/2024\/05\/design-300x163.webp 300w, https:\/\/glassbottlesmanufacturer.com\/wp-content\/uploads\/2024\/05\/design-1024x557.webp 1024w, https:\/\/glassbottlesmanufacturer.com\/wp-content\/uploads\/2024\/05\/design-768x418.webp 768w, https:\/\/glassbottlesmanufacturer.com\/wp-content\/uploads\/2024\/05\/design-600x327.webp 600w\" sizes=\"auto, (max-width: 1422px) 100vw, 1422px\" \/><\/a><\/div><\/figure><style>.vcex-teaser.vcex_69e43aef30f69 .vcex-teaser-heading{font-size:2em;font-family:system-ui, -apple-system, BlinkMacSystemFont, \"Segoe UI\", Roboto, \"Helvetica Neue\", Arial, \"Noto Sans\", sans-serif, \"Apple Color Emoji\", \"Segoe UI Emoji\", \"Segoe UI Symbol\", \"Noto Color Emoji\";color:#4c4c4c;font-weight:800;}<\/style><div class=\"vcex-module vcex-teaser wpex-flex wpex-flex-col wpex-shadow-lg wpex-text-center vc_custom_1717569582447 vcex_69e43aef30f69\"><div class=\"vcex-teaser-content wpex-p-20\"><div class=\"vcex-teaser-text wpex-mt-10 wpex-last-mb-0 wpex-clr\"><p><span class=\"wpex-text-xl\">\u00a0 \u00a0 Tasar\u0131mlar\u0131 ger\u00e7ek \u00fcr\u00fcnlere d\u00f6n\u00fc\u015ft\u00fcr\u00fcyor, test ediyor ve de\u011ferlendiriyoruz. 3D bask\u0131 numunelerini \u00e7izimlere g\u00f6re yap\u0131yoruz. Son olarak \u00e7izimlere g\u00f6re kal\u0131plar ve cam \u015fi\u015fe numuneleri yap\u0131yoruz.<\/span><\/p>\n<p>&nbsp;<\/p>\n<p><a class=\"theme-button\" href=\"https:\/\/glassbottlesmanufacturer.com\/tr\/iletisim\/\">Daha Fazla Bilgi<\/a><\/p>\n<\/div><\/div><\/div><div class=\"vcex-spacing wpex-w-100 wpex-clear\" style=\"height:50px;\"><\/div><\/div><\/div><\/div><\/div><div class=\"vc_row wpb_row vc_row-fluid\"><div class=\"wpb_column vc_column_container vc_col-sm-3\"><div class=\"vc_column-inner\"><div class=\"wpb_wrapper\"><div class=\"vcex-spacing wpex-w-100 wpex-clear\" style=\"height:50px;\"><\/div>\n\t<div class=\"wpb_video_widget wpb_content_element vc_clearfix   vc_video-aspect-ratio-169 vc_video-el-width-100 vc_video-align-left\" >\n\t\t<div class=\"wpb_wrapper\">\n\t\t\t\n\t\t\t<div class=\"wpb_video_wrapper\"><span class=\"wpex-responsive-media\"><iframe title=\"zeytinya\u011f\u0131 cam \u015fi\u015fe-konteyner ambalaj-y\u00fcr\u00fcy\u00fc\u015f cam\u0131-ambalaj\" width=\"500\" height=\"281\" src=\"https:\/\/www.youtube.com\/embed\/mWntl5rZFoA?feature=oembed\"  allow=\"accelerometer; autoplay; clipboard-write; encrypted-media; gyroscope; picture-in-picture; web-share\" referrerpolicy=\"strict-origin-when-cross-origin\" allowfullscreen><\/iframe><\/span><\/div>\n\t\t<\/div>\n\t<\/div>\n<\/div><\/div><\/div><div class=\"wpb_column vc_column_container vc_col-sm-3\"><div class=\"vc_column-inner\"><div class=\"wpb_wrapper\"><div class=\"vcex-spacing wpex-w-100 wpex-clear\" style=\"height:50px;\"><\/div>\n\t<div class=\"wpb_video_widget wpb_content_element vc_clearfix   vc_video-aspect-ratio-169 vc_video-el-width-100 vc_video-align-left\" >\n\t\t<div class=\"wpb_wrapper\">\n\t\t\t\n\t\t\t<div class=\"wpb_video_wrapper\"><span class=\"wpex-responsive-media\"><iframe title=\"cin cam \u015fi\u015fe-lik\u00f6r ambalaj\u0131-cin ambalaj\u0131-y\u00fcr\u00fcy\u00fc\u015f cam\u0131-ambalaj\" width=\"500\" height=\"281\" src=\"https:\/\/www.youtube.com\/embed\/nDcTHpRsKxU?feature=oembed\"  allow=\"accelerometer; autoplay; clipboard-write; encrypted-media; gyroscope; picture-in-picture; web-share\" referrerpolicy=\"strict-origin-when-cross-origin\" allowfullscreen><\/iframe><\/span><\/div>\n\t\t<\/div>\n\t<\/div>\n<\/div><\/div><\/div><div class=\"wpb_column vc_column_container vc_col-sm-3\"><div class=\"vc_column-inner\"><div class=\"wpb_wrapper\"><div class=\"vcex-spacing wpex-w-100 wpex-clear\" style=\"height:50px;\"><\/div>\n\t<div class=\"wpb_video_widget wpb_content_element vc_clearfix   vc_video-aspect-ratio-169 vc_video-el-width-100 vc_video-align-left\" >\n\t\t<div class=\"wpb_wrapper\">\n\t\t\t\n\t\t\t<div class=\"wpb_video_wrapper\"><span class=\"wpex-responsive-media\"><iframe title=\"\u00e7ift tarafl\u0131 etiket -ekran bask\u0131 -metal etiket-paketleme\" width=\"500\" height=\"281\" src=\"https:\/\/www.youtube.com\/embed\/-JW9qaDEHW0?feature=oembed\"  allow=\"accelerometer; autoplay; clipboard-write; encrypted-media; gyroscope; picture-in-picture; web-share\" referrerpolicy=\"strict-origin-when-cross-origin\" allowfullscreen><\/iframe><\/span><\/div>\n\t\t<\/div>\n\t<\/div>\n<\/div><\/div><\/div><div class=\"wpb_column vc_column_container vc_col-sm-3\"><div class=\"vc_column-inner\"><div class=\"wpb_wrapper\"><div class=\"vcex-spacing wpex-w-100 wpex-clear\" style=\"height:50px;\"><\/div>\n\t<div class=\"wpb_video_widget wpb_content_element vc_clearfix   vc_video-aspect-ratio-169 vc_video-el-width-100 vc_video-align-left\" >\n\t\t<div class=\"wpb_wrapper\">\n\t\t\t\n\t\t\t<div class=\"wpb_video_wrapper\"><span class=\"wpex-responsive-media\"><iframe title=\"aile votka cam \u015fi\u015fesi - i\u00e7ki ambalaj\u0131 Y\u00fcr\u00fcy\u00fc\u015f Cam\u0131\" width=\"500\" height=\"281\" src=\"https:\/\/www.youtube.com\/embed\/ein-5M_vioc?feature=oembed\"  allow=\"accelerometer; autoplay; clipboard-write; encrypted-media; gyroscope; picture-in-picture; web-share\" referrerpolicy=\"strict-origin-when-cross-origin\" allowfullscreen><\/iframe><\/span><\/div>\n\t\t<\/div>\n\t<\/div>\n<\/div><\/div><\/div><\/div>\n<\/div>","protected":false},"excerpt":{"rendered":"Customized Solutions For Your Business Boasting a robust Research and Development team of over 80 skilled professionals, we span a gamut of specializations within material science and engineering. We are unwavering in our commitment to delivering only the most exemplary products and services, designed precisely to fulfill our clients' diverse requirements. It is through this&hellip;","protected":false},"author":1,"featured_media":0,"parent":0,"menu_order":0,"comment_status":"closed","ping_status":"closed","template":"","meta":{"footnotes":""},"class_list":["post-7070","page","type-page","status-publish","hentry","entry","no-media"],"_links":{"self":[{"href":"https:\/\/glassbottlesmanufacturer.com\/tr\/wp-json\/wp\/v2\/pages\/7070","targetHints":{"allow":["GET"]}}],"collection":[{"href":"https:\/\/glassbottlesmanufacturer.com\/tr\/wp-json\/wp\/v2\/pages"}],"about":[{"href":"https:\/\/glassbottlesmanufacturer.com\/tr\/wp-json\/wp\/v2\/types\/page"}],"author":[{"embeddable":true,"href":"https:\/\/glassbottlesmanufacturer.com\/tr\/wp-json\/wp\/v2\/users\/1"}],"replies":[{"embeddable":true,"href":"https:\/\/glassbottlesmanufacturer.com\/tr\/wp-json\/wp\/v2\/comments?post=7070"}],"version-history":[{"count":19,"href":"https:\/\/glassbottlesmanufacturer.com\/tr\/wp-json\/wp\/v2\/pages\/7070\/revisions"}],"predecessor-version":[{"id":8274,"href":"https:\/\/glassbottlesmanufacturer.com\/tr\/wp-json\/wp\/v2\/pages\/7070\/revisions\/8274"}],"wp:attachment":[{"href":"https:\/\/glassbottlesmanufacturer.com\/tr\/wp-json\/wp\/v2\/media?parent=7070"}],"curies":[{"name":"wp","href":"https:\/\/api.w.org\/{rel}","templated":true}]}}